{"id":134598,"date":"2022-07-13T23:22:59","date_gmt":"2022-07-13T21:22:59","guid":{"rendered":"https:\/\/marktxxl.de\/markt\/produkt\/picard-latthammer-298-mit-magnetischem-nagelhalter-gerauhter-bahn-600g-traditioneller-griff-in-braun-gs-geprueft-zimmermannshammer-dachdeckerhammer-profi-hammer\/"},"modified":"2023-04-11T04:09:20","modified_gmt":"2023-04-11T02:09:20","slug":"picard-latthammer-298-mit-magnetischem-nagelhalter-gerauhter-bahn-600g-traditioneller-griff-in-braun-gs-geprueft-zimmermannshammer-dachdeckerhammer-profi-hammer","status":"publish","type":"product","link":"https:\/\/marktxxl.de\/markt\/produkt\/picard-latthammer-298-mit-magnetischem-nagelhalter-gerauhter-bahn-600g-traditioneller-griff-in-braun-gs-geprueft-zimmermannshammer-dachdeckerhammer-profi-hammer\/","title":{"rendered":"Picard Typ 298 Latthammer, geraute Bahn"},"content":{"rendered":"<p>Dieser klassische Hammer ist durch seinen sorgf\u00e4ltig ausgeformten geschmiedeten Hammerkopf optimal f\u00fcr Zimmerer, Schreiner oder auch Dachdecker geeignet<br \/>\nDer Latthammer ist mit einem magnetischen Nagelhalter ausgestattet. So lassen sich die N\u00e4gel ganz leicht und unkompliziert in jegliches Material schlagen<br \/>\nDer Picard-Hammer besitzt einen traditionellen, braunen 1 Komponenten-Griff. Durch das schwingungsd\u00e4mpfende Material und die ergonomische Form liegt der Hammer gut in der Hand<br \/>\nDer magnetische Kopf des Hammers wurde fein blank geschliffen, ist transparent spritzlackiert und korrosionsgesch\u00fctzt. Durch den PICARD-Spezialstahl ist der Kopf besonders robust<br \/>\nDer Stiel aus Chrom-Molybd\u00e4n-Rohr ist \u00e4u\u00dferst strapazierf\u00e4hig und elastisch. Er ist mit einem geh\u00e4rteten Stahlstift unl\u00f6sbar mit dem Hammer-Kopf verbunden<br \/>\n<div class=\"main-cross-sell\" data-asin=\"B000VD71QW\">\n\n\t<div class=\"WooZone-cross-sell-loader\">\n\t\t<div>\n\t\t\t<div id=\"floatingBarsG\">\n\t\t\t\t<div class=\"blockG\" id=\"rotateG_01\"><\/div>\n\t\t\t\t<div class=\"blockG\" id=\"rotateG_02\"><\/div>\n\t\t\t\t<div class=\"blockG\" id=\"rotateG_03\"><\/div>\n\t\t\t\t<div class=\"blockG\" id=\"rotateG_04\"><\/div>\n\t\t\t\t<div class=\"blockG\" id=\"rotateG_05\"><\/div>\n\t\t\t\t<div class=\"blockG\" id=\"rotateG_06\"><\/div>\n\t\t\t\t<div class=\"blockG\" id=\"rotateG_07\"><\/div>\n\t\t\t\t<div class=\"blockG\" id=\"rotateG_08\"><\/div>\n\t\t\t<\/div>\n\t\t\t<div class=\"WooZone-cross-sell-loader-text\"><\/div>\n\t\t<\/div>\n\t<\/div>\n\n\t\t\n<\/div>\n<div style=\"clear:both;\"><\/div><\/p>\n","protected":false},"excerpt":{"rendered":"<p>Dieser klassische Hammer ist durch seinen sorgf\u00e4ltig ausgeformten geschmiedeten Hammerkopf optimal f\u00fcr Zimmerer, Schreiner oder auch Dachdecker geeignet<br \/>\nDer Latthammer ist mit einem magnetischen Nagelhalter ausgestattet. So lassen sich die N\u00e4gel ganz leicht und unkompliziert in jegliches Material schlagen<br \/>\nDer Picard-Hammer besitzt einen traditionellen, braunen 1 Komponenten-Griff. Durch das schwingungsd\u00e4mpfende Material und die ergonomische Form liegt der Hammer gut in der Hand<\/p>\n","protected":false},"featured_media":134599,"comment_status":"open","ping_status":"closed","template":"","meta":[],"product_brand":[],"product_cat":[1983],"product_tag":[],"class_list":{"0":"post-134598","1":"product","2":"type-product","3":"status-publish","4":"has-post-thumbnail","6":"product_cat-baumarkt","7":"pa_binding-werkzeug","8":"pa_brand-picard","9":"pa_color-latthammer-typ-298","10":"pa_height-7-87-zoll","11":"pa_length-11-81-zoll","12":"pa_manufacturer-picard","13":"pa_model-38029","14":"pa_size-geraute-bahn","15":"pa_weight-1-323-pfund","16":"pa_width-1-18-zoll","18":"first","19":"instock","20":"shipping-taxable","21":"purchasable","22":"product-type-simple","23":"customify-col","24":"product-has-gallery"},"yoast_head":"<!-- This site is optimized with the Yoast SEO plugin v27.4 - https:\/\/yoast.com\/product\/yoast-seo-wordpress\/ -->\n<title>Picard Typ 298 Latthammer, geraute Bahn - Markt-XXL<\/title>\n<meta name=\"description\" content=\"Markt-XXL Picard Typ 298 Latthammer, geraute Bahn\" \/>\n<meta name=\"robots\" content=\"index, follow, max-snippet:-1, max-image-preview:large, max-video-preview:-1\" \/>\n<link rel=\"canonical\" href=\"https:\/\/marktxxl.de\/markt\/produkt\/picard-latthammer-298-mit-magnetischem-nagelhalter-gerauhter-bahn-600g-traditioneller-griff-in-braun-gs-geprueft-zimmermannshammer-dachdeckerhammer-profi-hammer\/\" \/>\n<meta property=\"og:locale\" content=\"de_DE\" \/>\n<meta property=\"og:type\" content=\"article\" \/>\n<meta property=\"og:title\" content=\"Picard Typ 298 Latthammer, geraute Bahn - Markt-XXL\" \/>\n<meta property=\"og:description\" content=\"Markt-XXL Picard Typ 298 Latthammer, geraute Bahn\" \/>\n<meta property=\"og:url\" content=\"https:\/\/marktxxl.de\/markt\/produkt\/picard-latthammer-298-mit-magnetischem-nagelhalter-gerauhter-bahn-600g-traditioneller-griff-in-braun-gs-geprueft-zimmermannshammer-dachdeckerhammer-profi-hammer\/\" \/>\n<meta property=\"og:site_name\" content=\"Markt-XXL\" \/>\n<meta property=\"article:modified_time\" content=\"2023-04-11T02:09:20+00:00\" \/>\n<meta property=\"og:image\" content=\"https:\/\/m.media-amazon.com\/images\/I\/31G7uOxvu1L._SL500_.jpg\" \/>\n\t<meta property=\"og:image:width\" content=\"251\" \/>\n\t<meta property=\"og:image:height\" content=\"500\" \/>\n\t<meta property=\"og:image:type\" content=\"image\/jpeg\" \/>\n<meta name=\"twitter:card\" content=\"summary_large_image\" \/>\n<meta name=\"twitter:label1\" content=\"Gesch\u00e4tzte Lesezeit\" \/>\n\t<meta name=\"twitter:data1\" content=\"1\u00a0Minute\" \/>\n<script type=\"application\/ld+json\" class=\"yoast-schema-graph\">{\"@context\":\"https:\\\/\\\/schema.org\",\"@graph\":[{\"@type\":\"WebPage\",\"@id\":\"https:\\\/\\\/marktxxl.de\\\/markt\\\/produkt\\\/picard-latthammer-298-mit-magnetischem-nagelhalter-gerauhter-bahn-600g-traditioneller-griff-in-braun-gs-geprueft-zimmermannshammer-dachdeckerhammer-profi-hammer\\\/\",\"url\":\"https:\\\/\\\/marktxxl.de\\\/markt\\\/produkt\\\/picard-latthammer-298-mit-magnetischem-nagelhalter-gerauhter-bahn-600g-traditioneller-griff-in-braun-gs-geprueft-zimmermannshammer-dachdeckerhammer-profi-hammer\\\/\",\"name\":\"Picard Typ 298 Latthammer, geraute Bahn - Markt-XXL\",\"isPartOf\":{\"@id\":\"https:\\\/\\\/marktxxl.de\\\/markt\\\/#website\"},\"primaryImageOfPage\":{\"@id\":\"https:\\\/\\\/marktxxl.de\\\/markt\\\/produkt\\\/picard-latthammer-298-mit-magnetischem-nagelhalter-gerauhter-bahn-600g-traditioneller-griff-in-braun-gs-geprueft-zimmermannshammer-dachdeckerhammer-profi-hammer\\\/#primaryimage\"},\"image\":{\"@id\":\"https:\\\/\\\/marktxxl.de\\\/markt\\\/produkt\\\/picard-latthammer-298-mit-magnetischem-nagelhalter-gerauhter-bahn-600g-traditioneller-griff-in-braun-gs-geprueft-zimmermannshammer-dachdeckerhammer-profi-hammer\\\/#primaryimage\"},\"thumbnailUrl\":\"https:\\\/\\\/m.media-amazon.com\\\/images\\\/I\\\/31G7uOxvu1L._SL500_.jpg\",\"datePublished\":\"2022-07-13T21:22:59+00:00\",\"dateModified\":\"2023-04-11T02:09:20+00:00\",\"description\":\"Markt-XXL Picard Typ 298 Latthammer, geraute Bahn\",\"breadcrumb\":{\"@id\":\"https:\\\/\\\/marktxxl.de\\\/markt\\\/produkt\\\/picard-latthammer-298-mit-magnetischem-nagelhalter-gerauhter-bahn-600g-traditioneller-griff-in-braun-gs-geprueft-zimmermannshammer-dachdeckerhammer-profi-hammer\\\/#breadcrumb\"},\"inLanguage\":\"de\",\"potentialAction\":[{\"@type\":\"ReadAction\",\"target\":[\"https:\\\/\\\/marktxxl.de\\\/markt\\\/produkt\\\/picard-latthammer-298-mit-magnetischem-nagelhalter-gerauhter-bahn-600g-traditioneller-griff-in-braun-gs-geprueft-zimmermannshammer-dachdeckerhammer-profi-hammer\\\/\"]}]},{\"@type\":\"ImageObject\",\"inLanguage\":\"de\",\"@id\":\"https:\\\/\\\/marktxxl.de\\\/markt\\\/produkt\\\/picard-latthammer-298-mit-magnetischem-nagelhalter-gerauhter-bahn-600g-traditioneller-griff-in-braun-gs-geprueft-zimmermannshammer-dachdeckerhammer-profi-hammer\\\/#primaryimage\",\"url\":\"https:\\\/\\\/m.media-amazon.com\\\/images\\\/I\\\/31G7uOxvu1L._SL500_.jpg\",\"contentUrl\":\"https:\\\/\\\/m.media-amazon.com\\\/images\\\/I\\\/31G7uOxvu1L._SL500_.jpg\",\"width\":251,\"height\":500},{\"@type\":\"BreadcrumbList\",\"@id\":\"https:\\\/\\\/marktxxl.de\\\/markt\\\/produkt\\\/picard-latthammer-298-mit-magnetischem-nagelhalter-gerauhter-bahn-600g-traditioneller-griff-in-braun-gs-geprueft-zimmermannshammer-dachdeckerhammer-profi-hammer\\\/#breadcrumb\",\"itemListElement\":[{\"@type\":\"ListItem\",\"position\":1,\"name\":\"Startseite\",\"item\":\"https:\\\/\\\/marktxxl.de\\\/markt\\\/\"},{\"@type\":\"ListItem\",\"position\":2,\"name\":\"Markt\",\"item\":\"https:\\\/\\\/marktxxl.de\\\/markt\\\/\"},{\"@type\":\"ListItem\",\"position\":3,\"name\":\"Picard Typ 298 Latthammer, geraute Bahn\"}]},{\"@type\":\"WebSite\",\"@id\":\"https:\\\/\\\/marktxxl.de\\\/markt\\\/#website\",\"url\":\"https:\\\/\\\/marktxxl.de\\\/markt\\\/\",\"name\":\"Markt-XXL\",\"description\":\"Ihr Markt Online\",\"publisher\":{\"@id\":\"https:\\\/\\\/marktxxl.de\\\/markt\\\/#organization\"},\"potentialAction\":[{\"@type\":\"SearchAction\",\"target\":{\"@type\":\"EntryPoint\",\"urlTemplate\":\"https:\\\/\\\/marktxxl.de\\\/markt\\\/?s={search_term_string}\"},\"query-input\":{\"@type\":\"PropertyValueSpecification\",\"valueRequired\":true,\"valueName\":\"search_term_string\"}}],\"inLanguage\":\"de\"},{\"@type\":\"Organization\",\"@id\":\"https:\\\/\\\/marktxxl.de\\\/markt\\\/#organization\",\"name\":\"Markt-XXL\",\"url\":\"https:\\\/\\\/marktxxl.de\\\/markt\\\/\",\"logo\":{\"@type\":\"ImageObject\",\"inLanguage\":\"de\",\"@id\":\"https:\\\/\\\/marktxxl.de\\\/markt\\\/#\\\/schema\\\/logo\\\/image\\\/\",\"url\":\"https:\\\/\\\/marktxxl.de\\\/markt\\\/wp-content\\\/uploads\\\/sites\\\/3\\\/2020\\\/12\\\/logo.png\",\"contentUrl\":\"https:\\\/\\\/marktxxl.de\\\/markt\\\/wp-content\\\/uploads\\\/sites\\\/3\\\/2020\\\/12\\\/logo.png\",\"width\":200,\"height\":70,\"caption\":\"Markt-XXL\"},\"image\":{\"@id\":\"https:\\\/\\\/marktxxl.de\\\/markt\\\/#\\\/schema\\\/logo\\\/image\\\/\"}}]}<\/script>\n<!-- \/ Yoast SEO plugin. -->","yoast_head_json":{"title":"Picard Typ 298 Latthammer, geraute Bahn - Markt-XXL","description":"Markt-XXL Picard Typ 298 Latthammer, geraute Bahn","robots":{"index":"index","follow":"follow","max-snippet":"max-snippet:-1","max-image-preview":"max-image-preview:large","max-video-preview":"max-video-preview:-1"},"canonical":"https:\/\/marktxxl.de\/markt\/produkt\/picard-latthammer-298-mit-magnetischem-nagelhalter-gerauhter-bahn-600g-traditioneller-griff-in-braun-gs-geprueft-zimmermannshammer-dachdeckerhammer-profi-hammer\/","og_locale":"de_DE","og_type":"article","og_title":"Picard Typ 298 Latthammer, geraute Bahn - Markt-XXL","og_description":"Markt-XXL Picard Typ 298 Latthammer, geraute Bahn","og_url":"https:\/\/marktxxl.de\/markt\/produkt\/picard-latthammer-298-mit-magnetischem-nagelhalter-gerauhter-bahn-600g-traditioneller-griff-in-braun-gs-geprueft-zimmermannshammer-dachdeckerhammer-profi-hammer\/","og_site_name":"Markt-XXL","article_modified_time":"2023-04-11T02:09:20+00:00","og_image":[{"width":251,"height":500,"url":"https:\/\/m.media-amazon.com\/images\/I\/31G7uOxvu1L._SL500_.jpg","type":"image\/jpeg"}],"twitter_card":"summary_large_image","twitter_misc":{"Gesch\u00e4tzte Lesezeit":"1\u00a0Minute"},"schema":{"@context":"https:\/\/schema.org","@graph":[{"@type":"WebPage","@id":"https:\/\/marktxxl.de\/markt\/produkt\/picard-latthammer-298-mit-magnetischem-nagelhalter-gerauhter-bahn-600g-traditioneller-griff-in-braun-gs-geprueft-zimmermannshammer-dachdeckerhammer-profi-hammer\/","url":"https:\/\/marktxxl.de\/markt\/produkt\/picard-latthammer-298-mit-magnetischem-nagelhalter-gerauhter-bahn-600g-traditioneller-griff-in-braun-gs-geprueft-zimmermannshammer-dachdeckerhammer-profi-hammer\/","name":"Picard Typ 298 Latthammer, geraute Bahn - Markt-XXL","isPartOf":{"@id":"https:\/\/marktxxl.de\/markt\/#website"},"primaryImageOfPage":{"@id":"https:\/\/marktxxl.de\/markt\/produkt\/picard-latthammer-298-mit-magnetischem-nagelhalter-gerauhter-bahn-600g-traditioneller-griff-in-braun-gs-geprueft-zimmermannshammer-dachdeckerhammer-profi-hammer\/#primaryimage"},"image":{"@id":"https:\/\/marktxxl.de\/markt\/produkt\/picard-latthammer-298-mit-magnetischem-nagelhalter-gerauhter-bahn-600g-traditioneller-griff-in-braun-gs-geprueft-zimmermannshammer-dachdeckerhammer-profi-hammer\/#primaryimage"},"thumbnailUrl":"https:\/\/m.media-amazon.com\/images\/I\/31G7uOxvu1L._SL500_.jpg","datePublished":"2022-07-13T21:22:59+00:00","dateModified":"2023-04-11T02:09:20+00:00","description":"Markt-XXL Picard Typ 298 Latthammer, geraute Bahn","breadcrumb":{"@id":"https:\/\/marktxxl.de\/markt\/produkt\/picard-latthammer-298-mit-magnetischem-nagelhalter-gerauhter-bahn-600g-traditioneller-griff-in-braun-gs-geprueft-zimmermannshammer-dachdeckerhammer-profi-hammer\/#breadcrumb"},"inLanguage":"de","potentialAction":[{"@type":"ReadAction","target":["https:\/\/marktxxl.de\/markt\/produkt\/picard-latthammer-298-mit-magnetischem-nagelhalter-gerauhter-bahn-600g-traditioneller-griff-in-braun-gs-geprueft-zimmermannshammer-dachdeckerhammer-profi-hammer\/"]}]},{"@type":"ImageObject","inLanguage":"de","@id":"https:\/\/marktxxl.de\/markt\/produkt\/picard-latthammer-298-mit-magnetischem-nagelhalter-gerauhter-bahn-600g-traditioneller-griff-in-braun-gs-geprueft-zimmermannshammer-dachdeckerhammer-profi-hammer\/#primaryimage","url":"https:\/\/m.media-amazon.com\/images\/I\/31G7uOxvu1L._SL500_.jpg","contentUrl":"https:\/\/m.media-amazon.com\/images\/I\/31G7uOxvu1L._SL500_.jpg","width":251,"height":500},{"@type":"BreadcrumbList","@id":"https:\/\/marktxxl.de\/markt\/produkt\/picard-latthammer-298-mit-magnetischem-nagelhalter-gerauhter-bahn-600g-traditioneller-griff-in-braun-gs-geprueft-zimmermannshammer-dachdeckerhammer-profi-hammer\/#breadcrumb","itemListElement":[{"@type":"ListItem","position":1,"name":"Startseite","item":"https:\/\/marktxxl.de\/markt\/"},{"@type":"ListItem","position":2,"name":"Markt","item":"https:\/\/marktxxl.de\/markt\/"},{"@type":"ListItem","position":3,"name":"Picard Typ 298 Latthammer, geraute Bahn"}]},{"@type":"WebSite","@id":"https:\/\/marktxxl.de\/markt\/#website","url":"https:\/\/marktxxl.de\/markt\/","name":"Markt-XXL","description":"Ihr Markt Online","publisher":{"@id":"https:\/\/marktxxl.de\/markt\/#organization"},"potentialAction":[{"@type":"SearchAction","target":{"@type":"EntryPoint","urlTemplate":"https:\/\/marktxxl.de\/markt\/?s={search_term_string}"},"query-input":{"@type":"PropertyValueSpecification","valueRequired":true,"valueName":"search_term_string"}}],"inLanguage":"de"},{"@type":"Organization","@id":"https:\/\/marktxxl.de\/markt\/#organization","name":"Markt-XXL","url":"https:\/\/marktxxl.de\/markt\/","logo":{"@type":"ImageObject","inLanguage":"de","@id":"https:\/\/marktxxl.de\/markt\/#\/schema\/logo\/image\/","url":"https:\/\/marktxxl.de\/markt\/wp-content\/uploads\/sites\/3\/2020\/12\/logo.png","contentUrl":"https:\/\/marktxxl.de\/markt\/wp-content\/uploads\/sites\/3\/2020\/12\/logo.png","width":200,"height":70,"caption":"Markt-XXL"},"image":{"@id":"https:\/\/marktxxl.de\/markt\/#\/schema\/logo\/image\/"}}]}},"_links":{"self":[{"href":"https:\/\/marktxxl.de\/markt\/wp-json\/wp\/v2\/product\/134598","targetHints":{"allow":["GET"]}}],"collection":[{"href":"https:\/\/marktxxl.de\/markt\/wp-json\/wp\/v2\/product"}],"about":[{"href":"https:\/\/marktxxl.de\/markt\/wp-json\/wp\/v2\/types\/product"}],"replies":[{"embeddable":true,"href":"https:\/\/marktxxl.de\/markt\/wp-json\/wp\/v2\/comments?post=134598"}],"wp:featuredmedia":[{"embeddable":true,"href":"https:\/\/marktxxl.de\/markt\/wp-json\/wp\/v2\/media\/134599"}],"wp:attachment":[{"href":"https:\/\/marktxxl.de\/markt\/wp-json\/wp\/v2\/media?parent=134598"}],"wp:term":[{"taxonomy":"product_brand","embeddable":true,"href":"https:\/\/marktxxl.de\/markt\/wp-json\/wp\/v2\/product_brand?post=134598"},{"taxonomy":"product_cat","embeddable":true,"href":"https:\/\/marktxxl.de\/markt\/wp-json\/wp\/v2\/product_cat?post=134598"},{"taxonomy":"product_tag","embeddable":true,"href":"https:\/\/marktxxl.de\/markt\/wp-json\/wp\/v2\/product_tag?post=134598"}],"curies":[{"name":"wp","href":"https:\/\/api.w.org\/{rel}","templated":true}]}}