{"id":134549,"date":"2022-07-13T23:22:18","date_gmt":"2022-07-13T21:22:18","guid":{"rendered":"https:\/\/marktxxl.de\/markt\/produkt\/wiha-schraubendreher-set-6-teilig-elektriker-vde-geprueft-isoliert-1-000-v-35389-i-profi-schraubenzieher-set-mit-duenner-spitze-schlitz-kreuzschlitz-i-elektriker-werkzeug\/"},"modified":"2023-04-11T04:09:19","modified_gmt":"2023-04-11T02:09:19","slug":"wiha-schraubendreher-set-6-teilig-elektriker-vde-geprueft-isoliert-1-000-v-35389-i-profi-schraubenzieher-set-mit-duenner-spitze-schlitz-kreuzschlitz-i-elektriker-werkzeug","status":"publish","type":"product","link":"https:\/\/marktxxl.de\/markt\/produkt\/wiha-schraubendreher-set-6-teilig-elektriker-vde-geprueft-isoliert-1-000-v-35389-i-profi-schraubenzieher-set-mit-duenner-spitze-schlitz-kreuzschlitz-i-elektriker-werkzeug\/","title":{"rendered":"Wiha Schraubendreher Set 6-teilig Elektriker VDE gepr\u00fcft, isoliert 1.000 V (35389) I Profi Schraubenzieher Set mit\u2026"},"content":{"rendered":"<p>Durchdacht bis in die Spitze: Tiefliegende Schrauben oder schwer zug\u00e4ngliche Stellen k\u00f6nnen, durch die bis zu 33% schlankere Schraubendreher Klinge m\u00fchelos erreicht werden.<br \/>\nElektriker Werkzeug: Schutzisolierte Klingen und VDE Pr\u00fcfung bieten h\u00f6chste Sicherheit f\u00fcr jede elektrische Anwendungen bis zu 1.000 VAC. (Gepr\u00fcft gem\u00e4\u00df IEC 60900:2012).<br \/>\nIm Handumdrehen: Langes suchen der richtigen Schraubenzieher gelt, dank praktischer Beschriftung der Vergangenheit. Ergonomisches Griff Design und gummiertes Material schaffen m\u00fcheloses und kraftvolles Arbeiten.<br \/>\nAusgew\u00e4hlt mit Fingerspitzengef\u00fchl: Der durchdachte abgeflachte Griff verhindert das Wegrollen der Schraubendreher. Die gummierte Oberfl\u00e4che schafft Griffigkeit und besseren Halt.<br \/>\nEin Set f\u00fcr alle F\u00e4lle: Das umfangreiche 6-tlg. Set, bestehend aus 4x Schlitz, 2x Phillips, ist vielseitig einsetzbar. Vertrauen Sie auf die gewohnte Wiha Premium Qualit\u00e4t.<br \/>\n<div class=\"main-cross-sell\" data-asin=\"B00393RK2G\">\n\n\t<div class=\"WooZone-cross-sell-loader\">\n\t\t<div>\n\t\t\t<div id=\"floatingBarsG\">\n\t\t\t\t<div class=\"blockG\" id=\"rotateG_01\"><\/div>\n\t\t\t\t<div class=\"blockG\" id=\"rotateG_02\"><\/div>\n\t\t\t\t<div class=\"blockG\" id=\"rotateG_03\"><\/div>\n\t\t\t\t<div class=\"blockG\" id=\"rotateG_04\"><\/div>\n\t\t\t\t<div class=\"blockG\" id=\"rotateG_05\"><\/div>\n\t\t\t\t<div class=\"blockG\" id=\"rotateG_06\"><\/div>\n\t\t\t\t<div class=\"blockG\" id=\"rotateG_07\"><\/div>\n\t\t\t\t<div class=\"blockG\" id=\"rotateG_08\"><\/div>\n\t\t\t<\/div>\n\t\t\t<div class=\"WooZone-cross-sell-loader-text\"><\/div>\n\t\t<\/div>\n\t<\/div>\n\n\t\t\n<\/div>\n<div style=\"clear:both;\"><\/div><\/p>\n","protected":false},"excerpt":{"rendered":"<p>Durchdacht bis in die Spitze: Tiefliegende Schrauben oder schwer zug\u00e4ngliche Stellen k\u00f6nnen, durch die bis zu 33% schlankere Schraubendreher Klinge m\u00fchelos erreicht werden.<br \/>\nElektriker Werkzeug: Schutzisolierte Klingen und VDE Pr\u00fcfung bieten h\u00f6chste Sicherheit f\u00fcr jede elektrische Anwendungen bis zu 1.000 VAC. (Gepr\u00fcft gem\u00e4\u00df IEC 60900:2012).<br \/>\nIm Handumdrehen: Langes suchen der richtigen Schraubenzieher gelt, dank praktischer Beschriftung der Vergangenheit. Ergonomisches Griff Design und gummiertes Material schaffen m\u00fcheloses und kraftvolles Arbeiten.<\/p>\n","protected":false},"featured_media":134550,"comment_status":"open","ping_status":"closed","template":"","meta":[],"product_brand":[],"product_cat":[1983],"product_tag":[],"class_list":{"0":"post-134549","1":"product","2":"type-product","3":"status-publish","4":"has-post-thumbnail","6":"product_cat-baumarkt","7":"pa_binding-werkzeug","8":"pa_brand-wiha","9":"pa_height-0-393700787-zoll","10":"pa_languages-handbuch-englisch-unbekannt-englisch","11":"pa_length-0-393700787-zoll","12":"pa_manufacturer-wiha-werkzeuge-gmbh","13":"pa_model-wha-35389","14":"pa_size-schlitz-ph-slim","15":"pa_warranty-2-year-manufacturer","16":"pa_weight-1-21033781838-pfund","17":"pa_width-0-393700787-zoll","19":"first","20":"instock","21":"shipping-taxable","22":"purchasable","23":"product-type-simple","24":"customify-col","25":"product-has-gallery"},"yoast_head":"<!-- This site is optimized with the Yoast SEO plugin v27.4 - https:\/\/yoast.com\/product\/yoast-seo-wordpress\/ -->\n<title>Wiha Schraubendreher Set 6-teilig Elektriker VDE gepr\u00fcft, isoliert 1.000 V (35389) I Profi Schraubenzieher Set mit\u2026 - Markt-XXL<\/title>\n<meta name=\"description\" content=\"Markt-XXL Wiha Schraubendreher Set 6-teilig Elektriker VDE gepr\u00fcft, isoliert 1.000 V (35389) I Profi Schraubenzieher Set mit\u2026\" \/>\n<meta name=\"robots\" content=\"index, follow, max-snippet:-1, max-image-preview:large, max-video-preview:-1\" \/>\n<link rel=\"canonical\" href=\"https:\/\/marktxxl.de\/markt\/produkt\/wiha-schraubendreher-set-6-teilig-elektriker-vde-geprueft-isoliert-1-000-v-35389-i-profi-schraubenzieher-set-mit-duenner-spitze-schlitz-kreuzschlitz-i-elektriker-werkzeug\/\" \/>\n<meta property=\"og:locale\" content=\"de_DE\" \/>\n<meta property=\"og:type\" content=\"article\" \/>\n<meta property=\"og:title\" content=\"Wiha Schraubendreher Set 6-teilig Elektriker VDE gepr\u00fcft, isoliert 1.000 V (35389) I Profi Schraubenzieher Set mit\u2026 - Markt-XXL\" \/>\n<meta property=\"og:description\" content=\"Markt-XXL Wiha Schraubendreher Set 6-teilig Elektriker VDE gepr\u00fcft, isoliert 1.000 V (35389) I Profi Schraubenzieher Set mit\u2026\" \/>\n<meta property=\"og:url\" content=\"https:\/\/marktxxl.de\/markt\/produkt\/wiha-schraubendreher-set-6-teilig-elektriker-vde-geprueft-isoliert-1-000-v-35389-i-profi-schraubenzieher-set-mit-duenner-spitze-schlitz-kreuzschlitz-i-elektriker-werkzeug\/\" \/>\n<meta property=\"og:site_name\" content=\"Markt-XXL\" \/>\n<meta property=\"article:modified_time\" content=\"2023-04-11T02:09:19+00:00\" \/>\n<meta property=\"og:image\" content=\"https:\/\/m.media-amazon.com\/images\/I\/41YSn+y0TUL._SL500_.jpg\" \/>\n\t<meta property=\"og:image:width\" content=\"500\" \/>\n\t<meta property=\"og:image:height\" content=\"500\" \/>\n\t<meta property=\"og:image:type\" content=\"image\/jpeg\" \/>\n<meta name=\"twitter:card\" content=\"summary_large_image\" \/>\n<meta name=\"twitter:label1\" content=\"Gesch\u00e4tzte Lesezeit\" \/>\n\t<meta name=\"twitter:data1\" content=\"1\u00a0Minute\" \/>\n<script type=\"application\/ld+json\" class=\"yoast-schema-graph\">{\"@context\":\"https:\\\/\\\/schema.org\",\"@graph\":[{\"@type\":\"WebPage\",\"@id\":\"https:\\\/\\\/marktxxl.de\\\/markt\\\/produkt\\\/wiha-schraubendreher-set-6-teilig-elektriker-vde-geprueft-isoliert-1-000-v-35389-i-profi-schraubenzieher-set-mit-duenner-spitze-schlitz-kreuzschlitz-i-elektriker-werkzeug\\\/\",\"url\":\"https:\\\/\\\/marktxxl.de\\\/markt\\\/produkt\\\/wiha-schraubendreher-set-6-teilig-elektriker-vde-geprueft-isoliert-1-000-v-35389-i-profi-schraubenzieher-set-mit-duenner-spitze-schlitz-kreuzschlitz-i-elektriker-werkzeug\\\/\",\"name\":\"Wiha Schraubendreher Set 6-teilig Elektriker VDE gepr\u00fcft, isoliert 1.000 V (35389) I Profi Schraubenzieher Set mit\u2026 - Markt-XXL\",\"isPartOf\":{\"@id\":\"https:\\\/\\\/marktxxl.de\\\/markt\\\/#website\"},\"primaryImageOfPage\":{\"@id\":\"https:\\\/\\\/marktxxl.de\\\/markt\\\/produkt\\\/wiha-schraubendreher-set-6-teilig-elektriker-vde-geprueft-isoliert-1-000-v-35389-i-profi-schraubenzieher-set-mit-duenner-spitze-schlitz-kreuzschlitz-i-elektriker-werkzeug\\\/#primaryimage\"},\"image\":{\"@id\":\"https:\\\/\\\/marktxxl.de\\\/markt\\\/produkt\\\/wiha-schraubendreher-set-6-teilig-elektriker-vde-geprueft-isoliert-1-000-v-35389-i-profi-schraubenzieher-set-mit-duenner-spitze-schlitz-kreuzschlitz-i-elektriker-werkzeug\\\/#primaryimage\"},\"thumbnailUrl\":\"https:\\\/\\\/m.media-amazon.com\\\/images\\\/I\\\/41YSn+y0TUL._SL500_.jpg\",\"datePublished\":\"2022-07-13T21:22:18+00:00\",\"dateModified\":\"2023-04-11T02:09:19+00:00\",\"description\":\"Markt-XXL Wiha Schraubendreher Set 6-teilig Elektriker VDE gepr\u00fcft, isoliert 1.000 V (35389) I Profi Schraubenzieher Set mit\u2026\",\"breadcrumb\":{\"@id\":\"https:\\\/\\\/marktxxl.de\\\/markt\\\/produkt\\\/wiha-schraubendreher-set-6-teilig-elektriker-vde-geprueft-isoliert-1-000-v-35389-i-profi-schraubenzieher-set-mit-duenner-spitze-schlitz-kreuzschlitz-i-elektriker-werkzeug\\\/#breadcrumb\"},\"inLanguage\":\"de\",\"potentialAction\":[{\"@type\":\"ReadAction\",\"target\":[\"https:\\\/\\\/marktxxl.de\\\/markt\\\/produkt\\\/wiha-schraubendreher-set-6-teilig-elektriker-vde-geprueft-isoliert-1-000-v-35389-i-profi-schraubenzieher-set-mit-duenner-spitze-schlitz-kreuzschlitz-i-elektriker-werkzeug\\\/\"]}]},{\"@type\":\"ImageObject\",\"inLanguage\":\"de\",\"@id\":\"https:\\\/\\\/marktxxl.de\\\/markt\\\/produkt\\\/wiha-schraubendreher-set-6-teilig-elektriker-vde-geprueft-isoliert-1-000-v-35389-i-profi-schraubenzieher-set-mit-duenner-spitze-schlitz-kreuzschlitz-i-elektriker-werkzeug\\\/#primaryimage\",\"url\":\"https:\\\/\\\/m.media-amazon.com\\\/images\\\/I\\\/41YSn+y0TUL._SL500_.jpg\",\"contentUrl\":\"https:\\\/\\\/m.media-amazon.com\\\/images\\\/I\\\/41YSn+y0TUL._SL500_.jpg\",\"width\":500,\"height\":500},{\"@type\":\"BreadcrumbList\",\"@id\":\"https:\\\/\\\/marktxxl.de\\\/markt\\\/produkt\\\/wiha-schraubendreher-set-6-teilig-elektriker-vde-geprueft-isoliert-1-000-v-35389-i-profi-schraubenzieher-set-mit-duenner-spitze-schlitz-kreuzschlitz-i-elektriker-werkzeug\\\/#breadcrumb\",\"itemListElement\":[{\"@type\":\"ListItem\",\"position\":1,\"name\":\"Startseite\",\"item\":\"https:\\\/\\\/marktxxl.de\\\/markt\\\/\"},{\"@type\":\"ListItem\",\"position\":2,\"name\":\"Markt\",\"item\":\"https:\\\/\\\/marktxxl.de\\\/markt\\\/\"},{\"@type\":\"ListItem\",\"position\":3,\"name\":\"Wiha Schraubendreher Set 6-teilig Elektriker VDE gepr\u00fcft, isoliert 1.000 V (35389) I Profi Schraubenzieher Set mit\u2026\"}]},{\"@type\":\"WebSite\",\"@id\":\"https:\\\/\\\/marktxxl.de\\\/markt\\\/#website\",\"url\":\"https:\\\/\\\/marktxxl.de\\\/markt\\\/\",\"name\":\"Markt-XXL\",\"description\":\"Ihr Markt Online\",\"publisher\":{\"@id\":\"https:\\\/\\\/marktxxl.de\\\/markt\\\/#organization\"},\"potentialAction\":[{\"@type\":\"SearchAction\",\"target\":{\"@type\":\"EntryPoint\",\"urlTemplate\":\"https:\\\/\\\/marktxxl.de\\\/markt\\\/?s={search_term_string}\"},\"query-input\":{\"@type\":\"PropertyValueSpecification\",\"valueRequired\":true,\"valueName\":\"search_term_string\"}}],\"inLanguage\":\"de\"},{\"@type\":\"Organization\",\"@id\":\"https:\\\/\\\/marktxxl.de\\\/markt\\\/#organization\",\"name\":\"Markt-XXL\",\"url\":\"https:\\\/\\\/marktxxl.de\\\/markt\\\/\",\"logo\":{\"@type\":\"ImageObject\",\"inLanguage\":\"de\",\"@id\":\"https:\\\/\\\/marktxxl.de\\\/markt\\\/#\\\/schema\\\/logo\\\/image\\\/\",\"url\":\"https:\\\/\\\/marktxxl.de\\\/markt\\\/wp-content\\\/uploads\\\/sites\\\/3\\\/2020\\\/12\\\/logo.png\",\"contentUrl\":\"https:\\\/\\\/marktxxl.de\\\/markt\\\/wp-content\\\/uploads\\\/sites\\\/3\\\/2020\\\/12\\\/logo.png\",\"width\":200,\"height\":70,\"caption\":\"Markt-XXL\"},\"image\":{\"@id\":\"https:\\\/\\\/marktxxl.de\\\/markt\\\/#\\\/schema\\\/logo\\\/image\\\/\"}}]}<\/script>\n<!-- \/ Yoast SEO plugin. -->","yoast_head_json":{"title":"Wiha Schraubendreher Set 6-teilig Elektriker VDE gepr\u00fcft, isoliert 1.000 V (35389) I Profi Schraubenzieher Set mit\u2026 - Markt-XXL","description":"Markt-XXL Wiha Schraubendreher Set 6-teilig Elektriker VDE gepr\u00fcft, isoliert 1.000 V (35389) I Profi Schraubenzieher Set mit\u2026","robots":{"index":"index","follow":"follow","max-snippet":"max-snippet:-1","max-image-preview":"max-image-preview:large","max-video-preview":"max-video-preview:-1"},"canonical":"https:\/\/marktxxl.de\/markt\/produkt\/wiha-schraubendreher-set-6-teilig-elektriker-vde-geprueft-isoliert-1-000-v-35389-i-profi-schraubenzieher-set-mit-duenner-spitze-schlitz-kreuzschlitz-i-elektriker-werkzeug\/","og_locale":"de_DE","og_type":"article","og_title":"Wiha Schraubendreher Set 6-teilig Elektriker VDE gepr\u00fcft, isoliert 1.000 V (35389) I Profi Schraubenzieher Set mit\u2026 - Markt-XXL","og_description":"Markt-XXL Wiha Schraubendreher Set 6-teilig Elektriker VDE gepr\u00fcft, isoliert 1.000 V (35389) I Profi Schraubenzieher Set mit\u2026","og_url":"https:\/\/marktxxl.de\/markt\/produkt\/wiha-schraubendreher-set-6-teilig-elektriker-vde-geprueft-isoliert-1-000-v-35389-i-profi-schraubenzieher-set-mit-duenner-spitze-schlitz-kreuzschlitz-i-elektriker-werkzeug\/","og_site_name":"Markt-XXL","article_modified_time":"2023-04-11T02:09:19+00:00","og_image":[{"width":500,"height":500,"url":"https:\/\/m.media-amazon.com\/images\/I\/41YSn+y0TUL._SL500_.jpg","type":"image\/jpeg"}],"twitter_card":"summary_large_image","twitter_misc":{"Gesch\u00e4tzte Lesezeit":"1\u00a0Minute"},"schema":{"@context":"https:\/\/schema.org","@graph":[{"@type":"WebPage","@id":"https:\/\/marktxxl.de\/markt\/produkt\/wiha-schraubendreher-set-6-teilig-elektriker-vde-geprueft-isoliert-1-000-v-35389-i-profi-schraubenzieher-set-mit-duenner-spitze-schlitz-kreuzschlitz-i-elektriker-werkzeug\/","url":"https:\/\/marktxxl.de\/markt\/produkt\/wiha-schraubendreher-set-6-teilig-elektriker-vde-geprueft-isoliert-1-000-v-35389-i-profi-schraubenzieher-set-mit-duenner-spitze-schlitz-kreuzschlitz-i-elektriker-werkzeug\/","name":"Wiha Schraubendreher Set 6-teilig Elektriker VDE gepr\u00fcft, isoliert 1.000 V (35389) I Profi Schraubenzieher Set mit\u2026 - Markt-XXL","isPartOf":{"@id":"https:\/\/marktxxl.de\/markt\/#website"},"primaryImageOfPage":{"@id":"https:\/\/marktxxl.de\/markt\/produkt\/wiha-schraubendreher-set-6-teilig-elektriker-vde-geprueft-isoliert-1-000-v-35389-i-profi-schraubenzieher-set-mit-duenner-spitze-schlitz-kreuzschlitz-i-elektriker-werkzeug\/#primaryimage"},"image":{"@id":"https:\/\/marktxxl.de\/markt\/produkt\/wiha-schraubendreher-set-6-teilig-elektriker-vde-geprueft-isoliert-1-000-v-35389-i-profi-schraubenzieher-set-mit-duenner-spitze-schlitz-kreuzschlitz-i-elektriker-werkzeug\/#primaryimage"},"thumbnailUrl":"https:\/\/m.media-amazon.com\/images\/I\/41YSn+y0TUL._SL500_.jpg","datePublished":"2022-07-13T21:22:18+00:00","dateModified":"2023-04-11T02:09:19+00:00","description":"Markt-XXL Wiha Schraubendreher Set 6-teilig Elektriker VDE gepr\u00fcft, isoliert 1.000 V (35389) I Profi Schraubenzieher Set mit\u2026","breadcrumb":{"@id":"https:\/\/marktxxl.de\/markt\/produkt\/wiha-schraubendreher-set-6-teilig-elektriker-vde-geprueft-isoliert-1-000-v-35389-i-profi-schraubenzieher-set-mit-duenner-spitze-schlitz-kreuzschlitz-i-elektriker-werkzeug\/#breadcrumb"},"inLanguage":"de","potentialAction":[{"@type":"ReadAction","target":["https:\/\/marktxxl.de\/markt\/produkt\/wiha-schraubendreher-set-6-teilig-elektriker-vde-geprueft-isoliert-1-000-v-35389-i-profi-schraubenzieher-set-mit-duenner-spitze-schlitz-kreuzschlitz-i-elektriker-werkzeug\/"]}]},{"@type":"ImageObject","inLanguage":"de","@id":"https:\/\/marktxxl.de\/markt\/produkt\/wiha-schraubendreher-set-6-teilig-elektriker-vde-geprueft-isoliert-1-000-v-35389-i-profi-schraubenzieher-set-mit-duenner-spitze-schlitz-kreuzschlitz-i-elektriker-werkzeug\/#primaryimage","url":"https:\/\/m.media-amazon.com\/images\/I\/41YSn+y0TUL._SL500_.jpg","contentUrl":"https:\/\/m.media-amazon.com\/images\/I\/41YSn+y0TUL._SL500_.jpg","width":500,"height":500},{"@type":"BreadcrumbList","@id":"https:\/\/marktxxl.de\/markt\/produkt\/wiha-schraubendreher-set-6-teilig-elektriker-vde-geprueft-isoliert-1-000-v-35389-i-profi-schraubenzieher-set-mit-duenner-spitze-schlitz-kreuzschlitz-i-elektriker-werkzeug\/#breadcrumb","itemListElement":[{"@type":"ListItem","position":1,"name":"Startseite","item":"https:\/\/marktxxl.de\/markt\/"},{"@type":"ListItem","position":2,"name":"Markt","item":"https:\/\/marktxxl.de\/markt\/"},{"@type":"ListItem","position":3,"name":"Wiha Schraubendreher Set 6-teilig Elektriker VDE gepr\u00fcft, isoliert 1.000 V (35389) I Profi Schraubenzieher Set mit\u2026"}]},{"@type":"WebSite","@id":"https:\/\/marktxxl.de\/markt\/#website","url":"https:\/\/marktxxl.de\/markt\/","name":"Markt-XXL","description":"Ihr Markt Online","publisher":{"@id":"https:\/\/marktxxl.de\/markt\/#organization"},"potentialAction":[{"@type":"SearchAction","target":{"@type":"EntryPoint","urlTemplate":"https:\/\/marktxxl.de\/markt\/?s={search_term_string}"},"query-input":{"@type":"PropertyValueSpecification","valueRequired":true,"valueName":"search_term_string"}}],"inLanguage":"de"},{"@type":"Organization","@id":"https:\/\/marktxxl.de\/markt\/#organization","name":"Markt-XXL","url":"https:\/\/marktxxl.de\/markt\/","logo":{"@type":"ImageObject","inLanguage":"de","@id":"https:\/\/marktxxl.de\/markt\/#\/schema\/logo\/image\/","url":"https:\/\/marktxxl.de\/markt\/wp-content\/uploads\/sites\/3\/2020\/12\/logo.png","contentUrl":"https:\/\/marktxxl.de\/markt\/wp-content\/uploads\/sites\/3\/2020\/12\/logo.png","width":200,"height":70,"caption":"Markt-XXL"},"image":{"@id":"https:\/\/marktxxl.de\/markt\/#\/schema\/logo\/image\/"}}]}},"_links":{"self":[{"href":"https:\/\/marktxxl.de\/markt\/wp-json\/wp\/v2\/product\/134549","targetHints":{"allow":["GET"]}}],"collection":[{"href":"https:\/\/marktxxl.de\/markt\/wp-json\/wp\/v2\/product"}],"about":[{"href":"https:\/\/marktxxl.de\/markt\/wp-json\/wp\/v2\/types\/product"}],"replies":[{"embeddable":true,"href":"https:\/\/marktxxl.de\/markt\/wp-json\/wp\/v2\/comments?post=134549"}],"wp:featuredmedia":[{"embeddable":true,"href":"https:\/\/marktxxl.de\/markt\/wp-json\/wp\/v2\/media\/134550"}],"wp:attachment":[{"href":"https:\/\/marktxxl.de\/markt\/wp-json\/wp\/v2\/media?parent=134549"}],"wp:term":[{"taxonomy":"product_brand","embeddable":true,"href":"https:\/\/marktxxl.de\/markt\/wp-json\/wp\/v2\/product_brand?post=134549"},{"taxonomy":"product_cat","embeddable":true,"href":"https:\/\/marktxxl.de\/markt\/wp-json\/wp\/v2\/product_cat?post=134549"},{"taxonomy":"product_tag","embeddable":true,"href":"https:\/\/marktxxl.de\/markt\/wp-json\/wp\/v2\/product_tag?post=134549"}],"curies":[{"name":"wp","href":"https:\/\/api.w.org\/{rel}","templated":true}]}}