{"id":134390,"date":"2022-07-13T23:16:07","date_gmt":"2022-07-13T21:16:07","guid":{"rendered":"https:\/\/marktxxl.de\/markt\/produkt\/itzy-ritzy-chelsea-cole-for-mini-wickeltasche-rucksack-mit-nieten-8-taschen-gummifuessen-und-quaste-karamellfarben-mit-herz-print-innen-und-goldfarbenen-beschlaegen\/"},"modified":"2023-04-11T04:09:17","modified_gmt":"2023-04-11T02:09:17","slug":"itzy-ritzy-chelsea-cole-for-mini-wickeltasche-rucksack-mit-nieten-8-taschen-gummifuessen-und-quaste-karamellfarben-mit-herz-print-innen-und-goldfarbenen-beschlaegen","status":"publish","type":"product","link":"https:\/\/marktxxl.de\/markt\/produkt\/itzy-ritzy-chelsea-cole-for-mini-wickeltasche-rucksack-mit-nieten-8-taschen-gummifuessen-und-quaste-karamellfarben-mit-herz-print-innen-und-goldfarbenen-beschlaegen\/","title":{"rendered":"Itzy Ritzy Chelsea + Cole For Mini-Wickeltasche, Rucksack mit Nieten, 8 Taschen, Gummif\u00fc\u00dfen und Quaste, Karamellfarben\u2026"},"content":{"rendered":"<p>Der Chelsea-Mini-Wickeltaschen-Rucksack ist so stilvoll wie funktional. Dieser Mini-Rucksack aus veganem Leder mit Nieten hat die perfekte Gr\u00f6\u00dfe zum Greifen und Gehen f\u00fcr schnelle Ausfl\u00fcge oder wenn Sie nur das Wesentliche packen m\u00fcssen, und die wundersch\u00f6ne Karamellfarbe passt zu fast allem in Ihrem Schrank. Sie werden fantastisch aussehen.<br \/>\nDiese kleine, aber m\u00e4chtige Wickeltasche verf\u00fcgt \u00fcber 8 Taschen \u2013 4 interne und 4 externe \u2013 einschlie\u00dflich zwei Taschen f\u00fcr Flaschen mit Nieten und eine leicht zug\u00e4ngliche &#8220;Elterntasche&#8221;, um die wichtigen Dinge von Mama und Papa leicht in Reichweite zu halten. Das Innere verf\u00fcgt \u00fcber eine Rei\u00dfverschlusstasche, zwei Taschen mit elastischen Oberteilen und eine gr\u00f6\u00dfere Tasche, die auch eine offene, elastische Oberseite hat.<br \/>\nChelseas Mini-Wickeltasche enth\u00e4lt eine passende, leicht abwischbare Wickelunterlage aus veganem Leder, die das Collaboration-Logo zeigt. Die Wickelunterlage hat eine eigene Rei\u00dfverschlusstasche auf der R\u00fcckseite der Tasche \u2013 perfekt, um sie von allem anderen in Ihrer Tasche zu trennen.<br \/>\nDiese Mini-Wickeltasche verf\u00fcgt \u00fcber Gummif\u00fc\u00dfe, um den Boden der Tasche sauber und keimfrei zu halten. Wischen Sie sie einfach mit einem feuchten Tuch ab, damit Ihre Tasche wie neu aussieht. Die Gummif\u00fc\u00dfe helfen auch, die Tasche aufrecht zu halten, wodurch es einfacher ist, sie zu packen und auszupacken, w\u00e4hrend Sie mit Ihrem kleinen Kind unterwegs sind.<br \/>\nDie Mini-Wickeltasche von Chelsea ist aus leicht zu reinigendem veganem Leder und verf\u00fcgt \u00fcber ein Innenfutter mit Herz-Druck. Es enth\u00e4lt auch eine passende Karamellquaste f\u00fcr zus\u00e4tzlichen Stil. Die Quaste wird mit einem goldenen Karabinerverschluss an der Tasche befestigt, sodass sie bei Bedarf leicht neu positioniert werden kann.<br \/>\n<div class=\"main-cross-sell\" data-asin=\"B08G6Q4SHV\">\n\n\t<div class=\"WooZone-cross-sell-loader\">\n\t\t<div>\n\t\t\t<div id=\"floatingBarsG\">\n\t\t\t\t<div class=\"blockG\" id=\"rotateG_01\"><\/div>\n\t\t\t\t<div class=\"blockG\" id=\"rotateG_02\"><\/div>\n\t\t\t\t<div class=\"blockG\" id=\"rotateG_03\"><\/div>\n\t\t\t\t<div class=\"blockG\" id=\"rotateG_04\"><\/div>\n\t\t\t\t<div class=\"blockG\" id=\"rotateG_05\"><\/div>\n\t\t\t\t<div class=\"blockG\" id=\"rotateG_06\"><\/div>\n\t\t\t\t<div class=\"blockG\" id=\"rotateG_07\"><\/div>\n\t\t\t\t<div class=\"blockG\" id=\"rotateG_08\"><\/div>\n\t\t\t<\/div>\n\t\t\t<div class=\"WooZone-cross-sell-loader-text\"><\/div>\n\t\t<\/div>\n\t<\/div>\n\n\t\t\n<\/div>\n<div style=\"clear:both;\"><\/div><\/p>\n","protected":false},"excerpt":{"rendered":"<p>Der Chelsea-Mini-Wickeltaschen-Rucksack ist so stilvoll wie funktional. Dieser Mini-Rucksack aus veganem Leder mit Nieten hat die perfekte Gr\u00f6\u00dfe zum Greifen und Gehen f\u00fcr schnelle Ausfl\u00fcge oder wenn Sie nur das Wesentliche packen m\u00fcssen, und die wundersch\u00f6ne Karamellfarbe passt zu fast allem in Ihrem Schrank. Sie werden fantastisch aussehen.<br \/>\nDiese kleine, aber m\u00e4chtige Wickeltasche verf\u00fcgt \u00fcber 8 Taschen \u2013 4 interne und 4 externe \u2013 einschlie\u00dflich zwei Taschen f\u00fcr Flaschen mit Nieten und eine leicht zug\u00e4ngliche &#8220;Elterntasche&#8221;, um die wichtigen Dinge von Mama und Papa leicht in Reichweite zu halten. Das Innere verf\u00fcgt \u00fcber eine Rei\u00dfverschlusstasche, zwei Taschen mit elastischen Oberteilen und eine gr\u00f6\u00dfere Tasche, die auch eine offene, elastische Oberseite hat.<br \/>\nChelseas Mini-Wickeltasche enth\u00e4lt eine passende, leicht abwischbare Wickelunterlage aus veganem Leder, die das Collaboration-Logo zeigt. Die Wickelunterlage hat eine eigene Rei\u00dfverschlusstasche auf der R\u00fcckseite der Tasche \u2013 perfekt, um sie von allem anderen in Ihrer Tasche zu trennen.<\/p>\n","protected":false},"featured_media":134391,"comment_status":"open","ping_status":"closed","template":"","meta":[],"product_brand":[],"product_cat":[21,9520],"product_tag":[],"class_list":{"0":"post-134390","1":"product","2":"type-product","3":"status-publish","4":"has-post-thumbnail","6":"product_cat-baby","7":"product_cat-wickeln-baby","8":"pa_binding-babyartikel","9":"pa_brand-itzy-ritzy","10":"pa_color-karamell-mit-goldfarbenen-beschlaegen","11":"pa_height-13-75-zoll","12":"pa_length-11-5-zoll","13":"pa_manufacturer-amazonus-itzad","14":"pa_model-mdbb8438","15":"pa_weight-2-32-pfund","16":"pa_width-7-5-zoll","18":"first","19":"instock","20":"shipping-taxable","21":"purchasable","22":"product-type-simple","23":"customify-col","24":"product-has-gallery"},"yoast_head":"<!-- This site is optimized with the Yoast SEO plugin v27.3 - https:\/\/yoast.com\/product\/yoast-seo-wordpress\/ -->\n<title>Itzy Ritzy Chelsea + Cole For Mini-Wickeltasche, Rucksack mit Nieten, 8 Taschen, Gummif\u00fc\u00dfen und Quaste, Karamellfarben\u2026 - Markt-XXL<\/title>\n<meta name=\"description\" content=\"Markt-XXL Itzy Ritzy Chelsea + Cole For Mini-Wickeltasche, Rucksack mit Nieten, 8 Taschen, Gummif\u00fc\u00dfen und Quaste, Karamellfarben\u2026\" \/>\n<meta name=\"robots\" content=\"index, follow, max-snippet:-1, max-image-preview:large, max-video-preview:-1\" \/>\n<link rel=\"canonical\" href=\"https:\/\/marktxxl.de\/markt\/produkt\/itzy-ritzy-chelsea-cole-for-mini-wickeltasche-rucksack-mit-nieten-8-taschen-gummifuessen-und-quaste-karamellfarben-mit-herz-print-innen-und-goldfarbenen-beschlaegen\/\" \/>\n<meta property=\"og:locale\" content=\"de_DE\" \/>\n<meta property=\"og:type\" content=\"article\" \/>\n<meta property=\"og:title\" content=\"Itzy Ritzy Chelsea + Cole For Mini-Wickeltasche, Rucksack mit Nieten, 8 Taschen, Gummif\u00fc\u00dfen und Quaste, Karamellfarben\u2026 - Markt-XXL\" \/>\n<meta property=\"og:description\" content=\"Markt-XXL Itzy Ritzy Chelsea + Cole For Mini-Wickeltasche, Rucksack mit Nieten, 8 Taschen, Gummif\u00fc\u00dfen und Quaste, Karamellfarben\u2026\" \/>\n<meta property=\"og:url\" content=\"https:\/\/marktxxl.de\/markt\/produkt\/itzy-ritzy-chelsea-cole-for-mini-wickeltasche-rucksack-mit-nieten-8-taschen-gummifuessen-und-quaste-karamellfarben-mit-herz-print-innen-und-goldfarbenen-beschlaegen\/\" \/>\n<meta property=\"og:site_name\" content=\"Markt-XXL\" \/>\n<meta property=\"article:modified_time\" content=\"2023-04-11T02:09:17+00:00\" \/>\n<meta property=\"og:image\" content=\"https:\/\/m.media-amazon.com\/images\/I\/416bqu0eLgL._SL500_.jpg\" \/>\n\t<meta property=\"og:image:width\" content=\"500\" \/>\n\t<meta property=\"og:image:height\" content=\"500\" \/>\n\t<meta property=\"og:image:type\" content=\"image\/jpeg\" \/>\n<meta name=\"twitter:card\" content=\"summary_large_image\" \/>\n<meta name=\"twitter:label1\" content=\"Gesch\u00e4tzte Lesezeit\" \/>\n\t<meta name=\"twitter:data1\" content=\"1\u00a0Minute\" \/>\n<script type=\"application\/ld+json\" class=\"yoast-schema-graph\">{\"@context\":\"https:\\\/\\\/schema.org\",\"@graph\":[{\"@type\":\"WebPage\",\"@id\":\"https:\\\/\\\/marktxxl.de\\\/markt\\\/produkt\\\/itzy-ritzy-chelsea-cole-for-mini-wickeltasche-rucksack-mit-nieten-8-taschen-gummifuessen-und-quaste-karamellfarben-mit-herz-print-innen-und-goldfarbenen-beschlaegen\\\/\",\"url\":\"https:\\\/\\\/marktxxl.de\\\/markt\\\/produkt\\\/itzy-ritzy-chelsea-cole-for-mini-wickeltasche-rucksack-mit-nieten-8-taschen-gummifuessen-und-quaste-karamellfarben-mit-herz-print-innen-und-goldfarbenen-beschlaegen\\\/\",\"name\":\"Itzy Ritzy Chelsea + Cole For Mini-Wickeltasche, Rucksack mit Nieten, 8 Taschen, Gummif\u00fc\u00dfen und Quaste, Karamellfarben\u2026 - Markt-XXL\",\"isPartOf\":{\"@id\":\"https:\\\/\\\/marktxxl.de\\\/markt\\\/#website\"},\"primaryImageOfPage\":{\"@id\":\"https:\\\/\\\/marktxxl.de\\\/markt\\\/produkt\\\/itzy-ritzy-chelsea-cole-for-mini-wickeltasche-rucksack-mit-nieten-8-taschen-gummifuessen-und-quaste-karamellfarben-mit-herz-print-innen-und-goldfarbenen-beschlaegen\\\/#primaryimage\"},\"image\":{\"@id\":\"https:\\\/\\\/marktxxl.de\\\/markt\\\/produkt\\\/itzy-ritzy-chelsea-cole-for-mini-wickeltasche-rucksack-mit-nieten-8-taschen-gummifuessen-und-quaste-karamellfarben-mit-herz-print-innen-und-goldfarbenen-beschlaegen\\\/#primaryimage\"},\"thumbnailUrl\":\"https:\\\/\\\/m.media-amazon.com\\\/images\\\/I\\\/416bqu0eLgL._SL500_.jpg\",\"datePublished\":\"2022-07-13T21:16:07+00:00\",\"dateModified\":\"2023-04-11T02:09:17+00:00\",\"description\":\"Markt-XXL Itzy Ritzy Chelsea + Cole For Mini-Wickeltasche, Rucksack mit Nieten, 8 Taschen, Gummif\u00fc\u00dfen und Quaste, Karamellfarben\u2026\",\"breadcrumb\":{\"@id\":\"https:\\\/\\\/marktxxl.de\\\/markt\\\/produkt\\\/itzy-ritzy-chelsea-cole-for-mini-wickeltasche-rucksack-mit-nieten-8-taschen-gummifuessen-und-quaste-karamellfarben-mit-herz-print-innen-und-goldfarbenen-beschlaegen\\\/#breadcrumb\"},\"inLanguage\":\"de\",\"potentialAction\":[{\"@type\":\"ReadAction\",\"target\":[\"https:\\\/\\\/marktxxl.de\\\/markt\\\/produkt\\\/itzy-ritzy-chelsea-cole-for-mini-wickeltasche-rucksack-mit-nieten-8-taschen-gummifuessen-und-quaste-karamellfarben-mit-herz-print-innen-und-goldfarbenen-beschlaegen\\\/\"]}]},{\"@type\":\"ImageObject\",\"inLanguage\":\"de\",\"@id\":\"https:\\\/\\\/marktxxl.de\\\/markt\\\/produkt\\\/itzy-ritzy-chelsea-cole-for-mini-wickeltasche-rucksack-mit-nieten-8-taschen-gummifuessen-und-quaste-karamellfarben-mit-herz-print-innen-und-goldfarbenen-beschlaegen\\\/#primaryimage\",\"url\":\"https:\\\/\\\/m.media-amazon.com\\\/images\\\/I\\\/416bqu0eLgL._SL500_.jpg\",\"contentUrl\":\"https:\\\/\\\/m.media-amazon.com\\\/images\\\/I\\\/416bqu0eLgL._SL500_.jpg\",\"width\":500,\"height\":500},{\"@type\":\"BreadcrumbList\",\"@id\":\"https:\\\/\\\/marktxxl.de\\\/markt\\\/produkt\\\/itzy-ritzy-chelsea-cole-for-mini-wickeltasche-rucksack-mit-nieten-8-taschen-gummifuessen-und-quaste-karamellfarben-mit-herz-print-innen-und-goldfarbenen-beschlaegen\\\/#breadcrumb\",\"itemListElement\":[{\"@type\":\"ListItem\",\"position\":1,\"name\":\"Startseite\",\"item\":\"https:\\\/\\\/marktxxl.de\\\/markt\\\/\"},{\"@type\":\"ListItem\",\"position\":2,\"name\":\"Markt\",\"item\":\"https:\\\/\\\/marktxxl.de\\\/markt\\\/\"},{\"@type\":\"ListItem\",\"position\":3,\"name\":\"Itzy Ritzy Chelsea + Cole For Mini-Wickeltasche, Rucksack mit Nieten, 8 Taschen, Gummif\u00fc\u00dfen und Quaste, Karamellfarben\u2026\"}]},{\"@type\":\"WebSite\",\"@id\":\"https:\\\/\\\/marktxxl.de\\\/markt\\\/#website\",\"url\":\"https:\\\/\\\/marktxxl.de\\\/markt\\\/\",\"name\":\"Markt-XXL\",\"description\":\"Ihr Markt Online\",\"publisher\":{\"@id\":\"https:\\\/\\\/marktxxl.de\\\/markt\\\/#organization\"},\"potentialAction\":[{\"@type\":\"SearchAction\",\"target\":{\"@type\":\"EntryPoint\",\"urlTemplate\":\"https:\\\/\\\/marktxxl.de\\\/markt\\\/?s={search_term_string}\"},\"query-input\":{\"@type\":\"PropertyValueSpecification\",\"valueRequired\":true,\"valueName\":\"search_term_string\"}}],\"inLanguage\":\"de\"},{\"@type\":\"Organization\",\"@id\":\"https:\\\/\\\/marktxxl.de\\\/markt\\\/#organization\",\"name\":\"Markt-XXL\",\"url\":\"https:\\\/\\\/marktxxl.de\\\/markt\\\/\",\"logo\":{\"@type\":\"ImageObject\",\"inLanguage\":\"de\",\"@id\":\"https:\\\/\\\/marktxxl.de\\\/markt\\\/#\\\/schema\\\/logo\\\/image\\\/\",\"url\":\"https:\\\/\\\/marktxxl.de\\\/markt\\\/wp-content\\\/uploads\\\/sites\\\/3\\\/2020\\\/12\\\/logo.png\",\"contentUrl\":\"https:\\\/\\\/marktxxl.de\\\/markt\\\/wp-content\\\/uploads\\\/sites\\\/3\\\/2020\\\/12\\\/logo.png\",\"width\":200,\"height\":70,\"caption\":\"Markt-XXL\"},\"image\":{\"@id\":\"https:\\\/\\\/marktxxl.de\\\/markt\\\/#\\\/schema\\\/logo\\\/image\\\/\"}}]}<\/script>\n<!-- \/ Yoast SEO plugin. -->","yoast_head_json":{"title":"Itzy Ritzy Chelsea + Cole For Mini-Wickeltasche, Rucksack mit Nieten, 8 Taschen, Gummif\u00fc\u00dfen und Quaste, Karamellfarben\u2026 - Markt-XXL","description":"Markt-XXL Itzy Ritzy Chelsea + Cole For Mini-Wickeltasche, Rucksack mit Nieten, 8 Taschen, Gummif\u00fc\u00dfen und Quaste, Karamellfarben\u2026","robots":{"index":"index","follow":"follow","max-snippet":"max-snippet:-1","max-image-preview":"max-image-preview:large","max-video-preview":"max-video-preview:-1"},"canonical":"https:\/\/marktxxl.de\/markt\/produkt\/itzy-ritzy-chelsea-cole-for-mini-wickeltasche-rucksack-mit-nieten-8-taschen-gummifuessen-und-quaste-karamellfarben-mit-herz-print-innen-und-goldfarbenen-beschlaegen\/","og_locale":"de_DE","og_type":"article","og_title":"Itzy Ritzy Chelsea + Cole For Mini-Wickeltasche, Rucksack mit Nieten, 8 Taschen, Gummif\u00fc\u00dfen und Quaste, Karamellfarben\u2026 - Markt-XXL","og_description":"Markt-XXL Itzy Ritzy Chelsea + Cole For Mini-Wickeltasche, Rucksack mit Nieten, 8 Taschen, Gummif\u00fc\u00dfen und Quaste, Karamellfarben\u2026","og_url":"https:\/\/marktxxl.de\/markt\/produkt\/itzy-ritzy-chelsea-cole-for-mini-wickeltasche-rucksack-mit-nieten-8-taschen-gummifuessen-und-quaste-karamellfarben-mit-herz-print-innen-und-goldfarbenen-beschlaegen\/","og_site_name":"Markt-XXL","article_modified_time":"2023-04-11T02:09:17+00:00","og_image":[{"width":500,"height":500,"url":"https:\/\/m.media-amazon.com\/images\/I\/416bqu0eLgL._SL500_.jpg","type":"image\/jpeg"}],"twitter_card":"summary_large_image","twitter_misc":{"Gesch\u00e4tzte Lesezeit":"1\u00a0Minute"},"schema":{"@context":"https:\/\/schema.org","@graph":[{"@type":"WebPage","@id":"https:\/\/marktxxl.de\/markt\/produkt\/itzy-ritzy-chelsea-cole-for-mini-wickeltasche-rucksack-mit-nieten-8-taschen-gummifuessen-und-quaste-karamellfarben-mit-herz-print-innen-und-goldfarbenen-beschlaegen\/","url":"https:\/\/marktxxl.de\/markt\/produkt\/itzy-ritzy-chelsea-cole-for-mini-wickeltasche-rucksack-mit-nieten-8-taschen-gummifuessen-und-quaste-karamellfarben-mit-herz-print-innen-und-goldfarbenen-beschlaegen\/","name":"Itzy Ritzy Chelsea + Cole For Mini-Wickeltasche, Rucksack mit Nieten, 8 Taschen, Gummif\u00fc\u00dfen und Quaste, Karamellfarben\u2026 - Markt-XXL","isPartOf":{"@id":"https:\/\/marktxxl.de\/markt\/#website"},"primaryImageOfPage":{"@id":"https:\/\/marktxxl.de\/markt\/produkt\/itzy-ritzy-chelsea-cole-for-mini-wickeltasche-rucksack-mit-nieten-8-taschen-gummifuessen-und-quaste-karamellfarben-mit-herz-print-innen-und-goldfarbenen-beschlaegen\/#primaryimage"},"image":{"@id":"https:\/\/marktxxl.de\/markt\/produkt\/itzy-ritzy-chelsea-cole-for-mini-wickeltasche-rucksack-mit-nieten-8-taschen-gummifuessen-und-quaste-karamellfarben-mit-herz-print-innen-und-goldfarbenen-beschlaegen\/#primaryimage"},"thumbnailUrl":"https:\/\/m.media-amazon.com\/images\/I\/416bqu0eLgL._SL500_.jpg","datePublished":"2022-07-13T21:16:07+00:00","dateModified":"2023-04-11T02:09:17+00:00","description":"Markt-XXL Itzy Ritzy Chelsea + Cole For Mini-Wickeltasche, Rucksack mit Nieten, 8 Taschen, Gummif\u00fc\u00dfen und Quaste, Karamellfarben\u2026","breadcrumb":{"@id":"https:\/\/marktxxl.de\/markt\/produkt\/itzy-ritzy-chelsea-cole-for-mini-wickeltasche-rucksack-mit-nieten-8-taschen-gummifuessen-und-quaste-karamellfarben-mit-herz-print-innen-und-goldfarbenen-beschlaegen\/#breadcrumb"},"inLanguage":"de","potentialAction":[{"@type":"ReadAction","target":["https:\/\/marktxxl.de\/markt\/produkt\/itzy-ritzy-chelsea-cole-for-mini-wickeltasche-rucksack-mit-nieten-8-taschen-gummifuessen-und-quaste-karamellfarben-mit-herz-print-innen-und-goldfarbenen-beschlaegen\/"]}]},{"@type":"ImageObject","inLanguage":"de","@id":"https:\/\/marktxxl.de\/markt\/produkt\/itzy-ritzy-chelsea-cole-for-mini-wickeltasche-rucksack-mit-nieten-8-taschen-gummifuessen-und-quaste-karamellfarben-mit-herz-print-innen-und-goldfarbenen-beschlaegen\/#primaryimage","url":"https:\/\/m.media-amazon.com\/images\/I\/416bqu0eLgL._SL500_.jpg","contentUrl":"https:\/\/m.media-amazon.com\/images\/I\/416bqu0eLgL._SL500_.jpg","width":500,"height":500},{"@type":"BreadcrumbList","@id":"https:\/\/marktxxl.de\/markt\/produkt\/itzy-ritzy-chelsea-cole-for-mini-wickeltasche-rucksack-mit-nieten-8-taschen-gummifuessen-und-quaste-karamellfarben-mit-herz-print-innen-und-goldfarbenen-beschlaegen\/#breadcrumb","itemListElement":[{"@type":"ListItem","position":1,"name":"Startseite","item":"https:\/\/marktxxl.de\/markt\/"},{"@type":"ListItem","position":2,"name":"Markt","item":"https:\/\/marktxxl.de\/markt\/"},{"@type":"ListItem","position":3,"name":"Itzy Ritzy Chelsea + Cole For Mini-Wickeltasche, Rucksack mit Nieten, 8 Taschen, Gummif\u00fc\u00dfen und Quaste, Karamellfarben\u2026"}]},{"@type":"WebSite","@id":"https:\/\/marktxxl.de\/markt\/#website","url":"https:\/\/marktxxl.de\/markt\/","name":"Markt-XXL","description":"Ihr Markt Online","publisher":{"@id":"https:\/\/marktxxl.de\/markt\/#organization"},"potentialAction":[{"@type":"SearchAction","target":{"@type":"EntryPoint","urlTemplate":"https:\/\/marktxxl.de\/markt\/?s={search_term_string}"},"query-input":{"@type":"PropertyValueSpecification","valueRequired":true,"valueName":"search_term_string"}}],"inLanguage":"de"},{"@type":"Organization","@id":"https:\/\/marktxxl.de\/markt\/#organization","name":"Markt-XXL","url":"https:\/\/marktxxl.de\/markt\/","logo":{"@type":"ImageObject","inLanguage":"de","@id":"https:\/\/marktxxl.de\/markt\/#\/schema\/logo\/image\/","url":"https:\/\/marktxxl.de\/markt\/wp-content\/uploads\/sites\/3\/2020\/12\/logo.png","contentUrl":"https:\/\/marktxxl.de\/markt\/wp-content\/uploads\/sites\/3\/2020\/12\/logo.png","width":200,"height":70,"caption":"Markt-XXL"},"image":{"@id":"https:\/\/marktxxl.de\/markt\/#\/schema\/logo\/image\/"}}]}},"_links":{"self":[{"href":"https:\/\/marktxxl.de\/markt\/wp-json\/wp\/v2\/product\/134390","targetHints":{"allow":["GET"]}}],"collection":[{"href":"https:\/\/marktxxl.de\/markt\/wp-json\/wp\/v2\/product"}],"about":[{"href":"https:\/\/marktxxl.de\/markt\/wp-json\/wp\/v2\/types\/product"}],"replies":[{"embeddable":true,"href":"https:\/\/marktxxl.de\/markt\/wp-json\/wp\/v2\/comments?post=134390"}],"wp:featuredmedia":[{"embeddable":true,"href":"https:\/\/marktxxl.de\/markt\/wp-json\/wp\/v2\/media\/134391"}],"wp:attachment":[{"href":"https:\/\/marktxxl.de\/markt\/wp-json\/wp\/v2\/media?parent=134390"}],"wp:term":[{"taxonomy":"product_brand","embeddable":true,"href":"https:\/\/marktxxl.de\/markt\/wp-json\/wp\/v2\/product_brand?post=134390"},{"taxonomy":"product_cat","embeddable":true,"href":"https:\/\/marktxxl.de\/markt\/wp-json\/wp\/v2\/product_cat?post=134390"},{"taxonomy":"product_tag","embeddable":true,"href":"https:\/\/marktxxl.de\/markt\/wp-json\/wp\/v2\/product_tag?post=134390"}],"curies":[{"name":"wp","href":"https:\/\/api.w.org\/{rel}","templated":true}]}}