{"id":134254,"date":"2022-07-13T22:41:06","date_gmt":"2022-07-13T20:41:06","guid":{"rendered":"https:\/\/marktxxl.de\/markt\/produkt\/ib-style-tuerschutzgitter-erhaeltlich-bis-275cm-haustiergitter-ohne-bohren-auto-close-90-stop-115-125-cm\/"},"modified":"2023-04-11T04:08:34","modified_gmt":"2023-04-11T02:08:34","slug":"ib-style-tuerschutzgitter-erhaeltlich-bis-275cm-haustiergitter-ohne-bohren-auto-close-90-stop-115-125-cm","status":"publish","type":"product","link":"https:\/\/marktxxl.de\/markt\/produkt\/ib-style-tuerschutzgitter-erhaeltlich-bis-275cm-haustiergitter-ohne-bohren-auto-close-90-stop-115-125-cm\/","title":{"rendered":"ib style\u00ae T\u00fcrschutzgitter erh\u00e4ltlich bis 275cm |Haustiergitter | Ohne Bohren | Auto-Close| 90\u00b0 Stop | 115-125 cm"},"content":{"rendered":"<p>Optimal geeignet als Haustiergitter- Nicht f\u00fcr Kinder geeignet<br \/>\nSICHERHEITSMERKMALE: Auto-Close Funktion, 2-Schritt-Sicherheits\u00f6ffnung, 90\u00b0Arretierung<br \/>\nEMPFEHLUNG: Wandschutzkappen sorgen f\u00fcr den optimalen Halt, U-Schienen stabilisieren den \u00dcbergang von Gitter zu Verl\u00e4ngerung, die Bodenplatte sorgt f\u00fcr einen komfortablen Durchgang. W\u00e4hlen Sie individuell nach Ihren Bed\u00fcrfnissen aus, und bestellen Sie das passende Zubeh\u00f6r direkt mit!ASIN B07T9ZT6MJ !<br \/>\nGEL\u00c4NDERMONTAGE: Y-Adapter erm\u00f6glichen die Montage an Gel\u00e4ndern mit Rundst\u00e4ben mit einem Durchmesser von bis zu 7cm<br \/>\nKEIN BOHREN: Zum Klemmen mit 4 Klemmpunkten f\u00fcr einen Sicheren Halt.<br \/>\n<div class=\"main-cross-sell\" data-asin=\"B07PTRC7W2\">\n\n\t<div class=\"WooZone-cross-sell-loader\">\n\t\t<div>\n\t\t\t<div id=\"floatingBarsG\">\n\t\t\t\t<div class=\"blockG\" id=\"rotateG_01\"><\/div>\n\t\t\t\t<div class=\"blockG\" id=\"rotateG_02\"><\/div>\n\t\t\t\t<div class=\"blockG\" id=\"rotateG_03\"><\/div>\n\t\t\t\t<div class=\"blockG\" id=\"rotateG_04\"><\/div>\n\t\t\t\t<div class=\"blockG\" id=\"rotateG_05\"><\/div>\n\t\t\t\t<div class=\"blockG\" id=\"rotateG_06\"><\/div>\n\t\t\t\t<div class=\"blockG\" id=\"rotateG_07\"><\/div>\n\t\t\t\t<div class=\"blockG\" id=\"rotateG_08\"><\/div>\n\t\t\t<\/div>\n\t\t\t<div class=\"WooZone-cross-sell-loader-text\"><\/div>\n\t\t<\/div>\n\t<\/div>\n\n\t\t\n<\/div>\n<div style=\"clear:both;\"><\/div><\/p>\n","protected":false},"excerpt":{"rendered":"<p>Optimal geeignet als Haustiergitter- Nicht f\u00fcr Kinder geeignet<br \/>\nSICHERHEITSMERKMALE: Auto-Close Funktion, 2-Schritt-Sicherheits\u00f6ffnung, 90\u00b0Arretierung<br \/>\nEMPFEHLUNG: Wandschutzkappen sorgen f\u00fcr den optimalen Halt, U-Schienen stabilisieren den \u00dcbergang von Gitter zu Verl\u00e4ngerung, die Bodenplatte sorgt f\u00fcr einen komfortablen Durchgang. W\u00e4hlen Sie individuell nach Ihren Bed\u00fcrfnissen aus, und bestellen Sie das passende Zubeh\u00f6r direkt mit!ASIN B07T9ZT6MJ !<\/p>\n","protected":false},"featured_media":134255,"comment_status":"open","ping_status":"closed","template":"","meta":[],"product_brand":[],"product_cat":[21,9378],"product_tag":[],"class_list":{"0":"post-134254","1":"product","2":"type-product","3":"status-publish","4":"has-post-thumbnail","6":"product_cat-baby","7":"product_cat-sicherheit-baby","8":"pa_binding-babyartikel","9":"pa_brand-ib-style","10":"pa_manufacturer-ib-style","11":"pa_size-115-125-cm","13":"first","14":"instock","15":"shipping-taxable","16":"purchasable","17":"product-type-simple","18":"customify-col","19":"product-has-gallery"},"yoast_head":"<!-- This site is optimized with the Yoast SEO plugin v27.4 - https:\/\/yoast.com\/product\/yoast-seo-wordpress\/ -->\n<title>ib style\u00ae T\u00fcrschutzgitter erh\u00e4ltlich bis 275cm |Haustiergitter | Ohne Bohren | Auto-Close| 90\u00b0 Stop | 115-125 cm - Markt-XXL<\/title>\n<meta name=\"description\" content=\"Markt-XXL ib style\u00ae T\u00fcrschutzgitter erh\u00e4ltlich bis 275cm |Haustiergitter | Ohne Bohren | Auto-Close| 90\u00b0 Stop | 115-125 cm\" \/>\n<meta name=\"robots\" content=\"index, follow, max-snippet:-1, max-image-preview:large, max-video-preview:-1\" \/>\n<link rel=\"canonical\" href=\"https:\/\/marktxxl.de\/markt\/produkt\/ib-style-tuerschutzgitter-erhaeltlich-bis-275cm-haustiergitter-ohne-bohren-auto-close-90-stop-115-125-cm\/\" \/>\n<meta property=\"og:locale\" content=\"de_DE\" \/>\n<meta property=\"og:type\" content=\"article\" \/>\n<meta property=\"og:title\" content=\"ib style\u00ae T\u00fcrschutzgitter erh\u00e4ltlich bis 275cm |Haustiergitter | Ohne Bohren | Auto-Close| 90\u00b0 Stop | 115-125 cm - Markt-XXL\" \/>\n<meta property=\"og:description\" content=\"Markt-XXL ib style\u00ae T\u00fcrschutzgitter erh\u00e4ltlich bis 275cm |Haustiergitter | Ohne Bohren | Auto-Close| 90\u00b0 Stop | 115-125 cm\" \/>\n<meta property=\"og:url\" content=\"https:\/\/marktxxl.de\/markt\/produkt\/ib-style-tuerschutzgitter-erhaeltlich-bis-275cm-haustiergitter-ohne-bohren-auto-close-90-stop-115-125-cm\/\" \/>\n<meta property=\"og:site_name\" content=\"Markt-XXL\" \/>\n<meta property=\"article:modified_time\" content=\"2023-04-11T02:08:34+00:00\" \/>\n<meta property=\"og:image\" content=\"https:\/\/m.media-amazon.com\/images\/I\/41krDN4RMYL._SL500_.jpg\" \/>\n\t<meta property=\"og:image:width\" content=\"500\" \/>\n\t<meta property=\"og:image:height\" content=\"427\" \/>\n\t<meta property=\"og:image:type\" content=\"image\/jpeg\" \/>\n<meta name=\"twitter:card\" content=\"summary_large_image\" \/>\n<meta name=\"twitter:label1\" content=\"Gesch\u00e4tzte Lesezeit\" \/>\n\t<meta name=\"twitter:data1\" content=\"1\u00a0Minute\" \/>\n<script type=\"application\/ld+json\" class=\"yoast-schema-graph\">{\"@context\":\"https:\\\/\\\/schema.org\",\"@graph\":[{\"@type\":\"WebPage\",\"@id\":\"https:\\\/\\\/marktxxl.de\\\/markt\\\/produkt\\\/ib-style-tuerschutzgitter-erhaeltlich-bis-275cm-haustiergitter-ohne-bohren-auto-close-90-stop-115-125-cm\\\/\",\"url\":\"https:\\\/\\\/marktxxl.de\\\/markt\\\/produkt\\\/ib-style-tuerschutzgitter-erhaeltlich-bis-275cm-haustiergitter-ohne-bohren-auto-close-90-stop-115-125-cm\\\/\",\"name\":\"ib style\u00ae T\u00fcrschutzgitter erh\u00e4ltlich bis 275cm |Haustiergitter | Ohne Bohren | Auto-Close| 90\u00b0 Stop | 115-125 cm - Markt-XXL\",\"isPartOf\":{\"@id\":\"https:\\\/\\\/marktxxl.de\\\/markt\\\/#website\"},\"primaryImageOfPage\":{\"@id\":\"https:\\\/\\\/marktxxl.de\\\/markt\\\/produkt\\\/ib-style-tuerschutzgitter-erhaeltlich-bis-275cm-haustiergitter-ohne-bohren-auto-close-90-stop-115-125-cm\\\/#primaryimage\"},\"image\":{\"@id\":\"https:\\\/\\\/marktxxl.de\\\/markt\\\/produkt\\\/ib-style-tuerschutzgitter-erhaeltlich-bis-275cm-haustiergitter-ohne-bohren-auto-close-90-stop-115-125-cm\\\/#primaryimage\"},\"thumbnailUrl\":\"https:\\\/\\\/m.media-amazon.com\\\/images\\\/I\\\/41krDN4RMYL._SL500_.jpg\",\"datePublished\":\"2022-07-13T20:41:06+00:00\",\"dateModified\":\"2023-04-11T02:08:34+00:00\",\"description\":\"Markt-XXL ib style\u00ae T\u00fcrschutzgitter erh\u00e4ltlich bis 275cm |Haustiergitter | Ohne Bohren | Auto-Close| 90\u00b0 Stop | 115-125 cm\",\"breadcrumb\":{\"@id\":\"https:\\\/\\\/marktxxl.de\\\/markt\\\/produkt\\\/ib-style-tuerschutzgitter-erhaeltlich-bis-275cm-haustiergitter-ohne-bohren-auto-close-90-stop-115-125-cm\\\/#breadcrumb\"},\"inLanguage\":\"de\",\"potentialAction\":[{\"@type\":\"ReadAction\",\"target\":[\"https:\\\/\\\/marktxxl.de\\\/markt\\\/produkt\\\/ib-style-tuerschutzgitter-erhaeltlich-bis-275cm-haustiergitter-ohne-bohren-auto-close-90-stop-115-125-cm\\\/\"]}]},{\"@type\":\"ImageObject\",\"inLanguage\":\"de\",\"@id\":\"https:\\\/\\\/marktxxl.de\\\/markt\\\/produkt\\\/ib-style-tuerschutzgitter-erhaeltlich-bis-275cm-haustiergitter-ohne-bohren-auto-close-90-stop-115-125-cm\\\/#primaryimage\",\"url\":\"https:\\\/\\\/m.media-amazon.com\\\/images\\\/I\\\/41krDN4RMYL._SL500_.jpg\",\"contentUrl\":\"https:\\\/\\\/m.media-amazon.com\\\/images\\\/I\\\/41krDN4RMYL._SL500_.jpg\",\"width\":500,\"height\":427},{\"@type\":\"BreadcrumbList\",\"@id\":\"https:\\\/\\\/marktxxl.de\\\/markt\\\/produkt\\\/ib-style-tuerschutzgitter-erhaeltlich-bis-275cm-haustiergitter-ohne-bohren-auto-close-90-stop-115-125-cm\\\/#breadcrumb\",\"itemListElement\":[{\"@type\":\"ListItem\",\"position\":1,\"name\":\"Startseite\",\"item\":\"https:\\\/\\\/marktxxl.de\\\/markt\\\/\"},{\"@type\":\"ListItem\",\"position\":2,\"name\":\"Markt\",\"item\":\"https:\\\/\\\/marktxxl.de\\\/markt\\\/\"},{\"@type\":\"ListItem\",\"position\":3,\"name\":\"ib style\u00ae T\u00fcrschutzgitter erh\u00e4ltlich bis 275cm |Haustiergitter | Ohne Bohren | Auto-Close| 90\u00b0 Stop | 115-125 cm\"}]},{\"@type\":\"WebSite\",\"@id\":\"https:\\\/\\\/marktxxl.de\\\/markt\\\/#website\",\"url\":\"https:\\\/\\\/marktxxl.de\\\/markt\\\/\",\"name\":\"Markt-XXL\",\"description\":\"Ihr Markt Online\",\"publisher\":{\"@id\":\"https:\\\/\\\/marktxxl.de\\\/markt\\\/#organization\"},\"potentialAction\":[{\"@type\":\"SearchAction\",\"target\":{\"@type\":\"EntryPoint\",\"urlTemplate\":\"https:\\\/\\\/marktxxl.de\\\/markt\\\/?s={search_term_string}\"},\"query-input\":{\"@type\":\"PropertyValueSpecification\",\"valueRequired\":true,\"valueName\":\"search_term_string\"}}],\"inLanguage\":\"de\"},{\"@type\":\"Organization\",\"@id\":\"https:\\\/\\\/marktxxl.de\\\/markt\\\/#organization\",\"name\":\"Markt-XXL\",\"url\":\"https:\\\/\\\/marktxxl.de\\\/markt\\\/\",\"logo\":{\"@type\":\"ImageObject\",\"inLanguage\":\"de\",\"@id\":\"https:\\\/\\\/marktxxl.de\\\/markt\\\/#\\\/schema\\\/logo\\\/image\\\/\",\"url\":\"https:\\\/\\\/marktxxl.de\\\/markt\\\/wp-content\\\/uploads\\\/sites\\\/3\\\/2020\\\/12\\\/logo.png\",\"contentUrl\":\"https:\\\/\\\/marktxxl.de\\\/markt\\\/wp-content\\\/uploads\\\/sites\\\/3\\\/2020\\\/12\\\/logo.png\",\"width\":200,\"height\":70,\"caption\":\"Markt-XXL\"},\"image\":{\"@id\":\"https:\\\/\\\/marktxxl.de\\\/markt\\\/#\\\/schema\\\/logo\\\/image\\\/\"}}]}<\/script>\n<!-- \/ Yoast SEO plugin. -->","yoast_head_json":{"title":"ib style\u00ae T\u00fcrschutzgitter erh\u00e4ltlich bis 275cm |Haustiergitter | Ohne Bohren | Auto-Close| 90\u00b0 Stop | 115-125 cm - Markt-XXL","description":"Markt-XXL ib style\u00ae T\u00fcrschutzgitter erh\u00e4ltlich bis 275cm |Haustiergitter | Ohne Bohren | Auto-Close| 90\u00b0 Stop | 115-125 cm","robots":{"index":"index","follow":"follow","max-snippet":"max-snippet:-1","max-image-preview":"max-image-preview:large","max-video-preview":"max-video-preview:-1"},"canonical":"https:\/\/marktxxl.de\/markt\/produkt\/ib-style-tuerschutzgitter-erhaeltlich-bis-275cm-haustiergitter-ohne-bohren-auto-close-90-stop-115-125-cm\/","og_locale":"de_DE","og_type":"article","og_title":"ib style\u00ae T\u00fcrschutzgitter erh\u00e4ltlich bis 275cm |Haustiergitter | Ohne Bohren | Auto-Close| 90\u00b0 Stop | 115-125 cm - Markt-XXL","og_description":"Markt-XXL ib style\u00ae T\u00fcrschutzgitter erh\u00e4ltlich bis 275cm |Haustiergitter | Ohne Bohren | Auto-Close| 90\u00b0 Stop | 115-125 cm","og_url":"https:\/\/marktxxl.de\/markt\/produkt\/ib-style-tuerschutzgitter-erhaeltlich-bis-275cm-haustiergitter-ohne-bohren-auto-close-90-stop-115-125-cm\/","og_site_name":"Markt-XXL","article_modified_time":"2023-04-11T02:08:34+00:00","og_image":[{"width":500,"height":427,"url":"https:\/\/m.media-amazon.com\/images\/I\/41krDN4RMYL._SL500_.jpg","type":"image\/jpeg"}],"twitter_card":"summary_large_image","twitter_misc":{"Gesch\u00e4tzte Lesezeit":"1\u00a0Minute"},"schema":{"@context":"https:\/\/schema.org","@graph":[{"@type":"WebPage","@id":"https:\/\/marktxxl.de\/markt\/produkt\/ib-style-tuerschutzgitter-erhaeltlich-bis-275cm-haustiergitter-ohne-bohren-auto-close-90-stop-115-125-cm\/","url":"https:\/\/marktxxl.de\/markt\/produkt\/ib-style-tuerschutzgitter-erhaeltlich-bis-275cm-haustiergitter-ohne-bohren-auto-close-90-stop-115-125-cm\/","name":"ib style\u00ae T\u00fcrschutzgitter erh\u00e4ltlich bis 275cm |Haustiergitter | Ohne Bohren | Auto-Close| 90\u00b0 Stop | 115-125 cm - Markt-XXL","isPartOf":{"@id":"https:\/\/marktxxl.de\/markt\/#website"},"primaryImageOfPage":{"@id":"https:\/\/marktxxl.de\/markt\/produkt\/ib-style-tuerschutzgitter-erhaeltlich-bis-275cm-haustiergitter-ohne-bohren-auto-close-90-stop-115-125-cm\/#primaryimage"},"image":{"@id":"https:\/\/marktxxl.de\/markt\/produkt\/ib-style-tuerschutzgitter-erhaeltlich-bis-275cm-haustiergitter-ohne-bohren-auto-close-90-stop-115-125-cm\/#primaryimage"},"thumbnailUrl":"https:\/\/m.media-amazon.com\/images\/I\/41krDN4RMYL._SL500_.jpg","datePublished":"2022-07-13T20:41:06+00:00","dateModified":"2023-04-11T02:08:34+00:00","description":"Markt-XXL ib style\u00ae T\u00fcrschutzgitter erh\u00e4ltlich bis 275cm |Haustiergitter | Ohne Bohren | Auto-Close| 90\u00b0 Stop | 115-125 cm","breadcrumb":{"@id":"https:\/\/marktxxl.de\/markt\/produkt\/ib-style-tuerschutzgitter-erhaeltlich-bis-275cm-haustiergitter-ohne-bohren-auto-close-90-stop-115-125-cm\/#breadcrumb"},"inLanguage":"de","potentialAction":[{"@type":"ReadAction","target":["https:\/\/marktxxl.de\/markt\/produkt\/ib-style-tuerschutzgitter-erhaeltlich-bis-275cm-haustiergitter-ohne-bohren-auto-close-90-stop-115-125-cm\/"]}]},{"@type":"ImageObject","inLanguage":"de","@id":"https:\/\/marktxxl.de\/markt\/produkt\/ib-style-tuerschutzgitter-erhaeltlich-bis-275cm-haustiergitter-ohne-bohren-auto-close-90-stop-115-125-cm\/#primaryimage","url":"https:\/\/m.media-amazon.com\/images\/I\/41krDN4RMYL._SL500_.jpg","contentUrl":"https:\/\/m.media-amazon.com\/images\/I\/41krDN4RMYL._SL500_.jpg","width":500,"height":427},{"@type":"BreadcrumbList","@id":"https:\/\/marktxxl.de\/markt\/produkt\/ib-style-tuerschutzgitter-erhaeltlich-bis-275cm-haustiergitter-ohne-bohren-auto-close-90-stop-115-125-cm\/#breadcrumb","itemListElement":[{"@type":"ListItem","position":1,"name":"Startseite","item":"https:\/\/marktxxl.de\/markt\/"},{"@type":"ListItem","position":2,"name":"Markt","item":"https:\/\/marktxxl.de\/markt\/"},{"@type":"ListItem","position":3,"name":"ib style\u00ae T\u00fcrschutzgitter erh\u00e4ltlich bis 275cm |Haustiergitter | Ohne Bohren | Auto-Close| 90\u00b0 Stop | 115-125 cm"}]},{"@type":"WebSite","@id":"https:\/\/marktxxl.de\/markt\/#website","url":"https:\/\/marktxxl.de\/markt\/","name":"Markt-XXL","description":"Ihr Markt Online","publisher":{"@id":"https:\/\/marktxxl.de\/markt\/#organization"},"potentialAction":[{"@type":"SearchAction","target":{"@type":"EntryPoint","urlTemplate":"https:\/\/marktxxl.de\/markt\/?s={search_term_string}"},"query-input":{"@type":"PropertyValueSpecification","valueRequired":true,"valueName":"search_term_string"}}],"inLanguage":"de"},{"@type":"Organization","@id":"https:\/\/marktxxl.de\/markt\/#organization","name":"Markt-XXL","url":"https:\/\/marktxxl.de\/markt\/","logo":{"@type":"ImageObject","inLanguage":"de","@id":"https:\/\/marktxxl.de\/markt\/#\/schema\/logo\/image\/","url":"https:\/\/marktxxl.de\/markt\/wp-content\/uploads\/sites\/3\/2020\/12\/logo.png","contentUrl":"https:\/\/marktxxl.de\/markt\/wp-content\/uploads\/sites\/3\/2020\/12\/logo.png","width":200,"height":70,"caption":"Markt-XXL"},"image":{"@id":"https:\/\/marktxxl.de\/markt\/#\/schema\/logo\/image\/"}}]}},"_links":{"self":[{"href":"https:\/\/marktxxl.de\/markt\/wp-json\/wp\/v2\/product\/134254","targetHints":{"allow":["GET"]}}],"collection":[{"href":"https:\/\/marktxxl.de\/markt\/wp-json\/wp\/v2\/product"}],"about":[{"href":"https:\/\/marktxxl.de\/markt\/wp-json\/wp\/v2\/types\/product"}],"replies":[{"embeddable":true,"href":"https:\/\/marktxxl.de\/markt\/wp-json\/wp\/v2\/comments?post=134254"}],"wp:featuredmedia":[{"embeddable":true,"href":"https:\/\/marktxxl.de\/markt\/wp-json\/wp\/v2\/media\/134255"}],"wp:attachment":[{"href":"https:\/\/marktxxl.de\/markt\/wp-json\/wp\/v2\/media?parent=134254"}],"wp:term":[{"taxonomy":"product_brand","embeddable":true,"href":"https:\/\/marktxxl.de\/markt\/wp-json\/wp\/v2\/product_brand?post=134254"},{"taxonomy":"product_cat","embeddable":true,"href":"https:\/\/marktxxl.de\/markt\/wp-json\/wp\/v2\/product_cat?post=134254"},{"taxonomy":"product_tag","embeddable":true,"href":"https:\/\/marktxxl.de\/markt\/wp-json\/wp\/v2\/product_tag?post=134254"}],"curies":[{"name":"wp","href":"https:\/\/api.w.org\/{rel}","templated":true}]}}