{"id":133799,"date":"2022-07-13T21:34:27","date_gmt":"2022-07-13T19:34:27","guid":{"rendered":"https:\/\/marktxxl.de\/markt\/produkt\/homcom-3-in-1-kinderanhaenger-aluminium-kinder-jogger-fahrradanhaenger-radanhaenger-fuer-2-kinder-mit-fahne-weissschwarz\/"},"modified":"2023-04-11T04:08:25","modified_gmt":"2023-04-11T02:08:25","slug":"homcom-3-in-1-kinderanhaenger-aluminium-kinder-jogger-fahrradanhaenger-radanhaenger-fuer-2-kinder-mit-fahne-weissschwarz","status":"publish","type":"product","link":"https:\/\/marktxxl.de\/markt\/produkt\/homcom-3-in-1-kinderanhaenger-aluminium-kinder-jogger-fahrradanhaenger-radanhaenger-fuer-2-kinder-mit-fahne-weissschwarz\/","title":{"rendered":"HOMCOM 3 in 1 Kinderanh\u00e4nger Aluminium Kinder Jogger Fahrradanh\u00e4nger Radanh\u00e4nger f\u00fcr 2 Kinder mit Fahne Wei\u00df+Schwarz 150\u2026"},"content":{"rendered":"<p>3-IN-1-DESIGN: Der Anh\u00e4nger kann durch Umbau der Vorderr\u00e4der als Kinderwagen und Jogger-Wagen verwendet werden. Er kann auch an Ihrem Fahrrad f\u00fcr ein Fahrradabenteuer befestigt werden. Und durch das faltbare Design l\u00e4sst er sich leicht transportieren und verstauen.<br \/>\nSICHER UND GESCH\u00dcTZT: Das Oxford-Gewebe mit Aluminiumrahmen macht den Anh\u00e4nger superstabil und haltbar. 2 breite, gepolsterte Sitze mit 5-Punkt-Sicherheitsgurt und Handbremse am verstellbaren Lenker gew\u00e4hrleisten die Sicherheit Ihres Kindes.<br \/>\nLANGLEBIGE GUMMIREIFEN: Ausgestattet mit gro\u00dfen Gummir\u00e4dern, machen den Anh\u00e4nger haltbarer und verschlei\u00dffester. Sto\u00dfd\u00e4mpfungssystem sorgt f\u00fcr einen sanften Fahrvorgang.<br \/>\nEINFACHER EINSTIEG &amp; BEL\u00dcFTUNG: Vordert\u00fcr mit Rei\u00dfverschluss erm\u00f6glicht Ihrem Kind einen leichten Einstieg. Transparente T\u00fcr und Fenster an der Vorderseite und an den Seiten sch\u00fctzen Ihr Kind vor schlechten Witterungseinfl\u00fcssen und erm\u00f6glichen es ihm, die Landschaft zu genie\u00dfen. Au\u00dferdem sorgen die mitgelieferten mehrfachen Mesh-Netze f\u00fcr eine erstaunlich gute Bel\u00fcftung.<br \/>\nPRODUKTDATEN: Der Fahrradanh\u00e4nger ist eine einfache M\u00f6glichkeit, Ihr Kind beim Radfahren oder Laufen mitzunehmen. Kinderanh\u00e4nger f\u00fcr max. 2 Kinder: 18 kg(pro Kinder), Kinderwagen f\u00fcr max. 2 Kinder: 15 kg(pro Kinder), Jogger f\u00fcr max. 1 Kinder: 15 kg(Pro Kinder), Gesamtma\u00dfe: 150L x 85B x 107H cm.<br \/>\n<div class=\"main-cross-sell\" data-asin=\"B08Q33YVCY\">\n\n\t<div class=\"WooZone-cross-sell-loader\">\n\t\t<div>\n\t\t\t<div id=\"floatingBarsG\">\n\t\t\t\t<div class=\"blockG\" id=\"rotateG_01\"><\/div>\n\t\t\t\t<div class=\"blockG\" id=\"rotateG_02\"><\/div>\n\t\t\t\t<div class=\"blockG\" id=\"rotateG_03\"><\/div>\n\t\t\t\t<div class=\"blockG\" id=\"rotateG_04\"><\/div>\n\t\t\t\t<div class=\"blockG\" id=\"rotateG_05\"><\/div>\n\t\t\t\t<div class=\"blockG\" id=\"rotateG_06\"><\/div>\n\t\t\t\t<div class=\"blockG\" id=\"rotateG_07\"><\/div>\n\t\t\t\t<div class=\"blockG\" id=\"rotateG_08\"><\/div>\n\t\t\t<\/div>\n\t\t\t<div class=\"WooZone-cross-sell-loader-text\"><\/div>\n\t\t<\/div>\n\t<\/div>\n\n\t\t\n<\/div>\n<div style=\"clear:both;\"><\/div><\/p>\n","protected":false},"excerpt":{"rendered":"<p>3-IN-1-DESIGN: Der Anh\u00e4nger kann durch Umbau der Vorderr\u00e4der als Kinderwagen und Jogger-Wagen verwendet werden. Er kann auch an Ihrem Fahrrad f\u00fcr ein Fahrradabenteuer befestigt werden. Und durch das faltbare Design l\u00e4sst er sich leicht transportieren und verstauen.<br \/>\nSICHER UND GESCH\u00dcTZT: Das Oxford-Gewebe mit Aluminiumrahmen macht den Anh\u00e4nger superstabil und haltbar. 2 breite, gepolsterte Sitze mit 5-Punkt-Sicherheitsgurt und Handbremse am verstellbaren Lenker gew\u00e4hrleisten die Sicherheit Ihres Kindes.<br \/>\nLANGLEBIGE GUMMIREIFEN: Ausgestattet mit gro\u00dfen Gummir\u00e4dern, machen den Anh\u00e4nger haltbarer und verschlei\u00dffester. Sto\u00dfd\u00e4mpfungssystem sorgt f\u00fcr einen sanften Fahrvorgang.<\/p>\n","protected":false},"featured_media":133800,"comment_status":"open","ping_status":"closed","template":"","meta":[],"product_brand":[],"product_cat":[21,9245],"product_tag":[],"class_list":{"0":"post-133799","1":"product","2":"type-product","3":"status-publish","4":"has-post-thumbnail","6":"product_cat-baby","7":"product_cat-fahrradanhaenger-zubehoer-baby","8":"pa_brand-homcom","9":"pa_color-weissplusschwarz","10":"pa_height-42-125984209-zoll","11":"pa_length-59-05511805-zoll","12":"pa_manufacturer-mh-handel-gmbh","13":"pa_size-150x85x107-cm-1er-pack","14":"pa_weight-38-58089585-pfund","15":"pa_width-33-464566895-zoll","17":"first","18":"instock","19":"shipping-taxable","20":"purchasable","21":"product-type-simple","22":"customify-col","23":"product-has-gallery"},"yoast_head":"<!-- This site is optimized with the Yoast SEO plugin v27.3 - https:\/\/yoast.com\/product\/yoast-seo-wordpress\/ -->\n<title>HOMCOM 3 in 1 Kinderanh\u00e4nger Aluminium Kinder Jogger Fahrradanh\u00e4nger Radanh\u00e4nger f\u00fcr 2 Kinder mit Fahne Wei\u00df+Schwarz 150\u2026 - Markt-XXL<\/title>\n<meta name=\"description\" content=\"Markt-XXL HOMCOM 3 in 1 Kinderanh\u00e4nger Aluminium Kinder Jogger Fahrradanh\u00e4nger Radanh\u00e4nger f\u00fcr 2 Kinder mit Fahne Wei\u00df+Schwarz 150\u2026\" \/>\n<meta name=\"robots\" content=\"index, follow, max-snippet:-1, max-image-preview:large, max-video-preview:-1\" \/>\n<link rel=\"canonical\" href=\"https:\/\/marktxxl.de\/markt\/produkt\/homcom-3-in-1-kinderanhaenger-aluminium-kinder-jogger-fahrradanhaenger-radanhaenger-fuer-2-kinder-mit-fahne-weissschwarz\/\" \/>\n<meta property=\"og:locale\" content=\"de_DE\" \/>\n<meta property=\"og:type\" content=\"article\" \/>\n<meta property=\"og:title\" content=\"HOMCOM 3 in 1 Kinderanh\u00e4nger Aluminium Kinder Jogger Fahrradanh\u00e4nger Radanh\u00e4nger f\u00fcr 2 Kinder mit Fahne Wei\u00df+Schwarz 150\u2026 - Markt-XXL\" \/>\n<meta property=\"og:description\" content=\"Markt-XXL HOMCOM 3 in 1 Kinderanh\u00e4nger Aluminium Kinder Jogger Fahrradanh\u00e4nger Radanh\u00e4nger f\u00fcr 2 Kinder mit Fahne Wei\u00df+Schwarz 150\u2026\" \/>\n<meta property=\"og:url\" content=\"https:\/\/marktxxl.de\/markt\/produkt\/homcom-3-in-1-kinderanhaenger-aluminium-kinder-jogger-fahrradanhaenger-radanhaenger-fuer-2-kinder-mit-fahne-weissschwarz\/\" \/>\n<meta property=\"og:site_name\" content=\"Markt-XXL\" \/>\n<meta property=\"article:modified_time\" content=\"2023-04-11T02:08:25+00:00\" \/>\n<meta property=\"og:image\" content=\"https:\/\/m.media-amazon.com\/images\/I\/41Km8ZQ4L2S._SL500_.jpg\" \/>\n\t<meta property=\"og:image:width\" content=\"500\" \/>\n\t<meta property=\"og:image:height\" content=\"500\" \/>\n\t<meta property=\"og:image:type\" content=\"image\/jpeg\" \/>\n<meta name=\"twitter:card\" content=\"summary_large_image\" \/>\n<meta name=\"twitter:label1\" content=\"Gesch\u00e4tzte Lesezeit\" \/>\n\t<meta name=\"twitter:data1\" content=\"1\u00a0Minute\" \/>\n<script type=\"application\/ld+json\" class=\"yoast-schema-graph\">{\"@context\":\"https:\\\/\\\/schema.org\",\"@graph\":[{\"@type\":\"WebPage\",\"@id\":\"https:\\\/\\\/marktxxl.de\\\/markt\\\/produkt\\\/homcom-3-in-1-kinderanhaenger-aluminium-kinder-jogger-fahrradanhaenger-radanhaenger-fuer-2-kinder-mit-fahne-weissschwarz\\\/\",\"url\":\"https:\\\/\\\/marktxxl.de\\\/markt\\\/produkt\\\/homcom-3-in-1-kinderanhaenger-aluminium-kinder-jogger-fahrradanhaenger-radanhaenger-fuer-2-kinder-mit-fahne-weissschwarz\\\/\",\"name\":\"HOMCOM 3 in 1 Kinderanh\u00e4nger Aluminium Kinder Jogger Fahrradanh\u00e4nger Radanh\u00e4nger f\u00fcr 2 Kinder mit Fahne Wei\u00df+Schwarz 150\u2026 - Markt-XXL\",\"isPartOf\":{\"@id\":\"https:\\\/\\\/marktxxl.de\\\/markt\\\/#website\"},\"primaryImageOfPage\":{\"@id\":\"https:\\\/\\\/marktxxl.de\\\/markt\\\/produkt\\\/homcom-3-in-1-kinderanhaenger-aluminium-kinder-jogger-fahrradanhaenger-radanhaenger-fuer-2-kinder-mit-fahne-weissschwarz\\\/#primaryimage\"},\"image\":{\"@id\":\"https:\\\/\\\/marktxxl.de\\\/markt\\\/produkt\\\/homcom-3-in-1-kinderanhaenger-aluminium-kinder-jogger-fahrradanhaenger-radanhaenger-fuer-2-kinder-mit-fahne-weissschwarz\\\/#primaryimage\"},\"thumbnailUrl\":\"https:\\\/\\\/m.media-amazon.com\\\/images\\\/I\\\/41Km8ZQ4L2S._SL500_.jpg\",\"datePublished\":\"2022-07-13T19:34:27+00:00\",\"dateModified\":\"2023-04-11T02:08:25+00:00\",\"description\":\"Markt-XXL HOMCOM 3 in 1 Kinderanh\u00e4nger Aluminium Kinder Jogger Fahrradanh\u00e4nger Radanh\u00e4nger f\u00fcr 2 Kinder mit Fahne Wei\u00df+Schwarz 150\u2026\",\"breadcrumb\":{\"@id\":\"https:\\\/\\\/marktxxl.de\\\/markt\\\/produkt\\\/homcom-3-in-1-kinderanhaenger-aluminium-kinder-jogger-fahrradanhaenger-radanhaenger-fuer-2-kinder-mit-fahne-weissschwarz\\\/#breadcrumb\"},\"inLanguage\":\"de\",\"potentialAction\":[{\"@type\":\"ReadAction\",\"target\":[\"https:\\\/\\\/marktxxl.de\\\/markt\\\/produkt\\\/homcom-3-in-1-kinderanhaenger-aluminium-kinder-jogger-fahrradanhaenger-radanhaenger-fuer-2-kinder-mit-fahne-weissschwarz\\\/\"]}]},{\"@type\":\"ImageObject\",\"inLanguage\":\"de\",\"@id\":\"https:\\\/\\\/marktxxl.de\\\/markt\\\/produkt\\\/homcom-3-in-1-kinderanhaenger-aluminium-kinder-jogger-fahrradanhaenger-radanhaenger-fuer-2-kinder-mit-fahne-weissschwarz\\\/#primaryimage\",\"url\":\"https:\\\/\\\/m.media-amazon.com\\\/images\\\/I\\\/41Km8ZQ4L2S._SL500_.jpg\",\"contentUrl\":\"https:\\\/\\\/m.media-amazon.com\\\/images\\\/I\\\/41Km8ZQ4L2S._SL500_.jpg\",\"width\":500,\"height\":500},{\"@type\":\"BreadcrumbList\",\"@id\":\"https:\\\/\\\/marktxxl.de\\\/markt\\\/produkt\\\/homcom-3-in-1-kinderanhaenger-aluminium-kinder-jogger-fahrradanhaenger-radanhaenger-fuer-2-kinder-mit-fahne-weissschwarz\\\/#breadcrumb\",\"itemListElement\":[{\"@type\":\"ListItem\",\"position\":1,\"name\":\"Startseite\",\"item\":\"https:\\\/\\\/marktxxl.de\\\/markt\\\/\"},{\"@type\":\"ListItem\",\"position\":2,\"name\":\"Markt\",\"item\":\"https:\\\/\\\/marktxxl.de\\\/markt\\\/\"},{\"@type\":\"ListItem\",\"position\":3,\"name\":\"HOMCOM 3 in 1 Kinderanh\u00e4nger Aluminium Kinder Jogger Fahrradanh\u00e4nger Radanh\u00e4nger f\u00fcr 2 Kinder mit Fahne Wei\u00df+Schwarz 150\u2026\"}]},{\"@type\":\"WebSite\",\"@id\":\"https:\\\/\\\/marktxxl.de\\\/markt\\\/#website\",\"url\":\"https:\\\/\\\/marktxxl.de\\\/markt\\\/\",\"name\":\"Markt-XXL\",\"description\":\"Ihr Markt Online\",\"publisher\":{\"@id\":\"https:\\\/\\\/marktxxl.de\\\/markt\\\/#organization\"},\"potentialAction\":[{\"@type\":\"SearchAction\",\"target\":{\"@type\":\"EntryPoint\",\"urlTemplate\":\"https:\\\/\\\/marktxxl.de\\\/markt\\\/?s={search_term_string}\"},\"query-input\":{\"@type\":\"PropertyValueSpecification\",\"valueRequired\":true,\"valueName\":\"search_term_string\"}}],\"inLanguage\":\"de\"},{\"@type\":\"Organization\",\"@id\":\"https:\\\/\\\/marktxxl.de\\\/markt\\\/#organization\",\"name\":\"Markt-XXL\",\"url\":\"https:\\\/\\\/marktxxl.de\\\/markt\\\/\",\"logo\":{\"@type\":\"ImageObject\",\"inLanguage\":\"de\",\"@id\":\"https:\\\/\\\/marktxxl.de\\\/markt\\\/#\\\/schema\\\/logo\\\/image\\\/\",\"url\":\"https:\\\/\\\/marktxxl.de\\\/markt\\\/wp-content\\\/uploads\\\/sites\\\/3\\\/2020\\\/12\\\/logo.png\",\"contentUrl\":\"https:\\\/\\\/marktxxl.de\\\/markt\\\/wp-content\\\/uploads\\\/sites\\\/3\\\/2020\\\/12\\\/logo.png\",\"width\":200,\"height\":70,\"caption\":\"Markt-XXL\"},\"image\":{\"@id\":\"https:\\\/\\\/marktxxl.de\\\/markt\\\/#\\\/schema\\\/logo\\\/image\\\/\"}}]}<\/script>\n<!-- \/ Yoast SEO plugin. -->","yoast_head_json":{"title":"HOMCOM 3 in 1 Kinderanh\u00e4nger Aluminium Kinder Jogger Fahrradanh\u00e4nger Radanh\u00e4nger f\u00fcr 2 Kinder mit Fahne Wei\u00df+Schwarz 150\u2026 - Markt-XXL","description":"Markt-XXL HOMCOM 3 in 1 Kinderanh\u00e4nger Aluminium Kinder Jogger Fahrradanh\u00e4nger Radanh\u00e4nger f\u00fcr 2 Kinder mit Fahne Wei\u00df+Schwarz 150\u2026","robots":{"index":"index","follow":"follow","max-snippet":"max-snippet:-1","max-image-preview":"max-image-preview:large","max-video-preview":"max-video-preview:-1"},"canonical":"https:\/\/marktxxl.de\/markt\/produkt\/homcom-3-in-1-kinderanhaenger-aluminium-kinder-jogger-fahrradanhaenger-radanhaenger-fuer-2-kinder-mit-fahne-weissschwarz\/","og_locale":"de_DE","og_type":"article","og_title":"HOMCOM 3 in 1 Kinderanh\u00e4nger Aluminium Kinder Jogger Fahrradanh\u00e4nger Radanh\u00e4nger f\u00fcr 2 Kinder mit Fahne Wei\u00df+Schwarz 150\u2026 - Markt-XXL","og_description":"Markt-XXL HOMCOM 3 in 1 Kinderanh\u00e4nger Aluminium Kinder Jogger Fahrradanh\u00e4nger Radanh\u00e4nger f\u00fcr 2 Kinder mit Fahne Wei\u00df+Schwarz 150\u2026","og_url":"https:\/\/marktxxl.de\/markt\/produkt\/homcom-3-in-1-kinderanhaenger-aluminium-kinder-jogger-fahrradanhaenger-radanhaenger-fuer-2-kinder-mit-fahne-weissschwarz\/","og_site_name":"Markt-XXL","article_modified_time":"2023-04-11T02:08:25+00:00","og_image":[{"width":500,"height":500,"url":"https:\/\/m.media-amazon.com\/images\/I\/41Km8ZQ4L2S._SL500_.jpg","type":"image\/jpeg"}],"twitter_card":"summary_large_image","twitter_misc":{"Gesch\u00e4tzte Lesezeit":"1\u00a0Minute"},"schema":{"@context":"https:\/\/schema.org","@graph":[{"@type":"WebPage","@id":"https:\/\/marktxxl.de\/markt\/produkt\/homcom-3-in-1-kinderanhaenger-aluminium-kinder-jogger-fahrradanhaenger-radanhaenger-fuer-2-kinder-mit-fahne-weissschwarz\/","url":"https:\/\/marktxxl.de\/markt\/produkt\/homcom-3-in-1-kinderanhaenger-aluminium-kinder-jogger-fahrradanhaenger-radanhaenger-fuer-2-kinder-mit-fahne-weissschwarz\/","name":"HOMCOM 3 in 1 Kinderanh\u00e4nger Aluminium Kinder Jogger Fahrradanh\u00e4nger Radanh\u00e4nger f\u00fcr 2 Kinder mit Fahne Wei\u00df+Schwarz 150\u2026 - Markt-XXL","isPartOf":{"@id":"https:\/\/marktxxl.de\/markt\/#website"},"primaryImageOfPage":{"@id":"https:\/\/marktxxl.de\/markt\/produkt\/homcom-3-in-1-kinderanhaenger-aluminium-kinder-jogger-fahrradanhaenger-radanhaenger-fuer-2-kinder-mit-fahne-weissschwarz\/#primaryimage"},"image":{"@id":"https:\/\/marktxxl.de\/markt\/produkt\/homcom-3-in-1-kinderanhaenger-aluminium-kinder-jogger-fahrradanhaenger-radanhaenger-fuer-2-kinder-mit-fahne-weissschwarz\/#primaryimage"},"thumbnailUrl":"https:\/\/m.media-amazon.com\/images\/I\/41Km8ZQ4L2S._SL500_.jpg","datePublished":"2022-07-13T19:34:27+00:00","dateModified":"2023-04-11T02:08:25+00:00","description":"Markt-XXL HOMCOM 3 in 1 Kinderanh\u00e4nger Aluminium Kinder Jogger Fahrradanh\u00e4nger Radanh\u00e4nger f\u00fcr 2 Kinder mit Fahne Wei\u00df+Schwarz 150\u2026","breadcrumb":{"@id":"https:\/\/marktxxl.de\/markt\/produkt\/homcom-3-in-1-kinderanhaenger-aluminium-kinder-jogger-fahrradanhaenger-radanhaenger-fuer-2-kinder-mit-fahne-weissschwarz\/#breadcrumb"},"inLanguage":"de","potentialAction":[{"@type":"ReadAction","target":["https:\/\/marktxxl.de\/markt\/produkt\/homcom-3-in-1-kinderanhaenger-aluminium-kinder-jogger-fahrradanhaenger-radanhaenger-fuer-2-kinder-mit-fahne-weissschwarz\/"]}]},{"@type":"ImageObject","inLanguage":"de","@id":"https:\/\/marktxxl.de\/markt\/produkt\/homcom-3-in-1-kinderanhaenger-aluminium-kinder-jogger-fahrradanhaenger-radanhaenger-fuer-2-kinder-mit-fahne-weissschwarz\/#primaryimage","url":"https:\/\/m.media-amazon.com\/images\/I\/41Km8ZQ4L2S._SL500_.jpg","contentUrl":"https:\/\/m.media-amazon.com\/images\/I\/41Km8ZQ4L2S._SL500_.jpg","width":500,"height":500},{"@type":"BreadcrumbList","@id":"https:\/\/marktxxl.de\/markt\/produkt\/homcom-3-in-1-kinderanhaenger-aluminium-kinder-jogger-fahrradanhaenger-radanhaenger-fuer-2-kinder-mit-fahne-weissschwarz\/#breadcrumb","itemListElement":[{"@type":"ListItem","position":1,"name":"Startseite","item":"https:\/\/marktxxl.de\/markt\/"},{"@type":"ListItem","position":2,"name":"Markt","item":"https:\/\/marktxxl.de\/markt\/"},{"@type":"ListItem","position":3,"name":"HOMCOM 3 in 1 Kinderanh\u00e4nger Aluminium Kinder Jogger Fahrradanh\u00e4nger Radanh\u00e4nger f\u00fcr 2 Kinder mit Fahne Wei\u00df+Schwarz 150\u2026"}]},{"@type":"WebSite","@id":"https:\/\/marktxxl.de\/markt\/#website","url":"https:\/\/marktxxl.de\/markt\/","name":"Markt-XXL","description":"Ihr Markt Online","publisher":{"@id":"https:\/\/marktxxl.de\/markt\/#organization"},"potentialAction":[{"@type":"SearchAction","target":{"@type":"EntryPoint","urlTemplate":"https:\/\/marktxxl.de\/markt\/?s={search_term_string}"},"query-input":{"@type":"PropertyValueSpecification","valueRequired":true,"valueName":"search_term_string"}}],"inLanguage":"de"},{"@type":"Organization","@id":"https:\/\/marktxxl.de\/markt\/#organization","name":"Markt-XXL","url":"https:\/\/marktxxl.de\/markt\/","logo":{"@type":"ImageObject","inLanguage":"de","@id":"https:\/\/marktxxl.de\/markt\/#\/schema\/logo\/image\/","url":"https:\/\/marktxxl.de\/markt\/wp-content\/uploads\/sites\/3\/2020\/12\/logo.png","contentUrl":"https:\/\/marktxxl.de\/markt\/wp-content\/uploads\/sites\/3\/2020\/12\/logo.png","width":200,"height":70,"caption":"Markt-XXL"},"image":{"@id":"https:\/\/marktxxl.de\/markt\/#\/schema\/logo\/image\/"}}]}},"_links":{"self":[{"href":"https:\/\/marktxxl.de\/markt\/wp-json\/wp\/v2\/product\/133799","targetHints":{"allow":["GET"]}}],"collection":[{"href":"https:\/\/marktxxl.de\/markt\/wp-json\/wp\/v2\/product"}],"about":[{"href":"https:\/\/marktxxl.de\/markt\/wp-json\/wp\/v2\/types\/product"}],"replies":[{"embeddable":true,"href":"https:\/\/marktxxl.de\/markt\/wp-json\/wp\/v2\/comments?post=133799"}],"wp:featuredmedia":[{"embeddable":true,"href":"https:\/\/marktxxl.de\/markt\/wp-json\/wp\/v2\/media\/133800"}],"wp:attachment":[{"href":"https:\/\/marktxxl.de\/markt\/wp-json\/wp\/v2\/media?parent=133799"}],"wp:term":[{"taxonomy":"product_brand","embeddable":true,"href":"https:\/\/marktxxl.de\/markt\/wp-json\/wp\/v2\/product_brand?post=133799"},{"taxonomy":"product_cat","embeddable":true,"href":"https:\/\/marktxxl.de\/markt\/wp-json\/wp\/v2\/product_cat?post=133799"},{"taxonomy":"product_tag","embeddable":true,"href":"https:\/\/marktxxl.de\/markt\/wp-json\/wp\/v2\/product_tag?post=133799"}],"curies":[{"name":"wp","href":"https:\/\/api.w.org\/{rel}","templated":true}]}}