{"id":133671,"date":"2022-07-13T21:07:35","date_gmt":"2022-07-13T19:07:35","guid":{"rendered":"https:\/\/marktxxl.de\/markt\/produkt\/owlowla-minky-stillkissenbezug-stillkissen-schonbezug-passend-fuer-stillkissen-fuer-baby-junge-maedchen-schwarz\/"},"modified":"2023-04-11T04:08:24","modified_gmt":"2023-04-11T02:08:24","slug":"owlowla-minky-stillkissenbezug-stillkissen-schonbezug-passend-fuer-stillkissen-fuer-baby-junge-maedchen-schwarz","status":"publish","type":"product","link":"https:\/\/marktxxl.de\/markt\/produkt\/owlowla-minky-stillkissenbezug-stillkissen-schonbezug-passend-fuer-stillkissen-fuer-baby-junge-maedchen-schwarz\/","title":{"rendered":"Owlowla Minky Stillkissenbezug Stillkissen Schonbezug passend f\u00fcr Stillkissen f\u00fcr Baby Junge M\u00e4dchen (schwarz)"},"content":{"rendered":"<p>Ultra weich und atmungsaktiv: Dieser Owlowla Stillkissenbezug ist aus hochwertigem Nerz-Gewebe, super weich, das Punkte-Design gibt dem Baby ein gutes Gef\u00fchl der Ber\u00fchrung und gl\u00e4ttet die Stimmung. Ihr Baby wird die Punkte und das warme Gef\u00fchl lieben, w\u00e4hrend des Stillens genie\u00dfen.<br \/>\nPassend f\u00fcr die meisten Stillkissen: Unsere Stillkissen-Schonbez\u00fcge sind speziell f\u00fcr die Verwendung mit Original-Stillkissen und S\u00e4uglingskissen und anderen Kissen der gleichen Gr\u00f6\u00dfe konzipiert. Sie sch\u00fctzen Ihr Stillkissen vor Flecken und lassen es ein Leben lang wie neu aussehen.<br \/>\nEinfach anzubringen und zu reinigen: Dank des verdeckten Rei\u00dfverschlusses l\u00e4sst sich unser bequemer Stillkissenbezug schnell und einfach von Stillkissen an- und abziehen. Und sie k\u00f6nnen leicht und m\u00fchelos gereinigt werden, da er maschinenwaschbar ist und nach hunderten Waschen nicht verblasst, was einen guten Unterschied zu Baumwollmaterial ausmacht.<br \/>\nVersteckter Rei\u00dfverschluss: Der Rei\u00dfverschluss ist so bedeckt, dass egal welche Seite des Stillkissens Sie verwenden, die Haut Ihres Babys nie den Rei\u00dfverschluss ber\u00fchrt. Es ist auch robust genug, um es durch regelm\u00e4\u00dfige W\u00e4schen zu machen.<br \/>\nSie und Ihr Baby werden diesen weichen Stillkissenbezug lieben. Es ist der ideale Stillkissenbezug f\u00fcr Komfort, Sicherheit und Bequemlichkeit. Ihr Baby wird es lieben und klicken, um es zu kaufen<br \/>\n<div class=\"main-cross-sell\" data-asin=\"B08688FS9D\">\n\n\t<div class=\"WooZone-cross-sell-loader\">\n\t\t<div>\n\t\t\t<div id=\"floatingBarsG\">\n\t\t\t\t<div class=\"blockG\" id=\"rotateG_01\"><\/div>\n\t\t\t\t<div class=\"blockG\" id=\"rotateG_02\"><\/div>\n\t\t\t\t<div class=\"blockG\" id=\"rotateG_03\"><\/div>\n\t\t\t\t<div class=\"blockG\" id=\"rotateG_04\"><\/div>\n\t\t\t\t<div class=\"blockG\" id=\"rotateG_05\"><\/div>\n\t\t\t\t<div class=\"blockG\" id=\"rotateG_06\"><\/div>\n\t\t\t\t<div class=\"blockG\" id=\"rotateG_07\"><\/div>\n\t\t\t\t<div class=\"blockG\" id=\"rotateG_08\"><\/div>\n\t\t\t<\/div>\n\t\t\t<div class=\"WooZone-cross-sell-loader-text\"><\/div>\n\t\t<\/div>\n\t<\/div>\n\n\t\t\n<\/div>\n<div style=\"clear:both;\"><\/div><\/p>\n","protected":false},"excerpt":{"rendered":"<p>Ultra weich und atmungsaktiv: Dieser Owlowla Stillkissenbezug ist aus hochwertigem Nerz-Gewebe, super weich, das Punkte-Design gibt dem Baby ein gutes Gef\u00fchl der Ber\u00fchrung und gl\u00e4ttet die Stimmung. Ihr Baby wird die Punkte und das warme Gef\u00fchl lieben, w\u00e4hrend des Stillens genie\u00dfen.<br \/>\nPassend f\u00fcr die meisten Stillkissen: Unsere Stillkissen-Schonbez\u00fcge sind speziell f\u00fcr die Verwendung mit Original-Stillkissen und S\u00e4uglingskissen und anderen Kissen der gleichen Gr\u00f6\u00dfe konzipiert. Sie sch\u00fctzen Ihr Stillkissen vor Flecken und lassen es ein Leben lang wie neu aussehen.<br \/>\nEinfach anzubringen und zu reinigen: Dank des verdeckten Rei\u00dfverschlusses l\u00e4sst sich unser bequemer Stillkissenbezug schnell und einfach von Stillkissen an- und abziehen. Und sie k\u00f6nnen leicht und m\u00fchelos gereinigt werden, da er maschinenwaschbar ist und nach hunderten Waschen nicht verblasst, was einen guten Unterschied zu Baumwollmaterial ausmacht.<\/p>\n","protected":false},"featured_media":133672,"comment_status":"open","ping_status":"closed","template":"","meta":[],"product_brand":[],"product_cat":[21,9216],"product_tag":[],"class_list":{"0":"post-133671","1":"product","2":"type-product","3":"status-publish","4":"has-post-thumbnail","6":"product_cat-baby","7":"product_cat-ernaehrung-stillen-baby","8":"pa_binding-haushaltswaren","9":"pa_brand-owlowla","10":"pa_color-schwarz","11":"pa_manufacturer-kinghoo","13":"first","14":"instock","15":"shipping-taxable","16":"purchasable","17":"product-type-simple","18":"customify-col","19":"product-has-gallery"},"yoast_head":"<!-- This site is optimized with the Yoast SEO plugin v27.4 - https:\/\/yoast.com\/product\/yoast-seo-wordpress\/ -->\n<title>Owlowla Minky Stillkissenbezug Stillkissen Schonbezug passend f\u00fcr Stillkissen f\u00fcr Baby Junge M\u00e4dchen (schwarz) - Markt-XXL<\/title>\n<meta name=\"description\" content=\"Markt-XXL Owlowla Minky Stillkissenbezug Stillkissen Schonbezug passend f\u00fcr Stillkissen f\u00fcr Baby Junge M\u00e4dchen (schwarz)\" \/>\n<meta name=\"robots\" content=\"index, follow, max-snippet:-1, max-image-preview:large, max-video-preview:-1\" \/>\n<link rel=\"canonical\" href=\"https:\/\/marktxxl.de\/markt\/produkt\/owlowla-minky-stillkissenbezug-stillkissen-schonbezug-passend-fuer-stillkissen-fuer-baby-junge-maedchen-schwarz\/\" \/>\n<meta property=\"og:locale\" content=\"de_DE\" \/>\n<meta property=\"og:type\" content=\"article\" \/>\n<meta property=\"og:title\" content=\"Owlowla Minky Stillkissenbezug Stillkissen Schonbezug passend f\u00fcr Stillkissen f\u00fcr Baby Junge M\u00e4dchen (schwarz) - Markt-XXL\" \/>\n<meta property=\"og:description\" content=\"Markt-XXL Owlowla Minky Stillkissenbezug Stillkissen Schonbezug passend f\u00fcr Stillkissen f\u00fcr Baby Junge M\u00e4dchen (schwarz)\" \/>\n<meta property=\"og:url\" content=\"https:\/\/marktxxl.de\/markt\/produkt\/owlowla-minky-stillkissenbezug-stillkissen-schonbezug-passend-fuer-stillkissen-fuer-baby-junge-maedchen-schwarz\/\" \/>\n<meta property=\"og:site_name\" content=\"Markt-XXL\" \/>\n<meta property=\"article:modified_time\" content=\"2023-04-11T02:08:24+00:00\" \/>\n<meta property=\"og:image\" content=\"https:\/\/m.media-amazon.com\/images\/I\/51yLKo0FjUL._SL500_.jpg\" \/>\n\t<meta property=\"og:image:width\" content=\"500\" \/>\n\t<meta property=\"og:image:height\" content=\"500\" \/>\n\t<meta property=\"og:image:type\" content=\"image\/jpeg\" \/>\n<meta name=\"twitter:card\" content=\"summary_large_image\" \/>\n<meta name=\"twitter:label1\" content=\"Gesch\u00e4tzte Lesezeit\" \/>\n\t<meta name=\"twitter:data1\" content=\"1\u00a0Minute\" \/>\n<script type=\"application\/ld+json\" class=\"yoast-schema-graph\">{\"@context\":\"https:\\\/\\\/schema.org\",\"@graph\":[{\"@type\":\"WebPage\",\"@id\":\"https:\\\/\\\/marktxxl.de\\\/markt\\\/produkt\\\/owlowla-minky-stillkissenbezug-stillkissen-schonbezug-passend-fuer-stillkissen-fuer-baby-junge-maedchen-schwarz\\\/\",\"url\":\"https:\\\/\\\/marktxxl.de\\\/markt\\\/produkt\\\/owlowla-minky-stillkissenbezug-stillkissen-schonbezug-passend-fuer-stillkissen-fuer-baby-junge-maedchen-schwarz\\\/\",\"name\":\"Owlowla Minky Stillkissenbezug Stillkissen Schonbezug passend f\u00fcr Stillkissen f\u00fcr Baby Junge M\u00e4dchen (schwarz) - Markt-XXL\",\"isPartOf\":{\"@id\":\"https:\\\/\\\/marktxxl.de\\\/markt\\\/#website\"},\"primaryImageOfPage\":{\"@id\":\"https:\\\/\\\/marktxxl.de\\\/markt\\\/produkt\\\/owlowla-minky-stillkissenbezug-stillkissen-schonbezug-passend-fuer-stillkissen-fuer-baby-junge-maedchen-schwarz\\\/#primaryimage\"},\"image\":{\"@id\":\"https:\\\/\\\/marktxxl.de\\\/markt\\\/produkt\\\/owlowla-minky-stillkissenbezug-stillkissen-schonbezug-passend-fuer-stillkissen-fuer-baby-junge-maedchen-schwarz\\\/#primaryimage\"},\"thumbnailUrl\":\"https:\\\/\\\/m.media-amazon.com\\\/images\\\/I\\\/51yLKo0FjUL._SL500_.jpg\",\"datePublished\":\"2022-07-13T19:07:35+00:00\",\"dateModified\":\"2023-04-11T02:08:24+00:00\",\"description\":\"Markt-XXL Owlowla Minky Stillkissenbezug Stillkissen Schonbezug passend f\u00fcr Stillkissen f\u00fcr Baby Junge M\u00e4dchen (schwarz)\",\"breadcrumb\":{\"@id\":\"https:\\\/\\\/marktxxl.de\\\/markt\\\/produkt\\\/owlowla-minky-stillkissenbezug-stillkissen-schonbezug-passend-fuer-stillkissen-fuer-baby-junge-maedchen-schwarz\\\/#breadcrumb\"},\"inLanguage\":\"de\",\"potentialAction\":[{\"@type\":\"ReadAction\",\"target\":[\"https:\\\/\\\/marktxxl.de\\\/markt\\\/produkt\\\/owlowla-minky-stillkissenbezug-stillkissen-schonbezug-passend-fuer-stillkissen-fuer-baby-junge-maedchen-schwarz\\\/\"]}]},{\"@type\":\"ImageObject\",\"inLanguage\":\"de\",\"@id\":\"https:\\\/\\\/marktxxl.de\\\/markt\\\/produkt\\\/owlowla-minky-stillkissenbezug-stillkissen-schonbezug-passend-fuer-stillkissen-fuer-baby-junge-maedchen-schwarz\\\/#primaryimage\",\"url\":\"https:\\\/\\\/m.media-amazon.com\\\/images\\\/I\\\/51yLKo0FjUL._SL500_.jpg\",\"contentUrl\":\"https:\\\/\\\/m.media-amazon.com\\\/images\\\/I\\\/51yLKo0FjUL._SL500_.jpg\",\"width\":500,\"height\":500},{\"@type\":\"BreadcrumbList\",\"@id\":\"https:\\\/\\\/marktxxl.de\\\/markt\\\/produkt\\\/owlowla-minky-stillkissenbezug-stillkissen-schonbezug-passend-fuer-stillkissen-fuer-baby-junge-maedchen-schwarz\\\/#breadcrumb\",\"itemListElement\":[{\"@type\":\"ListItem\",\"position\":1,\"name\":\"Startseite\",\"item\":\"https:\\\/\\\/marktxxl.de\\\/markt\\\/\"},{\"@type\":\"ListItem\",\"position\":2,\"name\":\"Markt\",\"item\":\"https:\\\/\\\/marktxxl.de\\\/markt\\\/\"},{\"@type\":\"ListItem\",\"position\":3,\"name\":\"Owlowla Minky Stillkissenbezug Stillkissen Schonbezug passend f\u00fcr Stillkissen f\u00fcr Baby Junge M\u00e4dchen (schwarz)\"}]},{\"@type\":\"WebSite\",\"@id\":\"https:\\\/\\\/marktxxl.de\\\/markt\\\/#website\",\"url\":\"https:\\\/\\\/marktxxl.de\\\/markt\\\/\",\"name\":\"Markt-XXL\",\"description\":\"Ihr Markt Online\",\"publisher\":{\"@id\":\"https:\\\/\\\/marktxxl.de\\\/markt\\\/#organization\"},\"potentialAction\":[{\"@type\":\"SearchAction\",\"target\":{\"@type\":\"EntryPoint\",\"urlTemplate\":\"https:\\\/\\\/marktxxl.de\\\/markt\\\/?s={search_term_string}\"},\"query-input\":{\"@type\":\"PropertyValueSpecification\",\"valueRequired\":true,\"valueName\":\"search_term_string\"}}],\"inLanguage\":\"de\"},{\"@type\":\"Organization\",\"@id\":\"https:\\\/\\\/marktxxl.de\\\/markt\\\/#organization\",\"name\":\"Markt-XXL\",\"url\":\"https:\\\/\\\/marktxxl.de\\\/markt\\\/\",\"logo\":{\"@type\":\"ImageObject\",\"inLanguage\":\"de\",\"@id\":\"https:\\\/\\\/marktxxl.de\\\/markt\\\/#\\\/schema\\\/logo\\\/image\\\/\",\"url\":\"https:\\\/\\\/marktxxl.de\\\/markt\\\/wp-content\\\/uploads\\\/sites\\\/3\\\/2020\\\/12\\\/logo.png\",\"contentUrl\":\"https:\\\/\\\/marktxxl.de\\\/markt\\\/wp-content\\\/uploads\\\/sites\\\/3\\\/2020\\\/12\\\/logo.png\",\"width\":200,\"height\":70,\"caption\":\"Markt-XXL\"},\"image\":{\"@id\":\"https:\\\/\\\/marktxxl.de\\\/markt\\\/#\\\/schema\\\/logo\\\/image\\\/\"}}]}<\/script>\n<!-- \/ Yoast SEO plugin. -->","yoast_head_json":{"title":"Owlowla Minky Stillkissenbezug Stillkissen Schonbezug passend f\u00fcr Stillkissen f\u00fcr Baby Junge M\u00e4dchen (schwarz) - Markt-XXL","description":"Markt-XXL Owlowla Minky Stillkissenbezug Stillkissen Schonbezug passend f\u00fcr Stillkissen f\u00fcr Baby Junge M\u00e4dchen (schwarz)","robots":{"index":"index","follow":"follow","max-snippet":"max-snippet:-1","max-image-preview":"max-image-preview:large","max-video-preview":"max-video-preview:-1"},"canonical":"https:\/\/marktxxl.de\/markt\/produkt\/owlowla-minky-stillkissenbezug-stillkissen-schonbezug-passend-fuer-stillkissen-fuer-baby-junge-maedchen-schwarz\/","og_locale":"de_DE","og_type":"article","og_title":"Owlowla Minky Stillkissenbezug Stillkissen Schonbezug passend f\u00fcr Stillkissen f\u00fcr Baby Junge M\u00e4dchen (schwarz) - Markt-XXL","og_description":"Markt-XXL Owlowla Minky Stillkissenbezug Stillkissen Schonbezug passend f\u00fcr Stillkissen f\u00fcr Baby Junge M\u00e4dchen (schwarz)","og_url":"https:\/\/marktxxl.de\/markt\/produkt\/owlowla-minky-stillkissenbezug-stillkissen-schonbezug-passend-fuer-stillkissen-fuer-baby-junge-maedchen-schwarz\/","og_site_name":"Markt-XXL","article_modified_time":"2023-04-11T02:08:24+00:00","og_image":[{"width":500,"height":500,"url":"https:\/\/m.media-amazon.com\/images\/I\/51yLKo0FjUL._SL500_.jpg","type":"image\/jpeg"}],"twitter_card":"summary_large_image","twitter_misc":{"Gesch\u00e4tzte Lesezeit":"1\u00a0Minute"},"schema":{"@context":"https:\/\/schema.org","@graph":[{"@type":"WebPage","@id":"https:\/\/marktxxl.de\/markt\/produkt\/owlowla-minky-stillkissenbezug-stillkissen-schonbezug-passend-fuer-stillkissen-fuer-baby-junge-maedchen-schwarz\/","url":"https:\/\/marktxxl.de\/markt\/produkt\/owlowla-minky-stillkissenbezug-stillkissen-schonbezug-passend-fuer-stillkissen-fuer-baby-junge-maedchen-schwarz\/","name":"Owlowla Minky Stillkissenbezug Stillkissen Schonbezug passend f\u00fcr Stillkissen f\u00fcr Baby Junge M\u00e4dchen (schwarz) - Markt-XXL","isPartOf":{"@id":"https:\/\/marktxxl.de\/markt\/#website"},"primaryImageOfPage":{"@id":"https:\/\/marktxxl.de\/markt\/produkt\/owlowla-minky-stillkissenbezug-stillkissen-schonbezug-passend-fuer-stillkissen-fuer-baby-junge-maedchen-schwarz\/#primaryimage"},"image":{"@id":"https:\/\/marktxxl.de\/markt\/produkt\/owlowla-minky-stillkissenbezug-stillkissen-schonbezug-passend-fuer-stillkissen-fuer-baby-junge-maedchen-schwarz\/#primaryimage"},"thumbnailUrl":"https:\/\/m.media-amazon.com\/images\/I\/51yLKo0FjUL._SL500_.jpg","datePublished":"2022-07-13T19:07:35+00:00","dateModified":"2023-04-11T02:08:24+00:00","description":"Markt-XXL Owlowla Minky Stillkissenbezug Stillkissen Schonbezug passend f\u00fcr Stillkissen f\u00fcr Baby Junge M\u00e4dchen (schwarz)","breadcrumb":{"@id":"https:\/\/marktxxl.de\/markt\/produkt\/owlowla-minky-stillkissenbezug-stillkissen-schonbezug-passend-fuer-stillkissen-fuer-baby-junge-maedchen-schwarz\/#breadcrumb"},"inLanguage":"de","potentialAction":[{"@type":"ReadAction","target":["https:\/\/marktxxl.de\/markt\/produkt\/owlowla-minky-stillkissenbezug-stillkissen-schonbezug-passend-fuer-stillkissen-fuer-baby-junge-maedchen-schwarz\/"]}]},{"@type":"ImageObject","inLanguage":"de","@id":"https:\/\/marktxxl.de\/markt\/produkt\/owlowla-minky-stillkissenbezug-stillkissen-schonbezug-passend-fuer-stillkissen-fuer-baby-junge-maedchen-schwarz\/#primaryimage","url":"https:\/\/m.media-amazon.com\/images\/I\/51yLKo0FjUL._SL500_.jpg","contentUrl":"https:\/\/m.media-amazon.com\/images\/I\/51yLKo0FjUL._SL500_.jpg","width":500,"height":500},{"@type":"BreadcrumbList","@id":"https:\/\/marktxxl.de\/markt\/produkt\/owlowla-minky-stillkissenbezug-stillkissen-schonbezug-passend-fuer-stillkissen-fuer-baby-junge-maedchen-schwarz\/#breadcrumb","itemListElement":[{"@type":"ListItem","position":1,"name":"Startseite","item":"https:\/\/marktxxl.de\/markt\/"},{"@type":"ListItem","position":2,"name":"Markt","item":"https:\/\/marktxxl.de\/markt\/"},{"@type":"ListItem","position":3,"name":"Owlowla Minky Stillkissenbezug Stillkissen Schonbezug passend f\u00fcr Stillkissen f\u00fcr Baby Junge M\u00e4dchen (schwarz)"}]},{"@type":"WebSite","@id":"https:\/\/marktxxl.de\/markt\/#website","url":"https:\/\/marktxxl.de\/markt\/","name":"Markt-XXL","description":"Ihr Markt Online","publisher":{"@id":"https:\/\/marktxxl.de\/markt\/#organization"},"potentialAction":[{"@type":"SearchAction","target":{"@type":"EntryPoint","urlTemplate":"https:\/\/marktxxl.de\/markt\/?s={search_term_string}"},"query-input":{"@type":"PropertyValueSpecification","valueRequired":true,"valueName":"search_term_string"}}],"inLanguage":"de"},{"@type":"Organization","@id":"https:\/\/marktxxl.de\/markt\/#organization","name":"Markt-XXL","url":"https:\/\/marktxxl.de\/markt\/","logo":{"@type":"ImageObject","inLanguage":"de","@id":"https:\/\/marktxxl.de\/markt\/#\/schema\/logo\/image\/","url":"https:\/\/marktxxl.de\/markt\/wp-content\/uploads\/sites\/3\/2020\/12\/logo.png","contentUrl":"https:\/\/marktxxl.de\/markt\/wp-content\/uploads\/sites\/3\/2020\/12\/logo.png","width":200,"height":70,"caption":"Markt-XXL"},"image":{"@id":"https:\/\/marktxxl.de\/markt\/#\/schema\/logo\/image\/"}}]}},"_links":{"self":[{"href":"https:\/\/marktxxl.de\/markt\/wp-json\/wp\/v2\/product\/133671","targetHints":{"allow":["GET"]}}],"collection":[{"href":"https:\/\/marktxxl.de\/markt\/wp-json\/wp\/v2\/product"}],"about":[{"href":"https:\/\/marktxxl.de\/markt\/wp-json\/wp\/v2\/types\/product"}],"replies":[{"embeddable":true,"href":"https:\/\/marktxxl.de\/markt\/wp-json\/wp\/v2\/comments?post=133671"}],"wp:featuredmedia":[{"embeddable":true,"href":"https:\/\/marktxxl.de\/markt\/wp-json\/wp\/v2\/media\/133672"}],"wp:attachment":[{"href":"https:\/\/marktxxl.de\/markt\/wp-json\/wp\/v2\/media?parent=133671"}],"wp:term":[{"taxonomy":"product_brand","embeddable":true,"href":"https:\/\/marktxxl.de\/markt\/wp-json\/wp\/v2\/product_brand?post=133671"},{"taxonomy":"product_cat","embeddable":true,"href":"https:\/\/marktxxl.de\/markt\/wp-json\/wp\/v2\/product_cat?post=133671"},{"taxonomy":"product_tag","embeddable":true,"href":"https:\/\/marktxxl.de\/markt\/wp-json\/wp\/v2\/product_tag?post=133671"}],"curies":[{"name":"wp","href":"https:\/\/api.w.org\/{rel}","templated":true}]}}