{"id":133666,"date":"2022-07-13T21:07:30","date_gmt":"2022-07-13T19:07:30","guid":{"rendered":"https:\/\/marktxxl.de\/markt\/produkt\/sarah-wells-pumparoo-nass-trockensack-fuer-milchpumpenteile\/"},"modified":"2023-04-11T04:08:24","modified_gmt":"2023-04-11T02:08:24","slug":"sarah-wells-pumparoo-nass-trockensack-fuer-milchpumpenteile","status":"publish","type":"product","link":"https:\/\/marktxxl.de\/markt\/produkt\/sarah-wells-pumparoo-nass-trockensack-fuer-milchpumpenteile\/","title":{"rendered":"Sarah Wells Pumparoo Nass-\/Trockensack f\u00fcr Milchpumpenteile"},"content":{"rendered":"<p>MAMA TIME &amp; SANITY SAVER &gt; &gt;&gt; Diskret und sauber transportieren Sie Ihre Pumpenteile auf einer sauberen Staging-Matte.<br \/>\nVerwenden Sie das wasserdichte Hauptfach, um saubere und dann schmutzige (nasse) Teile zu halten. Verwenden Sie die abnehmbare innovative Staging-Matte als saubere Stelle auf Ihrem Schreibtisch, Badezimmer-Theke usw. zum Einrichten Ihrer Pumpenteile;<br \/>\nPerfekte Gr\u00f6\u00dfe f\u00fcr Brustpumpenteile; fasst 4 227 ml-Flaschen sowie alle anderen Pumpenteile und mehr.<br \/>\nPflegehinweise: Maschinenw\u00e4sche oft, Handw\u00e4sche mit Seife t\u00e4glich, zum Trocknen aufh\u00e4ngen. Viele M\u00fctter haben Erfolg von Hand waschen die Pumparoo f\u00fcr kurzfristige Reinigung, gefolgt von regelm\u00e4\u00dfiger Maschinenw\u00e4sche (bitte verwenden Sie immer Seife, wie Hand- oder Sp\u00fclmittel oder Sp\u00fclmittel). Nicht trocknergeeignet.<br \/>\nBPA-frei, PVC-frei, Phthalate-frei, bleifreie Rei\u00dfverschl\u00fcsse<br \/>\n<div class=\"main-cross-sell\" data-asin=\"B07B118LYY\">\n\n\t<div class=\"WooZone-cross-sell-loader\">\n\t\t<div>\n\t\t\t<div id=\"floatingBarsG\">\n\t\t\t\t<div class=\"blockG\" id=\"rotateG_01\"><\/div>\n\t\t\t\t<div class=\"blockG\" id=\"rotateG_02\"><\/div>\n\t\t\t\t<div class=\"blockG\" id=\"rotateG_03\"><\/div>\n\t\t\t\t<div class=\"blockG\" id=\"rotateG_04\"><\/div>\n\t\t\t\t<div class=\"blockG\" id=\"rotateG_05\"><\/div>\n\t\t\t\t<div class=\"blockG\" id=\"rotateG_06\"><\/div>\n\t\t\t\t<div class=\"blockG\" id=\"rotateG_07\"><\/div>\n\t\t\t\t<div class=\"blockG\" id=\"rotateG_08\"><\/div>\n\t\t\t<\/div>\n\t\t\t<div class=\"WooZone-cross-sell-loader-text\"><\/div>\n\t\t<\/div>\n\t<\/div>\n\n\t\t\n<\/div>\n<div style=\"clear:both;\"><\/div><\/p>\n","protected":false},"excerpt":{"rendered":"<p>MAMA TIME &amp; SANITY SAVER &gt; &gt;&gt; Diskret und sauber transportieren Sie Ihre Pumpenteile auf einer sauberen Staging-Matte.<br \/>\nVerwenden Sie das wasserdichte Hauptfach, um saubere und dann schmutzige (nasse) Teile zu halten. Verwenden Sie die abnehmbare innovative Staging-Matte als saubere Stelle auf Ihrem Schreibtisch, Badezimmer-Theke usw. zum Einrichten Ihrer Pumpenteile;<br \/>\nPerfekte Gr\u00f6\u00dfe f\u00fcr Brustpumpenteile; fasst 4 227 ml-Flaschen sowie alle anderen Pumpenteile und mehr.<\/p>\n","protected":false},"featured_media":133667,"comment_status":"open","ping_status":"closed","template":"","meta":[],"product_brand":[],"product_cat":[21,9216],"product_tag":[],"class_list":{"0":"post-133666","1":"product","2":"type-product","3":"status-publish","4":"has-post-thumbnail","6":"product_cat-baby","7":"product_cat-ernaehrung-stillen-baby","8":"pa_binding-unbekannter-einband","9":"pa_brand-bandxin","10":"pa_color-mosaik","11":"pa_height-12-zoll","12":"pa_length-10-zoll","13":"pa_manufacturer-sarah-wells","14":"pa_model-32283","15":"pa_weight-0-3125-pfund","16":"pa_width-0-25-zoll","18":"first","19":"instock","20":"shipping-taxable","21":"purchasable","22":"product-type-simple","23":"customify-col","24":"product-has-gallery"},"yoast_head":"<!-- This site is optimized with the Yoast SEO plugin v27.3 - https:\/\/yoast.com\/product\/yoast-seo-wordpress\/ -->\n<title>Sarah Wells Pumparoo Nass-\/Trockensack f\u00fcr Milchpumpenteile - Markt-XXL<\/title>\n<meta name=\"description\" content=\"Markt-XXL Sarah Wells Pumparoo Nass-\/Trockensack f\u00fcr Milchpumpenteile\" \/>\n<meta name=\"robots\" content=\"index, follow, max-snippet:-1, max-image-preview:large, max-video-preview:-1\" \/>\n<link rel=\"canonical\" href=\"https:\/\/marktxxl.de\/markt\/produkt\/sarah-wells-pumparoo-nass-trockensack-fuer-milchpumpenteile\/\" \/>\n<meta property=\"og:locale\" content=\"de_DE\" \/>\n<meta property=\"og:type\" content=\"article\" \/>\n<meta property=\"og:title\" content=\"Sarah Wells Pumparoo Nass-\/Trockensack f\u00fcr Milchpumpenteile - Markt-XXL\" \/>\n<meta property=\"og:description\" content=\"Markt-XXL Sarah Wells Pumparoo Nass-\/Trockensack f\u00fcr Milchpumpenteile\" \/>\n<meta property=\"og:url\" content=\"https:\/\/marktxxl.de\/markt\/produkt\/sarah-wells-pumparoo-nass-trockensack-fuer-milchpumpenteile\/\" \/>\n<meta property=\"og:site_name\" content=\"Markt-XXL\" \/>\n<meta property=\"article:modified_time\" content=\"2023-04-11T02:08:24+00:00\" \/>\n<meta property=\"og:image\" content=\"https:\/\/m.media-amazon.com\/images\/I\/41auj39V-ML._SL500_.jpg\" \/>\n\t<meta property=\"og:image:width\" content=\"500\" \/>\n\t<meta property=\"og:image:height\" content=\"333\" \/>\n\t<meta property=\"og:image:type\" content=\"image\/jpeg\" \/>\n<meta name=\"twitter:card\" content=\"summary_large_image\" \/>\n<meta name=\"twitter:label1\" content=\"Gesch\u00e4tzte Lesezeit\" \/>\n\t<meta name=\"twitter:data1\" content=\"1\u00a0Minute\" \/>\n<script type=\"application\/ld+json\" class=\"yoast-schema-graph\">{\"@context\":\"https:\\\/\\\/schema.org\",\"@graph\":[{\"@type\":\"WebPage\",\"@id\":\"https:\\\/\\\/marktxxl.de\\\/markt\\\/produkt\\\/sarah-wells-pumparoo-nass-trockensack-fuer-milchpumpenteile\\\/\",\"url\":\"https:\\\/\\\/marktxxl.de\\\/markt\\\/produkt\\\/sarah-wells-pumparoo-nass-trockensack-fuer-milchpumpenteile\\\/\",\"name\":\"Sarah Wells Pumparoo Nass-\\\/Trockensack f\u00fcr Milchpumpenteile - Markt-XXL\",\"isPartOf\":{\"@id\":\"https:\\\/\\\/marktxxl.de\\\/markt\\\/#website\"},\"primaryImageOfPage\":{\"@id\":\"https:\\\/\\\/marktxxl.de\\\/markt\\\/produkt\\\/sarah-wells-pumparoo-nass-trockensack-fuer-milchpumpenteile\\\/#primaryimage\"},\"image\":{\"@id\":\"https:\\\/\\\/marktxxl.de\\\/markt\\\/produkt\\\/sarah-wells-pumparoo-nass-trockensack-fuer-milchpumpenteile\\\/#primaryimage\"},\"thumbnailUrl\":\"https:\\\/\\\/m.media-amazon.com\\\/images\\\/I\\\/41auj39V-ML._SL500_.jpg\",\"datePublished\":\"2022-07-13T19:07:30+00:00\",\"dateModified\":\"2023-04-11T02:08:24+00:00\",\"description\":\"Markt-XXL Sarah Wells Pumparoo Nass-\\\/Trockensack f\u00fcr Milchpumpenteile\",\"breadcrumb\":{\"@id\":\"https:\\\/\\\/marktxxl.de\\\/markt\\\/produkt\\\/sarah-wells-pumparoo-nass-trockensack-fuer-milchpumpenteile\\\/#breadcrumb\"},\"inLanguage\":\"de\",\"potentialAction\":[{\"@type\":\"ReadAction\",\"target\":[\"https:\\\/\\\/marktxxl.de\\\/markt\\\/produkt\\\/sarah-wells-pumparoo-nass-trockensack-fuer-milchpumpenteile\\\/\"]}]},{\"@type\":\"ImageObject\",\"inLanguage\":\"de\",\"@id\":\"https:\\\/\\\/marktxxl.de\\\/markt\\\/produkt\\\/sarah-wells-pumparoo-nass-trockensack-fuer-milchpumpenteile\\\/#primaryimage\",\"url\":\"https:\\\/\\\/m.media-amazon.com\\\/images\\\/I\\\/41auj39V-ML._SL500_.jpg\",\"contentUrl\":\"https:\\\/\\\/m.media-amazon.com\\\/images\\\/I\\\/41auj39V-ML._SL500_.jpg\",\"width\":500,\"height\":333},{\"@type\":\"BreadcrumbList\",\"@id\":\"https:\\\/\\\/marktxxl.de\\\/markt\\\/produkt\\\/sarah-wells-pumparoo-nass-trockensack-fuer-milchpumpenteile\\\/#breadcrumb\",\"itemListElement\":[{\"@type\":\"ListItem\",\"position\":1,\"name\":\"Startseite\",\"item\":\"https:\\\/\\\/marktxxl.de\\\/markt\\\/\"},{\"@type\":\"ListItem\",\"position\":2,\"name\":\"Markt\",\"item\":\"https:\\\/\\\/marktxxl.de\\\/markt\\\/\"},{\"@type\":\"ListItem\",\"position\":3,\"name\":\"Sarah Wells Pumparoo Nass-\\\/Trockensack f\u00fcr Milchpumpenteile\"}]},{\"@type\":\"WebSite\",\"@id\":\"https:\\\/\\\/marktxxl.de\\\/markt\\\/#website\",\"url\":\"https:\\\/\\\/marktxxl.de\\\/markt\\\/\",\"name\":\"Markt-XXL\",\"description\":\"Ihr Markt Online\",\"publisher\":{\"@id\":\"https:\\\/\\\/marktxxl.de\\\/markt\\\/#organization\"},\"potentialAction\":[{\"@type\":\"SearchAction\",\"target\":{\"@type\":\"EntryPoint\",\"urlTemplate\":\"https:\\\/\\\/marktxxl.de\\\/markt\\\/?s={search_term_string}\"},\"query-input\":{\"@type\":\"PropertyValueSpecification\",\"valueRequired\":true,\"valueName\":\"search_term_string\"}}],\"inLanguage\":\"de\"},{\"@type\":\"Organization\",\"@id\":\"https:\\\/\\\/marktxxl.de\\\/markt\\\/#organization\",\"name\":\"Markt-XXL\",\"url\":\"https:\\\/\\\/marktxxl.de\\\/markt\\\/\",\"logo\":{\"@type\":\"ImageObject\",\"inLanguage\":\"de\",\"@id\":\"https:\\\/\\\/marktxxl.de\\\/markt\\\/#\\\/schema\\\/logo\\\/image\\\/\",\"url\":\"https:\\\/\\\/marktxxl.de\\\/markt\\\/wp-content\\\/uploads\\\/sites\\\/3\\\/2020\\\/12\\\/logo.png\",\"contentUrl\":\"https:\\\/\\\/marktxxl.de\\\/markt\\\/wp-content\\\/uploads\\\/sites\\\/3\\\/2020\\\/12\\\/logo.png\",\"width\":200,\"height\":70,\"caption\":\"Markt-XXL\"},\"image\":{\"@id\":\"https:\\\/\\\/marktxxl.de\\\/markt\\\/#\\\/schema\\\/logo\\\/image\\\/\"}}]}<\/script>\n<!-- \/ Yoast SEO plugin. -->","yoast_head_json":{"title":"Sarah Wells Pumparoo Nass-\/Trockensack f\u00fcr Milchpumpenteile - Markt-XXL","description":"Markt-XXL Sarah Wells Pumparoo Nass-\/Trockensack f\u00fcr Milchpumpenteile","robots":{"index":"index","follow":"follow","max-snippet":"max-snippet:-1","max-image-preview":"max-image-preview:large","max-video-preview":"max-video-preview:-1"},"canonical":"https:\/\/marktxxl.de\/markt\/produkt\/sarah-wells-pumparoo-nass-trockensack-fuer-milchpumpenteile\/","og_locale":"de_DE","og_type":"article","og_title":"Sarah Wells Pumparoo Nass-\/Trockensack f\u00fcr Milchpumpenteile - Markt-XXL","og_description":"Markt-XXL Sarah Wells Pumparoo Nass-\/Trockensack f\u00fcr Milchpumpenteile","og_url":"https:\/\/marktxxl.de\/markt\/produkt\/sarah-wells-pumparoo-nass-trockensack-fuer-milchpumpenteile\/","og_site_name":"Markt-XXL","article_modified_time":"2023-04-11T02:08:24+00:00","og_image":[{"width":500,"height":333,"url":"https:\/\/m.media-amazon.com\/images\/I\/41auj39V-ML._SL500_.jpg","type":"image\/jpeg"}],"twitter_card":"summary_large_image","twitter_misc":{"Gesch\u00e4tzte Lesezeit":"1\u00a0Minute"},"schema":{"@context":"https:\/\/schema.org","@graph":[{"@type":"WebPage","@id":"https:\/\/marktxxl.de\/markt\/produkt\/sarah-wells-pumparoo-nass-trockensack-fuer-milchpumpenteile\/","url":"https:\/\/marktxxl.de\/markt\/produkt\/sarah-wells-pumparoo-nass-trockensack-fuer-milchpumpenteile\/","name":"Sarah Wells Pumparoo Nass-\/Trockensack f\u00fcr Milchpumpenteile - Markt-XXL","isPartOf":{"@id":"https:\/\/marktxxl.de\/markt\/#website"},"primaryImageOfPage":{"@id":"https:\/\/marktxxl.de\/markt\/produkt\/sarah-wells-pumparoo-nass-trockensack-fuer-milchpumpenteile\/#primaryimage"},"image":{"@id":"https:\/\/marktxxl.de\/markt\/produkt\/sarah-wells-pumparoo-nass-trockensack-fuer-milchpumpenteile\/#primaryimage"},"thumbnailUrl":"https:\/\/m.media-amazon.com\/images\/I\/41auj39V-ML._SL500_.jpg","datePublished":"2022-07-13T19:07:30+00:00","dateModified":"2023-04-11T02:08:24+00:00","description":"Markt-XXL Sarah Wells Pumparoo Nass-\/Trockensack f\u00fcr Milchpumpenteile","breadcrumb":{"@id":"https:\/\/marktxxl.de\/markt\/produkt\/sarah-wells-pumparoo-nass-trockensack-fuer-milchpumpenteile\/#breadcrumb"},"inLanguage":"de","potentialAction":[{"@type":"ReadAction","target":["https:\/\/marktxxl.de\/markt\/produkt\/sarah-wells-pumparoo-nass-trockensack-fuer-milchpumpenteile\/"]}]},{"@type":"ImageObject","inLanguage":"de","@id":"https:\/\/marktxxl.de\/markt\/produkt\/sarah-wells-pumparoo-nass-trockensack-fuer-milchpumpenteile\/#primaryimage","url":"https:\/\/m.media-amazon.com\/images\/I\/41auj39V-ML._SL500_.jpg","contentUrl":"https:\/\/m.media-amazon.com\/images\/I\/41auj39V-ML._SL500_.jpg","width":500,"height":333},{"@type":"BreadcrumbList","@id":"https:\/\/marktxxl.de\/markt\/produkt\/sarah-wells-pumparoo-nass-trockensack-fuer-milchpumpenteile\/#breadcrumb","itemListElement":[{"@type":"ListItem","position":1,"name":"Startseite","item":"https:\/\/marktxxl.de\/markt\/"},{"@type":"ListItem","position":2,"name":"Markt","item":"https:\/\/marktxxl.de\/markt\/"},{"@type":"ListItem","position":3,"name":"Sarah Wells Pumparoo Nass-\/Trockensack f\u00fcr Milchpumpenteile"}]},{"@type":"WebSite","@id":"https:\/\/marktxxl.de\/markt\/#website","url":"https:\/\/marktxxl.de\/markt\/","name":"Markt-XXL","description":"Ihr Markt Online","publisher":{"@id":"https:\/\/marktxxl.de\/markt\/#organization"},"potentialAction":[{"@type":"SearchAction","target":{"@type":"EntryPoint","urlTemplate":"https:\/\/marktxxl.de\/markt\/?s={search_term_string}"},"query-input":{"@type":"PropertyValueSpecification","valueRequired":true,"valueName":"search_term_string"}}],"inLanguage":"de"},{"@type":"Organization","@id":"https:\/\/marktxxl.de\/markt\/#organization","name":"Markt-XXL","url":"https:\/\/marktxxl.de\/markt\/","logo":{"@type":"ImageObject","inLanguage":"de","@id":"https:\/\/marktxxl.de\/markt\/#\/schema\/logo\/image\/","url":"https:\/\/marktxxl.de\/markt\/wp-content\/uploads\/sites\/3\/2020\/12\/logo.png","contentUrl":"https:\/\/marktxxl.de\/markt\/wp-content\/uploads\/sites\/3\/2020\/12\/logo.png","width":200,"height":70,"caption":"Markt-XXL"},"image":{"@id":"https:\/\/marktxxl.de\/markt\/#\/schema\/logo\/image\/"}}]}},"_links":{"self":[{"href":"https:\/\/marktxxl.de\/markt\/wp-json\/wp\/v2\/product\/133666","targetHints":{"allow":["GET"]}}],"collection":[{"href":"https:\/\/marktxxl.de\/markt\/wp-json\/wp\/v2\/product"}],"about":[{"href":"https:\/\/marktxxl.de\/markt\/wp-json\/wp\/v2\/types\/product"}],"replies":[{"embeddable":true,"href":"https:\/\/marktxxl.de\/markt\/wp-json\/wp\/v2\/comments?post=133666"}],"wp:featuredmedia":[{"embeddable":true,"href":"https:\/\/marktxxl.de\/markt\/wp-json\/wp\/v2\/media\/133667"}],"wp:attachment":[{"href":"https:\/\/marktxxl.de\/markt\/wp-json\/wp\/v2\/media?parent=133666"}],"wp:term":[{"taxonomy":"product_brand","embeddable":true,"href":"https:\/\/marktxxl.de\/markt\/wp-json\/wp\/v2\/product_brand?post=133666"},{"taxonomy":"product_cat","embeddable":true,"href":"https:\/\/marktxxl.de\/markt\/wp-json\/wp\/v2\/product_cat?post=133666"},{"taxonomy":"product_tag","embeddable":true,"href":"https:\/\/marktxxl.de\/markt\/wp-json\/wp\/v2\/product_tag?post=133666"}],"curies":[{"name":"wp","href":"https:\/\/api.w.org\/{rel}","templated":true}]}}