{"id":133608,"date":"2022-07-13T21:04:38","date_gmt":"2022-07-13T19:04:38","guid":{"rendered":"https:\/\/marktxxl.de\/markt\/produkt\/beaba-up-down-iii-babywippe-wippe-fuer-babys-und-kleinkinder-hoehenverstellbar-schaukelfunktion-und-4-fache-hoehenverstellung-ergonomisch-und-sicher-botanischer-garten\/"},"modified":"2023-04-11T04:08:23","modified_gmt":"2023-04-11T02:08:23","slug":"beaba-up-down-iii-babywippe-wippe-fuer-babys-und-kleinkinder-hoehenverstellbar-schaukelfunktion-und-4-fache-hoehenverstellung-ergonomisch-und-sicher-botanischer-garten","status":"publish","type":"product","link":"https:\/\/marktxxl.de\/markt\/produkt\/beaba-up-down-iii-babywippe-wippe-fuer-babys-und-kleinkinder-hoehenverstellbar-schaukelfunktion-und-4-fache-hoehenverstellung-ergonomisch-und-sicher-botanischer-garten\/","title":{"rendered":"B\u00e9aba &#8211; Up &amp; Down III &#8211; Babywippe &#8211; Wippe f\u00fcr Babys und Kleinkinder &#8211; H\u00f6henverstellbar &#8211; Schaukelfunktion und 4-fache\u2026"},"content":{"rendered":"<p>4 EINSTELLBARE H\u00d6HEN, dank des patentierten &#8220;Up &amp; Down&#8221;-Systems &#8211; Verstellbar auf Tastendruck<br \/>\n5 NEIGUNGEN: R\u00fccklehne mit nur einer Hand verstellbar<br \/>\nWEICHE SITZFL\u00c4CHE, die dem Baby einen ausgezeichneten Sitzkomfort bietet<br \/>\nEINE WAHRE UNTERST\u00dcTZUNG F\u00dcR IHR NEUGEBORENES: ergonomisch und sehr komfortabel f\u00fcr S\u00e4uglinge, mit integriertem Kopfteil f\u00fcr optimale Unterst\u00fctzung. F\u00fcr Babies im Alter von 0 bis 3 Monaten<br \/>\nTRAGEGRIFFE: um den Transport der Wippe zu vereinfachen<br \/>\n<div class=\"main-cross-sell\" data-asin=\"B07VMH63VT\">\n\n\t<div class=\"WooZone-cross-sell-loader\">\n\t\t<div>\n\t\t\t<div id=\"floatingBarsG\">\n\t\t\t\t<div class=\"blockG\" id=\"rotateG_01\"><\/div>\n\t\t\t\t<div class=\"blockG\" id=\"rotateG_02\"><\/div>\n\t\t\t\t<div class=\"blockG\" id=\"rotateG_03\"><\/div>\n\t\t\t\t<div class=\"blockG\" id=\"rotateG_04\"><\/div>\n\t\t\t\t<div class=\"blockG\" id=\"rotateG_05\"><\/div>\n\t\t\t\t<div class=\"blockG\" id=\"rotateG_06\"><\/div>\n\t\t\t\t<div class=\"blockG\" id=\"rotateG_07\"><\/div>\n\t\t\t\t<div class=\"blockG\" id=\"rotateG_08\"><\/div>\n\t\t\t<\/div>\n\t\t\t<div class=\"WooZone-cross-sell-loader-text\"><\/div>\n\t\t<\/div>\n\t<\/div>\n\n\t\t\n<\/div>\n<div style=\"clear:both;\"><\/div><\/p>\n","protected":false},"excerpt":{"rendered":"<p>4 EINSTELLBARE H\u00d6HEN, dank des patentierten &#8220;Up &amp; Down&#8221;-Systems &#8211; Verstellbar auf Tastendruck<br \/>\n5 NEIGUNGEN: R\u00fccklehne mit nur einer Hand verstellbar<br \/>\nWEICHE SITZFL\u00c4CHE, die dem Baby einen ausgezeichneten Sitzkomfort bietet<\/p>\n","protected":false},"featured_media":133609,"comment_status":"open","ping_status":"closed","template":"","meta":[],"product_brand":[],"product_cat":[21,9143],"product_tag":[],"class_list":{"0":"post-133608","1":"product","2":"type-product","3":"status-publish","4":"has-post-thumbnail","6":"product_cat-baby","7":"product_cat-entdecken-bewegen-baby","8":"pa_binding-babyartikel","9":"pa_brand-beaba","10":"pa_color-botanischer-garten","11":"pa_height-22-440944859-zoll","12":"pa_length-24-9999999745-zoll","13":"pa_manufacturer-beaba","14":"pa_model-37842","15":"pa_warranty-12919","16":"pa_weight-12-786811196-pfund","17":"pa_width-6-4960629855-zoll","19":"first","20":"instock","21":"shipping-taxable","22":"purchasable","23":"product-type-simple","24":"customify-col","25":"product-has-gallery"},"yoast_head":"<!-- This site is optimized with the Yoast SEO plugin v27.4 - https:\/\/yoast.com\/product\/yoast-seo-wordpress\/ -->\n<title>B\u00e9aba - Up &amp; Down III - Babywippe - Wippe f\u00fcr Babys und Kleinkinder - H\u00f6henverstellbar - Schaukelfunktion und 4-fache\u2026 - Markt-XXL<\/title>\n<meta name=\"description\" content=\"Markt-XXL B\u00e9aba - Up &amp; Down III - Babywippe - Wippe f\u00fcr Babys und Kleinkinder - H\u00f6henverstellbar - Schaukelfunktion und 4-fache\u2026\" \/>\n<meta name=\"robots\" content=\"index, follow, max-snippet:-1, max-image-preview:large, max-video-preview:-1\" \/>\n<link rel=\"canonical\" href=\"https:\/\/marktxxl.de\/markt\/produkt\/beaba-up-down-iii-babywippe-wippe-fuer-babys-und-kleinkinder-hoehenverstellbar-schaukelfunktion-und-4-fache-hoehenverstellung-ergonomisch-und-sicher-botanischer-garten\/\" \/>\n<meta property=\"og:locale\" content=\"de_DE\" \/>\n<meta property=\"og:type\" content=\"article\" \/>\n<meta property=\"og:title\" content=\"B\u00e9aba - Up &amp; Down III - Babywippe - Wippe f\u00fcr Babys und Kleinkinder - H\u00f6henverstellbar - Schaukelfunktion und 4-fache\u2026 - Markt-XXL\" \/>\n<meta property=\"og:description\" content=\"Markt-XXL B\u00e9aba - Up &amp; Down III - Babywippe - Wippe f\u00fcr Babys und Kleinkinder - H\u00f6henverstellbar - Schaukelfunktion und 4-fache\u2026\" \/>\n<meta property=\"og:url\" content=\"https:\/\/marktxxl.de\/markt\/produkt\/beaba-up-down-iii-babywippe-wippe-fuer-babys-und-kleinkinder-hoehenverstellbar-schaukelfunktion-und-4-fache-hoehenverstellung-ergonomisch-und-sicher-botanischer-garten\/\" \/>\n<meta property=\"og:site_name\" content=\"Markt-XXL\" \/>\n<meta property=\"article:modified_time\" content=\"2023-04-11T02:08:23+00:00\" \/>\n<meta property=\"og:image\" content=\"https:\/\/m.media-amazon.com\/images\/I\/41EuRO6cgeL._SL500_.jpg\" \/>\n\t<meta property=\"og:image:width\" content=\"385\" \/>\n\t<meta property=\"og:image:height\" content=\"500\" \/>\n\t<meta property=\"og:image:type\" content=\"image\/jpeg\" \/>\n<meta name=\"twitter:card\" content=\"summary_large_image\" \/>\n<script type=\"application\/ld+json\" class=\"yoast-schema-graph\">{\"@context\":\"https:\\\/\\\/schema.org\",\"@graph\":[{\"@type\":\"WebPage\",\"@id\":\"https:\\\/\\\/marktxxl.de\\\/markt\\\/produkt\\\/beaba-up-down-iii-babywippe-wippe-fuer-babys-und-kleinkinder-hoehenverstellbar-schaukelfunktion-und-4-fache-hoehenverstellung-ergonomisch-und-sicher-botanischer-garten\\\/\",\"url\":\"https:\\\/\\\/marktxxl.de\\\/markt\\\/produkt\\\/beaba-up-down-iii-babywippe-wippe-fuer-babys-und-kleinkinder-hoehenverstellbar-schaukelfunktion-und-4-fache-hoehenverstellung-ergonomisch-und-sicher-botanischer-garten\\\/\",\"name\":\"B\u00e9aba - Up &amp; Down III - Babywippe - Wippe f\u00fcr Babys und Kleinkinder - H\u00f6henverstellbar - Schaukelfunktion und 4-fache\u2026 - Markt-XXL\",\"isPartOf\":{\"@id\":\"https:\\\/\\\/marktxxl.de\\\/markt\\\/#website\"},\"primaryImageOfPage\":{\"@id\":\"https:\\\/\\\/marktxxl.de\\\/markt\\\/produkt\\\/beaba-up-down-iii-babywippe-wippe-fuer-babys-und-kleinkinder-hoehenverstellbar-schaukelfunktion-und-4-fache-hoehenverstellung-ergonomisch-und-sicher-botanischer-garten\\\/#primaryimage\"},\"image\":{\"@id\":\"https:\\\/\\\/marktxxl.de\\\/markt\\\/produkt\\\/beaba-up-down-iii-babywippe-wippe-fuer-babys-und-kleinkinder-hoehenverstellbar-schaukelfunktion-und-4-fache-hoehenverstellung-ergonomisch-und-sicher-botanischer-garten\\\/#primaryimage\"},\"thumbnailUrl\":\"https:\\\/\\\/m.media-amazon.com\\\/images\\\/I\\\/41EuRO6cgeL._SL500_.jpg\",\"datePublished\":\"2022-07-13T19:04:38+00:00\",\"dateModified\":\"2023-04-11T02:08:23+00:00\",\"description\":\"Markt-XXL B\u00e9aba - Up &amp; Down III - Babywippe - Wippe f\u00fcr Babys und Kleinkinder - H\u00f6henverstellbar - Schaukelfunktion und 4-fache\u2026\",\"breadcrumb\":{\"@id\":\"https:\\\/\\\/marktxxl.de\\\/markt\\\/produkt\\\/beaba-up-down-iii-babywippe-wippe-fuer-babys-und-kleinkinder-hoehenverstellbar-schaukelfunktion-und-4-fache-hoehenverstellung-ergonomisch-und-sicher-botanischer-garten\\\/#breadcrumb\"},\"inLanguage\":\"de\",\"potentialAction\":[{\"@type\":\"ReadAction\",\"target\":[\"https:\\\/\\\/marktxxl.de\\\/markt\\\/produkt\\\/beaba-up-down-iii-babywippe-wippe-fuer-babys-und-kleinkinder-hoehenverstellbar-schaukelfunktion-und-4-fache-hoehenverstellung-ergonomisch-und-sicher-botanischer-garten\\\/\"]}]},{\"@type\":\"ImageObject\",\"inLanguage\":\"de\",\"@id\":\"https:\\\/\\\/marktxxl.de\\\/markt\\\/produkt\\\/beaba-up-down-iii-babywippe-wippe-fuer-babys-und-kleinkinder-hoehenverstellbar-schaukelfunktion-und-4-fache-hoehenverstellung-ergonomisch-und-sicher-botanischer-garten\\\/#primaryimage\",\"url\":\"https:\\\/\\\/m.media-amazon.com\\\/images\\\/I\\\/41EuRO6cgeL._SL500_.jpg\",\"contentUrl\":\"https:\\\/\\\/m.media-amazon.com\\\/images\\\/I\\\/41EuRO6cgeL._SL500_.jpg\",\"width\":385,\"height\":500},{\"@type\":\"BreadcrumbList\",\"@id\":\"https:\\\/\\\/marktxxl.de\\\/markt\\\/produkt\\\/beaba-up-down-iii-babywippe-wippe-fuer-babys-und-kleinkinder-hoehenverstellbar-schaukelfunktion-und-4-fache-hoehenverstellung-ergonomisch-und-sicher-botanischer-garten\\\/#breadcrumb\",\"itemListElement\":[{\"@type\":\"ListItem\",\"position\":1,\"name\":\"Startseite\",\"item\":\"https:\\\/\\\/marktxxl.de\\\/markt\\\/\"},{\"@type\":\"ListItem\",\"position\":2,\"name\":\"Markt\",\"item\":\"https:\\\/\\\/marktxxl.de\\\/markt\\\/\"},{\"@type\":\"ListItem\",\"position\":3,\"name\":\"B\u00e9aba &#8211; Up &amp; Down III &#8211; Babywippe &#8211; Wippe f\u00fcr Babys und Kleinkinder &#8211; H\u00f6henverstellbar &#8211; Schaukelfunktion und 4-fache\u2026\"}]},{\"@type\":\"WebSite\",\"@id\":\"https:\\\/\\\/marktxxl.de\\\/markt\\\/#website\",\"url\":\"https:\\\/\\\/marktxxl.de\\\/markt\\\/\",\"name\":\"Markt-XXL\",\"description\":\"Ihr Markt Online\",\"publisher\":{\"@id\":\"https:\\\/\\\/marktxxl.de\\\/markt\\\/#organization\"},\"potentialAction\":[{\"@type\":\"SearchAction\",\"target\":{\"@type\":\"EntryPoint\",\"urlTemplate\":\"https:\\\/\\\/marktxxl.de\\\/markt\\\/?s={search_term_string}\"},\"query-input\":{\"@type\":\"PropertyValueSpecification\",\"valueRequired\":true,\"valueName\":\"search_term_string\"}}],\"inLanguage\":\"de\"},{\"@type\":\"Organization\",\"@id\":\"https:\\\/\\\/marktxxl.de\\\/markt\\\/#organization\",\"name\":\"Markt-XXL\",\"url\":\"https:\\\/\\\/marktxxl.de\\\/markt\\\/\",\"logo\":{\"@type\":\"ImageObject\",\"inLanguage\":\"de\",\"@id\":\"https:\\\/\\\/marktxxl.de\\\/markt\\\/#\\\/schema\\\/logo\\\/image\\\/\",\"url\":\"https:\\\/\\\/marktxxl.de\\\/markt\\\/wp-content\\\/uploads\\\/sites\\\/3\\\/2020\\\/12\\\/logo.png\",\"contentUrl\":\"https:\\\/\\\/marktxxl.de\\\/markt\\\/wp-content\\\/uploads\\\/sites\\\/3\\\/2020\\\/12\\\/logo.png\",\"width\":200,\"height\":70,\"caption\":\"Markt-XXL\"},\"image\":{\"@id\":\"https:\\\/\\\/marktxxl.de\\\/markt\\\/#\\\/schema\\\/logo\\\/image\\\/\"}}]}<\/script>\n<!-- \/ Yoast SEO plugin. -->","yoast_head_json":{"title":"B\u00e9aba - Up &amp; Down III - Babywippe - Wippe f\u00fcr Babys und Kleinkinder - H\u00f6henverstellbar - Schaukelfunktion und 4-fache\u2026 - Markt-XXL","description":"Markt-XXL B\u00e9aba - Up &amp; Down III - Babywippe - Wippe f\u00fcr Babys und Kleinkinder - H\u00f6henverstellbar - Schaukelfunktion und 4-fache\u2026","robots":{"index":"index","follow":"follow","max-snippet":"max-snippet:-1","max-image-preview":"max-image-preview:large","max-video-preview":"max-video-preview:-1"},"canonical":"https:\/\/marktxxl.de\/markt\/produkt\/beaba-up-down-iii-babywippe-wippe-fuer-babys-und-kleinkinder-hoehenverstellbar-schaukelfunktion-und-4-fache-hoehenverstellung-ergonomisch-und-sicher-botanischer-garten\/","og_locale":"de_DE","og_type":"article","og_title":"B\u00e9aba - Up &amp; Down III - Babywippe - Wippe f\u00fcr Babys und Kleinkinder - H\u00f6henverstellbar - Schaukelfunktion und 4-fache\u2026 - Markt-XXL","og_description":"Markt-XXL B\u00e9aba - Up &amp; Down III - Babywippe - Wippe f\u00fcr Babys und Kleinkinder - H\u00f6henverstellbar - Schaukelfunktion und 4-fache\u2026","og_url":"https:\/\/marktxxl.de\/markt\/produkt\/beaba-up-down-iii-babywippe-wippe-fuer-babys-und-kleinkinder-hoehenverstellbar-schaukelfunktion-und-4-fache-hoehenverstellung-ergonomisch-und-sicher-botanischer-garten\/","og_site_name":"Markt-XXL","article_modified_time":"2023-04-11T02:08:23+00:00","og_image":[{"width":385,"height":500,"url":"https:\/\/m.media-amazon.com\/images\/I\/41EuRO6cgeL._SL500_.jpg","type":"image\/jpeg"}],"twitter_card":"summary_large_image","schema":{"@context":"https:\/\/schema.org","@graph":[{"@type":"WebPage","@id":"https:\/\/marktxxl.de\/markt\/produkt\/beaba-up-down-iii-babywippe-wippe-fuer-babys-und-kleinkinder-hoehenverstellbar-schaukelfunktion-und-4-fache-hoehenverstellung-ergonomisch-und-sicher-botanischer-garten\/","url":"https:\/\/marktxxl.de\/markt\/produkt\/beaba-up-down-iii-babywippe-wippe-fuer-babys-und-kleinkinder-hoehenverstellbar-schaukelfunktion-und-4-fache-hoehenverstellung-ergonomisch-und-sicher-botanischer-garten\/","name":"B\u00e9aba - Up &amp; Down III - Babywippe - Wippe f\u00fcr Babys und Kleinkinder - H\u00f6henverstellbar - Schaukelfunktion und 4-fache\u2026 - Markt-XXL","isPartOf":{"@id":"https:\/\/marktxxl.de\/markt\/#website"},"primaryImageOfPage":{"@id":"https:\/\/marktxxl.de\/markt\/produkt\/beaba-up-down-iii-babywippe-wippe-fuer-babys-und-kleinkinder-hoehenverstellbar-schaukelfunktion-und-4-fache-hoehenverstellung-ergonomisch-und-sicher-botanischer-garten\/#primaryimage"},"image":{"@id":"https:\/\/marktxxl.de\/markt\/produkt\/beaba-up-down-iii-babywippe-wippe-fuer-babys-und-kleinkinder-hoehenverstellbar-schaukelfunktion-und-4-fache-hoehenverstellung-ergonomisch-und-sicher-botanischer-garten\/#primaryimage"},"thumbnailUrl":"https:\/\/m.media-amazon.com\/images\/I\/41EuRO6cgeL._SL500_.jpg","datePublished":"2022-07-13T19:04:38+00:00","dateModified":"2023-04-11T02:08:23+00:00","description":"Markt-XXL B\u00e9aba - Up &amp; Down III - Babywippe - Wippe f\u00fcr Babys und Kleinkinder - H\u00f6henverstellbar - Schaukelfunktion und 4-fache\u2026","breadcrumb":{"@id":"https:\/\/marktxxl.de\/markt\/produkt\/beaba-up-down-iii-babywippe-wippe-fuer-babys-und-kleinkinder-hoehenverstellbar-schaukelfunktion-und-4-fache-hoehenverstellung-ergonomisch-und-sicher-botanischer-garten\/#breadcrumb"},"inLanguage":"de","potentialAction":[{"@type":"ReadAction","target":["https:\/\/marktxxl.de\/markt\/produkt\/beaba-up-down-iii-babywippe-wippe-fuer-babys-und-kleinkinder-hoehenverstellbar-schaukelfunktion-und-4-fache-hoehenverstellung-ergonomisch-und-sicher-botanischer-garten\/"]}]},{"@type":"ImageObject","inLanguage":"de","@id":"https:\/\/marktxxl.de\/markt\/produkt\/beaba-up-down-iii-babywippe-wippe-fuer-babys-und-kleinkinder-hoehenverstellbar-schaukelfunktion-und-4-fache-hoehenverstellung-ergonomisch-und-sicher-botanischer-garten\/#primaryimage","url":"https:\/\/m.media-amazon.com\/images\/I\/41EuRO6cgeL._SL500_.jpg","contentUrl":"https:\/\/m.media-amazon.com\/images\/I\/41EuRO6cgeL._SL500_.jpg","width":385,"height":500},{"@type":"BreadcrumbList","@id":"https:\/\/marktxxl.de\/markt\/produkt\/beaba-up-down-iii-babywippe-wippe-fuer-babys-und-kleinkinder-hoehenverstellbar-schaukelfunktion-und-4-fache-hoehenverstellung-ergonomisch-und-sicher-botanischer-garten\/#breadcrumb","itemListElement":[{"@type":"ListItem","position":1,"name":"Startseite","item":"https:\/\/marktxxl.de\/markt\/"},{"@type":"ListItem","position":2,"name":"Markt","item":"https:\/\/marktxxl.de\/markt\/"},{"@type":"ListItem","position":3,"name":"B\u00e9aba &#8211; Up &amp; Down III &#8211; Babywippe &#8211; Wippe f\u00fcr Babys und Kleinkinder &#8211; H\u00f6henverstellbar &#8211; Schaukelfunktion und 4-fache\u2026"}]},{"@type":"WebSite","@id":"https:\/\/marktxxl.de\/markt\/#website","url":"https:\/\/marktxxl.de\/markt\/","name":"Markt-XXL","description":"Ihr Markt Online","publisher":{"@id":"https:\/\/marktxxl.de\/markt\/#organization"},"potentialAction":[{"@type":"SearchAction","target":{"@type":"EntryPoint","urlTemplate":"https:\/\/marktxxl.de\/markt\/?s={search_term_string}"},"query-input":{"@type":"PropertyValueSpecification","valueRequired":true,"valueName":"search_term_string"}}],"inLanguage":"de"},{"@type":"Organization","@id":"https:\/\/marktxxl.de\/markt\/#organization","name":"Markt-XXL","url":"https:\/\/marktxxl.de\/markt\/","logo":{"@type":"ImageObject","inLanguage":"de","@id":"https:\/\/marktxxl.de\/markt\/#\/schema\/logo\/image\/","url":"https:\/\/marktxxl.de\/markt\/wp-content\/uploads\/sites\/3\/2020\/12\/logo.png","contentUrl":"https:\/\/marktxxl.de\/markt\/wp-content\/uploads\/sites\/3\/2020\/12\/logo.png","width":200,"height":70,"caption":"Markt-XXL"},"image":{"@id":"https:\/\/marktxxl.de\/markt\/#\/schema\/logo\/image\/"}}]}},"_links":{"self":[{"href":"https:\/\/marktxxl.de\/markt\/wp-json\/wp\/v2\/product\/133608","targetHints":{"allow":["GET"]}}],"collection":[{"href":"https:\/\/marktxxl.de\/markt\/wp-json\/wp\/v2\/product"}],"about":[{"href":"https:\/\/marktxxl.de\/markt\/wp-json\/wp\/v2\/types\/product"}],"replies":[{"embeddable":true,"href":"https:\/\/marktxxl.de\/markt\/wp-json\/wp\/v2\/comments?post=133608"}],"wp:featuredmedia":[{"embeddable":true,"href":"https:\/\/marktxxl.de\/markt\/wp-json\/wp\/v2\/media\/133609"}],"wp:attachment":[{"href":"https:\/\/marktxxl.de\/markt\/wp-json\/wp\/v2\/media?parent=133608"}],"wp:term":[{"taxonomy":"product_brand","embeddable":true,"href":"https:\/\/marktxxl.de\/markt\/wp-json\/wp\/v2\/product_brand?post=133608"},{"taxonomy":"product_cat","embeddable":true,"href":"https:\/\/marktxxl.de\/markt\/wp-json\/wp\/v2\/product_cat?post=133608"},{"taxonomy":"product_tag","embeddable":true,"href":"https:\/\/marktxxl.de\/markt\/wp-json\/wp\/v2\/product_tag?post=133608"}],"curies":[{"name":"wp","href":"https:\/\/api.w.org\/{rel}","templated":true}]}}