{"id":133432,"date":"2022-07-13T20:58:17","date_gmt":"2022-07-13T18:58:17","guid":{"rendered":"https:\/\/marktxxl.de\/markt\/produkt\/deuter-kid-comfort-pro-kindertragetasche\/"},"modified":"2023-04-11T04:07:47","modified_gmt":"2023-04-11T02:07:47","slug":"deuter-kid-comfort-pro-kindertragetasche","status":"publish","type":"product","link":"https:\/\/marktxxl.de\/markt\/produkt\/deuter-kid-comfort-pro-kindertragetasche\/","title":{"rendered":"deuter Kid Comfort Pro Child Carrier and Backpack &#8211; Midnight"},"content":{"rendered":"<p>Entwickelt f\u00fcr pr\u00e4zise Cargo \u2013 ein neues Sicherheitsgurtsystem macht das Laden eines Kindes dank seines intuitiven Designs und der farbcodierten Schnallen sicherer und einfacher als je zuvor; der Klappst\u00e4nder und der seitliche Einstieg erm\u00f6glichen gr\u00f6\u00dfere Kinder selbst reinzukommen.<br \/>\nPr\u00e4zise Passform f\u00fcr Eltern \u2013 VariSlide pr\u00e4zise R\u00fcckenl\u00e4ngenanpassung macht den Austausch zwischen Eltern schnell und einfach. Der energieeffiziente VariFlex H\u00fcftgurt bietet eine ergonomische Lastverteilung f\u00fcr Mama und Papa und l\u00e4sst sich einfach durch die Pull-Forward-Konstruktion anpassen; Lastanpassungsgurte mit seidigen Tri-Glide-Schnallen erm\u00f6glichen die Feinabstimmung des Tragekomfort.<br \/>\nEin traumhaftes Fahren \u2013 Entwickelt, um Ihrem Kind das bequemste Trail-Erlebnis zu bieten, der h\u00f6henverstellbare Sitz mit variabler Breite sorgt f\u00fcr eine ergonomische, gesunde Sitzposition. Inklusive h\u00f6henverstellbaren Fu\u00dfst\u00fctzen, Pl\u00fcsch-Kinnpolster (maschinenwaschbar). ), eine integrierte Kopfst\u00fctze und ein ausklappbares Sonnendach<br \/>\nNicht schwitzen \u2013 Neben der perfekten Last\u00fcbertragung und Kontrolle wurde das Aircomfort Sensic Vario R\u00fcckensystem von Deuter entwickelt, um eine unvergleichliche Bel\u00fcftung zu gew\u00e4hrleisten. Ein Netznetz zwischen Kindersitz und R\u00fccken der Eltern l\u00e4sst die Luft frei flie\u00dfen, ohne den Schwerpunkt des Kindes zu ver\u00e4ndern.<br \/>\nUnkompromissloser Luxus \u2013 jedes Detail des Kid Comfort Pro wurde entwickelt, um Eltern und ihre Kinder auf lange Sicht k\u00fchl und bequem zu halten; enth\u00e4lt einen integrierten Tagesrucksack, der am Brustgurt befestigt werden kann; gro\u00dfe externe Stretch-Taschen, integrierter Schl\u00fcsselhalter und 2 H\u00fcftflossentaschen mit Rei\u00dfverschluss bieten reichlich Stauraum; zusammenklappbarer Rahmen f\u00fcr einfachen Transport, perforierte Schultergurte f\u00fcr Bel\u00fcftung.<br \/>\n<div class=\"main-cross-sell\" data-asin=\"B07V4H232Z\">\n\n\t<div class=\"WooZone-cross-sell-loader\">\n\t\t<div>\n\t\t\t<div id=\"floatingBarsG\">\n\t\t\t\t<div class=\"blockG\" id=\"rotateG_01\"><\/div>\n\t\t\t\t<div class=\"blockG\" id=\"rotateG_02\"><\/div>\n\t\t\t\t<div class=\"blockG\" id=\"rotateG_03\"><\/div>\n\t\t\t\t<div class=\"blockG\" id=\"rotateG_04\"><\/div>\n\t\t\t\t<div class=\"blockG\" id=\"rotateG_05\"><\/div>\n\t\t\t\t<div class=\"blockG\" id=\"rotateG_06\"><\/div>\n\t\t\t\t<div class=\"blockG\" id=\"rotateG_07\"><\/div>\n\t\t\t\t<div class=\"blockG\" id=\"rotateG_08\"><\/div>\n\t\t\t<\/div>\n\t\t\t<div class=\"WooZone-cross-sell-loader-text\"><\/div>\n\t\t<\/div>\n\t<\/div>\n\n\t\t\n<\/div>\n<div style=\"clear:both;\"><\/div><\/p>\n","protected":false},"excerpt":{"rendered":"<p>Entwickelt f\u00fcr pr\u00e4zise Cargo \u2013 ein neues Sicherheitsgurtsystem macht das Laden eines Kindes dank seines intuitiven Designs und der farbcodierten Schnallen sicherer und einfacher als je zuvor; der Klappst\u00e4nder und der seitliche Einstieg erm\u00f6glichen gr\u00f6\u00dfere Kinder selbst reinzukommen.<br \/>\nPr\u00e4zise Passform f\u00fcr Eltern \u2013 VariSlide pr\u00e4zise R\u00fcckenl\u00e4ngenanpassung macht den Austausch zwischen Eltern schnell und einfach. Der energieeffiziente VariFlex H\u00fcftgurt bietet eine ergonomische Lastverteilung f\u00fcr Mama und Papa und l\u00e4sst sich einfach durch die Pull-Forward-Konstruktion anpassen; Lastanpassungsgurte mit seidigen Tri-Glide-Schnallen erm\u00f6glichen die Feinabstimmung des Tragekomfort.<br \/>\nEin traumhaftes Fahren \u2013 Entwickelt, um Ihrem Kind das bequemste Trail-Erlebnis zu bieten, der h\u00f6henverstellbare Sitz mit variabler Breite sorgt f\u00fcr eine ergonomische, gesunde Sitzposition. Inklusive h\u00f6henverstellbaren Fu\u00dfst\u00fctzen, Pl\u00fcsch-Kinnpolster (maschinenwaschbar). ), eine integrierte Kopfst\u00fctze und ein ausklappbares Sonnendach<\/p>\n","protected":false},"featured_media":133433,"comment_status":"open","ping_status":"closed","template":"","meta":[],"product_brand":[],"product_cat":[21,9074],"product_tag":[],"class_list":{"0":"post-133432","1":"product","2":"type-product","3":"status-publish","4":"has-post-thumbnail","6":"product_cat-baby","7":"product_cat-babytragen-baby","8":"pa_brand-deuter","9":"pa_height-17-zoll","10":"pa_length-31-zoll","11":"pa_manufacturer-deuter","12":"pa_model-deu-3620319","13":"pa_size-einheitsgroesse","14":"pa_weight-8-pfund","15":"pa_width-13-zoll","17":"first","18":"instock","19":"shipping-taxable","20":"purchasable","21":"product-type-simple","22":"customify-col","23":"product-has-gallery"},"yoast_head":"<!-- This site is optimized with the Yoast SEO plugin v27.3 - https:\/\/yoast.com\/product\/yoast-seo-wordpress\/ -->\n<title>deuter Kid Comfort Pro Child Carrier and Backpack - Midnight - Markt-XXL<\/title>\n<meta name=\"description\" content=\"Markt-XXL deuter Kid Comfort Pro Child Carrier and Backpack - Midnight\" \/>\n<meta name=\"robots\" content=\"index, follow, max-snippet:-1, max-image-preview:large, max-video-preview:-1\" \/>\n<link rel=\"canonical\" href=\"https:\/\/marktxxl.de\/markt\/produkt\/deuter-kid-comfort-pro-kindertragetasche\/\" \/>\n<meta property=\"og:locale\" content=\"de_DE\" \/>\n<meta property=\"og:type\" content=\"article\" \/>\n<meta property=\"og:title\" content=\"deuter Kid Comfort Pro Child Carrier and Backpack - Midnight - Markt-XXL\" \/>\n<meta property=\"og:description\" content=\"Markt-XXL deuter Kid Comfort Pro Child Carrier and Backpack - Midnight\" \/>\n<meta property=\"og:url\" content=\"https:\/\/marktxxl.de\/markt\/produkt\/deuter-kid-comfort-pro-kindertragetasche\/\" \/>\n<meta property=\"og:site_name\" content=\"Markt-XXL\" \/>\n<meta property=\"article:modified_time\" content=\"2023-04-11T02:07:47+00:00\" \/>\n<meta property=\"og:image\" content=\"https:\/\/m.media-amazon.com\/images\/I\/51i0-WqFQYL._SL500_.jpg\" \/>\n\t<meta property=\"og:image:width\" content=\"500\" \/>\n\t<meta property=\"og:image:height\" content=\"500\" \/>\n\t<meta property=\"og:image:type\" content=\"image\/jpeg\" \/>\n<meta name=\"twitter:card\" content=\"summary_large_image\" \/>\n<meta name=\"twitter:label1\" content=\"Gesch\u00e4tzte Lesezeit\" \/>\n\t<meta name=\"twitter:data1\" content=\"1\u00a0Minute\" \/>\n<script type=\"application\/ld+json\" class=\"yoast-schema-graph\">{\"@context\":\"https:\\\/\\\/schema.org\",\"@graph\":[{\"@type\":\"WebPage\",\"@id\":\"https:\\\/\\\/marktxxl.de\\\/markt\\\/produkt\\\/deuter-kid-comfort-pro-kindertragetasche\\\/\",\"url\":\"https:\\\/\\\/marktxxl.de\\\/markt\\\/produkt\\\/deuter-kid-comfort-pro-kindertragetasche\\\/\",\"name\":\"deuter Kid Comfort Pro Child Carrier and Backpack - Midnight - Markt-XXL\",\"isPartOf\":{\"@id\":\"https:\\\/\\\/marktxxl.de\\\/markt\\\/#website\"},\"primaryImageOfPage\":{\"@id\":\"https:\\\/\\\/marktxxl.de\\\/markt\\\/produkt\\\/deuter-kid-comfort-pro-kindertragetasche\\\/#primaryimage\"},\"image\":{\"@id\":\"https:\\\/\\\/marktxxl.de\\\/markt\\\/produkt\\\/deuter-kid-comfort-pro-kindertragetasche\\\/#primaryimage\"},\"thumbnailUrl\":\"https:\\\/\\\/m.media-amazon.com\\\/images\\\/I\\\/51i0-WqFQYL._SL500_.jpg\",\"datePublished\":\"2022-07-13T18:58:17+00:00\",\"dateModified\":\"2023-04-11T02:07:47+00:00\",\"description\":\"Markt-XXL deuter Kid Comfort Pro Child Carrier and Backpack - Midnight\",\"breadcrumb\":{\"@id\":\"https:\\\/\\\/marktxxl.de\\\/markt\\\/produkt\\\/deuter-kid-comfort-pro-kindertragetasche\\\/#breadcrumb\"},\"inLanguage\":\"de\",\"potentialAction\":[{\"@type\":\"ReadAction\",\"target\":[\"https:\\\/\\\/marktxxl.de\\\/markt\\\/produkt\\\/deuter-kid-comfort-pro-kindertragetasche\\\/\"]}]},{\"@type\":\"ImageObject\",\"inLanguage\":\"de\",\"@id\":\"https:\\\/\\\/marktxxl.de\\\/markt\\\/produkt\\\/deuter-kid-comfort-pro-kindertragetasche\\\/#primaryimage\",\"url\":\"https:\\\/\\\/m.media-amazon.com\\\/images\\\/I\\\/51i0-WqFQYL._SL500_.jpg\",\"contentUrl\":\"https:\\\/\\\/m.media-amazon.com\\\/images\\\/I\\\/51i0-WqFQYL._SL500_.jpg\",\"width\":500,\"height\":500},{\"@type\":\"BreadcrumbList\",\"@id\":\"https:\\\/\\\/marktxxl.de\\\/markt\\\/produkt\\\/deuter-kid-comfort-pro-kindertragetasche\\\/#breadcrumb\",\"itemListElement\":[{\"@type\":\"ListItem\",\"position\":1,\"name\":\"Startseite\",\"item\":\"https:\\\/\\\/marktxxl.de\\\/markt\\\/\"},{\"@type\":\"ListItem\",\"position\":2,\"name\":\"Markt\",\"item\":\"https:\\\/\\\/marktxxl.de\\\/markt\\\/\"},{\"@type\":\"ListItem\",\"position\":3,\"name\":\"deuter Kid Comfort Pro Child Carrier and Backpack &#8211; Midnight\"}]},{\"@type\":\"WebSite\",\"@id\":\"https:\\\/\\\/marktxxl.de\\\/markt\\\/#website\",\"url\":\"https:\\\/\\\/marktxxl.de\\\/markt\\\/\",\"name\":\"Markt-XXL\",\"description\":\"Ihr Markt Online\",\"publisher\":{\"@id\":\"https:\\\/\\\/marktxxl.de\\\/markt\\\/#organization\"},\"potentialAction\":[{\"@type\":\"SearchAction\",\"target\":{\"@type\":\"EntryPoint\",\"urlTemplate\":\"https:\\\/\\\/marktxxl.de\\\/markt\\\/?s={search_term_string}\"},\"query-input\":{\"@type\":\"PropertyValueSpecification\",\"valueRequired\":true,\"valueName\":\"search_term_string\"}}],\"inLanguage\":\"de\"},{\"@type\":\"Organization\",\"@id\":\"https:\\\/\\\/marktxxl.de\\\/markt\\\/#organization\",\"name\":\"Markt-XXL\",\"url\":\"https:\\\/\\\/marktxxl.de\\\/markt\\\/\",\"logo\":{\"@type\":\"ImageObject\",\"inLanguage\":\"de\",\"@id\":\"https:\\\/\\\/marktxxl.de\\\/markt\\\/#\\\/schema\\\/logo\\\/image\\\/\",\"url\":\"https:\\\/\\\/marktxxl.de\\\/markt\\\/wp-content\\\/uploads\\\/sites\\\/3\\\/2020\\\/12\\\/logo.png\",\"contentUrl\":\"https:\\\/\\\/marktxxl.de\\\/markt\\\/wp-content\\\/uploads\\\/sites\\\/3\\\/2020\\\/12\\\/logo.png\",\"width\":200,\"height\":70,\"caption\":\"Markt-XXL\"},\"image\":{\"@id\":\"https:\\\/\\\/marktxxl.de\\\/markt\\\/#\\\/schema\\\/logo\\\/image\\\/\"}}]}<\/script>\n<!-- \/ Yoast SEO plugin. -->","yoast_head_json":{"title":"deuter Kid Comfort Pro Child Carrier and Backpack - Midnight - Markt-XXL","description":"Markt-XXL deuter Kid Comfort Pro Child Carrier and Backpack - Midnight","robots":{"index":"index","follow":"follow","max-snippet":"max-snippet:-1","max-image-preview":"max-image-preview:large","max-video-preview":"max-video-preview:-1"},"canonical":"https:\/\/marktxxl.de\/markt\/produkt\/deuter-kid-comfort-pro-kindertragetasche\/","og_locale":"de_DE","og_type":"article","og_title":"deuter Kid Comfort Pro Child Carrier and Backpack - Midnight - Markt-XXL","og_description":"Markt-XXL deuter Kid Comfort Pro Child Carrier and Backpack - Midnight","og_url":"https:\/\/marktxxl.de\/markt\/produkt\/deuter-kid-comfort-pro-kindertragetasche\/","og_site_name":"Markt-XXL","article_modified_time":"2023-04-11T02:07:47+00:00","og_image":[{"width":500,"height":500,"url":"https:\/\/m.media-amazon.com\/images\/I\/51i0-WqFQYL._SL500_.jpg","type":"image\/jpeg"}],"twitter_card":"summary_large_image","twitter_misc":{"Gesch\u00e4tzte Lesezeit":"1\u00a0Minute"},"schema":{"@context":"https:\/\/schema.org","@graph":[{"@type":"WebPage","@id":"https:\/\/marktxxl.de\/markt\/produkt\/deuter-kid-comfort-pro-kindertragetasche\/","url":"https:\/\/marktxxl.de\/markt\/produkt\/deuter-kid-comfort-pro-kindertragetasche\/","name":"deuter Kid Comfort Pro Child Carrier and Backpack - Midnight - Markt-XXL","isPartOf":{"@id":"https:\/\/marktxxl.de\/markt\/#website"},"primaryImageOfPage":{"@id":"https:\/\/marktxxl.de\/markt\/produkt\/deuter-kid-comfort-pro-kindertragetasche\/#primaryimage"},"image":{"@id":"https:\/\/marktxxl.de\/markt\/produkt\/deuter-kid-comfort-pro-kindertragetasche\/#primaryimage"},"thumbnailUrl":"https:\/\/m.media-amazon.com\/images\/I\/51i0-WqFQYL._SL500_.jpg","datePublished":"2022-07-13T18:58:17+00:00","dateModified":"2023-04-11T02:07:47+00:00","description":"Markt-XXL deuter Kid Comfort Pro Child Carrier and Backpack - Midnight","breadcrumb":{"@id":"https:\/\/marktxxl.de\/markt\/produkt\/deuter-kid-comfort-pro-kindertragetasche\/#breadcrumb"},"inLanguage":"de","potentialAction":[{"@type":"ReadAction","target":["https:\/\/marktxxl.de\/markt\/produkt\/deuter-kid-comfort-pro-kindertragetasche\/"]}]},{"@type":"ImageObject","inLanguage":"de","@id":"https:\/\/marktxxl.de\/markt\/produkt\/deuter-kid-comfort-pro-kindertragetasche\/#primaryimage","url":"https:\/\/m.media-amazon.com\/images\/I\/51i0-WqFQYL._SL500_.jpg","contentUrl":"https:\/\/m.media-amazon.com\/images\/I\/51i0-WqFQYL._SL500_.jpg","width":500,"height":500},{"@type":"BreadcrumbList","@id":"https:\/\/marktxxl.de\/markt\/produkt\/deuter-kid-comfort-pro-kindertragetasche\/#breadcrumb","itemListElement":[{"@type":"ListItem","position":1,"name":"Startseite","item":"https:\/\/marktxxl.de\/markt\/"},{"@type":"ListItem","position":2,"name":"Markt","item":"https:\/\/marktxxl.de\/markt\/"},{"@type":"ListItem","position":3,"name":"deuter Kid Comfort Pro Child Carrier and Backpack &#8211; Midnight"}]},{"@type":"WebSite","@id":"https:\/\/marktxxl.de\/markt\/#website","url":"https:\/\/marktxxl.de\/markt\/","name":"Markt-XXL","description":"Ihr Markt Online","publisher":{"@id":"https:\/\/marktxxl.de\/markt\/#organization"},"potentialAction":[{"@type":"SearchAction","target":{"@type":"EntryPoint","urlTemplate":"https:\/\/marktxxl.de\/markt\/?s={search_term_string}"},"query-input":{"@type":"PropertyValueSpecification","valueRequired":true,"valueName":"search_term_string"}}],"inLanguage":"de"},{"@type":"Organization","@id":"https:\/\/marktxxl.de\/markt\/#organization","name":"Markt-XXL","url":"https:\/\/marktxxl.de\/markt\/","logo":{"@type":"ImageObject","inLanguage":"de","@id":"https:\/\/marktxxl.de\/markt\/#\/schema\/logo\/image\/","url":"https:\/\/marktxxl.de\/markt\/wp-content\/uploads\/sites\/3\/2020\/12\/logo.png","contentUrl":"https:\/\/marktxxl.de\/markt\/wp-content\/uploads\/sites\/3\/2020\/12\/logo.png","width":200,"height":70,"caption":"Markt-XXL"},"image":{"@id":"https:\/\/marktxxl.de\/markt\/#\/schema\/logo\/image\/"}}]}},"_links":{"self":[{"href":"https:\/\/marktxxl.de\/markt\/wp-json\/wp\/v2\/product\/133432","targetHints":{"allow":["GET"]}}],"collection":[{"href":"https:\/\/marktxxl.de\/markt\/wp-json\/wp\/v2\/product"}],"about":[{"href":"https:\/\/marktxxl.de\/markt\/wp-json\/wp\/v2\/types\/product"}],"replies":[{"embeddable":true,"href":"https:\/\/marktxxl.de\/markt\/wp-json\/wp\/v2\/comments?post=133432"}],"wp:featuredmedia":[{"embeddable":true,"href":"https:\/\/marktxxl.de\/markt\/wp-json\/wp\/v2\/media\/133433"}],"wp:attachment":[{"href":"https:\/\/marktxxl.de\/markt\/wp-json\/wp\/v2\/media?parent=133432"}],"wp:term":[{"taxonomy":"product_brand","embeddable":true,"href":"https:\/\/marktxxl.de\/markt\/wp-json\/wp\/v2\/product_brand?post=133432"},{"taxonomy":"product_cat","embeddable":true,"href":"https:\/\/marktxxl.de\/markt\/wp-json\/wp\/v2\/product_cat?post=133432"},{"taxonomy":"product_tag","embeddable":true,"href":"https:\/\/marktxxl.de\/markt\/wp-json\/wp\/v2\/product_tag?post=133432"}],"curies":[{"name":"wp","href":"https:\/\/api.w.org\/{rel}","templated":true}]}}