{"id":133424,"date":"2022-07-13T20:58:12","date_gmt":"2022-07-13T18:58:12","guid":{"rendered":"https:\/\/marktxxl.de\/markt\/produkt\/manduca-by-mam-tragecover-flex\/"},"modified":"2023-04-11T04:07:46","modified_gmt":"2023-04-11T02:07:46","slug":"manduca-by-mam-tragecover-flex","status":"publish","type":"product","link":"https:\/\/marktxxl.de\/markt\/produkt\/manduca-by-mam-tragecover-flex\/","title":{"rendered":"manduca by MaM Tragecover Flex (3-in1 All-Season Combo SilverCloud)"},"content":{"rendered":"<p>&#8230;<br \/>\nWie alle manduca by MaM Tragecover Flex besonders einfach und flexibel in der Handhabung: Cleveres B\u00e4ndersystem, das mit Karabiner und Haken schnell angelegt werden kann, ohne umst\u00e4ndliches Binden.<br \/>\nEinmalig: dank des cleveren Flex-Systems kann das Cover einfach heruntergerollt werden, ohne dass du dein Baby aus der Babytrage nehmen musst. Ideal f\u00fcr h\u00e4ufigen Wechsel von warmen Innenr\u00e4umen nach Drau\u00dfen in die kalte Luft.<br \/>\nWinddicht und atmungsaktiv, wasserdichte MaM Tec-Membran, mit weichem Fleece gef\u00fcttert.<br \/>\nDas Tragecover selbst ist genauso wie das abnehmbare M\u00fctzchen gr\u00f6\u00dfenverstellbar und passt sich deinem Baby an. F\u00fcr Bauchtragen und R\u00fcckentragen geeignet, kompatibel mit allen Babytragen und Traget\u00fcchern.<br \/>\n<div class=\"main-cross-sell\" data-asin=\"B0B3VMMB1Q\">\n\n\t<div class=\"WooZone-cross-sell-loader\">\n\t\t<div>\n\t\t\t<div id=\"floatingBarsG\">\n\t\t\t\t<div class=\"blockG\" id=\"rotateG_01\"><\/div>\n\t\t\t\t<div class=\"blockG\" id=\"rotateG_02\"><\/div>\n\t\t\t\t<div class=\"blockG\" id=\"rotateG_03\"><\/div>\n\t\t\t\t<div class=\"blockG\" id=\"rotateG_04\"><\/div>\n\t\t\t\t<div class=\"blockG\" id=\"rotateG_05\"><\/div>\n\t\t\t\t<div class=\"blockG\" id=\"rotateG_06\"><\/div>\n\t\t\t\t<div class=\"blockG\" id=\"rotateG_07\"><\/div>\n\t\t\t\t<div class=\"blockG\" id=\"rotateG_08\"><\/div>\n\t\t\t<\/div>\n\t\t\t<div class=\"WooZone-cross-sell-loader-text\"><\/div>\n\t\t<\/div>\n\t<\/div>\n\n\t\t\n<\/div>\n<div style=\"clear:both;\"><\/div><\/p>\n","protected":false},"excerpt":{"rendered":"<p>&#8230;<br \/>\nWie alle manduca by MaM Tragecover Flex besonders einfach und flexibel in der Handhabung: Cleveres B\u00e4ndersystem, das mit Karabiner und Haken schnell angelegt werden kann, ohne umst\u00e4ndliches Binden.<br \/>\nEinmalig: dank des cleveren Flex-Systems kann das Cover einfach heruntergerollt werden, ohne dass du dein Baby aus der Babytrage nehmen musst. Ideal f\u00fcr h\u00e4ufigen Wechsel von warmen Innenr\u00e4umen nach Drau\u00dfen in die kalte Luft.<\/p>\n","protected":false},"featured_media":133425,"comment_status":"open","ping_status":"closed","template":"","meta":[],"product_brand":[],"product_cat":[21,9074],"product_tag":[],"class_list":{"0":"post-133424","1":"product","2":"type-product","3":"status-publish","4":"has-post-thumbnail","6":"product_cat-baby","7":"product_cat-babytragen-baby","8":"pa_binding-babyartikel","9":"pa_brand-manduca","10":"pa_manufacturer-wickelkinder-gmbh","12":"first","13":"instock","14":"shipping-taxable","15":"purchasable","16":"product-type-simple","17":"customify-col","18":"product-has-gallery"},"yoast_head":"<!-- This site is optimized with the Yoast SEO plugin v27.3 - https:\/\/yoast.com\/product\/yoast-seo-wordpress\/ -->\n<title>manduca by MaM Tragecover Flex (3-in1 All-Season Combo SilverCloud) - Markt-XXL<\/title>\n<meta name=\"description\" content=\"Markt-XXL manduca by MaM Tragecover Flex (3-in1 All-Season Combo SilverCloud)\" \/>\n<meta name=\"robots\" content=\"index, follow, max-snippet:-1, max-image-preview:large, max-video-preview:-1\" \/>\n<link rel=\"canonical\" href=\"https:\/\/marktxxl.de\/markt\/produkt\/manduca-by-mam-tragecover-flex\/\" \/>\n<meta property=\"og:locale\" content=\"de_DE\" \/>\n<meta property=\"og:type\" content=\"article\" \/>\n<meta property=\"og:title\" content=\"manduca by MaM Tragecover Flex (3-in1 All-Season Combo SilverCloud) - Markt-XXL\" \/>\n<meta property=\"og:description\" content=\"Markt-XXL manduca by MaM Tragecover Flex (3-in1 All-Season Combo SilverCloud)\" \/>\n<meta property=\"og:url\" content=\"https:\/\/marktxxl.de\/markt\/produkt\/manduca-by-mam-tragecover-flex\/\" \/>\n<meta property=\"og:site_name\" content=\"Markt-XXL\" \/>\n<meta property=\"article:modified_time\" content=\"2023-04-11T02:07:46+00:00\" \/>\n<meta property=\"og:image\" content=\"https:\/\/m.media-amazon.com\/images\/I\/3135MixLrRL._SL500_.jpg\" \/>\n\t<meta property=\"og:image:width\" content=\"500\" \/>\n\t<meta property=\"og:image:height\" content=\"500\" \/>\n\t<meta property=\"og:image:type\" content=\"image\/jpeg\" \/>\n<meta name=\"twitter:card\" content=\"summary_large_image\" \/>\n<meta name=\"twitter:label1\" content=\"Gesch\u00e4tzte Lesezeit\" \/>\n\t<meta name=\"twitter:data1\" content=\"1\u00a0Minute\" \/>\n<script type=\"application\/ld+json\" class=\"yoast-schema-graph\">{\"@context\":\"https:\\\/\\\/schema.org\",\"@graph\":[{\"@type\":\"WebPage\",\"@id\":\"https:\\\/\\\/marktxxl.de\\\/markt\\\/produkt\\\/manduca-by-mam-tragecover-flex\\\/\",\"url\":\"https:\\\/\\\/marktxxl.de\\\/markt\\\/produkt\\\/manduca-by-mam-tragecover-flex\\\/\",\"name\":\"manduca by MaM Tragecover Flex (3-in1 All-Season Combo SilverCloud) - Markt-XXL\",\"isPartOf\":{\"@id\":\"https:\\\/\\\/marktxxl.de\\\/markt\\\/#website\"},\"primaryImageOfPage\":{\"@id\":\"https:\\\/\\\/marktxxl.de\\\/markt\\\/produkt\\\/manduca-by-mam-tragecover-flex\\\/#primaryimage\"},\"image\":{\"@id\":\"https:\\\/\\\/marktxxl.de\\\/markt\\\/produkt\\\/manduca-by-mam-tragecover-flex\\\/#primaryimage\"},\"thumbnailUrl\":\"https:\\\/\\\/m.media-amazon.com\\\/images\\\/I\\\/3135MixLrRL._SL500_.jpg\",\"datePublished\":\"2022-07-13T18:58:12+00:00\",\"dateModified\":\"2023-04-11T02:07:46+00:00\",\"description\":\"Markt-XXL manduca by MaM Tragecover Flex (3-in1 All-Season Combo SilverCloud)\",\"breadcrumb\":{\"@id\":\"https:\\\/\\\/marktxxl.de\\\/markt\\\/produkt\\\/manduca-by-mam-tragecover-flex\\\/#breadcrumb\"},\"inLanguage\":\"de\",\"potentialAction\":[{\"@type\":\"ReadAction\",\"target\":[\"https:\\\/\\\/marktxxl.de\\\/markt\\\/produkt\\\/manduca-by-mam-tragecover-flex\\\/\"]}]},{\"@type\":\"ImageObject\",\"inLanguage\":\"de\",\"@id\":\"https:\\\/\\\/marktxxl.de\\\/markt\\\/produkt\\\/manduca-by-mam-tragecover-flex\\\/#primaryimage\",\"url\":\"https:\\\/\\\/m.media-amazon.com\\\/images\\\/I\\\/3135MixLrRL._SL500_.jpg\",\"contentUrl\":\"https:\\\/\\\/m.media-amazon.com\\\/images\\\/I\\\/3135MixLrRL._SL500_.jpg\",\"width\":500,\"height\":500},{\"@type\":\"BreadcrumbList\",\"@id\":\"https:\\\/\\\/marktxxl.de\\\/markt\\\/produkt\\\/manduca-by-mam-tragecover-flex\\\/#breadcrumb\",\"itemListElement\":[{\"@type\":\"ListItem\",\"position\":1,\"name\":\"Startseite\",\"item\":\"https:\\\/\\\/marktxxl.de\\\/markt\\\/\"},{\"@type\":\"ListItem\",\"position\":2,\"name\":\"Markt\",\"item\":\"https:\\\/\\\/marktxxl.de\\\/markt\\\/\"},{\"@type\":\"ListItem\",\"position\":3,\"name\":\"manduca by MaM Tragecover Flex (3-in1 All-Season Combo SilverCloud)\"}]},{\"@type\":\"WebSite\",\"@id\":\"https:\\\/\\\/marktxxl.de\\\/markt\\\/#website\",\"url\":\"https:\\\/\\\/marktxxl.de\\\/markt\\\/\",\"name\":\"Markt-XXL\",\"description\":\"Ihr Markt Online\",\"publisher\":{\"@id\":\"https:\\\/\\\/marktxxl.de\\\/markt\\\/#organization\"},\"potentialAction\":[{\"@type\":\"SearchAction\",\"target\":{\"@type\":\"EntryPoint\",\"urlTemplate\":\"https:\\\/\\\/marktxxl.de\\\/markt\\\/?s={search_term_string}\"},\"query-input\":{\"@type\":\"PropertyValueSpecification\",\"valueRequired\":true,\"valueName\":\"search_term_string\"}}],\"inLanguage\":\"de\"},{\"@type\":\"Organization\",\"@id\":\"https:\\\/\\\/marktxxl.de\\\/markt\\\/#organization\",\"name\":\"Markt-XXL\",\"url\":\"https:\\\/\\\/marktxxl.de\\\/markt\\\/\",\"logo\":{\"@type\":\"ImageObject\",\"inLanguage\":\"de\",\"@id\":\"https:\\\/\\\/marktxxl.de\\\/markt\\\/#\\\/schema\\\/logo\\\/image\\\/\",\"url\":\"https:\\\/\\\/marktxxl.de\\\/markt\\\/wp-content\\\/uploads\\\/sites\\\/3\\\/2020\\\/12\\\/logo.png\",\"contentUrl\":\"https:\\\/\\\/marktxxl.de\\\/markt\\\/wp-content\\\/uploads\\\/sites\\\/3\\\/2020\\\/12\\\/logo.png\",\"width\":200,\"height\":70,\"caption\":\"Markt-XXL\"},\"image\":{\"@id\":\"https:\\\/\\\/marktxxl.de\\\/markt\\\/#\\\/schema\\\/logo\\\/image\\\/\"}}]}<\/script>\n<!-- \/ Yoast SEO plugin. -->","yoast_head_json":{"title":"manduca by MaM Tragecover Flex (3-in1 All-Season Combo SilverCloud) - Markt-XXL","description":"Markt-XXL manduca by MaM Tragecover Flex (3-in1 All-Season Combo SilverCloud)","robots":{"index":"index","follow":"follow","max-snippet":"max-snippet:-1","max-image-preview":"max-image-preview:large","max-video-preview":"max-video-preview:-1"},"canonical":"https:\/\/marktxxl.de\/markt\/produkt\/manduca-by-mam-tragecover-flex\/","og_locale":"de_DE","og_type":"article","og_title":"manduca by MaM Tragecover Flex (3-in1 All-Season Combo SilverCloud) - Markt-XXL","og_description":"Markt-XXL manduca by MaM Tragecover Flex (3-in1 All-Season Combo SilverCloud)","og_url":"https:\/\/marktxxl.de\/markt\/produkt\/manduca-by-mam-tragecover-flex\/","og_site_name":"Markt-XXL","article_modified_time":"2023-04-11T02:07:46+00:00","og_image":[{"width":500,"height":500,"url":"https:\/\/m.media-amazon.com\/images\/I\/3135MixLrRL._SL500_.jpg","type":"image\/jpeg"}],"twitter_card":"summary_large_image","twitter_misc":{"Gesch\u00e4tzte Lesezeit":"1\u00a0Minute"},"schema":{"@context":"https:\/\/schema.org","@graph":[{"@type":"WebPage","@id":"https:\/\/marktxxl.de\/markt\/produkt\/manduca-by-mam-tragecover-flex\/","url":"https:\/\/marktxxl.de\/markt\/produkt\/manduca-by-mam-tragecover-flex\/","name":"manduca by MaM Tragecover Flex (3-in1 All-Season Combo SilverCloud) - Markt-XXL","isPartOf":{"@id":"https:\/\/marktxxl.de\/markt\/#website"},"primaryImageOfPage":{"@id":"https:\/\/marktxxl.de\/markt\/produkt\/manduca-by-mam-tragecover-flex\/#primaryimage"},"image":{"@id":"https:\/\/marktxxl.de\/markt\/produkt\/manduca-by-mam-tragecover-flex\/#primaryimage"},"thumbnailUrl":"https:\/\/m.media-amazon.com\/images\/I\/3135MixLrRL._SL500_.jpg","datePublished":"2022-07-13T18:58:12+00:00","dateModified":"2023-04-11T02:07:46+00:00","description":"Markt-XXL manduca by MaM Tragecover Flex (3-in1 All-Season Combo SilverCloud)","breadcrumb":{"@id":"https:\/\/marktxxl.de\/markt\/produkt\/manduca-by-mam-tragecover-flex\/#breadcrumb"},"inLanguage":"de","potentialAction":[{"@type":"ReadAction","target":["https:\/\/marktxxl.de\/markt\/produkt\/manduca-by-mam-tragecover-flex\/"]}]},{"@type":"ImageObject","inLanguage":"de","@id":"https:\/\/marktxxl.de\/markt\/produkt\/manduca-by-mam-tragecover-flex\/#primaryimage","url":"https:\/\/m.media-amazon.com\/images\/I\/3135MixLrRL._SL500_.jpg","contentUrl":"https:\/\/m.media-amazon.com\/images\/I\/3135MixLrRL._SL500_.jpg","width":500,"height":500},{"@type":"BreadcrumbList","@id":"https:\/\/marktxxl.de\/markt\/produkt\/manduca-by-mam-tragecover-flex\/#breadcrumb","itemListElement":[{"@type":"ListItem","position":1,"name":"Startseite","item":"https:\/\/marktxxl.de\/markt\/"},{"@type":"ListItem","position":2,"name":"Markt","item":"https:\/\/marktxxl.de\/markt\/"},{"@type":"ListItem","position":3,"name":"manduca by MaM Tragecover Flex (3-in1 All-Season Combo SilverCloud)"}]},{"@type":"WebSite","@id":"https:\/\/marktxxl.de\/markt\/#website","url":"https:\/\/marktxxl.de\/markt\/","name":"Markt-XXL","description":"Ihr Markt Online","publisher":{"@id":"https:\/\/marktxxl.de\/markt\/#organization"},"potentialAction":[{"@type":"SearchAction","target":{"@type":"EntryPoint","urlTemplate":"https:\/\/marktxxl.de\/markt\/?s={search_term_string}"},"query-input":{"@type":"PropertyValueSpecification","valueRequired":true,"valueName":"search_term_string"}}],"inLanguage":"de"},{"@type":"Organization","@id":"https:\/\/marktxxl.de\/markt\/#organization","name":"Markt-XXL","url":"https:\/\/marktxxl.de\/markt\/","logo":{"@type":"ImageObject","inLanguage":"de","@id":"https:\/\/marktxxl.de\/markt\/#\/schema\/logo\/image\/","url":"https:\/\/marktxxl.de\/markt\/wp-content\/uploads\/sites\/3\/2020\/12\/logo.png","contentUrl":"https:\/\/marktxxl.de\/markt\/wp-content\/uploads\/sites\/3\/2020\/12\/logo.png","width":200,"height":70,"caption":"Markt-XXL"},"image":{"@id":"https:\/\/marktxxl.de\/markt\/#\/schema\/logo\/image\/"}}]}},"_links":{"self":[{"href":"https:\/\/marktxxl.de\/markt\/wp-json\/wp\/v2\/product\/133424","targetHints":{"allow":["GET"]}}],"collection":[{"href":"https:\/\/marktxxl.de\/markt\/wp-json\/wp\/v2\/product"}],"about":[{"href":"https:\/\/marktxxl.de\/markt\/wp-json\/wp\/v2\/types\/product"}],"replies":[{"embeddable":true,"href":"https:\/\/marktxxl.de\/markt\/wp-json\/wp\/v2\/comments?post=133424"}],"wp:featuredmedia":[{"embeddable":true,"href":"https:\/\/marktxxl.de\/markt\/wp-json\/wp\/v2\/media\/133425"}],"wp:attachment":[{"href":"https:\/\/marktxxl.de\/markt\/wp-json\/wp\/v2\/media?parent=133424"}],"wp:term":[{"taxonomy":"product_brand","embeddable":true,"href":"https:\/\/marktxxl.de\/markt\/wp-json\/wp\/v2\/product_brand?post=133424"},{"taxonomy":"product_cat","embeddable":true,"href":"https:\/\/marktxxl.de\/markt\/wp-json\/wp\/v2\/product_cat?post=133424"},{"taxonomy":"product_tag","embeddable":true,"href":"https:\/\/marktxxl.de\/markt\/wp-json\/wp\/v2\/product_tag?post=133424"}],"curies":[{"name":"wp","href":"https:\/\/api.w.org\/{rel}","templated":true}]}}