{"id":133320,"date":"2022-07-13T20:52:40","date_gmt":"2022-07-13T18:52:40","guid":{"rendered":"https:\/\/marktxxl.de\/markt\/produkt\/the-last-of-us-tubbz-offiziell-clicker-sammelfigur-gummiente\/"},"modified":"2023-04-11T04:07:44","modified_gmt":"2023-04-11T02:07:44","slug":"the-last-of-us-tubbz-offiziell-clicker-sammelfigur-gummiente","status":"publish","type":"product","link":"https:\/\/marktxxl.de\/markt\/produkt\/the-last-of-us-tubbz-offiziell-clicker-sammelfigur-gummiente\/","title":{"rendered":"The Last of Us TUBBZ Offiziell Clicker Sammelfigur Gummiente"},"content":{"rendered":"<p>OFFIZIELL THE LAST OF US MERCH:Diese Ente mag nicht mit Superkr\u00e4ften und echolokierenden F\u00e4higkeiten ausgestattet sein, aber man kann dankbar sein, dass sie weitaus weniger t\u00f6dlich sind als die letztere Alternative eines vollwertigen infizierten Menschen.<br \/>\nMACHT EIN GROSSES GESCHENK: Bei so vielen weiteren Figuren, die es zu sammeln gibt, ist dieses Geschenk das Geschenk, das immer weiter schenkt und garantiert Ihren spielbegeisterten Freund, ein Familienmitglied oder einen geliebten Menschen erfreuen wird.<br \/>\nSAMMELN SIE ALLE: Beginnen Sie Ihre Sammlung gleich hier und jetzt! Sammeln Sie alle Sammelfiguren aus Ihren Lieblings-Videospielen, Filmen, Fernsehsendungen und Comic-Heften, die als Gummienten lebendig werden.<br \/>\nTUBBZ COLLECTABLE: Tubbz sind lustige Sammlerst\u00fccke, die all Ihre Lieblingsfiguren in Figuren im Enten-Stil verwandelt haben. Das Cosplaying Rubber Duck Collectible wird in einer Sammler-Badewannendisplaybox geliefert, w\u00e4hrend die TUBBZ Duck selbst aus langlebigem, hochwertigem PVC gefertigt ist.<br \/>\n100% KUNDENZUFRIEDENHEIT: Wir bei TUBBZ sind ebenso leidenschaftlich wie zuversichtlich in Bezug auf die Qualit\u00e4t unserer TUBBZ-Sammelentenfiguren. Wir legen gro\u00dfen Wert darauf, dass Sie bei jedem Schritt ein zufriedener Kunde bleiben, weshalb jeder Kauf mit einer 1-j\u00e4hrigen Herstellergarantie verbunden ist.<br \/>\n<div class=\"main-cross-sell\" data-asin=\"B084KVSZY5\">\n\n\t<div class=\"WooZone-cross-sell-loader\">\n\t\t<div>\n\t\t\t<div id=\"floatingBarsG\">\n\t\t\t\t<div class=\"blockG\" id=\"rotateG_01\"><\/div>\n\t\t\t\t<div class=\"blockG\" id=\"rotateG_02\"><\/div>\n\t\t\t\t<div class=\"blockG\" id=\"rotateG_03\"><\/div>\n\t\t\t\t<div class=\"blockG\" id=\"rotateG_04\"><\/div>\n\t\t\t\t<div class=\"blockG\" id=\"rotateG_05\"><\/div>\n\t\t\t\t<div class=\"blockG\" id=\"rotateG_06\"><\/div>\n\t\t\t\t<div class=\"blockG\" id=\"rotateG_07\"><\/div>\n\t\t\t\t<div class=\"blockG\" id=\"rotateG_08\"><\/div>\n\t\t\t<\/div>\n\t\t\t<div class=\"WooZone-cross-sell-loader-text\"><\/div>\n\t\t<\/div>\n\t<\/div>\n\n\t\t\n<\/div>\n<div style=\"clear:both;\"><\/div><\/p>\n","protected":false},"excerpt":{"rendered":"<p>OFFIZIELL THE LAST OF US MERCH:Diese Ente mag nicht mit Superkr\u00e4ften und echolokierenden F\u00e4higkeiten ausgestattet sein, aber man kann dankbar sein, dass sie weitaus weniger t\u00f6dlich sind als die letztere Alternative eines vollwertigen infizierten Menschen.<br \/>\nMACHT EIN GROSSES GESCHENK: Bei so vielen weiteren Figuren, die es zu sammeln gibt, ist dieses Geschenk das Geschenk, das immer weiter schenkt und garantiert Ihren spielbegeisterten Freund, ein Familienmitglied oder einen geliebten Menschen erfreuen wird.<br \/>\nSAMMELN SIE ALLE: Beginnen Sie Ihre Sammlung gleich hier und jetzt! Sammeln Sie alle Sammelfiguren aus Ihren Lieblings-Videospielen, Filmen, Fernsehsendungen und Comic-Heften, die als Gummienten lebendig werden.<\/p>\n","protected":false},"featured_media":133321,"comment_status":"open","ping_status":"closed","template":"","meta":[],"product_brand":[],"product_cat":[21,9009],"product_tag":[],"class_list":{"0":"post-133320","1":"product","2":"type-product","3":"status-publish","4":"has-post-thumbnail","6":"product_cat-baby","7":"product_cat-babypflege-baby","8":"pa_binding-haushaltswaren","9":"pa_brand-the-last-of-us","10":"pa_color-clicker","11":"pa_height-5-5-zoll","12":"pa_length-6-3-zoll","13":"pa_manufacturer-numskull","14":"pa_model-37780","15":"pa_size-clicker","16":"pa_warranty-2-jahre-herstellergarantie","17":"pa_width-5-9-zoll","19":"first","20":"instock","21":"shipping-taxable","22":"purchasable","23":"product-type-simple","24":"customify-col","25":"product-has-gallery"},"yoast_head":"<!-- This site is optimized with the Yoast SEO plugin v27.3 - https:\/\/yoast.com\/product\/yoast-seo-wordpress\/ -->\n<title>The Last of Us TUBBZ Offiziell Clicker Sammelfigur Gummiente - Markt-XXL<\/title>\n<meta name=\"description\" content=\"Markt-XXL The Last of Us TUBBZ Offiziell Clicker Sammelfigur Gummiente\" \/>\n<meta name=\"robots\" content=\"index, follow, max-snippet:-1, max-image-preview:large, max-video-preview:-1\" \/>\n<link rel=\"canonical\" href=\"https:\/\/marktxxl.de\/markt\/produkt\/the-last-of-us-tubbz-offiziell-clicker-sammelfigur-gummiente\/\" \/>\n<meta property=\"og:locale\" content=\"de_DE\" \/>\n<meta property=\"og:type\" content=\"article\" \/>\n<meta property=\"og:title\" content=\"The Last of Us TUBBZ Offiziell Clicker Sammelfigur Gummiente - Markt-XXL\" \/>\n<meta property=\"og:description\" content=\"Markt-XXL The Last of Us TUBBZ Offiziell Clicker Sammelfigur Gummiente\" \/>\n<meta property=\"og:url\" content=\"https:\/\/marktxxl.de\/markt\/produkt\/the-last-of-us-tubbz-offiziell-clicker-sammelfigur-gummiente\/\" \/>\n<meta property=\"og:site_name\" content=\"Markt-XXL\" \/>\n<meta property=\"article:modified_time\" content=\"2023-04-11T02:07:44+00:00\" \/>\n<meta property=\"og:image\" content=\"https:\/\/m.media-amazon.com\/images\/I\/413I8nvHaZL._SL500_.jpg\" \/>\n\t<meta property=\"og:image:width\" content=\"400\" \/>\n\t<meta property=\"og:image:height\" content=\"500\" \/>\n\t<meta property=\"og:image:type\" content=\"image\/jpeg\" \/>\n<meta name=\"twitter:card\" content=\"summary_large_image\" \/>\n<meta name=\"twitter:label1\" content=\"Gesch\u00e4tzte Lesezeit\" \/>\n\t<meta name=\"twitter:data1\" content=\"1\u00a0Minute\" \/>\n<script type=\"application\/ld+json\" class=\"yoast-schema-graph\">{\"@context\":\"https:\\\/\\\/schema.org\",\"@graph\":[{\"@type\":\"WebPage\",\"@id\":\"https:\\\/\\\/marktxxl.de\\\/markt\\\/produkt\\\/the-last-of-us-tubbz-offiziell-clicker-sammelfigur-gummiente\\\/\",\"url\":\"https:\\\/\\\/marktxxl.de\\\/markt\\\/produkt\\\/the-last-of-us-tubbz-offiziell-clicker-sammelfigur-gummiente\\\/\",\"name\":\"The Last of Us TUBBZ Offiziell Clicker Sammelfigur Gummiente - Markt-XXL\",\"isPartOf\":{\"@id\":\"https:\\\/\\\/marktxxl.de\\\/markt\\\/#website\"},\"primaryImageOfPage\":{\"@id\":\"https:\\\/\\\/marktxxl.de\\\/markt\\\/produkt\\\/the-last-of-us-tubbz-offiziell-clicker-sammelfigur-gummiente\\\/#primaryimage\"},\"image\":{\"@id\":\"https:\\\/\\\/marktxxl.de\\\/markt\\\/produkt\\\/the-last-of-us-tubbz-offiziell-clicker-sammelfigur-gummiente\\\/#primaryimage\"},\"thumbnailUrl\":\"https:\\\/\\\/m.media-amazon.com\\\/images\\\/I\\\/413I8nvHaZL._SL500_.jpg\",\"datePublished\":\"2022-07-13T18:52:40+00:00\",\"dateModified\":\"2023-04-11T02:07:44+00:00\",\"description\":\"Markt-XXL The Last of Us TUBBZ Offiziell Clicker Sammelfigur Gummiente\",\"breadcrumb\":{\"@id\":\"https:\\\/\\\/marktxxl.de\\\/markt\\\/produkt\\\/the-last-of-us-tubbz-offiziell-clicker-sammelfigur-gummiente\\\/#breadcrumb\"},\"inLanguage\":\"de\",\"potentialAction\":[{\"@type\":\"ReadAction\",\"target\":[\"https:\\\/\\\/marktxxl.de\\\/markt\\\/produkt\\\/the-last-of-us-tubbz-offiziell-clicker-sammelfigur-gummiente\\\/\"]}]},{\"@type\":\"ImageObject\",\"inLanguage\":\"de\",\"@id\":\"https:\\\/\\\/marktxxl.de\\\/markt\\\/produkt\\\/the-last-of-us-tubbz-offiziell-clicker-sammelfigur-gummiente\\\/#primaryimage\",\"url\":\"https:\\\/\\\/m.media-amazon.com\\\/images\\\/I\\\/413I8nvHaZL._SL500_.jpg\",\"contentUrl\":\"https:\\\/\\\/m.media-amazon.com\\\/images\\\/I\\\/413I8nvHaZL._SL500_.jpg\",\"width\":400,\"height\":500},{\"@type\":\"BreadcrumbList\",\"@id\":\"https:\\\/\\\/marktxxl.de\\\/markt\\\/produkt\\\/the-last-of-us-tubbz-offiziell-clicker-sammelfigur-gummiente\\\/#breadcrumb\",\"itemListElement\":[{\"@type\":\"ListItem\",\"position\":1,\"name\":\"Startseite\",\"item\":\"https:\\\/\\\/marktxxl.de\\\/markt\\\/\"},{\"@type\":\"ListItem\",\"position\":2,\"name\":\"Markt\",\"item\":\"https:\\\/\\\/marktxxl.de\\\/markt\\\/\"},{\"@type\":\"ListItem\",\"position\":3,\"name\":\"The Last of Us TUBBZ Offiziell Clicker Sammelfigur Gummiente\"}]},{\"@type\":\"WebSite\",\"@id\":\"https:\\\/\\\/marktxxl.de\\\/markt\\\/#website\",\"url\":\"https:\\\/\\\/marktxxl.de\\\/markt\\\/\",\"name\":\"Markt-XXL\",\"description\":\"Ihr Markt Online\",\"publisher\":{\"@id\":\"https:\\\/\\\/marktxxl.de\\\/markt\\\/#organization\"},\"potentialAction\":[{\"@type\":\"SearchAction\",\"target\":{\"@type\":\"EntryPoint\",\"urlTemplate\":\"https:\\\/\\\/marktxxl.de\\\/markt\\\/?s={search_term_string}\"},\"query-input\":{\"@type\":\"PropertyValueSpecification\",\"valueRequired\":true,\"valueName\":\"search_term_string\"}}],\"inLanguage\":\"de\"},{\"@type\":\"Organization\",\"@id\":\"https:\\\/\\\/marktxxl.de\\\/markt\\\/#organization\",\"name\":\"Markt-XXL\",\"url\":\"https:\\\/\\\/marktxxl.de\\\/markt\\\/\",\"logo\":{\"@type\":\"ImageObject\",\"inLanguage\":\"de\",\"@id\":\"https:\\\/\\\/marktxxl.de\\\/markt\\\/#\\\/schema\\\/logo\\\/image\\\/\",\"url\":\"https:\\\/\\\/marktxxl.de\\\/markt\\\/wp-content\\\/uploads\\\/sites\\\/3\\\/2020\\\/12\\\/logo.png\",\"contentUrl\":\"https:\\\/\\\/marktxxl.de\\\/markt\\\/wp-content\\\/uploads\\\/sites\\\/3\\\/2020\\\/12\\\/logo.png\",\"width\":200,\"height\":70,\"caption\":\"Markt-XXL\"},\"image\":{\"@id\":\"https:\\\/\\\/marktxxl.de\\\/markt\\\/#\\\/schema\\\/logo\\\/image\\\/\"}}]}<\/script>\n<!-- \/ Yoast SEO plugin. -->","yoast_head_json":{"title":"The Last of Us TUBBZ Offiziell Clicker Sammelfigur Gummiente - Markt-XXL","description":"Markt-XXL The Last of Us TUBBZ Offiziell Clicker Sammelfigur Gummiente","robots":{"index":"index","follow":"follow","max-snippet":"max-snippet:-1","max-image-preview":"max-image-preview:large","max-video-preview":"max-video-preview:-1"},"canonical":"https:\/\/marktxxl.de\/markt\/produkt\/the-last-of-us-tubbz-offiziell-clicker-sammelfigur-gummiente\/","og_locale":"de_DE","og_type":"article","og_title":"The Last of Us TUBBZ Offiziell Clicker Sammelfigur Gummiente - Markt-XXL","og_description":"Markt-XXL The Last of Us TUBBZ Offiziell Clicker Sammelfigur Gummiente","og_url":"https:\/\/marktxxl.de\/markt\/produkt\/the-last-of-us-tubbz-offiziell-clicker-sammelfigur-gummiente\/","og_site_name":"Markt-XXL","article_modified_time":"2023-04-11T02:07:44+00:00","og_image":[{"width":400,"height":500,"url":"https:\/\/m.media-amazon.com\/images\/I\/413I8nvHaZL._SL500_.jpg","type":"image\/jpeg"}],"twitter_card":"summary_large_image","twitter_misc":{"Gesch\u00e4tzte Lesezeit":"1\u00a0Minute"},"schema":{"@context":"https:\/\/schema.org","@graph":[{"@type":"WebPage","@id":"https:\/\/marktxxl.de\/markt\/produkt\/the-last-of-us-tubbz-offiziell-clicker-sammelfigur-gummiente\/","url":"https:\/\/marktxxl.de\/markt\/produkt\/the-last-of-us-tubbz-offiziell-clicker-sammelfigur-gummiente\/","name":"The Last of Us TUBBZ Offiziell Clicker Sammelfigur Gummiente - Markt-XXL","isPartOf":{"@id":"https:\/\/marktxxl.de\/markt\/#website"},"primaryImageOfPage":{"@id":"https:\/\/marktxxl.de\/markt\/produkt\/the-last-of-us-tubbz-offiziell-clicker-sammelfigur-gummiente\/#primaryimage"},"image":{"@id":"https:\/\/marktxxl.de\/markt\/produkt\/the-last-of-us-tubbz-offiziell-clicker-sammelfigur-gummiente\/#primaryimage"},"thumbnailUrl":"https:\/\/m.media-amazon.com\/images\/I\/413I8nvHaZL._SL500_.jpg","datePublished":"2022-07-13T18:52:40+00:00","dateModified":"2023-04-11T02:07:44+00:00","description":"Markt-XXL The Last of Us TUBBZ Offiziell Clicker Sammelfigur Gummiente","breadcrumb":{"@id":"https:\/\/marktxxl.de\/markt\/produkt\/the-last-of-us-tubbz-offiziell-clicker-sammelfigur-gummiente\/#breadcrumb"},"inLanguage":"de","potentialAction":[{"@type":"ReadAction","target":["https:\/\/marktxxl.de\/markt\/produkt\/the-last-of-us-tubbz-offiziell-clicker-sammelfigur-gummiente\/"]}]},{"@type":"ImageObject","inLanguage":"de","@id":"https:\/\/marktxxl.de\/markt\/produkt\/the-last-of-us-tubbz-offiziell-clicker-sammelfigur-gummiente\/#primaryimage","url":"https:\/\/m.media-amazon.com\/images\/I\/413I8nvHaZL._SL500_.jpg","contentUrl":"https:\/\/m.media-amazon.com\/images\/I\/413I8nvHaZL._SL500_.jpg","width":400,"height":500},{"@type":"BreadcrumbList","@id":"https:\/\/marktxxl.de\/markt\/produkt\/the-last-of-us-tubbz-offiziell-clicker-sammelfigur-gummiente\/#breadcrumb","itemListElement":[{"@type":"ListItem","position":1,"name":"Startseite","item":"https:\/\/marktxxl.de\/markt\/"},{"@type":"ListItem","position":2,"name":"Markt","item":"https:\/\/marktxxl.de\/markt\/"},{"@type":"ListItem","position":3,"name":"The Last of Us TUBBZ Offiziell Clicker Sammelfigur Gummiente"}]},{"@type":"WebSite","@id":"https:\/\/marktxxl.de\/markt\/#website","url":"https:\/\/marktxxl.de\/markt\/","name":"Markt-XXL","description":"Ihr Markt Online","publisher":{"@id":"https:\/\/marktxxl.de\/markt\/#organization"},"potentialAction":[{"@type":"SearchAction","target":{"@type":"EntryPoint","urlTemplate":"https:\/\/marktxxl.de\/markt\/?s={search_term_string}"},"query-input":{"@type":"PropertyValueSpecification","valueRequired":true,"valueName":"search_term_string"}}],"inLanguage":"de"},{"@type":"Organization","@id":"https:\/\/marktxxl.de\/markt\/#organization","name":"Markt-XXL","url":"https:\/\/marktxxl.de\/markt\/","logo":{"@type":"ImageObject","inLanguage":"de","@id":"https:\/\/marktxxl.de\/markt\/#\/schema\/logo\/image\/","url":"https:\/\/marktxxl.de\/markt\/wp-content\/uploads\/sites\/3\/2020\/12\/logo.png","contentUrl":"https:\/\/marktxxl.de\/markt\/wp-content\/uploads\/sites\/3\/2020\/12\/logo.png","width":200,"height":70,"caption":"Markt-XXL"},"image":{"@id":"https:\/\/marktxxl.de\/markt\/#\/schema\/logo\/image\/"}}]}},"_links":{"self":[{"href":"https:\/\/marktxxl.de\/markt\/wp-json\/wp\/v2\/product\/133320","targetHints":{"allow":["GET"]}}],"collection":[{"href":"https:\/\/marktxxl.de\/markt\/wp-json\/wp\/v2\/product"}],"about":[{"href":"https:\/\/marktxxl.de\/markt\/wp-json\/wp\/v2\/types\/product"}],"replies":[{"embeddable":true,"href":"https:\/\/marktxxl.de\/markt\/wp-json\/wp\/v2\/comments?post=133320"}],"wp:featuredmedia":[{"embeddable":true,"href":"https:\/\/marktxxl.de\/markt\/wp-json\/wp\/v2\/media\/133321"}],"wp:attachment":[{"href":"https:\/\/marktxxl.de\/markt\/wp-json\/wp\/v2\/media?parent=133320"}],"wp:term":[{"taxonomy":"product_brand","embeddable":true,"href":"https:\/\/marktxxl.de\/markt\/wp-json\/wp\/v2\/product_brand?post=133320"},{"taxonomy":"product_cat","embeddable":true,"href":"https:\/\/marktxxl.de\/markt\/wp-json\/wp\/v2\/product_cat?post=133320"},{"taxonomy":"product_tag","embeddable":true,"href":"https:\/\/marktxxl.de\/markt\/wp-json\/wp\/v2\/product_tag?post=133320"}],"curies":[{"name":"wp","href":"https:\/\/api.w.org\/{rel}","templated":true}]}}