{"id":133284,"date":"2022-07-13T20:50:31","date_gmt":"2022-07-13T18:50:31","guid":{"rendered":"https:\/\/marktxxl.de\/markt\/produkt\/littlemum-trapezius-triggerpunkt-massagegeraet-fuer-nackenschmerzen-neuralgie-verspannungen-kopfschmerzen-dowager-buckel-levator-schmerzen\/"},"modified":"2023-04-11T04:07:43","modified_gmt":"2023-04-11T02:07:43","slug":"littlemum-trapezius-triggerpunkt-massagegeraet-fuer-nackenschmerzen-neuralgie-verspannungen-kopfschmerzen-dowager-buckel-levator-schmerzen","status":"publish","type":"product","link":"https:\/\/marktxxl.de\/markt\/produkt\/littlemum-trapezius-triggerpunkt-massagegeraet-fuer-nackenschmerzen-neuralgie-verspannungen-kopfschmerzen-dowager-buckel-levator-schmerzen\/","title":{"rendered":"LittleMum Trapezius Triggerpunkt-Massageger\u00e4t f\u00fcr Nackenschmerzen, Neuralgie, Verspannungen, Kopfschmerzen, Dowager\u2026"},"content":{"rendered":"<p>Nacken- und Schulterschmerzen sind ein h\u00e4ufiger Zustand in der arbeitenden Population, Trapezmus-Myalgie ist die h\u00e4ufigste Art von chronischen Nacken- und Schulterschmerzen.<br \/>\nTrapezus-Myalgie-Symptome umfassen Nackenschmerzen, Schulterschmerzen, Neuralgie-Schmerzen und Trapezkopfschmerzen, Kieferschmerzen, Hunchback (Dowager&#8217;s Buckel), brennende Schmerzen in Schulter und Arm, Kribbeln\/Taubheit am Arm und\/oder in der Hand<br \/>\nLittleMum Trapezius-Triggerpunkt-Massageger\u00e4t, perfekt imitiert den Druck, der von Tiefengewebe-Massagetherapeuten produziert wird, zielt auf die tieferen Schichten des Trapezius-Bereichs ab, um die Muskeln zu lindern, die Durchblutung zu verbessern und bei der Erholung von Trapez-Zerrungs-Symptomen zu helfen<br \/>\nLittleMum Trapezius Triggerpunkt-Massageger\u00e4tknoten befinden sich \u00fcberwiegend dort, wo Triggerpunkte meist h\u00e4ufig auftreten sind. Er hebt Ihren Kopf auf die richtige H\u00f6he, w\u00e4hrend Sie sich hinlegen, um Ihren Nacken in der neutral ausgerichteten Position zu st\u00fctzen und es hilft Ihrem Nacken in seiner optimalen C-Kurve zu bleiben, die mit dem Rest Ihrer Wirbels\u00e4ule \u00fcbereinstimmt.<br \/>\nHergestellt aus 100 % lebensmittelechtem Silikon.<br \/>\n<div class=\"main-cross-sell\" data-asin=\"B08K66BFV1\">\n\n\t<div class=\"WooZone-cross-sell-loader\">\n\t\t<div>\n\t\t\t<div id=\"floatingBarsG\">\n\t\t\t\t<div class=\"blockG\" id=\"rotateG_01\"><\/div>\n\t\t\t\t<div class=\"blockG\" id=\"rotateG_02\"><\/div>\n\t\t\t\t<div class=\"blockG\" id=\"rotateG_03\"><\/div>\n\t\t\t\t<div class=\"blockG\" id=\"rotateG_04\"><\/div>\n\t\t\t\t<div class=\"blockG\" id=\"rotateG_05\"><\/div>\n\t\t\t\t<div class=\"blockG\" id=\"rotateG_06\"><\/div>\n\t\t\t\t<div class=\"blockG\" id=\"rotateG_07\"><\/div>\n\t\t\t\t<div class=\"blockG\" id=\"rotateG_08\"><\/div>\n\t\t\t<\/div>\n\t\t\t<div class=\"WooZone-cross-sell-loader-text\"><\/div>\n\t\t<\/div>\n\t<\/div>\n\n\t\t\n<\/div>\n<div style=\"clear:both;\"><\/div><\/p>\n","protected":false},"excerpt":{"rendered":"<p>Nacken- und Schulterschmerzen sind ein h\u00e4ufiger Zustand in der arbeitenden Population, Trapezmus-Myalgie ist die h\u00e4ufigste Art von chronischen Nacken- und Schulterschmerzen.<br \/>\nTrapezus-Myalgie-Symptome umfassen Nackenschmerzen, Schulterschmerzen, Neuralgie-Schmerzen und Trapezkopfschmerzen, Kieferschmerzen, Hunchback (Dowager&#8217;s Buckel), brennende Schmerzen in Schulter und Arm, Kribbeln\/Taubheit am Arm und\/oder in der Hand<br \/>\nLittleMum Trapezius-Triggerpunkt-Massageger\u00e4t, perfekt imitiert den Druck, der von Tiefengewebe-Massagetherapeuten produziert wird, zielt auf die tieferen Schichten des Trapezius-Bereichs ab, um die Muskeln zu lindern, die Durchblutung zu verbessern und bei der Erholung von Trapez-Zerrungs-Symptomen zu helfen<\/p>\n","protected":false},"featured_media":133285,"comment_status":"open","ping_status":"closed","template":"","meta":[],"product_brand":[],"product_cat":[652,2977],"product_tag":[],"class_list":{"0":"post-133284","1":"product","2":"type-product","3":"status-publish","4":"has-post-thumbnail","6":"product_cat-erotik-markt-xxl","7":"product_cat-sexspielzeug","8":"pa_binding-unbekannter-einband","9":"pa_brand-littlemum","10":"pa_height-3-94-zoll","11":"pa_length-15-55-zoll","12":"pa_manufacturer-littlemum-care","13":"pa_width-6-69-zoll","15":"first","16":"instock","17":"shipping-taxable","18":"purchasable","19":"product-type-simple","20":"customify-col","21":"product-has-gallery"},"yoast_head":"<!-- This site is optimized with the Yoast SEO plugin v27.4 - https:\/\/yoast.com\/product\/yoast-seo-wordpress\/ -->\n<title>LittleMum Trapezius Triggerpunkt-Massageger\u00e4t f\u00fcr Nackenschmerzen, Neuralgie, Verspannungen, Kopfschmerzen, Dowager\u2026 - Markt-XXL<\/title>\n<meta name=\"description\" content=\"Markt-XXL LittleMum Trapezius Triggerpunkt-Massageger\u00e4t f\u00fcr Nackenschmerzen, Neuralgie, Verspannungen, Kopfschmerzen, Dowager\u2026\" \/>\n<meta name=\"robots\" content=\"index, follow, max-snippet:-1, max-image-preview:large, max-video-preview:-1\" \/>\n<link rel=\"canonical\" href=\"https:\/\/marktxxl.de\/markt\/produkt\/littlemum-trapezius-triggerpunkt-massagegeraet-fuer-nackenschmerzen-neuralgie-verspannungen-kopfschmerzen-dowager-buckel-levator-schmerzen\/\" \/>\n<meta property=\"og:locale\" content=\"de_DE\" \/>\n<meta property=\"og:type\" content=\"article\" \/>\n<meta property=\"og:title\" content=\"LittleMum Trapezius Triggerpunkt-Massageger\u00e4t f\u00fcr Nackenschmerzen, Neuralgie, Verspannungen, Kopfschmerzen, Dowager\u2026 - Markt-XXL\" \/>\n<meta property=\"og:description\" content=\"Markt-XXL LittleMum Trapezius Triggerpunkt-Massageger\u00e4t f\u00fcr Nackenschmerzen, Neuralgie, Verspannungen, Kopfschmerzen, Dowager\u2026\" \/>\n<meta property=\"og:url\" content=\"https:\/\/marktxxl.de\/markt\/produkt\/littlemum-trapezius-triggerpunkt-massagegeraet-fuer-nackenschmerzen-neuralgie-verspannungen-kopfschmerzen-dowager-buckel-levator-schmerzen\/\" \/>\n<meta property=\"og:site_name\" content=\"Markt-XXL\" \/>\n<meta property=\"article:modified_time\" content=\"2023-04-11T02:07:43+00:00\" \/>\n<meta property=\"og:image\" content=\"https:\/\/m.media-amazon.com\/images\/I\/41ttQdATB7S._SL500_.jpg\" \/>\n\t<meta property=\"og:image:width\" content=\"500\" \/>\n\t<meta property=\"og:image:height\" content=\"500\" \/>\n\t<meta property=\"og:image:type\" content=\"image\/jpeg\" \/>\n<meta name=\"twitter:card\" content=\"summary_large_image\" \/>\n<meta name=\"twitter:label1\" content=\"Gesch\u00e4tzte Lesezeit\" \/>\n\t<meta name=\"twitter:data1\" content=\"1\u00a0Minute\" \/>\n<script type=\"application\/ld+json\" class=\"yoast-schema-graph\">{\"@context\":\"https:\\\/\\\/schema.org\",\"@graph\":[{\"@type\":\"WebPage\",\"@id\":\"https:\\\/\\\/marktxxl.de\\\/markt\\\/produkt\\\/littlemum-trapezius-triggerpunkt-massagegeraet-fuer-nackenschmerzen-neuralgie-verspannungen-kopfschmerzen-dowager-buckel-levator-schmerzen\\\/\",\"url\":\"https:\\\/\\\/marktxxl.de\\\/markt\\\/produkt\\\/littlemum-trapezius-triggerpunkt-massagegeraet-fuer-nackenschmerzen-neuralgie-verspannungen-kopfschmerzen-dowager-buckel-levator-schmerzen\\\/\",\"name\":\"LittleMum Trapezius Triggerpunkt-Massageger\u00e4t f\u00fcr Nackenschmerzen, Neuralgie, Verspannungen, Kopfschmerzen, Dowager\u2026 - Markt-XXL\",\"isPartOf\":{\"@id\":\"https:\\\/\\\/marktxxl.de\\\/markt\\\/#website\"},\"primaryImageOfPage\":{\"@id\":\"https:\\\/\\\/marktxxl.de\\\/markt\\\/produkt\\\/littlemum-trapezius-triggerpunkt-massagegeraet-fuer-nackenschmerzen-neuralgie-verspannungen-kopfschmerzen-dowager-buckel-levator-schmerzen\\\/#primaryimage\"},\"image\":{\"@id\":\"https:\\\/\\\/marktxxl.de\\\/markt\\\/produkt\\\/littlemum-trapezius-triggerpunkt-massagegeraet-fuer-nackenschmerzen-neuralgie-verspannungen-kopfschmerzen-dowager-buckel-levator-schmerzen\\\/#primaryimage\"},\"thumbnailUrl\":\"https:\\\/\\\/m.media-amazon.com\\\/images\\\/I\\\/41ttQdATB7S._SL500_.jpg\",\"datePublished\":\"2022-07-13T18:50:31+00:00\",\"dateModified\":\"2023-04-11T02:07:43+00:00\",\"description\":\"Markt-XXL LittleMum Trapezius Triggerpunkt-Massageger\u00e4t f\u00fcr Nackenschmerzen, Neuralgie, Verspannungen, Kopfschmerzen, Dowager\u2026\",\"breadcrumb\":{\"@id\":\"https:\\\/\\\/marktxxl.de\\\/markt\\\/produkt\\\/littlemum-trapezius-triggerpunkt-massagegeraet-fuer-nackenschmerzen-neuralgie-verspannungen-kopfschmerzen-dowager-buckel-levator-schmerzen\\\/#breadcrumb\"},\"inLanguage\":\"de\",\"potentialAction\":[{\"@type\":\"ReadAction\",\"target\":[\"https:\\\/\\\/marktxxl.de\\\/markt\\\/produkt\\\/littlemum-trapezius-triggerpunkt-massagegeraet-fuer-nackenschmerzen-neuralgie-verspannungen-kopfschmerzen-dowager-buckel-levator-schmerzen\\\/\"]}]},{\"@type\":\"ImageObject\",\"inLanguage\":\"de\",\"@id\":\"https:\\\/\\\/marktxxl.de\\\/markt\\\/produkt\\\/littlemum-trapezius-triggerpunkt-massagegeraet-fuer-nackenschmerzen-neuralgie-verspannungen-kopfschmerzen-dowager-buckel-levator-schmerzen\\\/#primaryimage\",\"url\":\"https:\\\/\\\/m.media-amazon.com\\\/images\\\/I\\\/41ttQdATB7S._SL500_.jpg\",\"contentUrl\":\"https:\\\/\\\/m.media-amazon.com\\\/images\\\/I\\\/41ttQdATB7S._SL500_.jpg\",\"width\":500,\"height\":500},{\"@type\":\"BreadcrumbList\",\"@id\":\"https:\\\/\\\/marktxxl.de\\\/markt\\\/produkt\\\/littlemum-trapezius-triggerpunkt-massagegeraet-fuer-nackenschmerzen-neuralgie-verspannungen-kopfschmerzen-dowager-buckel-levator-schmerzen\\\/#breadcrumb\",\"itemListElement\":[{\"@type\":\"ListItem\",\"position\":1,\"name\":\"Startseite\",\"item\":\"https:\\\/\\\/marktxxl.de\\\/markt\\\/\"},{\"@type\":\"ListItem\",\"position\":2,\"name\":\"Markt\",\"item\":\"https:\\\/\\\/marktxxl.de\\\/markt\\\/\"},{\"@type\":\"ListItem\",\"position\":3,\"name\":\"LittleMum Trapezius Triggerpunkt-Massageger\u00e4t f\u00fcr Nackenschmerzen, Neuralgie, Verspannungen, Kopfschmerzen, Dowager\u2026\"}]},{\"@type\":\"WebSite\",\"@id\":\"https:\\\/\\\/marktxxl.de\\\/markt\\\/#website\",\"url\":\"https:\\\/\\\/marktxxl.de\\\/markt\\\/\",\"name\":\"Markt-XXL\",\"description\":\"Ihr Markt Online\",\"publisher\":{\"@id\":\"https:\\\/\\\/marktxxl.de\\\/markt\\\/#organization\"},\"potentialAction\":[{\"@type\":\"SearchAction\",\"target\":{\"@type\":\"EntryPoint\",\"urlTemplate\":\"https:\\\/\\\/marktxxl.de\\\/markt\\\/?s={search_term_string}\"},\"query-input\":{\"@type\":\"PropertyValueSpecification\",\"valueRequired\":true,\"valueName\":\"search_term_string\"}}],\"inLanguage\":\"de\"},{\"@type\":\"Organization\",\"@id\":\"https:\\\/\\\/marktxxl.de\\\/markt\\\/#organization\",\"name\":\"Markt-XXL\",\"url\":\"https:\\\/\\\/marktxxl.de\\\/markt\\\/\",\"logo\":{\"@type\":\"ImageObject\",\"inLanguage\":\"de\",\"@id\":\"https:\\\/\\\/marktxxl.de\\\/markt\\\/#\\\/schema\\\/logo\\\/image\\\/\",\"url\":\"https:\\\/\\\/marktxxl.de\\\/markt\\\/wp-content\\\/uploads\\\/sites\\\/3\\\/2020\\\/12\\\/logo.png\",\"contentUrl\":\"https:\\\/\\\/marktxxl.de\\\/markt\\\/wp-content\\\/uploads\\\/sites\\\/3\\\/2020\\\/12\\\/logo.png\",\"width\":200,\"height\":70,\"caption\":\"Markt-XXL\"},\"image\":{\"@id\":\"https:\\\/\\\/marktxxl.de\\\/markt\\\/#\\\/schema\\\/logo\\\/image\\\/\"}}]}<\/script>\n<!-- \/ Yoast SEO plugin. -->","yoast_head_json":{"title":"LittleMum Trapezius Triggerpunkt-Massageger\u00e4t f\u00fcr Nackenschmerzen, Neuralgie, Verspannungen, Kopfschmerzen, Dowager\u2026 - Markt-XXL","description":"Markt-XXL LittleMum Trapezius Triggerpunkt-Massageger\u00e4t f\u00fcr Nackenschmerzen, Neuralgie, Verspannungen, Kopfschmerzen, Dowager\u2026","robots":{"index":"index","follow":"follow","max-snippet":"max-snippet:-1","max-image-preview":"max-image-preview:large","max-video-preview":"max-video-preview:-1"},"canonical":"https:\/\/marktxxl.de\/markt\/produkt\/littlemum-trapezius-triggerpunkt-massagegeraet-fuer-nackenschmerzen-neuralgie-verspannungen-kopfschmerzen-dowager-buckel-levator-schmerzen\/","og_locale":"de_DE","og_type":"article","og_title":"LittleMum Trapezius Triggerpunkt-Massageger\u00e4t f\u00fcr Nackenschmerzen, Neuralgie, Verspannungen, Kopfschmerzen, Dowager\u2026 - Markt-XXL","og_description":"Markt-XXL LittleMum Trapezius Triggerpunkt-Massageger\u00e4t f\u00fcr Nackenschmerzen, Neuralgie, Verspannungen, Kopfschmerzen, Dowager\u2026","og_url":"https:\/\/marktxxl.de\/markt\/produkt\/littlemum-trapezius-triggerpunkt-massagegeraet-fuer-nackenschmerzen-neuralgie-verspannungen-kopfschmerzen-dowager-buckel-levator-schmerzen\/","og_site_name":"Markt-XXL","article_modified_time":"2023-04-11T02:07:43+00:00","og_image":[{"width":500,"height":500,"url":"https:\/\/m.media-amazon.com\/images\/I\/41ttQdATB7S._SL500_.jpg","type":"image\/jpeg"}],"twitter_card":"summary_large_image","twitter_misc":{"Gesch\u00e4tzte Lesezeit":"1\u00a0Minute"},"schema":{"@context":"https:\/\/schema.org","@graph":[{"@type":"WebPage","@id":"https:\/\/marktxxl.de\/markt\/produkt\/littlemum-trapezius-triggerpunkt-massagegeraet-fuer-nackenschmerzen-neuralgie-verspannungen-kopfschmerzen-dowager-buckel-levator-schmerzen\/","url":"https:\/\/marktxxl.de\/markt\/produkt\/littlemum-trapezius-triggerpunkt-massagegeraet-fuer-nackenschmerzen-neuralgie-verspannungen-kopfschmerzen-dowager-buckel-levator-schmerzen\/","name":"LittleMum Trapezius Triggerpunkt-Massageger\u00e4t f\u00fcr Nackenschmerzen, Neuralgie, Verspannungen, Kopfschmerzen, Dowager\u2026 - Markt-XXL","isPartOf":{"@id":"https:\/\/marktxxl.de\/markt\/#website"},"primaryImageOfPage":{"@id":"https:\/\/marktxxl.de\/markt\/produkt\/littlemum-trapezius-triggerpunkt-massagegeraet-fuer-nackenschmerzen-neuralgie-verspannungen-kopfschmerzen-dowager-buckel-levator-schmerzen\/#primaryimage"},"image":{"@id":"https:\/\/marktxxl.de\/markt\/produkt\/littlemum-trapezius-triggerpunkt-massagegeraet-fuer-nackenschmerzen-neuralgie-verspannungen-kopfschmerzen-dowager-buckel-levator-schmerzen\/#primaryimage"},"thumbnailUrl":"https:\/\/m.media-amazon.com\/images\/I\/41ttQdATB7S._SL500_.jpg","datePublished":"2022-07-13T18:50:31+00:00","dateModified":"2023-04-11T02:07:43+00:00","description":"Markt-XXL LittleMum Trapezius Triggerpunkt-Massageger\u00e4t f\u00fcr Nackenschmerzen, Neuralgie, Verspannungen, Kopfschmerzen, Dowager\u2026","breadcrumb":{"@id":"https:\/\/marktxxl.de\/markt\/produkt\/littlemum-trapezius-triggerpunkt-massagegeraet-fuer-nackenschmerzen-neuralgie-verspannungen-kopfschmerzen-dowager-buckel-levator-schmerzen\/#breadcrumb"},"inLanguage":"de","potentialAction":[{"@type":"ReadAction","target":["https:\/\/marktxxl.de\/markt\/produkt\/littlemum-trapezius-triggerpunkt-massagegeraet-fuer-nackenschmerzen-neuralgie-verspannungen-kopfschmerzen-dowager-buckel-levator-schmerzen\/"]}]},{"@type":"ImageObject","inLanguage":"de","@id":"https:\/\/marktxxl.de\/markt\/produkt\/littlemum-trapezius-triggerpunkt-massagegeraet-fuer-nackenschmerzen-neuralgie-verspannungen-kopfschmerzen-dowager-buckel-levator-schmerzen\/#primaryimage","url":"https:\/\/m.media-amazon.com\/images\/I\/41ttQdATB7S._SL500_.jpg","contentUrl":"https:\/\/m.media-amazon.com\/images\/I\/41ttQdATB7S._SL500_.jpg","width":500,"height":500},{"@type":"BreadcrumbList","@id":"https:\/\/marktxxl.de\/markt\/produkt\/littlemum-trapezius-triggerpunkt-massagegeraet-fuer-nackenschmerzen-neuralgie-verspannungen-kopfschmerzen-dowager-buckel-levator-schmerzen\/#breadcrumb","itemListElement":[{"@type":"ListItem","position":1,"name":"Startseite","item":"https:\/\/marktxxl.de\/markt\/"},{"@type":"ListItem","position":2,"name":"Markt","item":"https:\/\/marktxxl.de\/markt\/"},{"@type":"ListItem","position":3,"name":"LittleMum Trapezius Triggerpunkt-Massageger\u00e4t f\u00fcr Nackenschmerzen, Neuralgie, Verspannungen, Kopfschmerzen, Dowager\u2026"}]},{"@type":"WebSite","@id":"https:\/\/marktxxl.de\/markt\/#website","url":"https:\/\/marktxxl.de\/markt\/","name":"Markt-XXL","description":"Ihr Markt Online","publisher":{"@id":"https:\/\/marktxxl.de\/markt\/#organization"},"potentialAction":[{"@type":"SearchAction","target":{"@type":"EntryPoint","urlTemplate":"https:\/\/marktxxl.de\/markt\/?s={search_term_string}"},"query-input":{"@type":"PropertyValueSpecification","valueRequired":true,"valueName":"search_term_string"}}],"inLanguage":"de"},{"@type":"Organization","@id":"https:\/\/marktxxl.de\/markt\/#organization","name":"Markt-XXL","url":"https:\/\/marktxxl.de\/markt\/","logo":{"@type":"ImageObject","inLanguage":"de","@id":"https:\/\/marktxxl.de\/markt\/#\/schema\/logo\/image\/","url":"https:\/\/marktxxl.de\/markt\/wp-content\/uploads\/sites\/3\/2020\/12\/logo.png","contentUrl":"https:\/\/marktxxl.de\/markt\/wp-content\/uploads\/sites\/3\/2020\/12\/logo.png","width":200,"height":70,"caption":"Markt-XXL"},"image":{"@id":"https:\/\/marktxxl.de\/markt\/#\/schema\/logo\/image\/"}}]}},"_links":{"self":[{"href":"https:\/\/marktxxl.de\/markt\/wp-json\/wp\/v2\/product\/133284","targetHints":{"allow":["GET"]}}],"collection":[{"href":"https:\/\/marktxxl.de\/markt\/wp-json\/wp\/v2\/product"}],"about":[{"href":"https:\/\/marktxxl.de\/markt\/wp-json\/wp\/v2\/types\/product"}],"replies":[{"embeddable":true,"href":"https:\/\/marktxxl.de\/markt\/wp-json\/wp\/v2\/comments?post=133284"}],"wp:featuredmedia":[{"embeddable":true,"href":"https:\/\/marktxxl.de\/markt\/wp-json\/wp\/v2\/media\/133285"}],"wp:attachment":[{"href":"https:\/\/marktxxl.de\/markt\/wp-json\/wp\/v2\/media?parent=133284"}],"wp:term":[{"taxonomy":"product_brand","embeddable":true,"href":"https:\/\/marktxxl.de\/markt\/wp-json\/wp\/v2\/product_brand?post=133284"},{"taxonomy":"product_cat","embeddable":true,"href":"https:\/\/marktxxl.de\/markt\/wp-json\/wp\/v2\/product_cat?post=133284"},{"taxonomy":"product_tag","embeddable":true,"href":"https:\/\/marktxxl.de\/markt\/wp-json\/wp\/v2\/product_tag?post=133284"}],"curies":[{"name":"wp","href":"https:\/\/api.w.org\/{rel}","templated":true}]}}