{"id":133244,"date":"2022-07-13T20:49:56","date_gmt":"2022-07-13T18:49:56","guid":{"rendered":"https:\/\/marktxxl.de\/markt\/produkt\/gots-bio-spannbettlaken-kinderwagen-matratzenbezug-spannbettlaken-beistellbett-kinderwagen-spannbettlaken-stubenwagen-bezug-bettlaken-70-x-140-baby-spannbettlaken-60x120-sandfarben\/"},"modified":"2023-04-11T04:07:42","modified_gmt":"2023-04-11T02:07:42","slug":"gots-bio-spannbettlaken-kinderwagen-matratzenbezug-spannbettlaken-beistellbett-kinderwagen-spannbettlaken-stubenwagen-bezug-bettlaken-70-x-140-baby-spannbettlaken-60x120-sandfarben","status":"publish","type":"product","link":"https:\/\/marktxxl.de\/markt\/produkt\/gots-bio-spannbettlaken-kinderwagen-matratzenbezug-spannbettlaken-beistellbett-kinderwagen-spannbettlaken-stubenwagen-bezug-bettlaken-70-x-140-baby-spannbettlaken-60x120-sandfarben\/","title":{"rendered":"mimaDu\u00ae GOTS Bio Spannbettlaken Kinderwagen Matratzenbezug 70&#215;37, 70&#215;32, 75&#215;35 cm Kinderwagen Spannbettlaken Stubenwagen\u2026"},"content":{"rendered":"<p>\u2b50\ufe0f H\u00d6CHSTE QUALIT\u00c4T &#8211; 100% GOTS Baumwolle heist keine Pestizide. Diese ultrasanften Spannbettlaken f\u00fcr das Babybett sind aus hochwertiger gek\u00e4mmter Bio Baumwolle gemacht. Nur die besten Baumwollfasern wurden benutzt, damit Dein Baby sicher schlafen kann.<br \/>\n\ud83d\uddb1 FALTENFREI &#8211; Der Gummizug ist rundum eingen\u00e4ht (nicht nur aufgen\u00e4ht) und sorgt f\u00fcr einen straffen und glatten Sitz. So sieht es aufger\u00e4umt im Kinderbettchen aus und das Baby liegt nicht auf Falten. Ob oval, rund oder eckig unsere Bez\u00fcge lassen sich einfach aufziehen.<br \/>\n\ud83d\udc68\u200d\ud83d\udc69\u200d\ud83d\udc67\u200d\ud83d\udc66 DEUTSCHE FIRMA &#8211; mimaDu ist ein deutsches Familienunternehmen. Wir entwickeln Babyartikel von Eltern f\u00fcr Eltern und bringen Harmonie in Euer Babyzimmer. Besuche doch unseren mimaDu-Store (Link unter dem Titel) und finde andere Produkte.<br \/>\n\ud83c\udf81 SCHENKE FREUDE &#8211; Die Bett\u00fccher sind in einem sch\u00f6nen plastikfreie Kraftkarton verpackt und eigenen sich dadurch bestens als Geschenk zur Geburt oder Babyshower. Sieht niedlich aus und bereitet Freude f\u00fcr Eltern und Baby.<br \/>\n<div class=\"main-cross-sell\" data-asin=\"B09JWDF2NS\">\n\n\t<div class=\"WooZone-cross-sell-loader\">\n\t\t<div>\n\t\t\t<div id=\"floatingBarsG\">\n\t\t\t\t<div class=\"blockG\" id=\"rotateG_01\"><\/div>\n\t\t\t\t<div class=\"blockG\" id=\"rotateG_02\"><\/div>\n\t\t\t\t<div class=\"blockG\" id=\"rotateG_03\"><\/div>\n\t\t\t\t<div class=\"blockG\" id=\"rotateG_04\"><\/div>\n\t\t\t\t<div class=\"blockG\" id=\"rotateG_05\"><\/div>\n\t\t\t\t<div class=\"blockG\" id=\"rotateG_06\"><\/div>\n\t\t\t\t<div class=\"blockG\" id=\"rotateG_07\"><\/div>\n\t\t\t\t<div class=\"blockG\" id=\"rotateG_08\"><\/div>\n\t\t\t<\/div>\n\t\t\t<div class=\"WooZone-cross-sell-loader-text\"><\/div>\n\t\t<\/div>\n\t<\/div>\n\n\t\t\n<\/div>\n<div style=\"clear:both;\"><\/div><\/p>\n","protected":false},"excerpt":{"rendered":"<p>\u2b50\ufe0f H\u00d6CHSTE QUALIT\u00c4T &#8211; 100% GOTS Baumwolle heist keine Pestizide. Diese ultrasanften Spannbettlaken f\u00fcr das Babybett sind aus hochwertiger gek\u00e4mmter Bio Baumwolle gemacht. Nur die besten Baumwollfasern wurden benutzt, damit Dein Baby sicher schlafen kann.<br \/>\n\ud83d\uddb1 FALTENFREI &#8211; Der Gummizug ist rundum eingen\u00e4ht (nicht nur aufgen\u00e4ht) und sorgt f\u00fcr einen straffen und glatten Sitz. So sieht es aufger\u00e4umt im Kinderbettchen aus und das Baby liegt nicht auf Falten. Ob oval, rund oder eckig unsere Bez\u00fcge lassen sich einfach aufziehen.<br \/>\n\ud83d\udc68\u200d\ud83d\udc69\u200d\ud83d\udc67\u200d\ud83d\udc66 DEUTSCHE FIRMA &#8211; mimaDu ist ein deutsches Familienunternehmen. Wir entwickeln Babyartikel von Eltern f\u00fcr Eltern und bringen Harmonie in Euer Babyzimmer. Besuche doch unseren mimaDu-Store (Link unter dem Titel) und finde andere Produkte.<\/p>\n","protected":false},"featured_media":133245,"comment_status":"open","ping_status":"closed","template":"","meta":[],"product_brand":[],"product_cat":[21,8825],"product_tag":[],"class_list":{"0":"post-133244","1":"product","2":"type-product","3":"status-publish","4":"has-post-thumbnail","6":"product_cat-baby","7":"product_cat-baby-kleinkinderzimmer-baby","8":"pa_brand-mimadu","9":"pa_languages-unbekannt-deutsch","10":"pa_manufacturer-dumondo","12":"first","13":"instock","14":"shipping-taxable","15":"purchasable","16":"product-type-simple","17":"customify-col","18":"product-has-gallery"},"yoast_head":"<!-- This site is optimized with the Yoast SEO plugin v27.4 - https:\/\/yoast.com\/product\/yoast-seo-wordpress\/ -->\n<title>mimaDu\u00ae GOTS Bio Spannbettlaken Kinderwagen Matratzenbezug 70x37, 70x32, 75x35 cm Kinderwagen Spannbettlaken Stubenwagen\u2026 - Markt-XXL<\/title>\n<meta name=\"description\" content=\"Markt-XXL mimaDu\u00ae GOTS Bio Spannbettlaken Kinderwagen Matratzenbezug 70x37, 70x32, 75x35 cm Kinderwagen Spannbettlaken Stubenwagen\u2026\" \/>\n<meta name=\"robots\" content=\"index, follow, max-snippet:-1, max-image-preview:large, max-video-preview:-1\" \/>\n<link rel=\"canonical\" href=\"https:\/\/marktxxl.de\/markt\/produkt\/gots-bio-spannbettlaken-kinderwagen-matratzenbezug-spannbettlaken-beistellbett-kinderwagen-spannbettlaken-stubenwagen-bezug-bettlaken-70-x-140-baby-spannbettlaken-60x120-sandfarben\/\" \/>\n<meta property=\"og:locale\" content=\"de_DE\" \/>\n<meta property=\"og:type\" content=\"article\" \/>\n<meta property=\"og:title\" content=\"mimaDu\u00ae GOTS Bio Spannbettlaken Kinderwagen Matratzenbezug 70x37, 70x32, 75x35 cm Kinderwagen Spannbettlaken Stubenwagen\u2026 - Markt-XXL\" \/>\n<meta property=\"og:description\" content=\"Markt-XXL mimaDu\u00ae GOTS Bio Spannbettlaken Kinderwagen Matratzenbezug 70x37, 70x32, 75x35 cm Kinderwagen Spannbettlaken Stubenwagen\u2026\" \/>\n<meta property=\"og:url\" content=\"https:\/\/marktxxl.de\/markt\/produkt\/gots-bio-spannbettlaken-kinderwagen-matratzenbezug-spannbettlaken-beistellbett-kinderwagen-spannbettlaken-stubenwagen-bezug-bettlaken-70-x-140-baby-spannbettlaken-60x120-sandfarben\/\" \/>\n<meta property=\"og:site_name\" content=\"Markt-XXL\" \/>\n<meta property=\"article:modified_time\" content=\"2023-04-11T02:07:42+00:00\" \/>\n<meta property=\"og:image\" content=\"https:\/\/m.media-amazon.com\/images\/I\/51Dkdq0xVkL._SL500_.jpg\" \/>\n\t<meta property=\"og:image:width\" content=\"500\" \/>\n\t<meta property=\"og:image:height\" content=\"500\" \/>\n\t<meta property=\"og:image:type\" content=\"image\/jpeg\" \/>\n<meta name=\"twitter:card\" content=\"summary_large_image\" \/>\n<meta name=\"twitter:label1\" content=\"Gesch\u00e4tzte Lesezeit\" \/>\n\t<meta name=\"twitter:data1\" content=\"1\u00a0Minute\" \/>\n<script type=\"application\/ld+json\" class=\"yoast-schema-graph\">{\"@context\":\"https:\\\/\\\/schema.org\",\"@graph\":[{\"@type\":\"WebPage\",\"@id\":\"https:\\\/\\\/marktxxl.de\\\/markt\\\/produkt\\\/gots-bio-spannbettlaken-kinderwagen-matratzenbezug-spannbettlaken-beistellbett-kinderwagen-spannbettlaken-stubenwagen-bezug-bettlaken-70-x-140-baby-spannbettlaken-60x120-sandfarben\\\/\",\"url\":\"https:\\\/\\\/marktxxl.de\\\/markt\\\/produkt\\\/gots-bio-spannbettlaken-kinderwagen-matratzenbezug-spannbettlaken-beistellbett-kinderwagen-spannbettlaken-stubenwagen-bezug-bettlaken-70-x-140-baby-spannbettlaken-60x120-sandfarben\\\/\",\"name\":\"mimaDu\u00ae GOTS Bio Spannbettlaken Kinderwagen Matratzenbezug 70x37, 70x32, 75x35 cm Kinderwagen Spannbettlaken Stubenwagen\u2026 - Markt-XXL\",\"isPartOf\":{\"@id\":\"https:\\\/\\\/marktxxl.de\\\/markt\\\/#website\"},\"primaryImageOfPage\":{\"@id\":\"https:\\\/\\\/marktxxl.de\\\/markt\\\/produkt\\\/gots-bio-spannbettlaken-kinderwagen-matratzenbezug-spannbettlaken-beistellbett-kinderwagen-spannbettlaken-stubenwagen-bezug-bettlaken-70-x-140-baby-spannbettlaken-60x120-sandfarben\\\/#primaryimage\"},\"image\":{\"@id\":\"https:\\\/\\\/marktxxl.de\\\/markt\\\/produkt\\\/gots-bio-spannbettlaken-kinderwagen-matratzenbezug-spannbettlaken-beistellbett-kinderwagen-spannbettlaken-stubenwagen-bezug-bettlaken-70-x-140-baby-spannbettlaken-60x120-sandfarben\\\/#primaryimage\"},\"thumbnailUrl\":\"https:\\\/\\\/m.media-amazon.com\\\/images\\\/I\\\/51Dkdq0xVkL._SL500_.jpg\",\"datePublished\":\"2022-07-13T18:49:56+00:00\",\"dateModified\":\"2023-04-11T02:07:42+00:00\",\"description\":\"Markt-XXL mimaDu\u00ae GOTS Bio Spannbettlaken Kinderwagen Matratzenbezug 70x37, 70x32, 75x35 cm Kinderwagen Spannbettlaken Stubenwagen\u2026\",\"breadcrumb\":{\"@id\":\"https:\\\/\\\/marktxxl.de\\\/markt\\\/produkt\\\/gots-bio-spannbettlaken-kinderwagen-matratzenbezug-spannbettlaken-beistellbett-kinderwagen-spannbettlaken-stubenwagen-bezug-bettlaken-70-x-140-baby-spannbettlaken-60x120-sandfarben\\\/#breadcrumb\"},\"inLanguage\":\"de\",\"potentialAction\":[{\"@type\":\"ReadAction\",\"target\":[\"https:\\\/\\\/marktxxl.de\\\/markt\\\/produkt\\\/gots-bio-spannbettlaken-kinderwagen-matratzenbezug-spannbettlaken-beistellbett-kinderwagen-spannbettlaken-stubenwagen-bezug-bettlaken-70-x-140-baby-spannbettlaken-60x120-sandfarben\\\/\"]}]},{\"@type\":\"ImageObject\",\"inLanguage\":\"de\",\"@id\":\"https:\\\/\\\/marktxxl.de\\\/markt\\\/produkt\\\/gots-bio-spannbettlaken-kinderwagen-matratzenbezug-spannbettlaken-beistellbett-kinderwagen-spannbettlaken-stubenwagen-bezug-bettlaken-70-x-140-baby-spannbettlaken-60x120-sandfarben\\\/#primaryimage\",\"url\":\"https:\\\/\\\/m.media-amazon.com\\\/images\\\/I\\\/51Dkdq0xVkL._SL500_.jpg\",\"contentUrl\":\"https:\\\/\\\/m.media-amazon.com\\\/images\\\/I\\\/51Dkdq0xVkL._SL500_.jpg\",\"width\":500,\"height\":500},{\"@type\":\"BreadcrumbList\",\"@id\":\"https:\\\/\\\/marktxxl.de\\\/markt\\\/produkt\\\/gots-bio-spannbettlaken-kinderwagen-matratzenbezug-spannbettlaken-beistellbett-kinderwagen-spannbettlaken-stubenwagen-bezug-bettlaken-70-x-140-baby-spannbettlaken-60x120-sandfarben\\\/#breadcrumb\",\"itemListElement\":[{\"@type\":\"ListItem\",\"position\":1,\"name\":\"Startseite\",\"item\":\"https:\\\/\\\/marktxxl.de\\\/markt\\\/\"},{\"@type\":\"ListItem\",\"position\":2,\"name\":\"Markt\",\"item\":\"https:\\\/\\\/marktxxl.de\\\/markt\\\/\"},{\"@type\":\"ListItem\",\"position\":3,\"name\":\"mimaDu\u00ae GOTS Bio Spannbettlaken Kinderwagen Matratzenbezug 70&#215;37, 70&#215;32, 75&#215;35 cm Kinderwagen Spannbettlaken Stubenwagen\u2026\"}]},{\"@type\":\"WebSite\",\"@id\":\"https:\\\/\\\/marktxxl.de\\\/markt\\\/#website\",\"url\":\"https:\\\/\\\/marktxxl.de\\\/markt\\\/\",\"name\":\"Markt-XXL\",\"description\":\"Ihr Markt Online\",\"publisher\":{\"@id\":\"https:\\\/\\\/marktxxl.de\\\/markt\\\/#organization\"},\"potentialAction\":[{\"@type\":\"SearchAction\",\"target\":{\"@type\":\"EntryPoint\",\"urlTemplate\":\"https:\\\/\\\/marktxxl.de\\\/markt\\\/?s={search_term_string}\"},\"query-input\":{\"@type\":\"PropertyValueSpecification\",\"valueRequired\":true,\"valueName\":\"search_term_string\"}}],\"inLanguage\":\"de\"},{\"@type\":\"Organization\",\"@id\":\"https:\\\/\\\/marktxxl.de\\\/markt\\\/#organization\",\"name\":\"Markt-XXL\",\"url\":\"https:\\\/\\\/marktxxl.de\\\/markt\\\/\",\"logo\":{\"@type\":\"ImageObject\",\"inLanguage\":\"de\",\"@id\":\"https:\\\/\\\/marktxxl.de\\\/markt\\\/#\\\/schema\\\/logo\\\/image\\\/\",\"url\":\"https:\\\/\\\/marktxxl.de\\\/markt\\\/wp-content\\\/uploads\\\/sites\\\/3\\\/2020\\\/12\\\/logo.png\",\"contentUrl\":\"https:\\\/\\\/marktxxl.de\\\/markt\\\/wp-content\\\/uploads\\\/sites\\\/3\\\/2020\\\/12\\\/logo.png\",\"width\":200,\"height\":70,\"caption\":\"Markt-XXL\"},\"image\":{\"@id\":\"https:\\\/\\\/marktxxl.de\\\/markt\\\/#\\\/schema\\\/logo\\\/image\\\/\"}}]}<\/script>\n<!-- \/ Yoast SEO plugin. -->","yoast_head_json":{"title":"mimaDu\u00ae GOTS Bio Spannbettlaken Kinderwagen Matratzenbezug 70x37, 70x32, 75x35 cm Kinderwagen Spannbettlaken Stubenwagen\u2026 - Markt-XXL","description":"Markt-XXL mimaDu\u00ae GOTS Bio Spannbettlaken Kinderwagen Matratzenbezug 70x37, 70x32, 75x35 cm Kinderwagen Spannbettlaken Stubenwagen\u2026","robots":{"index":"index","follow":"follow","max-snippet":"max-snippet:-1","max-image-preview":"max-image-preview:large","max-video-preview":"max-video-preview:-1"},"canonical":"https:\/\/marktxxl.de\/markt\/produkt\/gots-bio-spannbettlaken-kinderwagen-matratzenbezug-spannbettlaken-beistellbett-kinderwagen-spannbettlaken-stubenwagen-bezug-bettlaken-70-x-140-baby-spannbettlaken-60x120-sandfarben\/","og_locale":"de_DE","og_type":"article","og_title":"mimaDu\u00ae GOTS Bio Spannbettlaken Kinderwagen Matratzenbezug 70x37, 70x32, 75x35 cm Kinderwagen Spannbettlaken Stubenwagen\u2026 - Markt-XXL","og_description":"Markt-XXL mimaDu\u00ae GOTS Bio Spannbettlaken Kinderwagen Matratzenbezug 70x37, 70x32, 75x35 cm Kinderwagen Spannbettlaken Stubenwagen\u2026","og_url":"https:\/\/marktxxl.de\/markt\/produkt\/gots-bio-spannbettlaken-kinderwagen-matratzenbezug-spannbettlaken-beistellbett-kinderwagen-spannbettlaken-stubenwagen-bezug-bettlaken-70-x-140-baby-spannbettlaken-60x120-sandfarben\/","og_site_name":"Markt-XXL","article_modified_time":"2023-04-11T02:07:42+00:00","og_image":[{"width":500,"height":500,"url":"https:\/\/m.media-amazon.com\/images\/I\/51Dkdq0xVkL._SL500_.jpg","type":"image\/jpeg"}],"twitter_card":"summary_large_image","twitter_misc":{"Gesch\u00e4tzte Lesezeit":"1\u00a0Minute"},"schema":{"@context":"https:\/\/schema.org","@graph":[{"@type":"WebPage","@id":"https:\/\/marktxxl.de\/markt\/produkt\/gots-bio-spannbettlaken-kinderwagen-matratzenbezug-spannbettlaken-beistellbett-kinderwagen-spannbettlaken-stubenwagen-bezug-bettlaken-70-x-140-baby-spannbettlaken-60x120-sandfarben\/","url":"https:\/\/marktxxl.de\/markt\/produkt\/gots-bio-spannbettlaken-kinderwagen-matratzenbezug-spannbettlaken-beistellbett-kinderwagen-spannbettlaken-stubenwagen-bezug-bettlaken-70-x-140-baby-spannbettlaken-60x120-sandfarben\/","name":"mimaDu\u00ae GOTS Bio Spannbettlaken Kinderwagen Matratzenbezug 70x37, 70x32, 75x35 cm Kinderwagen Spannbettlaken Stubenwagen\u2026 - Markt-XXL","isPartOf":{"@id":"https:\/\/marktxxl.de\/markt\/#website"},"primaryImageOfPage":{"@id":"https:\/\/marktxxl.de\/markt\/produkt\/gots-bio-spannbettlaken-kinderwagen-matratzenbezug-spannbettlaken-beistellbett-kinderwagen-spannbettlaken-stubenwagen-bezug-bettlaken-70-x-140-baby-spannbettlaken-60x120-sandfarben\/#primaryimage"},"image":{"@id":"https:\/\/marktxxl.de\/markt\/produkt\/gots-bio-spannbettlaken-kinderwagen-matratzenbezug-spannbettlaken-beistellbett-kinderwagen-spannbettlaken-stubenwagen-bezug-bettlaken-70-x-140-baby-spannbettlaken-60x120-sandfarben\/#primaryimage"},"thumbnailUrl":"https:\/\/m.media-amazon.com\/images\/I\/51Dkdq0xVkL._SL500_.jpg","datePublished":"2022-07-13T18:49:56+00:00","dateModified":"2023-04-11T02:07:42+00:00","description":"Markt-XXL mimaDu\u00ae GOTS Bio Spannbettlaken Kinderwagen Matratzenbezug 70x37, 70x32, 75x35 cm Kinderwagen Spannbettlaken Stubenwagen\u2026","breadcrumb":{"@id":"https:\/\/marktxxl.de\/markt\/produkt\/gots-bio-spannbettlaken-kinderwagen-matratzenbezug-spannbettlaken-beistellbett-kinderwagen-spannbettlaken-stubenwagen-bezug-bettlaken-70-x-140-baby-spannbettlaken-60x120-sandfarben\/#breadcrumb"},"inLanguage":"de","potentialAction":[{"@type":"ReadAction","target":["https:\/\/marktxxl.de\/markt\/produkt\/gots-bio-spannbettlaken-kinderwagen-matratzenbezug-spannbettlaken-beistellbett-kinderwagen-spannbettlaken-stubenwagen-bezug-bettlaken-70-x-140-baby-spannbettlaken-60x120-sandfarben\/"]}]},{"@type":"ImageObject","inLanguage":"de","@id":"https:\/\/marktxxl.de\/markt\/produkt\/gots-bio-spannbettlaken-kinderwagen-matratzenbezug-spannbettlaken-beistellbett-kinderwagen-spannbettlaken-stubenwagen-bezug-bettlaken-70-x-140-baby-spannbettlaken-60x120-sandfarben\/#primaryimage","url":"https:\/\/m.media-amazon.com\/images\/I\/51Dkdq0xVkL._SL500_.jpg","contentUrl":"https:\/\/m.media-amazon.com\/images\/I\/51Dkdq0xVkL._SL500_.jpg","width":500,"height":500},{"@type":"BreadcrumbList","@id":"https:\/\/marktxxl.de\/markt\/produkt\/gots-bio-spannbettlaken-kinderwagen-matratzenbezug-spannbettlaken-beistellbett-kinderwagen-spannbettlaken-stubenwagen-bezug-bettlaken-70-x-140-baby-spannbettlaken-60x120-sandfarben\/#breadcrumb","itemListElement":[{"@type":"ListItem","position":1,"name":"Startseite","item":"https:\/\/marktxxl.de\/markt\/"},{"@type":"ListItem","position":2,"name":"Markt","item":"https:\/\/marktxxl.de\/markt\/"},{"@type":"ListItem","position":3,"name":"mimaDu\u00ae GOTS Bio Spannbettlaken Kinderwagen Matratzenbezug 70&#215;37, 70&#215;32, 75&#215;35 cm Kinderwagen Spannbettlaken Stubenwagen\u2026"}]},{"@type":"WebSite","@id":"https:\/\/marktxxl.de\/markt\/#website","url":"https:\/\/marktxxl.de\/markt\/","name":"Markt-XXL","description":"Ihr Markt Online","publisher":{"@id":"https:\/\/marktxxl.de\/markt\/#organization"},"potentialAction":[{"@type":"SearchAction","target":{"@type":"EntryPoint","urlTemplate":"https:\/\/marktxxl.de\/markt\/?s={search_term_string}"},"query-input":{"@type":"PropertyValueSpecification","valueRequired":true,"valueName":"search_term_string"}}],"inLanguage":"de"},{"@type":"Organization","@id":"https:\/\/marktxxl.de\/markt\/#organization","name":"Markt-XXL","url":"https:\/\/marktxxl.de\/markt\/","logo":{"@type":"ImageObject","inLanguage":"de","@id":"https:\/\/marktxxl.de\/markt\/#\/schema\/logo\/image\/","url":"https:\/\/marktxxl.de\/markt\/wp-content\/uploads\/sites\/3\/2020\/12\/logo.png","contentUrl":"https:\/\/marktxxl.de\/markt\/wp-content\/uploads\/sites\/3\/2020\/12\/logo.png","width":200,"height":70,"caption":"Markt-XXL"},"image":{"@id":"https:\/\/marktxxl.de\/markt\/#\/schema\/logo\/image\/"}}]}},"_links":{"self":[{"href":"https:\/\/marktxxl.de\/markt\/wp-json\/wp\/v2\/product\/133244","targetHints":{"allow":["GET"]}}],"collection":[{"href":"https:\/\/marktxxl.de\/markt\/wp-json\/wp\/v2\/product"}],"about":[{"href":"https:\/\/marktxxl.de\/markt\/wp-json\/wp\/v2\/types\/product"}],"replies":[{"embeddable":true,"href":"https:\/\/marktxxl.de\/markt\/wp-json\/wp\/v2\/comments?post=133244"}],"wp:featuredmedia":[{"embeddable":true,"href":"https:\/\/marktxxl.de\/markt\/wp-json\/wp\/v2\/media\/133245"}],"wp:attachment":[{"href":"https:\/\/marktxxl.de\/markt\/wp-json\/wp\/v2\/media?parent=133244"}],"wp:term":[{"taxonomy":"product_brand","embeddable":true,"href":"https:\/\/marktxxl.de\/markt\/wp-json\/wp\/v2\/product_brand?post=133244"},{"taxonomy":"product_cat","embeddable":true,"href":"https:\/\/marktxxl.de\/markt\/wp-json\/wp\/v2\/product_cat?post=133244"},{"taxonomy":"product_tag","embeddable":true,"href":"https:\/\/marktxxl.de\/markt\/wp-json\/wp\/v2\/product_tag?post=133244"}],"curies":[{"name":"wp","href":"https:\/\/api.w.org\/{rel}","templated":true}]}}