{"id":133208,"date":"2022-07-13T20:46:42","date_gmt":"2022-07-13T18:46:42","guid":{"rendered":"https:\/\/marktxxl.de\/markt\/produkt\/aluminium-dusche-set-mit-3-koepfe-fuer-cleansing-colonic-douche-system-dusche-mit-59-zoll-duschschlauch-und-samttasche-silber\/"},"modified":"2023-04-11T04:07:41","modified_gmt":"2023-04-11T02:07:41","slug":"aluminium-dusche-set-mit-3-koepfe-fuer-cleansing-colonic-douche-system-dusche-mit-59-zoll-duschschlauch-und-samttasche-silber","status":"publish","type":"product","link":"https:\/\/marktxxl.de\/markt\/produkt\/aluminium-dusche-set-mit-3-koepfe-fuer-cleansing-colonic-douche-system-dusche-mit-59-zoll-duschschlauch-und-samttasche-silber\/","title":{"rendered":"Aluminium Dusche Set, mit 3 K\u00f6pfe f\u00fcr Cleansing Colonic Douche System, Dusche Mit 59 Zoll Duschschlauch und Samttasche\u2026"},"content":{"rendered":"<p>\u2764 Eine leistungsstarke Dusche L\u00f6sung mit sofortiger Ergebnisse zu Hause oder auf der go. Bietet Linderung bei Tr\u00e4gheit, Bl\u00e4hungen und Verstopfung. Hilft verhindern wiederkehrenden H\u00e4morrhoiden. F\u00f6rdert ein allgemeines Gef\u00fchl von Wohlbefinden gr\u00fcndliche Reinigung vom Leeren Darm.<br \/>\n\u2764 Entworfen von 100% hochwertige aus rostfreiem Aluminium mit drei sieben Loch auswechselbare K\u00f6pfe zu schaffen eine Spray, das erh\u00f6ht die Bew\u00e4sserung Bereich reduziert Wasser Druck zu vermeiden Irritationen der rektal\/Colon W\u00e4nde.Die drei Optionen erlauben auch den der Benutzer w\u00e4hlen zu den Kopf.<br \/>\n\u2764 Das ergonomische Design mit einem Winkel zu arbeiten mit nat\u00fcrlichen Konturen von der inneren enddarmes zu erm\u00f6glichen f\u00fcr gr\u00f6\u00dfere Reichweite und mehr effiziente Reinigung.<br \/>\n\u2764 Elegant, glatte Streamline Design \u00e4sthetische, dass ist einfach zu kleben\/Schnittstelle auf ein Standard-Brauseschlauch und zu bedienen Einhand.<br \/>\n\u2764 Diskrete Verpackung: Unsere Mitarbeiter sorgen daf\u00fcr, dass Ihr Produkt versiegelt und sicher verpackt ist. Das Kit enth\u00e4lt eine 3-Kopf-Dusche und einen 59-Zoll-Duschschlauch.<br \/>\n<div class=\"main-cross-sell\" data-asin=\"B07QWD2HDD\">\n\n\t<div class=\"WooZone-cross-sell-loader\">\n\t\t<div>\n\t\t\t<div id=\"floatingBarsG\">\n\t\t\t\t<div class=\"blockG\" id=\"rotateG_01\"><\/div>\n\t\t\t\t<div class=\"blockG\" id=\"rotateG_02\"><\/div>\n\t\t\t\t<div class=\"blockG\" id=\"rotateG_03\"><\/div>\n\t\t\t\t<div class=\"blockG\" id=\"rotateG_04\"><\/div>\n\t\t\t\t<div class=\"blockG\" id=\"rotateG_05\"><\/div>\n\t\t\t\t<div class=\"blockG\" id=\"rotateG_06\"><\/div>\n\t\t\t\t<div class=\"blockG\" id=\"rotateG_07\"><\/div>\n\t\t\t\t<div class=\"blockG\" id=\"rotateG_08\"><\/div>\n\t\t\t<\/div>\n\t\t\t<div class=\"WooZone-cross-sell-loader-text\"><\/div>\n\t\t<\/div>\n\t<\/div>\n\n\t\t\n<\/div>\n<div style=\"clear:both;\"><\/div><\/p>\n","protected":false},"excerpt":{"rendered":"<p>\u2764 Eine leistungsstarke Dusche L\u00f6sung mit sofortiger Ergebnisse zu Hause oder auf der go. Bietet Linderung bei Tr\u00e4gheit, Bl\u00e4hungen und Verstopfung. Hilft verhindern wiederkehrenden H\u00e4morrhoiden. F\u00f6rdert ein allgemeines Gef\u00fchl von Wohlbefinden gr\u00fcndliche Reinigung vom Leeren Darm.<br \/>\n\u2764 Entworfen von 100% hochwertige aus rostfreiem Aluminium mit drei sieben Loch auswechselbare K\u00f6pfe zu schaffen eine Spray, das erh\u00f6ht die Bew\u00e4sserung Bereich reduziert Wasser Druck zu vermeiden Irritationen der rektal\/Colon W\u00e4nde.Die drei Optionen erlauben auch den der Benutzer w\u00e4hlen zu den Kopf.<br \/>\n\u2764 Das ergonomische Design mit einem Winkel zu arbeiten mit nat\u00fcrlichen Konturen von der inneren enddarmes zu erm\u00f6glichen f\u00fcr gr\u00f6\u00dfere Reichweite und mehr effiziente Reinigung.<\/p>\n","protected":false},"featured_media":133209,"comment_status":"open","ping_status":"closed","template":"","meta":[],"product_brand":[],"product_cat":[652,2977],"product_tag":[],"class_list":{"0":"post-133208","1":"product","2":"type-product","3":"status-publish","4":"has-post-thumbnail","6":"product_cat-erotik-markt-xxl","7":"product_cat-sexspielzeug","8":"pa_brand-xocome","9":"pa_manufacturer-worsy","11":"first","12":"instock","13":"shipping-taxable","14":"purchasable","15":"product-type-simple","16":"customify-col","17":"product-has-gallery"},"yoast_head":"<!-- This site is optimized with the Yoast SEO plugin v27.4 - https:\/\/yoast.com\/product\/yoast-seo-wordpress\/ -->\n<title>Aluminium Dusche Set, mit 3 K\u00f6pfe f\u00fcr Cleansing Colonic Douche System, Dusche Mit 59 Zoll Duschschlauch und Samttasche\u2026 - Markt-XXL<\/title>\n<meta name=\"description\" content=\"Markt-XXL Aluminium Dusche Set, mit 3 K\u00f6pfe f\u00fcr Cleansing Colonic Douche System, Dusche Mit 59 Zoll Duschschlauch und Samttasche\u2026\" \/>\n<meta name=\"robots\" content=\"index, follow, max-snippet:-1, max-image-preview:large, max-video-preview:-1\" \/>\n<link rel=\"canonical\" href=\"https:\/\/marktxxl.de\/markt\/produkt\/aluminium-dusche-set-mit-3-koepfe-fuer-cleansing-colonic-douche-system-dusche-mit-59-zoll-duschschlauch-und-samttasche-silber\/\" \/>\n<meta property=\"og:locale\" content=\"de_DE\" \/>\n<meta property=\"og:type\" content=\"article\" \/>\n<meta property=\"og:title\" content=\"Aluminium Dusche Set, mit 3 K\u00f6pfe f\u00fcr Cleansing Colonic Douche System, Dusche Mit 59 Zoll Duschschlauch und Samttasche\u2026 - Markt-XXL\" \/>\n<meta property=\"og:description\" content=\"Markt-XXL Aluminium Dusche Set, mit 3 K\u00f6pfe f\u00fcr Cleansing Colonic Douche System, Dusche Mit 59 Zoll Duschschlauch und Samttasche\u2026\" \/>\n<meta property=\"og:url\" content=\"https:\/\/marktxxl.de\/markt\/produkt\/aluminium-dusche-set-mit-3-koepfe-fuer-cleansing-colonic-douche-system-dusche-mit-59-zoll-duschschlauch-und-samttasche-silber\/\" \/>\n<meta property=\"og:site_name\" content=\"Markt-XXL\" \/>\n<meta property=\"article:modified_time\" content=\"2023-04-11T02:07:41+00:00\" \/>\n<meta property=\"og:image\" content=\"https:\/\/m.media-amazon.com\/images\/I\/41lYTa08U2L._SL500_.jpg\" \/>\n\t<meta property=\"og:image:width\" content=\"500\" \/>\n\t<meta property=\"og:image:height\" content=\"500\" \/>\n\t<meta property=\"og:image:type\" content=\"image\/jpeg\" \/>\n<meta name=\"twitter:card\" content=\"summary_large_image\" \/>\n<meta name=\"twitter:label1\" content=\"Gesch\u00e4tzte Lesezeit\" \/>\n\t<meta name=\"twitter:data1\" content=\"1\u00a0Minute\" \/>\n<script type=\"application\/ld+json\" class=\"yoast-schema-graph\">{\"@context\":\"https:\\\/\\\/schema.org\",\"@graph\":[{\"@type\":\"WebPage\",\"@id\":\"https:\\\/\\\/marktxxl.de\\\/markt\\\/produkt\\\/aluminium-dusche-set-mit-3-koepfe-fuer-cleansing-colonic-douche-system-dusche-mit-59-zoll-duschschlauch-und-samttasche-silber\\\/\",\"url\":\"https:\\\/\\\/marktxxl.de\\\/markt\\\/produkt\\\/aluminium-dusche-set-mit-3-koepfe-fuer-cleansing-colonic-douche-system-dusche-mit-59-zoll-duschschlauch-und-samttasche-silber\\\/\",\"name\":\"Aluminium Dusche Set, mit 3 K\u00f6pfe f\u00fcr Cleansing Colonic Douche System, Dusche Mit 59 Zoll Duschschlauch und Samttasche\u2026 - Markt-XXL\",\"isPartOf\":{\"@id\":\"https:\\\/\\\/marktxxl.de\\\/markt\\\/#website\"},\"primaryImageOfPage\":{\"@id\":\"https:\\\/\\\/marktxxl.de\\\/markt\\\/produkt\\\/aluminium-dusche-set-mit-3-koepfe-fuer-cleansing-colonic-douche-system-dusche-mit-59-zoll-duschschlauch-und-samttasche-silber\\\/#primaryimage\"},\"image\":{\"@id\":\"https:\\\/\\\/marktxxl.de\\\/markt\\\/produkt\\\/aluminium-dusche-set-mit-3-koepfe-fuer-cleansing-colonic-douche-system-dusche-mit-59-zoll-duschschlauch-und-samttasche-silber\\\/#primaryimage\"},\"thumbnailUrl\":\"https:\\\/\\\/m.media-amazon.com\\\/images\\\/I\\\/41lYTa08U2L._SL500_.jpg\",\"datePublished\":\"2022-07-13T18:46:42+00:00\",\"dateModified\":\"2023-04-11T02:07:41+00:00\",\"description\":\"Markt-XXL Aluminium Dusche Set, mit 3 K\u00f6pfe f\u00fcr Cleansing Colonic Douche System, Dusche Mit 59 Zoll Duschschlauch und Samttasche\u2026\",\"breadcrumb\":{\"@id\":\"https:\\\/\\\/marktxxl.de\\\/markt\\\/produkt\\\/aluminium-dusche-set-mit-3-koepfe-fuer-cleansing-colonic-douche-system-dusche-mit-59-zoll-duschschlauch-und-samttasche-silber\\\/#breadcrumb\"},\"inLanguage\":\"de\",\"potentialAction\":[{\"@type\":\"ReadAction\",\"target\":[\"https:\\\/\\\/marktxxl.de\\\/markt\\\/produkt\\\/aluminium-dusche-set-mit-3-koepfe-fuer-cleansing-colonic-douche-system-dusche-mit-59-zoll-duschschlauch-und-samttasche-silber\\\/\"]}]},{\"@type\":\"ImageObject\",\"inLanguage\":\"de\",\"@id\":\"https:\\\/\\\/marktxxl.de\\\/markt\\\/produkt\\\/aluminium-dusche-set-mit-3-koepfe-fuer-cleansing-colonic-douche-system-dusche-mit-59-zoll-duschschlauch-und-samttasche-silber\\\/#primaryimage\",\"url\":\"https:\\\/\\\/m.media-amazon.com\\\/images\\\/I\\\/41lYTa08U2L._SL500_.jpg\",\"contentUrl\":\"https:\\\/\\\/m.media-amazon.com\\\/images\\\/I\\\/41lYTa08U2L._SL500_.jpg\",\"width\":500,\"height\":500},{\"@type\":\"BreadcrumbList\",\"@id\":\"https:\\\/\\\/marktxxl.de\\\/markt\\\/produkt\\\/aluminium-dusche-set-mit-3-koepfe-fuer-cleansing-colonic-douche-system-dusche-mit-59-zoll-duschschlauch-und-samttasche-silber\\\/#breadcrumb\",\"itemListElement\":[{\"@type\":\"ListItem\",\"position\":1,\"name\":\"Startseite\",\"item\":\"https:\\\/\\\/marktxxl.de\\\/markt\\\/\"},{\"@type\":\"ListItem\",\"position\":2,\"name\":\"Markt\",\"item\":\"https:\\\/\\\/marktxxl.de\\\/markt\\\/\"},{\"@type\":\"ListItem\",\"position\":3,\"name\":\"Aluminium Dusche Set, mit 3 K\u00f6pfe f\u00fcr Cleansing Colonic Douche System, Dusche Mit 59 Zoll Duschschlauch und Samttasche\u2026\"}]},{\"@type\":\"WebSite\",\"@id\":\"https:\\\/\\\/marktxxl.de\\\/markt\\\/#website\",\"url\":\"https:\\\/\\\/marktxxl.de\\\/markt\\\/\",\"name\":\"Markt-XXL\",\"description\":\"Ihr Markt Online\",\"publisher\":{\"@id\":\"https:\\\/\\\/marktxxl.de\\\/markt\\\/#organization\"},\"potentialAction\":[{\"@type\":\"SearchAction\",\"target\":{\"@type\":\"EntryPoint\",\"urlTemplate\":\"https:\\\/\\\/marktxxl.de\\\/markt\\\/?s={search_term_string}\"},\"query-input\":{\"@type\":\"PropertyValueSpecification\",\"valueRequired\":true,\"valueName\":\"search_term_string\"}}],\"inLanguage\":\"de\"},{\"@type\":\"Organization\",\"@id\":\"https:\\\/\\\/marktxxl.de\\\/markt\\\/#organization\",\"name\":\"Markt-XXL\",\"url\":\"https:\\\/\\\/marktxxl.de\\\/markt\\\/\",\"logo\":{\"@type\":\"ImageObject\",\"inLanguage\":\"de\",\"@id\":\"https:\\\/\\\/marktxxl.de\\\/markt\\\/#\\\/schema\\\/logo\\\/image\\\/\",\"url\":\"https:\\\/\\\/marktxxl.de\\\/markt\\\/wp-content\\\/uploads\\\/sites\\\/3\\\/2020\\\/12\\\/logo.png\",\"contentUrl\":\"https:\\\/\\\/marktxxl.de\\\/markt\\\/wp-content\\\/uploads\\\/sites\\\/3\\\/2020\\\/12\\\/logo.png\",\"width\":200,\"height\":70,\"caption\":\"Markt-XXL\"},\"image\":{\"@id\":\"https:\\\/\\\/marktxxl.de\\\/markt\\\/#\\\/schema\\\/logo\\\/image\\\/\"}}]}<\/script>\n<!-- \/ Yoast SEO plugin. -->","yoast_head_json":{"title":"Aluminium Dusche Set, mit 3 K\u00f6pfe f\u00fcr Cleansing Colonic Douche System, Dusche Mit 59 Zoll Duschschlauch und Samttasche\u2026 - Markt-XXL","description":"Markt-XXL Aluminium Dusche Set, mit 3 K\u00f6pfe f\u00fcr Cleansing Colonic Douche System, Dusche Mit 59 Zoll Duschschlauch und Samttasche\u2026","robots":{"index":"index","follow":"follow","max-snippet":"max-snippet:-1","max-image-preview":"max-image-preview:large","max-video-preview":"max-video-preview:-1"},"canonical":"https:\/\/marktxxl.de\/markt\/produkt\/aluminium-dusche-set-mit-3-koepfe-fuer-cleansing-colonic-douche-system-dusche-mit-59-zoll-duschschlauch-und-samttasche-silber\/","og_locale":"de_DE","og_type":"article","og_title":"Aluminium Dusche Set, mit 3 K\u00f6pfe f\u00fcr Cleansing Colonic Douche System, Dusche Mit 59 Zoll Duschschlauch und Samttasche\u2026 - Markt-XXL","og_description":"Markt-XXL Aluminium Dusche Set, mit 3 K\u00f6pfe f\u00fcr Cleansing Colonic Douche System, Dusche Mit 59 Zoll Duschschlauch und Samttasche\u2026","og_url":"https:\/\/marktxxl.de\/markt\/produkt\/aluminium-dusche-set-mit-3-koepfe-fuer-cleansing-colonic-douche-system-dusche-mit-59-zoll-duschschlauch-und-samttasche-silber\/","og_site_name":"Markt-XXL","article_modified_time":"2023-04-11T02:07:41+00:00","og_image":[{"width":500,"height":500,"url":"https:\/\/m.media-amazon.com\/images\/I\/41lYTa08U2L._SL500_.jpg","type":"image\/jpeg"}],"twitter_card":"summary_large_image","twitter_misc":{"Gesch\u00e4tzte Lesezeit":"1\u00a0Minute"},"schema":{"@context":"https:\/\/schema.org","@graph":[{"@type":"WebPage","@id":"https:\/\/marktxxl.de\/markt\/produkt\/aluminium-dusche-set-mit-3-koepfe-fuer-cleansing-colonic-douche-system-dusche-mit-59-zoll-duschschlauch-und-samttasche-silber\/","url":"https:\/\/marktxxl.de\/markt\/produkt\/aluminium-dusche-set-mit-3-koepfe-fuer-cleansing-colonic-douche-system-dusche-mit-59-zoll-duschschlauch-und-samttasche-silber\/","name":"Aluminium Dusche Set, mit 3 K\u00f6pfe f\u00fcr Cleansing Colonic Douche System, Dusche Mit 59 Zoll Duschschlauch und Samttasche\u2026 - Markt-XXL","isPartOf":{"@id":"https:\/\/marktxxl.de\/markt\/#website"},"primaryImageOfPage":{"@id":"https:\/\/marktxxl.de\/markt\/produkt\/aluminium-dusche-set-mit-3-koepfe-fuer-cleansing-colonic-douche-system-dusche-mit-59-zoll-duschschlauch-und-samttasche-silber\/#primaryimage"},"image":{"@id":"https:\/\/marktxxl.de\/markt\/produkt\/aluminium-dusche-set-mit-3-koepfe-fuer-cleansing-colonic-douche-system-dusche-mit-59-zoll-duschschlauch-und-samttasche-silber\/#primaryimage"},"thumbnailUrl":"https:\/\/m.media-amazon.com\/images\/I\/41lYTa08U2L._SL500_.jpg","datePublished":"2022-07-13T18:46:42+00:00","dateModified":"2023-04-11T02:07:41+00:00","description":"Markt-XXL Aluminium Dusche Set, mit 3 K\u00f6pfe f\u00fcr Cleansing Colonic Douche System, Dusche Mit 59 Zoll Duschschlauch und Samttasche\u2026","breadcrumb":{"@id":"https:\/\/marktxxl.de\/markt\/produkt\/aluminium-dusche-set-mit-3-koepfe-fuer-cleansing-colonic-douche-system-dusche-mit-59-zoll-duschschlauch-und-samttasche-silber\/#breadcrumb"},"inLanguage":"de","potentialAction":[{"@type":"ReadAction","target":["https:\/\/marktxxl.de\/markt\/produkt\/aluminium-dusche-set-mit-3-koepfe-fuer-cleansing-colonic-douche-system-dusche-mit-59-zoll-duschschlauch-und-samttasche-silber\/"]}]},{"@type":"ImageObject","inLanguage":"de","@id":"https:\/\/marktxxl.de\/markt\/produkt\/aluminium-dusche-set-mit-3-koepfe-fuer-cleansing-colonic-douche-system-dusche-mit-59-zoll-duschschlauch-und-samttasche-silber\/#primaryimage","url":"https:\/\/m.media-amazon.com\/images\/I\/41lYTa08U2L._SL500_.jpg","contentUrl":"https:\/\/m.media-amazon.com\/images\/I\/41lYTa08U2L._SL500_.jpg","width":500,"height":500},{"@type":"BreadcrumbList","@id":"https:\/\/marktxxl.de\/markt\/produkt\/aluminium-dusche-set-mit-3-koepfe-fuer-cleansing-colonic-douche-system-dusche-mit-59-zoll-duschschlauch-und-samttasche-silber\/#breadcrumb","itemListElement":[{"@type":"ListItem","position":1,"name":"Startseite","item":"https:\/\/marktxxl.de\/markt\/"},{"@type":"ListItem","position":2,"name":"Markt","item":"https:\/\/marktxxl.de\/markt\/"},{"@type":"ListItem","position":3,"name":"Aluminium Dusche Set, mit 3 K\u00f6pfe f\u00fcr Cleansing Colonic Douche System, Dusche Mit 59 Zoll Duschschlauch und Samttasche\u2026"}]},{"@type":"WebSite","@id":"https:\/\/marktxxl.de\/markt\/#website","url":"https:\/\/marktxxl.de\/markt\/","name":"Markt-XXL","description":"Ihr Markt Online","publisher":{"@id":"https:\/\/marktxxl.de\/markt\/#organization"},"potentialAction":[{"@type":"SearchAction","target":{"@type":"EntryPoint","urlTemplate":"https:\/\/marktxxl.de\/markt\/?s={search_term_string}"},"query-input":{"@type":"PropertyValueSpecification","valueRequired":true,"valueName":"search_term_string"}}],"inLanguage":"de"},{"@type":"Organization","@id":"https:\/\/marktxxl.de\/markt\/#organization","name":"Markt-XXL","url":"https:\/\/marktxxl.de\/markt\/","logo":{"@type":"ImageObject","inLanguage":"de","@id":"https:\/\/marktxxl.de\/markt\/#\/schema\/logo\/image\/","url":"https:\/\/marktxxl.de\/markt\/wp-content\/uploads\/sites\/3\/2020\/12\/logo.png","contentUrl":"https:\/\/marktxxl.de\/markt\/wp-content\/uploads\/sites\/3\/2020\/12\/logo.png","width":200,"height":70,"caption":"Markt-XXL"},"image":{"@id":"https:\/\/marktxxl.de\/markt\/#\/schema\/logo\/image\/"}}]}},"_links":{"self":[{"href":"https:\/\/marktxxl.de\/markt\/wp-json\/wp\/v2\/product\/133208","targetHints":{"allow":["GET"]}}],"collection":[{"href":"https:\/\/marktxxl.de\/markt\/wp-json\/wp\/v2\/product"}],"about":[{"href":"https:\/\/marktxxl.de\/markt\/wp-json\/wp\/v2\/types\/product"}],"replies":[{"embeddable":true,"href":"https:\/\/marktxxl.de\/markt\/wp-json\/wp\/v2\/comments?post=133208"}],"wp:featuredmedia":[{"embeddable":true,"href":"https:\/\/marktxxl.de\/markt\/wp-json\/wp\/v2\/media\/133209"}],"wp:attachment":[{"href":"https:\/\/marktxxl.de\/markt\/wp-json\/wp\/v2\/media?parent=133208"}],"wp:term":[{"taxonomy":"product_brand","embeddable":true,"href":"https:\/\/marktxxl.de\/markt\/wp-json\/wp\/v2\/product_brand?post=133208"},{"taxonomy":"product_cat","embeddable":true,"href":"https:\/\/marktxxl.de\/markt\/wp-json\/wp\/v2\/product_cat?post=133208"},{"taxonomy":"product_tag","embeddable":true,"href":"https:\/\/marktxxl.de\/markt\/wp-json\/wp\/v2\/product_tag?post=133208"}],"curies":[{"name":"wp","href":"https:\/\/api.w.org\/{rel}","templated":true}]}}