{"id":133200,"date":"2022-07-13T20:46:36","date_gmt":"2022-07-13T18:46:36","guid":{"rendered":"https:\/\/marktxxl.de\/markt\/produkt\/yke-massagegeraet-schulter-beste-freundin-geschenke-nackenmassagegeraet-mit-waerme-fuer-eine-shiatsu-rueckenmassage\/"},"modified":"2023-04-11T04:07:41","modified_gmt":"2023-04-11T02:07:41","slug":"yke-massagegeraet-schulter-beste-freundin-geschenke-nackenmassagegeraet-mit-waerme-fuer-eine-shiatsu-rueckenmassage","status":"publish","type":"product","link":"https:\/\/marktxxl.de\/markt\/produkt\/yke-massagegeraet-schulter-beste-freundin-geschenke-nackenmassagegeraet-mit-waerme-fuer-eine-shiatsu-rueckenmassage\/","title":{"rendered":"YKE Massageger\u00e4t Schulter Beste Freundin Geschenke Nackenmassageger\u00e4t mit W\u00e4rme f\u00fcr eine Shiatsu-R\u00fcckenmassage"},"content":{"rendered":"<p>\u3010Realistische Fingermassage\u3011YKE multifunktionales Massageger\u00e4t hat 8 Massageknoten, durch Finger-Massagebewegungen wie Ziehen, Rollen, Kneten, gibt Ihnen ein echtes Massageerlebnis und entlastet Ihre angespannte Muskeln.<br \/>\n\u3010Mehrere Massagemodi\u3011 Sie k\u00f6nnen die Massagerichtung einfach auf die Schaltfl\u00e4che \u00e4ndern. Dieses elektrische Nackenmassageger\u00e4t hat auch zwei Griffen, sodass Sie es mit den H\u00e4nden ziehen k\u00f6nnen, um den Druck zu regulieren. Es kann ausser Nacken auch beim Schulter, R\u00fccken und Bauch benutzen.<br \/>\n\u3010Komfortable W\u00e4rmefunktion und Timing\u3011 Das YKE kabellose Massageger\u00e4t hat auch W\u00e4rmefunktion, was Ihnen mehr Komfort gibt. Das Shiatsu Nackenmassageger\u00e4t werden automatisch nach 15 Minuten sich ausschalten, um Sie vor \u00dcberhitzung zu sch\u00fctzen. Durch einen Display k\u00f6nnen Sie den aktuellen Modus und die Massagezeit sehen.<br \/>\n\u3010Tragbar und Einfach zu Reinigen\u3011Ausgestattet mit USB-Ladeanschluss und eingebautem wiederaufladbarem Lithium-Akku erm\u00f6glicht das Massageger\u00e4t 3 Stunden lang kontinuierlich zu benutzen. Es ist einfach zu reinigen und langlebig, ideal f\u00fcr Flugzeugreisen, B\u00fcro, Auto und Zu Hause und Geschenk.<br \/>\n\u3010Ganze K\u00f6rper Massagen\u3011Unser YKE Massageger\u00e4t erm\u00f6glicht es Ihnen, die Griffe je nach Massage in verschiedenen Positionen abnehmen und Ihnen eine tiefe Shiatsu-Massage bieten. \ud83d\udc95Warm Tipps: Bitte beachten Sie vor dem Kauf unsere OFFICIAL Marke -YKE<br \/>\n<div class=\"main-cross-sell\" data-asin=\"B07ZMP3Q1K\">\n\n\t<div class=\"WooZone-cross-sell-loader\">\n\t\t<div>\n\t\t\t<div id=\"floatingBarsG\">\n\t\t\t\t<div class=\"blockG\" id=\"rotateG_01\"><\/div>\n\t\t\t\t<div class=\"blockG\" id=\"rotateG_02\"><\/div>\n\t\t\t\t<div class=\"blockG\" id=\"rotateG_03\"><\/div>\n\t\t\t\t<div class=\"blockG\" id=\"rotateG_04\"><\/div>\n\t\t\t\t<div class=\"blockG\" id=\"rotateG_05\"><\/div>\n\t\t\t\t<div class=\"blockG\" id=\"rotateG_06\"><\/div>\n\t\t\t\t<div class=\"blockG\" id=\"rotateG_07\"><\/div>\n\t\t\t\t<div class=\"blockG\" id=\"rotateG_08\"><\/div>\n\t\t\t<\/div>\n\t\t\t<div class=\"WooZone-cross-sell-loader-text\"><\/div>\n\t\t<\/div>\n\t<\/div>\n\n\t\t\n<\/div>\n<div style=\"clear:both;\"><\/div><\/p>\n","protected":false},"excerpt":{"rendered":"<p>\u3010Realistische Fingermassage\u3011YKE multifunktionales Massageger\u00e4t hat 8 Massageknoten, durch Finger-Massagebewegungen wie Ziehen, Rollen, Kneten, gibt Ihnen ein echtes Massageerlebnis und entlastet Ihre angespannte Muskeln.<br \/>\n\u3010Mehrere Massagemodi\u3011 Sie k\u00f6nnen die Massagerichtung einfach auf die Schaltfl\u00e4che \u00e4ndern. Dieses elektrische Nackenmassageger\u00e4t hat auch zwei Griffen, sodass Sie es mit den H\u00e4nden ziehen k\u00f6nnen, um den Druck zu regulieren. Es kann ausser Nacken auch beim Schulter, R\u00fccken und Bauch benutzen.<br \/>\n\u3010Komfortable W\u00e4rmefunktion und Timing\u3011 Das YKE kabellose Massageger\u00e4t hat auch W\u00e4rmefunktion, was Ihnen mehr Komfort gibt. Das Shiatsu Nackenmassageger\u00e4t werden automatisch nach 15 Minuten sich ausschalten, um Sie vor \u00dcberhitzung zu sch\u00fctzen. Durch einen Display k\u00f6nnen Sie den aktuellen Modus und die Massagezeit sehen.<\/p>\n","protected":false},"featured_media":133201,"comment_status":"open","ping_status":"closed","template":"","meta":[],"product_brand":[],"product_cat":[652,2977],"product_tag":[],"class_list":{"0":"post-133200","1":"product","2":"type-product","3":"status-publish","4":"has-post-thumbnail","6":"product_cat-erotik-markt-xxl","7":"product_cat-sexspielzeug","8":"pa_binding-unbekannter-einband","9":"pa_brand-yoakuee","10":"pa_height-3-543307083-zoll","11":"pa_length-7-086614166-zoll","12":"pa_manufacturer-roofer-energy-technologybaoshan-co-ltd","13":"pa_model-37757","14":"pa_width-4-724409444-zoll","16":"first","17":"instock","18":"shipping-taxable","19":"purchasable","20":"product-type-simple","21":"customify-col","22":"product-has-gallery"},"yoast_head":"<!-- This site is optimized with the Yoast SEO plugin v27.4 - https:\/\/yoast.com\/product\/yoast-seo-wordpress\/ -->\n<title>YKE Massageger\u00e4t Schulter Beste Freundin Geschenke Nackenmassageger\u00e4t mit W\u00e4rme f\u00fcr eine Shiatsu-R\u00fcckenmassage - Markt-XXL<\/title>\n<meta name=\"description\" content=\"Markt-XXL YKE Massageger\u00e4t Schulter Beste Freundin Geschenke Nackenmassageger\u00e4t mit W\u00e4rme f\u00fcr eine Shiatsu-R\u00fcckenmassage\" \/>\n<meta name=\"robots\" content=\"index, follow, max-snippet:-1, max-image-preview:large, max-video-preview:-1\" \/>\n<link rel=\"canonical\" href=\"https:\/\/marktxxl.de\/markt\/produkt\/yke-massagegeraet-schulter-beste-freundin-geschenke-nackenmassagegeraet-mit-waerme-fuer-eine-shiatsu-rueckenmassage\/\" \/>\n<meta property=\"og:locale\" content=\"de_DE\" \/>\n<meta property=\"og:type\" content=\"article\" \/>\n<meta property=\"og:title\" content=\"YKE Massageger\u00e4t Schulter Beste Freundin Geschenke Nackenmassageger\u00e4t mit W\u00e4rme f\u00fcr eine Shiatsu-R\u00fcckenmassage - Markt-XXL\" \/>\n<meta property=\"og:description\" content=\"Markt-XXL YKE Massageger\u00e4t Schulter Beste Freundin Geschenke Nackenmassageger\u00e4t mit W\u00e4rme f\u00fcr eine Shiatsu-R\u00fcckenmassage\" \/>\n<meta property=\"og:url\" content=\"https:\/\/marktxxl.de\/markt\/produkt\/yke-massagegeraet-schulter-beste-freundin-geschenke-nackenmassagegeraet-mit-waerme-fuer-eine-shiatsu-rueckenmassage\/\" \/>\n<meta property=\"og:site_name\" content=\"Markt-XXL\" \/>\n<meta property=\"article:modified_time\" content=\"2023-04-11T02:07:41+00:00\" \/>\n<meta property=\"og:image\" content=\"https:\/\/m.media-amazon.com\/images\/I\/41Qi18PFmvL._SL500_.jpg\" \/>\n\t<meta property=\"og:image:width\" content=\"500\" \/>\n\t<meta property=\"og:image:height\" content=\"500\" \/>\n\t<meta property=\"og:image:type\" content=\"image\/jpeg\" \/>\n<meta name=\"twitter:card\" content=\"summary_large_image\" \/>\n<meta name=\"twitter:label1\" content=\"Gesch\u00e4tzte Lesezeit\" \/>\n\t<meta name=\"twitter:data1\" content=\"1\u00a0Minute\" \/>\n<script type=\"application\/ld+json\" class=\"yoast-schema-graph\">{\"@context\":\"https:\\\/\\\/schema.org\",\"@graph\":[{\"@type\":\"WebPage\",\"@id\":\"https:\\\/\\\/marktxxl.de\\\/markt\\\/produkt\\\/yke-massagegeraet-schulter-beste-freundin-geschenke-nackenmassagegeraet-mit-waerme-fuer-eine-shiatsu-rueckenmassage\\\/\",\"url\":\"https:\\\/\\\/marktxxl.de\\\/markt\\\/produkt\\\/yke-massagegeraet-schulter-beste-freundin-geschenke-nackenmassagegeraet-mit-waerme-fuer-eine-shiatsu-rueckenmassage\\\/\",\"name\":\"YKE Massageger\u00e4t Schulter Beste Freundin Geschenke Nackenmassageger\u00e4t mit W\u00e4rme f\u00fcr eine Shiatsu-R\u00fcckenmassage - Markt-XXL\",\"isPartOf\":{\"@id\":\"https:\\\/\\\/marktxxl.de\\\/markt\\\/#website\"},\"primaryImageOfPage\":{\"@id\":\"https:\\\/\\\/marktxxl.de\\\/markt\\\/produkt\\\/yke-massagegeraet-schulter-beste-freundin-geschenke-nackenmassagegeraet-mit-waerme-fuer-eine-shiatsu-rueckenmassage\\\/#primaryimage\"},\"image\":{\"@id\":\"https:\\\/\\\/marktxxl.de\\\/markt\\\/produkt\\\/yke-massagegeraet-schulter-beste-freundin-geschenke-nackenmassagegeraet-mit-waerme-fuer-eine-shiatsu-rueckenmassage\\\/#primaryimage\"},\"thumbnailUrl\":\"https:\\\/\\\/m.media-amazon.com\\\/images\\\/I\\\/41Qi18PFmvL._SL500_.jpg\",\"datePublished\":\"2022-07-13T18:46:36+00:00\",\"dateModified\":\"2023-04-11T02:07:41+00:00\",\"description\":\"Markt-XXL YKE Massageger\u00e4t Schulter Beste Freundin Geschenke Nackenmassageger\u00e4t mit W\u00e4rme f\u00fcr eine Shiatsu-R\u00fcckenmassage\",\"breadcrumb\":{\"@id\":\"https:\\\/\\\/marktxxl.de\\\/markt\\\/produkt\\\/yke-massagegeraet-schulter-beste-freundin-geschenke-nackenmassagegeraet-mit-waerme-fuer-eine-shiatsu-rueckenmassage\\\/#breadcrumb\"},\"inLanguage\":\"de\",\"potentialAction\":[{\"@type\":\"ReadAction\",\"target\":[\"https:\\\/\\\/marktxxl.de\\\/markt\\\/produkt\\\/yke-massagegeraet-schulter-beste-freundin-geschenke-nackenmassagegeraet-mit-waerme-fuer-eine-shiatsu-rueckenmassage\\\/\"]}]},{\"@type\":\"ImageObject\",\"inLanguage\":\"de\",\"@id\":\"https:\\\/\\\/marktxxl.de\\\/markt\\\/produkt\\\/yke-massagegeraet-schulter-beste-freundin-geschenke-nackenmassagegeraet-mit-waerme-fuer-eine-shiatsu-rueckenmassage\\\/#primaryimage\",\"url\":\"https:\\\/\\\/m.media-amazon.com\\\/images\\\/I\\\/41Qi18PFmvL._SL500_.jpg\",\"contentUrl\":\"https:\\\/\\\/m.media-amazon.com\\\/images\\\/I\\\/41Qi18PFmvL._SL500_.jpg\",\"width\":500,\"height\":500},{\"@type\":\"BreadcrumbList\",\"@id\":\"https:\\\/\\\/marktxxl.de\\\/markt\\\/produkt\\\/yke-massagegeraet-schulter-beste-freundin-geschenke-nackenmassagegeraet-mit-waerme-fuer-eine-shiatsu-rueckenmassage\\\/#breadcrumb\",\"itemListElement\":[{\"@type\":\"ListItem\",\"position\":1,\"name\":\"Startseite\",\"item\":\"https:\\\/\\\/marktxxl.de\\\/markt\\\/\"},{\"@type\":\"ListItem\",\"position\":2,\"name\":\"Markt\",\"item\":\"https:\\\/\\\/marktxxl.de\\\/markt\\\/\"},{\"@type\":\"ListItem\",\"position\":3,\"name\":\"YKE Massageger\u00e4t Schulter Beste Freundin Geschenke Nackenmassageger\u00e4t mit W\u00e4rme f\u00fcr eine Shiatsu-R\u00fcckenmassage\"}]},{\"@type\":\"WebSite\",\"@id\":\"https:\\\/\\\/marktxxl.de\\\/markt\\\/#website\",\"url\":\"https:\\\/\\\/marktxxl.de\\\/markt\\\/\",\"name\":\"Markt-XXL\",\"description\":\"Ihr Markt Online\",\"publisher\":{\"@id\":\"https:\\\/\\\/marktxxl.de\\\/markt\\\/#organization\"},\"potentialAction\":[{\"@type\":\"SearchAction\",\"target\":{\"@type\":\"EntryPoint\",\"urlTemplate\":\"https:\\\/\\\/marktxxl.de\\\/markt\\\/?s={search_term_string}\"},\"query-input\":{\"@type\":\"PropertyValueSpecification\",\"valueRequired\":true,\"valueName\":\"search_term_string\"}}],\"inLanguage\":\"de\"},{\"@type\":\"Organization\",\"@id\":\"https:\\\/\\\/marktxxl.de\\\/markt\\\/#organization\",\"name\":\"Markt-XXL\",\"url\":\"https:\\\/\\\/marktxxl.de\\\/markt\\\/\",\"logo\":{\"@type\":\"ImageObject\",\"inLanguage\":\"de\",\"@id\":\"https:\\\/\\\/marktxxl.de\\\/markt\\\/#\\\/schema\\\/logo\\\/image\\\/\",\"url\":\"https:\\\/\\\/marktxxl.de\\\/markt\\\/wp-content\\\/uploads\\\/sites\\\/3\\\/2020\\\/12\\\/logo.png\",\"contentUrl\":\"https:\\\/\\\/marktxxl.de\\\/markt\\\/wp-content\\\/uploads\\\/sites\\\/3\\\/2020\\\/12\\\/logo.png\",\"width\":200,\"height\":70,\"caption\":\"Markt-XXL\"},\"image\":{\"@id\":\"https:\\\/\\\/marktxxl.de\\\/markt\\\/#\\\/schema\\\/logo\\\/image\\\/\"}}]}<\/script>\n<!-- \/ Yoast SEO plugin. -->","yoast_head_json":{"title":"YKE Massageger\u00e4t Schulter Beste Freundin Geschenke Nackenmassageger\u00e4t mit W\u00e4rme f\u00fcr eine Shiatsu-R\u00fcckenmassage - Markt-XXL","description":"Markt-XXL YKE Massageger\u00e4t Schulter Beste Freundin Geschenke Nackenmassageger\u00e4t mit W\u00e4rme f\u00fcr eine Shiatsu-R\u00fcckenmassage","robots":{"index":"index","follow":"follow","max-snippet":"max-snippet:-1","max-image-preview":"max-image-preview:large","max-video-preview":"max-video-preview:-1"},"canonical":"https:\/\/marktxxl.de\/markt\/produkt\/yke-massagegeraet-schulter-beste-freundin-geschenke-nackenmassagegeraet-mit-waerme-fuer-eine-shiatsu-rueckenmassage\/","og_locale":"de_DE","og_type":"article","og_title":"YKE Massageger\u00e4t Schulter Beste Freundin Geschenke Nackenmassageger\u00e4t mit W\u00e4rme f\u00fcr eine Shiatsu-R\u00fcckenmassage - Markt-XXL","og_description":"Markt-XXL YKE Massageger\u00e4t Schulter Beste Freundin Geschenke Nackenmassageger\u00e4t mit W\u00e4rme f\u00fcr eine Shiatsu-R\u00fcckenmassage","og_url":"https:\/\/marktxxl.de\/markt\/produkt\/yke-massagegeraet-schulter-beste-freundin-geschenke-nackenmassagegeraet-mit-waerme-fuer-eine-shiatsu-rueckenmassage\/","og_site_name":"Markt-XXL","article_modified_time":"2023-04-11T02:07:41+00:00","og_image":[{"width":500,"height":500,"url":"https:\/\/m.media-amazon.com\/images\/I\/41Qi18PFmvL._SL500_.jpg","type":"image\/jpeg"}],"twitter_card":"summary_large_image","twitter_misc":{"Gesch\u00e4tzte Lesezeit":"1\u00a0Minute"},"schema":{"@context":"https:\/\/schema.org","@graph":[{"@type":"WebPage","@id":"https:\/\/marktxxl.de\/markt\/produkt\/yke-massagegeraet-schulter-beste-freundin-geschenke-nackenmassagegeraet-mit-waerme-fuer-eine-shiatsu-rueckenmassage\/","url":"https:\/\/marktxxl.de\/markt\/produkt\/yke-massagegeraet-schulter-beste-freundin-geschenke-nackenmassagegeraet-mit-waerme-fuer-eine-shiatsu-rueckenmassage\/","name":"YKE Massageger\u00e4t Schulter Beste Freundin Geschenke Nackenmassageger\u00e4t mit W\u00e4rme f\u00fcr eine Shiatsu-R\u00fcckenmassage - Markt-XXL","isPartOf":{"@id":"https:\/\/marktxxl.de\/markt\/#website"},"primaryImageOfPage":{"@id":"https:\/\/marktxxl.de\/markt\/produkt\/yke-massagegeraet-schulter-beste-freundin-geschenke-nackenmassagegeraet-mit-waerme-fuer-eine-shiatsu-rueckenmassage\/#primaryimage"},"image":{"@id":"https:\/\/marktxxl.de\/markt\/produkt\/yke-massagegeraet-schulter-beste-freundin-geschenke-nackenmassagegeraet-mit-waerme-fuer-eine-shiatsu-rueckenmassage\/#primaryimage"},"thumbnailUrl":"https:\/\/m.media-amazon.com\/images\/I\/41Qi18PFmvL._SL500_.jpg","datePublished":"2022-07-13T18:46:36+00:00","dateModified":"2023-04-11T02:07:41+00:00","description":"Markt-XXL YKE Massageger\u00e4t Schulter Beste Freundin Geschenke Nackenmassageger\u00e4t mit W\u00e4rme f\u00fcr eine Shiatsu-R\u00fcckenmassage","breadcrumb":{"@id":"https:\/\/marktxxl.de\/markt\/produkt\/yke-massagegeraet-schulter-beste-freundin-geschenke-nackenmassagegeraet-mit-waerme-fuer-eine-shiatsu-rueckenmassage\/#breadcrumb"},"inLanguage":"de","potentialAction":[{"@type":"ReadAction","target":["https:\/\/marktxxl.de\/markt\/produkt\/yke-massagegeraet-schulter-beste-freundin-geschenke-nackenmassagegeraet-mit-waerme-fuer-eine-shiatsu-rueckenmassage\/"]}]},{"@type":"ImageObject","inLanguage":"de","@id":"https:\/\/marktxxl.de\/markt\/produkt\/yke-massagegeraet-schulter-beste-freundin-geschenke-nackenmassagegeraet-mit-waerme-fuer-eine-shiatsu-rueckenmassage\/#primaryimage","url":"https:\/\/m.media-amazon.com\/images\/I\/41Qi18PFmvL._SL500_.jpg","contentUrl":"https:\/\/m.media-amazon.com\/images\/I\/41Qi18PFmvL._SL500_.jpg","width":500,"height":500},{"@type":"BreadcrumbList","@id":"https:\/\/marktxxl.de\/markt\/produkt\/yke-massagegeraet-schulter-beste-freundin-geschenke-nackenmassagegeraet-mit-waerme-fuer-eine-shiatsu-rueckenmassage\/#breadcrumb","itemListElement":[{"@type":"ListItem","position":1,"name":"Startseite","item":"https:\/\/marktxxl.de\/markt\/"},{"@type":"ListItem","position":2,"name":"Markt","item":"https:\/\/marktxxl.de\/markt\/"},{"@type":"ListItem","position":3,"name":"YKE Massageger\u00e4t Schulter Beste Freundin Geschenke Nackenmassageger\u00e4t mit W\u00e4rme f\u00fcr eine Shiatsu-R\u00fcckenmassage"}]},{"@type":"WebSite","@id":"https:\/\/marktxxl.de\/markt\/#website","url":"https:\/\/marktxxl.de\/markt\/","name":"Markt-XXL","description":"Ihr Markt Online","publisher":{"@id":"https:\/\/marktxxl.de\/markt\/#organization"},"potentialAction":[{"@type":"SearchAction","target":{"@type":"EntryPoint","urlTemplate":"https:\/\/marktxxl.de\/markt\/?s={search_term_string}"},"query-input":{"@type":"PropertyValueSpecification","valueRequired":true,"valueName":"search_term_string"}}],"inLanguage":"de"},{"@type":"Organization","@id":"https:\/\/marktxxl.de\/markt\/#organization","name":"Markt-XXL","url":"https:\/\/marktxxl.de\/markt\/","logo":{"@type":"ImageObject","inLanguage":"de","@id":"https:\/\/marktxxl.de\/markt\/#\/schema\/logo\/image\/","url":"https:\/\/marktxxl.de\/markt\/wp-content\/uploads\/sites\/3\/2020\/12\/logo.png","contentUrl":"https:\/\/marktxxl.de\/markt\/wp-content\/uploads\/sites\/3\/2020\/12\/logo.png","width":200,"height":70,"caption":"Markt-XXL"},"image":{"@id":"https:\/\/marktxxl.de\/markt\/#\/schema\/logo\/image\/"}}]}},"_links":{"self":[{"href":"https:\/\/marktxxl.de\/markt\/wp-json\/wp\/v2\/product\/133200","targetHints":{"allow":["GET"]}}],"collection":[{"href":"https:\/\/marktxxl.de\/markt\/wp-json\/wp\/v2\/product"}],"about":[{"href":"https:\/\/marktxxl.de\/markt\/wp-json\/wp\/v2\/types\/product"}],"replies":[{"embeddable":true,"href":"https:\/\/marktxxl.de\/markt\/wp-json\/wp\/v2\/comments?post=133200"}],"wp:featuredmedia":[{"embeddable":true,"href":"https:\/\/marktxxl.de\/markt\/wp-json\/wp\/v2\/media\/133201"}],"wp:attachment":[{"href":"https:\/\/marktxxl.de\/markt\/wp-json\/wp\/v2\/media?parent=133200"}],"wp:term":[{"taxonomy":"product_brand","embeddable":true,"href":"https:\/\/marktxxl.de\/markt\/wp-json\/wp\/v2\/product_brand?post=133200"},{"taxonomy":"product_cat","embeddable":true,"href":"https:\/\/marktxxl.de\/markt\/wp-json\/wp\/v2\/product_cat?post=133200"},{"taxonomy":"product_tag","embeddable":true,"href":"https:\/\/marktxxl.de\/markt\/wp-json\/wp\/v2\/product_tag?post=133200"}],"curies":[{"name":"wp","href":"https:\/\/api.w.org\/{rel}","templated":true}]}}