{"id":133077,"date":"2022-07-13T20:14:07","date_gmt":"2022-07-13T18:14:07","guid":{"rendered":"https:\/\/marktxxl.de\/markt\/produkt\/milliard-reisematratze-matratzenauflage-aus-memory-schaum-fuer-reisebett-laufgitter\/"},"modified":"2023-04-11T04:07:39","modified_gmt":"2023-04-11T02:07:39","slug":"milliard-reisematratze-matratzenauflage-aus-memory-schaum-fuer-reisebett-laufgitter","status":"publish","type":"product","link":"https:\/\/marktxxl.de\/markt\/produkt\/milliard-reisematratze-matratzenauflage-aus-memory-schaum-fuer-reisebett-laufgitter\/","title":{"rendered":"Milliard &#8211; Reisematratze Matratzenauflage aus Memory-Schaum f\u00fcr Reisebett &amp; Laufgitter"},"content":{"rendered":"<p>G\u00f6nnen Sie Ihrem Kind einen besseren Schlaf. Das Design entspricht den Matratzenauflagen aus Memory-Schaumstoff f\u00fcr Erwachsene und bietet die weiche St\u00fctzung, die sich sanft an den K\u00f6rper Ihres Kindes anschmiegt, Herumw\u00e4lzen reduziert und so f\u00fcr einen erholsameren und seltener unterbrochenen Schlaf sorgt.<br \/>\nSorgenfrei &#8211; mit einem hypoallergenen Bezug, der abnehmbar und waschbar ist, damit Sie sich um kleine Missgeschicke und die Reinigung der Auflage keine Sorgen machen m\u00fcssen.<br \/>\nSchaumstoff von bester Qualit\u00e4t &#8211; bestehend aus 100 % luxuri\u00f6sem, 5 cm dickem Memory-Schaumstoff mit einer Dichte von 2,5 Pfund, damit sie Jahre \u00fcbersteht und nicht die Form verliert. Memory-Schaumstoff ist f\u00fcr die Sicherheit Ihres Kindes durch CertiPUR-US zertifiziert und f\u00fcr optimale k\u00fchlende Linderung bel\u00fcftet.<br \/>\nPerfekt auf Reisen &#8211; mit einer einzigartigen Roll-und-Trage-Funktion, um das Aufbewahren und Reisen so einfach wie m\u00f6glich zu gestalten.<br \/>\nDie Matratzenauflage hat die Ma\u00dfe 95 x 65 x 5 cm und ist somit passend f\u00fcr Laufgitter in Standardgr\u00f6\u00dfe. Passt perfekt zu dem Reisebett Sleeptight f\u00fcr einen weicheren, angenehmeren Schlaf. Weiche Oberfl\u00e4chen sind nicht f\u00fcr S\u00e4uglinge geeignet, die Ihren Kopf noch nicht heben und sich nicht ohne Hilfe umdrehen k\u00f6nnen.<br \/>\n<div class=\"main-cross-sell\" data-asin=\"B078XMMSYP\">\n\n\t<div class=\"WooZone-cross-sell-loader\">\n\t\t<div>\n\t\t\t<div id=\"floatingBarsG\">\n\t\t\t\t<div class=\"blockG\" id=\"rotateG_01\"><\/div>\n\t\t\t\t<div class=\"blockG\" id=\"rotateG_02\"><\/div>\n\t\t\t\t<div class=\"blockG\" id=\"rotateG_03\"><\/div>\n\t\t\t\t<div class=\"blockG\" id=\"rotateG_04\"><\/div>\n\t\t\t\t<div class=\"blockG\" id=\"rotateG_05\"><\/div>\n\t\t\t\t<div class=\"blockG\" id=\"rotateG_06\"><\/div>\n\t\t\t\t<div class=\"blockG\" id=\"rotateG_07\"><\/div>\n\t\t\t\t<div class=\"blockG\" id=\"rotateG_08\"><\/div>\n\t\t\t<\/div>\n\t\t\t<div class=\"WooZone-cross-sell-loader-text\"><\/div>\n\t\t<\/div>\n\t<\/div>\n\n\t\t\n<\/div>\n<div style=\"clear:both;\"><\/div><\/p>\n","protected":false},"excerpt":{"rendered":"<p>G\u00f6nnen Sie Ihrem Kind einen besseren Schlaf. Das Design entspricht den Matratzenauflagen aus Memory-Schaumstoff f\u00fcr Erwachsene und bietet die weiche St\u00fctzung, die sich sanft an den K\u00f6rper Ihres Kindes anschmiegt, Herumw\u00e4lzen reduziert und so f\u00fcr einen erholsameren und seltener unterbrochenen Schlaf sorgt.<br \/>\nSorgenfrei &#8211; mit einem hypoallergenen Bezug, der abnehmbar und waschbar ist, damit Sie sich um kleine Missgeschicke und die Reinigung der Auflage keine Sorgen machen m\u00fcssen.<br \/>\nSchaumstoff von bester Qualit\u00e4t &#8211; bestehend aus 100 % luxuri\u00f6sem, 5 cm dickem Memory-Schaumstoff mit einer Dichte von 2,5 Pfund, damit sie Jahre \u00fcbersteht und nicht die Form verliert. Memory-Schaumstoff ist f\u00fcr die Sicherheit Ihres Kindes durch CertiPUR-US zertifiziert und f\u00fcr optimale k\u00fchlende Linderung bel\u00fcftet.<\/p>\n","protected":false},"featured_media":133078,"comment_status":"open","ping_status":"closed","template":"","meta":[],"product_brand":[],"product_cat":[21,8825],"product_tag":[],"class_list":{"0":"post-133077","1":"product","2":"type-product","3":"status-publish","4":"has-post-thumbnail","6":"product_cat-baby","7":"product_cat-baby-kleinkinderzimmer-baby","8":"pa_binding-haushaltswaren","9":"pa_brand-milliard","10":"pa_color-weiss","11":"pa_height-1-968503935-zoll","12":"pa_length-37-401574765-zoll","13":"pa_manufacturer-milliard","14":"pa_model-101-p","15":"pa_size-95-x-65-cm","16":"pa_weight-4-1005980732-pfund","17":"pa_width-25-590551155-zoll","19":"first","20":"instock","21":"shipping-taxable","22":"purchasable","23":"product-type-simple","24":"customify-col","25":"product-has-gallery"},"yoast_head":"<!-- This site is optimized with the Yoast SEO plugin v27.4 - https:\/\/yoast.com\/product\/yoast-seo-wordpress\/ -->\n<title>Milliard - Reisematratze Matratzenauflage aus Memory-Schaum f\u00fcr Reisebett &amp; Laufgitter - Markt-XXL<\/title>\n<meta name=\"description\" content=\"Markt-XXL Milliard - Reisematratze Matratzenauflage aus Memory-Schaum f\u00fcr Reisebett &amp; Laufgitter\" \/>\n<meta name=\"robots\" content=\"index, follow, max-snippet:-1, max-image-preview:large, max-video-preview:-1\" \/>\n<link rel=\"canonical\" href=\"https:\/\/marktxxl.de\/markt\/produkt\/milliard-reisematratze-matratzenauflage-aus-memory-schaum-fuer-reisebett-laufgitter\/\" \/>\n<meta property=\"og:locale\" content=\"de_DE\" \/>\n<meta property=\"og:type\" content=\"article\" \/>\n<meta property=\"og:title\" content=\"Milliard - Reisematratze Matratzenauflage aus Memory-Schaum f\u00fcr Reisebett &amp; Laufgitter - Markt-XXL\" \/>\n<meta property=\"og:description\" content=\"Markt-XXL Milliard - Reisematratze Matratzenauflage aus Memory-Schaum f\u00fcr Reisebett &amp; Laufgitter\" \/>\n<meta property=\"og:url\" content=\"https:\/\/marktxxl.de\/markt\/produkt\/milliard-reisematratze-matratzenauflage-aus-memory-schaum-fuer-reisebett-laufgitter\/\" \/>\n<meta property=\"og:site_name\" content=\"Markt-XXL\" \/>\n<meta property=\"article:modified_time\" content=\"2023-04-11T02:07:39+00:00\" \/>\n<meta property=\"og:image\" content=\"https:\/\/m.media-amazon.com\/images\/I\/21Qj9DSlmqL._SL500_.jpg\" \/>\n\t<meta property=\"og:image:width\" content=\"499\" \/>\n\t<meta property=\"og:image:height\" content=\"500\" \/>\n\t<meta property=\"og:image:type\" content=\"image\/jpeg\" \/>\n<meta name=\"twitter:card\" content=\"summary_large_image\" \/>\n<meta name=\"twitter:label1\" content=\"Gesch\u00e4tzte Lesezeit\" \/>\n\t<meta name=\"twitter:data1\" content=\"1\u00a0Minute\" \/>\n<script type=\"application\/ld+json\" class=\"yoast-schema-graph\">{\"@context\":\"https:\\\/\\\/schema.org\",\"@graph\":[{\"@type\":\"WebPage\",\"@id\":\"https:\\\/\\\/marktxxl.de\\\/markt\\\/produkt\\\/milliard-reisematratze-matratzenauflage-aus-memory-schaum-fuer-reisebett-laufgitter\\\/\",\"url\":\"https:\\\/\\\/marktxxl.de\\\/markt\\\/produkt\\\/milliard-reisematratze-matratzenauflage-aus-memory-schaum-fuer-reisebett-laufgitter\\\/\",\"name\":\"Milliard - Reisematratze Matratzenauflage aus Memory-Schaum f\u00fcr Reisebett &amp; Laufgitter - Markt-XXL\",\"isPartOf\":{\"@id\":\"https:\\\/\\\/marktxxl.de\\\/markt\\\/#website\"},\"primaryImageOfPage\":{\"@id\":\"https:\\\/\\\/marktxxl.de\\\/markt\\\/produkt\\\/milliard-reisematratze-matratzenauflage-aus-memory-schaum-fuer-reisebett-laufgitter\\\/#primaryimage\"},\"image\":{\"@id\":\"https:\\\/\\\/marktxxl.de\\\/markt\\\/produkt\\\/milliard-reisematratze-matratzenauflage-aus-memory-schaum-fuer-reisebett-laufgitter\\\/#primaryimage\"},\"thumbnailUrl\":\"https:\\\/\\\/m.media-amazon.com\\\/images\\\/I\\\/21Qj9DSlmqL._SL500_.jpg\",\"datePublished\":\"2022-07-13T18:14:07+00:00\",\"dateModified\":\"2023-04-11T02:07:39+00:00\",\"description\":\"Markt-XXL Milliard - Reisematratze Matratzenauflage aus Memory-Schaum f\u00fcr Reisebett &amp; Laufgitter\",\"breadcrumb\":{\"@id\":\"https:\\\/\\\/marktxxl.de\\\/markt\\\/produkt\\\/milliard-reisematratze-matratzenauflage-aus-memory-schaum-fuer-reisebett-laufgitter\\\/#breadcrumb\"},\"inLanguage\":\"de\",\"potentialAction\":[{\"@type\":\"ReadAction\",\"target\":[\"https:\\\/\\\/marktxxl.de\\\/markt\\\/produkt\\\/milliard-reisematratze-matratzenauflage-aus-memory-schaum-fuer-reisebett-laufgitter\\\/\"]}]},{\"@type\":\"ImageObject\",\"inLanguage\":\"de\",\"@id\":\"https:\\\/\\\/marktxxl.de\\\/markt\\\/produkt\\\/milliard-reisematratze-matratzenauflage-aus-memory-schaum-fuer-reisebett-laufgitter\\\/#primaryimage\",\"url\":\"https:\\\/\\\/m.media-amazon.com\\\/images\\\/I\\\/21Qj9DSlmqL._SL500_.jpg\",\"contentUrl\":\"https:\\\/\\\/m.media-amazon.com\\\/images\\\/I\\\/21Qj9DSlmqL._SL500_.jpg\",\"width\":499,\"height\":500},{\"@type\":\"BreadcrumbList\",\"@id\":\"https:\\\/\\\/marktxxl.de\\\/markt\\\/produkt\\\/milliard-reisematratze-matratzenauflage-aus-memory-schaum-fuer-reisebett-laufgitter\\\/#breadcrumb\",\"itemListElement\":[{\"@type\":\"ListItem\",\"position\":1,\"name\":\"Startseite\",\"item\":\"https:\\\/\\\/marktxxl.de\\\/markt\\\/\"},{\"@type\":\"ListItem\",\"position\":2,\"name\":\"Markt\",\"item\":\"https:\\\/\\\/marktxxl.de\\\/markt\\\/\"},{\"@type\":\"ListItem\",\"position\":3,\"name\":\"Milliard &#8211; Reisematratze Matratzenauflage aus Memory-Schaum f\u00fcr Reisebett &amp; Laufgitter\"}]},{\"@type\":\"WebSite\",\"@id\":\"https:\\\/\\\/marktxxl.de\\\/markt\\\/#website\",\"url\":\"https:\\\/\\\/marktxxl.de\\\/markt\\\/\",\"name\":\"Markt-XXL\",\"description\":\"Ihr Markt Online\",\"publisher\":{\"@id\":\"https:\\\/\\\/marktxxl.de\\\/markt\\\/#organization\"},\"potentialAction\":[{\"@type\":\"SearchAction\",\"target\":{\"@type\":\"EntryPoint\",\"urlTemplate\":\"https:\\\/\\\/marktxxl.de\\\/markt\\\/?s={search_term_string}\"},\"query-input\":{\"@type\":\"PropertyValueSpecification\",\"valueRequired\":true,\"valueName\":\"search_term_string\"}}],\"inLanguage\":\"de\"},{\"@type\":\"Organization\",\"@id\":\"https:\\\/\\\/marktxxl.de\\\/markt\\\/#organization\",\"name\":\"Markt-XXL\",\"url\":\"https:\\\/\\\/marktxxl.de\\\/markt\\\/\",\"logo\":{\"@type\":\"ImageObject\",\"inLanguage\":\"de\",\"@id\":\"https:\\\/\\\/marktxxl.de\\\/markt\\\/#\\\/schema\\\/logo\\\/image\\\/\",\"url\":\"https:\\\/\\\/marktxxl.de\\\/markt\\\/wp-content\\\/uploads\\\/sites\\\/3\\\/2020\\\/12\\\/logo.png\",\"contentUrl\":\"https:\\\/\\\/marktxxl.de\\\/markt\\\/wp-content\\\/uploads\\\/sites\\\/3\\\/2020\\\/12\\\/logo.png\",\"width\":200,\"height\":70,\"caption\":\"Markt-XXL\"},\"image\":{\"@id\":\"https:\\\/\\\/marktxxl.de\\\/markt\\\/#\\\/schema\\\/logo\\\/image\\\/\"}}]}<\/script>\n<!-- \/ Yoast SEO plugin. -->","yoast_head_json":{"title":"Milliard - Reisematratze Matratzenauflage aus Memory-Schaum f\u00fcr Reisebett &amp; Laufgitter - Markt-XXL","description":"Markt-XXL Milliard - Reisematratze Matratzenauflage aus Memory-Schaum f\u00fcr Reisebett &amp; Laufgitter","robots":{"index":"index","follow":"follow","max-snippet":"max-snippet:-1","max-image-preview":"max-image-preview:large","max-video-preview":"max-video-preview:-1"},"canonical":"https:\/\/marktxxl.de\/markt\/produkt\/milliard-reisematratze-matratzenauflage-aus-memory-schaum-fuer-reisebett-laufgitter\/","og_locale":"de_DE","og_type":"article","og_title":"Milliard - Reisematratze Matratzenauflage aus Memory-Schaum f\u00fcr Reisebett &amp; Laufgitter - Markt-XXL","og_description":"Markt-XXL Milliard - Reisematratze Matratzenauflage aus Memory-Schaum f\u00fcr Reisebett &amp; Laufgitter","og_url":"https:\/\/marktxxl.de\/markt\/produkt\/milliard-reisematratze-matratzenauflage-aus-memory-schaum-fuer-reisebett-laufgitter\/","og_site_name":"Markt-XXL","article_modified_time":"2023-04-11T02:07:39+00:00","og_image":[{"width":499,"height":500,"url":"https:\/\/m.media-amazon.com\/images\/I\/21Qj9DSlmqL._SL500_.jpg","type":"image\/jpeg"}],"twitter_card":"summary_large_image","twitter_misc":{"Gesch\u00e4tzte Lesezeit":"1\u00a0Minute"},"schema":{"@context":"https:\/\/schema.org","@graph":[{"@type":"WebPage","@id":"https:\/\/marktxxl.de\/markt\/produkt\/milliard-reisematratze-matratzenauflage-aus-memory-schaum-fuer-reisebett-laufgitter\/","url":"https:\/\/marktxxl.de\/markt\/produkt\/milliard-reisematratze-matratzenauflage-aus-memory-schaum-fuer-reisebett-laufgitter\/","name":"Milliard - Reisematratze Matratzenauflage aus Memory-Schaum f\u00fcr Reisebett &amp; Laufgitter - Markt-XXL","isPartOf":{"@id":"https:\/\/marktxxl.de\/markt\/#website"},"primaryImageOfPage":{"@id":"https:\/\/marktxxl.de\/markt\/produkt\/milliard-reisematratze-matratzenauflage-aus-memory-schaum-fuer-reisebett-laufgitter\/#primaryimage"},"image":{"@id":"https:\/\/marktxxl.de\/markt\/produkt\/milliard-reisematratze-matratzenauflage-aus-memory-schaum-fuer-reisebett-laufgitter\/#primaryimage"},"thumbnailUrl":"https:\/\/m.media-amazon.com\/images\/I\/21Qj9DSlmqL._SL500_.jpg","datePublished":"2022-07-13T18:14:07+00:00","dateModified":"2023-04-11T02:07:39+00:00","description":"Markt-XXL Milliard - Reisematratze Matratzenauflage aus Memory-Schaum f\u00fcr Reisebett &amp; Laufgitter","breadcrumb":{"@id":"https:\/\/marktxxl.de\/markt\/produkt\/milliard-reisematratze-matratzenauflage-aus-memory-schaum-fuer-reisebett-laufgitter\/#breadcrumb"},"inLanguage":"de","potentialAction":[{"@type":"ReadAction","target":["https:\/\/marktxxl.de\/markt\/produkt\/milliard-reisematratze-matratzenauflage-aus-memory-schaum-fuer-reisebett-laufgitter\/"]}]},{"@type":"ImageObject","inLanguage":"de","@id":"https:\/\/marktxxl.de\/markt\/produkt\/milliard-reisematratze-matratzenauflage-aus-memory-schaum-fuer-reisebett-laufgitter\/#primaryimage","url":"https:\/\/m.media-amazon.com\/images\/I\/21Qj9DSlmqL._SL500_.jpg","contentUrl":"https:\/\/m.media-amazon.com\/images\/I\/21Qj9DSlmqL._SL500_.jpg","width":499,"height":500},{"@type":"BreadcrumbList","@id":"https:\/\/marktxxl.de\/markt\/produkt\/milliard-reisematratze-matratzenauflage-aus-memory-schaum-fuer-reisebett-laufgitter\/#breadcrumb","itemListElement":[{"@type":"ListItem","position":1,"name":"Startseite","item":"https:\/\/marktxxl.de\/markt\/"},{"@type":"ListItem","position":2,"name":"Markt","item":"https:\/\/marktxxl.de\/markt\/"},{"@type":"ListItem","position":3,"name":"Milliard &#8211; Reisematratze Matratzenauflage aus Memory-Schaum f\u00fcr Reisebett &amp; Laufgitter"}]},{"@type":"WebSite","@id":"https:\/\/marktxxl.de\/markt\/#website","url":"https:\/\/marktxxl.de\/markt\/","name":"Markt-XXL","description":"Ihr Markt Online","publisher":{"@id":"https:\/\/marktxxl.de\/markt\/#organization"},"potentialAction":[{"@type":"SearchAction","target":{"@type":"EntryPoint","urlTemplate":"https:\/\/marktxxl.de\/markt\/?s={search_term_string}"},"query-input":{"@type":"PropertyValueSpecification","valueRequired":true,"valueName":"search_term_string"}}],"inLanguage":"de"},{"@type":"Organization","@id":"https:\/\/marktxxl.de\/markt\/#organization","name":"Markt-XXL","url":"https:\/\/marktxxl.de\/markt\/","logo":{"@type":"ImageObject","inLanguage":"de","@id":"https:\/\/marktxxl.de\/markt\/#\/schema\/logo\/image\/","url":"https:\/\/marktxxl.de\/markt\/wp-content\/uploads\/sites\/3\/2020\/12\/logo.png","contentUrl":"https:\/\/marktxxl.de\/markt\/wp-content\/uploads\/sites\/3\/2020\/12\/logo.png","width":200,"height":70,"caption":"Markt-XXL"},"image":{"@id":"https:\/\/marktxxl.de\/markt\/#\/schema\/logo\/image\/"}}]}},"_links":{"self":[{"href":"https:\/\/marktxxl.de\/markt\/wp-json\/wp\/v2\/product\/133077","targetHints":{"allow":["GET"]}}],"collection":[{"href":"https:\/\/marktxxl.de\/markt\/wp-json\/wp\/v2\/product"}],"about":[{"href":"https:\/\/marktxxl.de\/markt\/wp-json\/wp\/v2\/types\/product"}],"replies":[{"embeddable":true,"href":"https:\/\/marktxxl.de\/markt\/wp-json\/wp\/v2\/comments?post=133077"}],"wp:featuredmedia":[{"embeddable":true,"href":"https:\/\/marktxxl.de\/markt\/wp-json\/wp\/v2\/media\/133078"}],"wp:attachment":[{"href":"https:\/\/marktxxl.de\/markt\/wp-json\/wp\/v2\/media?parent=133077"}],"wp:term":[{"taxonomy":"product_brand","embeddable":true,"href":"https:\/\/marktxxl.de\/markt\/wp-json\/wp\/v2\/product_brand?post=133077"},{"taxonomy":"product_cat","embeddable":true,"href":"https:\/\/marktxxl.de\/markt\/wp-json\/wp\/v2\/product_cat?post=133077"},{"taxonomy":"product_tag","embeddable":true,"href":"https:\/\/marktxxl.de\/markt\/wp-json\/wp\/v2\/product_tag?post=133077"}],"curies":[{"name":"wp","href":"https:\/\/api.w.org\/{rel}","templated":true}]}}