{"id":133052,"date":"2022-07-13T20:13:52","date_gmt":"2022-07-13T18:13:52","guid":{"rendered":"https:\/\/marktxxl.de\/markt\/produkt\/baby-reisebettfaltbares-tragbares-kinderreisebettstubenwagen-babywiegeinkl-moskitohaubematratze-und-tascheatmungsaktives-netzreisebett-baby-mit-matratzegrau\/"},"modified":"2023-04-11T04:07:39","modified_gmt":"2023-04-11T02:07:39","slug":"baby-reisebettfaltbares-tragbares-kinderreisebettstubenwagen-babywiegeinkl-moskitohaubematratze-und-tascheatmungsaktives-netzreisebett-baby-mit-matratzegrau","status":"publish","type":"product","link":"https:\/\/marktxxl.de\/markt\/produkt\/baby-reisebettfaltbares-tragbares-kinderreisebettstubenwagen-babywiegeinkl-moskitohaubematratze-und-tascheatmungsaktives-netzreisebett-baby-mit-matratzegrau\/","title":{"rendered":"LuckyDove Faltbares &amp; Tragbares Reisebett f\u00fcr Babys von der Geburt bis zu 12 Monaten, Reisebettchen mit Matratze,Kompakt\u2026"},"content":{"rendered":"<p>STABILER BABY REISEKORB UND SICHERHEITSZERTIFIKAT:Das Luckydove Reisebett Baby besteht aus einem Ganzstahlrahmen,der stabil ist und die Zertifizierung von CPSIA,CPC,ASTM bestanden hat.Der Verriegelungsrahmen und die robusten Seitenw\u00e4nde sorgen f\u00fcr Stabilit\u00e4t,Die starke Basis tr\u00e4gt das Gewicht des Babys,Die gew\u00f6lbten und gepolsterten Seiten halten das Baby sicher und bieten einen sicheren Platz f\u00fcr das Baby.<br \/>\nHOCHWERTIG &amp; UNGIFTIG:Der Stoff vom Baby Reisebett besteht aus kationischem 3U-Gewebe,geruchsneutral und ungiftig.Der bequeme Matratzenstoff ist aus wei\u00dfem Jacquard-Gewirke,und der Grundstoff ist 300D 3U hellgrauer kationischer Stoff.Der Mittelteil besteht aus 10MM Schaum mittlerer Dichte + 5MM dicker hohler PE-Platte.Die hochwertigen Materialien sch\u00fctzen immer die Haut des Babys und geben Ihnen ein komfortables und sorgenfreies Gef\u00fchl.<br \/>\nGESUNDER LUFTSTROM &amp; MOSKITONETZ:Das Netzmaterial dieses Kinderreisebetts besteht 100% aus Polyesterfaser,und die ultrahohe Wand besteht aus atmungsaktivem Netz,das den Luftstrom erh\u00f6ht und ausgezeichnete Luftzirkulation aufweist.Es wird beim Ausgehen kein Erstickungsproblem geben;Moskitonetze k\u00f6nnen Babys vor M\u00fcckenstichen sch\u00fctzen und einen gesunden Luftstrom zu Babys bringen,wenn sie zu Hause,picknicken oder ausruhen,Sie werden wissen, dass sie sicher und bequem bleiben, wenn das Baby ruht<br \/>\nLEICHT ZU FALTEN &amp; T-F\u00d6RMIGER VERSCHLUSS:Dieses Tragbares reisebett klappbar wiegt weniger als drei Pfund und kann zur Lagerung flach gestellt werden.Wenn sie in Gebrauch ist,rastet ihr stabiler Rahmen in zwei Positionen ein und l\u00e4sst sich mit einem Klick einrasten.Dr\u00fccken Sie den Entriegelungsknopf,um es vollst\u00e4ndig zu falten. Nach dem Falten k\u00f6nnen Sie die Wiege in eine Tragetasche stecken. Ob Sie sich ausruhen oder auf ein Picknick gehen,dies ist die beste Reisebettchen f\u00fcr Ihr Baby.<br \/>\nWASCHBAR:Der Matratzenbezug und alle Stoffe der Baby Wiege sind waschbar und k\u00f6nnen vor dem normalen Gebrauch nur mit einem feuchten Tuch und Seife gewaschen werden.Wir m\u00fcssen f\u00fcr die Sicherheit und den Schlaf des Babys sorgen und eine saubere Umgebung f\u00fcr das Baby schaffen.Wir haben keine andere Wahl!<br \/>\n<div class=\"main-cross-sell\" data-asin=\"B09BKKXXJK\">\n\n\t<div class=\"WooZone-cross-sell-loader\">\n\t\t<div>\n\t\t\t<div id=\"floatingBarsG\">\n\t\t\t\t<div class=\"blockG\" id=\"rotateG_01\"><\/div>\n\t\t\t\t<div class=\"blockG\" id=\"rotateG_02\"><\/div>\n\t\t\t\t<div class=\"blockG\" id=\"rotateG_03\"><\/div>\n\t\t\t\t<div class=\"blockG\" id=\"rotateG_04\"><\/div>\n\t\t\t\t<div class=\"blockG\" id=\"rotateG_05\"><\/div>\n\t\t\t\t<div class=\"blockG\" id=\"rotateG_06\"><\/div>\n\t\t\t\t<div class=\"blockG\" id=\"rotateG_07\"><\/div>\n\t\t\t\t<div class=\"blockG\" id=\"rotateG_08\"><\/div>\n\t\t\t<\/div>\n\t\t\t<div class=\"WooZone-cross-sell-loader-text\"><\/div>\n\t\t<\/div>\n\t<\/div>\n\n\t\t\n<\/div>\n<div style=\"clear:both;\"><\/div><\/p>\n","protected":false},"excerpt":{"rendered":"<p>STABILER BABY REISEKORB UND SICHERHEITSZERTIFIKAT:Das Luckydove Reisebett Baby besteht aus einem Ganzstahlrahmen,der stabil ist und die Zertifizierung von CPSIA,CPC,ASTM bestanden hat.Der Verriegelungsrahmen und die robusten Seitenw\u00e4nde sorgen f\u00fcr Stabilit\u00e4t,Die starke Basis tr\u00e4gt das Gewicht des Babys,Die gew\u00f6lbten und gepolsterten Seiten halten das Baby sicher und bieten einen sicheren Platz f\u00fcr das Baby.<br \/>\nHOCHWERTIG &amp; UNGIFTIG:Der Stoff vom Baby Reisebett besteht aus kationischem 3U-Gewebe,geruchsneutral und ungiftig.Der bequeme Matratzenstoff ist aus wei\u00dfem Jacquard-Gewirke,und der Grundstoff ist 300D 3U hellgrauer kationischer Stoff.Der Mittelteil besteht aus 10MM Schaum mittlerer Dichte + 5MM dicker hohler PE-Platte.Die hochwertigen Materialien sch\u00fctzen immer die Haut des Babys und geben Ihnen ein komfortables und sorgenfreies Gef\u00fchl.<br \/>\nGESUNDER LUFTSTROM &amp; MOSKITONETZ:Das Netzmaterial dieses Kinderreisebetts besteht 100% aus Polyesterfaser,und die ultrahohe Wand besteht aus atmungsaktivem Netz,das den Luftstrom erh\u00f6ht und ausgezeichnete Luftzirkulation aufweist.Es wird beim Ausgehen kein Erstickungsproblem geben;Moskitonetze k\u00f6nnen Babys vor M\u00fcckenstichen sch\u00fctzen und einen gesunden Luftstrom zu Babys bringen,wenn sie zu Hause,picknicken oder ausruhen,Sie werden wissen, dass sie sicher und bequem bleiben, wenn das Baby ruht<\/p>\n","protected":false},"featured_media":133053,"comment_status":"open","ping_status":"closed","template":"","meta":[],"product_brand":[],"product_cat":[21,8825],"product_tag":[],"class_list":{"0":"post-133052","1":"product","2":"type-product","3":"status-publish","4":"has-post-thumbnail","6":"product_cat-baby","7":"product_cat-baby-kleinkinderzimmer-baby","8":"pa_brand-vidor","9":"pa_height-9-9999999898-zoll","10":"pa_length-30-99999996838-zoll","11":"pa_width-17-99999998164-zoll","13":"first","14":"instock","15":"shipping-taxable","16":"purchasable","17":"product-type-simple","18":"customify-col","19":"product-has-gallery"},"yoast_head":"<!-- This site is optimized with the Yoast SEO plugin v27.4 - https:\/\/yoast.com\/product\/yoast-seo-wordpress\/ -->\n<title>LuckyDove Faltbares &amp; Tragbares Reisebett f\u00fcr Babys von der Geburt bis zu 12 Monaten, Reisebettchen mit Matratze,Kompakt\u2026 - Markt-XXL<\/title>\n<meta name=\"description\" content=\"Markt-XXL LuckyDove Faltbares &amp; Tragbares Reisebett f\u00fcr Babys von der Geburt bis zu 12 Monaten, Reisebettchen mit Matratze,Kompakt\u2026\" \/>\n<meta name=\"robots\" content=\"index, follow, max-snippet:-1, max-image-preview:large, max-video-preview:-1\" \/>\n<link rel=\"canonical\" href=\"https:\/\/marktxxl.de\/markt\/produkt\/baby-reisebettfaltbares-tragbares-kinderreisebettstubenwagen-babywiegeinkl-moskitohaubematratze-und-tascheatmungsaktives-netzreisebett-baby-mit-matratzegrau\/\" \/>\n<meta property=\"og:locale\" content=\"de_DE\" \/>\n<meta property=\"og:type\" content=\"article\" \/>\n<meta property=\"og:title\" content=\"LuckyDove Faltbares &amp; Tragbares Reisebett f\u00fcr Babys von der Geburt bis zu 12 Monaten, Reisebettchen mit Matratze,Kompakt\u2026 - Markt-XXL\" \/>\n<meta property=\"og:description\" content=\"Markt-XXL LuckyDove Faltbares &amp; Tragbares Reisebett f\u00fcr Babys von der Geburt bis zu 12 Monaten, Reisebettchen mit Matratze,Kompakt\u2026\" \/>\n<meta property=\"og:url\" content=\"https:\/\/marktxxl.de\/markt\/produkt\/baby-reisebettfaltbares-tragbares-kinderreisebettstubenwagen-babywiegeinkl-moskitohaubematratze-und-tascheatmungsaktives-netzreisebett-baby-mit-matratzegrau\/\" \/>\n<meta property=\"og:site_name\" content=\"Markt-XXL\" \/>\n<meta property=\"article:modified_time\" content=\"2023-04-11T02:07:39+00:00\" \/>\n<meta property=\"og:image\" content=\"https:\/\/m.media-amazon.com\/images\/I\/41trZIwK3CS._SL500_.jpg\" \/>\n\t<meta property=\"og:image:width\" content=\"500\" \/>\n\t<meta property=\"og:image:height\" content=\"500\" \/>\n\t<meta property=\"og:image:type\" content=\"image\/jpeg\" \/>\n<meta name=\"twitter:card\" content=\"summary_large_image\" \/>\n<meta name=\"twitter:label1\" content=\"Gesch\u00e4tzte Lesezeit\" \/>\n\t<meta name=\"twitter:data1\" content=\"2\u00a0Minuten\" \/>\n<script type=\"application\/ld+json\" class=\"yoast-schema-graph\">{\"@context\":\"https:\\\/\\\/schema.org\",\"@graph\":[{\"@type\":\"WebPage\",\"@id\":\"https:\\\/\\\/marktxxl.de\\\/markt\\\/produkt\\\/baby-reisebettfaltbares-tragbares-kinderreisebettstubenwagen-babywiegeinkl-moskitohaubematratze-und-tascheatmungsaktives-netzreisebett-baby-mit-matratzegrau\\\/\",\"url\":\"https:\\\/\\\/marktxxl.de\\\/markt\\\/produkt\\\/baby-reisebettfaltbares-tragbares-kinderreisebettstubenwagen-babywiegeinkl-moskitohaubematratze-und-tascheatmungsaktives-netzreisebett-baby-mit-matratzegrau\\\/\",\"name\":\"LuckyDove Faltbares &amp; Tragbares Reisebett f\u00fcr Babys von der Geburt bis zu 12 Monaten, Reisebettchen mit Matratze,Kompakt\u2026 - Markt-XXL\",\"isPartOf\":{\"@id\":\"https:\\\/\\\/marktxxl.de\\\/markt\\\/#website\"},\"primaryImageOfPage\":{\"@id\":\"https:\\\/\\\/marktxxl.de\\\/markt\\\/produkt\\\/baby-reisebettfaltbares-tragbares-kinderreisebettstubenwagen-babywiegeinkl-moskitohaubematratze-und-tascheatmungsaktives-netzreisebett-baby-mit-matratzegrau\\\/#primaryimage\"},\"image\":{\"@id\":\"https:\\\/\\\/marktxxl.de\\\/markt\\\/produkt\\\/baby-reisebettfaltbares-tragbares-kinderreisebettstubenwagen-babywiegeinkl-moskitohaubematratze-und-tascheatmungsaktives-netzreisebett-baby-mit-matratzegrau\\\/#primaryimage\"},\"thumbnailUrl\":\"https:\\\/\\\/m.media-amazon.com\\\/images\\\/I\\\/41trZIwK3CS._SL500_.jpg\",\"datePublished\":\"2022-07-13T18:13:52+00:00\",\"dateModified\":\"2023-04-11T02:07:39+00:00\",\"description\":\"Markt-XXL LuckyDove Faltbares &amp; Tragbares Reisebett f\u00fcr Babys von der Geburt bis zu 12 Monaten, Reisebettchen mit Matratze,Kompakt\u2026\",\"breadcrumb\":{\"@id\":\"https:\\\/\\\/marktxxl.de\\\/markt\\\/produkt\\\/baby-reisebettfaltbares-tragbares-kinderreisebettstubenwagen-babywiegeinkl-moskitohaubematratze-und-tascheatmungsaktives-netzreisebett-baby-mit-matratzegrau\\\/#breadcrumb\"},\"inLanguage\":\"de\",\"potentialAction\":[{\"@type\":\"ReadAction\",\"target\":[\"https:\\\/\\\/marktxxl.de\\\/markt\\\/produkt\\\/baby-reisebettfaltbares-tragbares-kinderreisebettstubenwagen-babywiegeinkl-moskitohaubematratze-und-tascheatmungsaktives-netzreisebett-baby-mit-matratzegrau\\\/\"]}]},{\"@type\":\"ImageObject\",\"inLanguage\":\"de\",\"@id\":\"https:\\\/\\\/marktxxl.de\\\/markt\\\/produkt\\\/baby-reisebettfaltbares-tragbares-kinderreisebettstubenwagen-babywiegeinkl-moskitohaubematratze-und-tascheatmungsaktives-netzreisebett-baby-mit-matratzegrau\\\/#primaryimage\",\"url\":\"https:\\\/\\\/m.media-amazon.com\\\/images\\\/I\\\/41trZIwK3CS._SL500_.jpg\",\"contentUrl\":\"https:\\\/\\\/m.media-amazon.com\\\/images\\\/I\\\/41trZIwK3CS._SL500_.jpg\",\"width\":500,\"height\":500},{\"@type\":\"BreadcrumbList\",\"@id\":\"https:\\\/\\\/marktxxl.de\\\/markt\\\/produkt\\\/baby-reisebettfaltbares-tragbares-kinderreisebettstubenwagen-babywiegeinkl-moskitohaubematratze-und-tascheatmungsaktives-netzreisebett-baby-mit-matratzegrau\\\/#breadcrumb\",\"itemListElement\":[{\"@type\":\"ListItem\",\"position\":1,\"name\":\"Startseite\",\"item\":\"https:\\\/\\\/marktxxl.de\\\/markt\\\/\"},{\"@type\":\"ListItem\",\"position\":2,\"name\":\"Markt\",\"item\":\"https:\\\/\\\/marktxxl.de\\\/markt\\\/\"},{\"@type\":\"ListItem\",\"position\":3,\"name\":\"LuckyDove Faltbares &amp; Tragbares Reisebett f\u00fcr Babys von der Geburt bis zu 12 Monaten, Reisebettchen mit Matratze,Kompakt\u2026\"}]},{\"@type\":\"WebSite\",\"@id\":\"https:\\\/\\\/marktxxl.de\\\/markt\\\/#website\",\"url\":\"https:\\\/\\\/marktxxl.de\\\/markt\\\/\",\"name\":\"Markt-XXL\",\"description\":\"Ihr Markt Online\",\"publisher\":{\"@id\":\"https:\\\/\\\/marktxxl.de\\\/markt\\\/#organization\"},\"potentialAction\":[{\"@type\":\"SearchAction\",\"target\":{\"@type\":\"EntryPoint\",\"urlTemplate\":\"https:\\\/\\\/marktxxl.de\\\/markt\\\/?s={search_term_string}\"},\"query-input\":{\"@type\":\"PropertyValueSpecification\",\"valueRequired\":true,\"valueName\":\"search_term_string\"}}],\"inLanguage\":\"de\"},{\"@type\":\"Organization\",\"@id\":\"https:\\\/\\\/marktxxl.de\\\/markt\\\/#organization\",\"name\":\"Markt-XXL\",\"url\":\"https:\\\/\\\/marktxxl.de\\\/markt\\\/\",\"logo\":{\"@type\":\"ImageObject\",\"inLanguage\":\"de\",\"@id\":\"https:\\\/\\\/marktxxl.de\\\/markt\\\/#\\\/schema\\\/logo\\\/image\\\/\",\"url\":\"https:\\\/\\\/marktxxl.de\\\/markt\\\/wp-content\\\/uploads\\\/sites\\\/3\\\/2020\\\/12\\\/logo.png\",\"contentUrl\":\"https:\\\/\\\/marktxxl.de\\\/markt\\\/wp-content\\\/uploads\\\/sites\\\/3\\\/2020\\\/12\\\/logo.png\",\"width\":200,\"height\":70,\"caption\":\"Markt-XXL\"},\"image\":{\"@id\":\"https:\\\/\\\/marktxxl.de\\\/markt\\\/#\\\/schema\\\/logo\\\/image\\\/\"}}]}<\/script>\n<!-- \/ Yoast SEO plugin. -->","yoast_head_json":{"title":"LuckyDove Faltbares &amp; Tragbares Reisebett f\u00fcr Babys von der Geburt bis zu 12 Monaten, Reisebettchen mit Matratze,Kompakt\u2026 - Markt-XXL","description":"Markt-XXL LuckyDove Faltbares &amp; Tragbares Reisebett f\u00fcr Babys von der Geburt bis zu 12 Monaten, Reisebettchen mit Matratze,Kompakt\u2026","robots":{"index":"index","follow":"follow","max-snippet":"max-snippet:-1","max-image-preview":"max-image-preview:large","max-video-preview":"max-video-preview:-1"},"canonical":"https:\/\/marktxxl.de\/markt\/produkt\/baby-reisebettfaltbares-tragbares-kinderreisebettstubenwagen-babywiegeinkl-moskitohaubematratze-und-tascheatmungsaktives-netzreisebett-baby-mit-matratzegrau\/","og_locale":"de_DE","og_type":"article","og_title":"LuckyDove Faltbares &amp; Tragbares Reisebett f\u00fcr Babys von der Geburt bis zu 12 Monaten, Reisebettchen mit Matratze,Kompakt\u2026 - Markt-XXL","og_description":"Markt-XXL LuckyDove Faltbares &amp; Tragbares Reisebett f\u00fcr Babys von der Geburt bis zu 12 Monaten, Reisebettchen mit Matratze,Kompakt\u2026","og_url":"https:\/\/marktxxl.de\/markt\/produkt\/baby-reisebettfaltbares-tragbares-kinderreisebettstubenwagen-babywiegeinkl-moskitohaubematratze-und-tascheatmungsaktives-netzreisebett-baby-mit-matratzegrau\/","og_site_name":"Markt-XXL","article_modified_time":"2023-04-11T02:07:39+00:00","og_image":[{"width":500,"height":500,"url":"https:\/\/m.media-amazon.com\/images\/I\/41trZIwK3CS._SL500_.jpg","type":"image\/jpeg"}],"twitter_card":"summary_large_image","twitter_misc":{"Gesch\u00e4tzte Lesezeit":"2\u00a0Minuten"},"schema":{"@context":"https:\/\/schema.org","@graph":[{"@type":"WebPage","@id":"https:\/\/marktxxl.de\/markt\/produkt\/baby-reisebettfaltbares-tragbares-kinderreisebettstubenwagen-babywiegeinkl-moskitohaubematratze-und-tascheatmungsaktives-netzreisebett-baby-mit-matratzegrau\/","url":"https:\/\/marktxxl.de\/markt\/produkt\/baby-reisebettfaltbares-tragbares-kinderreisebettstubenwagen-babywiegeinkl-moskitohaubematratze-und-tascheatmungsaktives-netzreisebett-baby-mit-matratzegrau\/","name":"LuckyDove Faltbares &amp; Tragbares Reisebett f\u00fcr Babys von der Geburt bis zu 12 Monaten, Reisebettchen mit Matratze,Kompakt\u2026 - Markt-XXL","isPartOf":{"@id":"https:\/\/marktxxl.de\/markt\/#website"},"primaryImageOfPage":{"@id":"https:\/\/marktxxl.de\/markt\/produkt\/baby-reisebettfaltbares-tragbares-kinderreisebettstubenwagen-babywiegeinkl-moskitohaubematratze-und-tascheatmungsaktives-netzreisebett-baby-mit-matratzegrau\/#primaryimage"},"image":{"@id":"https:\/\/marktxxl.de\/markt\/produkt\/baby-reisebettfaltbares-tragbares-kinderreisebettstubenwagen-babywiegeinkl-moskitohaubematratze-und-tascheatmungsaktives-netzreisebett-baby-mit-matratzegrau\/#primaryimage"},"thumbnailUrl":"https:\/\/m.media-amazon.com\/images\/I\/41trZIwK3CS._SL500_.jpg","datePublished":"2022-07-13T18:13:52+00:00","dateModified":"2023-04-11T02:07:39+00:00","description":"Markt-XXL LuckyDove Faltbares &amp; Tragbares Reisebett f\u00fcr Babys von der Geburt bis zu 12 Monaten, Reisebettchen mit Matratze,Kompakt\u2026","breadcrumb":{"@id":"https:\/\/marktxxl.de\/markt\/produkt\/baby-reisebettfaltbares-tragbares-kinderreisebettstubenwagen-babywiegeinkl-moskitohaubematratze-und-tascheatmungsaktives-netzreisebett-baby-mit-matratzegrau\/#breadcrumb"},"inLanguage":"de","potentialAction":[{"@type":"ReadAction","target":["https:\/\/marktxxl.de\/markt\/produkt\/baby-reisebettfaltbares-tragbares-kinderreisebettstubenwagen-babywiegeinkl-moskitohaubematratze-und-tascheatmungsaktives-netzreisebett-baby-mit-matratzegrau\/"]}]},{"@type":"ImageObject","inLanguage":"de","@id":"https:\/\/marktxxl.de\/markt\/produkt\/baby-reisebettfaltbares-tragbares-kinderreisebettstubenwagen-babywiegeinkl-moskitohaubematratze-und-tascheatmungsaktives-netzreisebett-baby-mit-matratzegrau\/#primaryimage","url":"https:\/\/m.media-amazon.com\/images\/I\/41trZIwK3CS._SL500_.jpg","contentUrl":"https:\/\/m.media-amazon.com\/images\/I\/41trZIwK3CS._SL500_.jpg","width":500,"height":500},{"@type":"BreadcrumbList","@id":"https:\/\/marktxxl.de\/markt\/produkt\/baby-reisebettfaltbares-tragbares-kinderreisebettstubenwagen-babywiegeinkl-moskitohaubematratze-und-tascheatmungsaktives-netzreisebett-baby-mit-matratzegrau\/#breadcrumb","itemListElement":[{"@type":"ListItem","position":1,"name":"Startseite","item":"https:\/\/marktxxl.de\/markt\/"},{"@type":"ListItem","position":2,"name":"Markt","item":"https:\/\/marktxxl.de\/markt\/"},{"@type":"ListItem","position":3,"name":"LuckyDove Faltbares &amp; Tragbares Reisebett f\u00fcr Babys von der Geburt bis zu 12 Monaten, Reisebettchen mit Matratze,Kompakt\u2026"}]},{"@type":"WebSite","@id":"https:\/\/marktxxl.de\/markt\/#website","url":"https:\/\/marktxxl.de\/markt\/","name":"Markt-XXL","description":"Ihr Markt Online","publisher":{"@id":"https:\/\/marktxxl.de\/markt\/#organization"},"potentialAction":[{"@type":"SearchAction","target":{"@type":"EntryPoint","urlTemplate":"https:\/\/marktxxl.de\/markt\/?s={search_term_string}"},"query-input":{"@type":"PropertyValueSpecification","valueRequired":true,"valueName":"search_term_string"}}],"inLanguage":"de"},{"@type":"Organization","@id":"https:\/\/marktxxl.de\/markt\/#organization","name":"Markt-XXL","url":"https:\/\/marktxxl.de\/markt\/","logo":{"@type":"ImageObject","inLanguage":"de","@id":"https:\/\/marktxxl.de\/markt\/#\/schema\/logo\/image\/","url":"https:\/\/marktxxl.de\/markt\/wp-content\/uploads\/sites\/3\/2020\/12\/logo.png","contentUrl":"https:\/\/marktxxl.de\/markt\/wp-content\/uploads\/sites\/3\/2020\/12\/logo.png","width":200,"height":70,"caption":"Markt-XXL"},"image":{"@id":"https:\/\/marktxxl.de\/markt\/#\/schema\/logo\/image\/"}}]}},"_links":{"self":[{"href":"https:\/\/marktxxl.de\/markt\/wp-json\/wp\/v2\/product\/133052","targetHints":{"allow":["GET"]}}],"collection":[{"href":"https:\/\/marktxxl.de\/markt\/wp-json\/wp\/v2\/product"}],"about":[{"href":"https:\/\/marktxxl.de\/markt\/wp-json\/wp\/v2\/types\/product"}],"replies":[{"embeddable":true,"href":"https:\/\/marktxxl.de\/markt\/wp-json\/wp\/v2\/comments?post=133052"}],"wp:featuredmedia":[{"embeddable":true,"href":"https:\/\/marktxxl.de\/markt\/wp-json\/wp\/v2\/media\/133053"}],"wp:attachment":[{"href":"https:\/\/marktxxl.de\/markt\/wp-json\/wp\/v2\/media?parent=133052"}],"wp:term":[{"taxonomy":"product_brand","embeddable":true,"href":"https:\/\/marktxxl.de\/markt\/wp-json\/wp\/v2\/product_brand?post=133052"},{"taxonomy":"product_cat","embeddable":true,"href":"https:\/\/marktxxl.de\/markt\/wp-json\/wp\/v2\/product_cat?post=133052"},{"taxonomy":"product_tag","embeddable":true,"href":"https:\/\/marktxxl.de\/markt\/wp-json\/wp\/v2\/product_tag?post=133052"}],"curies":[{"name":"wp","href":"https:\/\/api.w.org\/{rel}","templated":true}]}}