{"id":133044,"date":"2022-07-13T20:13:47","date_gmt":"2022-07-13T18:13:47","guid":{"rendered":"https:\/\/marktxxl.de\/markt\/produkt\/aden-anais-pucktuecher-baby-decken-aus-100-baumwoll-musselin-fuer-neugeborene-maedchen-jungen-wickeltuecher-set-fuer-saeuglinge-kleinkinder-120x120cm-4er-pack-dahlias\/"},"modified":"2023-04-11T04:07:39","modified_gmt":"2023-04-11T02:07:39","slug":"aden-anais-pucktuecher-baby-decken-aus-100-baumwoll-musselin-fuer-neugeborene-maedchen-jungen-wickeltuecher-set-fuer-saeuglinge-kleinkinder-120x120cm-4er-pack-dahlias","status":"publish","type":"product","link":"https:\/\/marktxxl.de\/markt\/produkt\/aden-anais-pucktuecher-baby-decken-aus-100-baumwoll-musselin-fuer-neugeborene-maedchen-jungen-wickeltuecher-set-fuer-saeuglinge-kleinkinder-120x120cm-4er-pack-dahlias\/","title":{"rendered":"aden + anais Laub Swaddle Decke &#8211; Pack von 4 | Gro\u00dfe 100% atmungsaktive Musselin -Baumwoll -Schnittwicks -Set f\u00fcr Baby\u2026"},"content":{"rendered":"<p>NAT\u00dcRLICHES MATERIAL: Lassen Sie sich von unserem au\u00dfergew\u00f6hnlich hochwertigen Musselin versichern, dass Sie das Beste f\u00fcr den Komfort Ihres Babys tun. Hervorragende Atmungsaktivit\u00e4t, nat\u00fcrliche Elastizit\u00e4t, vorgewaschene Weichheit und Haltbarkeit. Babyartikel, die ein Leben lang halten und \u00fcber Generationen hinweg Freude bereiten!<br \/>\nGROSS, VIELSEITIG &amp; STYLISCH: Enth\u00e4lt vier 120cm x 120cm gro\u00dfe Puckt\u00fccher. Unsere gro\u00dfen Gr\u00f6\u00dfen bieten Ihnen und Ihrem kleinen Wonneproppen gen\u00fcgend Platz zum Einwickeln und Pucken, ohne dass Sie bef\u00fcrchten m\u00fcssen, dass sie\/er zu schnell aus der Decke herausw\u00e4chst! Sie k\u00f6nnen unsere Babydecken auch perfekt als Schmusedecke, Spucktuch, Krabbeldecke, Stilldecke und mehr verwenden.<br \/>\nLEICHT, ATMUNGSAKTIV UND SICHER: Jede einzelne 1-lagige Wickeldecke ist d\u00fcnn genug, um ausreichend Atmungsaktivit\u00e4t zu bieten. aden +anais sorgt daf\u00fcr, dass Ihr Kleines sich wohl und sicher f\u00fchlt! Es ist pflegeleicht, kann in der Maschine gewaschen werden und bleibt nach jeder W\u00e4sche weich.<br \/>\nKEINE SCHLAFLOSEN N\u00c4CHTE MEHR: Sch\u00fctzen Sie Ihr Kleines vor \u00dcberhitzung und geben Sie ihm gleichzeitig eine sch\u00f6ne, kuschelige Decke. Durch das Pucken wird die Gem\u00fctlichkeit des Mutterleibs nachempfunden, so dass Ihr Baby seinen wohlverdienten Schlaf bekommt und die Vorteile der nat\u00fcrlichsten und beruhigendsten Art der Erholung genie\u00dft. Unsere Musselin-T\u00fccher sind speziell auf die Bed\u00fcrfnisse Ihres Kindes abgestimmt!<br \/>\nIDEALES GEBURTSGESCHENK: Unser Puckt\u00fccher-Set ist das perfekte Geschenk f\u00fcr schwangere Frauen oder frischgebackene Eltern. Ideal f\u00fcr eine Babyparty oder zur Erg\u00e4nzung einer Baby-Liste, ein unverzichtbares Accessoire zur Feier einer neuen Geburt<br \/>\n<div class=\"main-cross-sell\" data-asin=\"B07X3CYMYQ\">\n\n\t<div class=\"WooZone-cross-sell-loader\">\n\t\t<div>\n\t\t\t<div id=\"floatingBarsG\">\n\t\t\t\t<div class=\"blockG\" id=\"rotateG_01\"><\/div>\n\t\t\t\t<div class=\"blockG\" id=\"rotateG_02\"><\/div>\n\t\t\t\t<div class=\"blockG\" id=\"rotateG_03\"><\/div>\n\t\t\t\t<div class=\"blockG\" id=\"rotateG_04\"><\/div>\n\t\t\t\t<div class=\"blockG\" id=\"rotateG_05\"><\/div>\n\t\t\t\t<div class=\"blockG\" id=\"rotateG_06\"><\/div>\n\t\t\t\t<div class=\"blockG\" id=\"rotateG_07\"><\/div>\n\t\t\t\t<div class=\"blockG\" id=\"rotateG_08\"><\/div>\n\t\t\t<\/div>\n\t\t\t<div class=\"WooZone-cross-sell-loader-text\"><\/div>\n\t\t<\/div>\n\t<\/div>\n\n\t\t\n<\/div>\n<div style=\"clear:both;\"><\/div><\/p>\n","protected":false},"excerpt":{"rendered":"<p>NAT\u00dcRLICHES MATERIAL: Lassen Sie sich von unserem au\u00dfergew\u00f6hnlich hochwertigen Musselin versichern, dass Sie das Beste f\u00fcr den Komfort Ihres Babys tun. Hervorragende Atmungsaktivit\u00e4t, nat\u00fcrliche Elastizit\u00e4t, vorgewaschene Weichheit und Haltbarkeit. Babyartikel, die ein Leben lang halten und \u00fcber Generationen hinweg Freude bereiten!<br \/>\nGROSS, VIELSEITIG &amp; STYLISCH: Enth\u00e4lt vier 120cm x 120cm gro\u00dfe Puckt\u00fccher. Unsere gro\u00dfen Gr\u00f6\u00dfen bieten Ihnen und Ihrem kleinen Wonneproppen gen\u00fcgend Platz zum Einwickeln und Pucken, ohne dass Sie bef\u00fcrchten m\u00fcssen, dass sie\/er zu schnell aus der Decke herausw\u00e4chst! Sie k\u00f6nnen unsere Babydecken auch perfekt als Schmusedecke, Spucktuch, Krabbeldecke, Stilldecke und mehr verwenden.<br \/>\nLEICHT, ATMUNGSAKTIV UND SICHER: Jede einzelne 1-lagige Wickeldecke ist d\u00fcnn genug, um ausreichend Atmungsaktivit\u00e4t zu bieten. aden +anais sorgt daf\u00fcr, dass Ihr Kleines sich wohl und sicher f\u00fchlt! Es ist pflegeleicht, kann in der Maschine gewaschen werden und bleibt nach jeder W\u00e4sche weich.<\/p>\n","protected":false},"featured_media":133045,"comment_status":"open","ping_status":"closed","template":"","meta":[],"product_brand":[],"product_cat":[21,8825],"product_tag":[],"class_list":{"0":"post-133044","1":"product","2":"type-product","3":"status-publish","4":"has-post-thumbnail","6":"product_cat-baby","7":"product_cat-baby-kleinkinderzimmer-baby","8":"pa_binding-babyartikel","9":"pa_brand-aden-plus-anais","10":"pa_color-dahlien","11":"pa_height-0-0399999999592-zoll","12":"pa_length-47-24409444-zoll","13":"pa_manufacturer-aden-plus-anais","14":"pa_model-37719","15":"pa_size-120-x-120-cm","16":"pa_weight-1-9621141318-pfund","17":"pa_width-47-24409444-zoll","19":"first","20":"instock","21":"shipping-taxable","22":"purchasable","23":"product-type-simple","24":"customify-col","25":"product-has-gallery"},"yoast_head":"<!-- This site is optimized with the Yoast SEO plugin v27.4 - https:\/\/yoast.com\/product\/yoast-seo-wordpress\/ -->\n<title>aden + anais Laub Swaddle Decke - Pack von 4 | Gro\u00dfe 100% atmungsaktive Musselin -Baumwoll -Schnittwicks -Set f\u00fcr Baby\u2026 - Markt-XXL<\/title>\n<meta name=\"description\" content=\"Markt-XXL aden + anais Laub Swaddle Decke - Pack von 4 | Gro\u00dfe 100% atmungsaktive Musselin -Baumwoll -Schnittwicks -Set f\u00fcr Baby\u2026\" \/>\n<meta name=\"robots\" content=\"index, follow, max-snippet:-1, max-image-preview:large, max-video-preview:-1\" \/>\n<link rel=\"canonical\" href=\"https:\/\/marktxxl.de\/markt\/produkt\/aden-anais-pucktuecher-baby-decken-aus-100-baumwoll-musselin-fuer-neugeborene-maedchen-jungen-wickeltuecher-set-fuer-saeuglinge-kleinkinder-120x120cm-4er-pack-dahlias\/\" \/>\n<meta property=\"og:locale\" content=\"de_DE\" \/>\n<meta property=\"og:type\" content=\"article\" \/>\n<meta property=\"og:title\" content=\"aden + anais Laub Swaddle Decke - Pack von 4 | Gro\u00dfe 100% atmungsaktive Musselin -Baumwoll -Schnittwicks -Set f\u00fcr Baby\u2026 - Markt-XXL\" \/>\n<meta property=\"og:description\" content=\"Markt-XXL aden + anais Laub Swaddle Decke - Pack von 4 | Gro\u00dfe 100% atmungsaktive Musselin -Baumwoll -Schnittwicks -Set f\u00fcr Baby\u2026\" \/>\n<meta property=\"og:url\" content=\"https:\/\/marktxxl.de\/markt\/produkt\/aden-anais-pucktuecher-baby-decken-aus-100-baumwoll-musselin-fuer-neugeborene-maedchen-jungen-wickeltuecher-set-fuer-saeuglinge-kleinkinder-120x120cm-4er-pack-dahlias\/\" \/>\n<meta property=\"og:site_name\" content=\"Markt-XXL\" \/>\n<meta property=\"article:modified_time\" content=\"2023-04-11T02:07:39+00:00\" \/>\n<meta property=\"og:image\" content=\"https:\/\/m.media-amazon.com\/images\/I\/51c7glaj-dL._SL500_.jpg\" \/>\n\t<meta property=\"og:image:width\" content=\"500\" \/>\n\t<meta property=\"og:image:height\" content=\"500\" \/>\n\t<meta property=\"og:image:type\" content=\"image\/jpeg\" \/>\n<meta name=\"twitter:card\" content=\"summary_large_image\" \/>\n<meta name=\"twitter:label1\" content=\"Gesch\u00e4tzte Lesezeit\" \/>\n\t<meta name=\"twitter:data1\" content=\"1\u00a0Minute\" \/>\n<script type=\"application\/ld+json\" class=\"yoast-schema-graph\">{\"@context\":\"https:\\\/\\\/schema.org\",\"@graph\":[{\"@type\":\"WebPage\",\"@id\":\"https:\\\/\\\/marktxxl.de\\\/markt\\\/produkt\\\/aden-anais-pucktuecher-baby-decken-aus-100-baumwoll-musselin-fuer-neugeborene-maedchen-jungen-wickeltuecher-set-fuer-saeuglinge-kleinkinder-120x120cm-4er-pack-dahlias\\\/\",\"url\":\"https:\\\/\\\/marktxxl.de\\\/markt\\\/produkt\\\/aden-anais-pucktuecher-baby-decken-aus-100-baumwoll-musselin-fuer-neugeborene-maedchen-jungen-wickeltuecher-set-fuer-saeuglinge-kleinkinder-120x120cm-4er-pack-dahlias\\\/\",\"name\":\"aden + anais Laub Swaddle Decke - Pack von 4 | Gro\u00dfe 100% atmungsaktive Musselin -Baumwoll -Schnittwicks -Set f\u00fcr Baby\u2026 - Markt-XXL\",\"isPartOf\":{\"@id\":\"https:\\\/\\\/marktxxl.de\\\/markt\\\/#website\"},\"primaryImageOfPage\":{\"@id\":\"https:\\\/\\\/marktxxl.de\\\/markt\\\/produkt\\\/aden-anais-pucktuecher-baby-decken-aus-100-baumwoll-musselin-fuer-neugeborene-maedchen-jungen-wickeltuecher-set-fuer-saeuglinge-kleinkinder-120x120cm-4er-pack-dahlias\\\/#primaryimage\"},\"image\":{\"@id\":\"https:\\\/\\\/marktxxl.de\\\/markt\\\/produkt\\\/aden-anais-pucktuecher-baby-decken-aus-100-baumwoll-musselin-fuer-neugeborene-maedchen-jungen-wickeltuecher-set-fuer-saeuglinge-kleinkinder-120x120cm-4er-pack-dahlias\\\/#primaryimage\"},\"thumbnailUrl\":\"https:\\\/\\\/m.media-amazon.com\\\/images\\\/I\\\/51c7glaj-dL._SL500_.jpg\",\"datePublished\":\"2022-07-13T18:13:47+00:00\",\"dateModified\":\"2023-04-11T02:07:39+00:00\",\"description\":\"Markt-XXL aden + anais Laub Swaddle Decke - Pack von 4 | Gro\u00dfe 100% atmungsaktive Musselin -Baumwoll -Schnittwicks -Set f\u00fcr Baby\u2026\",\"breadcrumb\":{\"@id\":\"https:\\\/\\\/marktxxl.de\\\/markt\\\/produkt\\\/aden-anais-pucktuecher-baby-decken-aus-100-baumwoll-musselin-fuer-neugeborene-maedchen-jungen-wickeltuecher-set-fuer-saeuglinge-kleinkinder-120x120cm-4er-pack-dahlias\\\/#breadcrumb\"},\"inLanguage\":\"de\",\"potentialAction\":[{\"@type\":\"ReadAction\",\"target\":[\"https:\\\/\\\/marktxxl.de\\\/markt\\\/produkt\\\/aden-anais-pucktuecher-baby-decken-aus-100-baumwoll-musselin-fuer-neugeborene-maedchen-jungen-wickeltuecher-set-fuer-saeuglinge-kleinkinder-120x120cm-4er-pack-dahlias\\\/\"]}]},{\"@type\":\"ImageObject\",\"inLanguage\":\"de\",\"@id\":\"https:\\\/\\\/marktxxl.de\\\/markt\\\/produkt\\\/aden-anais-pucktuecher-baby-decken-aus-100-baumwoll-musselin-fuer-neugeborene-maedchen-jungen-wickeltuecher-set-fuer-saeuglinge-kleinkinder-120x120cm-4er-pack-dahlias\\\/#primaryimage\",\"url\":\"https:\\\/\\\/m.media-amazon.com\\\/images\\\/I\\\/51c7glaj-dL._SL500_.jpg\",\"contentUrl\":\"https:\\\/\\\/m.media-amazon.com\\\/images\\\/I\\\/51c7glaj-dL._SL500_.jpg\",\"width\":500,\"height\":500},{\"@type\":\"BreadcrumbList\",\"@id\":\"https:\\\/\\\/marktxxl.de\\\/markt\\\/produkt\\\/aden-anais-pucktuecher-baby-decken-aus-100-baumwoll-musselin-fuer-neugeborene-maedchen-jungen-wickeltuecher-set-fuer-saeuglinge-kleinkinder-120x120cm-4er-pack-dahlias\\\/#breadcrumb\",\"itemListElement\":[{\"@type\":\"ListItem\",\"position\":1,\"name\":\"Startseite\",\"item\":\"https:\\\/\\\/marktxxl.de\\\/markt\\\/\"},{\"@type\":\"ListItem\",\"position\":2,\"name\":\"Markt\",\"item\":\"https:\\\/\\\/marktxxl.de\\\/markt\\\/\"},{\"@type\":\"ListItem\",\"position\":3,\"name\":\"aden + anais Laub Swaddle Decke &#8211; Pack von 4 | Gro\u00dfe 100% atmungsaktive Musselin -Baumwoll -Schnittwicks -Set f\u00fcr Baby\u2026\"}]},{\"@type\":\"WebSite\",\"@id\":\"https:\\\/\\\/marktxxl.de\\\/markt\\\/#website\",\"url\":\"https:\\\/\\\/marktxxl.de\\\/markt\\\/\",\"name\":\"Markt-XXL\",\"description\":\"Ihr Markt Online\",\"publisher\":{\"@id\":\"https:\\\/\\\/marktxxl.de\\\/markt\\\/#organization\"},\"potentialAction\":[{\"@type\":\"SearchAction\",\"target\":{\"@type\":\"EntryPoint\",\"urlTemplate\":\"https:\\\/\\\/marktxxl.de\\\/markt\\\/?s={search_term_string}\"},\"query-input\":{\"@type\":\"PropertyValueSpecification\",\"valueRequired\":true,\"valueName\":\"search_term_string\"}}],\"inLanguage\":\"de\"},{\"@type\":\"Organization\",\"@id\":\"https:\\\/\\\/marktxxl.de\\\/markt\\\/#organization\",\"name\":\"Markt-XXL\",\"url\":\"https:\\\/\\\/marktxxl.de\\\/markt\\\/\",\"logo\":{\"@type\":\"ImageObject\",\"inLanguage\":\"de\",\"@id\":\"https:\\\/\\\/marktxxl.de\\\/markt\\\/#\\\/schema\\\/logo\\\/image\\\/\",\"url\":\"https:\\\/\\\/marktxxl.de\\\/markt\\\/wp-content\\\/uploads\\\/sites\\\/3\\\/2020\\\/12\\\/logo.png\",\"contentUrl\":\"https:\\\/\\\/marktxxl.de\\\/markt\\\/wp-content\\\/uploads\\\/sites\\\/3\\\/2020\\\/12\\\/logo.png\",\"width\":200,\"height\":70,\"caption\":\"Markt-XXL\"},\"image\":{\"@id\":\"https:\\\/\\\/marktxxl.de\\\/markt\\\/#\\\/schema\\\/logo\\\/image\\\/\"}}]}<\/script>\n<!-- \/ Yoast SEO plugin. -->","yoast_head_json":{"title":"aden + anais Laub Swaddle Decke - Pack von 4 | Gro\u00dfe 100% atmungsaktive Musselin -Baumwoll -Schnittwicks -Set f\u00fcr Baby\u2026 - Markt-XXL","description":"Markt-XXL aden + anais Laub Swaddle Decke - Pack von 4 | Gro\u00dfe 100% atmungsaktive Musselin -Baumwoll -Schnittwicks -Set f\u00fcr Baby\u2026","robots":{"index":"index","follow":"follow","max-snippet":"max-snippet:-1","max-image-preview":"max-image-preview:large","max-video-preview":"max-video-preview:-1"},"canonical":"https:\/\/marktxxl.de\/markt\/produkt\/aden-anais-pucktuecher-baby-decken-aus-100-baumwoll-musselin-fuer-neugeborene-maedchen-jungen-wickeltuecher-set-fuer-saeuglinge-kleinkinder-120x120cm-4er-pack-dahlias\/","og_locale":"de_DE","og_type":"article","og_title":"aden + anais Laub Swaddle Decke - Pack von 4 | Gro\u00dfe 100% atmungsaktive Musselin -Baumwoll -Schnittwicks -Set f\u00fcr Baby\u2026 - Markt-XXL","og_description":"Markt-XXL aden + anais Laub Swaddle Decke - Pack von 4 | Gro\u00dfe 100% atmungsaktive Musselin -Baumwoll -Schnittwicks -Set f\u00fcr Baby\u2026","og_url":"https:\/\/marktxxl.de\/markt\/produkt\/aden-anais-pucktuecher-baby-decken-aus-100-baumwoll-musselin-fuer-neugeborene-maedchen-jungen-wickeltuecher-set-fuer-saeuglinge-kleinkinder-120x120cm-4er-pack-dahlias\/","og_site_name":"Markt-XXL","article_modified_time":"2023-04-11T02:07:39+00:00","og_image":[{"width":500,"height":500,"url":"https:\/\/m.media-amazon.com\/images\/I\/51c7glaj-dL._SL500_.jpg","type":"image\/jpeg"}],"twitter_card":"summary_large_image","twitter_misc":{"Gesch\u00e4tzte Lesezeit":"1\u00a0Minute"},"schema":{"@context":"https:\/\/schema.org","@graph":[{"@type":"WebPage","@id":"https:\/\/marktxxl.de\/markt\/produkt\/aden-anais-pucktuecher-baby-decken-aus-100-baumwoll-musselin-fuer-neugeborene-maedchen-jungen-wickeltuecher-set-fuer-saeuglinge-kleinkinder-120x120cm-4er-pack-dahlias\/","url":"https:\/\/marktxxl.de\/markt\/produkt\/aden-anais-pucktuecher-baby-decken-aus-100-baumwoll-musselin-fuer-neugeborene-maedchen-jungen-wickeltuecher-set-fuer-saeuglinge-kleinkinder-120x120cm-4er-pack-dahlias\/","name":"aden + anais Laub Swaddle Decke - Pack von 4 | Gro\u00dfe 100% atmungsaktive Musselin -Baumwoll -Schnittwicks -Set f\u00fcr Baby\u2026 - Markt-XXL","isPartOf":{"@id":"https:\/\/marktxxl.de\/markt\/#website"},"primaryImageOfPage":{"@id":"https:\/\/marktxxl.de\/markt\/produkt\/aden-anais-pucktuecher-baby-decken-aus-100-baumwoll-musselin-fuer-neugeborene-maedchen-jungen-wickeltuecher-set-fuer-saeuglinge-kleinkinder-120x120cm-4er-pack-dahlias\/#primaryimage"},"image":{"@id":"https:\/\/marktxxl.de\/markt\/produkt\/aden-anais-pucktuecher-baby-decken-aus-100-baumwoll-musselin-fuer-neugeborene-maedchen-jungen-wickeltuecher-set-fuer-saeuglinge-kleinkinder-120x120cm-4er-pack-dahlias\/#primaryimage"},"thumbnailUrl":"https:\/\/m.media-amazon.com\/images\/I\/51c7glaj-dL._SL500_.jpg","datePublished":"2022-07-13T18:13:47+00:00","dateModified":"2023-04-11T02:07:39+00:00","description":"Markt-XXL aden + anais Laub Swaddle Decke - Pack von 4 | Gro\u00dfe 100% atmungsaktive Musselin -Baumwoll -Schnittwicks -Set f\u00fcr Baby\u2026","breadcrumb":{"@id":"https:\/\/marktxxl.de\/markt\/produkt\/aden-anais-pucktuecher-baby-decken-aus-100-baumwoll-musselin-fuer-neugeborene-maedchen-jungen-wickeltuecher-set-fuer-saeuglinge-kleinkinder-120x120cm-4er-pack-dahlias\/#breadcrumb"},"inLanguage":"de","potentialAction":[{"@type":"ReadAction","target":["https:\/\/marktxxl.de\/markt\/produkt\/aden-anais-pucktuecher-baby-decken-aus-100-baumwoll-musselin-fuer-neugeborene-maedchen-jungen-wickeltuecher-set-fuer-saeuglinge-kleinkinder-120x120cm-4er-pack-dahlias\/"]}]},{"@type":"ImageObject","inLanguage":"de","@id":"https:\/\/marktxxl.de\/markt\/produkt\/aden-anais-pucktuecher-baby-decken-aus-100-baumwoll-musselin-fuer-neugeborene-maedchen-jungen-wickeltuecher-set-fuer-saeuglinge-kleinkinder-120x120cm-4er-pack-dahlias\/#primaryimage","url":"https:\/\/m.media-amazon.com\/images\/I\/51c7glaj-dL._SL500_.jpg","contentUrl":"https:\/\/m.media-amazon.com\/images\/I\/51c7glaj-dL._SL500_.jpg","width":500,"height":500},{"@type":"BreadcrumbList","@id":"https:\/\/marktxxl.de\/markt\/produkt\/aden-anais-pucktuecher-baby-decken-aus-100-baumwoll-musselin-fuer-neugeborene-maedchen-jungen-wickeltuecher-set-fuer-saeuglinge-kleinkinder-120x120cm-4er-pack-dahlias\/#breadcrumb","itemListElement":[{"@type":"ListItem","position":1,"name":"Startseite","item":"https:\/\/marktxxl.de\/markt\/"},{"@type":"ListItem","position":2,"name":"Markt","item":"https:\/\/marktxxl.de\/markt\/"},{"@type":"ListItem","position":3,"name":"aden + anais Laub Swaddle Decke &#8211; Pack von 4 | Gro\u00dfe 100% atmungsaktive Musselin -Baumwoll -Schnittwicks -Set f\u00fcr Baby\u2026"}]},{"@type":"WebSite","@id":"https:\/\/marktxxl.de\/markt\/#website","url":"https:\/\/marktxxl.de\/markt\/","name":"Markt-XXL","description":"Ihr Markt Online","publisher":{"@id":"https:\/\/marktxxl.de\/markt\/#organization"},"potentialAction":[{"@type":"SearchAction","target":{"@type":"EntryPoint","urlTemplate":"https:\/\/marktxxl.de\/markt\/?s={search_term_string}"},"query-input":{"@type":"PropertyValueSpecification","valueRequired":true,"valueName":"search_term_string"}}],"inLanguage":"de"},{"@type":"Organization","@id":"https:\/\/marktxxl.de\/markt\/#organization","name":"Markt-XXL","url":"https:\/\/marktxxl.de\/markt\/","logo":{"@type":"ImageObject","inLanguage":"de","@id":"https:\/\/marktxxl.de\/markt\/#\/schema\/logo\/image\/","url":"https:\/\/marktxxl.de\/markt\/wp-content\/uploads\/sites\/3\/2020\/12\/logo.png","contentUrl":"https:\/\/marktxxl.de\/markt\/wp-content\/uploads\/sites\/3\/2020\/12\/logo.png","width":200,"height":70,"caption":"Markt-XXL"},"image":{"@id":"https:\/\/marktxxl.de\/markt\/#\/schema\/logo\/image\/"}}]}},"_links":{"self":[{"href":"https:\/\/marktxxl.de\/markt\/wp-json\/wp\/v2\/product\/133044","targetHints":{"allow":["GET"]}}],"collection":[{"href":"https:\/\/marktxxl.de\/markt\/wp-json\/wp\/v2\/product"}],"about":[{"href":"https:\/\/marktxxl.de\/markt\/wp-json\/wp\/v2\/types\/product"}],"replies":[{"embeddable":true,"href":"https:\/\/marktxxl.de\/markt\/wp-json\/wp\/v2\/comments?post=133044"}],"wp:featuredmedia":[{"embeddable":true,"href":"https:\/\/marktxxl.de\/markt\/wp-json\/wp\/v2\/media\/133045"}],"wp:attachment":[{"href":"https:\/\/marktxxl.de\/markt\/wp-json\/wp\/v2\/media?parent=133044"}],"wp:term":[{"taxonomy":"product_brand","embeddable":true,"href":"https:\/\/marktxxl.de\/markt\/wp-json\/wp\/v2\/product_brand?post=133044"},{"taxonomy":"product_cat","embeddable":true,"href":"https:\/\/marktxxl.de\/markt\/wp-json\/wp\/v2\/product_cat?post=133044"},{"taxonomy":"product_tag","embeddable":true,"href":"https:\/\/marktxxl.de\/markt\/wp-json\/wp\/v2\/product_tag?post=133044"}],"curies":[{"name":"wp","href":"https:\/\/api.w.org\/{rel}","templated":true}]}}