{"id":132962,"date":"2022-07-13T20:10:20","date_gmt":"2022-07-13T18:10:20","guid":{"rendered":"https:\/\/marktxxl.de\/markt\/produkt\/mapalou-ruecksitzspiegel-fuer-babys-aus-bruchsicherem-material-auto-rueckspiegel-fuer-kindersitz-und-babyschale-360-schwenkbar-kinder-autospiegel-in-optimaler-groesse-spiegel-ohne-einzelteil\/"},"modified":"2023-04-11T04:07:38","modified_gmt":"2023-04-11T02:07:38","slug":"mapalou-ruecksitzspiegel-fuer-babys-aus-bruchsicherem-material-auto-rueckspiegel-fuer-kindersitz-und-babyschale-360-schwenkbar-kinder-autospiegel-in-optimaler-groesse-spiegel-ohne-einzelteil","status":"publish","type":"product","link":"https:\/\/marktxxl.de\/markt\/produkt\/mapalou-ruecksitzspiegel-fuer-babys-aus-bruchsicherem-material-auto-rueckspiegel-fuer-kindersitz-und-babyschale-360-schwenkbar-kinder-autospiegel-in-optimaler-groesse-spiegel-ohne-einzelteil\/","title":{"rendered":"Autospiegel Baby R\u00fccksitz &#8211; R\u00fccksitzspiegel f\u00fcr Babys\/Kinder Auto Spiegel Autospiegel Babyspiegel Kinderspiegel\u2026"},"content":{"rendered":"<p>\u2705 FESTER HALT UND MEHR SICHERHEIT: Der Mapalou R\u00fccksitzspiegel l\u00e4sst sich mit wenigen Handgriffen einfach und bequem, ganz ohne separate Einzelteile, auf der Kopfst\u00fctze befestigen. Die beiden verstellbaren Befestigungsb\u00e4nder stabilisieren den R\u00fccksitzspiegel in alle Richtungen und sorgen so f\u00fcr festen Halt und mehr Sicherheit bei jeder Fahrt.<br \/>\n\u2705 HOCHWERTIGES MATERIAL: Bei der Auswahl der Materialien haben wir uns f\u00fcr die bestm\u00f6gliche Qualit\u00e4t entschieden. Der Rahmen mit hochwertigem Soft-Touch-Material, optimale Verarbeitung und eine spezielle Polsterung auf der R\u00fcckseite des Schwenkgelenkes lassen keine W\u00fcnsche offen.<br \/>\n\u2705 BRUCHSICHERES GLAS: Das speziell ausgew\u00e4hlte Acrylglas ist ultra-leicht und gleichzeitig \u00e4u\u00dferst widerstandsf\u00e4hig. Im Vergleich zu herk\u00f6mmlichem Glas ist es au\u00dferdem bruchsicher und stellt so kein zus\u00e4tzliches Sicherheitsrisiko dar.<br \/>\n\u2705 OPTIMALE GR\u00d6SSE UND DURCHDACHTES DESIGN: Unser Design ist das Ergebnis von zahlreichen Tests und R\u00fcckmeldungen vieler Familien. Die optimale Gr\u00f6\u00dfe und die konvexe Form des Mapalou R\u00fccksitzspiegels sorgen f\u00fcr ein perfektes Sichtfeld und helfen dabei nichts aus den Augen zu verlieren. Die neueste Generation an Schwenkgelenken erm\u00f6glicht eine optimale Ausrichtung des R\u00fccksitzspiegels bei gleichzeitig verbesserter Stabilit\u00e4t und rundet das Design ab.<br \/>\n\u2705 DEUTSCHSPRACHIGER 24\/7 SUPPORT: WIR SIND IMMER F\u00dcR DICH DA \u2013 \u00dcberzeuge dich selbst! Gerade als qualit\u00e4tsbewusste Familienv\u00e4ter setzen wir uns denselben hohen Standard, den wir auch von anderen erwarten. Wir sind \u00fcberzeugt, dass gerade bei den Kleinsten unter uns \u201egut\u201c nicht gut genug ist! Sollten wir dennoch deine Erwartungen nicht erf\u00fcllen, wende dich einfach an unseren 24\/7 Support und wir finden bestimmt eine zufriedenstellende L\u00f6sung!<br \/>\n<div class=\"main-cross-sell\" data-asin=\"B07PWNM9W1\">\n\n\t<div class=\"WooZone-cross-sell-loader\">\n\t\t<div>\n\t\t\t<div id=\"floatingBarsG\">\n\t\t\t\t<div class=\"blockG\" id=\"rotateG_01\"><\/div>\n\t\t\t\t<div class=\"blockG\" id=\"rotateG_02\"><\/div>\n\t\t\t\t<div class=\"blockG\" id=\"rotateG_03\"><\/div>\n\t\t\t\t<div class=\"blockG\" id=\"rotateG_04\"><\/div>\n\t\t\t\t<div class=\"blockG\" id=\"rotateG_05\"><\/div>\n\t\t\t\t<div class=\"blockG\" id=\"rotateG_06\"><\/div>\n\t\t\t\t<div class=\"blockG\" id=\"rotateG_07\"><\/div>\n\t\t\t\t<div class=\"blockG\" id=\"rotateG_08\"><\/div>\n\t\t\t<\/div>\n\t\t\t<div class=\"WooZone-cross-sell-loader-text\"><\/div>\n\t\t<\/div>\n\t<\/div>\n\n\t\t\n<\/div>\n<div style=\"clear:both;\"><\/div><\/p>\n","protected":false},"excerpt":{"rendered":"<p>\u2705 FESTER HALT UND MEHR SICHERHEIT: Der Mapalou R\u00fccksitzspiegel l\u00e4sst sich mit wenigen Handgriffen einfach und bequem, ganz ohne separate Einzelteile, auf der Kopfst\u00fctze befestigen. Die beiden verstellbaren Befestigungsb\u00e4nder stabilisieren den R\u00fccksitzspiegel in alle Richtungen und sorgen so f\u00fcr festen Halt und mehr Sicherheit bei jeder Fahrt.<br \/>\n\u2705 HOCHWERTIGES MATERIAL: Bei der Auswahl der Materialien haben wir uns f\u00fcr die bestm\u00f6gliche Qualit\u00e4t entschieden. Der Rahmen mit hochwertigem Soft-Touch-Material, optimale Verarbeitung und eine spezielle Polsterung auf der R\u00fcckseite des Schwenkgelenkes lassen keine W\u00fcnsche offen.<br \/>\n\u2705 BRUCHSICHERES GLAS: Das speziell ausgew\u00e4hlte Acrylglas ist ultra-leicht und gleichzeitig \u00e4u\u00dferst widerstandsf\u00e4hig. Im Vergleich zu herk\u00f6mmlichem Glas ist es au\u00dferdem bruchsicher und stellt so kein zus\u00e4tzliches Sicherheitsrisiko dar.<\/p>\n","protected":false},"featured_media":132963,"comment_status":"open","ping_status":"closed","template":"","meta":[],"product_brand":[],"product_cat":[8765,21],"product_tag":[],"class_list":{"0":"post-132962","1":"product","2":"type-product","3":"status-publish","4":"has-post-thumbnail","6":"product_cat-autositze-zubehoer-baby","7":"product_cat-baby","8":"pa_binding-babyartikel","9":"pa_brand-mapalou","10":"pa_manufacturer-mapalou","11":"pa_size-1-stueck-1er-pack","13":"first","14":"instock","15":"shipping-taxable","16":"purchasable","17":"product-type-simple","18":"customify-col","19":"product-has-gallery"},"yoast_head":"<!-- This site is optimized with the Yoast SEO plugin v27.4 - https:\/\/yoast.com\/product\/yoast-seo-wordpress\/ -->\n<title>Autospiegel Baby R\u00fccksitz - R\u00fccksitzspiegel f\u00fcr Babys\/Kinder Auto Spiegel Autospiegel Babyspiegel Kinderspiegel\u2026 - Markt-XXL<\/title>\n<meta name=\"description\" content=\"Markt-XXL Autospiegel Baby R\u00fccksitz - R\u00fccksitzspiegel f\u00fcr Babys\/Kinder Auto Spiegel Autospiegel Babyspiegel Kinderspiegel\u2026\" \/>\n<meta name=\"robots\" content=\"index, follow, max-snippet:-1, max-image-preview:large, max-video-preview:-1\" \/>\n<link rel=\"canonical\" href=\"https:\/\/marktxxl.de\/markt\/produkt\/mapalou-ruecksitzspiegel-fuer-babys-aus-bruchsicherem-material-auto-rueckspiegel-fuer-kindersitz-und-babyschale-360-schwenkbar-kinder-autospiegel-in-optimaler-groesse-spiegel-ohne-einzelteil\/\" \/>\n<meta property=\"og:locale\" content=\"de_DE\" \/>\n<meta property=\"og:type\" content=\"article\" \/>\n<meta property=\"og:title\" content=\"Autospiegel Baby R\u00fccksitz - R\u00fccksitzspiegel f\u00fcr Babys\/Kinder Auto Spiegel Autospiegel Babyspiegel Kinderspiegel\u2026 - Markt-XXL\" \/>\n<meta property=\"og:description\" content=\"Markt-XXL Autospiegel Baby R\u00fccksitz - R\u00fccksitzspiegel f\u00fcr Babys\/Kinder Auto Spiegel Autospiegel Babyspiegel Kinderspiegel\u2026\" \/>\n<meta property=\"og:url\" content=\"https:\/\/marktxxl.de\/markt\/produkt\/mapalou-ruecksitzspiegel-fuer-babys-aus-bruchsicherem-material-auto-rueckspiegel-fuer-kindersitz-und-babyschale-360-schwenkbar-kinder-autospiegel-in-optimaler-groesse-spiegel-ohne-einzelteil\/\" \/>\n<meta property=\"og:site_name\" content=\"Markt-XXL\" \/>\n<meta property=\"article:modified_time\" content=\"2023-04-11T02:07:38+00:00\" \/>\n<meta property=\"og:image\" content=\"https:\/\/m.media-amazon.com\/images\/I\/41mBjnbTdVL._SL500_.jpg\" \/>\n\t<meta property=\"og:image:width\" content=\"500\" \/>\n\t<meta property=\"og:image:height\" content=\"500\" \/>\n\t<meta property=\"og:image:type\" content=\"image\/jpeg\" \/>\n<meta name=\"twitter:card\" content=\"summary_large_image\" \/>\n<meta name=\"twitter:label1\" content=\"Gesch\u00e4tzte Lesezeit\" \/>\n\t<meta name=\"twitter:data1\" content=\"1\u00a0Minute\" \/>\n<script type=\"application\/ld+json\" class=\"yoast-schema-graph\">{\"@context\":\"https:\\\/\\\/schema.org\",\"@graph\":[{\"@type\":\"WebPage\",\"@id\":\"https:\\\/\\\/marktxxl.de\\\/markt\\\/produkt\\\/mapalou-ruecksitzspiegel-fuer-babys-aus-bruchsicherem-material-auto-rueckspiegel-fuer-kindersitz-und-babyschale-360-schwenkbar-kinder-autospiegel-in-optimaler-groesse-spiegel-ohne-einzelteil\\\/\",\"url\":\"https:\\\/\\\/marktxxl.de\\\/markt\\\/produkt\\\/mapalou-ruecksitzspiegel-fuer-babys-aus-bruchsicherem-material-auto-rueckspiegel-fuer-kindersitz-und-babyschale-360-schwenkbar-kinder-autospiegel-in-optimaler-groesse-spiegel-ohne-einzelteil\\\/\",\"name\":\"Autospiegel Baby R\u00fccksitz - R\u00fccksitzspiegel f\u00fcr Babys\\\/Kinder Auto Spiegel Autospiegel Babyspiegel Kinderspiegel\u2026 - Markt-XXL\",\"isPartOf\":{\"@id\":\"https:\\\/\\\/marktxxl.de\\\/markt\\\/#website\"},\"primaryImageOfPage\":{\"@id\":\"https:\\\/\\\/marktxxl.de\\\/markt\\\/produkt\\\/mapalou-ruecksitzspiegel-fuer-babys-aus-bruchsicherem-material-auto-rueckspiegel-fuer-kindersitz-und-babyschale-360-schwenkbar-kinder-autospiegel-in-optimaler-groesse-spiegel-ohne-einzelteil\\\/#primaryimage\"},\"image\":{\"@id\":\"https:\\\/\\\/marktxxl.de\\\/markt\\\/produkt\\\/mapalou-ruecksitzspiegel-fuer-babys-aus-bruchsicherem-material-auto-rueckspiegel-fuer-kindersitz-und-babyschale-360-schwenkbar-kinder-autospiegel-in-optimaler-groesse-spiegel-ohne-einzelteil\\\/#primaryimage\"},\"thumbnailUrl\":\"https:\\\/\\\/m.media-amazon.com\\\/images\\\/I\\\/41mBjnbTdVL._SL500_.jpg\",\"datePublished\":\"2022-07-13T18:10:20+00:00\",\"dateModified\":\"2023-04-11T02:07:38+00:00\",\"description\":\"Markt-XXL Autospiegel Baby R\u00fccksitz - R\u00fccksitzspiegel f\u00fcr Babys\\\/Kinder Auto Spiegel Autospiegel Babyspiegel Kinderspiegel\u2026\",\"breadcrumb\":{\"@id\":\"https:\\\/\\\/marktxxl.de\\\/markt\\\/produkt\\\/mapalou-ruecksitzspiegel-fuer-babys-aus-bruchsicherem-material-auto-rueckspiegel-fuer-kindersitz-und-babyschale-360-schwenkbar-kinder-autospiegel-in-optimaler-groesse-spiegel-ohne-einzelteil\\\/#breadcrumb\"},\"inLanguage\":\"de\",\"potentialAction\":[{\"@type\":\"ReadAction\",\"target\":[\"https:\\\/\\\/marktxxl.de\\\/markt\\\/produkt\\\/mapalou-ruecksitzspiegel-fuer-babys-aus-bruchsicherem-material-auto-rueckspiegel-fuer-kindersitz-und-babyschale-360-schwenkbar-kinder-autospiegel-in-optimaler-groesse-spiegel-ohne-einzelteil\\\/\"]}]},{\"@type\":\"ImageObject\",\"inLanguage\":\"de\",\"@id\":\"https:\\\/\\\/marktxxl.de\\\/markt\\\/produkt\\\/mapalou-ruecksitzspiegel-fuer-babys-aus-bruchsicherem-material-auto-rueckspiegel-fuer-kindersitz-und-babyschale-360-schwenkbar-kinder-autospiegel-in-optimaler-groesse-spiegel-ohne-einzelteil\\\/#primaryimage\",\"url\":\"https:\\\/\\\/m.media-amazon.com\\\/images\\\/I\\\/41mBjnbTdVL._SL500_.jpg\",\"contentUrl\":\"https:\\\/\\\/m.media-amazon.com\\\/images\\\/I\\\/41mBjnbTdVL._SL500_.jpg\",\"width\":500,\"height\":500},{\"@type\":\"BreadcrumbList\",\"@id\":\"https:\\\/\\\/marktxxl.de\\\/markt\\\/produkt\\\/mapalou-ruecksitzspiegel-fuer-babys-aus-bruchsicherem-material-auto-rueckspiegel-fuer-kindersitz-und-babyschale-360-schwenkbar-kinder-autospiegel-in-optimaler-groesse-spiegel-ohne-einzelteil\\\/#breadcrumb\",\"itemListElement\":[{\"@type\":\"ListItem\",\"position\":1,\"name\":\"Startseite\",\"item\":\"https:\\\/\\\/marktxxl.de\\\/markt\\\/\"},{\"@type\":\"ListItem\",\"position\":2,\"name\":\"Markt\",\"item\":\"https:\\\/\\\/marktxxl.de\\\/markt\\\/\"},{\"@type\":\"ListItem\",\"position\":3,\"name\":\"Autospiegel Baby R\u00fccksitz &#8211; R\u00fccksitzspiegel f\u00fcr Babys\\\/Kinder Auto Spiegel Autospiegel Babyspiegel Kinderspiegel\u2026\"}]},{\"@type\":\"WebSite\",\"@id\":\"https:\\\/\\\/marktxxl.de\\\/markt\\\/#website\",\"url\":\"https:\\\/\\\/marktxxl.de\\\/markt\\\/\",\"name\":\"Markt-XXL\",\"description\":\"Ihr Markt Online\",\"publisher\":{\"@id\":\"https:\\\/\\\/marktxxl.de\\\/markt\\\/#organization\"},\"potentialAction\":[{\"@type\":\"SearchAction\",\"target\":{\"@type\":\"EntryPoint\",\"urlTemplate\":\"https:\\\/\\\/marktxxl.de\\\/markt\\\/?s={search_term_string}\"},\"query-input\":{\"@type\":\"PropertyValueSpecification\",\"valueRequired\":true,\"valueName\":\"search_term_string\"}}],\"inLanguage\":\"de\"},{\"@type\":\"Organization\",\"@id\":\"https:\\\/\\\/marktxxl.de\\\/markt\\\/#organization\",\"name\":\"Markt-XXL\",\"url\":\"https:\\\/\\\/marktxxl.de\\\/markt\\\/\",\"logo\":{\"@type\":\"ImageObject\",\"inLanguage\":\"de\",\"@id\":\"https:\\\/\\\/marktxxl.de\\\/markt\\\/#\\\/schema\\\/logo\\\/image\\\/\",\"url\":\"https:\\\/\\\/marktxxl.de\\\/markt\\\/wp-content\\\/uploads\\\/sites\\\/3\\\/2020\\\/12\\\/logo.png\",\"contentUrl\":\"https:\\\/\\\/marktxxl.de\\\/markt\\\/wp-content\\\/uploads\\\/sites\\\/3\\\/2020\\\/12\\\/logo.png\",\"width\":200,\"height\":70,\"caption\":\"Markt-XXL\"},\"image\":{\"@id\":\"https:\\\/\\\/marktxxl.de\\\/markt\\\/#\\\/schema\\\/logo\\\/image\\\/\"}}]}<\/script>\n<!-- \/ Yoast SEO plugin. -->","yoast_head_json":{"title":"Autospiegel Baby R\u00fccksitz - R\u00fccksitzspiegel f\u00fcr Babys\/Kinder Auto Spiegel Autospiegel Babyspiegel Kinderspiegel\u2026 - Markt-XXL","description":"Markt-XXL Autospiegel Baby R\u00fccksitz - R\u00fccksitzspiegel f\u00fcr Babys\/Kinder Auto Spiegel Autospiegel Babyspiegel Kinderspiegel\u2026","robots":{"index":"index","follow":"follow","max-snippet":"max-snippet:-1","max-image-preview":"max-image-preview:large","max-video-preview":"max-video-preview:-1"},"canonical":"https:\/\/marktxxl.de\/markt\/produkt\/mapalou-ruecksitzspiegel-fuer-babys-aus-bruchsicherem-material-auto-rueckspiegel-fuer-kindersitz-und-babyschale-360-schwenkbar-kinder-autospiegel-in-optimaler-groesse-spiegel-ohne-einzelteil\/","og_locale":"de_DE","og_type":"article","og_title":"Autospiegel Baby R\u00fccksitz - R\u00fccksitzspiegel f\u00fcr Babys\/Kinder Auto Spiegel Autospiegel Babyspiegel Kinderspiegel\u2026 - Markt-XXL","og_description":"Markt-XXL Autospiegel Baby R\u00fccksitz - R\u00fccksitzspiegel f\u00fcr Babys\/Kinder Auto Spiegel Autospiegel Babyspiegel Kinderspiegel\u2026","og_url":"https:\/\/marktxxl.de\/markt\/produkt\/mapalou-ruecksitzspiegel-fuer-babys-aus-bruchsicherem-material-auto-rueckspiegel-fuer-kindersitz-und-babyschale-360-schwenkbar-kinder-autospiegel-in-optimaler-groesse-spiegel-ohne-einzelteil\/","og_site_name":"Markt-XXL","article_modified_time":"2023-04-11T02:07:38+00:00","og_image":[{"width":500,"height":500,"url":"https:\/\/m.media-amazon.com\/images\/I\/41mBjnbTdVL._SL500_.jpg","type":"image\/jpeg"}],"twitter_card":"summary_large_image","twitter_misc":{"Gesch\u00e4tzte Lesezeit":"1\u00a0Minute"},"schema":{"@context":"https:\/\/schema.org","@graph":[{"@type":"WebPage","@id":"https:\/\/marktxxl.de\/markt\/produkt\/mapalou-ruecksitzspiegel-fuer-babys-aus-bruchsicherem-material-auto-rueckspiegel-fuer-kindersitz-und-babyschale-360-schwenkbar-kinder-autospiegel-in-optimaler-groesse-spiegel-ohne-einzelteil\/","url":"https:\/\/marktxxl.de\/markt\/produkt\/mapalou-ruecksitzspiegel-fuer-babys-aus-bruchsicherem-material-auto-rueckspiegel-fuer-kindersitz-und-babyschale-360-schwenkbar-kinder-autospiegel-in-optimaler-groesse-spiegel-ohne-einzelteil\/","name":"Autospiegel Baby R\u00fccksitz - R\u00fccksitzspiegel f\u00fcr Babys\/Kinder Auto Spiegel Autospiegel Babyspiegel Kinderspiegel\u2026 - Markt-XXL","isPartOf":{"@id":"https:\/\/marktxxl.de\/markt\/#website"},"primaryImageOfPage":{"@id":"https:\/\/marktxxl.de\/markt\/produkt\/mapalou-ruecksitzspiegel-fuer-babys-aus-bruchsicherem-material-auto-rueckspiegel-fuer-kindersitz-und-babyschale-360-schwenkbar-kinder-autospiegel-in-optimaler-groesse-spiegel-ohne-einzelteil\/#primaryimage"},"image":{"@id":"https:\/\/marktxxl.de\/markt\/produkt\/mapalou-ruecksitzspiegel-fuer-babys-aus-bruchsicherem-material-auto-rueckspiegel-fuer-kindersitz-und-babyschale-360-schwenkbar-kinder-autospiegel-in-optimaler-groesse-spiegel-ohne-einzelteil\/#primaryimage"},"thumbnailUrl":"https:\/\/m.media-amazon.com\/images\/I\/41mBjnbTdVL._SL500_.jpg","datePublished":"2022-07-13T18:10:20+00:00","dateModified":"2023-04-11T02:07:38+00:00","description":"Markt-XXL Autospiegel Baby R\u00fccksitz - R\u00fccksitzspiegel f\u00fcr Babys\/Kinder Auto Spiegel Autospiegel Babyspiegel Kinderspiegel\u2026","breadcrumb":{"@id":"https:\/\/marktxxl.de\/markt\/produkt\/mapalou-ruecksitzspiegel-fuer-babys-aus-bruchsicherem-material-auto-rueckspiegel-fuer-kindersitz-und-babyschale-360-schwenkbar-kinder-autospiegel-in-optimaler-groesse-spiegel-ohne-einzelteil\/#breadcrumb"},"inLanguage":"de","potentialAction":[{"@type":"ReadAction","target":["https:\/\/marktxxl.de\/markt\/produkt\/mapalou-ruecksitzspiegel-fuer-babys-aus-bruchsicherem-material-auto-rueckspiegel-fuer-kindersitz-und-babyschale-360-schwenkbar-kinder-autospiegel-in-optimaler-groesse-spiegel-ohne-einzelteil\/"]}]},{"@type":"ImageObject","inLanguage":"de","@id":"https:\/\/marktxxl.de\/markt\/produkt\/mapalou-ruecksitzspiegel-fuer-babys-aus-bruchsicherem-material-auto-rueckspiegel-fuer-kindersitz-und-babyschale-360-schwenkbar-kinder-autospiegel-in-optimaler-groesse-spiegel-ohne-einzelteil\/#primaryimage","url":"https:\/\/m.media-amazon.com\/images\/I\/41mBjnbTdVL._SL500_.jpg","contentUrl":"https:\/\/m.media-amazon.com\/images\/I\/41mBjnbTdVL._SL500_.jpg","width":500,"height":500},{"@type":"BreadcrumbList","@id":"https:\/\/marktxxl.de\/markt\/produkt\/mapalou-ruecksitzspiegel-fuer-babys-aus-bruchsicherem-material-auto-rueckspiegel-fuer-kindersitz-und-babyschale-360-schwenkbar-kinder-autospiegel-in-optimaler-groesse-spiegel-ohne-einzelteil\/#breadcrumb","itemListElement":[{"@type":"ListItem","position":1,"name":"Startseite","item":"https:\/\/marktxxl.de\/markt\/"},{"@type":"ListItem","position":2,"name":"Markt","item":"https:\/\/marktxxl.de\/markt\/"},{"@type":"ListItem","position":3,"name":"Autospiegel Baby R\u00fccksitz &#8211; R\u00fccksitzspiegel f\u00fcr Babys\/Kinder Auto Spiegel Autospiegel Babyspiegel Kinderspiegel\u2026"}]},{"@type":"WebSite","@id":"https:\/\/marktxxl.de\/markt\/#website","url":"https:\/\/marktxxl.de\/markt\/","name":"Markt-XXL","description":"Ihr Markt Online","publisher":{"@id":"https:\/\/marktxxl.de\/markt\/#organization"},"potentialAction":[{"@type":"SearchAction","target":{"@type":"EntryPoint","urlTemplate":"https:\/\/marktxxl.de\/markt\/?s={search_term_string}"},"query-input":{"@type":"PropertyValueSpecification","valueRequired":true,"valueName":"search_term_string"}}],"inLanguage":"de"},{"@type":"Organization","@id":"https:\/\/marktxxl.de\/markt\/#organization","name":"Markt-XXL","url":"https:\/\/marktxxl.de\/markt\/","logo":{"@type":"ImageObject","inLanguage":"de","@id":"https:\/\/marktxxl.de\/markt\/#\/schema\/logo\/image\/","url":"https:\/\/marktxxl.de\/markt\/wp-content\/uploads\/sites\/3\/2020\/12\/logo.png","contentUrl":"https:\/\/marktxxl.de\/markt\/wp-content\/uploads\/sites\/3\/2020\/12\/logo.png","width":200,"height":70,"caption":"Markt-XXL"},"image":{"@id":"https:\/\/marktxxl.de\/markt\/#\/schema\/logo\/image\/"}}]}},"_links":{"self":[{"href":"https:\/\/marktxxl.de\/markt\/wp-json\/wp\/v2\/product\/132962","targetHints":{"allow":["GET"]}}],"collection":[{"href":"https:\/\/marktxxl.de\/markt\/wp-json\/wp\/v2\/product"}],"about":[{"href":"https:\/\/marktxxl.de\/markt\/wp-json\/wp\/v2\/types\/product"}],"replies":[{"embeddable":true,"href":"https:\/\/marktxxl.de\/markt\/wp-json\/wp\/v2\/comments?post=132962"}],"wp:featuredmedia":[{"embeddable":true,"href":"https:\/\/marktxxl.de\/markt\/wp-json\/wp\/v2\/media\/132963"}],"wp:attachment":[{"href":"https:\/\/marktxxl.de\/markt\/wp-json\/wp\/v2\/media?parent=132962"}],"wp:term":[{"taxonomy":"product_brand","embeddable":true,"href":"https:\/\/marktxxl.de\/markt\/wp-json\/wp\/v2\/product_brand?post=132962"},{"taxonomy":"product_cat","embeddable":true,"href":"https:\/\/marktxxl.de\/markt\/wp-json\/wp\/v2\/product_cat?post=132962"},{"taxonomy":"product_tag","embeddable":true,"href":"https:\/\/marktxxl.de\/markt\/wp-json\/wp\/v2\/product_tag?post=132962"}],"curies":[{"name":"wp","href":"https:\/\/api.w.org\/{rel}","templated":true}]}}