{"id":132509,"date":"2022-06-29T08:31:07","date_gmt":"2022-06-29T06:31:07","guid":{"rendered":"https:\/\/marktxxl.de\/markt\/produkt\/crocs-unisex-kinder-kids-classic-schlupfschuhe-fuer-jungen-und-maedchen-wasserschuhe-clog\/"},"modified":"2023-04-11T04:06:12","modified_gmt":"2023-04-11T02:06:12","slug":"crocs-unisex-kinder-kids-classic-schlupfschuhe-fuer-jungen-und-maedchen-wasserschuhe-clog","status":"publish","type":"product","link":"https:\/\/marktxxl.de\/markt\/produkt\/crocs-unisex-kinder-kids-classic-schlupfschuhe-fuer-jungen-und-maedchen-wasserschuhe-clog\/","title":{"rendered":"Crocs Unisex-Kinder Kids Classic Schlupfschuhe f\u00fcr Jungen und M\u00e4dchen | Wasserschuhe Clog"},"content":{"rendered":"<p>Crocs f\u00fcr alle: Genau wie die klassischen Crocs f\u00fcr Erwachsene bietet die Kinderversion den gleichen gro\u00dfartigen Schuh f\u00fcr Jugendliche. Einfaches An- und Ausziehen macht diese Crocs Kinder<br \/>\nLeicht und lustig: Diese Crocs f\u00fcr Kinder sind unglaublich leicht, angenehm zu tragen und kommen sicher in der Lieblingsfarbe Ihres Kindes. Dies ist das perfekte Paar Crocs f\u00fcr Kinder, wenn Sie im Dreck spielen oder auf dem Spielplatz herumlaufen<br \/>\nVielseitig und komfortabel: Unglaublich leicht und einfach zu tragen, diese Crocs f\u00fcr M\u00e4dchen und Jungen sind mit Croslite-Schaum f\u00fcr kultigen Crocs-Komfort hergestellt. Das flexible Material wird sicher von allen geliebt werden<br \/>\nMachen Sie sie zu Ihrem eigenen: Diese Crocs f\u00fcr M\u00e4dchen und Jungen bieten eine ger\u00e4umige und gro\u00dfz\u00fcgige Passform, die sicher zu jedem Fu\u00df passt. Die Crocs f\u00fcr Kinder k\u00f6nnen mit Jibbitz-Anh\u00e4ngern personalisiert werden, um ihr ganz pers\u00f6nliches Flair zu widerspiegeln<br \/>\nCrocs f\u00fcr Jungen und M\u00e4dchen: Diese Crocs f\u00fcr M\u00e4dchen und Jungen sind angenehm zu tragen und leicht zu reinigen mit Seife und Wasser. Die Optionen sind endlos, wenn Sie den Kleiderschrank Ihrer Kinder mit diesen stilvollen Schuhen erweitern<br \/>\n<div class=\"main-cross-sell\" data-asin=\"B08895NKRJ\">\n\n\t<div class=\"WooZone-cross-sell-loader\">\n\t\t<div>\n\t\t\t<div id=\"floatingBarsG\">\n\t\t\t\t<div class=\"blockG\" id=\"rotateG_01\"><\/div>\n\t\t\t\t<div class=\"blockG\" id=\"rotateG_02\"><\/div>\n\t\t\t\t<div class=\"blockG\" id=\"rotateG_03\"><\/div>\n\t\t\t\t<div class=\"blockG\" id=\"rotateG_04\"><\/div>\n\t\t\t\t<div class=\"blockG\" id=\"rotateG_05\"><\/div>\n\t\t\t\t<div class=\"blockG\" id=\"rotateG_06\"><\/div>\n\t\t\t\t<div class=\"blockG\" id=\"rotateG_07\"><\/div>\n\t\t\t\t<div class=\"blockG\" id=\"rotateG_08\"><\/div>\n\t\t\t<\/div>\n\t\t\t<div class=\"WooZone-cross-sell-loader-text\"><\/div>\n\t\t<\/div>\n\t<\/div>\n\n\t\t\n<\/div>\n<div style=\"clear:both;\"><\/div><\/p>\n","protected":false},"excerpt":{"rendered":"<p>Crocs f\u00fcr alle: Genau wie die klassischen Crocs f\u00fcr Erwachsene bietet die Kinderversion den gleichen gro\u00dfartigen Schuh f\u00fcr Jugendliche. Einfaches An- und Ausziehen macht diese Crocs Kinder<br \/>\nLeicht und lustig: Diese Crocs f\u00fcr Kinder sind unglaublich leicht, angenehm zu tragen und kommen sicher in der Lieblingsfarbe Ihres Kindes. Dies ist das perfekte Paar Crocs f\u00fcr Kinder, wenn Sie im Dreck spielen oder auf dem Spielplatz herumlaufen<br \/>\nVielseitig und komfortabel: Unglaublich leicht und einfach zu tragen, diese Crocs f\u00fcr M\u00e4dchen und Jungen sind mit Croslite-Schaum f\u00fcr kultigen Crocs-Komfort hergestellt. Das flexible Material wird sicher von allen geliebt werden<\/p>\n","protected":false},"featured_media":132510,"comment_status":"open","ping_status":"closed","template":"","meta":[],"product_brand":[],"product_cat":[21,9036],"product_tag":[],"class_list":{"0":"post-132509","1":"product","2":"type-product","3":"status-publish","4":"has-post-thumbnail","6":"product_cat-baby","7":"product_cat-babyschuhe-baby","8":"pa_binding-schuhe","9":"pa_brand-crocs","10":"pa_manufacturer-crocs","11":"pa_model-19143","13":"first","14":"instock","15":"shipping-taxable","16":"purchasable","17":"product-type-simple","18":"customify-col","19":"product-has-gallery"},"yoast_head":"<!-- This site is optimized with the Yoast SEO plugin v27.4 - https:\/\/yoast.com\/product\/yoast-seo-wordpress\/ -->\n<title>Crocs Unisex-Kinder Kids Classic Schlupfschuhe f\u00fcr Jungen und M\u00e4dchen | Wasserschuhe Clog - Markt-XXL<\/title>\n<meta name=\"description\" content=\"Markt-XXL Crocs Unisex-Kinder Kids Classic Schlupfschuhe f\u00fcr Jungen und M\u00e4dchen | Wasserschuhe Clog\" \/>\n<meta name=\"robots\" content=\"index, follow, max-snippet:-1, max-image-preview:large, max-video-preview:-1\" \/>\n<link rel=\"canonical\" href=\"https:\/\/marktxxl.de\/markt\/produkt\/crocs-unisex-kinder-kids-classic-schlupfschuhe-fuer-jungen-und-maedchen-wasserschuhe-clog\/\" \/>\n<meta property=\"og:locale\" content=\"de_DE\" \/>\n<meta property=\"og:type\" content=\"article\" \/>\n<meta property=\"og:title\" content=\"Crocs Unisex-Kinder Kids Classic Schlupfschuhe f\u00fcr Jungen und M\u00e4dchen | Wasserschuhe Clog - Markt-XXL\" \/>\n<meta property=\"og:description\" content=\"Markt-XXL Crocs Unisex-Kinder Kids Classic Schlupfschuhe f\u00fcr Jungen und M\u00e4dchen | Wasserschuhe Clog\" \/>\n<meta property=\"og:url\" content=\"https:\/\/marktxxl.de\/markt\/produkt\/crocs-unisex-kinder-kids-classic-schlupfschuhe-fuer-jungen-und-maedchen-wasserschuhe-clog\/\" \/>\n<meta property=\"og:site_name\" content=\"Markt-XXL\" \/>\n<meta property=\"article:modified_time\" content=\"2023-04-11T02:06:12+00:00\" \/>\n<meta property=\"og:image\" content=\"https:\/\/m.media-amazon.com\/images\/I\/412mEjjdpPL._SL500_.jpg\" \/>\n\t<meta property=\"og:image:width\" content=\"500\" \/>\n\t<meta property=\"og:image:height\" content=\"289\" \/>\n\t<meta property=\"og:image:type\" content=\"image\/jpeg\" \/>\n<meta name=\"twitter:card\" content=\"summary_large_image\" \/>\n<meta name=\"twitter:label1\" content=\"Gesch\u00e4tzte Lesezeit\" \/>\n\t<meta name=\"twitter:data1\" content=\"1\u00a0Minute\" \/>\n<script type=\"application\/ld+json\" class=\"yoast-schema-graph\">{\"@context\":\"https:\\\/\\\/schema.org\",\"@graph\":[{\"@type\":\"WebPage\",\"@id\":\"https:\\\/\\\/marktxxl.de\\\/markt\\\/produkt\\\/crocs-unisex-kinder-kids-classic-schlupfschuhe-fuer-jungen-und-maedchen-wasserschuhe-clog\\\/\",\"url\":\"https:\\\/\\\/marktxxl.de\\\/markt\\\/produkt\\\/crocs-unisex-kinder-kids-classic-schlupfschuhe-fuer-jungen-und-maedchen-wasserschuhe-clog\\\/\",\"name\":\"Crocs Unisex-Kinder Kids Classic Schlupfschuhe f\u00fcr Jungen und M\u00e4dchen | Wasserschuhe Clog - Markt-XXL\",\"isPartOf\":{\"@id\":\"https:\\\/\\\/marktxxl.de\\\/markt\\\/#website\"},\"primaryImageOfPage\":{\"@id\":\"https:\\\/\\\/marktxxl.de\\\/markt\\\/produkt\\\/crocs-unisex-kinder-kids-classic-schlupfschuhe-fuer-jungen-und-maedchen-wasserschuhe-clog\\\/#primaryimage\"},\"image\":{\"@id\":\"https:\\\/\\\/marktxxl.de\\\/markt\\\/produkt\\\/crocs-unisex-kinder-kids-classic-schlupfschuhe-fuer-jungen-und-maedchen-wasserschuhe-clog\\\/#primaryimage\"},\"thumbnailUrl\":\"https:\\\/\\\/m.media-amazon.com\\\/images\\\/I\\\/412mEjjdpPL._SL500_.jpg\",\"datePublished\":\"2022-06-29T06:31:07+00:00\",\"dateModified\":\"2023-04-11T02:06:12+00:00\",\"description\":\"Markt-XXL Crocs Unisex-Kinder Kids Classic Schlupfschuhe f\u00fcr Jungen und M\u00e4dchen | Wasserschuhe Clog\",\"breadcrumb\":{\"@id\":\"https:\\\/\\\/marktxxl.de\\\/markt\\\/produkt\\\/crocs-unisex-kinder-kids-classic-schlupfschuhe-fuer-jungen-und-maedchen-wasserschuhe-clog\\\/#breadcrumb\"},\"inLanguage\":\"de\",\"potentialAction\":[{\"@type\":\"ReadAction\",\"target\":[\"https:\\\/\\\/marktxxl.de\\\/markt\\\/produkt\\\/crocs-unisex-kinder-kids-classic-schlupfschuhe-fuer-jungen-und-maedchen-wasserschuhe-clog\\\/\"]}]},{\"@type\":\"ImageObject\",\"inLanguage\":\"de\",\"@id\":\"https:\\\/\\\/marktxxl.de\\\/markt\\\/produkt\\\/crocs-unisex-kinder-kids-classic-schlupfschuhe-fuer-jungen-und-maedchen-wasserschuhe-clog\\\/#primaryimage\",\"url\":\"https:\\\/\\\/m.media-amazon.com\\\/images\\\/I\\\/412mEjjdpPL._SL500_.jpg\",\"contentUrl\":\"https:\\\/\\\/m.media-amazon.com\\\/images\\\/I\\\/412mEjjdpPL._SL500_.jpg\",\"width\":500,\"height\":289},{\"@type\":\"BreadcrumbList\",\"@id\":\"https:\\\/\\\/marktxxl.de\\\/markt\\\/produkt\\\/crocs-unisex-kinder-kids-classic-schlupfschuhe-fuer-jungen-und-maedchen-wasserschuhe-clog\\\/#breadcrumb\",\"itemListElement\":[{\"@type\":\"ListItem\",\"position\":1,\"name\":\"Startseite\",\"item\":\"https:\\\/\\\/marktxxl.de\\\/markt\\\/\"},{\"@type\":\"ListItem\",\"position\":2,\"name\":\"Markt\",\"item\":\"https:\\\/\\\/marktxxl.de\\\/markt\\\/\"},{\"@type\":\"ListItem\",\"position\":3,\"name\":\"Crocs Unisex-Kinder Kids Classic Schlupfschuhe f\u00fcr Jungen und M\u00e4dchen | Wasserschuhe Clog\"}]},{\"@type\":\"WebSite\",\"@id\":\"https:\\\/\\\/marktxxl.de\\\/markt\\\/#website\",\"url\":\"https:\\\/\\\/marktxxl.de\\\/markt\\\/\",\"name\":\"Markt-XXL\",\"description\":\"Ihr Markt Online\",\"publisher\":{\"@id\":\"https:\\\/\\\/marktxxl.de\\\/markt\\\/#organization\"},\"potentialAction\":[{\"@type\":\"SearchAction\",\"target\":{\"@type\":\"EntryPoint\",\"urlTemplate\":\"https:\\\/\\\/marktxxl.de\\\/markt\\\/?s={search_term_string}\"},\"query-input\":{\"@type\":\"PropertyValueSpecification\",\"valueRequired\":true,\"valueName\":\"search_term_string\"}}],\"inLanguage\":\"de\"},{\"@type\":\"Organization\",\"@id\":\"https:\\\/\\\/marktxxl.de\\\/markt\\\/#organization\",\"name\":\"Markt-XXL\",\"url\":\"https:\\\/\\\/marktxxl.de\\\/markt\\\/\",\"logo\":{\"@type\":\"ImageObject\",\"inLanguage\":\"de\",\"@id\":\"https:\\\/\\\/marktxxl.de\\\/markt\\\/#\\\/schema\\\/logo\\\/image\\\/\",\"url\":\"https:\\\/\\\/marktxxl.de\\\/markt\\\/wp-content\\\/uploads\\\/sites\\\/3\\\/2020\\\/12\\\/logo.png\",\"contentUrl\":\"https:\\\/\\\/marktxxl.de\\\/markt\\\/wp-content\\\/uploads\\\/sites\\\/3\\\/2020\\\/12\\\/logo.png\",\"width\":200,\"height\":70,\"caption\":\"Markt-XXL\"},\"image\":{\"@id\":\"https:\\\/\\\/marktxxl.de\\\/markt\\\/#\\\/schema\\\/logo\\\/image\\\/\"}}]}<\/script>\n<!-- \/ Yoast SEO plugin. -->","yoast_head_json":{"title":"Crocs Unisex-Kinder Kids Classic Schlupfschuhe f\u00fcr Jungen und M\u00e4dchen | Wasserschuhe Clog - Markt-XXL","description":"Markt-XXL Crocs Unisex-Kinder Kids Classic Schlupfschuhe f\u00fcr Jungen und M\u00e4dchen | Wasserschuhe Clog","robots":{"index":"index","follow":"follow","max-snippet":"max-snippet:-1","max-image-preview":"max-image-preview:large","max-video-preview":"max-video-preview:-1"},"canonical":"https:\/\/marktxxl.de\/markt\/produkt\/crocs-unisex-kinder-kids-classic-schlupfschuhe-fuer-jungen-und-maedchen-wasserschuhe-clog\/","og_locale":"de_DE","og_type":"article","og_title":"Crocs Unisex-Kinder Kids Classic Schlupfschuhe f\u00fcr Jungen und M\u00e4dchen | Wasserschuhe Clog - Markt-XXL","og_description":"Markt-XXL Crocs Unisex-Kinder Kids Classic Schlupfschuhe f\u00fcr Jungen und M\u00e4dchen | Wasserschuhe Clog","og_url":"https:\/\/marktxxl.de\/markt\/produkt\/crocs-unisex-kinder-kids-classic-schlupfschuhe-fuer-jungen-und-maedchen-wasserschuhe-clog\/","og_site_name":"Markt-XXL","article_modified_time":"2023-04-11T02:06:12+00:00","og_image":[{"width":500,"height":289,"url":"https:\/\/m.media-amazon.com\/images\/I\/412mEjjdpPL._SL500_.jpg","type":"image\/jpeg"}],"twitter_card":"summary_large_image","twitter_misc":{"Gesch\u00e4tzte Lesezeit":"1\u00a0Minute"},"schema":{"@context":"https:\/\/schema.org","@graph":[{"@type":"WebPage","@id":"https:\/\/marktxxl.de\/markt\/produkt\/crocs-unisex-kinder-kids-classic-schlupfschuhe-fuer-jungen-und-maedchen-wasserschuhe-clog\/","url":"https:\/\/marktxxl.de\/markt\/produkt\/crocs-unisex-kinder-kids-classic-schlupfschuhe-fuer-jungen-und-maedchen-wasserschuhe-clog\/","name":"Crocs Unisex-Kinder Kids Classic Schlupfschuhe f\u00fcr Jungen und M\u00e4dchen | Wasserschuhe Clog - Markt-XXL","isPartOf":{"@id":"https:\/\/marktxxl.de\/markt\/#website"},"primaryImageOfPage":{"@id":"https:\/\/marktxxl.de\/markt\/produkt\/crocs-unisex-kinder-kids-classic-schlupfschuhe-fuer-jungen-und-maedchen-wasserschuhe-clog\/#primaryimage"},"image":{"@id":"https:\/\/marktxxl.de\/markt\/produkt\/crocs-unisex-kinder-kids-classic-schlupfschuhe-fuer-jungen-und-maedchen-wasserschuhe-clog\/#primaryimage"},"thumbnailUrl":"https:\/\/m.media-amazon.com\/images\/I\/412mEjjdpPL._SL500_.jpg","datePublished":"2022-06-29T06:31:07+00:00","dateModified":"2023-04-11T02:06:12+00:00","description":"Markt-XXL Crocs Unisex-Kinder Kids Classic Schlupfschuhe f\u00fcr Jungen und M\u00e4dchen | Wasserschuhe Clog","breadcrumb":{"@id":"https:\/\/marktxxl.de\/markt\/produkt\/crocs-unisex-kinder-kids-classic-schlupfschuhe-fuer-jungen-und-maedchen-wasserschuhe-clog\/#breadcrumb"},"inLanguage":"de","potentialAction":[{"@type":"ReadAction","target":["https:\/\/marktxxl.de\/markt\/produkt\/crocs-unisex-kinder-kids-classic-schlupfschuhe-fuer-jungen-und-maedchen-wasserschuhe-clog\/"]}]},{"@type":"ImageObject","inLanguage":"de","@id":"https:\/\/marktxxl.de\/markt\/produkt\/crocs-unisex-kinder-kids-classic-schlupfschuhe-fuer-jungen-und-maedchen-wasserschuhe-clog\/#primaryimage","url":"https:\/\/m.media-amazon.com\/images\/I\/412mEjjdpPL._SL500_.jpg","contentUrl":"https:\/\/m.media-amazon.com\/images\/I\/412mEjjdpPL._SL500_.jpg","width":500,"height":289},{"@type":"BreadcrumbList","@id":"https:\/\/marktxxl.de\/markt\/produkt\/crocs-unisex-kinder-kids-classic-schlupfschuhe-fuer-jungen-und-maedchen-wasserschuhe-clog\/#breadcrumb","itemListElement":[{"@type":"ListItem","position":1,"name":"Startseite","item":"https:\/\/marktxxl.de\/markt\/"},{"@type":"ListItem","position":2,"name":"Markt","item":"https:\/\/marktxxl.de\/markt\/"},{"@type":"ListItem","position":3,"name":"Crocs Unisex-Kinder Kids Classic Schlupfschuhe f\u00fcr Jungen und M\u00e4dchen | Wasserschuhe Clog"}]},{"@type":"WebSite","@id":"https:\/\/marktxxl.de\/markt\/#website","url":"https:\/\/marktxxl.de\/markt\/","name":"Markt-XXL","description":"Ihr Markt Online","publisher":{"@id":"https:\/\/marktxxl.de\/markt\/#organization"},"potentialAction":[{"@type":"SearchAction","target":{"@type":"EntryPoint","urlTemplate":"https:\/\/marktxxl.de\/markt\/?s={search_term_string}"},"query-input":{"@type":"PropertyValueSpecification","valueRequired":true,"valueName":"search_term_string"}}],"inLanguage":"de"},{"@type":"Organization","@id":"https:\/\/marktxxl.de\/markt\/#organization","name":"Markt-XXL","url":"https:\/\/marktxxl.de\/markt\/","logo":{"@type":"ImageObject","inLanguage":"de","@id":"https:\/\/marktxxl.de\/markt\/#\/schema\/logo\/image\/","url":"https:\/\/marktxxl.de\/markt\/wp-content\/uploads\/sites\/3\/2020\/12\/logo.png","contentUrl":"https:\/\/marktxxl.de\/markt\/wp-content\/uploads\/sites\/3\/2020\/12\/logo.png","width":200,"height":70,"caption":"Markt-XXL"},"image":{"@id":"https:\/\/marktxxl.de\/markt\/#\/schema\/logo\/image\/"}}]}},"_links":{"self":[{"href":"https:\/\/marktxxl.de\/markt\/wp-json\/wp\/v2\/product\/132509","targetHints":{"allow":["GET"]}}],"collection":[{"href":"https:\/\/marktxxl.de\/markt\/wp-json\/wp\/v2\/product"}],"about":[{"href":"https:\/\/marktxxl.de\/markt\/wp-json\/wp\/v2\/types\/product"}],"replies":[{"embeddable":true,"href":"https:\/\/marktxxl.de\/markt\/wp-json\/wp\/v2\/comments?post=132509"}],"wp:featuredmedia":[{"embeddable":true,"href":"https:\/\/marktxxl.de\/markt\/wp-json\/wp\/v2\/media\/132510"}],"wp:attachment":[{"href":"https:\/\/marktxxl.de\/markt\/wp-json\/wp\/v2\/media?parent=132509"}],"wp:term":[{"taxonomy":"product_brand","embeddable":true,"href":"https:\/\/marktxxl.de\/markt\/wp-json\/wp\/v2\/product_brand?post=132509"},{"taxonomy":"product_cat","embeddable":true,"href":"https:\/\/marktxxl.de\/markt\/wp-json\/wp\/v2\/product_cat?post=132509"},{"taxonomy":"product_tag","embeddable":true,"href":"https:\/\/marktxxl.de\/markt\/wp-json\/wp\/v2\/product_tag?post=132509"}],"curies":[{"name":"wp","href":"https:\/\/api.w.org\/{rel}","templated":true}]}}