{"id":132259,"date":"2022-06-14T08:35:08","date_gmt":"2022-06-14T06:35:08","guid":{"rendered":"https:\/\/marktxxl.de\/markt\/produkt\/vitafit-digitale-waage-personenwaage-engagement-in-hochpraezisionstechnologie-fuer-koerperwaage-ueber-20-jahre-gewichtswaage-mit-kristallklare-led-und-step-on180kg-schwarz\/"},"modified":"2023-04-11T04:06:10","modified_gmt":"2023-04-11T02:06:10","slug":"vitafit-digitale-waage-personenwaage-engagement-in-hochpraezisionstechnologie-fuer-koerperwaage-ueber-20-jahre-gewichtswaage-mit-kristallklare-led-und-step-on180kg-schwarz","status":"publish","type":"product","link":"https:\/\/marktxxl.de\/markt\/produkt\/vitafit-digitale-waage-personenwaage-engagement-in-hochpraezisionstechnologie-fuer-koerperwaage-ueber-20-jahre-gewichtswaage-mit-kristallklare-led-und-step-on180kg-schwarz\/","title":{"rendered":"Vitafit Digitale Waage Personenwaage, Engagement in Hochpr\u00e4zisionstechnologie f\u00fcr K\u00f6rperwaage \u00fcber 20 Jahre\u2026"},"content":{"rendered":"<p>Hochpr\u00e4zisionsgarantie: Mit mehr als 20 Jahren Erfahrung in der Waagenbranche haben wir die Waage mit der besten Technologie und Expertise entwickelt und garantieren eine hohe Genauigkeit von 0,1 lb\/0,05 kg w\u00e4hrend der gesamten Lebensdauer der Waage.<br \/>\nEinfach zu bedienen: Die waage personen verwendet up-to-date digitale Technologie, zusammen mit vielen freundlichen Funktionen, einschlie\u00dflich: Auto-Kalibrierung, Auto-Schritt auf, Auto-Power-Off, bequem gro\u00dfe Plattform in 11&#8221; x 11&#8221;, 3 * AAA-Batterien enthalten, 3-Einheiten-Schalter: lb \/ kg \/ st, und hohe Pr\u00e4zision in voller Wiegebereich.<br \/>\nLeicht sichtbare LED: Die digitale personenwaage ist mit einer kristallklaren LED in gro\u00dfer Zahlengr\u00f6\u00dfe ausgestattet, die speziell f\u00fcr die klare Anzeige von Zahlen unter allen Bedingungen entwickelt wurde und w\u00e4hrend der gesamten Lebensdauer der Batterien die gleiche Helligkeit beh\u00e4lt.<br \/>\nOriginales Design: Die Waage ist unser originelles Design mit der Idee: Modern und Elegant. Unser ganzes Team w\u00fcnscht sich aufrichtig, dass sie nicht nur die perfekte Waage f\u00fcr Ihr K\u00f6rpergewicht ist, sondern auch eine perfekte Dekoration in Ihrem Badezimmer, Schlafzimmer oder Wohnzimmer.<br \/>\n\u00dcber unsere Digitalwaage hinaus: Unsere Fabrik wurde im Jahr 2001 gegr\u00fcndet. Unser erstklassiges Qualit\u00e4ts- und Sozialmanagementsystem wurde von ISO und Social Accountability zertifiziert. Alle Vitafit-Produkte werden von unserem US-Kundendienstzentrum im Bundesstaat Missouri betreut. Vitafit: Inspiriert vom Leben, f\u00fcr ein besseres Leben.<br \/>\n<div class=\"main-cross-sell\" data-asin=\"B09FLN6TR5\">\n\n\t<div class=\"WooZone-cross-sell-loader\">\n\t\t<div>\n\t\t\t<div id=\"floatingBarsG\">\n\t\t\t\t<div class=\"blockG\" id=\"rotateG_01\"><\/div>\n\t\t\t\t<div class=\"blockG\" id=\"rotateG_02\"><\/div>\n\t\t\t\t<div class=\"blockG\" id=\"rotateG_03\"><\/div>\n\t\t\t\t<div class=\"blockG\" id=\"rotateG_04\"><\/div>\n\t\t\t\t<div class=\"blockG\" id=\"rotateG_05\"><\/div>\n\t\t\t\t<div class=\"blockG\" id=\"rotateG_06\"><\/div>\n\t\t\t\t<div class=\"blockG\" id=\"rotateG_07\"><\/div>\n\t\t\t\t<div class=\"blockG\" id=\"rotateG_08\"><\/div>\n\t\t\t<\/div>\n\t\t\t<div class=\"WooZone-cross-sell-loader-text\"><\/div>\n\t\t<\/div>\n\t<\/div>\n\n\t\t\n<\/div>\n<div style=\"clear:both;\"><\/div><\/p>\n","protected":false},"excerpt":{"rendered":"<p>Hochpr\u00e4zisionsgarantie: Mit mehr als 20 Jahren Erfahrung in der Waagenbranche haben wir die Waage mit der besten Technologie und Expertise entwickelt und garantieren eine hohe Genauigkeit von 0,1 lb\/0,05 kg w\u00e4hrend der gesamten Lebensdauer der Waage.<br \/>\nEinfach zu bedienen: Die waage personen verwendet up-to-date digitale Technologie, zusammen mit vielen freundlichen Funktionen, einschlie\u00dflich: Auto-Kalibrierung, Auto-Schritt auf, Auto-Power-Off, bequem gro\u00dfe Plattform in 11&#8221; x 11&#8221;, 3 * AAA-Batterien enthalten, 3-Einheiten-Schalter: lb \/ kg \/ st, und hohe Pr\u00e4zision in voller Wiegebereich.<br \/>\nLeicht sichtbare LED: Die digitale personenwaage ist mit einer kristallklaren LED in gro\u00dfer Zahlengr\u00f6\u00dfe ausgestattet, die speziell f\u00fcr die klare Anzeige von Zahlen unter allen Bedingungen entwickelt wurde und w\u00e4hrend der gesamten Lebensdauer der Batterien die gleiche Helligkeit beh\u00e4lt.<\/p>\n","protected":false},"featured_media":132260,"comment_status":"open","ping_status":"closed","template":"","meta":[],"product_brand":[],"product_cat":[566,5908],"product_tag":[],"class_list":{"0":"post-132259","1":"product","2":"type-product","3":"status-publish","4":"has-post-thumbnail","6":"product_cat-drogerie-koerperpflege","7":"product_cat-medizinische-geraete-verbrauchsmaterialien","8":"pa_binding-unbekannter-einband","9":"pa_brand-vitafit","10":"pa_color-schwarz","11":"pa_height-0-94488-zoll","12":"pa_length-11-0236-zoll","13":"pa_manufacturer-vitafit","14":"pa_model-vt727","15":"pa_width-11-0236-zoll","17":"first","18":"instock","19":"shipping-taxable","20":"purchasable","21":"product-type-simple","22":"customify-col","23":"product-has-gallery"},"yoast_head":"<!-- This site is optimized with the Yoast SEO plugin v27.4 - https:\/\/yoast.com\/product\/yoast-seo-wordpress\/ -->\n<title>Vitafit Digitale Waage Personenwaage, Engagement in Hochpr\u00e4zisionstechnologie f\u00fcr K\u00f6rperwaage \u00fcber 20 Jahre\u2026 - Markt-XXL<\/title>\n<meta name=\"description\" content=\"Markt-XXL Vitafit Digitale Waage Personenwaage, Engagement in Hochpr\u00e4zisionstechnologie f\u00fcr K\u00f6rperwaage \u00fcber 20 Jahre\u2026\" \/>\n<meta name=\"robots\" content=\"index, follow, max-snippet:-1, max-image-preview:large, max-video-preview:-1\" \/>\n<link rel=\"canonical\" href=\"https:\/\/marktxxl.de\/markt\/produkt\/vitafit-digitale-waage-personenwaage-engagement-in-hochpraezisionstechnologie-fuer-koerperwaage-ueber-20-jahre-gewichtswaage-mit-kristallklare-led-und-step-on180kg-schwarz\/\" \/>\n<meta property=\"og:locale\" content=\"de_DE\" \/>\n<meta property=\"og:type\" content=\"article\" \/>\n<meta property=\"og:title\" content=\"Vitafit Digitale Waage Personenwaage, Engagement in Hochpr\u00e4zisionstechnologie f\u00fcr K\u00f6rperwaage \u00fcber 20 Jahre\u2026 - Markt-XXL\" \/>\n<meta property=\"og:description\" content=\"Markt-XXL Vitafit Digitale Waage Personenwaage, Engagement in Hochpr\u00e4zisionstechnologie f\u00fcr K\u00f6rperwaage \u00fcber 20 Jahre\u2026\" \/>\n<meta property=\"og:url\" content=\"https:\/\/marktxxl.de\/markt\/produkt\/vitafit-digitale-waage-personenwaage-engagement-in-hochpraezisionstechnologie-fuer-koerperwaage-ueber-20-jahre-gewichtswaage-mit-kristallklare-led-und-step-on180kg-schwarz\/\" \/>\n<meta property=\"og:site_name\" content=\"Markt-XXL\" \/>\n<meta property=\"article:modified_time\" content=\"2023-04-11T02:06:10+00:00\" \/>\n<meta property=\"og:image\" content=\"https:\/\/m.media-amazon.com\/images\/I\/31H96k+jlyL._SL500_.jpg\" \/>\n\t<meta property=\"og:image:width\" content=\"500\" \/>\n\t<meta property=\"og:image:height\" content=\"500\" \/>\n\t<meta property=\"og:image:type\" content=\"image\/jpeg\" \/>\n<meta name=\"twitter:card\" content=\"summary_large_image\" \/>\n<meta name=\"twitter:label1\" content=\"Gesch\u00e4tzte Lesezeit\" \/>\n\t<meta name=\"twitter:data1\" content=\"1\u00a0Minute\" \/>\n<script type=\"application\/ld+json\" class=\"yoast-schema-graph\">{\"@context\":\"https:\\\/\\\/schema.org\",\"@graph\":[{\"@type\":\"WebPage\",\"@id\":\"https:\\\/\\\/marktxxl.de\\\/markt\\\/produkt\\\/vitafit-digitale-waage-personenwaage-engagement-in-hochpraezisionstechnologie-fuer-koerperwaage-ueber-20-jahre-gewichtswaage-mit-kristallklare-led-und-step-on180kg-schwarz\\\/\",\"url\":\"https:\\\/\\\/marktxxl.de\\\/markt\\\/produkt\\\/vitafit-digitale-waage-personenwaage-engagement-in-hochpraezisionstechnologie-fuer-koerperwaage-ueber-20-jahre-gewichtswaage-mit-kristallklare-led-und-step-on180kg-schwarz\\\/\",\"name\":\"Vitafit Digitale Waage Personenwaage, Engagement in Hochpr\u00e4zisionstechnologie f\u00fcr K\u00f6rperwaage \u00fcber 20 Jahre\u2026 - Markt-XXL\",\"isPartOf\":{\"@id\":\"https:\\\/\\\/marktxxl.de\\\/markt\\\/#website\"},\"primaryImageOfPage\":{\"@id\":\"https:\\\/\\\/marktxxl.de\\\/markt\\\/produkt\\\/vitafit-digitale-waage-personenwaage-engagement-in-hochpraezisionstechnologie-fuer-koerperwaage-ueber-20-jahre-gewichtswaage-mit-kristallklare-led-und-step-on180kg-schwarz\\\/#primaryimage\"},\"image\":{\"@id\":\"https:\\\/\\\/marktxxl.de\\\/markt\\\/produkt\\\/vitafit-digitale-waage-personenwaage-engagement-in-hochpraezisionstechnologie-fuer-koerperwaage-ueber-20-jahre-gewichtswaage-mit-kristallklare-led-und-step-on180kg-schwarz\\\/#primaryimage\"},\"thumbnailUrl\":\"https:\\\/\\\/m.media-amazon.com\\\/images\\\/I\\\/31H96k+jlyL._SL500_.jpg\",\"datePublished\":\"2022-06-14T06:35:08+00:00\",\"dateModified\":\"2023-04-11T02:06:10+00:00\",\"description\":\"Markt-XXL Vitafit Digitale Waage Personenwaage, Engagement in Hochpr\u00e4zisionstechnologie f\u00fcr K\u00f6rperwaage \u00fcber 20 Jahre\u2026\",\"breadcrumb\":{\"@id\":\"https:\\\/\\\/marktxxl.de\\\/markt\\\/produkt\\\/vitafit-digitale-waage-personenwaage-engagement-in-hochpraezisionstechnologie-fuer-koerperwaage-ueber-20-jahre-gewichtswaage-mit-kristallklare-led-und-step-on180kg-schwarz\\\/#breadcrumb\"},\"inLanguage\":\"de\",\"potentialAction\":[{\"@type\":\"ReadAction\",\"target\":[\"https:\\\/\\\/marktxxl.de\\\/markt\\\/produkt\\\/vitafit-digitale-waage-personenwaage-engagement-in-hochpraezisionstechnologie-fuer-koerperwaage-ueber-20-jahre-gewichtswaage-mit-kristallklare-led-und-step-on180kg-schwarz\\\/\"]}]},{\"@type\":\"ImageObject\",\"inLanguage\":\"de\",\"@id\":\"https:\\\/\\\/marktxxl.de\\\/markt\\\/produkt\\\/vitafit-digitale-waage-personenwaage-engagement-in-hochpraezisionstechnologie-fuer-koerperwaage-ueber-20-jahre-gewichtswaage-mit-kristallklare-led-und-step-on180kg-schwarz\\\/#primaryimage\",\"url\":\"https:\\\/\\\/m.media-amazon.com\\\/images\\\/I\\\/31H96k+jlyL._SL500_.jpg\",\"contentUrl\":\"https:\\\/\\\/m.media-amazon.com\\\/images\\\/I\\\/31H96k+jlyL._SL500_.jpg\",\"width\":500,\"height\":500},{\"@type\":\"BreadcrumbList\",\"@id\":\"https:\\\/\\\/marktxxl.de\\\/markt\\\/produkt\\\/vitafit-digitale-waage-personenwaage-engagement-in-hochpraezisionstechnologie-fuer-koerperwaage-ueber-20-jahre-gewichtswaage-mit-kristallklare-led-und-step-on180kg-schwarz\\\/#breadcrumb\",\"itemListElement\":[{\"@type\":\"ListItem\",\"position\":1,\"name\":\"Startseite\",\"item\":\"https:\\\/\\\/marktxxl.de\\\/markt\\\/\"},{\"@type\":\"ListItem\",\"position\":2,\"name\":\"Markt\",\"item\":\"https:\\\/\\\/marktxxl.de\\\/markt\\\/\"},{\"@type\":\"ListItem\",\"position\":3,\"name\":\"Vitafit Digitale Waage Personenwaage, Engagement in Hochpr\u00e4zisionstechnologie f\u00fcr K\u00f6rperwaage \u00fcber 20 Jahre\u2026\"}]},{\"@type\":\"WebSite\",\"@id\":\"https:\\\/\\\/marktxxl.de\\\/markt\\\/#website\",\"url\":\"https:\\\/\\\/marktxxl.de\\\/markt\\\/\",\"name\":\"Markt-XXL\",\"description\":\"Ihr Markt Online\",\"publisher\":{\"@id\":\"https:\\\/\\\/marktxxl.de\\\/markt\\\/#organization\"},\"potentialAction\":[{\"@type\":\"SearchAction\",\"target\":{\"@type\":\"EntryPoint\",\"urlTemplate\":\"https:\\\/\\\/marktxxl.de\\\/markt\\\/?s={search_term_string}\"},\"query-input\":{\"@type\":\"PropertyValueSpecification\",\"valueRequired\":true,\"valueName\":\"search_term_string\"}}],\"inLanguage\":\"de\"},{\"@type\":\"Organization\",\"@id\":\"https:\\\/\\\/marktxxl.de\\\/markt\\\/#organization\",\"name\":\"Markt-XXL\",\"url\":\"https:\\\/\\\/marktxxl.de\\\/markt\\\/\",\"logo\":{\"@type\":\"ImageObject\",\"inLanguage\":\"de\",\"@id\":\"https:\\\/\\\/marktxxl.de\\\/markt\\\/#\\\/schema\\\/logo\\\/image\\\/\",\"url\":\"https:\\\/\\\/marktxxl.de\\\/markt\\\/wp-content\\\/uploads\\\/sites\\\/3\\\/2020\\\/12\\\/logo.png\",\"contentUrl\":\"https:\\\/\\\/marktxxl.de\\\/markt\\\/wp-content\\\/uploads\\\/sites\\\/3\\\/2020\\\/12\\\/logo.png\",\"width\":200,\"height\":70,\"caption\":\"Markt-XXL\"},\"image\":{\"@id\":\"https:\\\/\\\/marktxxl.de\\\/markt\\\/#\\\/schema\\\/logo\\\/image\\\/\"}}]}<\/script>\n<!-- \/ Yoast SEO plugin. -->","yoast_head_json":{"title":"Vitafit Digitale Waage Personenwaage, Engagement in Hochpr\u00e4zisionstechnologie f\u00fcr K\u00f6rperwaage \u00fcber 20 Jahre\u2026 - Markt-XXL","description":"Markt-XXL Vitafit Digitale Waage Personenwaage, Engagement in Hochpr\u00e4zisionstechnologie f\u00fcr K\u00f6rperwaage \u00fcber 20 Jahre\u2026","robots":{"index":"index","follow":"follow","max-snippet":"max-snippet:-1","max-image-preview":"max-image-preview:large","max-video-preview":"max-video-preview:-1"},"canonical":"https:\/\/marktxxl.de\/markt\/produkt\/vitafit-digitale-waage-personenwaage-engagement-in-hochpraezisionstechnologie-fuer-koerperwaage-ueber-20-jahre-gewichtswaage-mit-kristallklare-led-und-step-on180kg-schwarz\/","og_locale":"de_DE","og_type":"article","og_title":"Vitafit Digitale Waage Personenwaage, Engagement in Hochpr\u00e4zisionstechnologie f\u00fcr K\u00f6rperwaage \u00fcber 20 Jahre\u2026 - Markt-XXL","og_description":"Markt-XXL Vitafit Digitale Waage Personenwaage, Engagement in Hochpr\u00e4zisionstechnologie f\u00fcr K\u00f6rperwaage \u00fcber 20 Jahre\u2026","og_url":"https:\/\/marktxxl.de\/markt\/produkt\/vitafit-digitale-waage-personenwaage-engagement-in-hochpraezisionstechnologie-fuer-koerperwaage-ueber-20-jahre-gewichtswaage-mit-kristallklare-led-und-step-on180kg-schwarz\/","og_site_name":"Markt-XXL","article_modified_time":"2023-04-11T02:06:10+00:00","og_image":[{"width":500,"height":500,"url":"https:\/\/m.media-amazon.com\/images\/I\/31H96k+jlyL._SL500_.jpg","type":"image\/jpeg"}],"twitter_card":"summary_large_image","twitter_misc":{"Gesch\u00e4tzte Lesezeit":"1\u00a0Minute"},"schema":{"@context":"https:\/\/schema.org","@graph":[{"@type":"WebPage","@id":"https:\/\/marktxxl.de\/markt\/produkt\/vitafit-digitale-waage-personenwaage-engagement-in-hochpraezisionstechnologie-fuer-koerperwaage-ueber-20-jahre-gewichtswaage-mit-kristallklare-led-und-step-on180kg-schwarz\/","url":"https:\/\/marktxxl.de\/markt\/produkt\/vitafit-digitale-waage-personenwaage-engagement-in-hochpraezisionstechnologie-fuer-koerperwaage-ueber-20-jahre-gewichtswaage-mit-kristallklare-led-und-step-on180kg-schwarz\/","name":"Vitafit Digitale Waage Personenwaage, Engagement in Hochpr\u00e4zisionstechnologie f\u00fcr K\u00f6rperwaage \u00fcber 20 Jahre\u2026 - Markt-XXL","isPartOf":{"@id":"https:\/\/marktxxl.de\/markt\/#website"},"primaryImageOfPage":{"@id":"https:\/\/marktxxl.de\/markt\/produkt\/vitafit-digitale-waage-personenwaage-engagement-in-hochpraezisionstechnologie-fuer-koerperwaage-ueber-20-jahre-gewichtswaage-mit-kristallklare-led-und-step-on180kg-schwarz\/#primaryimage"},"image":{"@id":"https:\/\/marktxxl.de\/markt\/produkt\/vitafit-digitale-waage-personenwaage-engagement-in-hochpraezisionstechnologie-fuer-koerperwaage-ueber-20-jahre-gewichtswaage-mit-kristallklare-led-und-step-on180kg-schwarz\/#primaryimage"},"thumbnailUrl":"https:\/\/m.media-amazon.com\/images\/I\/31H96k+jlyL._SL500_.jpg","datePublished":"2022-06-14T06:35:08+00:00","dateModified":"2023-04-11T02:06:10+00:00","description":"Markt-XXL Vitafit Digitale Waage Personenwaage, Engagement in Hochpr\u00e4zisionstechnologie f\u00fcr K\u00f6rperwaage \u00fcber 20 Jahre\u2026","breadcrumb":{"@id":"https:\/\/marktxxl.de\/markt\/produkt\/vitafit-digitale-waage-personenwaage-engagement-in-hochpraezisionstechnologie-fuer-koerperwaage-ueber-20-jahre-gewichtswaage-mit-kristallklare-led-und-step-on180kg-schwarz\/#breadcrumb"},"inLanguage":"de","potentialAction":[{"@type":"ReadAction","target":["https:\/\/marktxxl.de\/markt\/produkt\/vitafit-digitale-waage-personenwaage-engagement-in-hochpraezisionstechnologie-fuer-koerperwaage-ueber-20-jahre-gewichtswaage-mit-kristallklare-led-und-step-on180kg-schwarz\/"]}]},{"@type":"ImageObject","inLanguage":"de","@id":"https:\/\/marktxxl.de\/markt\/produkt\/vitafit-digitale-waage-personenwaage-engagement-in-hochpraezisionstechnologie-fuer-koerperwaage-ueber-20-jahre-gewichtswaage-mit-kristallklare-led-und-step-on180kg-schwarz\/#primaryimage","url":"https:\/\/m.media-amazon.com\/images\/I\/31H96k+jlyL._SL500_.jpg","contentUrl":"https:\/\/m.media-amazon.com\/images\/I\/31H96k+jlyL._SL500_.jpg","width":500,"height":500},{"@type":"BreadcrumbList","@id":"https:\/\/marktxxl.de\/markt\/produkt\/vitafit-digitale-waage-personenwaage-engagement-in-hochpraezisionstechnologie-fuer-koerperwaage-ueber-20-jahre-gewichtswaage-mit-kristallklare-led-und-step-on180kg-schwarz\/#breadcrumb","itemListElement":[{"@type":"ListItem","position":1,"name":"Startseite","item":"https:\/\/marktxxl.de\/markt\/"},{"@type":"ListItem","position":2,"name":"Markt","item":"https:\/\/marktxxl.de\/markt\/"},{"@type":"ListItem","position":3,"name":"Vitafit Digitale Waage Personenwaage, Engagement in Hochpr\u00e4zisionstechnologie f\u00fcr K\u00f6rperwaage \u00fcber 20 Jahre\u2026"}]},{"@type":"WebSite","@id":"https:\/\/marktxxl.de\/markt\/#website","url":"https:\/\/marktxxl.de\/markt\/","name":"Markt-XXL","description":"Ihr Markt Online","publisher":{"@id":"https:\/\/marktxxl.de\/markt\/#organization"},"potentialAction":[{"@type":"SearchAction","target":{"@type":"EntryPoint","urlTemplate":"https:\/\/marktxxl.de\/markt\/?s={search_term_string}"},"query-input":{"@type":"PropertyValueSpecification","valueRequired":true,"valueName":"search_term_string"}}],"inLanguage":"de"},{"@type":"Organization","@id":"https:\/\/marktxxl.de\/markt\/#organization","name":"Markt-XXL","url":"https:\/\/marktxxl.de\/markt\/","logo":{"@type":"ImageObject","inLanguage":"de","@id":"https:\/\/marktxxl.de\/markt\/#\/schema\/logo\/image\/","url":"https:\/\/marktxxl.de\/markt\/wp-content\/uploads\/sites\/3\/2020\/12\/logo.png","contentUrl":"https:\/\/marktxxl.de\/markt\/wp-content\/uploads\/sites\/3\/2020\/12\/logo.png","width":200,"height":70,"caption":"Markt-XXL"},"image":{"@id":"https:\/\/marktxxl.de\/markt\/#\/schema\/logo\/image\/"}}]}},"_links":{"self":[{"href":"https:\/\/marktxxl.de\/markt\/wp-json\/wp\/v2\/product\/132259","targetHints":{"allow":["GET"]}}],"collection":[{"href":"https:\/\/marktxxl.de\/markt\/wp-json\/wp\/v2\/product"}],"about":[{"href":"https:\/\/marktxxl.de\/markt\/wp-json\/wp\/v2\/types\/product"}],"replies":[{"embeddable":true,"href":"https:\/\/marktxxl.de\/markt\/wp-json\/wp\/v2\/comments?post=132259"}],"wp:featuredmedia":[{"embeddable":true,"href":"https:\/\/marktxxl.de\/markt\/wp-json\/wp\/v2\/media\/132260"}],"wp:attachment":[{"href":"https:\/\/marktxxl.de\/markt\/wp-json\/wp\/v2\/media?parent=132259"}],"wp:term":[{"taxonomy":"product_brand","embeddable":true,"href":"https:\/\/marktxxl.de\/markt\/wp-json\/wp\/v2\/product_brand?post=132259"},{"taxonomy":"product_cat","embeddable":true,"href":"https:\/\/marktxxl.de\/markt\/wp-json\/wp\/v2\/product_cat?post=132259"},{"taxonomy":"product_tag","embeddable":true,"href":"https:\/\/marktxxl.de\/markt\/wp-json\/wp\/v2\/product_tag?post=132259"}],"curies":[{"name":"wp","href":"https:\/\/api.w.org\/{rel}","templated":true}]}}