{"id":132223,"date":"2022-06-14T08:32:08","date_gmt":"2022-06-14T06:32:08","guid":{"rendered":"https:\/\/marktxxl.de\/markt\/produkt\/leistung-7-mm-knie-fuer-die-powerlifting-bodybuilding-gewichtheben-professionelle-qualitaet-ultra-robuste-paar-von-stoiker\/"},"modified":"2023-04-11T04:06:10","modified_gmt":"2023-04-11T02:06:10","slug":"leistung-7-mm-knie-fuer-die-powerlifting-bodybuilding-gewichtheben-professionelle-qualitaet-ultra-robuste-paar-von-stoiker","status":"publish","type":"product","link":"https:\/\/marktxxl.de\/markt\/produkt\/leistung-7-mm-knie-fuer-die-powerlifting-bodybuilding-gewichtheben-professionelle-qualitaet-ultra-robuste-paar-von-stoiker\/","title":{"rendered":"Leistung 7\u00a0mm Knie f\u00fcr die Powerlifting, Bodybuilding, Gewichtheben,\u00a0\u2013\u00a0Professionelle Qualit\u00e4t &amp; Ultra robuste (Paar) von stoiker"},"content":{"rendered":"<p>Next Level Beintrainer, Zweck gebaut, um schwere Gewichte, mehr Wiederholungen, und mehr Intensit\u00e4t Hit. Speziell f\u00fcr optimale Leistung und Unterst\u00fctzung f\u00fcr das Fahren mehr Anreiz und Progression. Erleben Sie neue pers\u00f6nliche Aufzeichnungen bei gleichzeitiger Verringerung oder Beseitigung Knie Schmerzen. Verkauft als Paar.<br \/>\nKnie Schmerzlinderung &amp; Schutz\u00a0\u2013\u00a0h\u00e4lt Knie Kompression durch die volle Spektrum der Bewegung. Im Gegensatz zu anderen Bein \u00c4rmel Design f\u00fcr Komfort, diese \u00c4rmel sind f\u00fcr mehr Unterst\u00fctzung, W\u00e4rme und Kompression, w\u00e4hrend Training. Die zus\u00e4tzlichen W\u00e4rmer\u00fcckhalt und durch unsere einzigartige Ultra-High-Dichte 7\u00a0mm starkes Neopren Kompression kann drastisch reduzieren Schmerzen und Beschwerden w\u00e4hrend der \u00dcbung.<br \/>\nH\u00f6chster Klasse Materialien, schwerste Duty\u00a0\u2013\u00a0Built to Outlast jeglichen anderen Knie \u00c4rmel auf dem Markt mit zum Patent angemeldete Bauweise. Unsere Knee Sleeves sind 100% garantiert zu \u00fcbertreffen und l\u00e4nger als auch die teuersten Knie \u00c4rmel auf dem Markt. Sie werden den Unterschied f\u00fchlen.<br \/>\nUnzerbrechliche Konstruktion, garantiert\u00a0\u2013\u00a0der zum Patent angemeldeten dreifach verst\u00e4rkte Naht bietet die st\u00e4rkste Stich je verwendet auf einem Knie \u00c4rmel. Die Verwendung der h\u00f6chsten Klasse rei\u00dffest Materialien verwendet, die sowohl innen und au\u00dfen macht diese \u00c4rmel gebaut, um letzte. Wir sind zuversichtlich, sie absolut lieben unsere Knee Sleeves\u00a0\u2013\u00a0oder einer unserer anderen Produkte. Wenn Sie nicht 100% zufrieden ist, irgendwie kontaktieren Sie uns.<br \/>\nExtra L\u00e4nge, komplette Abdeckung\u00a0\u2013\u00a0jede Gr\u00f6\u00dfe \u00c4rmel kommt in Full 30\u00a0cm L\u00e4nge f\u00fcr maximalen Schutz und Unterst\u00fctzung. Unsere Knee Sleeves sind entworfen, um mehr W\u00e4rme und Kompression durch die Kniegelenke und umliegenden Muskeln. Hinweis: Aufgrund der L\u00e4nge und St\u00e4rke der verwendeten Materialien, engen \u00c4rmeln kann sehr schwierig anzuwenden. Bitte siehe Richtungen zum Anbringen und Entfernen.<br \/>\n<div class=\"main-cross-sell\" data-asin=\"B074RGVYL1\">\n\n\t<div class=\"WooZone-cross-sell-loader\">\n\t\t<div>\n\t\t\t<div id=\"floatingBarsG\">\n\t\t\t\t<div class=\"blockG\" id=\"rotateG_01\"><\/div>\n\t\t\t\t<div class=\"blockG\" id=\"rotateG_02\"><\/div>\n\t\t\t\t<div class=\"blockG\" id=\"rotateG_03\"><\/div>\n\t\t\t\t<div class=\"blockG\" id=\"rotateG_04\"><\/div>\n\t\t\t\t<div class=\"blockG\" id=\"rotateG_05\"><\/div>\n\t\t\t\t<div class=\"blockG\" id=\"rotateG_06\"><\/div>\n\t\t\t\t<div class=\"blockG\" id=\"rotateG_07\"><\/div>\n\t\t\t\t<div class=\"blockG\" id=\"rotateG_08\"><\/div>\n\t\t\t<\/div>\n\t\t\t<div class=\"WooZone-cross-sell-loader-text\"><\/div>\n\t\t<\/div>\n\t<\/div>\n\n\t\t\n<\/div>\n<div style=\"clear:both;\"><\/div><\/p>\n","protected":false},"excerpt":{"rendered":"<p>Next Level Beintrainer, Zweck gebaut, um schwere Gewichte, mehr Wiederholungen, und mehr Intensit\u00e4t Hit. Speziell f\u00fcr optimale Leistung und Unterst\u00fctzung f\u00fcr das Fahren mehr Anreiz und Progression. Erleben Sie neue pers\u00f6nliche Aufzeichnungen bei gleichzeitiger Verringerung oder Beseitigung Knie Schmerzen. Verkauft als Paar.<br \/>\nKnie Schmerzlinderung &amp; Schutz\u00a0\u2013\u00a0h\u00e4lt Knie Kompression durch die volle Spektrum der Bewegung. Im Gegensatz zu anderen Bein \u00c4rmel Design f\u00fcr Komfort, diese \u00c4rmel sind f\u00fcr mehr Unterst\u00fctzung, W\u00e4rme und Kompression, w\u00e4hrend Training. Die zus\u00e4tzlichen W\u00e4rmer\u00fcckhalt und durch unsere einzigartige Ultra-High-Dichte 7\u00a0mm starkes Neopren Kompression kann drastisch reduzieren Schmerzen und Beschwerden w\u00e4hrend der \u00dcbung.<br \/>\nH\u00f6chster Klasse Materialien, schwerste Duty\u00a0\u2013\u00a0Built to Outlast jeglichen anderen Knie \u00c4rmel auf dem Markt mit zum Patent angemeldete Bauweise. Unsere Knee Sleeves sind 100% garantiert zu \u00fcbertreffen und l\u00e4nger als auch die teuersten Knie \u00c4rmel auf dem Markt. Sie werden den Unterschied f\u00fchlen.<\/p>\n","protected":false},"featured_media":132224,"comment_status":"open","ping_status":"closed","template":"","meta":[],"product_brand":[],"product_cat":[566,5908],"product_tag":[],"class_list":{"0":"post-132223","1":"product","2":"type-product","3":"status-publish","4":"has-post-thumbnail","6":"product_cat-drogerie-koerperpflege","7":"product_cat-medizinische-geraete-verbrauchsmaterialien","8":"pa_binding-misc","9":"pa_brand-stoic","10":"pa_manufacturer-stoic","12":"first","13":"instock","14":"shipping-taxable","15":"purchasable","16":"product-type-simple","17":"customify-col","18":"product-has-gallery"},"yoast_head":"<!-- This site is optimized with the Yoast SEO plugin v27.4 - https:\/\/yoast.com\/product\/yoast-seo-wordpress\/ -->\n<title>Leistung 7\u00a0mm Knie f\u00fcr die Powerlifting, Bodybuilding, Gewichtheben,\u00a0\u2013\u00a0Professionelle Qualit\u00e4t &amp; Ultra robuste (Paar) von stoiker - Markt-XXL<\/title>\n<meta name=\"description\" content=\"Markt-XXL Leistung 7\u00a0mm Knie f\u00fcr die Powerlifting, Bodybuilding, Gewichtheben,\u00a0\u2013\u00a0Professionelle Qualit\u00e4t &amp; Ultra robuste (Paar) von stoiker\" \/>\n<meta name=\"robots\" content=\"index, follow, max-snippet:-1, max-image-preview:large, max-video-preview:-1\" \/>\n<link rel=\"canonical\" href=\"https:\/\/marktxxl.de\/markt\/produkt\/leistung-7-mm-knie-fuer-die-powerlifting-bodybuilding-gewichtheben-professionelle-qualitaet-ultra-robuste-paar-von-stoiker\/\" \/>\n<meta property=\"og:locale\" content=\"de_DE\" \/>\n<meta property=\"og:type\" content=\"article\" \/>\n<meta property=\"og:title\" content=\"Leistung 7\u00a0mm Knie f\u00fcr die Powerlifting, Bodybuilding, Gewichtheben,\u00a0\u2013\u00a0Professionelle Qualit\u00e4t &amp; Ultra robuste (Paar) von stoiker - Markt-XXL\" \/>\n<meta property=\"og:description\" content=\"Markt-XXL Leistung 7\u00a0mm Knie f\u00fcr die Powerlifting, Bodybuilding, Gewichtheben,\u00a0\u2013\u00a0Professionelle Qualit\u00e4t &amp; Ultra robuste (Paar) von stoiker\" \/>\n<meta property=\"og:url\" content=\"https:\/\/marktxxl.de\/markt\/produkt\/leistung-7-mm-knie-fuer-die-powerlifting-bodybuilding-gewichtheben-professionelle-qualitaet-ultra-robuste-paar-von-stoiker\/\" \/>\n<meta property=\"og:site_name\" content=\"Markt-XXL\" \/>\n<meta property=\"article:modified_time\" content=\"2023-04-11T02:06:10+00:00\" \/>\n<meta property=\"og:image\" content=\"https:\/\/m.media-amazon.com\/images\/I\/41kni5ILVIL._SL500_.jpg\" \/>\n\t<meta property=\"og:image:width\" content=\"500\" \/>\n\t<meta property=\"og:image:height\" content=\"500\" \/>\n\t<meta property=\"og:image:type\" content=\"image\/jpeg\" \/>\n<meta name=\"twitter:card\" content=\"summary_large_image\" \/>\n<meta name=\"twitter:label1\" content=\"Gesch\u00e4tzte Lesezeit\" \/>\n\t<meta name=\"twitter:data1\" content=\"1\u00a0Minute\" \/>\n<script type=\"application\/ld+json\" class=\"yoast-schema-graph\">{\"@context\":\"https:\\\/\\\/schema.org\",\"@graph\":[{\"@type\":\"WebPage\",\"@id\":\"https:\\\/\\\/marktxxl.de\\\/markt\\\/produkt\\\/leistung-7-mm-knie-fuer-die-powerlifting-bodybuilding-gewichtheben-professionelle-qualitaet-ultra-robuste-paar-von-stoiker\\\/\",\"url\":\"https:\\\/\\\/marktxxl.de\\\/markt\\\/produkt\\\/leistung-7-mm-knie-fuer-die-powerlifting-bodybuilding-gewichtheben-professionelle-qualitaet-ultra-robuste-paar-von-stoiker\\\/\",\"name\":\"Leistung 7\u00a0mm Knie f\u00fcr die Powerlifting, Bodybuilding, Gewichtheben,\u00a0\u2013\u00a0Professionelle Qualit\u00e4t &amp; Ultra robuste (Paar) von stoiker - Markt-XXL\",\"isPartOf\":{\"@id\":\"https:\\\/\\\/marktxxl.de\\\/markt\\\/#website\"},\"primaryImageOfPage\":{\"@id\":\"https:\\\/\\\/marktxxl.de\\\/markt\\\/produkt\\\/leistung-7-mm-knie-fuer-die-powerlifting-bodybuilding-gewichtheben-professionelle-qualitaet-ultra-robuste-paar-von-stoiker\\\/#primaryimage\"},\"image\":{\"@id\":\"https:\\\/\\\/marktxxl.de\\\/markt\\\/produkt\\\/leistung-7-mm-knie-fuer-die-powerlifting-bodybuilding-gewichtheben-professionelle-qualitaet-ultra-robuste-paar-von-stoiker\\\/#primaryimage\"},\"thumbnailUrl\":\"https:\\\/\\\/m.media-amazon.com\\\/images\\\/I\\\/41kni5ILVIL._SL500_.jpg\",\"datePublished\":\"2022-06-14T06:32:08+00:00\",\"dateModified\":\"2023-04-11T02:06:10+00:00\",\"description\":\"Markt-XXL Leistung 7\u00a0mm Knie f\u00fcr die Powerlifting, Bodybuilding, Gewichtheben,\u00a0\u2013\u00a0Professionelle Qualit\u00e4t &amp; Ultra robuste (Paar) von stoiker\",\"breadcrumb\":{\"@id\":\"https:\\\/\\\/marktxxl.de\\\/markt\\\/produkt\\\/leistung-7-mm-knie-fuer-die-powerlifting-bodybuilding-gewichtheben-professionelle-qualitaet-ultra-robuste-paar-von-stoiker\\\/#breadcrumb\"},\"inLanguage\":\"de\",\"potentialAction\":[{\"@type\":\"ReadAction\",\"target\":[\"https:\\\/\\\/marktxxl.de\\\/markt\\\/produkt\\\/leistung-7-mm-knie-fuer-die-powerlifting-bodybuilding-gewichtheben-professionelle-qualitaet-ultra-robuste-paar-von-stoiker\\\/\"]}]},{\"@type\":\"ImageObject\",\"inLanguage\":\"de\",\"@id\":\"https:\\\/\\\/marktxxl.de\\\/markt\\\/produkt\\\/leistung-7-mm-knie-fuer-die-powerlifting-bodybuilding-gewichtheben-professionelle-qualitaet-ultra-robuste-paar-von-stoiker\\\/#primaryimage\",\"url\":\"https:\\\/\\\/m.media-amazon.com\\\/images\\\/I\\\/41kni5ILVIL._SL500_.jpg\",\"contentUrl\":\"https:\\\/\\\/m.media-amazon.com\\\/images\\\/I\\\/41kni5ILVIL._SL500_.jpg\",\"width\":500,\"height\":500},{\"@type\":\"BreadcrumbList\",\"@id\":\"https:\\\/\\\/marktxxl.de\\\/markt\\\/produkt\\\/leistung-7-mm-knie-fuer-die-powerlifting-bodybuilding-gewichtheben-professionelle-qualitaet-ultra-robuste-paar-von-stoiker\\\/#breadcrumb\",\"itemListElement\":[{\"@type\":\"ListItem\",\"position\":1,\"name\":\"Startseite\",\"item\":\"https:\\\/\\\/marktxxl.de\\\/markt\\\/\"},{\"@type\":\"ListItem\",\"position\":2,\"name\":\"Markt\",\"item\":\"https:\\\/\\\/marktxxl.de\\\/markt\\\/\"},{\"@type\":\"ListItem\",\"position\":3,\"name\":\"Leistung 7\u00a0mm Knie f\u00fcr die Powerlifting, Bodybuilding, Gewichtheben,\u00a0\u2013\u00a0Professionelle Qualit\u00e4t &amp; Ultra robuste (Paar) von stoiker\"}]},{\"@type\":\"WebSite\",\"@id\":\"https:\\\/\\\/marktxxl.de\\\/markt\\\/#website\",\"url\":\"https:\\\/\\\/marktxxl.de\\\/markt\\\/\",\"name\":\"Markt-XXL\",\"description\":\"Ihr Markt Online\",\"publisher\":{\"@id\":\"https:\\\/\\\/marktxxl.de\\\/markt\\\/#organization\"},\"potentialAction\":[{\"@type\":\"SearchAction\",\"target\":{\"@type\":\"EntryPoint\",\"urlTemplate\":\"https:\\\/\\\/marktxxl.de\\\/markt\\\/?s={search_term_string}\"},\"query-input\":{\"@type\":\"PropertyValueSpecification\",\"valueRequired\":true,\"valueName\":\"search_term_string\"}}],\"inLanguage\":\"de\"},{\"@type\":\"Organization\",\"@id\":\"https:\\\/\\\/marktxxl.de\\\/markt\\\/#organization\",\"name\":\"Markt-XXL\",\"url\":\"https:\\\/\\\/marktxxl.de\\\/markt\\\/\",\"logo\":{\"@type\":\"ImageObject\",\"inLanguage\":\"de\",\"@id\":\"https:\\\/\\\/marktxxl.de\\\/markt\\\/#\\\/schema\\\/logo\\\/image\\\/\",\"url\":\"https:\\\/\\\/marktxxl.de\\\/markt\\\/wp-content\\\/uploads\\\/sites\\\/3\\\/2020\\\/12\\\/logo.png\",\"contentUrl\":\"https:\\\/\\\/marktxxl.de\\\/markt\\\/wp-content\\\/uploads\\\/sites\\\/3\\\/2020\\\/12\\\/logo.png\",\"width\":200,\"height\":70,\"caption\":\"Markt-XXL\"},\"image\":{\"@id\":\"https:\\\/\\\/marktxxl.de\\\/markt\\\/#\\\/schema\\\/logo\\\/image\\\/\"}}]}<\/script>\n<!-- \/ Yoast SEO plugin. -->","yoast_head_json":{"title":"Leistung 7\u00a0mm Knie f\u00fcr die Powerlifting, Bodybuilding, Gewichtheben,\u00a0\u2013\u00a0Professionelle Qualit\u00e4t &amp; Ultra robuste (Paar) von stoiker - Markt-XXL","description":"Markt-XXL Leistung 7\u00a0mm Knie f\u00fcr die Powerlifting, Bodybuilding, Gewichtheben,\u00a0\u2013\u00a0Professionelle Qualit\u00e4t &amp; Ultra robuste (Paar) von stoiker","robots":{"index":"index","follow":"follow","max-snippet":"max-snippet:-1","max-image-preview":"max-image-preview:large","max-video-preview":"max-video-preview:-1"},"canonical":"https:\/\/marktxxl.de\/markt\/produkt\/leistung-7-mm-knie-fuer-die-powerlifting-bodybuilding-gewichtheben-professionelle-qualitaet-ultra-robuste-paar-von-stoiker\/","og_locale":"de_DE","og_type":"article","og_title":"Leistung 7\u00a0mm Knie f\u00fcr die Powerlifting, Bodybuilding, Gewichtheben,\u00a0\u2013\u00a0Professionelle Qualit\u00e4t &amp; Ultra robuste (Paar) von stoiker - Markt-XXL","og_description":"Markt-XXL Leistung 7\u00a0mm Knie f\u00fcr die Powerlifting, Bodybuilding, Gewichtheben,\u00a0\u2013\u00a0Professionelle Qualit\u00e4t &amp; Ultra robuste (Paar) von stoiker","og_url":"https:\/\/marktxxl.de\/markt\/produkt\/leistung-7-mm-knie-fuer-die-powerlifting-bodybuilding-gewichtheben-professionelle-qualitaet-ultra-robuste-paar-von-stoiker\/","og_site_name":"Markt-XXL","article_modified_time":"2023-04-11T02:06:10+00:00","og_image":[{"width":500,"height":500,"url":"https:\/\/m.media-amazon.com\/images\/I\/41kni5ILVIL._SL500_.jpg","type":"image\/jpeg"}],"twitter_card":"summary_large_image","twitter_misc":{"Gesch\u00e4tzte Lesezeit":"1\u00a0Minute"},"schema":{"@context":"https:\/\/schema.org","@graph":[{"@type":"WebPage","@id":"https:\/\/marktxxl.de\/markt\/produkt\/leistung-7-mm-knie-fuer-die-powerlifting-bodybuilding-gewichtheben-professionelle-qualitaet-ultra-robuste-paar-von-stoiker\/","url":"https:\/\/marktxxl.de\/markt\/produkt\/leistung-7-mm-knie-fuer-die-powerlifting-bodybuilding-gewichtheben-professionelle-qualitaet-ultra-robuste-paar-von-stoiker\/","name":"Leistung 7\u00a0mm Knie f\u00fcr die Powerlifting, Bodybuilding, Gewichtheben,\u00a0\u2013\u00a0Professionelle Qualit\u00e4t &amp; Ultra robuste (Paar) von stoiker - Markt-XXL","isPartOf":{"@id":"https:\/\/marktxxl.de\/markt\/#website"},"primaryImageOfPage":{"@id":"https:\/\/marktxxl.de\/markt\/produkt\/leistung-7-mm-knie-fuer-die-powerlifting-bodybuilding-gewichtheben-professionelle-qualitaet-ultra-robuste-paar-von-stoiker\/#primaryimage"},"image":{"@id":"https:\/\/marktxxl.de\/markt\/produkt\/leistung-7-mm-knie-fuer-die-powerlifting-bodybuilding-gewichtheben-professionelle-qualitaet-ultra-robuste-paar-von-stoiker\/#primaryimage"},"thumbnailUrl":"https:\/\/m.media-amazon.com\/images\/I\/41kni5ILVIL._SL500_.jpg","datePublished":"2022-06-14T06:32:08+00:00","dateModified":"2023-04-11T02:06:10+00:00","description":"Markt-XXL Leistung 7\u00a0mm Knie f\u00fcr die Powerlifting, Bodybuilding, Gewichtheben,\u00a0\u2013\u00a0Professionelle Qualit\u00e4t &amp; Ultra robuste (Paar) von stoiker","breadcrumb":{"@id":"https:\/\/marktxxl.de\/markt\/produkt\/leistung-7-mm-knie-fuer-die-powerlifting-bodybuilding-gewichtheben-professionelle-qualitaet-ultra-robuste-paar-von-stoiker\/#breadcrumb"},"inLanguage":"de","potentialAction":[{"@type":"ReadAction","target":["https:\/\/marktxxl.de\/markt\/produkt\/leistung-7-mm-knie-fuer-die-powerlifting-bodybuilding-gewichtheben-professionelle-qualitaet-ultra-robuste-paar-von-stoiker\/"]}]},{"@type":"ImageObject","inLanguage":"de","@id":"https:\/\/marktxxl.de\/markt\/produkt\/leistung-7-mm-knie-fuer-die-powerlifting-bodybuilding-gewichtheben-professionelle-qualitaet-ultra-robuste-paar-von-stoiker\/#primaryimage","url":"https:\/\/m.media-amazon.com\/images\/I\/41kni5ILVIL._SL500_.jpg","contentUrl":"https:\/\/m.media-amazon.com\/images\/I\/41kni5ILVIL._SL500_.jpg","width":500,"height":500},{"@type":"BreadcrumbList","@id":"https:\/\/marktxxl.de\/markt\/produkt\/leistung-7-mm-knie-fuer-die-powerlifting-bodybuilding-gewichtheben-professionelle-qualitaet-ultra-robuste-paar-von-stoiker\/#breadcrumb","itemListElement":[{"@type":"ListItem","position":1,"name":"Startseite","item":"https:\/\/marktxxl.de\/markt\/"},{"@type":"ListItem","position":2,"name":"Markt","item":"https:\/\/marktxxl.de\/markt\/"},{"@type":"ListItem","position":3,"name":"Leistung 7\u00a0mm Knie f\u00fcr die Powerlifting, Bodybuilding, Gewichtheben,\u00a0\u2013\u00a0Professionelle Qualit\u00e4t &amp; Ultra robuste (Paar) von stoiker"}]},{"@type":"WebSite","@id":"https:\/\/marktxxl.de\/markt\/#website","url":"https:\/\/marktxxl.de\/markt\/","name":"Markt-XXL","description":"Ihr Markt Online","publisher":{"@id":"https:\/\/marktxxl.de\/markt\/#organization"},"potentialAction":[{"@type":"SearchAction","target":{"@type":"EntryPoint","urlTemplate":"https:\/\/marktxxl.de\/markt\/?s={search_term_string}"},"query-input":{"@type":"PropertyValueSpecification","valueRequired":true,"valueName":"search_term_string"}}],"inLanguage":"de"},{"@type":"Organization","@id":"https:\/\/marktxxl.de\/markt\/#organization","name":"Markt-XXL","url":"https:\/\/marktxxl.de\/markt\/","logo":{"@type":"ImageObject","inLanguage":"de","@id":"https:\/\/marktxxl.de\/markt\/#\/schema\/logo\/image\/","url":"https:\/\/marktxxl.de\/markt\/wp-content\/uploads\/sites\/3\/2020\/12\/logo.png","contentUrl":"https:\/\/marktxxl.de\/markt\/wp-content\/uploads\/sites\/3\/2020\/12\/logo.png","width":200,"height":70,"caption":"Markt-XXL"},"image":{"@id":"https:\/\/marktxxl.de\/markt\/#\/schema\/logo\/image\/"}}]}},"_links":{"self":[{"href":"https:\/\/marktxxl.de\/markt\/wp-json\/wp\/v2\/product\/132223","targetHints":{"allow":["GET"]}}],"collection":[{"href":"https:\/\/marktxxl.de\/markt\/wp-json\/wp\/v2\/product"}],"about":[{"href":"https:\/\/marktxxl.de\/markt\/wp-json\/wp\/v2\/types\/product"}],"replies":[{"embeddable":true,"href":"https:\/\/marktxxl.de\/markt\/wp-json\/wp\/v2\/comments?post=132223"}],"wp:featuredmedia":[{"embeddable":true,"href":"https:\/\/marktxxl.de\/markt\/wp-json\/wp\/v2\/media\/132224"}],"wp:attachment":[{"href":"https:\/\/marktxxl.de\/markt\/wp-json\/wp\/v2\/media?parent=132223"}],"wp:term":[{"taxonomy":"product_brand","embeddable":true,"href":"https:\/\/marktxxl.de\/markt\/wp-json\/wp\/v2\/product_brand?post=132223"},{"taxonomy":"product_cat","embeddable":true,"href":"https:\/\/marktxxl.de\/markt\/wp-json\/wp\/v2\/product_cat?post=132223"},{"taxonomy":"product_tag","embeddable":true,"href":"https:\/\/marktxxl.de\/markt\/wp-json\/wp\/v2\/product_tag?post=132223"}],"curies":[{"name":"wp","href":"https:\/\/api.w.org\/{rel}","templated":true}]}}