{"id":132104,"date":"2022-06-14T08:28:28","date_gmt":"2022-06-14T06:28:28","guid":{"rendered":"https:\/\/marktxxl.de\/markt\/produkt\/paperfeel-stylus-stift-fuer-apple-ipad-pencil2018-2022-mit-palm-rejection-fuer-ipad-pro-11-12-9-3-4-5-air-3-4-5-mini-5-6-ipad-6-7-8-9-generation-tilt-function-magnetisch-sensibel\/"},"modified":"2023-04-11T04:06:07","modified_gmt":"2023-04-11T02:06:07","slug":"paperfeel-stylus-stift-fuer-apple-ipad-pencil2018-2022-mit-palm-rejection-fuer-ipad-pro-11-12-9-3-4-5-air-3-4-5-mini-5-6-ipad-6-7-8-9-generation-tilt-function-magnetisch-sensibel","status":"publish","type":"product","link":"https:\/\/marktxxl.de\/markt\/produkt\/paperfeel-stylus-stift-fuer-apple-ipad-pencil2018-2022-mit-palm-rejection-fuer-ipad-pro-11-12-9-3-4-5-air-3-4-5-mini-5-6-ipad-6-7-8-9-generation-tilt-function-magnetisch-sensibel\/","title":{"rendered":"Paperfeel Stylus Stift f\u00fcr Apple iPad Pencil(2018-2022), mit Palm Rejection, f\u00fcr iPad Pro 11\/12.9 (3.\/4.\/5.), Air 3\/4\/5\u2026"},"content":{"rendered":"<p>\u3010Kompatibilit\u00e4t\u30112.Generation Stylus stift pencil f\u00fcr Apple iPad 2018-2022: iPad 9,7 Zoll, 10,2 Zoll (6.\/7.\/8.\/9. Generation), iPad Air (3.\/4.\/5.\/Gen), iPad Mini (5.\/6. Gen), iPad Pro 11 Zoll und 12,9 Zoll (3.\/4.\/5. Gen)<br \/>\n\u3010Palm Rejection &amp; Magnetic Adsorption\u3011 R\u00fcsten Sie den Stylus stift f\u00fcr iPad unterst\u00fctzung mit Palm Rejection. Sie m\u00fcssen keinen unbequemen Handschuh tragen und k\u00f6nnen Ihre Handfl\u00e4che, Hand oder Finger beim Skizzieren, Zeichnen und Schreiben auf dem Tablet ablegen. Nur bestimmte Modelle unterst\u00fctzen die magnetische Befestigungsfunktion.<br \/>\n\u3010Neigung zum Skizzieren und Hohe Genauigkeit\u3011 Der Eingabestift unterst\u00fctzt die Neigungs funktion in APPs (SketchBook, Procreate, Paper, Noteshelf). Sie k\u00f6nnen die Linienst\u00e4rke entsprechend dem Neigungswinkel der Stiftspitze anpassen. Entworfen mit 1,5-mm-Stiftspitze f\u00fcr pixel-stiftspitze Pr\u00e4zision und hervorragende Reaktion auf dem iPad. Zeichnen Sie reibungslos und empfindlich ohne Verz\u00f6gerung und ohne Verz\u00f6gerung.<br \/>\n\u3010Lange Akkulaufzeit\u3011 Der Paperfeel Stylus Pencil ben\u00f6tigt nur etwa 1,5 Stunden zum Aufladen und kann etwa 10 Stunden lang verwendet werden. Mit der intelligenten Stromsparfunktion schaltet der Digitalstift automatisch alle 5 Minuten den Strom aus, um die Akkulaufzeit zu schonen. Kein Bluetooth oder Apps erforderlich.<br \/>\n\u3010Warme Tipps\u3011Paperfeel bietet 1 Jahr Kundendienst und technischen Support. Bei Fragen k\u00f6nnen Sie sich gerne an uns wenden. Wir werden innerhalb von 24 Stunden antworten. Deaktivieren Sie \u201eNur mit Apple Pencil zeichnen\u201c auf Tablets, bevor Sie es verwenden.<br \/>\n<div class=\"main-cross-sell\" data-asin=\"B09ZL9FLT8\">\n\n\t<div class=\"WooZone-cross-sell-loader\">\n\t\t<div>\n\t\t\t<div id=\"floatingBarsG\">\n\t\t\t\t<div class=\"blockG\" id=\"rotateG_01\"><\/div>\n\t\t\t\t<div class=\"blockG\" id=\"rotateG_02\"><\/div>\n\t\t\t\t<div class=\"blockG\" id=\"rotateG_03\"><\/div>\n\t\t\t\t<div class=\"blockG\" id=\"rotateG_04\"><\/div>\n\t\t\t\t<div class=\"blockG\" id=\"rotateG_05\"><\/div>\n\t\t\t\t<div class=\"blockG\" id=\"rotateG_06\"><\/div>\n\t\t\t\t<div class=\"blockG\" id=\"rotateG_07\"><\/div>\n\t\t\t\t<div class=\"blockG\" id=\"rotateG_08\"><\/div>\n\t\t\t<\/div>\n\t\t\t<div class=\"WooZone-cross-sell-loader-text\"><\/div>\n\t\t<\/div>\n\t<\/div>\n\n\t\t\n<\/div>\n<div style=\"clear:both;\"><\/div><\/p>\n","protected":false},"excerpt":{"rendered":"<p>\u3010Kompatibilit\u00e4t\u30112.Generation Stylus stift pencil f\u00fcr Apple iPad 2018-2022: iPad 9,7 Zoll, 10,2 Zoll (6.\/7.\/8.\/9. Generation), iPad Air (3.\/4.\/5.\/Gen), iPad Mini (5.\/6. Gen), iPad Pro 11 Zoll und 12,9 Zoll (3.\/4.\/5. Gen)<br \/>\n\u3010Palm Rejection &amp; Magnetic Adsorption\u3011 R\u00fcsten Sie den Stylus stift f\u00fcr iPad unterst\u00fctzung mit Palm Rejection. Sie m\u00fcssen keinen unbequemen Handschuh tragen und k\u00f6nnen Ihre Handfl\u00e4che, Hand oder Finger beim Skizzieren, Zeichnen und Schreiben auf dem Tablet ablegen. Nur bestimmte Modelle unterst\u00fctzen die magnetische Befestigungsfunktion.<br \/>\n\u3010Neigung zum Skizzieren und Hohe Genauigkeit\u3011 Der Eingabestift unterst\u00fctzt die Neigungs funktion in APPs (SketchBook, Procreate, Paper, Noteshelf). Sie k\u00f6nnen die Linienst\u00e4rke entsprechend dem Neigungswinkel der Stiftspitze anpassen. Entworfen mit 1,5-mm-Stiftspitze f\u00fcr pixel-stiftspitze Pr\u00e4zision und hervorragende Reaktion auf dem iPad. Zeichnen Sie reibungslos und empfindlich ohne Verz\u00f6gerung und ohne Verz\u00f6gerung.<\/p>\n","protected":false},"featured_media":132105,"comment_status":"open","ping_status":"closed","template":"","meta":[],"product_brand":[],"product_cat":[863],"product_tag":[],"class_list":{"0":"post-132104","1":"product","2":"type-product","3":"status-publish","4":"has-post-thumbnail","6":"product_cat-computer-zubehoer","7":"pa_brand-paperfeel","8":"pa_color-weiss","9":"pa_manufacturer-paperfeel","10":"pa_warranty-1-year-warranty-against-manufacturer-defects","12":"first","13":"instock","14":"shipping-taxable","15":"purchasable","16":"product-type-simple","17":"customify-col","18":"product-has-gallery"},"yoast_head":"<!-- This site is optimized with the Yoast SEO plugin v27.4 - https:\/\/yoast.com\/product\/yoast-seo-wordpress\/ -->\n<title>Paperfeel Stylus Stift f\u00fcr Apple iPad Pencil(2018-2022), mit Palm Rejection, f\u00fcr iPad Pro 11\/12.9 (3.\/4.\/5.), Air 3\/4\/5\u2026 - Markt-XXL<\/title>\n<meta name=\"description\" content=\"Markt-XXL Paperfeel Stylus Stift f\u00fcr Apple iPad Pencil(2018-2022), mit Palm Rejection, f\u00fcr iPad Pro 11\/12.9 (3.\/4.\/5.), Air 3\/4\/5\u2026\" \/>\n<meta name=\"robots\" content=\"index, follow, max-snippet:-1, max-image-preview:large, max-video-preview:-1\" \/>\n<link rel=\"canonical\" href=\"https:\/\/marktxxl.de\/markt\/produkt\/paperfeel-stylus-stift-fuer-apple-ipad-pencil2018-2022-mit-palm-rejection-fuer-ipad-pro-11-12-9-3-4-5-air-3-4-5-mini-5-6-ipad-6-7-8-9-generation-tilt-function-magnetisch-sensibel\/\" \/>\n<meta property=\"og:locale\" content=\"de_DE\" \/>\n<meta property=\"og:type\" content=\"article\" \/>\n<meta property=\"og:title\" content=\"Paperfeel Stylus Stift f\u00fcr Apple iPad Pencil(2018-2022), mit Palm Rejection, f\u00fcr iPad Pro 11\/12.9 (3.\/4.\/5.), Air 3\/4\/5\u2026 - Markt-XXL\" \/>\n<meta property=\"og:description\" content=\"Markt-XXL Paperfeel Stylus Stift f\u00fcr Apple iPad Pencil(2018-2022), mit Palm Rejection, f\u00fcr iPad Pro 11\/12.9 (3.\/4.\/5.), Air 3\/4\/5\u2026\" \/>\n<meta property=\"og:url\" content=\"https:\/\/marktxxl.de\/markt\/produkt\/paperfeel-stylus-stift-fuer-apple-ipad-pencil2018-2022-mit-palm-rejection-fuer-ipad-pro-11-12-9-3-4-5-air-3-4-5-mini-5-6-ipad-6-7-8-9-generation-tilt-function-magnetisch-sensibel\/\" \/>\n<meta property=\"og:site_name\" content=\"Markt-XXL\" \/>\n<meta property=\"article:modified_time\" content=\"2023-04-11T02:06:07+00:00\" \/>\n<meta property=\"og:image\" content=\"https:\/\/m.media-amazon.com\/images\/I\/41ZV5ZR6bXL._SL500_.jpg\" \/>\n\t<meta property=\"og:image:width\" content=\"500\" \/>\n\t<meta property=\"og:image:height\" content=\"500\" \/>\n\t<meta property=\"og:image:type\" content=\"image\/jpeg\" \/>\n<meta name=\"twitter:card\" content=\"summary_large_image\" \/>\n<meta name=\"twitter:label1\" content=\"Gesch\u00e4tzte Lesezeit\" \/>\n\t<meta name=\"twitter:data1\" content=\"1\u00a0Minute\" \/>\n<script type=\"application\/ld+json\" class=\"yoast-schema-graph\">{\"@context\":\"https:\\\/\\\/schema.org\",\"@graph\":[{\"@type\":\"WebPage\",\"@id\":\"https:\\\/\\\/marktxxl.de\\\/markt\\\/produkt\\\/paperfeel-stylus-stift-fuer-apple-ipad-pencil2018-2022-mit-palm-rejection-fuer-ipad-pro-11-12-9-3-4-5-air-3-4-5-mini-5-6-ipad-6-7-8-9-generation-tilt-function-magnetisch-sensibel\\\/\",\"url\":\"https:\\\/\\\/marktxxl.de\\\/markt\\\/produkt\\\/paperfeel-stylus-stift-fuer-apple-ipad-pencil2018-2022-mit-palm-rejection-fuer-ipad-pro-11-12-9-3-4-5-air-3-4-5-mini-5-6-ipad-6-7-8-9-generation-tilt-function-magnetisch-sensibel\\\/\",\"name\":\"Paperfeel Stylus Stift f\u00fcr Apple iPad Pencil(2018-2022), mit Palm Rejection, f\u00fcr iPad Pro 11\\\/12.9 (3.\\\/4.\\\/5.), Air 3\\\/4\\\/5\u2026 - Markt-XXL\",\"isPartOf\":{\"@id\":\"https:\\\/\\\/marktxxl.de\\\/markt\\\/#website\"},\"primaryImageOfPage\":{\"@id\":\"https:\\\/\\\/marktxxl.de\\\/markt\\\/produkt\\\/paperfeel-stylus-stift-fuer-apple-ipad-pencil2018-2022-mit-palm-rejection-fuer-ipad-pro-11-12-9-3-4-5-air-3-4-5-mini-5-6-ipad-6-7-8-9-generation-tilt-function-magnetisch-sensibel\\\/#primaryimage\"},\"image\":{\"@id\":\"https:\\\/\\\/marktxxl.de\\\/markt\\\/produkt\\\/paperfeel-stylus-stift-fuer-apple-ipad-pencil2018-2022-mit-palm-rejection-fuer-ipad-pro-11-12-9-3-4-5-air-3-4-5-mini-5-6-ipad-6-7-8-9-generation-tilt-function-magnetisch-sensibel\\\/#primaryimage\"},\"thumbnailUrl\":\"https:\\\/\\\/m.media-amazon.com\\\/images\\\/I\\\/41ZV5ZR6bXL._SL500_.jpg\",\"datePublished\":\"2022-06-14T06:28:28+00:00\",\"dateModified\":\"2023-04-11T02:06:07+00:00\",\"description\":\"Markt-XXL Paperfeel Stylus Stift f\u00fcr Apple iPad Pencil(2018-2022), mit Palm Rejection, f\u00fcr iPad Pro 11\\\/12.9 (3.\\\/4.\\\/5.), Air 3\\\/4\\\/5\u2026\",\"breadcrumb\":{\"@id\":\"https:\\\/\\\/marktxxl.de\\\/markt\\\/produkt\\\/paperfeel-stylus-stift-fuer-apple-ipad-pencil2018-2022-mit-palm-rejection-fuer-ipad-pro-11-12-9-3-4-5-air-3-4-5-mini-5-6-ipad-6-7-8-9-generation-tilt-function-magnetisch-sensibel\\\/#breadcrumb\"},\"inLanguage\":\"de\",\"potentialAction\":[{\"@type\":\"ReadAction\",\"target\":[\"https:\\\/\\\/marktxxl.de\\\/markt\\\/produkt\\\/paperfeel-stylus-stift-fuer-apple-ipad-pencil2018-2022-mit-palm-rejection-fuer-ipad-pro-11-12-9-3-4-5-air-3-4-5-mini-5-6-ipad-6-7-8-9-generation-tilt-function-magnetisch-sensibel\\\/\"]}]},{\"@type\":\"ImageObject\",\"inLanguage\":\"de\",\"@id\":\"https:\\\/\\\/marktxxl.de\\\/markt\\\/produkt\\\/paperfeel-stylus-stift-fuer-apple-ipad-pencil2018-2022-mit-palm-rejection-fuer-ipad-pro-11-12-9-3-4-5-air-3-4-5-mini-5-6-ipad-6-7-8-9-generation-tilt-function-magnetisch-sensibel\\\/#primaryimage\",\"url\":\"https:\\\/\\\/m.media-amazon.com\\\/images\\\/I\\\/41ZV5ZR6bXL._SL500_.jpg\",\"contentUrl\":\"https:\\\/\\\/m.media-amazon.com\\\/images\\\/I\\\/41ZV5ZR6bXL._SL500_.jpg\",\"width\":500,\"height\":500},{\"@type\":\"BreadcrumbList\",\"@id\":\"https:\\\/\\\/marktxxl.de\\\/markt\\\/produkt\\\/paperfeel-stylus-stift-fuer-apple-ipad-pencil2018-2022-mit-palm-rejection-fuer-ipad-pro-11-12-9-3-4-5-air-3-4-5-mini-5-6-ipad-6-7-8-9-generation-tilt-function-magnetisch-sensibel\\\/#breadcrumb\",\"itemListElement\":[{\"@type\":\"ListItem\",\"position\":1,\"name\":\"Startseite\",\"item\":\"https:\\\/\\\/marktxxl.de\\\/markt\\\/\"},{\"@type\":\"ListItem\",\"position\":2,\"name\":\"Markt\",\"item\":\"https:\\\/\\\/marktxxl.de\\\/markt\\\/\"},{\"@type\":\"ListItem\",\"position\":3,\"name\":\"Paperfeel Stylus Stift f\u00fcr Apple iPad Pencil(2018-2022), mit Palm Rejection, f\u00fcr iPad Pro 11\\\/12.9 (3.\\\/4.\\\/5.), Air 3\\\/4\\\/5\u2026\"}]},{\"@type\":\"WebSite\",\"@id\":\"https:\\\/\\\/marktxxl.de\\\/markt\\\/#website\",\"url\":\"https:\\\/\\\/marktxxl.de\\\/markt\\\/\",\"name\":\"Markt-XXL\",\"description\":\"Ihr Markt Online\",\"publisher\":{\"@id\":\"https:\\\/\\\/marktxxl.de\\\/markt\\\/#organization\"},\"potentialAction\":[{\"@type\":\"SearchAction\",\"target\":{\"@type\":\"EntryPoint\",\"urlTemplate\":\"https:\\\/\\\/marktxxl.de\\\/markt\\\/?s={search_term_string}\"},\"query-input\":{\"@type\":\"PropertyValueSpecification\",\"valueRequired\":true,\"valueName\":\"search_term_string\"}}],\"inLanguage\":\"de\"},{\"@type\":\"Organization\",\"@id\":\"https:\\\/\\\/marktxxl.de\\\/markt\\\/#organization\",\"name\":\"Markt-XXL\",\"url\":\"https:\\\/\\\/marktxxl.de\\\/markt\\\/\",\"logo\":{\"@type\":\"ImageObject\",\"inLanguage\":\"de\",\"@id\":\"https:\\\/\\\/marktxxl.de\\\/markt\\\/#\\\/schema\\\/logo\\\/image\\\/\",\"url\":\"https:\\\/\\\/marktxxl.de\\\/markt\\\/wp-content\\\/uploads\\\/sites\\\/3\\\/2020\\\/12\\\/logo.png\",\"contentUrl\":\"https:\\\/\\\/marktxxl.de\\\/markt\\\/wp-content\\\/uploads\\\/sites\\\/3\\\/2020\\\/12\\\/logo.png\",\"width\":200,\"height\":70,\"caption\":\"Markt-XXL\"},\"image\":{\"@id\":\"https:\\\/\\\/marktxxl.de\\\/markt\\\/#\\\/schema\\\/logo\\\/image\\\/\"}}]}<\/script>\n<!-- \/ Yoast SEO plugin. -->","yoast_head_json":{"title":"Paperfeel Stylus Stift f\u00fcr Apple iPad Pencil(2018-2022), mit Palm Rejection, f\u00fcr iPad Pro 11\/12.9 (3.\/4.\/5.), Air 3\/4\/5\u2026 - Markt-XXL","description":"Markt-XXL Paperfeel Stylus Stift f\u00fcr Apple iPad Pencil(2018-2022), mit Palm Rejection, f\u00fcr iPad Pro 11\/12.9 (3.\/4.\/5.), Air 3\/4\/5\u2026","robots":{"index":"index","follow":"follow","max-snippet":"max-snippet:-1","max-image-preview":"max-image-preview:large","max-video-preview":"max-video-preview:-1"},"canonical":"https:\/\/marktxxl.de\/markt\/produkt\/paperfeel-stylus-stift-fuer-apple-ipad-pencil2018-2022-mit-palm-rejection-fuer-ipad-pro-11-12-9-3-4-5-air-3-4-5-mini-5-6-ipad-6-7-8-9-generation-tilt-function-magnetisch-sensibel\/","og_locale":"de_DE","og_type":"article","og_title":"Paperfeel Stylus Stift f\u00fcr Apple iPad Pencil(2018-2022), mit Palm Rejection, f\u00fcr iPad Pro 11\/12.9 (3.\/4.\/5.), Air 3\/4\/5\u2026 - Markt-XXL","og_description":"Markt-XXL Paperfeel Stylus Stift f\u00fcr Apple iPad Pencil(2018-2022), mit Palm Rejection, f\u00fcr iPad Pro 11\/12.9 (3.\/4.\/5.), Air 3\/4\/5\u2026","og_url":"https:\/\/marktxxl.de\/markt\/produkt\/paperfeel-stylus-stift-fuer-apple-ipad-pencil2018-2022-mit-palm-rejection-fuer-ipad-pro-11-12-9-3-4-5-air-3-4-5-mini-5-6-ipad-6-7-8-9-generation-tilt-function-magnetisch-sensibel\/","og_site_name":"Markt-XXL","article_modified_time":"2023-04-11T02:06:07+00:00","og_image":[{"width":500,"height":500,"url":"https:\/\/m.media-amazon.com\/images\/I\/41ZV5ZR6bXL._SL500_.jpg","type":"image\/jpeg"}],"twitter_card":"summary_large_image","twitter_misc":{"Gesch\u00e4tzte Lesezeit":"1\u00a0Minute"},"schema":{"@context":"https:\/\/schema.org","@graph":[{"@type":"WebPage","@id":"https:\/\/marktxxl.de\/markt\/produkt\/paperfeel-stylus-stift-fuer-apple-ipad-pencil2018-2022-mit-palm-rejection-fuer-ipad-pro-11-12-9-3-4-5-air-3-4-5-mini-5-6-ipad-6-7-8-9-generation-tilt-function-magnetisch-sensibel\/","url":"https:\/\/marktxxl.de\/markt\/produkt\/paperfeel-stylus-stift-fuer-apple-ipad-pencil2018-2022-mit-palm-rejection-fuer-ipad-pro-11-12-9-3-4-5-air-3-4-5-mini-5-6-ipad-6-7-8-9-generation-tilt-function-magnetisch-sensibel\/","name":"Paperfeel Stylus Stift f\u00fcr Apple iPad Pencil(2018-2022), mit Palm Rejection, f\u00fcr iPad Pro 11\/12.9 (3.\/4.\/5.), Air 3\/4\/5\u2026 - Markt-XXL","isPartOf":{"@id":"https:\/\/marktxxl.de\/markt\/#website"},"primaryImageOfPage":{"@id":"https:\/\/marktxxl.de\/markt\/produkt\/paperfeel-stylus-stift-fuer-apple-ipad-pencil2018-2022-mit-palm-rejection-fuer-ipad-pro-11-12-9-3-4-5-air-3-4-5-mini-5-6-ipad-6-7-8-9-generation-tilt-function-magnetisch-sensibel\/#primaryimage"},"image":{"@id":"https:\/\/marktxxl.de\/markt\/produkt\/paperfeel-stylus-stift-fuer-apple-ipad-pencil2018-2022-mit-palm-rejection-fuer-ipad-pro-11-12-9-3-4-5-air-3-4-5-mini-5-6-ipad-6-7-8-9-generation-tilt-function-magnetisch-sensibel\/#primaryimage"},"thumbnailUrl":"https:\/\/m.media-amazon.com\/images\/I\/41ZV5ZR6bXL._SL500_.jpg","datePublished":"2022-06-14T06:28:28+00:00","dateModified":"2023-04-11T02:06:07+00:00","description":"Markt-XXL Paperfeel Stylus Stift f\u00fcr Apple iPad Pencil(2018-2022), mit Palm Rejection, f\u00fcr iPad Pro 11\/12.9 (3.\/4.\/5.), Air 3\/4\/5\u2026","breadcrumb":{"@id":"https:\/\/marktxxl.de\/markt\/produkt\/paperfeel-stylus-stift-fuer-apple-ipad-pencil2018-2022-mit-palm-rejection-fuer-ipad-pro-11-12-9-3-4-5-air-3-4-5-mini-5-6-ipad-6-7-8-9-generation-tilt-function-magnetisch-sensibel\/#breadcrumb"},"inLanguage":"de","potentialAction":[{"@type":"ReadAction","target":["https:\/\/marktxxl.de\/markt\/produkt\/paperfeel-stylus-stift-fuer-apple-ipad-pencil2018-2022-mit-palm-rejection-fuer-ipad-pro-11-12-9-3-4-5-air-3-4-5-mini-5-6-ipad-6-7-8-9-generation-tilt-function-magnetisch-sensibel\/"]}]},{"@type":"ImageObject","inLanguage":"de","@id":"https:\/\/marktxxl.de\/markt\/produkt\/paperfeel-stylus-stift-fuer-apple-ipad-pencil2018-2022-mit-palm-rejection-fuer-ipad-pro-11-12-9-3-4-5-air-3-4-5-mini-5-6-ipad-6-7-8-9-generation-tilt-function-magnetisch-sensibel\/#primaryimage","url":"https:\/\/m.media-amazon.com\/images\/I\/41ZV5ZR6bXL._SL500_.jpg","contentUrl":"https:\/\/m.media-amazon.com\/images\/I\/41ZV5ZR6bXL._SL500_.jpg","width":500,"height":500},{"@type":"BreadcrumbList","@id":"https:\/\/marktxxl.de\/markt\/produkt\/paperfeel-stylus-stift-fuer-apple-ipad-pencil2018-2022-mit-palm-rejection-fuer-ipad-pro-11-12-9-3-4-5-air-3-4-5-mini-5-6-ipad-6-7-8-9-generation-tilt-function-magnetisch-sensibel\/#breadcrumb","itemListElement":[{"@type":"ListItem","position":1,"name":"Startseite","item":"https:\/\/marktxxl.de\/markt\/"},{"@type":"ListItem","position":2,"name":"Markt","item":"https:\/\/marktxxl.de\/markt\/"},{"@type":"ListItem","position":3,"name":"Paperfeel Stylus Stift f\u00fcr Apple iPad Pencil(2018-2022), mit Palm Rejection, f\u00fcr iPad Pro 11\/12.9 (3.\/4.\/5.), Air 3\/4\/5\u2026"}]},{"@type":"WebSite","@id":"https:\/\/marktxxl.de\/markt\/#website","url":"https:\/\/marktxxl.de\/markt\/","name":"Markt-XXL","description":"Ihr Markt Online","publisher":{"@id":"https:\/\/marktxxl.de\/markt\/#organization"},"potentialAction":[{"@type":"SearchAction","target":{"@type":"EntryPoint","urlTemplate":"https:\/\/marktxxl.de\/markt\/?s={search_term_string}"},"query-input":{"@type":"PropertyValueSpecification","valueRequired":true,"valueName":"search_term_string"}}],"inLanguage":"de"},{"@type":"Organization","@id":"https:\/\/marktxxl.de\/markt\/#organization","name":"Markt-XXL","url":"https:\/\/marktxxl.de\/markt\/","logo":{"@type":"ImageObject","inLanguage":"de","@id":"https:\/\/marktxxl.de\/markt\/#\/schema\/logo\/image\/","url":"https:\/\/marktxxl.de\/markt\/wp-content\/uploads\/sites\/3\/2020\/12\/logo.png","contentUrl":"https:\/\/marktxxl.de\/markt\/wp-content\/uploads\/sites\/3\/2020\/12\/logo.png","width":200,"height":70,"caption":"Markt-XXL"},"image":{"@id":"https:\/\/marktxxl.de\/markt\/#\/schema\/logo\/image\/"}}]}},"_links":{"self":[{"href":"https:\/\/marktxxl.de\/markt\/wp-json\/wp\/v2\/product\/132104","targetHints":{"allow":["GET"]}}],"collection":[{"href":"https:\/\/marktxxl.de\/markt\/wp-json\/wp\/v2\/product"}],"about":[{"href":"https:\/\/marktxxl.de\/markt\/wp-json\/wp\/v2\/types\/product"}],"replies":[{"embeddable":true,"href":"https:\/\/marktxxl.de\/markt\/wp-json\/wp\/v2\/comments?post=132104"}],"wp:featuredmedia":[{"embeddable":true,"href":"https:\/\/marktxxl.de\/markt\/wp-json\/wp\/v2\/media\/132105"}],"wp:attachment":[{"href":"https:\/\/marktxxl.de\/markt\/wp-json\/wp\/v2\/media?parent=132104"}],"wp:term":[{"taxonomy":"product_brand","embeddable":true,"href":"https:\/\/marktxxl.de\/markt\/wp-json\/wp\/v2\/product_brand?post=132104"},{"taxonomy":"product_cat","embeddable":true,"href":"https:\/\/marktxxl.de\/markt\/wp-json\/wp\/v2\/product_cat?post=132104"},{"taxonomy":"product_tag","embeddable":true,"href":"https:\/\/marktxxl.de\/markt\/wp-json\/wp\/v2\/product_tag?post=132104"}],"curies":[{"name":"wp","href":"https:\/\/api.w.org\/{rel}","templated":true}]}}