{"id":132088,"date":"2022-06-14T08:26:29","date_gmt":"2022-06-14T06:26:29","guid":{"rendered":"https:\/\/marktxxl.de\/markt\/produkt\/externe-festplatte-2tb-tragbare-festplatte-high-speed-usb-3-1-hdd-fuer-mac-pc-laptop\/"},"modified":"2023-04-11T04:06:07","modified_gmt":"2023-04-11T02:06:07","slug":"externe-festplatte-2tb-tragbare-festplatte-high-speed-usb-3-1-hdd-fuer-mac-pc-laptop","status":"publish","type":"product","link":"https:\/\/marktxxl.de\/markt\/produkt\/externe-festplatte-2tb-tragbare-festplatte-high-speed-usb-3-1-hdd-fuer-mac-pc-laptop\/","title":{"rendered":"Externe Festplatte 2TB tragbare Festplatte High Speed USB 3.1 HDD f\u00fcr Mac, PC, Laptop (2TB Silber)"},"content":{"rendered":"<p>\u3010Plug and Play\u3011 &#8211; Diese externe Festplatte ist sofort einsatzbereit ohne Software zu installieren, einfach plug und go.<br \/>\n\u3010High Speed Type-C\/USB3.1 External Festplatte\u3011Mit super hoher \u00dcbertragungsgeschwindigkeit. 5 mal schneller als \u00fcbliche Festplatte, wenn sie wieder aufladen und mehr als 1 Zeit fr\u00fcher wird, wenn Sie Ihre Arbeit effizienter machen<br \/>\n\u3010Hervorragende Kompatibilit\u00e4t\u3011Es ist starke Kompatibilit\u00e4t mit 99% PC-Systemen, einschlie\u00dflich Microsoft Windows 10\/ Windows 8\/ Windows 7\/ Android und mehr!<br \/>\n\u3010Robust &amp; langlebig\u3011Ultrad\u00fcnne externe Festplatte sch\u00fctzt durch robustes und langlebiges Geh\u00e4use, das leicht und handlich, bequem f\u00fcr Ihre Handfl\u00e4che oder Slip-Tasche.<br \/>\n\u3010What You Get\u3011 1 x tragbare Festplatte, 1 x USB3.1 Kabel, 3 Jahre Warranty.<br \/>\n<div class=\"main-cross-sell\" data-asin=\"B0B2ZRV6PV\">\n\n\t<div class=\"WooZone-cross-sell-loader\">\n\t\t<div>\n\t\t\t<div id=\"floatingBarsG\">\n\t\t\t\t<div class=\"blockG\" id=\"rotateG_01\"><\/div>\n\t\t\t\t<div class=\"blockG\" id=\"rotateG_02\"><\/div>\n\t\t\t\t<div class=\"blockG\" id=\"rotateG_03\"><\/div>\n\t\t\t\t<div class=\"blockG\" id=\"rotateG_04\"><\/div>\n\t\t\t\t<div class=\"blockG\" id=\"rotateG_05\"><\/div>\n\t\t\t\t<div class=\"blockG\" id=\"rotateG_06\"><\/div>\n\t\t\t\t<div class=\"blockG\" id=\"rotateG_07\"><\/div>\n\t\t\t\t<div class=\"blockG\" id=\"rotateG_08\"><\/div>\n\t\t\t<\/div>\n\t\t\t<div class=\"WooZone-cross-sell-loader-text\"><\/div>\n\t\t<\/div>\n\t<\/div>\n\n\t\t\n<\/div>\n<div style=\"clear:both;\"><\/div><\/p>\n","protected":false},"excerpt":{"rendered":"<p>\u3010Plug and Play\u3011 &#8211; Diese externe Festplatte ist sofort einsatzbereit ohne Software zu installieren, einfach plug und go.<br \/>\n\u3010High Speed Type-C\/USB3.1 External Festplatte\u3011Mit super hoher \u00dcbertragungsgeschwindigkeit. 5 mal schneller als \u00fcbliche Festplatte, wenn sie wieder aufladen und mehr als 1 Zeit fr\u00fcher wird, wenn Sie Ihre Arbeit effizienter machen<br \/>\n\u3010Hervorragende Kompatibilit\u00e4t\u3011Es ist starke Kompatibilit\u00e4t mit 99% PC-Systemen, einschlie\u00dflich Microsoft Windows 10\/ Windows 8\/ Windows 7\/ Android und mehr!<\/p>\n","protected":false},"featured_media":132089,"comment_status":"open","ping_status":"closed","template":"","meta":[],"product_brand":[],"product_cat":[863],"product_tag":[],"class_list":{"0":"post-132088","1":"product","2":"type-product","3":"status-publish","4":"has-post-thumbnail","6":"product_cat-computer-zubehoer","7":"pa_binding-elektronik","8":"pa_manufacturer-hanviicv","10":"first","11":"instock","12":"shipping-taxable","13":"purchasable","14":"product-type-simple","15":"customify-col","16":"product-has-gallery"},"yoast_head":"<!-- This site is optimized with the Yoast SEO plugin v27.4 - https:\/\/yoast.com\/product\/yoast-seo-wordpress\/ -->\n<title>Externe Festplatte 2TB tragbare Festplatte High Speed USB 3.1 HDD f\u00fcr Mac, PC, Laptop (2TB Silber) - Markt-XXL<\/title>\n<meta name=\"description\" content=\"Markt-XXL Externe Festplatte 2TB tragbare Festplatte High Speed USB 3.1 HDD f\u00fcr Mac, PC, Laptop (2TB Silber)\" \/>\n<meta name=\"robots\" content=\"index, follow, max-snippet:-1, max-image-preview:large, max-video-preview:-1\" \/>\n<link rel=\"canonical\" href=\"https:\/\/marktxxl.de\/markt\/produkt\/externe-festplatte-2tb-tragbare-festplatte-high-speed-usb-3-1-hdd-fuer-mac-pc-laptop\/\" \/>\n<meta property=\"og:locale\" content=\"de_DE\" \/>\n<meta property=\"og:type\" content=\"article\" \/>\n<meta property=\"og:title\" content=\"Externe Festplatte 2TB tragbare Festplatte High Speed USB 3.1 HDD f\u00fcr Mac, PC, Laptop (2TB Silber) - Markt-XXL\" \/>\n<meta property=\"og:description\" content=\"Markt-XXL Externe Festplatte 2TB tragbare Festplatte High Speed USB 3.1 HDD f\u00fcr Mac, PC, Laptop (2TB Silber)\" \/>\n<meta property=\"og:url\" content=\"https:\/\/marktxxl.de\/markt\/produkt\/externe-festplatte-2tb-tragbare-festplatte-high-speed-usb-3-1-hdd-fuer-mac-pc-laptop\/\" \/>\n<meta property=\"og:site_name\" content=\"Markt-XXL\" \/>\n<meta property=\"article:modified_time\" content=\"2023-04-11T02:06:07+00:00\" \/>\n<meta property=\"og:image\" content=\"https:\/\/m.media-amazon.com\/images\/I\/41Ki62mkGFL._SL500_.jpg\" \/>\n\t<meta property=\"og:image:width\" content=\"500\" \/>\n\t<meta property=\"og:image:height\" content=\"500\" \/>\n\t<meta property=\"og:image:type\" content=\"image\/jpeg\" \/>\n<meta name=\"twitter:card\" content=\"summary_large_image\" \/>\n<meta name=\"twitter:label1\" content=\"Gesch\u00e4tzte Lesezeit\" \/>\n\t<meta name=\"twitter:data1\" content=\"1\u00a0Minute\" \/>\n<script type=\"application\/ld+json\" class=\"yoast-schema-graph\">{\"@context\":\"https:\\\/\\\/schema.org\",\"@graph\":[{\"@type\":\"WebPage\",\"@id\":\"https:\\\/\\\/marktxxl.de\\\/markt\\\/produkt\\\/externe-festplatte-2tb-tragbare-festplatte-high-speed-usb-3-1-hdd-fuer-mac-pc-laptop\\\/\",\"url\":\"https:\\\/\\\/marktxxl.de\\\/markt\\\/produkt\\\/externe-festplatte-2tb-tragbare-festplatte-high-speed-usb-3-1-hdd-fuer-mac-pc-laptop\\\/\",\"name\":\"Externe Festplatte 2TB tragbare Festplatte High Speed USB 3.1 HDD f\u00fcr Mac, PC, Laptop (2TB Silber) - Markt-XXL\",\"isPartOf\":{\"@id\":\"https:\\\/\\\/marktxxl.de\\\/markt\\\/#website\"},\"primaryImageOfPage\":{\"@id\":\"https:\\\/\\\/marktxxl.de\\\/markt\\\/produkt\\\/externe-festplatte-2tb-tragbare-festplatte-high-speed-usb-3-1-hdd-fuer-mac-pc-laptop\\\/#primaryimage\"},\"image\":{\"@id\":\"https:\\\/\\\/marktxxl.de\\\/markt\\\/produkt\\\/externe-festplatte-2tb-tragbare-festplatte-high-speed-usb-3-1-hdd-fuer-mac-pc-laptop\\\/#primaryimage\"},\"thumbnailUrl\":\"https:\\\/\\\/m.media-amazon.com\\\/images\\\/I\\\/41Ki62mkGFL._SL500_.jpg\",\"datePublished\":\"2022-06-14T06:26:29+00:00\",\"dateModified\":\"2023-04-11T02:06:07+00:00\",\"description\":\"Markt-XXL Externe Festplatte 2TB tragbare Festplatte High Speed USB 3.1 HDD f\u00fcr Mac, PC, Laptop (2TB Silber)\",\"breadcrumb\":{\"@id\":\"https:\\\/\\\/marktxxl.de\\\/markt\\\/produkt\\\/externe-festplatte-2tb-tragbare-festplatte-high-speed-usb-3-1-hdd-fuer-mac-pc-laptop\\\/#breadcrumb\"},\"inLanguage\":\"de\",\"potentialAction\":[{\"@type\":\"ReadAction\",\"target\":[\"https:\\\/\\\/marktxxl.de\\\/markt\\\/produkt\\\/externe-festplatte-2tb-tragbare-festplatte-high-speed-usb-3-1-hdd-fuer-mac-pc-laptop\\\/\"]}]},{\"@type\":\"ImageObject\",\"inLanguage\":\"de\",\"@id\":\"https:\\\/\\\/marktxxl.de\\\/markt\\\/produkt\\\/externe-festplatte-2tb-tragbare-festplatte-high-speed-usb-3-1-hdd-fuer-mac-pc-laptop\\\/#primaryimage\",\"url\":\"https:\\\/\\\/m.media-amazon.com\\\/images\\\/I\\\/41Ki62mkGFL._SL500_.jpg\",\"contentUrl\":\"https:\\\/\\\/m.media-amazon.com\\\/images\\\/I\\\/41Ki62mkGFL._SL500_.jpg\",\"width\":500,\"height\":500},{\"@type\":\"BreadcrumbList\",\"@id\":\"https:\\\/\\\/marktxxl.de\\\/markt\\\/produkt\\\/externe-festplatte-2tb-tragbare-festplatte-high-speed-usb-3-1-hdd-fuer-mac-pc-laptop\\\/#breadcrumb\",\"itemListElement\":[{\"@type\":\"ListItem\",\"position\":1,\"name\":\"Startseite\",\"item\":\"https:\\\/\\\/marktxxl.de\\\/markt\\\/\"},{\"@type\":\"ListItem\",\"position\":2,\"name\":\"Markt\",\"item\":\"https:\\\/\\\/marktxxl.de\\\/markt\\\/\"},{\"@type\":\"ListItem\",\"position\":3,\"name\":\"Externe Festplatte 2TB tragbare Festplatte High Speed USB 3.1 HDD f\u00fcr Mac, PC, Laptop (2TB Silber)\"}]},{\"@type\":\"WebSite\",\"@id\":\"https:\\\/\\\/marktxxl.de\\\/markt\\\/#website\",\"url\":\"https:\\\/\\\/marktxxl.de\\\/markt\\\/\",\"name\":\"Markt-XXL\",\"description\":\"Ihr Markt Online\",\"publisher\":{\"@id\":\"https:\\\/\\\/marktxxl.de\\\/markt\\\/#organization\"},\"potentialAction\":[{\"@type\":\"SearchAction\",\"target\":{\"@type\":\"EntryPoint\",\"urlTemplate\":\"https:\\\/\\\/marktxxl.de\\\/markt\\\/?s={search_term_string}\"},\"query-input\":{\"@type\":\"PropertyValueSpecification\",\"valueRequired\":true,\"valueName\":\"search_term_string\"}}],\"inLanguage\":\"de\"},{\"@type\":\"Organization\",\"@id\":\"https:\\\/\\\/marktxxl.de\\\/markt\\\/#organization\",\"name\":\"Markt-XXL\",\"url\":\"https:\\\/\\\/marktxxl.de\\\/markt\\\/\",\"logo\":{\"@type\":\"ImageObject\",\"inLanguage\":\"de\",\"@id\":\"https:\\\/\\\/marktxxl.de\\\/markt\\\/#\\\/schema\\\/logo\\\/image\\\/\",\"url\":\"https:\\\/\\\/marktxxl.de\\\/markt\\\/wp-content\\\/uploads\\\/sites\\\/3\\\/2020\\\/12\\\/logo.png\",\"contentUrl\":\"https:\\\/\\\/marktxxl.de\\\/markt\\\/wp-content\\\/uploads\\\/sites\\\/3\\\/2020\\\/12\\\/logo.png\",\"width\":200,\"height\":70,\"caption\":\"Markt-XXL\"},\"image\":{\"@id\":\"https:\\\/\\\/marktxxl.de\\\/markt\\\/#\\\/schema\\\/logo\\\/image\\\/\"}}]}<\/script>\n<!-- \/ Yoast SEO plugin. -->","yoast_head_json":{"title":"Externe Festplatte 2TB tragbare Festplatte High Speed USB 3.1 HDD f\u00fcr Mac, PC, Laptop (2TB Silber) - Markt-XXL","description":"Markt-XXL Externe Festplatte 2TB tragbare Festplatte High Speed USB 3.1 HDD f\u00fcr Mac, PC, Laptop (2TB Silber)","robots":{"index":"index","follow":"follow","max-snippet":"max-snippet:-1","max-image-preview":"max-image-preview:large","max-video-preview":"max-video-preview:-1"},"canonical":"https:\/\/marktxxl.de\/markt\/produkt\/externe-festplatte-2tb-tragbare-festplatte-high-speed-usb-3-1-hdd-fuer-mac-pc-laptop\/","og_locale":"de_DE","og_type":"article","og_title":"Externe Festplatte 2TB tragbare Festplatte High Speed USB 3.1 HDD f\u00fcr Mac, PC, Laptop (2TB Silber) - Markt-XXL","og_description":"Markt-XXL Externe Festplatte 2TB tragbare Festplatte High Speed USB 3.1 HDD f\u00fcr Mac, PC, Laptop (2TB Silber)","og_url":"https:\/\/marktxxl.de\/markt\/produkt\/externe-festplatte-2tb-tragbare-festplatte-high-speed-usb-3-1-hdd-fuer-mac-pc-laptop\/","og_site_name":"Markt-XXL","article_modified_time":"2023-04-11T02:06:07+00:00","og_image":[{"width":500,"height":500,"url":"https:\/\/m.media-amazon.com\/images\/I\/41Ki62mkGFL._SL500_.jpg","type":"image\/jpeg"}],"twitter_card":"summary_large_image","twitter_misc":{"Gesch\u00e4tzte Lesezeit":"1\u00a0Minute"},"schema":{"@context":"https:\/\/schema.org","@graph":[{"@type":"WebPage","@id":"https:\/\/marktxxl.de\/markt\/produkt\/externe-festplatte-2tb-tragbare-festplatte-high-speed-usb-3-1-hdd-fuer-mac-pc-laptop\/","url":"https:\/\/marktxxl.de\/markt\/produkt\/externe-festplatte-2tb-tragbare-festplatte-high-speed-usb-3-1-hdd-fuer-mac-pc-laptop\/","name":"Externe Festplatte 2TB tragbare Festplatte High Speed USB 3.1 HDD f\u00fcr Mac, PC, Laptop (2TB Silber) - Markt-XXL","isPartOf":{"@id":"https:\/\/marktxxl.de\/markt\/#website"},"primaryImageOfPage":{"@id":"https:\/\/marktxxl.de\/markt\/produkt\/externe-festplatte-2tb-tragbare-festplatte-high-speed-usb-3-1-hdd-fuer-mac-pc-laptop\/#primaryimage"},"image":{"@id":"https:\/\/marktxxl.de\/markt\/produkt\/externe-festplatte-2tb-tragbare-festplatte-high-speed-usb-3-1-hdd-fuer-mac-pc-laptop\/#primaryimage"},"thumbnailUrl":"https:\/\/m.media-amazon.com\/images\/I\/41Ki62mkGFL._SL500_.jpg","datePublished":"2022-06-14T06:26:29+00:00","dateModified":"2023-04-11T02:06:07+00:00","description":"Markt-XXL Externe Festplatte 2TB tragbare Festplatte High Speed USB 3.1 HDD f\u00fcr Mac, PC, Laptop (2TB Silber)","breadcrumb":{"@id":"https:\/\/marktxxl.de\/markt\/produkt\/externe-festplatte-2tb-tragbare-festplatte-high-speed-usb-3-1-hdd-fuer-mac-pc-laptop\/#breadcrumb"},"inLanguage":"de","potentialAction":[{"@type":"ReadAction","target":["https:\/\/marktxxl.de\/markt\/produkt\/externe-festplatte-2tb-tragbare-festplatte-high-speed-usb-3-1-hdd-fuer-mac-pc-laptop\/"]}]},{"@type":"ImageObject","inLanguage":"de","@id":"https:\/\/marktxxl.de\/markt\/produkt\/externe-festplatte-2tb-tragbare-festplatte-high-speed-usb-3-1-hdd-fuer-mac-pc-laptop\/#primaryimage","url":"https:\/\/m.media-amazon.com\/images\/I\/41Ki62mkGFL._SL500_.jpg","contentUrl":"https:\/\/m.media-amazon.com\/images\/I\/41Ki62mkGFL._SL500_.jpg","width":500,"height":500},{"@type":"BreadcrumbList","@id":"https:\/\/marktxxl.de\/markt\/produkt\/externe-festplatte-2tb-tragbare-festplatte-high-speed-usb-3-1-hdd-fuer-mac-pc-laptop\/#breadcrumb","itemListElement":[{"@type":"ListItem","position":1,"name":"Startseite","item":"https:\/\/marktxxl.de\/markt\/"},{"@type":"ListItem","position":2,"name":"Markt","item":"https:\/\/marktxxl.de\/markt\/"},{"@type":"ListItem","position":3,"name":"Externe Festplatte 2TB tragbare Festplatte High Speed USB 3.1 HDD f\u00fcr Mac, PC, Laptop (2TB Silber)"}]},{"@type":"WebSite","@id":"https:\/\/marktxxl.de\/markt\/#website","url":"https:\/\/marktxxl.de\/markt\/","name":"Markt-XXL","description":"Ihr Markt Online","publisher":{"@id":"https:\/\/marktxxl.de\/markt\/#organization"},"potentialAction":[{"@type":"SearchAction","target":{"@type":"EntryPoint","urlTemplate":"https:\/\/marktxxl.de\/markt\/?s={search_term_string}"},"query-input":{"@type":"PropertyValueSpecification","valueRequired":true,"valueName":"search_term_string"}}],"inLanguage":"de"},{"@type":"Organization","@id":"https:\/\/marktxxl.de\/markt\/#organization","name":"Markt-XXL","url":"https:\/\/marktxxl.de\/markt\/","logo":{"@type":"ImageObject","inLanguage":"de","@id":"https:\/\/marktxxl.de\/markt\/#\/schema\/logo\/image\/","url":"https:\/\/marktxxl.de\/markt\/wp-content\/uploads\/sites\/3\/2020\/12\/logo.png","contentUrl":"https:\/\/marktxxl.de\/markt\/wp-content\/uploads\/sites\/3\/2020\/12\/logo.png","width":200,"height":70,"caption":"Markt-XXL"},"image":{"@id":"https:\/\/marktxxl.de\/markt\/#\/schema\/logo\/image\/"}}]}},"_links":{"self":[{"href":"https:\/\/marktxxl.de\/markt\/wp-json\/wp\/v2\/product\/132088","targetHints":{"allow":["GET"]}}],"collection":[{"href":"https:\/\/marktxxl.de\/markt\/wp-json\/wp\/v2\/product"}],"about":[{"href":"https:\/\/marktxxl.de\/markt\/wp-json\/wp\/v2\/types\/product"}],"replies":[{"embeddable":true,"href":"https:\/\/marktxxl.de\/markt\/wp-json\/wp\/v2\/comments?post=132088"}],"wp:featuredmedia":[{"embeddable":true,"href":"https:\/\/marktxxl.de\/markt\/wp-json\/wp\/v2\/media\/132089"}],"wp:attachment":[{"href":"https:\/\/marktxxl.de\/markt\/wp-json\/wp\/v2\/media?parent=132088"}],"wp:term":[{"taxonomy":"product_brand","embeddable":true,"href":"https:\/\/marktxxl.de\/markt\/wp-json\/wp\/v2\/product_brand?post=132088"},{"taxonomy":"product_cat","embeddable":true,"href":"https:\/\/marktxxl.de\/markt\/wp-json\/wp\/v2\/product_cat?post=132088"},{"taxonomy":"product_tag","embeddable":true,"href":"https:\/\/marktxxl.de\/markt\/wp-json\/wp\/v2\/product_tag?post=132088"}],"curies":[{"name":"wp","href":"https:\/\/api.w.org\/{rel}","templated":true}]}}