{"id":132072,"date":"2022-06-14T08:26:12","date_gmt":"2022-06-14T06:26:12","guid":{"rendered":"https:\/\/marktxxl.de\/markt\/produkt\/external-hard-drive-2tb-tragbare-festplatte-hard-drive-high-speed-usb-3-1-externe-hdd-fuer-mac-pc-laptop\/"},"modified":"2023-04-11T04:06:07","modified_gmt":"2023-04-11T02:06:07","slug":"external-hard-drive-2tb-tragbare-festplatte-hard-drive-high-speed-usb-3-1-externe-hdd-fuer-mac-pc-laptop","status":"publish","type":"product","link":"https:\/\/marktxxl.de\/markt\/produkt\/external-hard-drive-2tb-tragbare-festplatte-hard-drive-high-speed-usb-3-1-externe-hdd-fuer-mac-pc-laptop\/","title":{"rendered":"Externe Festplatte 2 TB Hard Drive Hard Drive High Speed USB 3.1 Externe HDD f\u00fcr Mac PC, Laptop (2 TB Silber)"},"content":{"rendered":"<p>\u3010Plug and Play\u3011- Dieser externe Festplattenspeicher ist ready to go ohne Software zu installieren, nur Plug it in and Go<br \/>\n\u3010Superior Compatibility\u3011Its strong compatibility makes it workable with 99% of PC systems, including Microsoft Windows 10\/Windows 8.1\/Windows 8\/Windows 7\/Android and more!<br \/>\n\u3010High Speed Typ-C\/USB3.1 External Hard Drive\u3011Mit super hoher \u00dcbertragung. 5 Mal wie \u00fcblich harter Drive, wenn Sie reading und mehr als 1 Zeit schneller, wenn Sie writing, sorgen Sie daf\u00fcr, dass Ihre Arbeit effizienter wird<br \/>\n\u3010Robust &amp; langlebig\u3011Ultra Slim externe Festplatte sch\u00fctzt durch robust und langlebig, leicht und handlich, bequem f\u00fcr Ihre Palm oder Slip in der Tasche.<br \/>\n\u3010What You Get\u3011 1 x tragbare Festplatte, 1 x USB3.1 Kabel, 3 Jahre Warranty.<br \/>\n<div class=\"main-cross-sell\" data-asin=\"B0B2Q5FW2C\">\n\n\t<div class=\"WooZone-cross-sell-loader\">\n\t\t<div>\n\t\t\t<div id=\"floatingBarsG\">\n\t\t\t\t<div class=\"blockG\" id=\"rotateG_01\"><\/div>\n\t\t\t\t<div class=\"blockG\" id=\"rotateG_02\"><\/div>\n\t\t\t\t<div class=\"blockG\" id=\"rotateG_03\"><\/div>\n\t\t\t\t<div class=\"blockG\" id=\"rotateG_04\"><\/div>\n\t\t\t\t<div class=\"blockG\" id=\"rotateG_05\"><\/div>\n\t\t\t\t<div class=\"blockG\" id=\"rotateG_06\"><\/div>\n\t\t\t\t<div class=\"blockG\" id=\"rotateG_07\"><\/div>\n\t\t\t\t<div class=\"blockG\" id=\"rotateG_08\"><\/div>\n\t\t\t<\/div>\n\t\t\t<div class=\"WooZone-cross-sell-loader-text\"><\/div>\n\t\t<\/div>\n\t<\/div>\n\n\t\t\n<\/div>\n<div style=\"clear:both;\"><\/div><\/p>\n","protected":false},"excerpt":{"rendered":"<p>\u3010Plug and Play\u3011- Dieser externe Festplattenspeicher ist ready to go ohne Software zu installieren, nur Plug it in and Go<br \/>\n\u3010Superior Compatibility\u3011Its strong compatibility makes it workable with 99% of PC systems, including Microsoft Windows 10\/Windows 8.1\/Windows 8\/Windows 7\/Android and more!<br \/>\n\u3010High Speed Typ-C\/USB3.1 External Hard Drive\u3011Mit super hoher \u00dcbertragung. 5 Mal wie \u00fcblich harter Drive, wenn Sie reading und mehr als 1 Zeit schneller, wenn Sie writing, sorgen Sie daf\u00fcr, dass Ihre Arbeit effizienter wird<\/p>\n","protected":false},"featured_media":132073,"comment_status":"open","ping_status":"closed","template":"","meta":[],"product_brand":[],"product_cat":[863],"product_tag":[],"class_list":{"0":"post-132072","1":"product","2":"type-product","3":"status-publish","4":"has-post-thumbnail","6":"product_cat-computer-zubehoer","7":"pa_binding-elektronik","8":"pa_manufacturer-hanviohm","10":"first","11":"instock","12":"shipping-taxable","13":"purchasable","14":"product-type-simple","15":"customify-col","16":"product-has-gallery"},"yoast_head":"<!-- This site is optimized with the Yoast SEO plugin v27.4 - https:\/\/yoast.com\/product\/yoast-seo-wordpress\/ -->\n<title>Externe Festplatte 2 TB Hard Drive Hard Drive High Speed USB 3.1 Externe HDD f\u00fcr Mac PC, Laptop (2 TB Silber) - Markt-XXL<\/title>\n<meta name=\"description\" content=\"Markt-XXL Externe Festplatte 2 TB Hard Drive Hard Drive High Speed USB 3.1 Externe HDD f\u00fcr Mac PC, Laptop (2 TB Silber)\" \/>\n<meta name=\"robots\" content=\"index, follow, max-snippet:-1, max-image-preview:large, max-video-preview:-1\" \/>\n<link rel=\"canonical\" href=\"https:\/\/marktxxl.de\/markt\/produkt\/external-hard-drive-2tb-tragbare-festplatte-hard-drive-high-speed-usb-3-1-externe-hdd-fuer-mac-pc-laptop\/\" \/>\n<meta property=\"og:locale\" content=\"de_DE\" \/>\n<meta property=\"og:type\" content=\"article\" \/>\n<meta property=\"og:title\" content=\"Externe Festplatte 2 TB Hard Drive Hard Drive High Speed USB 3.1 Externe HDD f\u00fcr Mac PC, Laptop (2 TB Silber) - Markt-XXL\" \/>\n<meta property=\"og:description\" content=\"Markt-XXL Externe Festplatte 2 TB Hard Drive Hard Drive High Speed USB 3.1 Externe HDD f\u00fcr Mac PC, Laptop (2 TB Silber)\" \/>\n<meta property=\"og:url\" content=\"https:\/\/marktxxl.de\/markt\/produkt\/external-hard-drive-2tb-tragbare-festplatte-hard-drive-high-speed-usb-3-1-externe-hdd-fuer-mac-pc-laptop\/\" \/>\n<meta property=\"og:site_name\" content=\"Markt-XXL\" \/>\n<meta property=\"article:modified_time\" content=\"2023-04-11T02:06:07+00:00\" \/>\n<meta property=\"og:image\" content=\"https:\/\/m.media-amazon.com\/images\/I\/41Ki62mkGFL._SL500_.jpg\" \/>\n\t<meta property=\"og:image:width\" content=\"500\" \/>\n\t<meta property=\"og:image:height\" content=\"500\" \/>\n\t<meta property=\"og:image:type\" content=\"image\/jpeg\" \/>\n<meta name=\"twitter:card\" content=\"summary_large_image\" \/>\n<meta name=\"twitter:label1\" content=\"Gesch\u00e4tzte Lesezeit\" \/>\n\t<meta name=\"twitter:data1\" content=\"1\u00a0Minute\" \/>\n<script type=\"application\/ld+json\" class=\"yoast-schema-graph\">{\"@context\":\"https:\\\/\\\/schema.org\",\"@graph\":[{\"@type\":\"WebPage\",\"@id\":\"https:\\\/\\\/marktxxl.de\\\/markt\\\/produkt\\\/external-hard-drive-2tb-tragbare-festplatte-hard-drive-high-speed-usb-3-1-externe-hdd-fuer-mac-pc-laptop\\\/\",\"url\":\"https:\\\/\\\/marktxxl.de\\\/markt\\\/produkt\\\/external-hard-drive-2tb-tragbare-festplatte-hard-drive-high-speed-usb-3-1-externe-hdd-fuer-mac-pc-laptop\\\/\",\"name\":\"Externe Festplatte 2 TB Hard Drive Hard Drive High Speed USB 3.1 Externe HDD f\u00fcr Mac PC, Laptop (2 TB Silber) - Markt-XXL\",\"isPartOf\":{\"@id\":\"https:\\\/\\\/marktxxl.de\\\/markt\\\/#website\"},\"primaryImageOfPage\":{\"@id\":\"https:\\\/\\\/marktxxl.de\\\/markt\\\/produkt\\\/external-hard-drive-2tb-tragbare-festplatte-hard-drive-high-speed-usb-3-1-externe-hdd-fuer-mac-pc-laptop\\\/#primaryimage\"},\"image\":{\"@id\":\"https:\\\/\\\/marktxxl.de\\\/markt\\\/produkt\\\/external-hard-drive-2tb-tragbare-festplatte-hard-drive-high-speed-usb-3-1-externe-hdd-fuer-mac-pc-laptop\\\/#primaryimage\"},\"thumbnailUrl\":\"https:\\\/\\\/m.media-amazon.com\\\/images\\\/I\\\/41Ki62mkGFL._SL500_.jpg\",\"datePublished\":\"2022-06-14T06:26:12+00:00\",\"dateModified\":\"2023-04-11T02:06:07+00:00\",\"description\":\"Markt-XXL Externe Festplatte 2 TB Hard Drive Hard Drive High Speed USB 3.1 Externe HDD f\u00fcr Mac PC, Laptop (2 TB Silber)\",\"breadcrumb\":{\"@id\":\"https:\\\/\\\/marktxxl.de\\\/markt\\\/produkt\\\/external-hard-drive-2tb-tragbare-festplatte-hard-drive-high-speed-usb-3-1-externe-hdd-fuer-mac-pc-laptop\\\/#breadcrumb\"},\"inLanguage\":\"de\",\"potentialAction\":[{\"@type\":\"ReadAction\",\"target\":[\"https:\\\/\\\/marktxxl.de\\\/markt\\\/produkt\\\/external-hard-drive-2tb-tragbare-festplatte-hard-drive-high-speed-usb-3-1-externe-hdd-fuer-mac-pc-laptop\\\/\"]}]},{\"@type\":\"ImageObject\",\"inLanguage\":\"de\",\"@id\":\"https:\\\/\\\/marktxxl.de\\\/markt\\\/produkt\\\/external-hard-drive-2tb-tragbare-festplatte-hard-drive-high-speed-usb-3-1-externe-hdd-fuer-mac-pc-laptop\\\/#primaryimage\",\"url\":\"https:\\\/\\\/m.media-amazon.com\\\/images\\\/I\\\/41Ki62mkGFL._SL500_.jpg\",\"contentUrl\":\"https:\\\/\\\/m.media-amazon.com\\\/images\\\/I\\\/41Ki62mkGFL._SL500_.jpg\",\"width\":500,\"height\":500},{\"@type\":\"BreadcrumbList\",\"@id\":\"https:\\\/\\\/marktxxl.de\\\/markt\\\/produkt\\\/external-hard-drive-2tb-tragbare-festplatte-hard-drive-high-speed-usb-3-1-externe-hdd-fuer-mac-pc-laptop\\\/#breadcrumb\",\"itemListElement\":[{\"@type\":\"ListItem\",\"position\":1,\"name\":\"Startseite\",\"item\":\"https:\\\/\\\/marktxxl.de\\\/markt\\\/\"},{\"@type\":\"ListItem\",\"position\":2,\"name\":\"Markt\",\"item\":\"https:\\\/\\\/marktxxl.de\\\/markt\\\/\"},{\"@type\":\"ListItem\",\"position\":3,\"name\":\"Externe Festplatte 2 TB Hard Drive Hard Drive High Speed USB 3.1 Externe HDD f\u00fcr Mac PC, Laptop (2 TB Silber)\"}]},{\"@type\":\"WebSite\",\"@id\":\"https:\\\/\\\/marktxxl.de\\\/markt\\\/#website\",\"url\":\"https:\\\/\\\/marktxxl.de\\\/markt\\\/\",\"name\":\"Markt-XXL\",\"description\":\"Ihr Markt Online\",\"publisher\":{\"@id\":\"https:\\\/\\\/marktxxl.de\\\/markt\\\/#organization\"},\"potentialAction\":[{\"@type\":\"SearchAction\",\"target\":{\"@type\":\"EntryPoint\",\"urlTemplate\":\"https:\\\/\\\/marktxxl.de\\\/markt\\\/?s={search_term_string}\"},\"query-input\":{\"@type\":\"PropertyValueSpecification\",\"valueRequired\":true,\"valueName\":\"search_term_string\"}}],\"inLanguage\":\"de\"},{\"@type\":\"Organization\",\"@id\":\"https:\\\/\\\/marktxxl.de\\\/markt\\\/#organization\",\"name\":\"Markt-XXL\",\"url\":\"https:\\\/\\\/marktxxl.de\\\/markt\\\/\",\"logo\":{\"@type\":\"ImageObject\",\"inLanguage\":\"de\",\"@id\":\"https:\\\/\\\/marktxxl.de\\\/markt\\\/#\\\/schema\\\/logo\\\/image\\\/\",\"url\":\"https:\\\/\\\/marktxxl.de\\\/markt\\\/wp-content\\\/uploads\\\/sites\\\/3\\\/2020\\\/12\\\/logo.png\",\"contentUrl\":\"https:\\\/\\\/marktxxl.de\\\/markt\\\/wp-content\\\/uploads\\\/sites\\\/3\\\/2020\\\/12\\\/logo.png\",\"width\":200,\"height\":70,\"caption\":\"Markt-XXL\"},\"image\":{\"@id\":\"https:\\\/\\\/marktxxl.de\\\/markt\\\/#\\\/schema\\\/logo\\\/image\\\/\"}}]}<\/script>\n<!-- \/ Yoast SEO plugin. -->","yoast_head_json":{"title":"Externe Festplatte 2 TB Hard Drive Hard Drive High Speed USB 3.1 Externe HDD f\u00fcr Mac PC, Laptop (2 TB Silber) - Markt-XXL","description":"Markt-XXL Externe Festplatte 2 TB Hard Drive Hard Drive High Speed USB 3.1 Externe HDD f\u00fcr Mac PC, Laptop (2 TB Silber)","robots":{"index":"index","follow":"follow","max-snippet":"max-snippet:-1","max-image-preview":"max-image-preview:large","max-video-preview":"max-video-preview:-1"},"canonical":"https:\/\/marktxxl.de\/markt\/produkt\/external-hard-drive-2tb-tragbare-festplatte-hard-drive-high-speed-usb-3-1-externe-hdd-fuer-mac-pc-laptop\/","og_locale":"de_DE","og_type":"article","og_title":"Externe Festplatte 2 TB Hard Drive Hard Drive High Speed USB 3.1 Externe HDD f\u00fcr Mac PC, Laptop (2 TB Silber) - Markt-XXL","og_description":"Markt-XXL Externe Festplatte 2 TB Hard Drive Hard Drive High Speed USB 3.1 Externe HDD f\u00fcr Mac PC, Laptop (2 TB Silber)","og_url":"https:\/\/marktxxl.de\/markt\/produkt\/external-hard-drive-2tb-tragbare-festplatte-hard-drive-high-speed-usb-3-1-externe-hdd-fuer-mac-pc-laptop\/","og_site_name":"Markt-XXL","article_modified_time":"2023-04-11T02:06:07+00:00","og_image":[{"width":500,"height":500,"url":"https:\/\/m.media-amazon.com\/images\/I\/41Ki62mkGFL._SL500_.jpg","type":"image\/jpeg"}],"twitter_card":"summary_large_image","twitter_misc":{"Gesch\u00e4tzte Lesezeit":"1\u00a0Minute"},"schema":{"@context":"https:\/\/schema.org","@graph":[{"@type":"WebPage","@id":"https:\/\/marktxxl.de\/markt\/produkt\/external-hard-drive-2tb-tragbare-festplatte-hard-drive-high-speed-usb-3-1-externe-hdd-fuer-mac-pc-laptop\/","url":"https:\/\/marktxxl.de\/markt\/produkt\/external-hard-drive-2tb-tragbare-festplatte-hard-drive-high-speed-usb-3-1-externe-hdd-fuer-mac-pc-laptop\/","name":"Externe Festplatte 2 TB Hard Drive Hard Drive High Speed USB 3.1 Externe HDD f\u00fcr Mac PC, Laptop (2 TB Silber) - Markt-XXL","isPartOf":{"@id":"https:\/\/marktxxl.de\/markt\/#website"},"primaryImageOfPage":{"@id":"https:\/\/marktxxl.de\/markt\/produkt\/external-hard-drive-2tb-tragbare-festplatte-hard-drive-high-speed-usb-3-1-externe-hdd-fuer-mac-pc-laptop\/#primaryimage"},"image":{"@id":"https:\/\/marktxxl.de\/markt\/produkt\/external-hard-drive-2tb-tragbare-festplatte-hard-drive-high-speed-usb-3-1-externe-hdd-fuer-mac-pc-laptop\/#primaryimage"},"thumbnailUrl":"https:\/\/m.media-amazon.com\/images\/I\/41Ki62mkGFL._SL500_.jpg","datePublished":"2022-06-14T06:26:12+00:00","dateModified":"2023-04-11T02:06:07+00:00","description":"Markt-XXL Externe Festplatte 2 TB Hard Drive Hard Drive High Speed USB 3.1 Externe HDD f\u00fcr Mac PC, Laptop (2 TB Silber)","breadcrumb":{"@id":"https:\/\/marktxxl.de\/markt\/produkt\/external-hard-drive-2tb-tragbare-festplatte-hard-drive-high-speed-usb-3-1-externe-hdd-fuer-mac-pc-laptop\/#breadcrumb"},"inLanguage":"de","potentialAction":[{"@type":"ReadAction","target":["https:\/\/marktxxl.de\/markt\/produkt\/external-hard-drive-2tb-tragbare-festplatte-hard-drive-high-speed-usb-3-1-externe-hdd-fuer-mac-pc-laptop\/"]}]},{"@type":"ImageObject","inLanguage":"de","@id":"https:\/\/marktxxl.de\/markt\/produkt\/external-hard-drive-2tb-tragbare-festplatte-hard-drive-high-speed-usb-3-1-externe-hdd-fuer-mac-pc-laptop\/#primaryimage","url":"https:\/\/m.media-amazon.com\/images\/I\/41Ki62mkGFL._SL500_.jpg","contentUrl":"https:\/\/m.media-amazon.com\/images\/I\/41Ki62mkGFL._SL500_.jpg","width":500,"height":500},{"@type":"BreadcrumbList","@id":"https:\/\/marktxxl.de\/markt\/produkt\/external-hard-drive-2tb-tragbare-festplatte-hard-drive-high-speed-usb-3-1-externe-hdd-fuer-mac-pc-laptop\/#breadcrumb","itemListElement":[{"@type":"ListItem","position":1,"name":"Startseite","item":"https:\/\/marktxxl.de\/markt\/"},{"@type":"ListItem","position":2,"name":"Markt","item":"https:\/\/marktxxl.de\/markt\/"},{"@type":"ListItem","position":3,"name":"Externe Festplatte 2 TB Hard Drive Hard Drive High Speed USB 3.1 Externe HDD f\u00fcr Mac PC, Laptop (2 TB Silber)"}]},{"@type":"WebSite","@id":"https:\/\/marktxxl.de\/markt\/#website","url":"https:\/\/marktxxl.de\/markt\/","name":"Markt-XXL","description":"Ihr Markt Online","publisher":{"@id":"https:\/\/marktxxl.de\/markt\/#organization"},"potentialAction":[{"@type":"SearchAction","target":{"@type":"EntryPoint","urlTemplate":"https:\/\/marktxxl.de\/markt\/?s={search_term_string}"},"query-input":{"@type":"PropertyValueSpecification","valueRequired":true,"valueName":"search_term_string"}}],"inLanguage":"de"},{"@type":"Organization","@id":"https:\/\/marktxxl.de\/markt\/#organization","name":"Markt-XXL","url":"https:\/\/marktxxl.de\/markt\/","logo":{"@type":"ImageObject","inLanguage":"de","@id":"https:\/\/marktxxl.de\/markt\/#\/schema\/logo\/image\/","url":"https:\/\/marktxxl.de\/markt\/wp-content\/uploads\/sites\/3\/2020\/12\/logo.png","contentUrl":"https:\/\/marktxxl.de\/markt\/wp-content\/uploads\/sites\/3\/2020\/12\/logo.png","width":200,"height":70,"caption":"Markt-XXL"},"image":{"@id":"https:\/\/marktxxl.de\/markt\/#\/schema\/logo\/image\/"}}]}},"_links":{"self":[{"href":"https:\/\/marktxxl.de\/markt\/wp-json\/wp\/v2\/product\/132072","targetHints":{"allow":["GET"]}}],"collection":[{"href":"https:\/\/marktxxl.de\/markt\/wp-json\/wp\/v2\/product"}],"about":[{"href":"https:\/\/marktxxl.de\/markt\/wp-json\/wp\/v2\/types\/product"}],"replies":[{"embeddable":true,"href":"https:\/\/marktxxl.de\/markt\/wp-json\/wp\/v2\/comments?post=132072"}],"wp:featuredmedia":[{"embeddable":true,"href":"https:\/\/marktxxl.de\/markt\/wp-json\/wp\/v2\/media\/132073"}],"wp:attachment":[{"href":"https:\/\/marktxxl.de\/markt\/wp-json\/wp\/v2\/media?parent=132072"}],"wp:term":[{"taxonomy":"product_brand","embeddable":true,"href":"https:\/\/marktxxl.de\/markt\/wp-json\/wp\/v2\/product_brand?post=132072"},{"taxonomy":"product_cat","embeddable":true,"href":"https:\/\/marktxxl.de\/markt\/wp-json\/wp\/v2\/product_cat?post=132072"},{"taxonomy":"product_tag","embeddable":true,"href":"https:\/\/marktxxl.de\/markt\/wp-json\/wp\/v2\/product_tag?post=132072"}],"curies":[{"name":"wp","href":"https:\/\/api.w.org\/{rel}","templated":true}]}}