{"id":132039,"date":"2022-06-14T08:25:39","date_gmt":"2022-06-14T06:25:39","guid":{"rendered":"https:\/\/marktxxl.de\/markt\/produkt\/usb-c-auf-ios-ladekabel-adapter\/"},"modified":"2023-04-11T04:06:07","modified_gmt":"2023-04-11T02:06:07","slug":"usb-c-auf-ios-ladekabel-adapter","status":"publish","type":"product","link":"https:\/\/marktxxl.de\/markt\/produkt\/usb-c-auf-ios-ladekabel-adapter\/","title":{"rendered":"Basesailor USB C auf Lightning Ladekabel 2M mit USB A Adapter,Apple MFI Zertifiziert Lang Kable,Typ C Netzteil PD\u2026"},"content":{"rendered":"<p>\u235f Buntes Kabel macht buntes Leben \u235f &#8212; W\u00e4hlen Sie die Farbe, die mit Ihnen in Resonanz steht, Sie gl\u00fccklich macht und Sie energetisiert. Oder w\u00e4hlen Sie einfach die Farbe, die zu Ihren Apple-Ger\u00e4ten passt! (Bonus!) Verwandeln Sie das Kabel in ein USB-A-auf-Lightning-Kabel mit dem USB-C-auf-USB-A-Adapter im Paket.<br \/>\n\u235f APPLE-MFI-SCHUTZ \u235f &#8212; Verhindern Sie mit diesen MFI-zertifizierten Lightning Kabeln Sch\u00e4den an Ihrem iPhone, i+Pad oder anderen Apple-Ger\u00e4ten. Verabschieden Sie sich von den nervigen Popup-Benachrichtigungen!<br \/>\n\u235f UNTERST\u00dcTZEN DES USB-PD-PROTOKOLLS \u235f &#8212; Sie k\u00f6nnen von den neuesten Geschwindigkeitssteigerungen profitieren, die dieses Kabel bietet, wenn Sie Ihre Apple-Ger\u00e4te mit einem USB-C-Adapter aufladen, der USB Power Delivery unterst\u00fctzt. Schnelles Laden ist kein Problem!<br \/>\n\u235f EXTREM LANGLEBIG \u235f &#8212; Unser Produkt besteht aus einer doppelt geflochtenen Au\u00dfenseite und Steckverbindern aus Aluminiumlegierung und ist ein langlebiges und robustes Kabel, auf das Sie sich verlassen k\u00f6nnen. Es verf\u00fcgt \u00fcber eine \u00fcber 7000 Biegungen gepr\u00fcfte Lebensdauer, die es erm\u00f6glicht, den t\u00e4glichen Verschlei\u00df auszuhalten.<br \/>\n\u235f BENUTZERFREUNDLICHES DESIGN \u235f &#8212; Die perfekte L\u00e4nge des Kabels macht es f\u00fcr die Verwendung auf der Couch, im Bett, im B\u00fcro oder sogar auf dem R\u00fccksitz Ihres Autos geeignet, w\u00e4hrend Ihr Ger\u00e4t aufgeladen wird. Ein zus\u00e4tzlicher flexibler Klettverschluss hilft Ihnen dabei, \u00fcbersch\u00fcssiges Kabel aus dem Weg zu r\u00e4umen und ein Verknoten des Kabels zu vermeiden.<br \/>\n<div class=\"main-cross-sell\" data-asin=\"B09QC7BP7Q\">\n\n\t<div class=\"WooZone-cross-sell-loader\">\n\t\t<div>\n\t\t\t<div id=\"floatingBarsG\">\n\t\t\t\t<div class=\"blockG\" id=\"rotateG_01\"><\/div>\n\t\t\t\t<div class=\"blockG\" id=\"rotateG_02\"><\/div>\n\t\t\t\t<div class=\"blockG\" id=\"rotateG_03\"><\/div>\n\t\t\t\t<div class=\"blockG\" id=\"rotateG_04\"><\/div>\n\t\t\t\t<div class=\"blockG\" id=\"rotateG_05\"><\/div>\n\t\t\t\t<div class=\"blockG\" id=\"rotateG_06\"><\/div>\n\t\t\t\t<div class=\"blockG\" id=\"rotateG_07\"><\/div>\n\t\t\t\t<div class=\"blockG\" id=\"rotateG_08\"><\/div>\n\t\t\t<\/div>\n\t\t\t<div class=\"WooZone-cross-sell-loader-text\"><\/div>\n\t\t<\/div>\n\t<\/div>\n\n\t\t\n<\/div>\n<div style=\"clear:both;\"><\/div><\/p>\n","protected":false},"excerpt":{"rendered":"<p>\u235f Buntes Kabel macht buntes Leben \u235f &#8212; W\u00e4hlen Sie die Farbe, die mit Ihnen in Resonanz steht, Sie gl\u00fccklich macht und Sie energetisiert. Oder w\u00e4hlen Sie einfach die Farbe, die zu Ihren Apple-Ger\u00e4ten passt! (Bonus!) Verwandeln Sie das Kabel in ein USB-A-auf-Lightning-Kabel mit dem USB-C-auf-USB-A-Adapter im Paket.<br \/>\n\u235f APPLE-MFI-SCHUTZ \u235f &#8212; Verhindern Sie mit diesen MFI-zertifizierten Lightning Kabeln Sch\u00e4den an Ihrem iPhone, i+Pad oder anderen Apple-Ger\u00e4ten. Verabschieden Sie sich von den nervigen Popup-Benachrichtigungen!<br \/>\n\u235f UNTERST\u00dcTZEN DES USB-PD-PROTOKOLLS \u235f &#8212; Sie k\u00f6nnen von den neuesten Geschwindigkeitssteigerungen profitieren, die dieses Kabel bietet, wenn Sie Ihre Apple-Ger\u00e4te mit einem USB-C-Adapter aufladen, der USB Power Delivery unterst\u00fctzt. Schnelles Laden ist kein Problem!<\/p>\n","protected":false},"featured_media":132040,"comment_status":"open","ping_status":"closed","template":"","meta":[],"product_brand":[],"product_cat":[863],"product_tag":[],"class_list":{"0":"post-132039","1":"product","2":"type-product","3":"status-publish","4":"has-post-thumbnail","6":"product_cat-computer-zubehoer","7":"pa_brand-basesailor","8":"pa_manufacturer-basesailor","10":"first","11":"instock","12":"shipping-taxable","13":"purchasable","14":"product-type-simple","15":"customify-col","16":"product-has-gallery"},"yoast_head":"<!-- This site is optimized with the Yoast SEO plugin v27.4 - https:\/\/yoast.com\/product\/yoast-seo-wordpress\/ -->\n<title>Basesailor USB C auf Lightning Ladekabel 2M mit USB A Adapter,Apple MFI Zertifiziert Lang Kable,Typ C Netzteil PD\u2026 - Markt-XXL<\/title>\n<meta name=\"description\" content=\"Markt-XXL Basesailor USB C auf Lightning Ladekabel 2M mit USB A Adapter,Apple MFI Zertifiziert Lang Kable,Typ C Netzteil PD\u2026\" \/>\n<meta name=\"robots\" content=\"index, follow, max-snippet:-1, max-image-preview:large, max-video-preview:-1\" \/>\n<link rel=\"canonical\" href=\"https:\/\/marktxxl.de\/markt\/produkt\/usb-c-auf-ios-ladekabel-adapter\/\" \/>\n<meta property=\"og:locale\" content=\"de_DE\" \/>\n<meta property=\"og:type\" content=\"article\" \/>\n<meta property=\"og:title\" content=\"Basesailor USB C auf Lightning Ladekabel 2M mit USB A Adapter,Apple MFI Zertifiziert Lang Kable,Typ C Netzteil PD\u2026 - Markt-XXL\" \/>\n<meta property=\"og:description\" content=\"Markt-XXL Basesailor USB C auf Lightning Ladekabel 2M mit USB A Adapter,Apple MFI Zertifiziert Lang Kable,Typ C Netzteil PD\u2026\" \/>\n<meta property=\"og:url\" content=\"https:\/\/marktxxl.de\/markt\/produkt\/usb-c-auf-ios-ladekabel-adapter\/\" \/>\n<meta property=\"og:site_name\" content=\"Markt-XXL\" \/>\n<meta property=\"article:modified_time\" content=\"2023-04-11T02:06:07+00:00\" \/>\n<meta property=\"og:image\" content=\"https:\/\/m.media-amazon.com\/images\/I\/51JM6QMT54L._SL500_.jpg\" \/>\n\t<meta property=\"og:image:width\" content=\"417\" \/>\n\t<meta property=\"og:image:height\" content=\"500\" \/>\n\t<meta property=\"og:image:type\" content=\"image\/jpeg\" \/>\n<meta name=\"twitter:card\" content=\"summary_large_image\" \/>\n<meta name=\"twitter:label1\" content=\"Gesch\u00e4tzte Lesezeit\" \/>\n\t<meta name=\"twitter:data1\" content=\"1\u00a0Minute\" \/>\n<script type=\"application\/ld+json\" class=\"yoast-schema-graph\">{\"@context\":\"https:\\\/\\\/schema.org\",\"@graph\":[{\"@type\":\"WebPage\",\"@id\":\"https:\\\/\\\/marktxxl.de\\\/markt\\\/produkt\\\/usb-c-auf-ios-ladekabel-adapter\\\/\",\"url\":\"https:\\\/\\\/marktxxl.de\\\/markt\\\/produkt\\\/usb-c-auf-ios-ladekabel-adapter\\\/\",\"name\":\"Basesailor USB C auf Lightning Ladekabel 2M mit USB A Adapter,Apple MFI Zertifiziert Lang Kable,Typ C Netzteil PD\u2026 - Markt-XXL\",\"isPartOf\":{\"@id\":\"https:\\\/\\\/marktxxl.de\\\/markt\\\/#website\"},\"primaryImageOfPage\":{\"@id\":\"https:\\\/\\\/marktxxl.de\\\/markt\\\/produkt\\\/usb-c-auf-ios-ladekabel-adapter\\\/#primaryimage\"},\"image\":{\"@id\":\"https:\\\/\\\/marktxxl.de\\\/markt\\\/produkt\\\/usb-c-auf-ios-ladekabel-adapter\\\/#primaryimage\"},\"thumbnailUrl\":\"https:\\\/\\\/m.media-amazon.com\\\/images\\\/I\\\/51JM6QMT54L._SL500_.jpg\",\"datePublished\":\"2022-06-14T06:25:39+00:00\",\"dateModified\":\"2023-04-11T02:06:07+00:00\",\"description\":\"Markt-XXL Basesailor USB C auf Lightning Ladekabel 2M mit USB A Adapter,Apple MFI Zertifiziert Lang Kable,Typ C Netzteil PD\u2026\",\"breadcrumb\":{\"@id\":\"https:\\\/\\\/marktxxl.de\\\/markt\\\/produkt\\\/usb-c-auf-ios-ladekabel-adapter\\\/#breadcrumb\"},\"inLanguage\":\"de\",\"potentialAction\":[{\"@type\":\"ReadAction\",\"target\":[\"https:\\\/\\\/marktxxl.de\\\/markt\\\/produkt\\\/usb-c-auf-ios-ladekabel-adapter\\\/\"]}]},{\"@type\":\"ImageObject\",\"inLanguage\":\"de\",\"@id\":\"https:\\\/\\\/marktxxl.de\\\/markt\\\/produkt\\\/usb-c-auf-ios-ladekabel-adapter\\\/#primaryimage\",\"url\":\"https:\\\/\\\/m.media-amazon.com\\\/images\\\/I\\\/51JM6QMT54L._SL500_.jpg\",\"contentUrl\":\"https:\\\/\\\/m.media-amazon.com\\\/images\\\/I\\\/51JM6QMT54L._SL500_.jpg\",\"width\":417,\"height\":500},{\"@type\":\"BreadcrumbList\",\"@id\":\"https:\\\/\\\/marktxxl.de\\\/markt\\\/produkt\\\/usb-c-auf-ios-ladekabel-adapter\\\/#breadcrumb\",\"itemListElement\":[{\"@type\":\"ListItem\",\"position\":1,\"name\":\"Startseite\",\"item\":\"https:\\\/\\\/marktxxl.de\\\/markt\\\/\"},{\"@type\":\"ListItem\",\"position\":2,\"name\":\"Markt\",\"item\":\"https:\\\/\\\/marktxxl.de\\\/markt\\\/\"},{\"@type\":\"ListItem\",\"position\":3,\"name\":\"Basesailor USB C auf Lightning Ladekabel 2M mit USB A Adapter,Apple MFI Zertifiziert Lang Kable,Typ C Netzteil PD\u2026\"}]},{\"@type\":\"WebSite\",\"@id\":\"https:\\\/\\\/marktxxl.de\\\/markt\\\/#website\",\"url\":\"https:\\\/\\\/marktxxl.de\\\/markt\\\/\",\"name\":\"Markt-XXL\",\"description\":\"Ihr Markt Online\",\"publisher\":{\"@id\":\"https:\\\/\\\/marktxxl.de\\\/markt\\\/#organization\"},\"potentialAction\":[{\"@type\":\"SearchAction\",\"target\":{\"@type\":\"EntryPoint\",\"urlTemplate\":\"https:\\\/\\\/marktxxl.de\\\/markt\\\/?s={search_term_string}\"},\"query-input\":{\"@type\":\"PropertyValueSpecification\",\"valueRequired\":true,\"valueName\":\"search_term_string\"}}],\"inLanguage\":\"de\"},{\"@type\":\"Organization\",\"@id\":\"https:\\\/\\\/marktxxl.de\\\/markt\\\/#organization\",\"name\":\"Markt-XXL\",\"url\":\"https:\\\/\\\/marktxxl.de\\\/markt\\\/\",\"logo\":{\"@type\":\"ImageObject\",\"inLanguage\":\"de\",\"@id\":\"https:\\\/\\\/marktxxl.de\\\/markt\\\/#\\\/schema\\\/logo\\\/image\\\/\",\"url\":\"https:\\\/\\\/marktxxl.de\\\/markt\\\/wp-content\\\/uploads\\\/sites\\\/3\\\/2020\\\/12\\\/logo.png\",\"contentUrl\":\"https:\\\/\\\/marktxxl.de\\\/markt\\\/wp-content\\\/uploads\\\/sites\\\/3\\\/2020\\\/12\\\/logo.png\",\"width\":200,\"height\":70,\"caption\":\"Markt-XXL\"},\"image\":{\"@id\":\"https:\\\/\\\/marktxxl.de\\\/markt\\\/#\\\/schema\\\/logo\\\/image\\\/\"}}]}<\/script>\n<!-- \/ Yoast SEO plugin. -->","yoast_head_json":{"title":"Basesailor USB C auf Lightning Ladekabel 2M mit USB A Adapter,Apple MFI Zertifiziert Lang Kable,Typ C Netzteil PD\u2026 - Markt-XXL","description":"Markt-XXL Basesailor USB C auf Lightning Ladekabel 2M mit USB A Adapter,Apple MFI Zertifiziert Lang Kable,Typ C Netzteil PD\u2026","robots":{"index":"index","follow":"follow","max-snippet":"max-snippet:-1","max-image-preview":"max-image-preview:large","max-video-preview":"max-video-preview:-1"},"canonical":"https:\/\/marktxxl.de\/markt\/produkt\/usb-c-auf-ios-ladekabel-adapter\/","og_locale":"de_DE","og_type":"article","og_title":"Basesailor USB C auf Lightning Ladekabel 2M mit USB A Adapter,Apple MFI Zertifiziert Lang Kable,Typ C Netzteil PD\u2026 - Markt-XXL","og_description":"Markt-XXL Basesailor USB C auf Lightning Ladekabel 2M mit USB A Adapter,Apple MFI Zertifiziert Lang Kable,Typ C Netzteil PD\u2026","og_url":"https:\/\/marktxxl.de\/markt\/produkt\/usb-c-auf-ios-ladekabel-adapter\/","og_site_name":"Markt-XXL","article_modified_time":"2023-04-11T02:06:07+00:00","og_image":[{"width":417,"height":500,"url":"https:\/\/m.media-amazon.com\/images\/I\/51JM6QMT54L._SL500_.jpg","type":"image\/jpeg"}],"twitter_card":"summary_large_image","twitter_misc":{"Gesch\u00e4tzte Lesezeit":"1\u00a0Minute"},"schema":{"@context":"https:\/\/schema.org","@graph":[{"@type":"WebPage","@id":"https:\/\/marktxxl.de\/markt\/produkt\/usb-c-auf-ios-ladekabel-adapter\/","url":"https:\/\/marktxxl.de\/markt\/produkt\/usb-c-auf-ios-ladekabel-adapter\/","name":"Basesailor USB C auf Lightning Ladekabel 2M mit USB A Adapter,Apple MFI Zertifiziert Lang Kable,Typ C Netzteil PD\u2026 - Markt-XXL","isPartOf":{"@id":"https:\/\/marktxxl.de\/markt\/#website"},"primaryImageOfPage":{"@id":"https:\/\/marktxxl.de\/markt\/produkt\/usb-c-auf-ios-ladekabel-adapter\/#primaryimage"},"image":{"@id":"https:\/\/marktxxl.de\/markt\/produkt\/usb-c-auf-ios-ladekabel-adapter\/#primaryimage"},"thumbnailUrl":"https:\/\/m.media-amazon.com\/images\/I\/51JM6QMT54L._SL500_.jpg","datePublished":"2022-06-14T06:25:39+00:00","dateModified":"2023-04-11T02:06:07+00:00","description":"Markt-XXL Basesailor USB C auf Lightning Ladekabel 2M mit USB A Adapter,Apple MFI Zertifiziert Lang Kable,Typ C Netzteil PD\u2026","breadcrumb":{"@id":"https:\/\/marktxxl.de\/markt\/produkt\/usb-c-auf-ios-ladekabel-adapter\/#breadcrumb"},"inLanguage":"de","potentialAction":[{"@type":"ReadAction","target":["https:\/\/marktxxl.de\/markt\/produkt\/usb-c-auf-ios-ladekabel-adapter\/"]}]},{"@type":"ImageObject","inLanguage":"de","@id":"https:\/\/marktxxl.de\/markt\/produkt\/usb-c-auf-ios-ladekabel-adapter\/#primaryimage","url":"https:\/\/m.media-amazon.com\/images\/I\/51JM6QMT54L._SL500_.jpg","contentUrl":"https:\/\/m.media-amazon.com\/images\/I\/51JM6QMT54L._SL500_.jpg","width":417,"height":500},{"@type":"BreadcrumbList","@id":"https:\/\/marktxxl.de\/markt\/produkt\/usb-c-auf-ios-ladekabel-adapter\/#breadcrumb","itemListElement":[{"@type":"ListItem","position":1,"name":"Startseite","item":"https:\/\/marktxxl.de\/markt\/"},{"@type":"ListItem","position":2,"name":"Markt","item":"https:\/\/marktxxl.de\/markt\/"},{"@type":"ListItem","position":3,"name":"Basesailor USB C auf Lightning Ladekabel 2M mit USB A Adapter,Apple MFI Zertifiziert Lang Kable,Typ C Netzteil PD\u2026"}]},{"@type":"WebSite","@id":"https:\/\/marktxxl.de\/markt\/#website","url":"https:\/\/marktxxl.de\/markt\/","name":"Markt-XXL","description":"Ihr Markt Online","publisher":{"@id":"https:\/\/marktxxl.de\/markt\/#organization"},"potentialAction":[{"@type":"SearchAction","target":{"@type":"EntryPoint","urlTemplate":"https:\/\/marktxxl.de\/markt\/?s={search_term_string}"},"query-input":{"@type":"PropertyValueSpecification","valueRequired":true,"valueName":"search_term_string"}}],"inLanguage":"de"},{"@type":"Organization","@id":"https:\/\/marktxxl.de\/markt\/#organization","name":"Markt-XXL","url":"https:\/\/marktxxl.de\/markt\/","logo":{"@type":"ImageObject","inLanguage":"de","@id":"https:\/\/marktxxl.de\/markt\/#\/schema\/logo\/image\/","url":"https:\/\/marktxxl.de\/markt\/wp-content\/uploads\/sites\/3\/2020\/12\/logo.png","contentUrl":"https:\/\/marktxxl.de\/markt\/wp-content\/uploads\/sites\/3\/2020\/12\/logo.png","width":200,"height":70,"caption":"Markt-XXL"},"image":{"@id":"https:\/\/marktxxl.de\/markt\/#\/schema\/logo\/image\/"}}]}},"_links":{"self":[{"href":"https:\/\/marktxxl.de\/markt\/wp-json\/wp\/v2\/product\/132039","targetHints":{"allow":["GET"]}}],"collection":[{"href":"https:\/\/marktxxl.de\/markt\/wp-json\/wp\/v2\/product"}],"about":[{"href":"https:\/\/marktxxl.de\/markt\/wp-json\/wp\/v2\/types\/product"}],"replies":[{"embeddable":true,"href":"https:\/\/marktxxl.de\/markt\/wp-json\/wp\/v2\/comments?post=132039"}],"wp:featuredmedia":[{"embeddable":true,"href":"https:\/\/marktxxl.de\/markt\/wp-json\/wp\/v2\/media\/132040"}],"wp:attachment":[{"href":"https:\/\/marktxxl.de\/markt\/wp-json\/wp\/v2\/media?parent=132039"}],"wp:term":[{"taxonomy":"product_brand","embeddable":true,"href":"https:\/\/marktxxl.de\/markt\/wp-json\/wp\/v2\/product_brand?post=132039"},{"taxonomy":"product_cat","embeddable":true,"href":"https:\/\/marktxxl.de\/markt\/wp-json\/wp\/v2\/product_cat?post=132039"},{"taxonomy":"product_tag","embeddable":true,"href":"https:\/\/marktxxl.de\/markt\/wp-json\/wp\/v2\/product_tag?post=132039"}],"curies":[{"name":"wp","href":"https:\/\/api.w.org\/{rel}","templated":true}]}}