{"id":131979,"date":"2022-06-14T08:04:42","date_gmt":"2022-06-14T06:04:42","guid":{"rendered":"https:\/\/marktxxl.de\/markt\/produkt\/medi-inn-dosierpumpe-mit-4-x-500-ml-sterillium-haendedesinfektion\/"},"modified":"2023-04-11T04:06:06","modified_gmt":"2023-04-11T02:06:06","slug":"medi-inn-dosierpumpe-mit-4-x-500-ml-sterillium-haendedesinfektion","status":"publish","type":"product","link":"https:\/\/marktxxl.de\/markt\/produkt\/medi-inn-dosierpumpe-mit-4-x-500-ml-sterillium-haendedesinfektion\/","title":{"rendered":"Medi-Inn Dosierpumpe mit 4 x 500 ml Sterillium H\u00e4ndedesinfektion"},"content":{"rendered":"<p>\u2713 STERILLIUM \u25b8 Der Klassiker der alkoholischen H\u00e4ndedesinfektion. Sehr gute Hautvertr\u00e4glichkeit durch Gutachten belegt. Der Klassiker der alkoholischen H\u00e4ndedesinfektion. Seit \u00fcber 50 Jahren erfolgreich. Dank seiner verl\u00e4sslichen antimikrobiellen Wirksamkeit und seiner hervorragenden Hautfreundlichkeit der Favorit von Millionen Nutzern rund um die Welt.<br \/>\n\u2713 UMFASSEND WIRKSAM \u25b8 Umfassend wirksam gegen Bakterien, Hefepilze und beh\u00fcllte Viren.<br \/>\n\u2713 HAUTSCHONEND \u25b8 Besonders hautvertr\u00e4glich und r\u00fcckfettend. Ausgezeichnete Vertr\u00e4glichkeit auch bei Langzeitanwendung. Die wiederholte Anwendung von Sterillium erh\u00f6ht die Hautfeuchtigkeit.<br \/>\n\u2713 ANWENDUNGSGEBIETE \u25b8 F\u00fcr die hygienische und chirurgische H\u00e4ndedesinfektion. F\u00fcr alle hygienerelevanten Bereiche in Gesundheitsweisen, Industrie und h\u00e4uslicher Pflege geeignet.<br \/>\n\u2713 KAUFMENGE \u25b8 4 x Bode | Hartmann Sterillium 500 ml + 1 x Medi-Inn Dosierpumpe<br \/>\n<div class=\"main-cross-sell\" data-asin=\"B071P1R8FM\">\n\n\t<div class=\"WooZone-cross-sell-loader\">\n\t\t<div>\n\t\t\t<div id=\"floatingBarsG\">\n\t\t\t\t<div class=\"blockG\" id=\"rotateG_01\"><\/div>\n\t\t\t\t<div class=\"blockG\" id=\"rotateG_02\"><\/div>\n\t\t\t\t<div class=\"blockG\" id=\"rotateG_03\"><\/div>\n\t\t\t\t<div class=\"blockG\" id=\"rotateG_04\"><\/div>\n\t\t\t\t<div class=\"blockG\" id=\"rotateG_05\"><\/div>\n\t\t\t\t<div class=\"blockG\" id=\"rotateG_06\"><\/div>\n\t\t\t\t<div class=\"blockG\" id=\"rotateG_07\"><\/div>\n\t\t\t\t<div class=\"blockG\" id=\"rotateG_08\"><\/div>\n\t\t\t<\/div>\n\t\t\t<div class=\"WooZone-cross-sell-loader-text\"><\/div>\n\t\t<\/div>\n\t<\/div>\n\n\t\t\n<\/div>\n<div style=\"clear:both;\"><\/div><\/p>\n","protected":false},"excerpt":{"rendered":"<p>\u2713 STERILLIUM \u25b8 Der Klassiker der alkoholischen H\u00e4ndedesinfektion. Sehr gute Hautvertr\u00e4glichkeit durch Gutachten belegt. Der Klassiker der alkoholischen H\u00e4ndedesinfektion. Seit \u00fcber 50 Jahren erfolgreich. Dank seiner verl\u00e4sslichen antimikrobiellen Wirksamkeit und seiner hervorragenden Hautfreundlichkeit der Favorit von Millionen Nutzern rund um die Welt.<br \/>\n\u2713 UMFASSEND WIRKSAM \u25b8 Umfassend wirksam gegen Bakterien, Hefepilze und beh\u00fcllte Viren.<br \/>\n\u2713 HAUTSCHONEND \u25b8 Besonders hautvertr\u00e4glich und r\u00fcckfettend. Ausgezeichnete Vertr\u00e4glichkeit auch bei Langzeitanwendung. Die wiederholte Anwendung von Sterillium erh\u00f6ht die Hautfeuchtigkeit.<\/p>\n","protected":false},"featured_media":131980,"comment_status":"open","ping_status":"closed","template":"","meta":[],"product_brand":[],"product_cat":[566,5846],"product_tag":[],"class_list":{"0":"post-131979","1":"product","2":"type-product","3":"status-publish","4":"has-post-thumbnail","6":"product_cat-drogerie-koerperpflege","7":"product_cat-medizin-erste-hilfe","8":"pa_binding-misc","9":"pa_brand-medi-innplus","10":"pa_manufacturer-medi-innplus","11":"pa_size-500-ml-4er-pack","13":"first","14":"instock","15":"shipping-taxable","16":"purchasable","17":"product-type-simple","18":"customify-col","19":"product-has-gallery"},"yoast_head":"<!-- This site is optimized with the Yoast SEO plugin v27.3 - https:\/\/yoast.com\/product\/yoast-seo-wordpress\/ -->\n<title>Medi-Inn Dosierpumpe mit 4 x 500 ml Sterillium H\u00e4ndedesinfektion - Markt-XXL<\/title>\n<meta name=\"description\" content=\"Markt-XXL Medi-Inn Dosierpumpe mit 4 x 500 ml Sterillium H\u00e4ndedesinfektion\" \/>\n<meta name=\"robots\" content=\"index, follow, max-snippet:-1, max-image-preview:large, max-video-preview:-1\" \/>\n<link rel=\"canonical\" href=\"https:\/\/marktxxl.de\/markt\/produkt\/medi-inn-dosierpumpe-mit-4-x-500-ml-sterillium-haendedesinfektion\/\" \/>\n<meta property=\"og:locale\" content=\"de_DE\" \/>\n<meta property=\"og:type\" content=\"article\" \/>\n<meta property=\"og:title\" content=\"Medi-Inn Dosierpumpe mit 4 x 500 ml Sterillium H\u00e4ndedesinfektion - Markt-XXL\" \/>\n<meta property=\"og:description\" content=\"Markt-XXL Medi-Inn Dosierpumpe mit 4 x 500 ml Sterillium H\u00e4ndedesinfektion\" \/>\n<meta property=\"og:url\" content=\"https:\/\/marktxxl.de\/markt\/produkt\/medi-inn-dosierpumpe-mit-4-x-500-ml-sterillium-haendedesinfektion\/\" \/>\n<meta property=\"og:site_name\" content=\"Markt-XXL\" \/>\n<meta property=\"article:modified_time\" content=\"2023-04-11T02:06:06+00:00\" \/>\n<meta property=\"og:image\" content=\"https:\/\/m.media-amazon.com\/images\/I\/41AOmZe0A7L._SL500_.jpg\" \/>\n\t<meta property=\"og:image:width\" content=\"500\" \/>\n\t<meta property=\"og:image:height\" content=\"388\" \/>\n\t<meta property=\"og:image:type\" content=\"image\/jpeg\" \/>\n<meta name=\"twitter:card\" content=\"summary_large_image\" \/>\n<meta name=\"twitter:label1\" content=\"Gesch\u00e4tzte Lesezeit\" \/>\n\t<meta name=\"twitter:data1\" content=\"1\u00a0Minute\" \/>\n<script type=\"application\/ld+json\" class=\"yoast-schema-graph\">{\"@context\":\"https:\\\/\\\/schema.org\",\"@graph\":[{\"@type\":\"WebPage\",\"@id\":\"https:\\\/\\\/marktxxl.de\\\/markt\\\/produkt\\\/medi-inn-dosierpumpe-mit-4-x-500-ml-sterillium-haendedesinfektion\\\/\",\"url\":\"https:\\\/\\\/marktxxl.de\\\/markt\\\/produkt\\\/medi-inn-dosierpumpe-mit-4-x-500-ml-sterillium-haendedesinfektion\\\/\",\"name\":\"Medi-Inn Dosierpumpe mit 4 x 500 ml Sterillium H\u00e4ndedesinfektion - Markt-XXL\",\"isPartOf\":{\"@id\":\"https:\\\/\\\/marktxxl.de\\\/markt\\\/#website\"},\"primaryImageOfPage\":{\"@id\":\"https:\\\/\\\/marktxxl.de\\\/markt\\\/produkt\\\/medi-inn-dosierpumpe-mit-4-x-500-ml-sterillium-haendedesinfektion\\\/#primaryimage\"},\"image\":{\"@id\":\"https:\\\/\\\/marktxxl.de\\\/markt\\\/produkt\\\/medi-inn-dosierpumpe-mit-4-x-500-ml-sterillium-haendedesinfektion\\\/#primaryimage\"},\"thumbnailUrl\":\"https:\\\/\\\/m.media-amazon.com\\\/images\\\/I\\\/41AOmZe0A7L._SL500_.jpg\",\"datePublished\":\"2022-06-14T06:04:42+00:00\",\"dateModified\":\"2023-04-11T02:06:06+00:00\",\"description\":\"Markt-XXL Medi-Inn Dosierpumpe mit 4 x 500 ml Sterillium H\u00e4ndedesinfektion\",\"breadcrumb\":{\"@id\":\"https:\\\/\\\/marktxxl.de\\\/markt\\\/produkt\\\/medi-inn-dosierpumpe-mit-4-x-500-ml-sterillium-haendedesinfektion\\\/#breadcrumb\"},\"inLanguage\":\"de\",\"potentialAction\":[{\"@type\":\"ReadAction\",\"target\":[\"https:\\\/\\\/marktxxl.de\\\/markt\\\/produkt\\\/medi-inn-dosierpumpe-mit-4-x-500-ml-sterillium-haendedesinfektion\\\/\"]}]},{\"@type\":\"ImageObject\",\"inLanguage\":\"de\",\"@id\":\"https:\\\/\\\/marktxxl.de\\\/markt\\\/produkt\\\/medi-inn-dosierpumpe-mit-4-x-500-ml-sterillium-haendedesinfektion\\\/#primaryimage\",\"url\":\"https:\\\/\\\/m.media-amazon.com\\\/images\\\/I\\\/41AOmZe0A7L._SL500_.jpg\",\"contentUrl\":\"https:\\\/\\\/m.media-amazon.com\\\/images\\\/I\\\/41AOmZe0A7L._SL500_.jpg\",\"width\":500,\"height\":388},{\"@type\":\"BreadcrumbList\",\"@id\":\"https:\\\/\\\/marktxxl.de\\\/markt\\\/produkt\\\/medi-inn-dosierpumpe-mit-4-x-500-ml-sterillium-haendedesinfektion\\\/#breadcrumb\",\"itemListElement\":[{\"@type\":\"ListItem\",\"position\":1,\"name\":\"Startseite\",\"item\":\"https:\\\/\\\/marktxxl.de\\\/markt\\\/\"},{\"@type\":\"ListItem\",\"position\":2,\"name\":\"Markt\",\"item\":\"https:\\\/\\\/marktxxl.de\\\/markt\\\/\"},{\"@type\":\"ListItem\",\"position\":3,\"name\":\"Medi-Inn Dosierpumpe mit 4 x 500 ml Sterillium H\u00e4ndedesinfektion\"}]},{\"@type\":\"WebSite\",\"@id\":\"https:\\\/\\\/marktxxl.de\\\/markt\\\/#website\",\"url\":\"https:\\\/\\\/marktxxl.de\\\/markt\\\/\",\"name\":\"Markt-XXL\",\"description\":\"Ihr Markt Online\",\"publisher\":{\"@id\":\"https:\\\/\\\/marktxxl.de\\\/markt\\\/#organization\"},\"potentialAction\":[{\"@type\":\"SearchAction\",\"target\":{\"@type\":\"EntryPoint\",\"urlTemplate\":\"https:\\\/\\\/marktxxl.de\\\/markt\\\/?s={search_term_string}\"},\"query-input\":{\"@type\":\"PropertyValueSpecification\",\"valueRequired\":true,\"valueName\":\"search_term_string\"}}],\"inLanguage\":\"de\"},{\"@type\":\"Organization\",\"@id\":\"https:\\\/\\\/marktxxl.de\\\/markt\\\/#organization\",\"name\":\"Markt-XXL\",\"url\":\"https:\\\/\\\/marktxxl.de\\\/markt\\\/\",\"logo\":{\"@type\":\"ImageObject\",\"inLanguage\":\"de\",\"@id\":\"https:\\\/\\\/marktxxl.de\\\/markt\\\/#\\\/schema\\\/logo\\\/image\\\/\",\"url\":\"https:\\\/\\\/marktxxl.de\\\/markt\\\/wp-content\\\/uploads\\\/sites\\\/3\\\/2020\\\/12\\\/logo.png\",\"contentUrl\":\"https:\\\/\\\/marktxxl.de\\\/markt\\\/wp-content\\\/uploads\\\/sites\\\/3\\\/2020\\\/12\\\/logo.png\",\"width\":200,\"height\":70,\"caption\":\"Markt-XXL\"},\"image\":{\"@id\":\"https:\\\/\\\/marktxxl.de\\\/markt\\\/#\\\/schema\\\/logo\\\/image\\\/\"}}]}<\/script>\n<!-- \/ Yoast SEO plugin. -->","yoast_head_json":{"title":"Medi-Inn Dosierpumpe mit 4 x 500 ml Sterillium H\u00e4ndedesinfektion - Markt-XXL","description":"Markt-XXL Medi-Inn Dosierpumpe mit 4 x 500 ml Sterillium H\u00e4ndedesinfektion","robots":{"index":"index","follow":"follow","max-snippet":"max-snippet:-1","max-image-preview":"max-image-preview:large","max-video-preview":"max-video-preview:-1"},"canonical":"https:\/\/marktxxl.de\/markt\/produkt\/medi-inn-dosierpumpe-mit-4-x-500-ml-sterillium-haendedesinfektion\/","og_locale":"de_DE","og_type":"article","og_title":"Medi-Inn Dosierpumpe mit 4 x 500 ml Sterillium H\u00e4ndedesinfektion - Markt-XXL","og_description":"Markt-XXL Medi-Inn Dosierpumpe mit 4 x 500 ml Sterillium H\u00e4ndedesinfektion","og_url":"https:\/\/marktxxl.de\/markt\/produkt\/medi-inn-dosierpumpe-mit-4-x-500-ml-sterillium-haendedesinfektion\/","og_site_name":"Markt-XXL","article_modified_time":"2023-04-11T02:06:06+00:00","og_image":[{"width":500,"height":388,"url":"https:\/\/m.media-amazon.com\/images\/I\/41AOmZe0A7L._SL500_.jpg","type":"image\/jpeg"}],"twitter_card":"summary_large_image","twitter_misc":{"Gesch\u00e4tzte Lesezeit":"1\u00a0Minute"},"schema":{"@context":"https:\/\/schema.org","@graph":[{"@type":"WebPage","@id":"https:\/\/marktxxl.de\/markt\/produkt\/medi-inn-dosierpumpe-mit-4-x-500-ml-sterillium-haendedesinfektion\/","url":"https:\/\/marktxxl.de\/markt\/produkt\/medi-inn-dosierpumpe-mit-4-x-500-ml-sterillium-haendedesinfektion\/","name":"Medi-Inn Dosierpumpe mit 4 x 500 ml Sterillium H\u00e4ndedesinfektion - Markt-XXL","isPartOf":{"@id":"https:\/\/marktxxl.de\/markt\/#website"},"primaryImageOfPage":{"@id":"https:\/\/marktxxl.de\/markt\/produkt\/medi-inn-dosierpumpe-mit-4-x-500-ml-sterillium-haendedesinfektion\/#primaryimage"},"image":{"@id":"https:\/\/marktxxl.de\/markt\/produkt\/medi-inn-dosierpumpe-mit-4-x-500-ml-sterillium-haendedesinfektion\/#primaryimage"},"thumbnailUrl":"https:\/\/m.media-amazon.com\/images\/I\/41AOmZe0A7L._SL500_.jpg","datePublished":"2022-06-14T06:04:42+00:00","dateModified":"2023-04-11T02:06:06+00:00","description":"Markt-XXL Medi-Inn Dosierpumpe mit 4 x 500 ml Sterillium H\u00e4ndedesinfektion","breadcrumb":{"@id":"https:\/\/marktxxl.de\/markt\/produkt\/medi-inn-dosierpumpe-mit-4-x-500-ml-sterillium-haendedesinfektion\/#breadcrumb"},"inLanguage":"de","potentialAction":[{"@type":"ReadAction","target":["https:\/\/marktxxl.de\/markt\/produkt\/medi-inn-dosierpumpe-mit-4-x-500-ml-sterillium-haendedesinfektion\/"]}]},{"@type":"ImageObject","inLanguage":"de","@id":"https:\/\/marktxxl.de\/markt\/produkt\/medi-inn-dosierpumpe-mit-4-x-500-ml-sterillium-haendedesinfektion\/#primaryimage","url":"https:\/\/m.media-amazon.com\/images\/I\/41AOmZe0A7L._SL500_.jpg","contentUrl":"https:\/\/m.media-amazon.com\/images\/I\/41AOmZe0A7L._SL500_.jpg","width":500,"height":388},{"@type":"BreadcrumbList","@id":"https:\/\/marktxxl.de\/markt\/produkt\/medi-inn-dosierpumpe-mit-4-x-500-ml-sterillium-haendedesinfektion\/#breadcrumb","itemListElement":[{"@type":"ListItem","position":1,"name":"Startseite","item":"https:\/\/marktxxl.de\/markt\/"},{"@type":"ListItem","position":2,"name":"Markt","item":"https:\/\/marktxxl.de\/markt\/"},{"@type":"ListItem","position":3,"name":"Medi-Inn Dosierpumpe mit 4 x 500 ml Sterillium H\u00e4ndedesinfektion"}]},{"@type":"WebSite","@id":"https:\/\/marktxxl.de\/markt\/#website","url":"https:\/\/marktxxl.de\/markt\/","name":"Markt-XXL","description":"Ihr Markt Online","publisher":{"@id":"https:\/\/marktxxl.de\/markt\/#organization"},"potentialAction":[{"@type":"SearchAction","target":{"@type":"EntryPoint","urlTemplate":"https:\/\/marktxxl.de\/markt\/?s={search_term_string}"},"query-input":{"@type":"PropertyValueSpecification","valueRequired":true,"valueName":"search_term_string"}}],"inLanguage":"de"},{"@type":"Organization","@id":"https:\/\/marktxxl.de\/markt\/#organization","name":"Markt-XXL","url":"https:\/\/marktxxl.de\/markt\/","logo":{"@type":"ImageObject","inLanguage":"de","@id":"https:\/\/marktxxl.de\/markt\/#\/schema\/logo\/image\/","url":"https:\/\/marktxxl.de\/markt\/wp-content\/uploads\/sites\/3\/2020\/12\/logo.png","contentUrl":"https:\/\/marktxxl.de\/markt\/wp-content\/uploads\/sites\/3\/2020\/12\/logo.png","width":200,"height":70,"caption":"Markt-XXL"},"image":{"@id":"https:\/\/marktxxl.de\/markt\/#\/schema\/logo\/image\/"}}]}},"_links":{"self":[{"href":"https:\/\/marktxxl.de\/markt\/wp-json\/wp\/v2\/product\/131979","targetHints":{"allow":["GET"]}}],"collection":[{"href":"https:\/\/marktxxl.de\/markt\/wp-json\/wp\/v2\/product"}],"about":[{"href":"https:\/\/marktxxl.de\/markt\/wp-json\/wp\/v2\/types\/product"}],"replies":[{"embeddable":true,"href":"https:\/\/marktxxl.de\/markt\/wp-json\/wp\/v2\/comments?post=131979"}],"wp:featuredmedia":[{"embeddable":true,"href":"https:\/\/marktxxl.de\/markt\/wp-json\/wp\/v2\/media\/131980"}],"wp:attachment":[{"href":"https:\/\/marktxxl.de\/markt\/wp-json\/wp\/v2\/media?parent=131979"}],"wp:term":[{"taxonomy":"product_brand","embeddable":true,"href":"https:\/\/marktxxl.de\/markt\/wp-json\/wp\/v2\/product_brand?post=131979"},{"taxonomy":"product_cat","embeddable":true,"href":"https:\/\/marktxxl.de\/markt\/wp-json\/wp\/v2\/product_cat?post=131979"},{"taxonomy":"product_tag","embeddable":true,"href":"https:\/\/marktxxl.de\/markt\/wp-json\/wp\/v2\/product_tag?post=131979"}],"curies":[{"name":"wp","href":"https:\/\/api.w.org\/{rel}","templated":true}]}}