{"id":131773,"date":"2022-06-14T07:56:26","date_gmt":"2022-06-14T05:56:26","guid":{"rendered":"https:\/\/marktxxl.de\/markt\/produkt\/fenruien-laptop-rucksack-unisex-30l-15-6zoll-wasserdicht-schulrucksack-fuer-reisen-lernen-arbeit%ef%bc%88usb-modell%ef%bc%89\/"},"modified":"2023-04-11T04:06:04","modified_gmt":"2023-04-11T02:06:04","slug":"fenruien-laptop-rucksack-unisex-30l-15-6zoll-wasserdicht-schulrucksack-fuer-reisen-lernen-arbeit%ef%bc%88usb-modell%ef%bc%89","status":"publish","type":"product","link":"https:\/\/marktxxl.de\/markt\/produkt\/fenruien-laptop-rucksack-unisex-30l-15-6zoll-wasserdicht-schulrucksack-fuer-reisen-lernen-arbeit%ef%bc%88usb-modell%ef%bc%89\/","title":{"rendered":"FENRUIEN laptop rucksack Unisex 30L 15.6zoll wasserdicht business rucksack f\u00fcr reisen lernen Arbeit\uff08USB-Modell\uff09"},"content":{"rendered":"<p>[Multifunktional]Durch die Verwendung von wasserdichtem Stoff kann es bei Regen normal verwendet werden, wodurch die Gegenst\u00e4nde im Rucksack gut gesch\u00fctzt werden k\u00f6nnen.Es gibt eine versteckte Diebstahlsicherungstasche auf der R\u00fcckseite und eine versteckte Tasche am Riemen f\u00fcr einfachen Zugriff auf Kreditkarten und Bargeld. Der seitliche USB-Ladeanschluss (wasserdichtes Design) kann bei der Verwendung mobiler Ger\u00e4te bequemer sein, was sich sehr gut f\u00fcr Reisen und Lernen eignet.<br \/>\n[Gro\u00dfe Kapazit\u00e4t] 30 l Fassungsverm\u00f6gen, ein separates Laptopfach, kann eine ganze Reihe von Laptop-Ausr\u00fcstung verstauen, kann einen 15,6-Zoll-Laptop platzieren, ein separates Handy-iPad-Fach, das Hauptfach kann Kleidung und B\u00fccher f\u00fcr ein bis zwei Tage aufbewahren, zus\u00e4tzlich gibt es separate F\u00e4cher f\u00fcr Uhren, Kopfh\u00f6rer, Gesch\u00e4ftsbriefe etc.<br \/>\n[Tragbar] Die Gr\u00f6\u00dfe des gesamten Rucksacks betr\u00e4gt 17,7 * 12,7 * 7,1 Zoll und das Gewicht betr\u00e4gt 1,08 kg, was den Flugstandards der Fluggesellschaften entspricht.Die Oberseite des Rucksacks ist mit einem der Fluggr\u00f6\u00dfe entsprechenden Griff ausgestattet Die Vorderseite hat eine feste Schnalle, um die Erm\u00fcdung bei langfristigem Gebrauch zu reduzieren. Das Design der hinteren Zugstange kann am Gep\u00e4ck befestigt werden, was beim Pendeln oder Reisen sehr bequem und praktisch ist.<br \/>\n[KOMFORTABEL] Dieser Rucksack verwendet eine angepasste Version des YKK-Rei\u00dfverschlusses, der glatt und bequem zu bedienen ist. Die Taschen sind alle versteckt und es gibt kein zus\u00e4tzliches Volumen an der Au\u00dfenseite. Sie sind sowohl in der Optik als auch in der Handhabung sehr bequem. Das bequeme Futter und die bionischen ergonomischen Schultergurte passen sich dem R\u00fccken bequem an, reduzieren den Druck und sind atmungsaktiv und geruchsfrei.<br \/>\n[Hohe Qualit\u00e4t] Der Stoff ist mit hochtemperaturbest\u00e4ndigem, beschichtetem Oxford-Stoff gewebt, der wasserdicht, verschlei\u00dffest und kratzfest ist. Die Schnittstellennaht kann nach wiederholten Tests versendet werden und erf\u00fcllt die IOS-Teststandards.Im Vergleich zu gew\u00f6hnlichen Rucks\u00e4cken sind die verwendeten Materialien haltbarer und langlebiger.Wenn nach dem Kauf Qualit\u00e4tsprobleme auftreten, wird es innerhalb von drei Monaten zur\u00fcckgegeben und umgetauscht .<br \/>\n<div class=\"main-cross-sell\" data-asin=\"B09X45D8J9\">\n\n\t<div class=\"WooZone-cross-sell-loader\">\n\t\t<div>\n\t\t\t<div id=\"floatingBarsG\">\n\t\t\t\t<div class=\"blockG\" id=\"rotateG_01\"><\/div>\n\t\t\t\t<div class=\"blockG\" id=\"rotateG_02\"><\/div>\n\t\t\t\t<div class=\"blockG\" id=\"rotateG_03\"><\/div>\n\t\t\t\t<div class=\"blockG\" id=\"rotateG_04\"><\/div>\n\t\t\t\t<div class=\"blockG\" id=\"rotateG_05\"><\/div>\n\t\t\t\t<div class=\"blockG\" id=\"rotateG_06\"><\/div>\n\t\t\t\t<div class=\"blockG\" id=\"rotateG_07\"><\/div>\n\t\t\t\t<div class=\"blockG\" id=\"rotateG_08\"><\/div>\n\t\t\t<\/div>\n\t\t\t<div class=\"WooZone-cross-sell-loader-text\"><\/div>\n\t\t<\/div>\n\t<\/div>\n\n\t\t\n<\/div>\n<div style=\"clear:both;\"><\/div><\/p>\n","protected":false},"excerpt":{"rendered":"<p>[Multifunktional]Durch die Verwendung von wasserdichtem Stoff kann es bei Regen normal verwendet werden, wodurch die Gegenst\u00e4nde im Rucksack gut gesch\u00fctzt werden k\u00f6nnen.Es gibt eine versteckte Diebstahlsicherungstasche auf der R\u00fcckseite und eine versteckte Tasche am Riemen f\u00fcr einfachen Zugriff auf Kreditkarten und Bargeld. Der seitliche USB-Ladeanschluss (wasserdichtes Design) kann bei der Verwendung mobiler Ger\u00e4te bequemer sein, was sich sehr gut f\u00fcr Reisen und Lernen eignet.<br \/>\n[Gro\u00dfe Kapazit\u00e4t] 30 l Fassungsverm\u00f6gen, ein separates Laptopfach, kann eine ganze Reihe von Laptop-Ausr\u00fcstung verstauen, kann einen 15,6-Zoll-Laptop platzieren, ein separates Handy-iPad-Fach, das Hauptfach kann Kleidung und B\u00fccher f\u00fcr ein bis zwei Tage aufbewahren, zus\u00e4tzlich gibt es separate F\u00e4cher f\u00fcr Uhren, Kopfh\u00f6rer, Gesch\u00e4ftsbriefe etc.<br \/>\n[Tragbar] Die Gr\u00f6\u00dfe des gesamten Rucksacks betr\u00e4gt 17,7 * 12,7 * 7,1 Zoll und das Gewicht betr\u00e4gt 1,08 kg, was den Flugstandards der Fluggesellschaften entspricht.Die Oberseite des Rucksacks ist mit einem der Fluggr\u00f6\u00dfe entsprechenden Griff ausgestattet Die Vorderseite hat eine feste Schnalle, um die Erm\u00fcdung bei langfristigem Gebrauch zu reduzieren. Das Design der hinteren Zugstange kann am Gep\u00e4ck befestigt werden, was beim Pendeln oder Reisen sehr bequem und praktisch ist.<\/p>\n","protected":false},"featured_media":131774,"comment_status":"open","ping_status":"closed","template":"","meta":[],"product_brand":[],"product_cat":[863],"product_tag":[],"class_list":{"0":"post-131773","1":"product","2":"type-product","3":"status-publish","4":"has-post-thumbnail","6":"product_cat-computer-zubehoer","7":"pa_brand-fenruien","8":"pa_color-schwarz","9":"pa_manufacturer-fenruien","10":"pa_model-37538","12":"first","13":"instock","14":"shipping-taxable","15":"purchasable","16":"product-type-simple","17":"customify-col","18":"product-has-gallery"},"yoast_head":"<!-- This site is optimized with the Yoast SEO plugin v27.4 - https:\/\/yoast.com\/product\/yoast-seo-wordpress\/ -->\n<title>FENRUIEN laptop rucksack Unisex 30L 15.6zoll wasserdicht business rucksack f\u00fcr reisen lernen Arbeit\uff08USB-Modell\uff09 - Markt-XXL<\/title>\n<meta name=\"description\" content=\"Markt-XXL FENRUIEN laptop rucksack Unisex 30L 15.6zoll wasserdicht business rucksack f\u00fcr reisen lernen Arbeit\uff08USB-Modell\uff09\" \/>\n<meta name=\"robots\" content=\"index, follow, max-snippet:-1, max-image-preview:large, max-video-preview:-1\" \/>\n<link rel=\"canonical\" href=\"https:\/\/marktxxl.de\/markt\/produkt\/fenruien-laptop-rucksack-unisex-30l-15-6zoll-wasserdicht-schulrucksack-fuer-reisen-lernen-arbeit\uff08usb-modell\uff09\/\" \/>\n<meta property=\"og:locale\" content=\"de_DE\" \/>\n<meta property=\"og:type\" content=\"article\" \/>\n<meta property=\"og:title\" content=\"FENRUIEN laptop rucksack Unisex 30L 15.6zoll wasserdicht business rucksack f\u00fcr reisen lernen Arbeit\uff08USB-Modell\uff09 - Markt-XXL\" \/>\n<meta property=\"og:description\" content=\"Markt-XXL FENRUIEN laptop rucksack Unisex 30L 15.6zoll wasserdicht business rucksack f\u00fcr reisen lernen Arbeit\uff08USB-Modell\uff09\" \/>\n<meta property=\"og:url\" content=\"https:\/\/marktxxl.de\/markt\/produkt\/fenruien-laptop-rucksack-unisex-30l-15-6zoll-wasserdicht-schulrucksack-fuer-reisen-lernen-arbeit\uff08usb-modell\uff09\/\" \/>\n<meta property=\"og:site_name\" content=\"Markt-XXL\" \/>\n<meta property=\"article:modified_time\" content=\"2023-04-11T02:06:04+00:00\" \/>\n<meta property=\"og:image\" content=\"https:\/\/m.media-amazon.com\/images\/I\/314NKajQ8QL._SL500_.jpg\" \/>\n\t<meta property=\"og:image:width\" content=\"417\" \/>\n\t<meta property=\"og:image:height\" content=\"500\" \/>\n\t<meta property=\"og:image:type\" content=\"image\/jpeg\" \/>\n<meta name=\"twitter:card\" content=\"summary_large_image\" \/>\n<meta name=\"twitter:label1\" content=\"Gesch\u00e4tzte Lesezeit\" \/>\n\t<meta name=\"twitter:data1\" content=\"2\u00a0Minuten\" \/>\n<script type=\"application\/ld+json\" class=\"yoast-schema-graph\">{\"@context\":\"https:\\\/\\\/schema.org\",\"@graph\":[{\"@type\":\"WebPage\",\"@id\":\"https:\\\/\\\/marktxxl.de\\\/markt\\\/produkt\\\/fenruien-laptop-rucksack-unisex-30l-15-6zoll-wasserdicht-schulrucksack-fuer-reisen-lernen-arbeit%ef%bc%88usb-modell%ef%bc%89\\\/\",\"url\":\"https:\\\/\\\/marktxxl.de\\\/markt\\\/produkt\\\/fenruien-laptop-rucksack-unisex-30l-15-6zoll-wasserdicht-schulrucksack-fuer-reisen-lernen-arbeit%ef%bc%88usb-modell%ef%bc%89\\\/\",\"name\":\"FENRUIEN laptop rucksack Unisex 30L 15.6zoll wasserdicht business rucksack f\u00fcr reisen lernen Arbeit\uff08USB-Modell\uff09 - Markt-XXL\",\"isPartOf\":{\"@id\":\"https:\\\/\\\/marktxxl.de\\\/markt\\\/#website\"},\"primaryImageOfPage\":{\"@id\":\"https:\\\/\\\/marktxxl.de\\\/markt\\\/produkt\\\/fenruien-laptop-rucksack-unisex-30l-15-6zoll-wasserdicht-schulrucksack-fuer-reisen-lernen-arbeit%ef%bc%88usb-modell%ef%bc%89\\\/#primaryimage\"},\"image\":{\"@id\":\"https:\\\/\\\/marktxxl.de\\\/markt\\\/produkt\\\/fenruien-laptop-rucksack-unisex-30l-15-6zoll-wasserdicht-schulrucksack-fuer-reisen-lernen-arbeit%ef%bc%88usb-modell%ef%bc%89\\\/#primaryimage\"},\"thumbnailUrl\":\"https:\\\/\\\/m.media-amazon.com\\\/images\\\/I\\\/314NKajQ8QL._SL500_.jpg\",\"datePublished\":\"2022-06-14T05:56:26+00:00\",\"dateModified\":\"2023-04-11T02:06:04+00:00\",\"description\":\"Markt-XXL FENRUIEN laptop rucksack Unisex 30L 15.6zoll wasserdicht business rucksack f\u00fcr reisen lernen Arbeit\uff08USB-Modell\uff09\",\"breadcrumb\":{\"@id\":\"https:\\\/\\\/marktxxl.de\\\/markt\\\/produkt\\\/fenruien-laptop-rucksack-unisex-30l-15-6zoll-wasserdicht-schulrucksack-fuer-reisen-lernen-arbeit%ef%bc%88usb-modell%ef%bc%89\\\/#breadcrumb\"},\"inLanguage\":\"de\",\"potentialAction\":[{\"@type\":\"ReadAction\",\"target\":[\"https:\\\/\\\/marktxxl.de\\\/markt\\\/produkt\\\/fenruien-laptop-rucksack-unisex-30l-15-6zoll-wasserdicht-schulrucksack-fuer-reisen-lernen-arbeit%ef%bc%88usb-modell%ef%bc%89\\\/\"]}]},{\"@type\":\"ImageObject\",\"inLanguage\":\"de\",\"@id\":\"https:\\\/\\\/marktxxl.de\\\/markt\\\/produkt\\\/fenruien-laptop-rucksack-unisex-30l-15-6zoll-wasserdicht-schulrucksack-fuer-reisen-lernen-arbeit%ef%bc%88usb-modell%ef%bc%89\\\/#primaryimage\",\"url\":\"https:\\\/\\\/m.media-amazon.com\\\/images\\\/I\\\/314NKajQ8QL._SL500_.jpg\",\"contentUrl\":\"https:\\\/\\\/m.media-amazon.com\\\/images\\\/I\\\/314NKajQ8QL._SL500_.jpg\",\"width\":417,\"height\":500},{\"@type\":\"BreadcrumbList\",\"@id\":\"https:\\\/\\\/marktxxl.de\\\/markt\\\/produkt\\\/fenruien-laptop-rucksack-unisex-30l-15-6zoll-wasserdicht-schulrucksack-fuer-reisen-lernen-arbeit%ef%bc%88usb-modell%ef%bc%89\\\/#breadcrumb\",\"itemListElement\":[{\"@type\":\"ListItem\",\"position\":1,\"name\":\"Startseite\",\"item\":\"https:\\\/\\\/marktxxl.de\\\/markt\\\/\"},{\"@type\":\"ListItem\",\"position\":2,\"name\":\"Markt\",\"item\":\"https:\\\/\\\/marktxxl.de\\\/markt\\\/\"},{\"@type\":\"ListItem\",\"position\":3,\"name\":\"FENRUIEN laptop rucksack Unisex 30L 15.6zoll wasserdicht business rucksack f\u00fcr reisen lernen Arbeit\uff08USB-Modell\uff09\"}]},{\"@type\":\"WebSite\",\"@id\":\"https:\\\/\\\/marktxxl.de\\\/markt\\\/#website\",\"url\":\"https:\\\/\\\/marktxxl.de\\\/markt\\\/\",\"name\":\"Markt-XXL\",\"description\":\"Ihr Markt Online\",\"publisher\":{\"@id\":\"https:\\\/\\\/marktxxl.de\\\/markt\\\/#organization\"},\"potentialAction\":[{\"@type\":\"SearchAction\",\"target\":{\"@type\":\"EntryPoint\",\"urlTemplate\":\"https:\\\/\\\/marktxxl.de\\\/markt\\\/?s={search_term_string}\"},\"query-input\":{\"@type\":\"PropertyValueSpecification\",\"valueRequired\":true,\"valueName\":\"search_term_string\"}}],\"inLanguage\":\"de\"},{\"@type\":\"Organization\",\"@id\":\"https:\\\/\\\/marktxxl.de\\\/markt\\\/#organization\",\"name\":\"Markt-XXL\",\"url\":\"https:\\\/\\\/marktxxl.de\\\/markt\\\/\",\"logo\":{\"@type\":\"ImageObject\",\"inLanguage\":\"de\",\"@id\":\"https:\\\/\\\/marktxxl.de\\\/markt\\\/#\\\/schema\\\/logo\\\/image\\\/\",\"url\":\"https:\\\/\\\/marktxxl.de\\\/markt\\\/wp-content\\\/uploads\\\/sites\\\/3\\\/2020\\\/12\\\/logo.png\",\"contentUrl\":\"https:\\\/\\\/marktxxl.de\\\/markt\\\/wp-content\\\/uploads\\\/sites\\\/3\\\/2020\\\/12\\\/logo.png\",\"width\":200,\"height\":70,\"caption\":\"Markt-XXL\"},\"image\":{\"@id\":\"https:\\\/\\\/marktxxl.de\\\/markt\\\/#\\\/schema\\\/logo\\\/image\\\/\"}}]}<\/script>\n<!-- \/ Yoast SEO plugin. -->","yoast_head_json":{"title":"FENRUIEN laptop rucksack Unisex 30L 15.6zoll wasserdicht business rucksack f\u00fcr reisen lernen Arbeit\uff08USB-Modell\uff09 - Markt-XXL","description":"Markt-XXL FENRUIEN laptop rucksack Unisex 30L 15.6zoll wasserdicht business rucksack f\u00fcr reisen lernen Arbeit\uff08USB-Modell\uff09","robots":{"index":"index","follow":"follow","max-snippet":"max-snippet:-1","max-image-preview":"max-image-preview:large","max-video-preview":"max-video-preview:-1"},"canonical":"https:\/\/marktxxl.de\/markt\/produkt\/fenruien-laptop-rucksack-unisex-30l-15-6zoll-wasserdicht-schulrucksack-fuer-reisen-lernen-arbeit\uff08usb-modell\uff09\/","og_locale":"de_DE","og_type":"article","og_title":"FENRUIEN laptop rucksack Unisex 30L 15.6zoll wasserdicht business rucksack f\u00fcr reisen lernen Arbeit\uff08USB-Modell\uff09 - Markt-XXL","og_description":"Markt-XXL FENRUIEN laptop rucksack Unisex 30L 15.6zoll wasserdicht business rucksack f\u00fcr reisen lernen Arbeit\uff08USB-Modell\uff09","og_url":"https:\/\/marktxxl.de\/markt\/produkt\/fenruien-laptop-rucksack-unisex-30l-15-6zoll-wasserdicht-schulrucksack-fuer-reisen-lernen-arbeit\uff08usb-modell\uff09\/","og_site_name":"Markt-XXL","article_modified_time":"2023-04-11T02:06:04+00:00","og_image":[{"width":417,"height":500,"url":"https:\/\/m.media-amazon.com\/images\/I\/314NKajQ8QL._SL500_.jpg","type":"image\/jpeg"}],"twitter_card":"summary_large_image","twitter_misc":{"Gesch\u00e4tzte Lesezeit":"2\u00a0Minuten"},"schema":{"@context":"https:\/\/schema.org","@graph":[{"@type":"WebPage","@id":"https:\/\/marktxxl.de\/markt\/produkt\/fenruien-laptop-rucksack-unisex-30l-15-6zoll-wasserdicht-schulrucksack-fuer-reisen-lernen-arbeit%ef%bc%88usb-modell%ef%bc%89\/","url":"https:\/\/marktxxl.de\/markt\/produkt\/fenruien-laptop-rucksack-unisex-30l-15-6zoll-wasserdicht-schulrucksack-fuer-reisen-lernen-arbeit%ef%bc%88usb-modell%ef%bc%89\/","name":"FENRUIEN laptop rucksack Unisex 30L 15.6zoll wasserdicht business rucksack f\u00fcr reisen lernen Arbeit\uff08USB-Modell\uff09 - Markt-XXL","isPartOf":{"@id":"https:\/\/marktxxl.de\/markt\/#website"},"primaryImageOfPage":{"@id":"https:\/\/marktxxl.de\/markt\/produkt\/fenruien-laptop-rucksack-unisex-30l-15-6zoll-wasserdicht-schulrucksack-fuer-reisen-lernen-arbeit%ef%bc%88usb-modell%ef%bc%89\/#primaryimage"},"image":{"@id":"https:\/\/marktxxl.de\/markt\/produkt\/fenruien-laptop-rucksack-unisex-30l-15-6zoll-wasserdicht-schulrucksack-fuer-reisen-lernen-arbeit%ef%bc%88usb-modell%ef%bc%89\/#primaryimage"},"thumbnailUrl":"https:\/\/m.media-amazon.com\/images\/I\/314NKajQ8QL._SL500_.jpg","datePublished":"2022-06-14T05:56:26+00:00","dateModified":"2023-04-11T02:06:04+00:00","description":"Markt-XXL FENRUIEN laptop rucksack Unisex 30L 15.6zoll wasserdicht business rucksack f\u00fcr reisen lernen Arbeit\uff08USB-Modell\uff09","breadcrumb":{"@id":"https:\/\/marktxxl.de\/markt\/produkt\/fenruien-laptop-rucksack-unisex-30l-15-6zoll-wasserdicht-schulrucksack-fuer-reisen-lernen-arbeit%ef%bc%88usb-modell%ef%bc%89\/#breadcrumb"},"inLanguage":"de","potentialAction":[{"@type":"ReadAction","target":["https:\/\/marktxxl.de\/markt\/produkt\/fenruien-laptop-rucksack-unisex-30l-15-6zoll-wasserdicht-schulrucksack-fuer-reisen-lernen-arbeit%ef%bc%88usb-modell%ef%bc%89\/"]}]},{"@type":"ImageObject","inLanguage":"de","@id":"https:\/\/marktxxl.de\/markt\/produkt\/fenruien-laptop-rucksack-unisex-30l-15-6zoll-wasserdicht-schulrucksack-fuer-reisen-lernen-arbeit%ef%bc%88usb-modell%ef%bc%89\/#primaryimage","url":"https:\/\/m.media-amazon.com\/images\/I\/314NKajQ8QL._SL500_.jpg","contentUrl":"https:\/\/m.media-amazon.com\/images\/I\/314NKajQ8QL._SL500_.jpg","width":417,"height":500},{"@type":"BreadcrumbList","@id":"https:\/\/marktxxl.de\/markt\/produkt\/fenruien-laptop-rucksack-unisex-30l-15-6zoll-wasserdicht-schulrucksack-fuer-reisen-lernen-arbeit%ef%bc%88usb-modell%ef%bc%89\/#breadcrumb","itemListElement":[{"@type":"ListItem","position":1,"name":"Startseite","item":"https:\/\/marktxxl.de\/markt\/"},{"@type":"ListItem","position":2,"name":"Markt","item":"https:\/\/marktxxl.de\/markt\/"},{"@type":"ListItem","position":3,"name":"FENRUIEN laptop rucksack Unisex 30L 15.6zoll wasserdicht business rucksack f\u00fcr reisen lernen Arbeit\uff08USB-Modell\uff09"}]},{"@type":"WebSite","@id":"https:\/\/marktxxl.de\/markt\/#website","url":"https:\/\/marktxxl.de\/markt\/","name":"Markt-XXL","description":"Ihr Markt Online","publisher":{"@id":"https:\/\/marktxxl.de\/markt\/#organization"},"potentialAction":[{"@type":"SearchAction","target":{"@type":"EntryPoint","urlTemplate":"https:\/\/marktxxl.de\/markt\/?s={search_term_string}"},"query-input":{"@type":"PropertyValueSpecification","valueRequired":true,"valueName":"search_term_string"}}],"inLanguage":"de"},{"@type":"Organization","@id":"https:\/\/marktxxl.de\/markt\/#organization","name":"Markt-XXL","url":"https:\/\/marktxxl.de\/markt\/","logo":{"@type":"ImageObject","inLanguage":"de","@id":"https:\/\/marktxxl.de\/markt\/#\/schema\/logo\/image\/","url":"https:\/\/marktxxl.de\/markt\/wp-content\/uploads\/sites\/3\/2020\/12\/logo.png","contentUrl":"https:\/\/marktxxl.de\/markt\/wp-content\/uploads\/sites\/3\/2020\/12\/logo.png","width":200,"height":70,"caption":"Markt-XXL"},"image":{"@id":"https:\/\/marktxxl.de\/markt\/#\/schema\/logo\/image\/"}}]}},"_links":{"self":[{"href":"https:\/\/marktxxl.de\/markt\/wp-json\/wp\/v2\/product\/131773","targetHints":{"allow":["GET"]}}],"collection":[{"href":"https:\/\/marktxxl.de\/markt\/wp-json\/wp\/v2\/product"}],"about":[{"href":"https:\/\/marktxxl.de\/markt\/wp-json\/wp\/v2\/types\/product"}],"replies":[{"embeddable":true,"href":"https:\/\/marktxxl.de\/markt\/wp-json\/wp\/v2\/comments?post=131773"}],"wp:featuredmedia":[{"embeddable":true,"href":"https:\/\/marktxxl.de\/markt\/wp-json\/wp\/v2\/media\/131774"}],"wp:attachment":[{"href":"https:\/\/marktxxl.de\/markt\/wp-json\/wp\/v2\/media?parent=131773"}],"wp:term":[{"taxonomy":"product_brand","embeddable":true,"href":"https:\/\/marktxxl.de\/markt\/wp-json\/wp\/v2\/product_brand?post=131773"},{"taxonomy":"product_cat","embeddable":true,"href":"https:\/\/marktxxl.de\/markt\/wp-json\/wp\/v2\/product_cat?post=131773"},{"taxonomy":"product_tag","embeddable":true,"href":"https:\/\/marktxxl.de\/markt\/wp-json\/wp\/v2\/product_tag?post=131773"}],"curies":[{"name":"wp","href":"https:\/\/api.w.org\/{rel}","templated":true}]}}