{"id":131750,"date":"2022-06-14T07:56:02","date_gmt":"2022-06-14T05:56:02","guid":{"rendered":"https:\/\/marktxxl.de\/markt\/produkt\/silkland-displayport-auf-vga-kabel-2m-2022-aktualisiert-nylongewebe-aluminiumhause-displayport-to-vga-kabel-1080p60hz-kompatibel-mit-monitor-pc-desktop-laptop-projektor-fernseher\/"},"modified":"2023-04-11T04:06:04","modified_gmt":"2023-04-11T02:06:04","slug":"silkland-displayport-auf-vga-kabel-2m-2022-aktualisiert-nylongewebe-aluminiumhause-displayport-to-vga-kabel-1080p60hz-kompatibel-mit-monitor-pc-desktop-laptop-projektor-fernseher","status":"publish","type":"product","link":"https:\/\/marktxxl.de\/markt\/produkt\/silkland-displayport-auf-vga-kabel-2m-2022-aktualisiert-nylongewebe-aluminiumhause-displayport-to-vga-kabel-1080p60hz-kompatibel-mit-monitor-pc-desktop-laptop-projektor-fernseher\/","title":{"rendered":"Silkland Displayport auf VGA Kabel 2M [2022 Aktualisiert, Nylongewebe, Aluminiumhause], DisplayPort to VGA Kabel 1080P\u2026"},"content":{"rendered":"<p>\ud83c\udfae\u30101080P@60Hz Full HD\u3011Das DisplayPort-auf-VGA-Kabel unterst\u00fctzt Aufl\u00f6sungen bis zu 1920&#215;1080@60Hz (1080p Full HD). Sie k\u00f6nnen fl\u00fcssigere Bilder ohne Verz\u00f6gerung, Unsch\u00e4rfe oder Bildschirmrisse genie\u00dfen, w\u00e4hrend Sie Spiele spielen oder sich intensive Sportereignisse ansehen. Ideal f\u00fcr Video-Streaming, Spiele oder die Erweiterung einer Workstation. Nicht HDMI. Nicht USB.<br \/>\n\ud83d\udcfa\u3010Latch-freies Design &amp; NICHT bidirektional\u3011 Einfach Plug-and-Play, Sie k\u00f6nnen problemlos den erweiterten Modus oder den Spiegelmodus ohne Treiber\/Software genie\u00dfen. Dieses DP-zu-VGA-Kabel ist eine Einweg\u00fcbertragung. Konvertiert nur Displayport (Quellger\u00e4t-PCs (Grafikkarten)\/Notebooks\/Blu-Ray-Player) nach VGA (Anzeigeger\u00e4t-externe Monitore\/Projektoren\/Plasma\/LCD-TVs).<br \/>\n\ud83d\udcbb\u3010Durchdachtes und praktisches Design\u3011 Das rutschfeste und problemlose Schraubendesign bietet Ihnen mehr Platz und Reibung, um die Verbindung einfach zu handhaben und festzuziehen. Passen Sie sich perfekt an die alte Version des Displays an, ohne dass die neuen ersetzt werden m\u00fcssen. Hinweis: Das VGA-Kabel ist nur ein Videokabel und kann kein AUDIOSIGNAL senden.<br \/>\n\ud83c\udfa7\u3010Erstklassige Verarbeitungsqualit\u00e4t\u3011Ein hochwertiger geflochtener Nylonmantel mit einer Lebensdauer von mehr als 30000 Biegungen bietet Ihnen ein strapazierf\u00e4higes DP-zu-VGA-Kabel. 24K vergoldete Anschl\u00fcsse laufen nicht an oder verringern die Leitf\u00e4higkeit im Laufe der Zeit. Die hochwertige Aluminiumschale maximiert effektiv die W\u00e4rmeableitung. Es gibt eine eingebettete Taktarchitektur, um die EMI-Empfindlichkeit zu reduzieren und eine stabile Signal\u00fcbertragung zu gew\u00e4hrleisten.<br \/>\n\ud83d\udcfd\u3010Lebenslange Garantie\u3011 Entstanden aus dem Vertrauen in die Produktqualit\u00e4t. Alle Kosten w\u00e4hrend des lebenslangen Austauschprozesses dieses DP-zu-VGA-Kabels abgedeckt. Bitte z\u00f6gern Sie nicht, uns zu kontaktieren, wenn Sie Fragen haben, ein freundlicher und schneller Kundenservice wird innerhalb von 24 Stunden angeboten.<br \/>\n<div class=\"main-cross-sell\" data-asin=\"B09FSNDRR9\">\n\n\t<div class=\"WooZone-cross-sell-loader\">\n\t\t<div>\n\t\t\t<div id=\"floatingBarsG\">\n\t\t\t\t<div class=\"blockG\" id=\"rotateG_01\"><\/div>\n\t\t\t\t<div class=\"blockG\" id=\"rotateG_02\"><\/div>\n\t\t\t\t<div class=\"blockG\" id=\"rotateG_03\"><\/div>\n\t\t\t\t<div class=\"blockG\" id=\"rotateG_04\"><\/div>\n\t\t\t\t<div class=\"blockG\" id=\"rotateG_05\"><\/div>\n\t\t\t\t<div class=\"blockG\" id=\"rotateG_06\"><\/div>\n\t\t\t\t<div class=\"blockG\" id=\"rotateG_07\"><\/div>\n\t\t\t\t<div class=\"blockG\" id=\"rotateG_08\"><\/div>\n\t\t\t<\/div>\n\t\t\t<div class=\"WooZone-cross-sell-loader-text\"><\/div>\n\t\t<\/div>\n\t<\/div>\n\n\t\t\n<\/div>\n<div style=\"clear:both;\"><\/div><\/p>\n","protected":false},"excerpt":{"rendered":"<p>\ud83c\udfae\u30101080P@60Hz Full HD\u3011Das DisplayPort-auf-VGA-Kabel unterst\u00fctzt Aufl\u00f6sungen bis zu 1920&#215;1080@60Hz (1080p Full HD). Sie k\u00f6nnen fl\u00fcssigere Bilder ohne Verz\u00f6gerung, Unsch\u00e4rfe oder Bildschirmrisse genie\u00dfen, w\u00e4hrend Sie Spiele spielen oder sich intensive Sportereignisse ansehen. Ideal f\u00fcr Video-Streaming, Spiele oder die Erweiterung einer Workstation. Nicht HDMI. Nicht USB.<br \/>\n\ud83d\udcfa\u3010Latch-freies Design &amp; NICHT bidirektional\u3011 Einfach Plug-and-Play, Sie k\u00f6nnen problemlos den erweiterten Modus oder den Spiegelmodus ohne Treiber\/Software genie\u00dfen. Dieses DP-zu-VGA-Kabel ist eine Einweg\u00fcbertragung. Konvertiert nur Displayport (Quellger\u00e4t-PCs (Grafikkarten)\/Notebooks\/Blu-Ray-Player) nach VGA (Anzeigeger\u00e4t-externe Monitore\/Projektoren\/Plasma\/LCD-TVs).<br \/>\n\ud83d\udcbb\u3010Durchdachtes und praktisches Design\u3011 Das rutschfeste und problemlose Schraubendesign bietet Ihnen mehr Platz und Reibung, um die Verbindung einfach zu handhaben und festzuziehen. Passen Sie sich perfekt an die alte Version des Displays an, ohne dass die neuen ersetzt werden m\u00fcssen. Hinweis: Das VGA-Kabel ist nur ein Videokabel und kann kein AUDIOSIGNAL senden.<\/p>\n","protected":false},"featured_media":131751,"comment_status":"open","ping_status":"closed","template":"","meta":[],"product_brand":[],"product_cat":[863],"product_tag":[],"class_list":{"0":"post-131750","1":"product","2":"type-product","3":"status-publish","4":"has-post-thumbnail","6":"product_cat-computer-zubehoer","7":"pa_brand-silkland","8":"pa_manufacturer-silkland","9":"pa_size-2m","11":"first","12":"instock","13":"shipping-taxable","14":"purchasable","15":"product-type-simple","16":"customify-col","17":"product-has-gallery"},"yoast_head":"<!-- This site is optimized with the Yoast SEO plugin v27.4 - https:\/\/yoast.com\/product\/yoast-seo-wordpress\/ -->\n<title>Silkland Displayport auf VGA Kabel 2M [2022 Aktualisiert, Nylongewebe, Aluminiumhause], DisplayPort to VGA Kabel 1080P\u2026 - Markt-XXL<\/title>\n<meta name=\"description\" content=\"Markt-XXL Silkland Displayport auf VGA Kabel 2M [2022 Aktualisiert, Nylongewebe, Aluminiumhause], DisplayPort to VGA Kabel 1080P\u2026\" \/>\n<meta name=\"robots\" content=\"index, follow, max-snippet:-1, max-image-preview:large, max-video-preview:-1\" \/>\n<link rel=\"canonical\" href=\"https:\/\/marktxxl.de\/markt\/produkt\/silkland-displayport-auf-vga-kabel-2m-2022-aktualisiert-nylongewebe-aluminiumhause-displayport-to-vga-kabel-1080p60hz-kompatibel-mit-monitor-pc-desktop-laptop-projektor-fernseher\/\" \/>\n<meta property=\"og:locale\" content=\"de_DE\" \/>\n<meta property=\"og:type\" content=\"article\" \/>\n<meta property=\"og:title\" content=\"Silkland Displayport auf VGA Kabel 2M [2022 Aktualisiert, Nylongewebe, Aluminiumhause], DisplayPort to VGA Kabel 1080P\u2026 - Markt-XXL\" \/>\n<meta property=\"og:description\" content=\"Markt-XXL Silkland Displayport auf VGA Kabel 2M [2022 Aktualisiert, Nylongewebe, Aluminiumhause], DisplayPort to VGA Kabel 1080P\u2026\" \/>\n<meta property=\"og:url\" content=\"https:\/\/marktxxl.de\/markt\/produkt\/silkland-displayport-auf-vga-kabel-2m-2022-aktualisiert-nylongewebe-aluminiumhause-displayport-to-vga-kabel-1080p60hz-kompatibel-mit-monitor-pc-desktop-laptop-projektor-fernseher\/\" \/>\n<meta property=\"og:site_name\" content=\"Markt-XXL\" \/>\n<meta property=\"article:modified_time\" content=\"2023-04-11T02:06:04+00:00\" \/>\n<meta property=\"og:image\" content=\"https:\/\/m.media-amazon.com\/images\/I\/41rRIlXIvcL._SL500_.jpg\" \/>\n\t<meta property=\"og:image:width\" content=\"400\" \/>\n\t<meta property=\"og:image:height\" content=\"500\" \/>\n\t<meta property=\"og:image:type\" content=\"image\/jpeg\" \/>\n<meta name=\"twitter:card\" content=\"summary_large_image\" \/>\n<meta name=\"twitter:label1\" content=\"Gesch\u00e4tzte Lesezeit\" \/>\n\t<meta name=\"twitter:data1\" content=\"1\u00a0Minute\" \/>\n<script type=\"application\/ld+json\" class=\"yoast-schema-graph\">{\"@context\":\"https:\\\/\\\/schema.org\",\"@graph\":[{\"@type\":\"WebPage\",\"@id\":\"https:\\\/\\\/marktxxl.de\\\/markt\\\/produkt\\\/silkland-displayport-auf-vga-kabel-2m-2022-aktualisiert-nylongewebe-aluminiumhause-displayport-to-vga-kabel-1080p60hz-kompatibel-mit-monitor-pc-desktop-laptop-projektor-fernseher\\\/\",\"url\":\"https:\\\/\\\/marktxxl.de\\\/markt\\\/produkt\\\/silkland-displayport-auf-vga-kabel-2m-2022-aktualisiert-nylongewebe-aluminiumhause-displayport-to-vga-kabel-1080p60hz-kompatibel-mit-monitor-pc-desktop-laptop-projektor-fernseher\\\/\",\"name\":\"Silkland Displayport auf VGA Kabel 2M [2022 Aktualisiert, Nylongewebe, Aluminiumhause], DisplayPort to VGA Kabel 1080P\u2026 - Markt-XXL\",\"isPartOf\":{\"@id\":\"https:\\\/\\\/marktxxl.de\\\/markt\\\/#website\"},\"primaryImageOfPage\":{\"@id\":\"https:\\\/\\\/marktxxl.de\\\/markt\\\/produkt\\\/silkland-displayport-auf-vga-kabel-2m-2022-aktualisiert-nylongewebe-aluminiumhause-displayport-to-vga-kabel-1080p60hz-kompatibel-mit-monitor-pc-desktop-laptop-projektor-fernseher\\\/#primaryimage\"},\"image\":{\"@id\":\"https:\\\/\\\/marktxxl.de\\\/markt\\\/produkt\\\/silkland-displayport-auf-vga-kabel-2m-2022-aktualisiert-nylongewebe-aluminiumhause-displayport-to-vga-kabel-1080p60hz-kompatibel-mit-monitor-pc-desktop-laptop-projektor-fernseher\\\/#primaryimage\"},\"thumbnailUrl\":\"https:\\\/\\\/m.media-amazon.com\\\/images\\\/I\\\/41rRIlXIvcL._SL500_.jpg\",\"datePublished\":\"2022-06-14T05:56:02+00:00\",\"dateModified\":\"2023-04-11T02:06:04+00:00\",\"description\":\"Markt-XXL Silkland Displayport auf VGA Kabel 2M [2022 Aktualisiert, Nylongewebe, Aluminiumhause], DisplayPort to VGA Kabel 1080P\u2026\",\"breadcrumb\":{\"@id\":\"https:\\\/\\\/marktxxl.de\\\/markt\\\/produkt\\\/silkland-displayport-auf-vga-kabel-2m-2022-aktualisiert-nylongewebe-aluminiumhause-displayport-to-vga-kabel-1080p60hz-kompatibel-mit-monitor-pc-desktop-laptop-projektor-fernseher\\\/#breadcrumb\"},\"inLanguage\":\"de\",\"potentialAction\":[{\"@type\":\"ReadAction\",\"target\":[\"https:\\\/\\\/marktxxl.de\\\/markt\\\/produkt\\\/silkland-displayport-auf-vga-kabel-2m-2022-aktualisiert-nylongewebe-aluminiumhause-displayport-to-vga-kabel-1080p60hz-kompatibel-mit-monitor-pc-desktop-laptop-projektor-fernseher\\\/\"]}]},{\"@type\":\"ImageObject\",\"inLanguage\":\"de\",\"@id\":\"https:\\\/\\\/marktxxl.de\\\/markt\\\/produkt\\\/silkland-displayport-auf-vga-kabel-2m-2022-aktualisiert-nylongewebe-aluminiumhause-displayport-to-vga-kabel-1080p60hz-kompatibel-mit-monitor-pc-desktop-laptop-projektor-fernseher\\\/#primaryimage\",\"url\":\"https:\\\/\\\/m.media-amazon.com\\\/images\\\/I\\\/41rRIlXIvcL._SL500_.jpg\",\"contentUrl\":\"https:\\\/\\\/m.media-amazon.com\\\/images\\\/I\\\/41rRIlXIvcL._SL500_.jpg\",\"width\":400,\"height\":500},{\"@type\":\"BreadcrumbList\",\"@id\":\"https:\\\/\\\/marktxxl.de\\\/markt\\\/produkt\\\/silkland-displayport-auf-vga-kabel-2m-2022-aktualisiert-nylongewebe-aluminiumhause-displayport-to-vga-kabel-1080p60hz-kompatibel-mit-monitor-pc-desktop-laptop-projektor-fernseher\\\/#breadcrumb\",\"itemListElement\":[{\"@type\":\"ListItem\",\"position\":1,\"name\":\"Startseite\",\"item\":\"https:\\\/\\\/marktxxl.de\\\/markt\\\/\"},{\"@type\":\"ListItem\",\"position\":2,\"name\":\"Markt\",\"item\":\"https:\\\/\\\/marktxxl.de\\\/markt\\\/\"},{\"@type\":\"ListItem\",\"position\":3,\"name\":\"Silkland Displayport auf VGA Kabel 2M [2022 Aktualisiert, Nylongewebe, Aluminiumhause], DisplayPort to VGA Kabel 1080P\u2026\"}]},{\"@type\":\"WebSite\",\"@id\":\"https:\\\/\\\/marktxxl.de\\\/markt\\\/#website\",\"url\":\"https:\\\/\\\/marktxxl.de\\\/markt\\\/\",\"name\":\"Markt-XXL\",\"description\":\"Ihr Markt Online\",\"publisher\":{\"@id\":\"https:\\\/\\\/marktxxl.de\\\/markt\\\/#organization\"},\"potentialAction\":[{\"@type\":\"SearchAction\",\"target\":{\"@type\":\"EntryPoint\",\"urlTemplate\":\"https:\\\/\\\/marktxxl.de\\\/markt\\\/?s={search_term_string}\"},\"query-input\":{\"@type\":\"PropertyValueSpecification\",\"valueRequired\":true,\"valueName\":\"search_term_string\"}}],\"inLanguage\":\"de\"},{\"@type\":\"Organization\",\"@id\":\"https:\\\/\\\/marktxxl.de\\\/markt\\\/#organization\",\"name\":\"Markt-XXL\",\"url\":\"https:\\\/\\\/marktxxl.de\\\/markt\\\/\",\"logo\":{\"@type\":\"ImageObject\",\"inLanguage\":\"de\",\"@id\":\"https:\\\/\\\/marktxxl.de\\\/markt\\\/#\\\/schema\\\/logo\\\/image\\\/\",\"url\":\"https:\\\/\\\/marktxxl.de\\\/markt\\\/wp-content\\\/uploads\\\/sites\\\/3\\\/2020\\\/12\\\/logo.png\",\"contentUrl\":\"https:\\\/\\\/marktxxl.de\\\/markt\\\/wp-content\\\/uploads\\\/sites\\\/3\\\/2020\\\/12\\\/logo.png\",\"width\":200,\"height\":70,\"caption\":\"Markt-XXL\"},\"image\":{\"@id\":\"https:\\\/\\\/marktxxl.de\\\/markt\\\/#\\\/schema\\\/logo\\\/image\\\/\"}}]}<\/script>\n<!-- \/ Yoast SEO plugin. -->","yoast_head_json":{"title":"Silkland Displayport auf VGA Kabel 2M [2022 Aktualisiert, Nylongewebe, Aluminiumhause], DisplayPort to VGA Kabel 1080P\u2026 - Markt-XXL","description":"Markt-XXL Silkland Displayport auf VGA Kabel 2M [2022 Aktualisiert, Nylongewebe, Aluminiumhause], DisplayPort to VGA Kabel 1080P\u2026","robots":{"index":"index","follow":"follow","max-snippet":"max-snippet:-1","max-image-preview":"max-image-preview:large","max-video-preview":"max-video-preview:-1"},"canonical":"https:\/\/marktxxl.de\/markt\/produkt\/silkland-displayport-auf-vga-kabel-2m-2022-aktualisiert-nylongewebe-aluminiumhause-displayport-to-vga-kabel-1080p60hz-kompatibel-mit-monitor-pc-desktop-laptop-projektor-fernseher\/","og_locale":"de_DE","og_type":"article","og_title":"Silkland Displayport auf VGA Kabel 2M [2022 Aktualisiert, Nylongewebe, Aluminiumhause], DisplayPort to VGA Kabel 1080P\u2026 - Markt-XXL","og_description":"Markt-XXL Silkland Displayport auf VGA Kabel 2M [2022 Aktualisiert, Nylongewebe, Aluminiumhause], DisplayPort to VGA Kabel 1080P\u2026","og_url":"https:\/\/marktxxl.de\/markt\/produkt\/silkland-displayport-auf-vga-kabel-2m-2022-aktualisiert-nylongewebe-aluminiumhause-displayport-to-vga-kabel-1080p60hz-kompatibel-mit-monitor-pc-desktop-laptop-projektor-fernseher\/","og_site_name":"Markt-XXL","article_modified_time":"2023-04-11T02:06:04+00:00","og_image":[{"width":400,"height":500,"url":"https:\/\/m.media-amazon.com\/images\/I\/41rRIlXIvcL._SL500_.jpg","type":"image\/jpeg"}],"twitter_card":"summary_large_image","twitter_misc":{"Gesch\u00e4tzte Lesezeit":"1\u00a0Minute"},"schema":{"@context":"https:\/\/schema.org","@graph":[{"@type":"WebPage","@id":"https:\/\/marktxxl.de\/markt\/produkt\/silkland-displayport-auf-vga-kabel-2m-2022-aktualisiert-nylongewebe-aluminiumhause-displayport-to-vga-kabel-1080p60hz-kompatibel-mit-monitor-pc-desktop-laptop-projektor-fernseher\/","url":"https:\/\/marktxxl.de\/markt\/produkt\/silkland-displayport-auf-vga-kabel-2m-2022-aktualisiert-nylongewebe-aluminiumhause-displayport-to-vga-kabel-1080p60hz-kompatibel-mit-monitor-pc-desktop-laptop-projektor-fernseher\/","name":"Silkland Displayport auf VGA Kabel 2M [2022 Aktualisiert, Nylongewebe, Aluminiumhause], DisplayPort to VGA Kabel 1080P\u2026 - Markt-XXL","isPartOf":{"@id":"https:\/\/marktxxl.de\/markt\/#website"},"primaryImageOfPage":{"@id":"https:\/\/marktxxl.de\/markt\/produkt\/silkland-displayport-auf-vga-kabel-2m-2022-aktualisiert-nylongewebe-aluminiumhause-displayport-to-vga-kabel-1080p60hz-kompatibel-mit-monitor-pc-desktop-laptop-projektor-fernseher\/#primaryimage"},"image":{"@id":"https:\/\/marktxxl.de\/markt\/produkt\/silkland-displayport-auf-vga-kabel-2m-2022-aktualisiert-nylongewebe-aluminiumhause-displayport-to-vga-kabel-1080p60hz-kompatibel-mit-monitor-pc-desktop-laptop-projektor-fernseher\/#primaryimage"},"thumbnailUrl":"https:\/\/m.media-amazon.com\/images\/I\/41rRIlXIvcL._SL500_.jpg","datePublished":"2022-06-14T05:56:02+00:00","dateModified":"2023-04-11T02:06:04+00:00","description":"Markt-XXL Silkland Displayport auf VGA Kabel 2M [2022 Aktualisiert, Nylongewebe, Aluminiumhause], DisplayPort to VGA Kabel 1080P\u2026","breadcrumb":{"@id":"https:\/\/marktxxl.de\/markt\/produkt\/silkland-displayport-auf-vga-kabel-2m-2022-aktualisiert-nylongewebe-aluminiumhause-displayport-to-vga-kabel-1080p60hz-kompatibel-mit-monitor-pc-desktop-laptop-projektor-fernseher\/#breadcrumb"},"inLanguage":"de","potentialAction":[{"@type":"ReadAction","target":["https:\/\/marktxxl.de\/markt\/produkt\/silkland-displayport-auf-vga-kabel-2m-2022-aktualisiert-nylongewebe-aluminiumhause-displayport-to-vga-kabel-1080p60hz-kompatibel-mit-monitor-pc-desktop-laptop-projektor-fernseher\/"]}]},{"@type":"ImageObject","inLanguage":"de","@id":"https:\/\/marktxxl.de\/markt\/produkt\/silkland-displayport-auf-vga-kabel-2m-2022-aktualisiert-nylongewebe-aluminiumhause-displayport-to-vga-kabel-1080p60hz-kompatibel-mit-monitor-pc-desktop-laptop-projektor-fernseher\/#primaryimage","url":"https:\/\/m.media-amazon.com\/images\/I\/41rRIlXIvcL._SL500_.jpg","contentUrl":"https:\/\/m.media-amazon.com\/images\/I\/41rRIlXIvcL._SL500_.jpg","width":400,"height":500},{"@type":"BreadcrumbList","@id":"https:\/\/marktxxl.de\/markt\/produkt\/silkland-displayport-auf-vga-kabel-2m-2022-aktualisiert-nylongewebe-aluminiumhause-displayport-to-vga-kabel-1080p60hz-kompatibel-mit-monitor-pc-desktop-laptop-projektor-fernseher\/#breadcrumb","itemListElement":[{"@type":"ListItem","position":1,"name":"Startseite","item":"https:\/\/marktxxl.de\/markt\/"},{"@type":"ListItem","position":2,"name":"Markt","item":"https:\/\/marktxxl.de\/markt\/"},{"@type":"ListItem","position":3,"name":"Silkland Displayport auf VGA Kabel 2M [2022 Aktualisiert, Nylongewebe, Aluminiumhause], DisplayPort to VGA Kabel 1080P\u2026"}]},{"@type":"WebSite","@id":"https:\/\/marktxxl.de\/markt\/#website","url":"https:\/\/marktxxl.de\/markt\/","name":"Markt-XXL","description":"Ihr Markt Online","publisher":{"@id":"https:\/\/marktxxl.de\/markt\/#organization"},"potentialAction":[{"@type":"SearchAction","target":{"@type":"EntryPoint","urlTemplate":"https:\/\/marktxxl.de\/markt\/?s={search_term_string}"},"query-input":{"@type":"PropertyValueSpecification","valueRequired":true,"valueName":"search_term_string"}}],"inLanguage":"de"},{"@type":"Organization","@id":"https:\/\/marktxxl.de\/markt\/#organization","name":"Markt-XXL","url":"https:\/\/marktxxl.de\/markt\/","logo":{"@type":"ImageObject","inLanguage":"de","@id":"https:\/\/marktxxl.de\/markt\/#\/schema\/logo\/image\/","url":"https:\/\/marktxxl.de\/markt\/wp-content\/uploads\/sites\/3\/2020\/12\/logo.png","contentUrl":"https:\/\/marktxxl.de\/markt\/wp-content\/uploads\/sites\/3\/2020\/12\/logo.png","width":200,"height":70,"caption":"Markt-XXL"},"image":{"@id":"https:\/\/marktxxl.de\/markt\/#\/schema\/logo\/image\/"}}]}},"_links":{"self":[{"href":"https:\/\/marktxxl.de\/markt\/wp-json\/wp\/v2\/product\/131750","targetHints":{"allow":["GET"]}}],"collection":[{"href":"https:\/\/marktxxl.de\/markt\/wp-json\/wp\/v2\/product"}],"about":[{"href":"https:\/\/marktxxl.de\/markt\/wp-json\/wp\/v2\/types\/product"}],"replies":[{"embeddable":true,"href":"https:\/\/marktxxl.de\/markt\/wp-json\/wp\/v2\/comments?post=131750"}],"wp:featuredmedia":[{"embeddable":true,"href":"https:\/\/marktxxl.de\/markt\/wp-json\/wp\/v2\/media\/131751"}],"wp:attachment":[{"href":"https:\/\/marktxxl.de\/markt\/wp-json\/wp\/v2\/media?parent=131750"}],"wp:term":[{"taxonomy":"product_brand","embeddable":true,"href":"https:\/\/marktxxl.de\/markt\/wp-json\/wp\/v2\/product_brand?post=131750"},{"taxonomy":"product_cat","embeddable":true,"href":"https:\/\/marktxxl.de\/markt\/wp-json\/wp\/v2\/product_cat?post=131750"},{"taxonomy":"product_tag","embeddable":true,"href":"https:\/\/marktxxl.de\/markt\/wp-json\/wp\/v2\/product_tag?post=131750"}],"curies":[{"name":"wp","href":"https:\/\/api.w.org\/{rel}","templated":true}]}}