{"id":131742,"date":"2022-06-14T07:55:54","date_gmt":"2022-06-14T05:55:54","guid":{"rendered":"https:\/\/marktxxl.de\/markt\/produkt\/tastatur-huelle-fuer-ipad-10-2-zoll-ipad-air-3-2021-9th-gen-ipad-2020-8th-gen-ipad-2019-7th-gen-qwertz-bluetooth-tastatur-dunkelgruen\/"},"modified":"2023-04-11T04:06:04","modified_gmt":"2023-04-11T02:06:04","slug":"tastatur-huelle-fuer-ipad-10-2-zoll-ipad-air-3-2021-9th-gen-ipad-2020-8th-gen-ipad-2019-7th-gen-qwertz-bluetooth-tastatur-dunkelgruen","status":"publish","type":"product","link":"https:\/\/marktxxl.de\/markt\/produkt\/tastatur-huelle-fuer-ipad-10-2-zoll-ipad-air-3-2021-9th-gen-ipad-2020-8th-gen-ipad-2019-7th-gen-qwertz-bluetooth-tastatur-dunkelgruen\/","title":{"rendered":"Yeegnar Tastatur H\u00fclle f\u00fcr iPad 10.2 Zoll, iPad Air 3 &amp; 2021 (9th Gen)\/ iPad 2020 (8th Gen)\/ iPad 2019 (7th Gen), QWERTZ\u2026"},"content":{"rendered":"<p>\u2328 Tastatur H\u00fclle Kompatibel mit: iPad 10,2 Zoll 2021 (9. Generation) &amp; 2020 (8. Generation) &amp; iPad 2019 (7. Generation) &amp; iPad Air 3 2019 &amp; iPad Pro 10.5 2017.<br \/>\n\u2328 H\u00fclle mit Tastatur verwandelt das Tablette in einen Laptop und unterst\u00fctzt das Tablette bei der Anpassung an die Bed\u00fcrfnisse verschiedener Blickwinkel, QWERTZ Deutsche Wireless Tastatur passt sich besser an Ihre Nutzungsgewohnheiten an.<br \/>\n\u2328 Leicht zu tragen: Die H\u00fclle mit Tastatur f\u00fcr iPad Air besteht aus leichtem ABS und PU und nimmt bei der Installation auf dem Tablette keinen Platz ein, sodass Sie sie \u00fcberall hin mitnehmen k\u00f6nnen.<br \/>\n\u2328 Die Deutsche Bluetooth Tastatur ist magnetisch an der Ledertasche befestigt. Wenn Sie tippen m\u00fcssen, k\u00f6nnen Sie die Pro 11 Tastatur darauf platzieren. Und Sie k\u00f6nnen es einfach abnehmen, wenn die Tastatur nicht ben\u00f6tigt wird.<br \/>\n\u2328 Die Air 3 Tastatur kann 72 Stunden lang ununterbrochen arbeiten oder bei vollst\u00e4ndiger Aufladung 30 Tage im Standby-Modus sein, sodass Sie sie nicht h\u00e4ufig aufladen m\u00fcssen.<br \/>\n<div class=\"main-cross-sell\" data-asin=\"B09YH5RNT7\">\n\n\t<div class=\"WooZone-cross-sell-loader\">\n\t\t<div>\n\t\t\t<div id=\"floatingBarsG\">\n\t\t\t\t<div class=\"blockG\" id=\"rotateG_01\"><\/div>\n\t\t\t\t<div class=\"blockG\" id=\"rotateG_02\"><\/div>\n\t\t\t\t<div class=\"blockG\" id=\"rotateG_03\"><\/div>\n\t\t\t\t<div class=\"blockG\" id=\"rotateG_04\"><\/div>\n\t\t\t\t<div class=\"blockG\" id=\"rotateG_05\"><\/div>\n\t\t\t\t<div class=\"blockG\" id=\"rotateG_06\"><\/div>\n\t\t\t\t<div class=\"blockG\" id=\"rotateG_07\"><\/div>\n\t\t\t\t<div class=\"blockG\" id=\"rotateG_08\"><\/div>\n\t\t\t<\/div>\n\t\t\t<div class=\"WooZone-cross-sell-loader-text\"><\/div>\n\t\t<\/div>\n\t<\/div>\n\n\t\t\n<\/div>\n<div style=\"clear:both;\"><\/div><\/p>\n","protected":false},"excerpt":{"rendered":"<p>\u2328 Tastatur H\u00fclle Kompatibel mit: iPad 10,2 Zoll 2021 (9. Generation) &amp; 2020 (8. Generation) &amp; iPad 2019 (7. Generation) &amp; iPad Air 3 2019 &amp; iPad Pro 10.5 2017.<br \/>\n\u2328 H\u00fclle mit Tastatur verwandelt das Tablette in einen Laptop und unterst\u00fctzt das Tablette bei der Anpassung an die Bed\u00fcrfnisse verschiedener Blickwinkel, QWERTZ Deutsche Wireless Tastatur passt sich besser an Ihre Nutzungsgewohnheiten an.<br \/>\n\u2328 Leicht zu tragen: Die H\u00fclle mit Tastatur f\u00fcr iPad Air besteht aus leichtem ABS und PU und nimmt bei der Installation auf dem Tablette keinen Platz ein, sodass Sie sie \u00fcberall hin mitnehmen k\u00f6nnen.<\/p>\n","protected":false},"featured_media":131743,"comment_status":"open","ping_status":"closed","template":"","meta":[],"product_brand":[],"product_cat":[863],"product_tag":[],"class_list":{"0":"post-131742","1":"product","2":"type-product","3":"status-publish","4":"has-post-thumbnail","6":"product_cat-computer-zubehoer","7":"pa_brand-yeegnar","8":"pa_color-dunkelgruen","9":"pa_languages-originalsprache-deutsch","10":"pa_manufacturer-yeegnar","11":"pa_model-ipad-9th-8th-7th-gen","12":"pa_warranty-12919","14":"first","15":"instock","16":"shipping-taxable","17":"purchasable","18":"product-type-simple","19":"customify-col","20":"product-has-gallery"},"yoast_head":"<!-- This site is optimized with the Yoast SEO plugin v27.4 - https:\/\/yoast.com\/product\/yoast-seo-wordpress\/ -->\n<title>Yeegnar Tastatur H\u00fclle f\u00fcr iPad 10.2 Zoll, iPad Air 3 &amp; 2021 (9th Gen)\/ iPad 2020 (8th Gen)\/ iPad 2019 (7th Gen), QWERTZ\u2026 - Markt-XXL<\/title>\n<meta name=\"description\" content=\"Markt-XXL Yeegnar Tastatur H\u00fclle f\u00fcr iPad 10.2 Zoll, iPad Air 3 &amp; 2021 (9th Gen)\/ iPad 2020 (8th Gen)\/ iPad 2019 (7th Gen), QWERTZ\u2026\" \/>\n<meta name=\"robots\" content=\"index, follow, max-snippet:-1, max-image-preview:large, max-video-preview:-1\" \/>\n<link rel=\"canonical\" href=\"https:\/\/marktxxl.de\/markt\/produkt\/tastatur-huelle-fuer-ipad-10-2-zoll-ipad-air-3-2021-9th-gen-ipad-2020-8th-gen-ipad-2019-7th-gen-qwertz-bluetooth-tastatur-dunkelgruen\/\" \/>\n<meta property=\"og:locale\" content=\"de_DE\" \/>\n<meta property=\"og:type\" content=\"article\" \/>\n<meta property=\"og:title\" content=\"Yeegnar Tastatur H\u00fclle f\u00fcr iPad 10.2 Zoll, iPad Air 3 &amp; 2021 (9th Gen)\/ iPad 2020 (8th Gen)\/ iPad 2019 (7th Gen), QWERTZ\u2026 - Markt-XXL\" \/>\n<meta property=\"og:description\" content=\"Markt-XXL Yeegnar Tastatur H\u00fclle f\u00fcr iPad 10.2 Zoll, iPad Air 3 &amp; 2021 (9th Gen)\/ iPad 2020 (8th Gen)\/ iPad 2019 (7th Gen), QWERTZ\u2026\" \/>\n<meta property=\"og:url\" content=\"https:\/\/marktxxl.de\/markt\/produkt\/tastatur-huelle-fuer-ipad-10-2-zoll-ipad-air-3-2021-9th-gen-ipad-2020-8th-gen-ipad-2019-7th-gen-qwertz-bluetooth-tastatur-dunkelgruen\/\" \/>\n<meta property=\"og:site_name\" content=\"Markt-XXL\" \/>\n<meta property=\"article:modified_time\" content=\"2023-04-11T02:06:04+00:00\" \/>\n<meta property=\"og:image\" content=\"https:\/\/m.media-amazon.com\/images\/I\/413zD1C-ZQL._SL500_.jpg\" \/>\n\t<meta property=\"og:image:width\" content=\"500\" \/>\n\t<meta property=\"og:image:height\" content=\"500\" \/>\n\t<meta property=\"og:image:type\" content=\"image\/jpeg\" \/>\n<meta name=\"twitter:card\" content=\"summary_large_image\" \/>\n<meta name=\"twitter:label1\" content=\"Gesch\u00e4tzte Lesezeit\" \/>\n\t<meta name=\"twitter:data1\" content=\"1\u00a0Minute\" \/>\n<script type=\"application\/ld+json\" class=\"yoast-schema-graph\">{\"@context\":\"https:\\\/\\\/schema.org\",\"@graph\":[{\"@type\":\"WebPage\",\"@id\":\"https:\\\/\\\/marktxxl.de\\\/markt\\\/produkt\\\/tastatur-huelle-fuer-ipad-10-2-zoll-ipad-air-3-2021-9th-gen-ipad-2020-8th-gen-ipad-2019-7th-gen-qwertz-bluetooth-tastatur-dunkelgruen\\\/\",\"url\":\"https:\\\/\\\/marktxxl.de\\\/markt\\\/produkt\\\/tastatur-huelle-fuer-ipad-10-2-zoll-ipad-air-3-2021-9th-gen-ipad-2020-8th-gen-ipad-2019-7th-gen-qwertz-bluetooth-tastatur-dunkelgruen\\\/\",\"name\":\"Yeegnar Tastatur H\u00fclle f\u00fcr iPad 10.2 Zoll, iPad Air 3 &amp; 2021 (9th Gen)\\\/ iPad 2020 (8th Gen)\\\/ iPad 2019 (7th Gen), QWERTZ\u2026 - Markt-XXL\",\"isPartOf\":{\"@id\":\"https:\\\/\\\/marktxxl.de\\\/markt\\\/#website\"},\"primaryImageOfPage\":{\"@id\":\"https:\\\/\\\/marktxxl.de\\\/markt\\\/produkt\\\/tastatur-huelle-fuer-ipad-10-2-zoll-ipad-air-3-2021-9th-gen-ipad-2020-8th-gen-ipad-2019-7th-gen-qwertz-bluetooth-tastatur-dunkelgruen\\\/#primaryimage\"},\"image\":{\"@id\":\"https:\\\/\\\/marktxxl.de\\\/markt\\\/produkt\\\/tastatur-huelle-fuer-ipad-10-2-zoll-ipad-air-3-2021-9th-gen-ipad-2020-8th-gen-ipad-2019-7th-gen-qwertz-bluetooth-tastatur-dunkelgruen\\\/#primaryimage\"},\"thumbnailUrl\":\"https:\\\/\\\/m.media-amazon.com\\\/images\\\/I\\\/413zD1C-ZQL._SL500_.jpg\",\"datePublished\":\"2022-06-14T05:55:54+00:00\",\"dateModified\":\"2023-04-11T02:06:04+00:00\",\"description\":\"Markt-XXL Yeegnar Tastatur H\u00fclle f\u00fcr iPad 10.2 Zoll, iPad Air 3 &amp; 2021 (9th Gen)\\\/ iPad 2020 (8th Gen)\\\/ iPad 2019 (7th Gen), QWERTZ\u2026\",\"breadcrumb\":{\"@id\":\"https:\\\/\\\/marktxxl.de\\\/markt\\\/produkt\\\/tastatur-huelle-fuer-ipad-10-2-zoll-ipad-air-3-2021-9th-gen-ipad-2020-8th-gen-ipad-2019-7th-gen-qwertz-bluetooth-tastatur-dunkelgruen\\\/#breadcrumb\"},\"inLanguage\":\"de\",\"potentialAction\":[{\"@type\":\"ReadAction\",\"target\":[\"https:\\\/\\\/marktxxl.de\\\/markt\\\/produkt\\\/tastatur-huelle-fuer-ipad-10-2-zoll-ipad-air-3-2021-9th-gen-ipad-2020-8th-gen-ipad-2019-7th-gen-qwertz-bluetooth-tastatur-dunkelgruen\\\/\"]}]},{\"@type\":\"ImageObject\",\"inLanguage\":\"de\",\"@id\":\"https:\\\/\\\/marktxxl.de\\\/markt\\\/produkt\\\/tastatur-huelle-fuer-ipad-10-2-zoll-ipad-air-3-2021-9th-gen-ipad-2020-8th-gen-ipad-2019-7th-gen-qwertz-bluetooth-tastatur-dunkelgruen\\\/#primaryimage\",\"url\":\"https:\\\/\\\/m.media-amazon.com\\\/images\\\/I\\\/413zD1C-ZQL._SL500_.jpg\",\"contentUrl\":\"https:\\\/\\\/m.media-amazon.com\\\/images\\\/I\\\/413zD1C-ZQL._SL500_.jpg\",\"width\":500,\"height\":500},{\"@type\":\"BreadcrumbList\",\"@id\":\"https:\\\/\\\/marktxxl.de\\\/markt\\\/produkt\\\/tastatur-huelle-fuer-ipad-10-2-zoll-ipad-air-3-2021-9th-gen-ipad-2020-8th-gen-ipad-2019-7th-gen-qwertz-bluetooth-tastatur-dunkelgruen\\\/#breadcrumb\",\"itemListElement\":[{\"@type\":\"ListItem\",\"position\":1,\"name\":\"Startseite\",\"item\":\"https:\\\/\\\/marktxxl.de\\\/markt\\\/\"},{\"@type\":\"ListItem\",\"position\":2,\"name\":\"Markt\",\"item\":\"https:\\\/\\\/marktxxl.de\\\/markt\\\/\"},{\"@type\":\"ListItem\",\"position\":3,\"name\":\"Yeegnar Tastatur H\u00fclle f\u00fcr iPad 10.2 Zoll, iPad Air 3 &amp; 2021 (9th Gen)\\\/ iPad 2020 (8th Gen)\\\/ iPad 2019 (7th Gen), QWERTZ\u2026\"}]},{\"@type\":\"WebSite\",\"@id\":\"https:\\\/\\\/marktxxl.de\\\/markt\\\/#website\",\"url\":\"https:\\\/\\\/marktxxl.de\\\/markt\\\/\",\"name\":\"Markt-XXL\",\"description\":\"Ihr Markt Online\",\"publisher\":{\"@id\":\"https:\\\/\\\/marktxxl.de\\\/markt\\\/#organization\"},\"potentialAction\":[{\"@type\":\"SearchAction\",\"target\":{\"@type\":\"EntryPoint\",\"urlTemplate\":\"https:\\\/\\\/marktxxl.de\\\/markt\\\/?s={search_term_string}\"},\"query-input\":{\"@type\":\"PropertyValueSpecification\",\"valueRequired\":true,\"valueName\":\"search_term_string\"}}],\"inLanguage\":\"de\"},{\"@type\":\"Organization\",\"@id\":\"https:\\\/\\\/marktxxl.de\\\/markt\\\/#organization\",\"name\":\"Markt-XXL\",\"url\":\"https:\\\/\\\/marktxxl.de\\\/markt\\\/\",\"logo\":{\"@type\":\"ImageObject\",\"inLanguage\":\"de\",\"@id\":\"https:\\\/\\\/marktxxl.de\\\/markt\\\/#\\\/schema\\\/logo\\\/image\\\/\",\"url\":\"https:\\\/\\\/marktxxl.de\\\/markt\\\/wp-content\\\/uploads\\\/sites\\\/3\\\/2020\\\/12\\\/logo.png\",\"contentUrl\":\"https:\\\/\\\/marktxxl.de\\\/markt\\\/wp-content\\\/uploads\\\/sites\\\/3\\\/2020\\\/12\\\/logo.png\",\"width\":200,\"height\":70,\"caption\":\"Markt-XXL\"},\"image\":{\"@id\":\"https:\\\/\\\/marktxxl.de\\\/markt\\\/#\\\/schema\\\/logo\\\/image\\\/\"}}]}<\/script>\n<!-- \/ Yoast SEO plugin. -->","yoast_head_json":{"title":"Yeegnar Tastatur H\u00fclle f\u00fcr iPad 10.2 Zoll, iPad Air 3 &amp; 2021 (9th Gen)\/ iPad 2020 (8th Gen)\/ iPad 2019 (7th Gen), QWERTZ\u2026 - Markt-XXL","description":"Markt-XXL Yeegnar Tastatur H\u00fclle f\u00fcr iPad 10.2 Zoll, iPad Air 3 &amp; 2021 (9th Gen)\/ iPad 2020 (8th Gen)\/ iPad 2019 (7th Gen), QWERTZ\u2026","robots":{"index":"index","follow":"follow","max-snippet":"max-snippet:-1","max-image-preview":"max-image-preview:large","max-video-preview":"max-video-preview:-1"},"canonical":"https:\/\/marktxxl.de\/markt\/produkt\/tastatur-huelle-fuer-ipad-10-2-zoll-ipad-air-3-2021-9th-gen-ipad-2020-8th-gen-ipad-2019-7th-gen-qwertz-bluetooth-tastatur-dunkelgruen\/","og_locale":"de_DE","og_type":"article","og_title":"Yeegnar Tastatur H\u00fclle f\u00fcr iPad 10.2 Zoll, iPad Air 3 &amp; 2021 (9th Gen)\/ iPad 2020 (8th Gen)\/ iPad 2019 (7th Gen), QWERTZ\u2026 - Markt-XXL","og_description":"Markt-XXL Yeegnar Tastatur H\u00fclle f\u00fcr iPad 10.2 Zoll, iPad Air 3 &amp; 2021 (9th Gen)\/ iPad 2020 (8th Gen)\/ iPad 2019 (7th Gen), QWERTZ\u2026","og_url":"https:\/\/marktxxl.de\/markt\/produkt\/tastatur-huelle-fuer-ipad-10-2-zoll-ipad-air-3-2021-9th-gen-ipad-2020-8th-gen-ipad-2019-7th-gen-qwertz-bluetooth-tastatur-dunkelgruen\/","og_site_name":"Markt-XXL","article_modified_time":"2023-04-11T02:06:04+00:00","og_image":[{"width":500,"height":500,"url":"https:\/\/m.media-amazon.com\/images\/I\/413zD1C-ZQL._SL500_.jpg","type":"image\/jpeg"}],"twitter_card":"summary_large_image","twitter_misc":{"Gesch\u00e4tzte Lesezeit":"1\u00a0Minute"},"schema":{"@context":"https:\/\/schema.org","@graph":[{"@type":"WebPage","@id":"https:\/\/marktxxl.de\/markt\/produkt\/tastatur-huelle-fuer-ipad-10-2-zoll-ipad-air-3-2021-9th-gen-ipad-2020-8th-gen-ipad-2019-7th-gen-qwertz-bluetooth-tastatur-dunkelgruen\/","url":"https:\/\/marktxxl.de\/markt\/produkt\/tastatur-huelle-fuer-ipad-10-2-zoll-ipad-air-3-2021-9th-gen-ipad-2020-8th-gen-ipad-2019-7th-gen-qwertz-bluetooth-tastatur-dunkelgruen\/","name":"Yeegnar Tastatur H\u00fclle f\u00fcr iPad 10.2 Zoll, iPad Air 3 &amp; 2021 (9th Gen)\/ iPad 2020 (8th Gen)\/ iPad 2019 (7th Gen), QWERTZ\u2026 - Markt-XXL","isPartOf":{"@id":"https:\/\/marktxxl.de\/markt\/#website"},"primaryImageOfPage":{"@id":"https:\/\/marktxxl.de\/markt\/produkt\/tastatur-huelle-fuer-ipad-10-2-zoll-ipad-air-3-2021-9th-gen-ipad-2020-8th-gen-ipad-2019-7th-gen-qwertz-bluetooth-tastatur-dunkelgruen\/#primaryimage"},"image":{"@id":"https:\/\/marktxxl.de\/markt\/produkt\/tastatur-huelle-fuer-ipad-10-2-zoll-ipad-air-3-2021-9th-gen-ipad-2020-8th-gen-ipad-2019-7th-gen-qwertz-bluetooth-tastatur-dunkelgruen\/#primaryimage"},"thumbnailUrl":"https:\/\/m.media-amazon.com\/images\/I\/413zD1C-ZQL._SL500_.jpg","datePublished":"2022-06-14T05:55:54+00:00","dateModified":"2023-04-11T02:06:04+00:00","description":"Markt-XXL Yeegnar Tastatur H\u00fclle f\u00fcr iPad 10.2 Zoll, iPad Air 3 &amp; 2021 (9th Gen)\/ iPad 2020 (8th Gen)\/ iPad 2019 (7th Gen), QWERTZ\u2026","breadcrumb":{"@id":"https:\/\/marktxxl.de\/markt\/produkt\/tastatur-huelle-fuer-ipad-10-2-zoll-ipad-air-3-2021-9th-gen-ipad-2020-8th-gen-ipad-2019-7th-gen-qwertz-bluetooth-tastatur-dunkelgruen\/#breadcrumb"},"inLanguage":"de","potentialAction":[{"@type":"ReadAction","target":["https:\/\/marktxxl.de\/markt\/produkt\/tastatur-huelle-fuer-ipad-10-2-zoll-ipad-air-3-2021-9th-gen-ipad-2020-8th-gen-ipad-2019-7th-gen-qwertz-bluetooth-tastatur-dunkelgruen\/"]}]},{"@type":"ImageObject","inLanguage":"de","@id":"https:\/\/marktxxl.de\/markt\/produkt\/tastatur-huelle-fuer-ipad-10-2-zoll-ipad-air-3-2021-9th-gen-ipad-2020-8th-gen-ipad-2019-7th-gen-qwertz-bluetooth-tastatur-dunkelgruen\/#primaryimage","url":"https:\/\/m.media-amazon.com\/images\/I\/413zD1C-ZQL._SL500_.jpg","contentUrl":"https:\/\/m.media-amazon.com\/images\/I\/413zD1C-ZQL._SL500_.jpg","width":500,"height":500},{"@type":"BreadcrumbList","@id":"https:\/\/marktxxl.de\/markt\/produkt\/tastatur-huelle-fuer-ipad-10-2-zoll-ipad-air-3-2021-9th-gen-ipad-2020-8th-gen-ipad-2019-7th-gen-qwertz-bluetooth-tastatur-dunkelgruen\/#breadcrumb","itemListElement":[{"@type":"ListItem","position":1,"name":"Startseite","item":"https:\/\/marktxxl.de\/markt\/"},{"@type":"ListItem","position":2,"name":"Markt","item":"https:\/\/marktxxl.de\/markt\/"},{"@type":"ListItem","position":3,"name":"Yeegnar Tastatur H\u00fclle f\u00fcr iPad 10.2 Zoll, iPad Air 3 &amp; 2021 (9th Gen)\/ iPad 2020 (8th Gen)\/ iPad 2019 (7th Gen), QWERTZ\u2026"}]},{"@type":"WebSite","@id":"https:\/\/marktxxl.de\/markt\/#website","url":"https:\/\/marktxxl.de\/markt\/","name":"Markt-XXL","description":"Ihr Markt Online","publisher":{"@id":"https:\/\/marktxxl.de\/markt\/#organization"},"potentialAction":[{"@type":"SearchAction","target":{"@type":"EntryPoint","urlTemplate":"https:\/\/marktxxl.de\/markt\/?s={search_term_string}"},"query-input":{"@type":"PropertyValueSpecification","valueRequired":true,"valueName":"search_term_string"}}],"inLanguage":"de"},{"@type":"Organization","@id":"https:\/\/marktxxl.de\/markt\/#organization","name":"Markt-XXL","url":"https:\/\/marktxxl.de\/markt\/","logo":{"@type":"ImageObject","inLanguage":"de","@id":"https:\/\/marktxxl.de\/markt\/#\/schema\/logo\/image\/","url":"https:\/\/marktxxl.de\/markt\/wp-content\/uploads\/sites\/3\/2020\/12\/logo.png","contentUrl":"https:\/\/marktxxl.de\/markt\/wp-content\/uploads\/sites\/3\/2020\/12\/logo.png","width":200,"height":70,"caption":"Markt-XXL"},"image":{"@id":"https:\/\/marktxxl.de\/markt\/#\/schema\/logo\/image\/"}}]}},"_links":{"self":[{"href":"https:\/\/marktxxl.de\/markt\/wp-json\/wp\/v2\/product\/131742","targetHints":{"allow":["GET"]}}],"collection":[{"href":"https:\/\/marktxxl.de\/markt\/wp-json\/wp\/v2\/product"}],"about":[{"href":"https:\/\/marktxxl.de\/markt\/wp-json\/wp\/v2\/types\/product"}],"replies":[{"embeddable":true,"href":"https:\/\/marktxxl.de\/markt\/wp-json\/wp\/v2\/comments?post=131742"}],"wp:featuredmedia":[{"embeddable":true,"href":"https:\/\/marktxxl.de\/markt\/wp-json\/wp\/v2\/media\/131743"}],"wp:attachment":[{"href":"https:\/\/marktxxl.de\/markt\/wp-json\/wp\/v2\/media?parent=131742"}],"wp:term":[{"taxonomy":"product_brand","embeddable":true,"href":"https:\/\/marktxxl.de\/markt\/wp-json\/wp\/v2\/product_brand?post=131742"},{"taxonomy":"product_cat","embeddable":true,"href":"https:\/\/marktxxl.de\/markt\/wp-json\/wp\/v2\/product_cat?post=131742"},{"taxonomy":"product_tag","embeddable":true,"href":"https:\/\/marktxxl.de\/markt\/wp-json\/wp\/v2\/product_tag?post=131742"}],"curies":[{"name":"wp","href":"https:\/\/api.w.org\/{rel}","templated":true}]}}