{"id":131725,"date":"2022-06-14T07:55:38","date_gmt":"2022-06-14T05:55:38","guid":{"rendered":"https:\/\/marktxxl.de\/markt\/produkt\/verbesserte-standfuss-fuer-valve-steam-deck-rutschfeste-verstellbare-faltbare-staender-kompatibel-mit-steam-deck-dock-standbasis-station-zubehoer\/"},"modified":"2023-04-11T04:06:04","modified_gmt":"2023-04-11T02:06:04","slug":"verbesserte-standfuss-fuer-valve-steam-deck-rutschfeste-verstellbare-faltbare-staender-kompatibel-mit-steam-deck-dock-standbasis-station-zubehoer","status":"publish","type":"product","link":"https:\/\/marktxxl.de\/markt\/produkt\/verbesserte-standfuss-fuer-valve-steam-deck-rutschfeste-verstellbare-faltbare-staender-kompatibel-mit-steam-deck-dock-standbasis-station-zubehoer\/","title":{"rendered":"Verbesserte Standfu\u00df f\u00fcr Valve Steam Deck, rutschfeste, verstellbare Halterung, Faltbare st\u00e4nder kompatibel mit Steam\u2026"},"content":{"rendered":"<p>Das Standfu\u00df Dock wurde speziell f\u00fcr Steam Deck entwickelt, 3-stufige Winkel k\u00f6nnen an Ihre Sehanforderungen angepasst werden, sodass Sie Ihre Spiele und Videos freih\u00e4ndig genie\u00dfen k\u00f6nnen.<br \/>\nDie Gummipolster auf der R\u00fcckseite und Unterseite k\u00f6nnen Ihr Dampfdeck vor Kratzern und Rutschen, Sicherheit und Stabilit\u00e4t sch\u00fctzen.<br \/>\nDie faltbare Gr\u00f6\u00dfe betr\u00e4gt 5,7 * 3,7 * 1 Zoll. Es ist auch sehr tragbar und kann leicht zusammengeklappt werden, um es in einer Tasche zu verstauen. Es ist ein perfektes Accessoire f\u00fcr Ihren Schreibtisch \/ Nachttisch zu Hause und auf Reisen.<br \/>\nAuf der R\u00fcckseite des Docks befinden sich L\u00fcftungsschlitze, die perfekt zu den K\u00fchll\u00f6chern Ihres Dampfdecks passen. So k\u00f6nnen Sie in Ihren Lieblingsspielen l\u00e4ngere Zeit mit Steam Deck spielen, ohne sich Sorgen machen zu m\u00fcssen \u00dcberhitzung.<br \/>\nDas Dock ist nicht nur f\u00fcr Steam Deck, sondern auch f\u00fcr Nintendo Switch, Tablets, Smartphones usw.<br \/>\n<div class=\"main-cross-sell\" data-asin=\"B0B18L147W\">\n\n\t<div class=\"WooZone-cross-sell-loader\">\n\t\t<div>\n\t\t\t<div id=\"floatingBarsG\">\n\t\t\t\t<div class=\"blockG\" id=\"rotateG_01\"><\/div>\n\t\t\t\t<div class=\"blockG\" id=\"rotateG_02\"><\/div>\n\t\t\t\t<div class=\"blockG\" id=\"rotateG_03\"><\/div>\n\t\t\t\t<div class=\"blockG\" id=\"rotateG_04\"><\/div>\n\t\t\t\t<div class=\"blockG\" id=\"rotateG_05\"><\/div>\n\t\t\t\t<div class=\"blockG\" id=\"rotateG_06\"><\/div>\n\t\t\t\t<div class=\"blockG\" id=\"rotateG_07\"><\/div>\n\t\t\t\t<div class=\"blockG\" id=\"rotateG_08\"><\/div>\n\t\t\t<\/div>\n\t\t\t<div class=\"WooZone-cross-sell-loader-text\"><\/div>\n\t\t<\/div>\n\t<\/div>\n\n\t\t\n<\/div>\n<div style=\"clear:both;\"><\/div><\/p>\n","protected":false},"excerpt":{"rendered":"<p>Das Standfu\u00df Dock wurde speziell f\u00fcr Steam Deck entwickelt, 3-stufige Winkel k\u00f6nnen an Ihre Sehanforderungen angepasst werden, sodass Sie Ihre Spiele und Videos freih\u00e4ndig genie\u00dfen k\u00f6nnen.<br \/>\nDie Gummipolster auf der R\u00fcckseite und Unterseite k\u00f6nnen Ihr Dampfdeck vor Kratzern und Rutschen, Sicherheit und Stabilit\u00e4t sch\u00fctzen.<br \/>\nDie faltbare Gr\u00f6\u00dfe betr\u00e4gt 5,7 * 3,7 * 1 Zoll. Es ist auch sehr tragbar und kann leicht zusammengeklappt werden, um es in einer Tasche zu verstauen. Es ist ein perfektes Accessoire f\u00fcr Ihren Schreibtisch \/ Nachttisch zu Hause und auf Reisen.<\/p>\n","protected":false},"featured_media":131726,"comment_status":"open","ping_status":"closed","template":"","meta":[],"product_brand":[],"product_cat":[863],"product_tag":[],"class_list":{"0":"post-131725","1":"product","2":"type-product","3":"status-publish","4":"has-post-thumbnail","6":"product_cat-computer-zubehoer","7":"pa_brand-semaiki","8":"pa_manufacturer-semaiki","9":"pa_warranty-90-day-warranty-against-manufacturer-defects","11":"first","12":"instock","13":"shipping-taxable","14":"purchasable","15":"product-type-simple","16":"customify-col","17":"product-has-gallery"},"yoast_head":"<!-- This site is optimized with the Yoast SEO plugin v27.5 - https:\/\/yoast.com\/product\/yoast-seo-wordpress\/ -->\n<title>Verbesserte Standfu\u00df f\u00fcr Valve Steam Deck, rutschfeste, verstellbare Halterung, Faltbare st\u00e4nder kompatibel mit Steam\u2026 - Markt-XXL<\/title>\n<meta name=\"description\" content=\"Markt-XXL Verbesserte Standfu\u00df f\u00fcr Valve Steam Deck, rutschfeste, verstellbare Halterung, Faltbare st\u00e4nder kompatibel mit Steam\u2026\" \/>\n<meta name=\"robots\" content=\"index, follow, max-snippet:-1, max-image-preview:large, max-video-preview:-1\" \/>\n<link rel=\"canonical\" href=\"https:\/\/marktxxl.de\/markt\/produkt\/verbesserte-standfuss-fuer-valve-steam-deck-rutschfeste-verstellbare-faltbare-staender-kompatibel-mit-steam-deck-dock-standbasis-station-zubehoer\/\" \/>\n<meta property=\"og:locale\" content=\"de_DE\" \/>\n<meta property=\"og:type\" content=\"article\" \/>\n<meta property=\"og:title\" content=\"Verbesserte Standfu\u00df f\u00fcr Valve Steam Deck, rutschfeste, verstellbare Halterung, Faltbare st\u00e4nder kompatibel mit Steam\u2026 - Markt-XXL\" \/>\n<meta property=\"og:description\" content=\"Markt-XXL Verbesserte Standfu\u00df f\u00fcr Valve Steam Deck, rutschfeste, verstellbare Halterung, Faltbare st\u00e4nder kompatibel mit Steam\u2026\" \/>\n<meta property=\"og:url\" content=\"https:\/\/marktxxl.de\/markt\/produkt\/verbesserte-standfuss-fuer-valve-steam-deck-rutschfeste-verstellbare-faltbare-staender-kompatibel-mit-steam-deck-dock-standbasis-station-zubehoer\/\" \/>\n<meta property=\"og:site_name\" content=\"Markt-XXL\" \/>\n<meta property=\"article:modified_time\" content=\"2023-04-11T02:06:04+00:00\" \/>\n<meta property=\"og:image\" content=\"https:\/\/m.media-amazon.com\/images\/I\/31Kf-lItN2L._SL500_.jpg\" \/>\n\t<meta property=\"og:image:width\" content=\"500\" \/>\n\t<meta property=\"og:image:height\" content=\"500\" \/>\n\t<meta property=\"og:image:type\" content=\"image\/jpeg\" \/>\n<meta name=\"twitter:card\" content=\"summary_large_image\" \/>\n<meta name=\"twitter:label1\" content=\"Gesch\u00e4tzte Lesezeit\" \/>\n\t<meta name=\"twitter:data1\" content=\"1\u00a0Minute\" \/>\n<script type=\"application\/ld+json\" class=\"yoast-schema-graph\">{\"@context\":\"https:\\\/\\\/schema.org\",\"@graph\":[{\"@type\":\"WebPage\",\"@id\":\"https:\\\/\\\/marktxxl.de\\\/markt\\\/produkt\\\/verbesserte-standfuss-fuer-valve-steam-deck-rutschfeste-verstellbare-faltbare-staender-kompatibel-mit-steam-deck-dock-standbasis-station-zubehoer\\\/\",\"url\":\"https:\\\/\\\/marktxxl.de\\\/markt\\\/produkt\\\/verbesserte-standfuss-fuer-valve-steam-deck-rutschfeste-verstellbare-faltbare-staender-kompatibel-mit-steam-deck-dock-standbasis-station-zubehoer\\\/\",\"name\":\"Verbesserte Standfu\u00df f\u00fcr Valve Steam Deck, rutschfeste, verstellbare Halterung, Faltbare st\u00e4nder kompatibel mit Steam\u2026 - Markt-XXL\",\"isPartOf\":{\"@id\":\"https:\\\/\\\/marktxxl.de\\\/markt\\\/#website\"},\"primaryImageOfPage\":{\"@id\":\"https:\\\/\\\/marktxxl.de\\\/markt\\\/produkt\\\/verbesserte-standfuss-fuer-valve-steam-deck-rutschfeste-verstellbare-faltbare-staender-kompatibel-mit-steam-deck-dock-standbasis-station-zubehoer\\\/#primaryimage\"},\"image\":{\"@id\":\"https:\\\/\\\/marktxxl.de\\\/markt\\\/produkt\\\/verbesserte-standfuss-fuer-valve-steam-deck-rutschfeste-verstellbare-faltbare-staender-kompatibel-mit-steam-deck-dock-standbasis-station-zubehoer\\\/#primaryimage\"},\"thumbnailUrl\":\"https:\\\/\\\/m.media-amazon.com\\\/images\\\/I\\\/31Kf-lItN2L._SL500_.jpg\",\"datePublished\":\"2022-06-14T05:55:38+00:00\",\"dateModified\":\"2023-04-11T02:06:04+00:00\",\"description\":\"Markt-XXL Verbesserte Standfu\u00df f\u00fcr Valve Steam Deck, rutschfeste, verstellbare Halterung, Faltbare st\u00e4nder kompatibel mit Steam\u2026\",\"breadcrumb\":{\"@id\":\"https:\\\/\\\/marktxxl.de\\\/markt\\\/produkt\\\/verbesserte-standfuss-fuer-valve-steam-deck-rutschfeste-verstellbare-faltbare-staender-kompatibel-mit-steam-deck-dock-standbasis-station-zubehoer\\\/#breadcrumb\"},\"inLanguage\":\"de\",\"potentialAction\":[{\"@type\":\"ReadAction\",\"target\":[\"https:\\\/\\\/marktxxl.de\\\/markt\\\/produkt\\\/verbesserte-standfuss-fuer-valve-steam-deck-rutschfeste-verstellbare-faltbare-staender-kompatibel-mit-steam-deck-dock-standbasis-station-zubehoer\\\/\"]}]},{\"@type\":\"ImageObject\",\"inLanguage\":\"de\",\"@id\":\"https:\\\/\\\/marktxxl.de\\\/markt\\\/produkt\\\/verbesserte-standfuss-fuer-valve-steam-deck-rutschfeste-verstellbare-faltbare-staender-kompatibel-mit-steam-deck-dock-standbasis-station-zubehoer\\\/#primaryimage\",\"url\":\"https:\\\/\\\/m.media-amazon.com\\\/images\\\/I\\\/31Kf-lItN2L._SL500_.jpg\",\"contentUrl\":\"https:\\\/\\\/m.media-amazon.com\\\/images\\\/I\\\/31Kf-lItN2L._SL500_.jpg\",\"width\":500,\"height\":500},{\"@type\":\"BreadcrumbList\",\"@id\":\"https:\\\/\\\/marktxxl.de\\\/markt\\\/produkt\\\/verbesserte-standfuss-fuer-valve-steam-deck-rutschfeste-verstellbare-faltbare-staender-kompatibel-mit-steam-deck-dock-standbasis-station-zubehoer\\\/#breadcrumb\",\"itemListElement\":[{\"@type\":\"ListItem\",\"position\":1,\"name\":\"Startseite\",\"item\":\"https:\\\/\\\/marktxxl.de\\\/markt\\\/\"},{\"@type\":\"ListItem\",\"position\":2,\"name\":\"Markt\",\"item\":\"https:\\\/\\\/marktxxl.de\\\/markt\\\/\"},{\"@type\":\"ListItem\",\"position\":3,\"name\":\"Verbesserte Standfu\u00df f\u00fcr Valve Steam Deck, rutschfeste, verstellbare Halterung, Faltbare st\u00e4nder kompatibel mit Steam\u2026\"}]},{\"@type\":\"WebSite\",\"@id\":\"https:\\\/\\\/marktxxl.de\\\/markt\\\/#website\",\"url\":\"https:\\\/\\\/marktxxl.de\\\/markt\\\/\",\"name\":\"Markt-XXL\",\"description\":\"Ihr Markt Online\",\"publisher\":{\"@id\":\"https:\\\/\\\/marktxxl.de\\\/markt\\\/#organization\"},\"potentialAction\":[{\"@type\":\"SearchAction\",\"target\":{\"@type\":\"EntryPoint\",\"urlTemplate\":\"https:\\\/\\\/marktxxl.de\\\/markt\\\/?s={search_term_string}\"},\"query-input\":{\"@type\":\"PropertyValueSpecification\",\"valueRequired\":true,\"valueName\":\"search_term_string\"}}],\"inLanguage\":\"de\"},{\"@type\":\"Organization\",\"@id\":\"https:\\\/\\\/marktxxl.de\\\/markt\\\/#organization\",\"name\":\"Markt-XXL\",\"url\":\"https:\\\/\\\/marktxxl.de\\\/markt\\\/\",\"logo\":{\"@type\":\"ImageObject\",\"inLanguage\":\"de\",\"@id\":\"https:\\\/\\\/marktxxl.de\\\/markt\\\/#\\\/schema\\\/logo\\\/image\\\/\",\"url\":\"https:\\\/\\\/marktxxl.de\\\/markt\\\/wp-content\\\/uploads\\\/sites\\\/3\\\/2020\\\/12\\\/logo.png\",\"contentUrl\":\"https:\\\/\\\/marktxxl.de\\\/markt\\\/wp-content\\\/uploads\\\/sites\\\/3\\\/2020\\\/12\\\/logo.png\",\"width\":200,\"height\":70,\"caption\":\"Markt-XXL\"},\"image\":{\"@id\":\"https:\\\/\\\/marktxxl.de\\\/markt\\\/#\\\/schema\\\/logo\\\/image\\\/\"}}]}<\/script>\n<!-- \/ Yoast SEO plugin. -->","yoast_head_json":{"title":"Verbesserte Standfu\u00df f\u00fcr Valve Steam Deck, rutschfeste, verstellbare Halterung, Faltbare st\u00e4nder kompatibel mit Steam\u2026 - Markt-XXL","description":"Markt-XXL Verbesserte Standfu\u00df f\u00fcr Valve Steam Deck, rutschfeste, verstellbare Halterung, Faltbare st\u00e4nder kompatibel mit Steam\u2026","robots":{"index":"index","follow":"follow","max-snippet":"max-snippet:-1","max-image-preview":"max-image-preview:large","max-video-preview":"max-video-preview:-1"},"canonical":"https:\/\/marktxxl.de\/markt\/produkt\/verbesserte-standfuss-fuer-valve-steam-deck-rutschfeste-verstellbare-faltbare-staender-kompatibel-mit-steam-deck-dock-standbasis-station-zubehoer\/","og_locale":"de_DE","og_type":"article","og_title":"Verbesserte Standfu\u00df f\u00fcr Valve Steam Deck, rutschfeste, verstellbare Halterung, Faltbare st\u00e4nder kompatibel mit Steam\u2026 - Markt-XXL","og_description":"Markt-XXL Verbesserte Standfu\u00df f\u00fcr Valve Steam Deck, rutschfeste, verstellbare Halterung, Faltbare st\u00e4nder kompatibel mit Steam\u2026","og_url":"https:\/\/marktxxl.de\/markt\/produkt\/verbesserte-standfuss-fuer-valve-steam-deck-rutschfeste-verstellbare-faltbare-staender-kompatibel-mit-steam-deck-dock-standbasis-station-zubehoer\/","og_site_name":"Markt-XXL","article_modified_time":"2023-04-11T02:06:04+00:00","og_image":[{"width":500,"height":500,"url":"https:\/\/m.media-amazon.com\/images\/I\/31Kf-lItN2L._SL500_.jpg","type":"image\/jpeg"}],"twitter_card":"summary_large_image","twitter_misc":{"Gesch\u00e4tzte Lesezeit":"1\u00a0Minute"},"schema":{"@context":"https:\/\/schema.org","@graph":[{"@type":"WebPage","@id":"https:\/\/marktxxl.de\/markt\/produkt\/verbesserte-standfuss-fuer-valve-steam-deck-rutschfeste-verstellbare-faltbare-staender-kompatibel-mit-steam-deck-dock-standbasis-station-zubehoer\/","url":"https:\/\/marktxxl.de\/markt\/produkt\/verbesserte-standfuss-fuer-valve-steam-deck-rutschfeste-verstellbare-faltbare-staender-kompatibel-mit-steam-deck-dock-standbasis-station-zubehoer\/","name":"Verbesserte Standfu\u00df f\u00fcr Valve Steam Deck, rutschfeste, verstellbare Halterung, Faltbare st\u00e4nder kompatibel mit Steam\u2026 - Markt-XXL","isPartOf":{"@id":"https:\/\/marktxxl.de\/markt\/#website"},"primaryImageOfPage":{"@id":"https:\/\/marktxxl.de\/markt\/produkt\/verbesserte-standfuss-fuer-valve-steam-deck-rutschfeste-verstellbare-faltbare-staender-kompatibel-mit-steam-deck-dock-standbasis-station-zubehoer\/#primaryimage"},"image":{"@id":"https:\/\/marktxxl.de\/markt\/produkt\/verbesserte-standfuss-fuer-valve-steam-deck-rutschfeste-verstellbare-faltbare-staender-kompatibel-mit-steam-deck-dock-standbasis-station-zubehoer\/#primaryimage"},"thumbnailUrl":"https:\/\/m.media-amazon.com\/images\/I\/31Kf-lItN2L._SL500_.jpg","datePublished":"2022-06-14T05:55:38+00:00","dateModified":"2023-04-11T02:06:04+00:00","description":"Markt-XXL Verbesserte Standfu\u00df f\u00fcr Valve Steam Deck, rutschfeste, verstellbare Halterung, Faltbare st\u00e4nder kompatibel mit Steam\u2026","breadcrumb":{"@id":"https:\/\/marktxxl.de\/markt\/produkt\/verbesserte-standfuss-fuer-valve-steam-deck-rutschfeste-verstellbare-faltbare-staender-kompatibel-mit-steam-deck-dock-standbasis-station-zubehoer\/#breadcrumb"},"inLanguage":"de","potentialAction":[{"@type":"ReadAction","target":["https:\/\/marktxxl.de\/markt\/produkt\/verbesserte-standfuss-fuer-valve-steam-deck-rutschfeste-verstellbare-faltbare-staender-kompatibel-mit-steam-deck-dock-standbasis-station-zubehoer\/"]}]},{"@type":"ImageObject","inLanguage":"de","@id":"https:\/\/marktxxl.de\/markt\/produkt\/verbesserte-standfuss-fuer-valve-steam-deck-rutschfeste-verstellbare-faltbare-staender-kompatibel-mit-steam-deck-dock-standbasis-station-zubehoer\/#primaryimage","url":"https:\/\/m.media-amazon.com\/images\/I\/31Kf-lItN2L._SL500_.jpg","contentUrl":"https:\/\/m.media-amazon.com\/images\/I\/31Kf-lItN2L._SL500_.jpg","width":500,"height":500},{"@type":"BreadcrumbList","@id":"https:\/\/marktxxl.de\/markt\/produkt\/verbesserte-standfuss-fuer-valve-steam-deck-rutschfeste-verstellbare-faltbare-staender-kompatibel-mit-steam-deck-dock-standbasis-station-zubehoer\/#breadcrumb","itemListElement":[{"@type":"ListItem","position":1,"name":"Startseite","item":"https:\/\/marktxxl.de\/markt\/"},{"@type":"ListItem","position":2,"name":"Markt","item":"https:\/\/marktxxl.de\/markt\/"},{"@type":"ListItem","position":3,"name":"Verbesserte Standfu\u00df f\u00fcr Valve Steam Deck, rutschfeste, verstellbare Halterung, Faltbare st\u00e4nder kompatibel mit Steam\u2026"}]},{"@type":"WebSite","@id":"https:\/\/marktxxl.de\/markt\/#website","url":"https:\/\/marktxxl.de\/markt\/","name":"Markt-XXL","description":"Ihr Markt Online","publisher":{"@id":"https:\/\/marktxxl.de\/markt\/#organization"},"potentialAction":[{"@type":"SearchAction","target":{"@type":"EntryPoint","urlTemplate":"https:\/\/marktxxl.de\/markt\/?s={search_term_string}"},"query-input":{"@type":"PropertyValueSpecification","valueRequired":true,"valueName":"search_term_string"}}],"inLanguage":"de"},{"@type":"Organization","@id":"https:\/\/marktxxl.de\/markt\/#organization","name":"Markt-XXL","url":"https:\/\/marktxxl.de\/markt\/","logo":{"@type":"ImageObject","inLanguage":"de","@id":"https:\/\/marktxxl.de\/markt\/#\/schema\/logo\/image\/","url":"https:\/\/marktxxl.de\/markt\/wp-content\/uploads\/sites\/3\/2020\/12\/logo.png","contentUrl":"https:\/\/marktxxl.de\/markt\/wp-content\/uploads\/sites\/3\/2020\/12\/logo.png","width":200,"height":70,"caption":"Markt-XXL"},"image":{"@id":"https:\/\/marktxxl.de\/markt\/#\/schema\/logo\/image\/"}}]}},"_links":{"self":[{"href":"https:\/\/marktxxl.de\/markt\/wp-json\/wp\/v2\/product\/131725","targetHints":{"allow":["GET"]}}],"collection":[{"href":"https:\/\/marktxxl.de\/markt\/wp-json\/wp\/v2\/product"}],"about":[{"href":"https:\/\/marktxxl.de\/markt\/wp-json\/wp\/v2\/types\/product"}],"replies":[{"embeddable":true,"href":"https:\/\/marktxxl.de\/markt\/wp-json\/wp\/v2\/comments?post=131725"}],"wp:featuredmedia":[{"embeddable":true,"href":"https:\/\/marktxxl.de\/markt\/wp-json\/wp\/v2\/media\/131726"}],"wp:attachment":[{"href":"https:\/\/marktxxl.de\/markt\/wp-json\/wp\/v2\/media?parent=131725"}],"wp:term":[{"taxonomy":"product_brand","embeddable":true,"href":"https:\/\/marktxxl.de\/markt\/wp-json\/wp\/v2\/product_brand?post=131725"},{"taxonomy":"product_cat","embeddable":true,"href":"https:\/\/marktxxl.de\/markt\/wp-json\/wp\/v2\/product_cat?post=131725"},{"taxonomy":"product_tag","embeddable":true,"href":"https:\/\/marktxxl.de\/markt\/wp-json\/wp\/v2\/product_tag?post=131725"}],"curies":[{"name":"wp","href":"https:\/\/api.w.org\/{rel}","templated":true}]}}