{"id":131701,"date":"2022-06-14T07:54:18","date_gmt":"2022-06-14T05:54:18","guid":{"rendered":"https:\/\/marktxxl.de\/markt\/produkt\/vobafe-stylus-stift-fuer-apple-ipad-pencil-2018-2022-mit-neigungpalm-rejection-active-pen-kompatibel-mit-ipad-6-7-8-9-generation-ipad-pro-11-12-93rd-4th-ipad-air-3-5-ipad-mini-5-6\/"},"modified":"2023-04-11T04:06:03","modified_gmt":"2023-04-11T02:06:03","slug":"vobafe-stylus-stift-fuer-apple-ipad-pencil-2018-2022-mit-neigungpalm-rejection-active-pen-kompatibel-mit-ipad-6-7-8-9-generation-ipad-pro-11-12-93rd-4th-ipad-air-3-5-ipad-mini-5-6","status":"publish","type":"product","link":"https:\/\/marktxxl.de\/markt\/produkt\/vobafe-stylus-stift-fuer-apple-ipad-pencil-2018-2022-mit-neigungpalm-rejection-active-pen-kompatibel-mit-ipad-6-7-8-9-generation-ipad-pro-11-12-93rd-4th-ipad-air-3-5-ipad-mini-5-6\/","title":{"rendered":"Vobafe iPad Stift Stylus 2. Generation Magnetisches Pencil mit Neigung&amp;Palm Rejection, Stylus Pen Kompatibel mit Apple\u2026"},"content":{"rendered":"<p>\u2714\ufe0fNur f\u00fcr iPad 2018-2022: Kompatibel mit iPad 9.\/8.\/7.\/6. Generation, iPad Pro 11 Zoll 1.\/2.\/3. Gen, iPad Pro 12,9 Zoll 3.\/4.\/5. Generation, iPad Air 3.\/4.\/5. Gen, iPad Mini 5 \/6. Gen. Der stylus pen wurde speziell f\u00fcr iPads entwickelt, die 2018 oder sp\u00e4ter herausgebracht wurden. (\ud83d\udeabHINWEIS: Dieser stift f\u00fcr iPad ist NICHT KOMPATIBEL mit iPad 1.\u20135. von 2010\u20132017, iPad mini 1.\u20134 Pro 9.7&#8243;\/10.5&#8243;, iPad Pro 12.9&#8243; 1st\/2nd. Bitte \u00fcberpr\u00fcfen Sie Ihr Tablet Modell vor der Bestellung)<br \/>\n\u2714\ufe0fNeigungssensor &amp; keine Verz\u00f6gerung: Der stift f\u00fcr iPad mit Neigungssensorfunktion erm\u00f6glicht das Schreiben oder Zeichnen mit unterschiedlich dicken Linien, je nach Neigungswinkel des stylus stift. Die neuesten 1,5 mm feinen, glatten spitze arbeiten mit hoher pr\u00e4zision und flie\u00dff\u00e4higkeit f\u00fcr reibungsloses schreiben, Der neue stylus pen hat das gleiche Schreiberlebnis wie der Apple Pencil. Kein verz\u00f6gern, keine kratzer, Keine spr\u00fcnge. (3 * zus\u00e4tzliche Ersatzspitzen enthalten)<br \/>\n\u2714\ufe0fPalm Rejection: Der stylus f\u00fcr iPad erm\u00f6glicht Ihnen ein nat\u00fcrliches Schreiben. Sie m\u00fcssen sich keine Sorgen machen. dass Ihre Handfl\u00e4che auf dem iPad Ihr Schreiben und Zeichnen beeintr\u00e4chtigt, keine Verz\u00f6gerung. Dieser stift f\u00fcr iPad touchscreen ist ideal zum Schreiben und Zeichnen. Es kann magnetisch an der Seite Ihres iPad Pro befestigt werden. [Hinweis: 1. Die Magnetfunktion nur f\u00fcr iPad Pro 12,9&#8243; 3\/4\/5. Generation, iPad Pro 11&#8243;, iPad Air 4\/5 2. UNTERST\u00dcTZT KEIN kabelloses Laden]<br \/>\n\u2714\ufe0fAuto-Sleep &amp; Langes Standby: Kein Bluetooth oder Apps erforderlich. Schalten Sie diesen Stylus Stift f\u00fcr Apple iPad ein, indem Sie einfach zweimal die Kappentaste ber\u00fchren. Der stylus f\u00fcr iPad unterst\u00fctzt 10 Stunden ununterbrochenes Arbeiten und 90 Tage Standby-Zeit f\u00fcr etwa 1,5 Stunden Ladezeit und wechselt nach 5 Minuten Leerlauf automatisch in den &#8220;Schlafmodus&#8221;, um Strom zu sparen. (Warme Tipps: \ud83d\udeabSchalten Sie &#8220;Nur mit Apple Pencil zeichnen&#8221; auf Tablets aus, bevor Sie es verwenden.)<br \/>\n\u2714\ufe0fWarme Tipps: \u2460Wenn der pen f\u00fcr iPad oder -Finger nicht schreiben kann, befolgen Sie bitte diese Schritte, um Ihr iPad einzustellen: Einstellungen&#8212;Apple Pencil&#8212;\ud83d\udeabSchalten Sie den &#8220;Apple Pencil&#8221; aus. \u2461Wenn Sie in &#8220;Notizen&#8221; schreiben m\u00f6chten, bitte Einstellungen &#8212; Notizen &#8212; \ud83d\udeab Deaktivieren Sie &#8220;Nur mit Apple Pencil zeichnen&#8221;.<br \/>\n<div class=\"main-cross-sell\" data-asin=\"B09YRJXM4Z\">\n\n\t<div class=\"WooZone-cross-sell-loader\">\n\t\t<div>\n\t\t\t<div id=\"floatingBarsG\">\n\t\t\t\t<div class=\"blockG\" id=\"rotateG_01\"><\/div>\n\t\t\t\t<div class=\"blockG\" id=\"rotateG_02\"><\/div>\n\t\t\t\t<div class=\"blockG\" id=\"rotateG_03\"><\/div>\n\t\t\t\t<div class=\"blockG\" id=\"rotateG_04\"><\/div>\n\t\t\t\t<div class=\"blockG\" id=\"rotateG_05\"><\/div>\n\t\t\t\t<div class=\"blockG\" id=\"rotateG_06\"><\/div>\n\t\t\t\t<div class=\"blockG\" id=\"rotateG_07\"><\/div>\n\t\t\t\t<div class=\"blockG\" id=\"rotateG_08\"><\/div>\n\t\t\t<\/div>\n\t\t\t<div class=\"WooZone-cross-sell-loader-text\"><\/div>\n\t\t<\/div>\n\t<\/div>\n\n\t\t\n<\/div>\n<div style=\"clear:both;\"><\/div><\/p>\n","protected":false},"excerpt":{"rendered":"<p>\u2714\ufe0fNur f\u00fcr iPad 2018-2022: Kompatibel mit iPad 9.\/8.\/7.\/6. Generation, iPad Pro 11 Zoll 1.\/2.\/3. Gen, iPad Pro 12,9 Zoll 3.\/4.\/5. Generation, iPad Air 3.\/4.\/5. Gen, iPad Mini 5 \/6. Gen. Der stylus pen wurde speziell f\u00fcr iPads entwickelt, die 2018 oder sp\u00e4ter herausgebracht wurden. (\ud83d\udeabHINWEIS: Dieser stift f\u00fcr iPad ist NICHT KOMPATIBEL mit iPad 1.\u20135. von 2010\u20132017, iPad mini 1.\u20134 Pro 9.7&#8243;\/10.5&#8243;, iPad Pro 12.9&#8243; 1st\/2nd. Bitte \u00fcberpr\u00fcfen Sie Ihr Tablet Modell vor der Bestellung)<br \/>\n\u2714\ufe0fNeigungssensor &amp; keine Verz\u00f6gerung: Der stift f\u00fcr iPad mit Neigungssensorfunktion erm\u00f6glicht das Schreiben oder Zeichnen mit unterschiedlich dicken Linien, je nach Neigungswinkel des stylus stift. Die neuesten 1,5 mm feinen, glatten spitze arbeiten mit hoher pr\u00e4zision und flie\u00dff\u00e4higkeit f\u00fcr reibungsloses schreiben, Der neue stylus pen hat das gleiche Schreiberlebnis wie der Apple Pencil. Kein verz\u00f6gern, keine kratzer, Keine spr\u00fcnge. (3 * zus\u00e4tzliche Ersatzspitzen enthalten)<br \/>\n\u2714\ufe0fPalm Rejection: Der stylus f\u00fcr iPad erm\u00f6glicht Ihnen ein nat\u00fcrliches Schreiben. Sie m\u00fcssen sich keine Sorgen machen. dass Ihre Handfl\u00e4che auf dem iPad Ihr Schreiben und Zeichnen beeintr\u00e4chtigt, keine Verz\u00f6gerung. Dieser stift f\u00fcr iPad touchscreen ist ideal zum Schreiben und Zeichnen. Es kann magnetisch an der Seite Ihres iPad Pro befestigt werden. [Hinweis: 1. Die Magnetfunktion nur f\u00fcr iPad Pro 12,9&#8243; 3\/4\/5. Generation, iPad Pro 11&#8243;, iPad Air 4\/5 2. UNTERST\u00dcTZT KEIN kabelloses Laden]<\/p>\n","protected":false},"featured_media":131702,"comment_status":"open","ping_status":"closed","template":"","meta":[],"product_brand":[],"product_cat":[863],"product_tag":[],"class_list":{"0":"post-131701","1":"product","2":"type-product","3":"status-publish","4":"has-post-thumbnail","6":"product_cat-computer-zubehoer","7":"pa_brand-vobafe","8":"pa_color-white","9":"pa_manufacturer-shenzhen-ruidian-technology-co-ltd","10":"pa_model-stylet","11":"pa_weight-0-1543235834-pfund","13":"first","14":"instock","15":"shipping-taxable","16":"purchasable","17":"product-type-simple","18":"customify-col","19":"product-has-gallery"},"yoast_head":"<!-- This site is optimized with the Yoast SEO plugin v27.3 - https:\/\/yoast.com\/product\/yoast-seo-wordpress\/ -->\n<title>Vobafe iPad Stift Stylus 2. Generation Magnetisches Pencil mit Neigung&amp;Palm Rejection, Stylus Pen Kompatibel mit Apple\u2026 - Markt-XXL<\/title>\n<meta name=\"description\" content=\"Markt-XXL Vobafe iPad Stift Stylus 2. Generation Magnetisches Pencil mit Neigung&amp;Palm Rejection, Stylus Pen Kompatibel mit Apple\u2026\" \/>\n<meta name=\"robots\" content=\"index, follow, max-snippet:-1, max-image-preview:large, max-video-preview:-1\" \/>\n<link rel=\"canonical\" href=\"https:\/\/marktxxl.de\/markt\/produkt\/vobafe-stylus-stift-fuer-apple-ipad-pencil-2018-2022-mit-neigungpalm-rejection-active-pen-kompatibel-mit-ipad-6-7-8-9-generation-ipad-pro-11-12-93rd-4th-ipad-air-3-5-ipad-mini-5-6\/\" \/>\n<meta property=\"og:locale\" content=\"de_DE\" \/>\n<meta property=\"og:type\" content=\"article\" \/>\n<meta property=\"og:title\" content=\"Vobafe iPad Stift Stylus 2. Generation Magnetisches Pencil mit Neigung&amp;Palm Rejection, Stylus Pen Kompatibel mit Apple\u2026 - Markt-XXL\" \/>\n<meta property=\"og:description\" content=\"Markt-XXL Vobafe iPad Stift Stylus 2. Generation Magnetisches Pencil mit Neigung&amp;Palm Rejection, Stylus Pen Kompatibel mit Apple\u2026\" \/>\n<meta property=\"og:url\" content=\"https:\/\/marktxxl.de\/markt\/produkt\/vobafe-stylus-stift-fuer-apple-ipad-pencil-2018-2022-mit-neigungpalm-rejection-active-pen-kompatibel-mit-ipad-6-7-8-9-generation-ipad-pro-11-12-93rd-4th-ipad-air-3-5-ipad-mini-5-6\/\" \/>\n<meta property=\"og:site_name\" content=\"Markt-XXL\" \/>\n<meta property=\"article:modified_time\" content=\"2023-04-11T02:06:03+00:00\" \/>\n<meta property=\"og:image\" content=\"https:\/\/m.media-amazon.com\/images\/I\/41Nzwi22E-L._SL500_.jpg\" \/>\n\t<meta property=\"og:image:width\" content=\"425\" \/>\n\t<meta property=\"og:image:height\" content=\"500\" \/>\n\t<meta property=\"og:image:type\" content=\"image\/jpeg\" \/>\n<meta name=\"twitter:card\" content=\"summary_large_image\" \/>\n<meta name=\"twitter:label1\" content=\"Gesch\u00e4tzte Lesezeit\" \/>\n\t<meta name=\"twitter:data1\" content=\"2\u00a0Minuten\" \/>\n<script type=\"application\/ld+json\" class=\"yoast-schema-graph\">{\"@context\":\"https:\\\/\\\/schema.org\",\"@graph\":[{\"@type\":\"WebPage\",\"@id\":\"https:\\\/\\\/marktxxl.de\\\/markt\\\/produkt\\\/vobafe-stylus-stift-fuer-apple-ipad-pencil-2018-2022-mit-neigungpalm-rejection-active-pen-kompatibel-mit-ipad-6-7-8-9-generation-ipad-pro-11-12-93rd-4th-ipad-air-3-5-ipad-mini-5-6\\\/\",\"url\":\"https:\\\/\\\/marktxxl.de\\\/markt\\\/produkt\\\/vobafe-stylus-stift-fuer-apple-ipad-pencil-2018-2022-mit-neigungpalm-rejection-active-pen-kompatibel-mit-ipad-6-7-8-9-generation-ipad-pro-11-12-93rd-4th-ipad-air-3-5-ipad-mini-5-6\\\/\",\"name\":\"Vobafe iPad Stift Stylus 2. Generation Magnetisches Pencil mit Neigung&amp;Palm Rejection, Stylus Pen Kompatibel mit Apple\u2026 - Markt-XXL\",\"isPartOf\":{\"@id\":\"https:\\\/\\\/marktxxl.de\\\/markt\\\/#website\"},\"primaryImageOfPage\":{\"@id\":\"https:\\\/\\\/marktxxl.de\\\/markt\\\/produkt\\\/vobafe-stylus-stift-fuer-apple-ipad-pencil-2018-2022-mit-neigungpalm-rejection-active-pen-kompatibel-mit-ipad-6-7-8-9-generation-ipad-pro-11-12-93rd-4th-ipad-air-3-5-ipad-mini-5-6\\\/#primaryimage\"},\"image\":{\"@id\":\"https:\\\/\\\/marktxxl.de\\\/markt\\\/produkt\\\/vobafe-stylus-stift-fuer-apple-ipad-pencil-2018-2022-mit-neigungpalm-rejection-active-pen-kompatibel-mit-ipad-6-7-8-9-generation-ipad-pro-11-12-93rd-4th-ipad-air-3-5-ipad-mini-5-6\\\/#primaryimage\"},\"thumbnailUrl\":\"https:\\\/\\\/m.media-amazon.com\\\/images\\\/I\\\/41Nzwi22E-L._SL500_.jpg\",\"datePublished\":\"2022-06-14T05:54:18+00:00\",\"dateModified\":\"2023-04-11T02:06:03+00:00\",\"description\":\"Markt-XXL Vobafe iPad Stift Stylus 2. Generation Magnetisches Pencil mit Neigung&amp;Palm Rejection, Stylus Pen Kompatibel mit Apple\u2026\",\"breadcrumb\":{\"@id\":\"https:\\\/\\\/marktxxl.de\\\/markt\\\/produkt\\\/vobafe-stylus-stift-fuer-apple-ipad-pencil-2018-2022-mit-neigungpalm-rejection-active-pen-kompatibel-mit-ipad-6-7-8-9-generation-ipad-pro-11-12-93rd-4th-ipad-air-3-5-ipad-mini-5-6\\\/#breadcrumb\"},\"inLanguage\":\"de\",\"potentialAction\":[{\"@type\":\"ReadAction\",\"target\":[\"https:\\\/\\\/marktxxl.de\\\/markt\\\/produkt\\\/vobafe-stylus-stift-fuer-apple-ipad-pencil-2018-2022-mit-neigungpalm-rejection-active-pen-kompatibel-mit-ipad-6-7-8-9-generation-ipad-pro-11-12-93rd-4th-ipad-air-3-5-ipad-mini-5-6\\\/\"]}]},{\"@type\":\"ImageObject\",\"inLanguage\":\"de\",\"@id\":\"https:\\\/\\\/marktxxl.de\\\/markt\\\/produkt\\\/vobafe-stylus-stift-fuer-apple-ipad-pencil-2018-2022-mit-neigungpalm-rejection-active-pen-kompatibel-mit-ipad-6-7-8-9-generation-ipad-pro-11-12-93rd-4th-ipad-air-3-5-ipad-mini-5-6\\\/#primaryimage\",\"url\":\"https:\\\/\\\/m.media-amazon.com\\\/images\\\/I\\\/41Nzwi22E-L._SL500_.jpg\",\"contentUrl\":\"https:\\\/\\\/m.media-amazon.com\\\/images\\\/I\\\/41Nzwi22E-L._SL500_.jpg\",\"width\":425,\"height\":500},{\"@type\":\"BreadcrumbList\",\"@id\":\"https:\\\/\\\/marktxxl.de\\\/markt\\\/produkt\\\/vobafe-stylus-stift-fuer-apple-ipad-pencil-2018-2022-mit-neigungpalm-rejection-active-pen-kompatibel-mit-ipad-6-7-8-9-generation-ipad-pro-11-12-93rd-4th-ipad-air-3-5-ipad-mini-5-6\\\/#breadcrumb\",\"itemListElement\":[{\"@type\":\"ListItem\",\"position\":1,\"name\":\"Startseite\",\"item\":\"https:\\\/\\\/marktxxl.de\\\/markt\\\/\"},{\"@type\":\"ListItem\",\"position\":2,\"name\":\"Markt\",\"item\":\"https:\\\/\\\/marktxxl.de\\\/markt\\\/\"},{\"@type\":\"ListItem\",\"position\":3,\"name\":\"Vobafe iPad Stift Stylus 2. Generation Magnetisches Pencil mit Neigung&amp;Palm Rejection, Stylus Pen Kompatibel mit Apple\u2026\"}]},{\"@type\":\"WebSite\",\"@id\":\"https:\\\/\\\/marktxxl.de\\\/markt\\\/#website\",\"url\":\"https:\\\/\\\/marktxxl.de\\\/markt\\\/\",\"name\":\"Markt-XXL\",\"description\":\"Ihr Markt Online\",\"publisher\":{\"@id\":\"https:\\\/\\\/marktxxl.de\\\/markt\\\/#organization\"},\"potentialAction\":[{\"@type\":\"SearchAction\",\"target\":{\"@type\":\"EntryPoint\",\"urlTemplate\":\"https:\\\/\\\/marktxxl.de\\\/markt\\\/?s={search_term_string}\"},\"query-input\":{\"@type\":\"PropertyValueSpecification\",\"valueRequired\":true,\"valueName\":\"search_term_string\"}}],\"inLanguage\":\"de\"},{\"@type\":\"Organization\",\"@id\":\"https:\\\/\\\/marktxxl.de\\\/markt\\\/#organization\",\"name\":\"Markt-XXL\",\"url\":\"https:\\\/\\\/marktxxl.de\\\/markt\\\/\",\"logo\":{\"@type\":\"ImageObject\",\"inLanguage\":\"de\",\"@id\":\"https:\\\/\\\/marktxxl.de\\\/markt\\\/#\\\/schema\\\/logo\\\/image\\\/\",\"url\":\"https:\\\/\\\/marktxxl.de\\\/markt\\\/wp-content\\\/uploads\\\/sites\\\/3\\\/2020\\\/12\\\/logo.png\",\"contentUrl\":\"https:\\\/\\\/marktxxl.de\\\/markt\\\/wp-content\\\/uploads\\\/sites\\\/3\\\/2020\\\/12\\\/logo.png\",\"width\":200,\"height\":70,\"caption\":\"Markt-XXL\"},\"image\":{\"@id\":\"https:\\\/\\\/marktxxl.de\\\/markt\\\/#\\\/schema\\\/logo\\\/image\\\/\"}}]}<\/script>\n<!-- \/ Yoast SEO plugin. -->","yoast_head_json":{"title":"Vobafe iPad Stift Stylus 2. Generation Magnetisches Pencil mit Neigung&amp;Palm Rejection, Stylus Pen Kompatibel mit Apple\u2026 - Markt-XXL","description":"Markt-XXL Vobafe iPad Stift Stylus 2. Generation Magnetisches Pencil mit Neigung&amp;Palm Rejection, Stylus Pen Kompatibel mit Apple\u2026","robots":{"index":"index","follow":"follow","max-snippet":"max-snippet:-1","max-image-preview":"max-image-preview:large","max-video-preview":"max-video-preview:-1"},"canonical":"https:\/\/marktxxl.de\/markt\/produkt\/vobafe-stylus-stift-fuer-apple-ipad-pencil-2018-2022-mit-neigungpalm-rejection-active-pen-kompatibel-mit-ipad-6-7-8-9-generation-ipad-pro-11-12-93rd-4th-ipad-air-3-5-ipad-mini-5-6\/","og_locale":"de_DE","og_type":"article","og_title":"Vobafe iPad Stift Stylus 2. Generation Magnetisches Pencil mit Neigung&amp;Palm Rejection, Stylus Pen Kompatibel mit Apple\u2026 - Markt-XXL","og_description":"Markt-XXL Vobafe iPad Stift Stylus 2. Generation Magnetisches Pencil mit Neigung&amp;Palm Rejection, Stylus Pen Kompatibel mit Apple\u2026","og_url":"https:\/\/marktxxl.de\/markt\/produkt\/vobafe-stylus-stift-fuer-apple-ipad-pencil-2018-2022-mit-neigungpalm-rejection-active-pen-kompatibel-mit-ipad-6-7-8-9-generation-ipad-pro-11-12-93rd-4th-ipad-air-3-5-ipad-mini-5-6\/","og_site_name":"Markt-XXL","article_modified_time":"2023-04-11T02:06:03+00:00","og_image":[{"width":425,"height":500,"url":"https:\/\/m.media-amazon.com\/images\/I\/41Nzwi22E-L._SL500_.jpg","type":"image\/jpeg"}],"twitter_card":"summary_large_image","twitter_misc":{"Gesch\u00e4tzte Lesezeit":"2\u00a0Minuten"},"schema":{"@context":"https:\/\/schema.org","@graph":[{"@type":"WebPage","@id":"https:\/\/marktxxl.de\/markt\/produkt\/vobafe-stylus-stift-fuer-apple-ipad-pencil-2018-2022-mit-neigungpalm-rejection-active-pen-kompatibel-mit-ipad-6-7-8-9-generation-ipad-pro-11-12-93rd-4th-ipad-air-3-5-ipad-mini-5-6\/","url":"https:\/\/marktxxl.de\/markt\/produkt\/vobafe-stylus-stift-fuer-apple-ipad-pencil-2018-2022-mit-neigungpalm-rejection-active-pen-kompatibel-mit-ipad-6-7-8-9-generation-ipad-pro-11-12-93rd-4th-ipad-air-3-5-ipad-mini-5-6\/","name":"Vobafe iPad Stift Stylus 2. Generation Magnetisches Pencil mit Neigung&amp;Palm Rejection, Stylus Pen Kompatibel mit Apple\u2026 - Markt-XXL","isPartOf":{"@id":"https:\/\/marktxxl.de\/markt\/#website"},"primaryImageOfPage":{"@id":"https:\/\/marktxxl.de\/markt\/produkt\/vobafe-stylus-stift-fuer-apple-ipad-pencil-2018-2022-mit-neigungpalm-rejection-active-pen-kompatibel-mit-ipad-6-7-8-9-generation-ipad-pro-11-12-93rd-4th-ipad-air-3-5-ipad-mini-5-6\/#primaryimage"},"image":{"@id":"https:\/\/marktxxl.de\/markt\/produkt\/vobafe-stylus-stift-fuer-apple-ipad-pencil-2018-2022-mit-neigungpalm-rejection-active-pen-kompatibel-mit-ipad-6-7-8-9-generation-ipad-pro-11-12-93rd-4th-ipad-air-3-5-ipad-mini-5-6\/#primaryimage"},"thumbnailUrl":"https:\/\/m.media-amazon.com\/images\/I\/41Nzwi22E-L._SL500_.jpg","datePublished":"2022-06-14T05:54:18+00:00","dateModified":"2023-04-11T02:06:03+00:00","description":"Markt-XXL Vobafe iPad Stift Stylus 2. Generation Magnetisches Pencil mit Neigung&amp;Palm Rejection, Stylus Pen Kompatibel mit Apple\u2026","breadcrumb":{"@id":"https:\/\/marktxxl.de\/markt\/produkt\/vobafe-stylus-stift-fuer-apple-ipad-pencil-2018-2022-mit-neigungpalm-rejection-active-pen-kompatibel-mit-ipad-6-7-8-9-generation-ipad-pro-11-12-93rd-4th-ipad-air-3-5-ipad-mini-5-6\/#breadcrumb"},"inLanguage":"de","potentialAction":[{"@type":"ReadAction","target":["https:\/\/marktxxl.de\/markt\/produkt\/vobafe-stylus-stift-fuer-apple-ipad-pencil-2018-2022-mit-neigungpalm-rejection-active-pen-kompatibel-mit-ipad-6-7-8-9-generation-ipad-pro-11-12-93rd-4th-ipad-air-3-5-ipad-mini-5-6\/"]}]},{"@type":"ImageObject","inLanguage":"de","@id":"https:\/\/marktxxl.de\/markt\/produkt\/vobafe-stylus-stift-fuer-apple-ipad-pencil-2018-2022-mit-neigungpalm-rejection-active-pen-kompatibel-mit-ipad-6-7-8-9-generation-ipad-pro-11-12-93rd-4th-ipad-air-3-5-ipad-mini-5-6\/#primaryimage","url":"https:\/\/m.media-amazon.com\/images\/I\/41Nzwi22E-L._SL500_.jpg","contentUrl":"https:\/\/m.media-amazon.com\/images\/I\/41Nzwi22E-L._SL500_.jpg","width":425,"height":500},{"@type":"BreadcrumbList","@id":"https:\/\/marktxxl.de\/markt\/produkt\/vobafe-stylus-stift-fuer-apple-ipad-pencil-2018-2022-mit-neigungpalm-rejection-active-pen-kompatibel-mit-ipad-6-7-8-9-generation-ipad-pro-11-12-93rd-4th-ipad-air-3-5-ipad-mini-5-6\/#breadcrumb","itemListElement":[{"@type":"ListItem","position":1,"name":"Startseite","item":"https:\/\/marktxxl.de\/markt\/"},{"@type":"ListItem","position":2,"name":"Markt","item":"https:\/\/marktxxl.de\/markt\/"},{"@type":"ListItem","position":3,"name":"Vobafe iPad Stift Stylus 2. Generation Magnetisches Pencil mit Neigung&amp;Palm Rejection, Stylus Pen Kompatibel mit Apple\u2026"}]},{"@type":"WebSite","@id":"https:\/\/marktxxl.de\/markt\/#website","url":"https:\/\/marktxxl.de\/markt\/","name":"Markt-XXL","description":"Ihr Markt Online","publisher":{"@id":"https:\/\/marktxxl.de\/markt\/#organization"},"potentialAction":[{"@type":"SearchAction","target":{"@type":"EntryPoint","urlTemplate":"https:\/\/marktxxl.de\/markt\/?s={search_term_string}"},"query-input":{"@type":"PropertyValueSpecification","valueRequired":true,"valueName":"search_term_string"}}],"inLanguage":"de"},{"@type":"Organization","@id":"https:\/\/marktxxl.de\/markt\/#organization","name":"Markt-XXL","url":"https:\/\/marktxxl.de\/markt\/","logo":{"@type":"ImageObject","inLanguage":"de","@id":"https:\/\/marktxxl.de\/markt\/#\/schema\/logo\/image\/","url":"https:\/\/marktxxl.de\/markt\/wp-content\/uploads\/sites\/3\/2020\/12\/logo.png","contentUrl":"https:\/\/marktxxl.de\/markt\/wp-content\/uploads\/sites\/3\/2020\/12\/logo.png","width":200,"height":70,"caption":"Markt-XXL"},"image":{"@id":"https:\/\/marktxxl.de\/markt\/#\/schema\/logo\/image\/"}}]}},"_links":{"self":[{"href":"https:\/\/marktxxl.de\/markt\/wp-json\/wp\/v2\/product\/131701","targetHints":{"allow":["GET"]}}],"collection":[{"href":"https:\/\/marktxxl.de\/markt\/wp-json\/wp\/v2\/product"}],"about":[{"href":"https:\/\/marktxxl.de\/markt\/wp-json\/wp\/v2\/types\/product"}],"replies":[{"embeddable":true,"href":"https:\/\/marktxxl.de\/markt\/wp-json\/wp\/v2\/comments?post=131701"}],"wp:featuredmedia":[{"embeddable":true,"href":"https:\/\/marktxxl.de\/markt\/wp-json\/wp\/v2\/media\/131702"}],"wp:attachment":[{"href":"https:\/\/marktxxl.de\/markt\/wp-json\/wp\/v2\/media?parent=131701"}],"wp:term":[{"taxonomy":"product_brand","embeddable":true,"href":"https:\/\/marktxxl.de\/markt\/wp-json\/wp\/v2\/product_brand?post=131701"},{"taxonomy":"product_cat","embeddable":true,"href":"https:\/\/marktxxl.de\/markt\/wp-json\/wp\/v2\/product_cat?post=131701"},{"taxonomy":"product_tag","embeddable":true,"href":"https:\/\/marktxxl.de\/markt\/wp-json\/wp\/v2\/product_tag?post=131701"}],"curies":[{"name":"wp","href":"https:\/\/api.w.org\/{rel}","templated":true}]}}