{"id":131652,"date":"2022-06-14T07:53:20","date_gmt":"2022-06-14T05:53:20","guid":{"rendered":"https:\/\/marktxxl.de\/markt\/produkt\/gross-rucksack-herren-laptop-rucksack-17-zoll-laptoptasche-fuer-schule-arbeit-mit-usb-ladeanschluss-wasserdicht-business-reisen-notebook-tasche-schulrucksack-fuer-maenner-frauen-jungen-teenager-schwar\/"},"modified":"2023-04-11T04:06:03","modified_gmt":"2023-04-11T02:06:03","slug":"gross-rucksack-herren-laptop-rucksack-17-zoll-laptoptasche-fuer-schule-arbeit-mit-usb-ladeanschluss-wasserdicht-business-reisen-notebook-tasche-schulrucksack-fuer-maenner-frauen-jungen-teenager-schwar","status":"publish","type":"product","link":"https:\/\/marktxxl.de\/markt\/produkt\/gross-rucksack-herren-laptop-rucksack-17-zoll-laptoptasche-fuer-schule-arbeit-mit-usb-ladeanschluss-wasserdicht-business-reisen-notebook-tasche-schulrucksack-fuer-maenner-frauen-jungen-teenager-schwar\/","title":{"rendered":"Gro\u00df Rucksack Herren Laptop Rucksack 17 Zoll Laptoptasche f\u00fcr Schule Arbeit mit USB Ladeanschluss Wasserdicht Business\u2026"},"content":{"rendered":"<p>GROSSE KAPAZIT\u00c4T UND MEHRERE TASCHEN \u2013Gr\u00f6\u00dfe des extra gro\u00df Rucksacks: 13.3&#8243;H x 3.5&#8243;W x 19.6&#8243;D. Fassungsverm\u00f6gen: 50 l. insgesamt 17 Taschen, 3 Hauptf\u00e4cher, 1 separates gepolstertes Laptopfach f\u00fcr 14, 15, 15,6, 17 und bis zu 17,3 Zoll Laptop\/Computer. 1 Fronttasche mit Rei\u00dfverschluss, beide Seitentaschen zum Aufbewahren von Wasserflaschen oder Regenschirmen, 6 Innentaschen,1 Diebstahlschutztasche zum Schutz Ihrer Sachen, 3 Netztaschen, die Multi-Tasche &amp; F\u00e4cher sorgen f\u00fcr Ordnung.<br \/>\nTSA-ZULASSUNG &amp; PC-SCHUTZ \u2013 TSA-zugelassenes exklusives Design f\u00fcr FLUGZEUGREISEN. Am Checkpoint l\u00e4sst sich der gro\u00dfe Rucksack frei um 90\u2013180 Grad aufklappen, sodass Sie schnell durch die Sicherheitskontrolle am Flughafen gehen und Ihre Gegenst\u00e4nde ordentlich aufbewahren. Runder Schutz f\u00fcr Ihren Laptop. Dient als Laptop-Rucksack f\u00fcr M\u00e4nner, gro\u00dfer Reiserucksack oder Arbeitsrucksack. Perfektes Reisegeschenk f\u00fcr M\u00e4nner, Frauen, die internationale Reisen, Wanderungen und \u00dcbernachtungsreisen m\u00f6gen.<br \/>\nUSB-LADEANSCHLUSS &amp; DIEBSTAHLSICHERUNG &amp; NACHTLICHTREFLEKTIEREND &#8211; Mit dem integrierten USB-Ladekabel bietet Ihnen der 17,3-Zoll-Laptop-Rucksack mit USB-Anschluss eine bequemere M\u00f6glichkeit, Ihr Telefon beim Gehen aufzuladen.Die versteckte Tasche des DIEBSTAHL-Laptoprucksacks mit Rei\u00dfverschluss h\u00e4lt Ihre wertvollen Sachen sicher.Mit einem reflektierenden Streifen auf der Vorderseite und der Schulter,damit Sie im Dunkeln auffallen.Dienen Sie als Laptop-Rucksack, Reiserucksack f\u00fcr herren.<br \/>\nLANGLEBIGER &amp; ROBUSTER &amp; WASSERABWEISENDER RUCKSACK \u2013 Dieser Herrenrucksack ist aus hochdichtem,leichtem und langlebigem, geruchlosem,wasserabweisendem Polyestermaterial mit glatten Rei\u00dfverschl\u00fcssen,er ist sehr robust,rei\u00dffest und bietet mehr Schutz f\u00fcr Ihre Gegenst\u00e4nde Regentag und langlebige Nutzung f\u00fcr Alltag und Wochenende.Oberer Griff mit Schaumstoff gepolstert f\u00fcr lange Tragezeiten.Dienen Sie gut als professioneller Reiserucksack,gro\u00dfer Highschool-Rucksack,Arbeitstasche f\u00fcr Frauen.<br \/>\nKOMFORTABLES R\u00dcCKENDESIGN &amp; ATMUNGSAKTIVER SCHULTERRIEMEN &amp; GEP\u00c4CKTRIEMEN &#8211; Komfortables Airflow-R\u00fcckendesign mit dicker und weicher, mehrschichtiger, bel\u00fcfteter Polsterung. Breite, atmungsaktive und verstellbare Schultergurte mit vielen Schaumstoffpolstern entlasten die Schultern.Koffer,zum leichteren Tragen \u00fcber das aufrecht stehende Griffrohr des Gep\u00e4cks schieben.Perfekte Wahl als Computertasche f\u00fcr Laptops,gro\u00dfer Schulrucksack f\u00fcr Teen Boys \/ Girls, gro\u00dfe Laptoptasche.<br \/>\n<div class=\"main-cross-sell\" data-asin=\"B093NY4FT9\">\n\n\t<div class=\"WooZone-cross-sell-loader\">\n\t\t<div>\n\t\t\t<div id=\"floatingBarsG\">\n\t\t\t\t<div class=\"blockG\" id=\"rotateG_01\"><\/div>\n\t\t\t\t<div class=\"blockG\" id=\"rotateG_02\"><\/div>\n\t\t\t\t<div class=\"blockG\" id=\"rotateG_03\"><\/div>\n\t\t\t\t<div class=\"blockG\" id=\"rotateG_04\"><\/div>\n\t\t\t\t<div class=\"blockG\" id=\"rotateG_05\"><\/div>\n\t\t\t\t<div class=\"blockG\" id=\"rotateG_06\"><\/div>\n\t\t\t\t<div class=\"blockG\" id=\"rotateG_07\"><\/div>\n\t\t\t\t<div class=\"blockG\" id=\"rotateG_08\"><\/div>\n\t\t\t<\/div>\n\t\t\t<div class=\"WooZone-cross-sell-loader-text\"><\/div>\n\t\t<\/div>\n\t<\/div>\n\n\t\t\n<\/div>\n<div style=\"clear:both;\"><\/div><\/p>\n","protected":false},"excerpt":{"rendered":"<p>GROSSE KAPAZIT\u00c4T UND MEHRERE TASCHEN \u2013Gr\u00f6\u00dfe des extra gro\u00df Rucksacks: 13.3&#8243;H x 3.5&#8243;W x 19.6&#8243;D. Fassungsverm\u00f6gen: 50 l. insgesamt 17 Taschen, 3 Hauptf\u00e4cher, 1 separates gepolstertes Laptopfach f\u00fcr 14, 15, 15,6, 17 und bis zu 17,3 Zoll Laptop\/Computer. 1 Fronttasche mit Rei\u00dfverschluss, beide Seitentaschen zum Aufbewahren von Wasserflaschen oder Regenschirmen, 6 Innentaschen,1 Diebstahlschutztasche zum Schutz Ihrer Sachen, 3 Netztaschen, die Multi-Tasche &amp; F\u00e4cher sorgen f\u00fcr Ordnung.<br \/>\nTSA-ZULASSUNG &amp; PC-SCHUTZ \u2013 TSA-zugelassenes exklusives Design f\u00fcr FLUGZEUGREISEN. Am Checkpoint l\u00e4sst sich der gro\u00dfe Rucksack frei um 90\u2013180 Grad aufklappen, sodass Sie schnell durch die Sicherheitskontrolle am Flughafen gehen und Ihre Gegenst\u00e4nde ordentlich aufbewahren. Runder Schutz f\u00fcr Ihren Laptop. Dient als Laptop-Rucksack f\u00fcr M\u00e4nner, gro\u00dfer Reiserucksack oder Arbeitsrucksack. Perfektes Reisegeschenk f\u00fcr M\u00e4nner, Frauen, die internationale Reisen, Wanderungen und \u00dcbernachtungsreisen m\u00f6gen.<br \/>\nUSB-LADEANSCHLUSS &amp; DIEBSTAHLSICHERUNG &amp; NACHTLICHTREFLEKTIEREND &#8211; Mit dem integrierten USB-Ladekabel bietet Ihnen der 17,3-Zoll-Laptop-Rucksack mit USB-Anschluss eine bequemere M\u00f6glichkeit, Ihr Telefon beim Gehen aufzuladen.Die versteckte Tasche des DIEBSTAHL-Laptoprucksacks mit Rei\u00dfverschluss h\u00e4lt Ihre wertvollen Sachen sicher.Mit einem reflektierenden Streifen auf der Vorderseite und der Schulter,damit Sie im Dunkeln auffallen.Dienen Sie als Laptop-Rucksack, Reiserucksack f\u00fcr herren.<\/p>\n","protected":false},"featured_media":131653,"comment_status":"open","ping_status":"closed","template":"","meta":[],"product_brand":[],"product_cat":[863],"product_tag":[],"class_list":{"0":"post-131652","1":"product","2":"type-product","3":"status-publish","4":"has-post-thumbnail","6":"product_cat-computer-zubehoer","7":"pa_brand-wenig","8":"pa_color-schwarz","9":"pa_height-19-6-zoll","10":"pa_length-13-3-zoll","11":"pa_manufacturer-wenig","12":"pa_size-17-zoll","13":"pa_width-9-8-zoll","15":"first","16":"instock","17":"shipping-taxable","18":"purchasable","19":"product-type-simple","20":"customify-col","21":"product-has-gallery"},"yoast_head":"<!-- This site is optimized with the Yoast SEO plugin v27.4 - https:\/\/yoast.com\/product\/yoast-seo-wordpress\/ -->\n<title>Gro\u00df Rucksack Herren Laptop Rucksack 17 Zoll Laptoptasche f\u00fcr Schule Arbeit mit USB Ladeanschluss Wasserdicht Business\u2026 - Markt-XXL<\/title>\n<meta name=\"description\" content=\"Markt-XXL Gro\u00df Rucksack Herren Laptop Rucksack 17 Zoll Laptoptasche f\u00fcr Schule Arbeit mit USB Ladeanschluss Wasserdicht Business\u2026\" \/>\n<meta name=\"robots\" content=\"index, follow, max-snippet:-1, max-image-preview:large, max-video-preview:-1\" \/>\n<link rel=\"canonical\" href=\"https:\/\/marktxxl.de\/markt\/produkt\/gross-rucksack-herren-laptop-rucksack-17-zoll-laptoptasche-fuer-schule-arbeit-mit-usb-ladeanschluss-wasserdicht-business-reisen-notebook-tasche-schulrucksack-fuer-maenner-frauen-jungen-teenager-schwar\/\" \/>\n<meta property=\"og:locale\" content=\"de_DE\" \/>\n<meta property=\"og:type\" content=\"article\" \/>\n<meta property=\"og:title\" content=\"Gro\u00df Rucksack Herren Laptop Rucksack 17 Zoll Laptoptasche f\u00fcr Schule Arbeit mit USB Ladeanschluss Wasserdicht Business\u2026 - Markt-XXL\" \/>\n<meta property=\"og:description\" content=\"Markt-XXL Gro\u00df Rucksack Herren Laptop Rucksack 17 Zoll Laptoptasche f\u00fcr Schule Arbeit mit USB Ladeanschluss Wasserdicht Business\u2026\" \/>\n<meta property=\"og:url\" content=\"https:\/\/marktxxl.de\/markt\/produkt\/gross-rucksack-herren-laptop-rucksack-17-zoll-laptoptasche-fuer-schule-arbeit-mit-usb-ladeanschluss-wasserdicht-business-reisen-notebook-tasche-schulrucksack-fuer-maenner-frauen-jungen-teenager-schwar\/\" \/>\n<meta property=\"og:site_name\" content=\"Markt-XXL\" \/>\n<meta property=\"article:modified_time\" content=\"2023-04-11T02:06:03+00:00\" \/>\n<meta property=\"og:image\" content=\"https:\/\/m.media-amazon.com\/images\/I\/416+zBr2LbS._SL500_.jpg\" \/>\n\t<meta property=\"og:image:width\" content=\"500\" \/>\n\t<meta property=\"og:image:height\" content=\"500\" \/>\n\t<meta property=\"og:image:type\" content=\"image\/jpeg\" \/>\n<meta name=\"twitter:card\" content=\"summary_large_image\" \/>\n<meta name=\"twitter:label1\" content=\"Gesch\u00e4tzte Lesezeit\" \/>\n\t<meta name=\"twitter:data1\" content=\"2\u00a0Minuten\" \/>\n<script type=\"application\/ld+json\" class=\"yoast-schema-graph\">{\"@context\":\"https:\\\/\\\/schema.org\",\"@graph\":[{\"@type\":\"WebPage\",\"@id\":\"https:\\\/\\\/marktxxl.de\\\/markt\\\/produkt\\\/gross-rucksack-herren-laptop-rucksack-17-zoll-laptoptasche-fuer-schule-arbeit-mit-usb-ladeanschluss-wasserdicht-business-reisen-notebook-tasche-schulrucksack-fuer-maenner-frauen-jungen-teenager-schwar\\\/\",\"url\":\"https:\\\/\\\/marktxxl.de\\\/markt\\\/produkt\\\/gross-rucksack-herren-laptop-rucksack-17-zoll-laptoptasche-fuer-schule-arbeit-mit-usb-ladeanschluss-wasserdicht-business-reisen-notebook-tasche-schulrucksack-fuer-maenner-frauen-jungen-teenager-schwar\\\/\",\"name\":\"Gro\u00df Rucksack Herren Laptop Rucksack 17 Zoll Laptoptasche f\u00fcr Schule Arbeit mit USB Ladeanschluss Wasserdicht Business\u2026 - Markt-XXL\",\"isPartOf\":{\"@id\":\"https:\\\/\\\/marktxxl.de\\\/markt\\\/#website\"},\"primaryImageOfPage\":{\"@id\":\"https:\\\/\\\/marktxxl.de\\\/markt\\\/produkt\\\/gross-rucksack-herren-laptop-rucksack-17-zoll-laptoptasche-fuer-schule-arbeit-mit-usb-ladeanschluss-wasserdicht-business-reisen-notebook-tasche-schulrucksack-fuer-maenner-frauen-jungen-teenager-schwar\\\/#primaryimage\"},\"image\":{\"@id\":\"https:\\\/\\\/marktxxl.de\\\/markt\\\/produkt\\\/gross-rucksack-herren-laptop-rucksack-17-zoll-laptoptasche-fuer-schule-arbeit-mit-usb-ladeanschluss-wasserdicht-business-reisen-notebook-tasche-schulrucksack-fuer-maenner-frauen-jungen-teenager-schwar\\\/#primaryimage\"},\"thumbnailUrl\":\"https:\\\/\\\/m.media-amazon.com\\\/images\\\/I\\\/416+zBr2LbS._SL500_.jpg\",\"datePublished\":\"2022-06-14T05:53:20+00:00\",\"dateModified\":\"2023-04-11T02:06:03+00:00\",\"description\":\"Markt-XXL Gro\u00df Rucksack Herren Laptop Rucksack 17 Zoll Laptoptasche f\u00fcr Schule Arbeit mit USB Ladeanschluss Wasserdicht Business\u2026\",\"breadcrumb\":{\"@id\":\"https:\\\/\\\/marktxxl.de\\\/markt\\\/produkt\\\/gross-rucksack-herren-laptop-rucksack-17-zoll-laptoptasche-fuer-schule-arbeit-mit-usb-ladeanschluss-wasserdicht-business-reisen-notebook-tasche-schulrucksack-fuer-maenner-frauen-jungen-teenager-schwar\\\/#breadcrumb\"},\"inLanguage\":\"de\",\"potentialAction\":[{\"@type\":\"ReadAction\",\"target\":[\"https:\\\/\\\/marktxxl.de\\\/markt\\\/produkt\\\/gross-rucksack-herren-laptop-rucksack-17-zoll-laptoptasche-fuer-schule-arbeit-mit-usb-ladeanschluss-wasserdicht-business-reisen-notebook-tasche-schulrucksack-fuer-maenner-frauen-jungen-teenager-schwar\\\/\"]}]},{\"@type\":\"ImageObject\",\"inLanguage\":\"de\",\"@id\":\"https:\\\/\\\/marktxxl.de\\\/markt\\\/produkt\\\/gross-rucksack-herren-laptop-rucksack-17-zoll-laptoptasche-fuer-schule-arbeit-mit-usb-ladeanschluss-wasserdicht-business-reisen-notebook-tasche-schulrucksack-fuer-maenner-frauen-jungen-teenager-schwar\\\/#primaryimage\",\"url\":\"https:\\\/\\\/m.media-amazon.com\\\/images\\\/I\\\/416+zBr2LbS._SL500_.jpg\",\"contentUrl\":\"https:\\\/\\\/m.media-amazon.com\\\/images\\\/I\\\/416+zBr2LbS._SL500_.jpg\",\"width\":500,\"height\":500},{\"@type\":\"BreadcrumbList\",\"@id\":\"https:\\\/\\\/marktxxl.de\\\/markt\\\/produkt\\\/gross-rucksack-herren-laptop-rucksack-17-zoll-laptoptasche-fuer-schule-arbeit-mit-usb-ladeanschluss-wasserdicht-business-reisen-notebook-tasche-schulrucksack-fuer-maenner-frauen-jungen-teenager-schwar\\\/#breadcrumb\",\"itemListElement\":[{\"@type\":\"ListItem\",\"position\":1,\"name\":\"Startseite\",\"item\":\"https:\\\/\\\/marktxxl.de\\\/markt\\\/\"},{\"@type\":\"ListItem\",\"position\":2,\"name\":\"Markt\",\"item\":\"https:\\\/\\\/marktxxl.de\\\/markt\\\/\"},{\"@type\":\"ListItem\",\"position\":3,\"name\":\"Gro\u00df Rucksack Herren Laptop Rucksack 17 Zoll Laptoptasche f\u00fcr Schule Arbeit mit USB Ladeanschluss Wasserdicht Business\u2026\"}]},{\"@type\":\"WebSite\",\"@id\":\"https:\\\/\\\/marktxxl.de\\\/markt\\\/#website\",\"url\":\"https:\\\/\\\/marktxxl.de\\\/markt\\\/\",\"name\":\"Markt-XXL\",\"description\":\"Ihr Markt Online\",\"publisher\":{\"@id\":\"https:\\\/\\\/marktxxl.de\\\/markt\\\/#organization\"},\"potentialAction\":[{\"@type\":\"SearchAction\",\"target\":{\"@type\":\"EntryPoint\",\"urlTemplate\":\"https:\\\/\\\/marktxxl.de\\\/markt\\\/?s={search_term_string}\"},\"query-input\":{\"@type\":\"PropertyValueSpecification\",\"valueRequired\":true,\"valueName\":\"search_term_string\"}}],\"inLanguage\":\"de\"},{\"@type\":\"Organization\",\"@id\":\"https:\\\/\\\/marktxxl.de\\\/markt\\\/#organization\",\"name\":\"Markt-XXL\",\"url\":\"https:\\\/\\\/marktxxl.de\\\/markt\\\/\",\"logo\":{\"@type\":\"ImageObject\",\"inLanguage\":\"de\",\"@id\":\"https:\\\/\\\/marktxxl.de\\\/markt\\\/#\\\/schema\\\/logo\\\/image\\\/\",\"url\":\"https:\\\/\\\/marktxxl.de\\\/markt\\\/wp-content\\\/uploads\\\/sites\\\/3\\\/2020\\\/12\\\/logo.png\",\"contentUrl\":\"https:\\\/\\\/marktxxl.de\\\/markt\\\/wp-content\\\/uploads\\\/sites\\\/3\\\/2020\\\/12\\\/logo.png\",\"width\":200,\"height\":70,\"caption\":\"Markt-XXL\"},\"image\":{\"@id\":\"https:\\\/\\\/marktxxl.de\\\/markt\\\/#\\\/schema\\\/logo\\\/image\\\/\"}}]}<\/script>\n<!-- \/ Yoast SEO plugin. -->","yoast_head_json":{"title":"Gro\u00df Rucksack Herren Laptop Rucksack 17 Zoll Laptoptasche f\u00fcr Schule Arbeit mit USB Ladeanschluss Wasserdicht Business\u2026 - Markt-XXL","description":"Markt-XXL Gro\u00df Rucksack Herren Laptop Rucksack 17 Zoll Laptoptasche f\u00fcr Schule Arbeit mit USB Ladeanschluss Wasserdicht Business\u2026","robots":{"index":"index","follow":"follow","max-snippet":"max-snippet:-1","max-image-preview":"max-image-preview:large","max-video-preview":"max-video-preview:-1"},"canonical":"https:\/\/marktxxl.de\/markt\/produkt\/gross-rucksack-herren-laptop-rucksack-17-zoll-laptoptasche-fuer-schule-arbeit-mit-usb-ladeanschluss-wasserdicht-business-reisen-notebook-tasche-schulrucksack-fuer-maenner-frauen-jungen-teenager-schwar\/","og_locale":"de_DE","og_type":"article","og_title":"Gro\u00df Rucksack Herren Laptop Rucksack 17 Zoll Laptoptasche f\u00fcr Schule Arbeit mit USB Ladeanschluss Wasserdicht Business\u2026 - Markt-XXL","og_description":"Markt-XXL Gro\u00df Rucksack Herren Laptop Rucksack 17 Zoll Laptoptasche f\u00fcr Schule Arbeit mit USB Ladeanschluss Wasserdicht Business\u2026","og_url":"https:\/\/marktxxl.de\/markt\/produkt\/gross-rucksack-herren-laptop-rucksack-17-zoll-laptoptasche-fuer-schule-arbeit-mit-usb-ladeanschluss-wasserdicht-business-reisen-notebook-tasche-schulrucksack-fuer-maenner-frauen-jungen-teenager-schwar\/","og_site_name":"Markt-XXL","article_modified_time":"2023-04-11T02:06:03+00:00","og_image":[{"width":500,"height":500,"url":"https:\/\/m.media-amazon.com\/images\/I\/416+zBr2LbS._SL500_.jpg","type":"image\/jpeg"}],"twitter_card":"summary_large_image","twitter_misc":{"Gesch\u00e4tzte Lesezeit":"2\u00a0Minuten"},"schema":{"@context":"https:\/\/schema.org","@graph":[{"@type":"WebPage","@id":"https:\/\/marktxxl.de\/markt\/produkt\/gross-rucksack-herren-laptop-rucksack-17-zoll-laptoptasche-fuer-schule-arbeit-mit-usb-ladeanschluss-wasserdicht-business-reisen-notebook-tasche-schulrucksack-fuer-maenner-frauen-jungen-teenager-schwar\/","url":"https:\/\/marktxxl.de\/markt\/produkt\/gross-rucksack-herren-laptop-rucksack-17-zoll-laptoptasche-fuer-schule-arbeit-mit-usb-ladeanschluss-wasserdicht-business-reisen-notebook-tasche-schulrucksack-fuer-maenner-frauen-jungen-teenager-schwar\/","name":"Gro\u00df Rucksack Herren Laptop Rucksack 17 Zoll Laptoptasche f\u00fcr Schule Arbeit mit USB Ladeanschluss Wasserdicht Business\u2026 - Markt-XXL","isPartOf":{"@id":"https:\/\/marktxxl.de\/markt\/#website"},"primaryImageOfPage":{"@id":"https:\/\/marktxxl.de\/markt\/produkt\/gross-rucksack-herren-laptop-rucksack-17-zoll-laptoptasche-fuer-schule-arbeit-mit-usb-ladeanschluss-wasserdicht-business-reisen-notebook-tasche-schulrucksack-fuer-maenner-frauen-jungen-teenager-schwar\/#primaryimage"},"image":{"@id":"https:\/\/marktxxl.de\/markt\/produkt\/gross-rucksack-herren-laptop-rucksack-17-zoll-laptoptasche-fuer-schule-arbeit-mit-usb-ladeanschluss-wasserdicht-business-reisen-notebook-tasche-schulrucksack-fuer-maenner-frauen-jungen-teenager-schwar\/#primaryimage"},"thumbnailUrl":"https:\/\/m.media-amazon.com\/images\/I\/416+zBr2LbS._SL500_.jpg","datePublished":"2022-06-14T05:53:20+00:00","dateModified":"2023-04-11T02:06:03+00:00","description":"Markt-XXL Gro\u00df Rucksack Herren Laptop Rucksack 17 Zoll Laptoptasche f\u00fcr Schule Arbeit mit USB Ladeanschluss Wasserdicht Business\u2026","breadcrumb":{"@id":"https:\/\/marktxxl.de\/markt\/produkt\/gross-rucksack-herren-laptop-rucksack-17-zoll-laptoptasche-fuer-schule-arbeit-mit-usb-ladeanschluss-wasserdicht-business-reisen-notebook-tasche-schulrucksack-fuer-maenner-frauen-jungen-teenager-schwar\/#breadcrumb"},"inLanguage":"de","potentialAction":[{"@type":"ReadAction","target":["https:\/\/marktxxl.de\/markt\/produkt\/gross-rucksack-herren-laptop-rucksack-17-zoll-laptoptasche-fuer-schule-arbeit-mit-usb-ladeanschluss-wasserdicht-business-reisen-notebook-tasche-schulrucksack-fuer-maenner-frauen-jungen-teenager-schwar\/"]}]},{"@type":"ImageObject","inLanguage":"de","@id":"https:\/\/marktxxl.de\/markt\/produkt\/gross-rucksack-herren-laptop-rucksack-17-zoll-laptoptasche-fuer-schule-arbeit-mit-usb-ladeanschluss-wasserdicht-business-reisen-notebook-tasche-schulrucksack-fuer-maenner-frauen-jungen-teenager-schwar\/#primaryimage","url":"https:\/\/m.media-amazon.com\/images\/I\/416+zBr2LbS._SL500_.jpg","contentUrl":"https:\/\/m.media-amazon.com\/images\/I\/416+zBr2LbS._SL500_.jpg","width":500,"height":500},{"@type":"BreadcrumbList","@id":"https:\/\/marktxxl.de\/markt\/produkt\/gross-rucksack-herren-laptop-rucksack-17-zoll-laptoptasche-fuer-schule-arbeit-mit-usb-ladeanschluss-wasserdicht-business-reisen-notebook-tasche-schulrucksack-fuer-maenner-frauen-jungen-teenager-schwar\/#breadcrumb","itemListElement":[{"@type":"ListItem","position":1,"name":"Startseite","item":"https:\/\/marktxxl.de\/markt\/"},{"@type":"ListItem","position":2,"name":"Markt","item":"https:\/\/marktxxl.de\/markt\/"},{"@type":"ListItem","position":3,"name":"Gro\u00df Rucksack Herren Laptop Rucksack 17 Zoll Laptoptasche f\u00fcr Schule Arbeit mit USB Ladeanschluss Wasserdicht Business\u2026"}]},{"@type":"WebSite","@id":"https:\/\/marktxxl.de\/markt\/#website","url":"https:\/\/marktxxl.de\/markt\/","name":"Markt-XXL","description":"Ihr Markt Online","publisher":{"@id":"https:\/\/marktxxl.de\/markt\/#organization"},"potentialAction":[{"@type":"SearchAction","target":{"@type":"EntryPoint","urlTemplate":"https:\/\/marktxxl.de\/markt\/?s={search_term_string}"},"query-input":{"@type":"PropertyValueSpecification","valueRequired":true,"valueName":"search_term_string"}}],"inLanguage":"de"},{"@type":"Organization","@id":"https:\/\/marktxxl.de\/markt\/#organization","name":"Markt-XXL","url":"https:\/\/marktxxl.de\/markt\/","logo":{"@type":"ImageObject","inLanguage":"de","@id":"https:\/\/marktxxl.de\/markt\/#\/schema\/logo\/image\/","url":"https:\/\/marktxxl.de\/markt\/wp-content\/uploads\/sites\/3\/2020\/12\/logo.png","contentUrl":"https:\/\/marktxxl.de\/markt\/wp-content\/uploads\/sites\/3\/2020\/12\/logo.png","width":200,"height":70,"caption":"Markt-XXL"},"image":{"@id":"https:\/\/marktxxl.de\/markt\/#\/schema\/logo\/image\/"}}]}},"_links":{"self":[{"href":"https:\/\/marktxxl.de\/markt\/wp-json\/wp\/v2\/product\/131652","targetHints":{"allow":["GET"]}}],"collection":[{"href":"https:\/\/marktxxl.de\/markt\/wp-json\/wp\/v2\/product"}],"about":[{"href":"https:\/\/marktxxl.de\/markt\/wp-json\/wp\/v2\/types\/product"}],"replies":[{"embeddable":true,"href":"https:\/\/marktxxl.de\/markt\/wp-json\/wp\/v2\/comments?post=131652"}],"wp:featuredmedia":[{"embeddable":true,"href":"https:\/\/marktxxl.de\/markt\/wp-json\/wp\/v2\/media\/131653"}],"wp:attachment":[{"href":"https:\/\/marktxxl.de\/markt\/wp-json\/wp\/v2\/media?parent=131652"}],"wp:term":[{"taxonomy":"product_brand","embeddable":true,"href":"https:\/\/marktxxl.de\/markt\/wp-json\/wp\/v2\/product_brand?post=131652"},{"taxonomy":"product_cat","embeddable":true,"href":"https:\/\/marktxxl.de\/markt\/wp-json\/wp\/v2\/product_cat?post=131652"},{"taxonomy":"product_tag","embeddable":true,"href":"https:\/\/marktxxl.de\/markt\/wp-json\/wp\/v2\/product_tag?post=131652"}],"curies":[{"name":"wp","href":"https:\/\/api.w.org\/{rel}","templated":true}]}}