{"id":131596,"date":"2022-06-14T07:50:16","date_gmt":"2022-06-14T05:50:16","guid":{"rendered":"https:\/\/marktxxl.de\/markt\/produkt\/kabellose-gaming-maus-mit-rgb-beleuchtung10000-dpi2-4g-wireless-verbindungwireless-gamer-maus-mit-6-programmierbare-tastenanpassbare-spielprofileleichtgewicht-ergonomische-mousepc-mac-schwarz\/"},"modified":"2023-04-09T03:45:09","modified_gmt":"2023-04-09T01:45:09","slug":"kabellose-gaming-maus-mit-rgb-beleuchtung10000-dpi2-4g-wireless-verbindungwireless-gamer-maus-mit-6-programmierbare-tastenanpassbare-spielprofileleichtgewicht-ergonomische-mousepc-mac-schwarz","status":"publish","type":"product","link":"https:\/\/marktxxl.de\/markt\/produkt\/kabellose-gaming-maus-mit-rgb-beleuchtung10000-dpi2-4g-wireless-verbindungwireless-gamer-maus-mit-6-programmierbare-tastenanpassbare-spielprofileleichtgewicht-ergonomische-mousepc-mac-schwarz\/","title":{"rendered":"RisoPhy Kabellose Gaming Maus,Wireless Gamer Maus mit 10000 DPI,RGB-Chroma-Beleuchtung,6 Programmierbare Tasten,Wireless\u2026"},"content":{"rendered":"<p>\ud83c\udf1f\u30102 AA-Batterien und 4-mal l\u00e4ngere Lebensdauer\u3011 Wir wissen, dass Sie unter der kurzen Batterielebensdauer anderer drahtloser M\u00e4use leiden. Deshalb haben wir die Batteriekapazit\u00e4t f\u00fcr diese Maus erh\u00f6ht, die die erste physische Batteriemaus ist, die 2 Batterien aufnehmen kann Markt, verl\u00e4ngert die Akkulaufzeit auf 220 Stunden (Licht aus). Au\u00dferdem startet die Maus automatisch in den Schlafmodus, um Energie zu sparen, nachdem Sie 8 Minuten lang weg sind, es gibt auch eine LED-Anzeige, die Sie daran erinnert, wann Sie den Akku wechseln m\u00fcssen Machen Sie sich keine Sorgen mehr, dass die Maus mitten im Spiel pl\u00f6tzlich ausgeschaltet wird.<br \/>\n\ud83c\udf1f\u30106-DPI-Stufe und 1000-Hz-Abfragerate zur Steuerung Ihrer Geschwindigkeit\u3011Die kabellose High-End-Gaming-Maus kann mit 10000-7000-5000-3500-2400-1200 DPI betrieben werden, um den verschiedenen Wettbewerbsstufen von Spielen und der B\u00fcroarbeit gerecht zu werden. Es gibt auch 4 einstellbare Abfrageraten (125 Hz-250 Hz-500 Hz-1000 Hz), die eine reibungslose und schnelle Bewegung bei PC- oder Laptop-Spielen gew\u00e4hrleisten.<br \/>\n\ud83c\udf1f\u3010Programmierbare RGB-LED-Hintergrundbeleuchtung\u3011Mit 16,8 Millionen Farboptionen f\u00fcr die Einstellung der Hintergrundbeleuchtung bereichert die RisoPhy-Gaming-Maus Ihr Spielerlebnis und verbessert Ihre Stimmung erheblich Spielzimmer, besonders nachts. [Licht kann ausgeschaltet werden, um Energie zu sparen]<br \/>\n\ud83c\udf1f\u30102.4G Light-Speed \u200b\u200bWireless Tech-Weg vom Kabel\u3011Ultraschnelle Lightspeed Wireless-Technologie bietet Ihnen ein verz\u00f6gerungsfreies Spielerlebnis und liefert eine zuverl\u00e4ssige, superschnelle Verbindung. Die kabellose Risophy-Maus f\u00fcr Laptops ist auch tragbar genug dass Sie es ohne l\u00e4stiges Kabel einfach mitnehmen k\u00f6nnen.<br \/>\n\ud83c\udf1f\u30106 programmierbare Tasten und einfache Software\u3011 Mit der Ein-Schritt-Installationssoftware (im Lieferumfang enthalten) k\u00f6nnen 6 Tasten und grundlegende Parameter wie RGB-Steuerung\/DPI\/Abfragerate\/Makro f\u00fcr personalisiertere Funktionen zur\u00fcckgesetzt werden, unsere kabellose Maus ist n\u00fctzlich und Intelligent zum Spielen von MOBA\/RTS-Spielen und zur Verbesserung Ihrer Arbeitseffizienz (\ud83d\udc99Bitte sehen Sie sich das Handbuch f\u00fcr den Treiberlink an)<br \/>\n\ud83c\udf1f\u3010Plug-and-Play und ergonomischer Komfort\u3011Tragbare 2,4-G-Wireless-Technologie mit 33-Fu\u00df-\u00dcbertragung. Einfach unterwegs zu tragen, langlebige 80 Millionen Klicks. In Kombination mit dem ergonomischen Design und dem hautfreundlichen Material bietet Ihnen unsere ergonomische Maus ein komfortables und ergonomisches Handgef\u00fchl, das ein \u00e4u\u00dferst komfortables und pr\u00e4zises Erlebnis f\u00fcr Computerspiele und die t\u00e4gliche Arbeit bietet.<br \/>\n\ud83d\udc99\u3010Exklusiver lebenslanger Garantieservice und das beste Geschenk f\u00fcr Ihre Kinder\u3011 Wir haben uns immer verpflichtet, jeden Kunden gut zu bedienen. Egal auf welches Problem Sie sto\u00dfen, z\u00f6gern Sie nicht, uns zu kontaktieren, um eine zufriedenstellende L\u00f6sung zu finden. Wir bieten 18 Monate Garantie und lebenslangen Support, solange es sich um ein in unserem Gesch\u00e4ft gekauftes Produkt handelt. \ud83d\udc99 Bitte beachten Sie, dass der aktuelle Rabatt auf den begrenzt ist Die ersten 1.000 Kunden.<br \/>\n<div class=\"main-cross-sell\" data-asin=\"B09TR6C2S6\">\n\n\t<div class=\"WooZone-cross-sell-loader\">\n\t\t<div>\n\t\t\t<div id=\"floatingBarsG\">\n\t\t\t\t<div class=\"blockG\" id=\"rotateG_01\"><\/div>\n\t\t\t\t<div class=\"blockG\" id=\"rotateG_02\"><\/div>\n\t\t\t\t<div class=\"blockG\" id=\"rotateG_03\"><\/div>\n\t\t\t\t<div class=\"blockG\" id=\"rotateG_04\"><\/div>\n\t\t\t\t<div class=\"blockG\" id=\"rotateG_05\"><\/div>\n\t\t\t\t<div class=\"blockG\" id=\"rotateG_06\"><\/div>\n\t\t\t\t<div class=\"blockG\" id=\"rotateG_07\"><\/div>\n\t\t\t\t<div class=\"blockG\" id=\"rotateG_08\"><\/div>\n\t\t\t<\/div>\n\t\t\t<div class=\"WooZone-cross-sell-loader-text\"><\/div>\n\t\t<\/div>\n\t<\/div>\n\n\t\t\n<\/div>\n<div style=\"clear:both;\"><\/div><\/p>\n","protected":false},"excerpt":{"rendered":"<p>\ud83c\udf1f\u30102 AA-Batterien und 4-mal l\u00e4ngere Lebensdauer\u3011 Wir wissen, dass Sie unter der kurzen Batterielebensdauer anderer drahtloser M\u00e4use leiden. Deshalb haben wir die Batteriekapazit\u00e4t f\u00fcr diese Maus erh\u00f6ht, die die erste physische Batteriemaus ist, die 2 Batterien aufnehmen kann Markt, verl\u00e4ngert die Akkulaufzeit auf 220 Stunden (Licht aus). Au\u00dferdem startet die Maus automatisch in den Schlafmodus, um Energie zu sparen, nachdem Sie 8 Minuten lang weg sind, es gibt auch eine LED-Anzeige, die Sie daran erinnert, wann Sie den Akku wechseln m\u00fcssen Machen Sie sich keine Sorgen mehr, dass die Maus mitten im Spiel pl\u00f6tzlich ausgeschaltet wird.<br \/>\n\ud83c\udf1f\u30106-DPI-Stufe und 1000-Hz-Abfragerate zur Steuerung Ihrer Geschwindigkeit\u3011Die kabellose High-End-Gaming-Maus kann mit 10000-7000-5000-3500-2400-1200 DPI betrieben werden, um den verschiedenen Wettbewerbsstufen von Spielen und der B\u00fcroarbeit gerecht zu werden. Es gibt auch 4 einstellbare Abfrageraten (125 Hz-250 Hz-500 Hz-1000 Hz), die eine reibungslose und schnelle Bewegung bei PC- oder Laptop-Spielen gew\u00e4hrleisten.<br \/>\n\ud83c\udf1f\u3010Programmierbare RGB-LED-Hintergrundbeleuchtung\u3011Mit 16,8 Millionen Farboptionen f\u00fcr die Einstellung der Hintergrundbeleuchtung bereichert die RisoPhy-Gaming-Maus Ihr Spielerlebnis und verbessert Ihre Stimmung erheblich Spielzimmer, besonders nachts. [Licht kann ausgeschaltet werden, um Energie zu sparen]<\/p>\n","protected":false},"featured_media":131597,"comment_status":"open","ping_status":"closed","template":"","meta":[],"product_brand":[],"product_cat":[863],"product_tag":[],"class_list":{"0":"post-131596","1":"product","2":"type-product","3":"status-publish","4":"has-post-thumbnail","6":"product_cat-computer-zubehoer","7":"pa_brand-risophy","8":"pa_manufacturer-risophy","9":"pa_warranty-18-month-warranty","11":"first","12":"instock","13":"shipping-taxable","14":"purchasable","15":"product-type-simple","16":"customify-col","17":"product-has-gallery"},"yoast_head":"<!-- This site is optimized with the Yoast SEO plugin v27.4 - https:\/\/yoast.com\/product\/yoast-seo-wordpress\/ -->\n<title>RisoPhy Kabellose Gaming Maus,Wireless Gamer Maus mit 10000 DPI,RGB-Chroma-Beleuchtung,6 Programmierbare Tasten,Wireless\u2026 - Markt-XXL<\/title>\n<meta name=\"description\" content=\"Markt-XXL RisoPhy Kabellose Gaming Maus,Wireless Gamer Maus mit 10000 DPI,RGB-Chroma-Beleuchtung,6 Programmierbare Tasten,Wireless\u2026\" \/>\n<meta name=\"robots\" content=\"index, follow, max-snippet:-1, max-image-preview:large, max-video-preview:-1\" \/>\n<link rel=\"canonical\" href=\"https:\/\/marktxxl.de\/markt\/produkt\/kabellose-gaming-maus-mit-rgb-beleuchtung10000-dpi2-4g-wireless-verbindungwireless-gamer-maus-mit-6-programmierbare-tastenanpassbare-spielprofileleichtgewicht-ergonomische-mousepc-mac-schwarz\/\" \/>\n<meta property=\"og:locale\" content=\"de_DE\" \/>\n<meta property=\"og:type\" content=\"article\" \/>\n<meta property=\"og:title\" content=\"RisoPhy Kabellose Gaming Maus,Wireless Gamer Maus mit 10000 DPI,RGB-Chroma-Beleuchtung,6 Programmierbare Tasten,Wireless\u2026 - Markt-XXL\" \/>\n<meta property=\"og:description\" content=\"Markt-XXL RisoPhy Kabellose Gaming Maus,Wireless Gamer Maus mit 10000 DPI,RGB-Chroma-Beleuchtung,6 Programmierbare Tasten,Wireless\u2026\" \/>\n<meta property=\"og:url\" content=\"https:\/\/marktxxl.de\/markt\/produkt\/kabellose-gaming-maus-mit-rgb-beleuchtung10000-dpi2-4g-wireless-verbindungwireless-gamer-maus-mit-6-programmierbare-tastenanpassbare-spielprofileleichtgewicht-ergonomische-mousepc-mac-schwarz\/\" \/>\n<meta property=\"og:site_name\" content=\"Markt-XXL\" \/>\n<meta property=\"article:modified_time\" content=\"2023-04-09T01:45:09+00:00\" \/>\n<meta property=\"og:image\" content=\"https:\/\/m.media-amazon.com\/images\/I\/41uJBJhMtGL._SL500_.jpg\" \/>\n\t<meta property=\"og:image:width\" content=\"500\" \/>\n\t<meta property=\"og:image:height\" content=\"500\" \/>\n\t<meta property=\"og:image:type\" content=\"image\/jpeg\" \/>\n<meta name=\"twitter:card\" content=\"summary_large_image\" \/>\n<meta name=\"twitter:label1\" content=\"Gesch\u00e4tzte Lesezeit\" \/>\n\t<meta name=\"twitter:data1\" content=\"2\u00a0Minuten\" \/>\n<script type=\"application\/ld+json\" class=\"yoast-schema-graph\">{\"@context\":\"https:\\\/\\\/schema.org\",\"@graph\":[{\"@type\":\"WebPage\",\"@id\":\"https:\\\/\\\/marktxxl.de\\\/markt\\\/produkt\\\/kabellose-gaming-maus-mit-rgb-beleuchtung10000-dpi2-4g-wireless-verbindungwireless-gamer-maus-mit-6-programmierbare-tastenanpassbare-spielprofileleichtgewicht-ergonomische-mousepc-mac-schwarz\\\/\",\"url\":\"https:\\\/\\\/marktxxl.de\\\/markt\\\/produkt\\\/kabellose-gaming-maus-mit-rgb-beleuchtung10000-dpi2-4g-wireless-verbindungwireless-gamer-maus-mit-6-programmierbare-tastenanpassbare-spielprofileleichtgewicht-ergonomische-mousepc-mac-schwarz\\\/\",\"name\":\"RisoPhy Kabellose Gaming Maus,Wireless Gamer Maus mit 10000 DPI,RGB-Chroma-Beleuchtung,6 Programmierbare Tasten,Wireless\u2026 - Markt-XXL\",\"isPartOf\":{\"@id\":\"https:\\\/\\\/marktxxl.de\\\/markt\\\/#website\"},\"primaryImageOfPage\":{\"@id\":\"https:\\\/\\\/marktxxl.de\\\/markt\\\/produkt\\\/kabellose-gaming-maus-mit-rgb-beleuchtung10000-dpi2-4g-wireless-verbindungwireless-gamer-maus-mit-6-programmierbare-tastenanpassbare-spielprofileleichtgewicht-ergonomische-mousepc-mac-schwarz\\\/#primaryimage\"},\"image\":{\"@id\":\"https:\\\/\\\/marktxxl.de\\\/markt\\\/produkt\\\/kabellose-gaming-maus-mit-rgb-beleuchtung10000-dpi2-4g-wireless-verbindungwireless-gamer-maus-mit-6-programmierbare-tastenanpassbare-spielprofileleichtgewicht-ergonomische-mousepc-mac-schwarz\\\/#primaryimage\"},\"thumbnailUrl\":\"https:\\\/\\\/m.media-amazon.com\\\/images\\\/I\\\/41uJBJhMtGL._SL500_.jpg\",\"datePublished\":\"2022-06-14T05:50:16+00:00\",\"dateModified\":\"2023-04-09T01:45:09+00:00\",\"description\":\"Markt-XXL RisoPhy Kabellose Gaming Maus,Wireless Gamer Maus mit 10000 DPI,RGB-Chroma-Beleuchtung,6 Programmierbare Tasten,Wireless\u2026\",\"breadcrumb\":{\"@id\":\"https:\\\/\\\/marktxxl.de\\\/markt\\\/produkt\\\/kabellose-gaming-maus-mit-rgb-beleuchtung10000-dpi2-4g-wireless-verbindungwireless-gamer-maus-mit-6-programmierbare-tastenanpassbare-spielprofileleichtgewicht-ergonomische-mousepc-mac-schwarz\\\/#breadcrumb\"},\"inLanguage\":\"de\",\"potentialAction\":[{\"@type\":\"ReadAction\",\"target\":[\"https:\\\/\\\/marktxxl.de\\\/markt\\\/produkt\\\/kabellose-gaming-maus-mit-rgb-beleuchtung10000-dpi2-4g-wireless-verbindungwireless-gamer-maus-mit-6-programmierbare-tastenanpassbare-spielprofileleichtgewicht-ergonomische-mousepc-mac-schwarz\\\/\"]}]},{\"@type\":\"ImageObject\",\"inLanguage\":\"de\",\"@id\":\"https:\\\/\\\/marktxxl.de\\\/markt\\\/produkt\\\/kabellose-gaming-maus-mit-rgb-beleuchtung10000-dpi2-4g-wireless-verbindungwireless-gamer-maus-mit-6-programmierbare-tastenanpassbare-spielprofileleichtgewicht-ergonomische-mousepc-mac-schwarz\\\/#primaryimage\",\"url\":\"https:\\\/\\\/m.media-amazon.com\\\/images\\\/I\\\/41uJBJhMtGL._SL500_.jpg\",\"contentUrl\":\"https:\\\/\\\/m.media-amazon.com\\\/images\\\/I\\\/41uJBJhMtGL._SL500_.jpg\",\"width\":500,\"height\":500},{\"@type\":\"BreadcrumbList\",\"@id\":\"https:\\\/\\\/marktxxl.de\\\/markt\\\/produkt\\\/kabellose-gaming-maus-mit-rgb-beleuchtung10000-dpi2-4g-wireless-verbindungwireless-gamer-maus-mit-6-programmierbare-tastenanpassbare-spielprofileleichtgewicht-ergonomische-mousepc-mac-schwarz\\\/#breadcrumb\",\"itemListElement\":[{\"@type\":\"ListItem\",\"position\":1,\"name\":\"Startseite\",\"item\":\"https:\\\/\\\/marktxxl.de\\\/markt\\\/\"},{\"@type\":\"ListItem\",\"position\":2,\"name\":\"Markt\",\"item\":\"https:\\\/\\\/marktxxl.de\\\/markt\\\/\"},{\"@type\":\"ListItem\",\"position\":3,\"name\":\"RisoPhy Kabellose Gaming Maus,Wireless Gamer Maus mit 10000 DPI,RGB-Chroma-Beleuchtung,6 Programmierbare Tasten,Wireless\u2026\"}]},{\"@type\":\"WebSite\",\"@id\":\"https:\\\/\\\/marktxxl.de\\\/markt\\\/#website\",\"url\":\"https:\\\/\\\/marktxxl.de\\\/markt\\\/\",\"name\":\"Markt-XXL\",\"description\":\"Ihr Markt Online\",\"publisher\":{\"@id\":\"https:\\\/\\\/marktxxl.de\\\/markt\\\/#organization\"},\"potentialAction\":[{\"@type\":\"SearchAction\",\"target\":{\"@type\":\"EntryPoint\",\"urlTemplate\":\"https:\\\/\\\/marktxxl.de\\\/markt\\\/?s={search_term_string}\"},\"query-input\":{\"@type\":\"PropertyValueSpecification\",\"valueRequired\":true,\"valueName\":\"search_term_string\"}}],\"inLanguage\":\"de\"},{\"@type\":\"Organization\",\"@id\":\"https:\\\/\\\/marktxxl.de\\\/markt\\\/#organization\",\"name\":\"Markt-XXL\",\"url\":\"https:\\\/\\\/marktxxl.de\\\/markt\\\/\",\"logo\":{\"@type\":\"ImageObject\",\"inLanguage\":\"de\",\"@id\":\"https:\\\/\\\/marktxxl.de\\\/markt\\\/#\\\/schema\\\/logo\\\/image\\\/\",\"url\":\"https:\\\/\\\/marktxxl.de\\\/markt\\\/wp-content\\\/uploads\\\/sites\\\/3\\\/2020\\\/12\\\/logo.png\",\"contentUrl\":\"https:\\\/\\\/marktxxl.de\\\/markt\\\/wp-content\\\/uploads\\\/sites\\\/3\\\/2020\\\/12\\\/logo.png\",\"width\":200,\"height\":70,\"caption\":\"Markt-XXL\"},\"image\":{\"@id\":\"https:\\\/\\\/marktxxl.de\\\/markt\\\/#\\\/schema\\\/logo\\\/image\\\/\"}}]}<\/script>\n<!-- \/ Yoast SEO plugin. -->","yoast_head_json":{"title":"RisoPhy Kabellose Gaming Maus,Wireless Gamer Maus mit 10000 DPI,RGB-Chroma-Beleuchtung,6 Programmierbare Tasten,Wireless\u2026 - Markt-XXL","description":"Markt-XXL RisoPhy Kabellose Gaming Maus,Wireless Gamer Maus mit 10000 DPI,RGB-Chroma-Beleuchtung,6 Programmierbare Tasten,Wireless\u2026","robots":{"index":"index","follow":"follow","max-snippet":"max-snippet:-1","max-image-preview":"max-image-preview:large","max-video-preview":"max-video-preview:-1"},"canonical":"https:\/\/marktxxl.de\/markt\/produkt\/kabellose-gaming-maus-mit-rgb-beleuchtung10000-dpi2-4g-wireless-verbindungwireless-gamer-maus-mit-6-programmierbare-tastenanpassbare-spielprofileleichtgewicht-ergonomische-mousepc-mac-schwarz\/","og_locale":"de_DE","og_type":"article","og_title":"RisoPhy Kabellose Gaming Maus,Wireless Gamer Maus mit 10000 DPI,RGB-Chroma-Beleuchtung,6 Programmierbare Tasten,Wireless\u2026 - Markt-XXL","og_description":"Markt-XXL RisoPhy Kabellose Gaming Maus,Wireless Gamer Maus mit 10000 DPI,RGB-Chroma-Beleuchtung,6 Programmierbare Tasten,Wireless\u2026","og_url":"https:\/\/marktxxl.de\/markt\/produkt\/kabellose-gaming-maus-mit-rgb-beleuchtung10000-dpi2-4g-wireless-verbindungwireless-gamer-maus-mit-6-programmierbare-tastenanpassbare-spielprofileleichtgewicht-ergonomische-mousepc-mac-schwarz\/","og_site_name":"Markt-XXL","article_modified_time":"2023-04-09T01:45:09+00:00","og_image":[{"width":500,"height":500,"url":"https:\/\/m.media-amazon.com\/images\/I\/41uJBJhMtGL._SL500_.jpg","type":"image\/jpeg"}],"twitter_card":"summary_large_image","twitter_misc":{"Gesch\u00e4tzte Lesezeit":"2\u00a0Minuten"},"schema":{"@context":"https:\/\/schema.org","@graph":[{"@type":"WebPage","@id":"https:\/\/marktxxl.de\/markt\/produkt\/kabellose-gaming-maus-mit-rgb-beleuchtung10000-dpi2-4g-wireless-verbindungwireless-gamer-maus-mit-6-programmierbare-tastenanpassbare-spielprofileleichtgewicht-ergonomische-mousepc-mac-schwarz\/","url":"https:\/\/marktxxl.de\/markt\/produkt\/kabellose-gaming-maus-mit-rgb-beleuchtung10000-dpi2-4g-wireless-verbindungwireless-gamer-maus-mit-6-programmierbare-tastenanpassbare-spielprofileleichtgewicht-ergonomische-mousepc-mac-schwarz\/","name":"RisoPhy Kabellose Gaming Maus,Wireless Gamer Maus mit 10000 DPI,RGB-Chroma-Beleuchtung,6 Programmierbare Tasten,Wireless\u2026 - Markt-XXL","isPartOf":{"@id":"https:\/\/marktxxl.de\/markt\/#website"},"primaryImageOfPage":{"@id":"https:\/\/marktxxl.de\/markt\/produkt\/kabellose-gaming-maus-mit-rgb-beleuchtung10000-dpi2-4g-wireless-verbindungwireless-gamer-maus-mit-6-programmierbare-tastenanpassbare-spielprofileleichtgewicht-ergonomische-mousepc-mac-schwarz\/#primaryimage"},"image":{"@id":"https:\/\/marktxxl.de\/markt\/produkt\/kabellose-gaming-maus-mit-rgb-beleuchtung10000-dpi2-4g-wireless-verbindungwireless-gamer-maus-mit-6-programmierbare-tastenanpassbare-spielprofileleichtgewicht-ergonomische-mousepc-mac-schwarz\/#primaryimage"},"thumbnailUrl":"https:\/\/m.media-amazon.com\/images\/I\/41uJBJhMtGL._SL500_.jpg","datePublished":"2022-06-14T05:50:16+00:00","dateModified":"2023-04-09T01:45:09+00:00","description":"Markt-XXL RisoPhy Kabellose Gaming Maus,Wireless Gamer Maus mit 10000 DPI,RGB-Chroma-Beleuchtung,6 Programmierbare Tasten,Wireless\u2026","breadcrumb":{"@id":"https:\/\/marktxxl.de\/markt\/produkt\/kabellose-gaming-maus-mit-rgb-beleuchtung10000-dpi2-4g-wireless-verbindungwireless-gamer-maus-mit-6-programmierbare-tastenanpassbare-spielprofileleichtgewicht-ergonomische-mousepc-mac-schwarz\/#breadcrumb"},"inLanguage":"de","potentialAction":[{"@type":"ReadAction","target":["https:\/\/marktxxl.de\/markt\/produkt\/kabellose-gaming-maus-mit-rgb-beleuchtung10000-dpi2-4g-wireless-verbindungwireless-gamer-maus-mit-6-programmierbare-tastenanpassbare-spielprofileleichtgewicht-ergonomische-mousepc-mac-schwarz\/"]}]},{"@type":"ImageObject","inLanguage":"de","@id":"https:\/\/marktxxl.de\/markt\/produkt\/kabellose-gaming-maus-mit-rgb-beleuchtung10000-dpi2-4g-wireless-verbindungwireless-gamer-maus-mit-6-programmierbare-tastenanpassbare-spielprofileleichtgewicht-ergonomische-mousepc-mac-schwarz\/#primaryimage","url":"https:\/\/m.media-amazon.com\/images\/I\/41uJBJhMtGL._SL500_.jpg","contentUrl":"https:\/\/m.media-amazon.com\/images\/I\/41uJBJhMtGL._SL500_.jpg","width":500,"height":500},{"@type":"BreadcrumbList","@id":"https:\/\/marktxxl.de\/markt\/produkt\/kabellose-gaming-maus-mit-rgb-beleuchtung10000-dpi2-4g-wireless-verbindungwireless-gamer-maus-mit-6-programmierbare-tastenanpassbare-spielprofileleichtgewicht-ergonomische-mousepc-mac-schwarz\/#breadcrumb","itemListElement":[{"@type":"ListItem","position":1,"name":"Startseite","item":"https:\/\/marktxxl.de\/markt\/"},{"@type":"ListItem","position":2,"name":"Markt","item":"https:\/\/marktxxl.de\/markt\/"},{"@type":"ListItem","position":3,"name":"RisoPhy Kabellose Gaming Maus,Wireless Gamer Maus mit 10000 DPI,RGB-Chroma-Beleuchtung,6 Programmierbare Tasten,Wireless\u2026"}]},{"@type":"WebSite","@id":"https:\/\/marktxxl.de\/markt\/#website","url":"https:\/\/marktxxl.de\/markt\/","name":"Markt-XXL","description":"Ihr Markt Online","publisher":{"@id":"https:\/\/marktxxl.de\/markt\/#organization"},"potentialAction":[{"@type":"SearchAction","target":{"@type":"EntryPoint","urlTemplate":"https:\/\/marktxxl.de\/markt\/?s={search_term_string}"},"query-input":{"@type":"PropertyValueSpecification","valueRequired":true,"valueName":"search_term_string"}}],"inLanguage":"de"},{"@type":"Organization","@id":"https:\/\/marktxxl.de\/markt\/#organization","name":"Markt-XXL","url":"https:\/\/marktxxl.de\/markt\/","logo":{"@type":"ImageObject","inLanguage":"de","@id":"https:\/\/marktxxl.de\/markt\/#\/schema\/logo\/image\/","url":"https:\/\/marktxxl.de\/markt\/wp-content\/uploads\/sites\/3\/2020\/12\/logo.png","contentUrl":"https:\/\/marktxxl.de\/markt\/wp-content\/uploads\/sites\/3\/2020\/12\/logo.png","width":200,"height":70,"caption":"Markt-XXL"},"image":{"@id":"https:\/\/marktxxl.de\/markt\/#\/schema\/logo\/image\/"}}]}},"_links":{"self":[{"href":"https:\/\/marktxxl.de\/markt\/wp-json\/wp\/v2\/product\/131596","targetHints":{"allow":["GET"]}}],"collection":[{"href":"https:\/\/marktxxl.de\/markt\/wp-json\/wp\/v2\/product"}],"about":[{"href":"https:\/\/marktxxl.de\/markt\/wp-json\/wp\/v2\/types\/product"}],"replies":[{"embeddable":true,"href":"https:\/\/marktxxl.de\/markt\/wp-json\/wp\/v2\/comments?post=131596"}],"wp:featuredmedia":[{"embeddable":true,"href":"https:\/\/marktxxl.de\/markt\/wp-json\/wp\/v2\/media\/131597"}],"wp:attachment":[{"href":"https:\/\/marktxxl.de\/markt\/wp-json\/wp\/v2\/media?parent=131596"}],"wp:term":[{"taxonomy":"product_brand","embeddable":true,"href":"https:\/\/marktxxl.de\/markt\/wp-json\/wp\/v2\/product_brand?post=131596"},{"taxonomy":"product_cat","embeddable":true,"href":"https:\/\/marktxxl.de\/markt\/wp-json\/wp\/v2\/product_cat?post=131596"},{"taxonomy":"product_tag","embeddable":true,"href":"https:\/\/marktxxl.de\/markt\/wp-json\/wp\/v2\/product_tag?post=131596"}],"curies":[{"name":"wp","href":"https:\/\/api.w.org\/{rel}","templated":true}]}}