{"id":131588,"date":"2022-06-14T07:50:08","date_gmt":"2022-06-14T05:50:08","guid":{"rendered":"https:\/\/marktxxl.de\/markt\/produkt\/rgb-gaming-mauspad-800x300mm-xl-gaming-mousepad-mit-14-beleuchtungs-modi-und-7-led-farben-grosses-erweitertes-leuchtendes-led-mauspad-anti-rutsch-mauspad-gaming-fuer-computer-pc-gamer\/"},"modified":"2023-04-10T04:09:19","modified_gmt":"2023-04-10T02:09:19","slug":"rgb-gaming-mauspad-800x300mm-xl-gaming-mousepad-mit-14-beleuchtungs-modi-und-7-led-farben-grosses-erweitertes-leuchtendes-led-mauspad-anti-rutsch-mauspad-gaming-fuer-computer-pc-gamer","status":"publish","type":"product","link":"https:\/\/marktxxl.de\/markt\/produkt\/rgb-gaming-mauspad-800x300mm-xl-gaming-mousepad-mit-14-beleuchtungs-modi-und-7-led-farben-grosses-erweitertes-leuchtendes-led-mauspad-anti-rutsch-mauspad-gaming-fuer-computer-pc-gamer\/","title":{"rendered":"JZMATECH RGB Gaming Mauspad 800x300mm, XL Mousepad mit 14 Beleuchtungs Modi und 7 LED Farben, Gro\u00dfes Erweitertes\u2026"},"content":{"rendered":"<p>Gro\u00dfe und perfekte Gr\u00f6\u00dfe: Das Gaming-Mauspad ist 800 x 300 mm gro\u00df, f\u00fcr alle Arten von Tastaturen und M\u00e4usen geeignet und bietet ausreichend Platz f\u00fcr professionelles Gaming oder B\u00fcro. Gleichzeitig kann die Dicke eine gute Unterst\u00fctzung des Handgelenks bieten und den Komfort des Handgelenks gew\u00e4hrleisten.<br \/>\nRGB-Lichteffektmodus : Das Gaming Mauspad verf\u00fcgt \u00fcber 14 Beleuchtungsmodi, 7 statische monochrome Beleuchtungsmodi, Die 7 statischen Farben umfassen Rot, Blau, Gr\u00fcn, Lila, Cyan, Gelb und Wei\u00df. Verschiedene Modi k\u00f6nnen unterschiedliche Anforderungen erf\u00fcllen und bieten eine visuell beeindruckende Darstellung von Farben und Effekten.<br \/>\nHohe Qualit\u00e4t: Super Glow-Faser und weiche Tuchoberfl\u00e4che,Die fest mit dem Stoff verbundene Gummiunterlage verhindert das Verrutschen des Mauspad oder das Aufw\u00f6lben der Stoffoberfl\u00e4che und sorgt so f\u00fcr geschmeidige Mausbewegungen.Einfach zu verstauen, sehr weich und verformt sich beim Wieder\u00f6ffnen nicht.<br \/>\nEinfache Bedienung: Um den Modus zu wechseln, dr\u00fccken Sie einfach die Taste auf der rechten Seite des Mauspads. Das Gaming-Mauspad wird \u00fcber USB mit Strom versorgt, Plug-and-Play. Treiber werden f\u00fcr die Installation nicht ben\u00f6tigt.<br \/>\nVerpackung und Service: 1x RGB-Gaming-Mauspad 1x USB-Kabel.Bestandene Fcc-, Ce- und Rohs-Zertifizierung. Alle von uns versendeten Produkte werden vor dem Versand gepr\u00fcft. Wir bieten 24 Stunden schnelle Antwort und lebenslangen freundlichen Kundenservice, um Sie zu unterst\u00fctzen.<br \/>\n<div class=\"main-cross-sell\" data-asin=\"B09YD6316C\">\n\n\t<div class=\"WooZone-cross-sell-loader\">\n\t\t<div>\n\t\t\t<div id=\"floatingBarsG\">\n\t\t\t\t<div class=\"blockG\" id=\"rotateG_01\"><\/div>\n\t\t\t\t<div class=\"blockG\" id=\"rotateG_02\"><\/div>\n\t\t\t\t<div class=\"blockG\" id=\"rotateG_03\"><\/div>\n\t\t\t\t<div class=\"blockG\" id=\"rotateG_04\"><\/div>\n\t\t\t\t<div class=\"blockG\" id=\"rotateG_05\"><\/div>\n\t\t\t\t<div class=\"blockG\" id=\"rotateG_06\"><\/div>\n\t\t\t\t<div class=\"blockG\" id=\"rotateG_07\"><\/div>\n\t\t\t\t<div class=\"blockG\" id=\"rotateG_08\"><\/div>\n\t\t\t<\/div>\n\t\t\t<div class=\"WooZone-cross-sell-loader-text\"><\/div>\n\t\t<\/div>\n\t<\/div>\n\n\t\t\n<\/div>\n<div style=\"clear:both;\"><\/div><\/p>\n","protected":false},"excerpt":{"rendered":"<p>Gro\u00dfe und perfekte Gr\u00f6\u00dfe: Das Gaming-Mauspad ist 800 x 300 mm gro\u00df, f\u00fcr alle Arten von Tastaturen und M\u00e4usen geeignet und bietet ausreichend Platz f\u00fcr professionelles Gaming oder B\u00fcro. Gleichzeitig kann die Dicke eine gute Unterst\u00fctzung des Handgelenks bieten und den Komfort des Handgelenks gew\u00e4hrleisten.<br \/>\nRGB-Lichteffektmodus : Das Gaming Mauspad verf\u00fcgt \u00fcber 14 Beleuchtungsmodi, 7 statische monochrome Beleuchtungsmodi, Die 7 statischen Farben umfassen Rot, Blau, Gr\u00fcn, Lila, Cyan, Gelb und Wei\u00df. Verschiedene Modi k\u00f6nnen unterschiedliche Anforderungen erf\u00fcllen und bieten eine visuell beeindruckende Darstellung von Farben und Effekten.<br \/>\nHohe Qualit\u00e4t: Super Glow-Faser und weiche Tuchoberfl\u00e4che,Die fest mit dem Stoff verbundene Gummiunterlage verhindert das Verrutschen des Mauspad oder das Aufw\u00f6lben der Stoffoberfl\u00e4che und sorgt so f\u00fcr geschmeidige Mausbewegungen.Einfach zu verstauen, sehr weich und verformt sich beim Wieder\u00f6ffnen nicht.<\/p>\n","protected":false},"featured_media":131589,"comment_status":"open","ping_status":"closed","template":"","meta":[],"product_brand":[],"product_cat":[863],"product_tag":[],"class_list":{"0":"post-131588","1":"product","2":"type-product","3":"status-publish","4":"has-post-thumbnail","6":"product_cat-computer-zubehoer","7":"pa_brand-jzmatech","8":"pa_manufacturer-jzmatech","9":"pa_warranty-1013","11":"first","12":"instock","13":"shipping-taxable","14":"purchasable","15":"product-type-simple","16":"customify-col","17":"product-has-gallery"},"yoast_head":"<!-- This site is optimized with the Yoast SEO plugin v27.4 - https:\/\/yoast.com\/product\/yoast-seo-wordpress\/ -->\n<title>JZMATECH RGB Gaming Mauspad 800x300mm, XL Mousepad mit 14 Beleuchtungs Modi und 7 LED Farben, Gro\u00dfes Erweitertes\u2026 - Markt-XXL<\/title>\n<meta name=\"description\" content=\"Markt-XXL JZMATECH RGB Gaming Mauspad 800x300mm, XL Mousepad mit 14 Beleuchtungs Modi und 7 LED Farben, Gro\u00dfes Erweitertes\u2026\" \/>\n<meta name=\"robots\" content=\"index, follow, max-snippet:-1, max-image-preview:large, max-video-preview:-1\" \/>\n<link rel=\"canonical\" href=\"https:\/\/marktxxl.de\/markt\/produkt\/rgb-gaming-mauspad-800x300mm-xl-gaming-mousepad-mit-14-beleuchtungs-modi-und-7-led-farben-grosses-erweitertes-leuchtendes-led-mauspad-anti-rutsch-mauspad-gaming-fuer-computer-pc-gamer\/\" \/>\n<meta property=\"og:locale\" content=\"de_DE\" \/>\n<meta property=\"og:type\" content=\"article\" \/>\n<meta property=\"og:title\" content=\"JZMATECH RGB Gaming Mauspad 800x300mm, XL Mousepad mit 14 Beleuchtungs Modi und 7 LED Farben, Gro\u00dfes Erweitertes\u2026 - Markt-XXL\" \/>\n<meta property=\"og:description\" content=\"Markt-XXL JZMATECH RGB Gaming Mauspad 800x300mm, XL Mousepad mit 14 Beleuchtungs Modi und 7 LED Farben, Gro\u00dfes Erweitertes\u2026\" \/>\n<meta property=\"og:url\" content=\"https:\/\/marktxxl.de\/markt\/produkt\/rgb-gaming-mauspad-800x300mm-xl-gaming-mousepad-mit-14-beleuchtungs-modi-und-7-led-farben-grosses-erweitertes-leuchtendes-led-mauspad-anti-rutsch-mauspad-gaming-fuer-computer-pc-gamer\/\" \/>\n<meta property=\"og:site_name\" content=\"Markt-XXL\" \/>\n<meta property=\"article:modified_time\" content=\"2023-04-10T02:09:19+00:00\" \/>\n<meta property=\"og:image\" content=\"https:\/\/m.media-amazon.com\/images\/I\/41CthQ6OKXL._SL500_.jpg\" \/>\n\t<meta property=\"og:image:width\" content=\"500\" \/>\n\t<meta property=\"og:image:height\" content=\"500\" \/>\n\t<meta property=\"og:image:type\" content=\"image\/jpeg\" \/>\n<meta name=\"twitter:card\" content=\"summary_large_image\" \/>\n<meta name=\"twitter:label1\" content=\"Gesch\u00e4tzte Lesezeit\" \/>\n\t<meta name=\"twitter:data1\" content=\"1\u00a0Minute\" \/>\n<script type=\"application\/ld+json\" class=\"yoast-schema-graph\">{\"@context\":\"https:\\\/\\\/schema.org\",\"@graph\":[{\"@type\":\"WebPage\",\"@id\":\"https:\\\/\\\/marktxxl.de\\\/markt\\\/produkt\\\/rgb-gaming-mauspad-800x300mm-xl-gaming-mousepad-mit-14-beleuchtungs-modi-und-7-led-farben-grosses-erweitertes-leuchtendes-led-mauspad-anti-rutsch-mauspad-gaming-fuer-computer-pc-gamer\\\/\",\"url\":\"https:\\\/\\\/marktxxl.de\\\/markt\\\/produkt\\\/rgb-gaming-mauspad-800x300mm-xl-gaming-mousepad-mit-14-beleuchtungs-modi-und-7-led-farben-grosses-erweitertes-leuchtendes-led-mauspad-anti-rutsch-mauspad-gaming-fuer-computer-pc-gamer\\\/\",\"name\":\"JZMATECH RGB Gaming Mauspad 800x300mm, XL Mousepad mit 14 Beleuchtungs Modi und 7 LED Farben, Gro\u00dfes Erweitertes\u2026 - Markt-XXL\",\"isPartOf\":{\"@id\":\"https:\\\/\\\/marktxxl.de\\\/markt\\\/#website\"},\"primaryImageOfPage\":{\"@id\":\"https:\\\/\\\/marktxxl.de\\\/markt\\\/produkt\\\/rgb-gaming-mauspad-800x300mm-xl-gaming-mousepad-mit-14-beleuchtungs-modi-und-7-led-farben-grosses-erweitertes-leuchtendes-led-mauspad-anti-rutsch-mauspad-gaming-fuer-computer-pc-gamer\\\/#primaryimage\"},\"image\":{\"@id\":\"https:\\\/\\\/marktxxl.de\\\/markt\\\/produkt\\\/rgb-gaming-mauspad-800x300mm-xl-gaming-mousepad-mit-14-beleuchtungs-modi-und-7-led-farben-grosses-erweitertes-leuchtendes-led-mauspad-anti-rutsch-mauspad-gaming-fuer-computer-pc-gamer\\\/#primaryimage\"},\"thumbnailUrl\":\"https:\\\/\\\/m.media-amazon.com\\\/images\\\/I\\\/41CthQ6OKXL._SL500_.jpg\",\"datePublished\":\"2022-06-14T05:50:08+00:00\",\"dateModified\":\"2023-04-10T02:09:19+00:00\",\"description\":\"Markt-XXL JZMATECH RGB Gaming Mauspad 800x300mm, XL Mousepad mit 14 Beleuchtungs Modi und 7 LED Farben, Gro\u00dfes Erweitertes\u2026\",\"breadcrumb\":{\"@id\":\"https:\\\/\\\/marktxxl.de\\\/markt\\\/produkt\\\/rgb-gaming-mauspad-800x300mm-xl-gaming-mousepad-mit-14-beleuchtungs-modi-und-7-led-farben-grosses-erweitertes-leuchtendes-led-mauspad-anti-rutsch-mauspad-gaming-fuer-computer-pc-gamer\\\/#breadcrumb\"},\"inLanguage\":\"de\",\"potentialAction\":[{\"@type\":\"ReadAction\",\"target\":[\"https:\\\/\\\/marktxxl.de\\\/markt\\\/produkt\\\/rgb-gaming-mauspad-800x300mm-xl-gaming-mousepad-mit-14-beleuchtungs-modi-und-7-led-farben-grosses-erweitertes-leuchtendes-led-mauspad-anti-rutsch-mauspad-gaming-fuer-computer-pc-gamer\\\/\"]}]},{\"@type\":\"ImageObject\",\"inLanguage\":\"de\",\"@id\":\"https:\\\/\\\/marktxxl.de\\\/markt\\\/produkt\\\/rgb-gaming-mauspad-800x300mm-xl-gaming-mousepad-mit-14-beleuchtungs-modi-und-7-led-farben-grosses-erweitertes-leuchtendes-led-mauspad-anti-rutsch-mauspad-gaming-fuer-computer-pc-gamer\\\/#primaryimage\",\"url\":\"https:\\\/\\\/m.media-amazon.com\\\/images\\\/I\\\/41CthQ6OKXL._SL500_.jpg\",\"contentUrl\":\"https:\\\/\\\/m.media-amazon.com\\\/images\\\/I\\\/41CthQ6OKXL._SL500_.jpg\",\"width\":500,\"height\":500},{\"@type\":\"BreadcrumbList\",\"@id\":\"https:\\\/\\\/marktxxl.de\\\/markt\\\/produkt\\\/rgb-gaming-mauspad-800x300mm-xl-gaming-mousepad-mit-14-beleuchtungs-modi-und-7-led-farben-grosses-erweitertes-leuchtendes-led-mauspad-anti-rutsch-mauspad-gaming-fuer-computer-pc-gamer\\\/#breadcrumb\",\"itemListElement\":[{\"@type\":\"ListItem\",\"position\":1,\"name\":\"Startseite\",\"item\":\"https:\\\/\\\/marktxxl.de\\\/markt\\\/\"},{\"@type\":\"ListItem\",\"position\":2,\"name\":\"Markt\",\"item\":\"https:\\\/\\\/marktxxl.de\\\/markt\\\/\"},{\"@type\":\"ListItem\",\"position\":3,\"name\":\"JZMATECH RGB Gaming Mauspad 800x300mm, XL Mousepad mit 14 Beleuchtungs Modi und 7 LED Farben, Gro\u00dfes Erweitertes\u2026\"}]},{\"@type\":\"WebSite\",\"@id\":\"https:\\\/\\\/marktxxl.de\\\/markt\\\/#website\",\"url\":\"https:\\\/\\\/marktxxl.de\\\/markt\\\/\",\"name\":\"Markt-XXL\",\"description\":\"Ihr Markt Online\",\"publisher\":{\"@id\":\"https:\\\/\\\/marktxxl.de\\\/markt\\\/#organization\"},\"potentialAction\":[{\"@type\":\"SearchAction\",\"target\":{\"@type\":\"EntryPoint\",\"urlTemplate\":\"https:\\\/\\\/marktxxl.de\\\/markt\\\/?s={search_term_string}\"},\"query-input\":{\"@type\":\"PropertyValueSpecification\",\"valueRequired\":true,\"valueName\":\"search_term_string\"}}],\"inLanguage\":\"de\"},{\"@type\":\"Organization\",\"@id\":\"https:\\\/\\\/marktxxl.de\\\/markt\\\/#organization\",\"name\":\"Markt-XXL\",\"url\":\"https:\\\/\\\/marktxxl.de\\\/markt\\\/\",\"logo\":{\"@type\":\"ImageObject\",\"inLanguage\":\"de\",\"@id\":\"https:\\\/\\\/marktxxl.de\\\/markt\\\/#\\\/schema\\\/logo\\\/image\\\/\",\"url\":\"https:\\\/\\\/marktxxl.de\\\/markt\\\/wp-content\\\/uploads\\\/sites\\\/3\\\/2020\\\/12\\\/logo.png\",\"contentUrl\":\"https:\\\/\\\/marktxxl.de\\\/markt\\\/wp-content\\\/uploads\\\/sites\\\/3\\\/2020\\\/12\\\/logo.png\",\"width\":200,\"height\":70,\"caption\":\"Markt-XXL\"},\"image\":{\"@id\":\"https:\\\/\\\/marktxxl.de\\\/markt\\\/#\\\/schema\\\/logo\\\/image\\\/\"}}]}<\/script>\n<!-- \/ Yoast SEO plugin. -->","yoast_head_json":{"title":"JZMATECH RGB Gaming Mauspad 800x300mm, XL Mousepad mit 14 Beleuchtungs Modi und 7 LED Farben, Gro\u00dfes Erweitertes\u2026 - Markt-XXL","description":"Markt-XXL JZMATECH RGB Gaming Mauspad 800x300mm, XL Mousepad mit 14 Beleuchtungs Modi und 7 LED Farben, Gro\u00dfes Erweitertes\u2026","robots":{"index":"index","follow":"follow","max-snippet":"max-snippet:-1","max-image-preview":"max-image-preview:large","max-video-preview":"max-video-preview:-1"},"canonical":"https:\/\/marktxxl.de\/markt\/produkt\/rgb-gaming-mauspad-800x300mm-xl-gaming-mousepad-mit-14-beleuchtungs-modi-und-7-led-farben-grosses-erweitertes-leuchtendes-led-mauspad-anti-rutsch-mauspad-gaming-fuer-computer-pc-gamer\/","og_locale":"de_DE","og_type":"article","og_title":"JZMATECH RGB Gaming Mauspad 800x300mm, XL Mousepad mit 14 Beleuchtungs Modi und 7 LED Farben, Gro\u00dfes Erweitertes\u2026 - Markt-XXL","og_description":"Markt-XXL JZMATECH RGB Gaming Mauspad 800x300mm, XL Mousepad mit 14 Beleuchtungs Modi und 7 LED Farben, Gro\u00dfes Erweitertes\u2026","og_url":"https:\/\/marktxxl.de\/markt\/produkt\/rgb-gaming-mauspad-800x300mm-xl-gaming-mousepad-mit-14-beleuchtungs-modi-und-7-led-farben-grosses-erweitertes-leuchtendes-led-mauspad-anti-rutsch-mauspad-gaming-fuer-computer-pc-gamer\/","og_site_name":"Markt-XXL","article_modified_time":"2023-04-10T02:09:19+00:00","og_image":[{"width":500,"height":500,"url":"https:\/\/m.media-amazon.com\/images\/I\/41CthQ6OKXL._SL500_.jpg","type":"image\/jpeg"}],"twitter_card":"summary_large_image","twitter_misc":{"Gesch\u00e4tzte Lesezeit":"1\u00a0Minute"},"schema":{"@context":"https:\/\/schema.org","@graph":[{"@type":"WebPage","@id":"https:\/\/marktxxl.de\/markt\/produkt\/rgb-gaming-mauspad-800x300mm-xl-gaming-mousepad-mit-14-beleuchtungs-modi-und-7-led-farben-grosses-erweitertes-leuchtendes-led-mauspad-anti-rutsch-mauspad-gaming-fuer-computer-pc-gamer\/","url":"https:\/\/marktxxl.de\/markt\/produkt\/rgb-gaming-mauspad-800x300mm-xl-gaming-mousepad-mit-14-beleuchtungs-modi-und-7-led-farben-grosses-erweitertes-leuchtendes-led-mauspad-anti-rutsch-mauspad-gaming-fuer-computer-pc-gamer\/","name":"JZMATECH RGB Gaming Mauspad 800x300mm, XL Mousepad mit 14 Beleuchtungs Modi und 7 LED Farben, Gro\u00dfes Erweitertes\u2026 - Markt-XXL","isPartOf":{"@id":"https:\/\/marktxxl.de\/markt\/#website"},"primaryImageOfPage":{"@id":"https:\/\/marktxxl.de\/markt\/produkt\/rgb-gaming-mauspad-800x300mm-xl-gaming-mousepad-mit-14-beleuchtungs-modi-und-7-led-farben-grosses-erweitertes-leuchtendes-led-mauspad-anti-rutsch-mauspad-gaming-fuer-computer-pc-gamer\/#primaryimage"},"image":{"@id":"https:\/\/marktxxl.de\/markt\/produkt\/rgb-gaming-mauspad-800x300mm-xl-gaming-mousepad-mit-14-beleuchtungs-modi-und-7-led-farben-grosses-erweitertes-leuchtendes-led-mauspad-anti-rutsch-mauspad-gaming-fuer-computer-pc-gamer\/#primaryimage"},"thumbnailUrl":"https:\/\/m.media-amazon.com\/images\/I\/41CthQ6OKXL._SL500_.jpg","datePublished":"2022-06-14T05:50:08+00:00","dateModified":"2023-04-10T02:09:19+00:00","description":"Markt-XXL JZMATECH RGB Gaming Mauspad 800x300mm, XL Mousepad mit 14 Beleuchtungs Modi und 7 LED Farben, Gro\u00dfes Erweitertes\u2026","breadcrumb":{"@id":"https:\/\/marktxxl.de\/markt\/produkt\/rgb-gaming-mauspad-800x300mm-xl-gaming-mousepad-mit-14-beleuchtungs-modi-und-7-led-farben-grosses-erweitertes-leuchtendes-led-mauspad-anti-rutsch-mauspad-gaming-fuer-computer-pc-gamer\/#breadcrumb"},"inLanguage":"de","potentialAction":[{"@type":"ReadAction","target":["https:\/\/marktxxl.de\/markt\/produkt\/rgb-gaming-mauspad-800x300mm-xl-gaming-mousepad-mit-14-beleuchtungs-modi-und-7-led-farben-grosses-erweitertes-leuchtendes-led-mauspad-anti-rutsch-mauspad-gaming-fuer-computer-pc-gamer\/"]}]},{"@type":"ImageObject","inLanguage":"de","@id":"https:\/\/marktxxl.de\/markt\/produkt\/rgb-gaming-mauspad-800x300mm-xl-gaming-mousepad-mit-14-beleuchtungs-modi-und-7-led-farben-grosses-erweitertes-leuchtendes-led-mauspad-anti-rutsch-mauspad-gaming-fuer-computer-pc-gamer\/#primaryimage","url":"https:\/\/m.media-amazon.com\/images\/I\/41CthQ6OKXL._SL500_.jpg","contentUrl":"https:\/\/m.media-amazon.com\/images\/I\/41CthQ6OKXL._SL500_.jpg","width":500,"height":500},{"@type":"BreadcrumbList","@id":"https:\/\/marktxxl.de\/markt\/produkt\/rgb-gaming-mauspad-800x300mm-xl-gaming-mousepad-mit-14-beleuchtungs-modi-und-7-led-farben-grosses-erweitertes-leuchtendes-led-mauspad-anti-rutsch-mauspad-gaming-fuer-computer-pc-gamer\/#breadcrumb","itemListElement":[{"@type":"ListItem","position":1,"name":"Startseite","item":"https:\/\/marktxxl.de\/markt\/"},{"@type":"ListItem","position":2,"name":"Markt","item":"https:\/\/marktxxl.de\/markt\/"},{"@type":"ListItem","position":3,"name":"JZMATECH RGB Gaming Mauspad 800x300mm, XL Mousepad mit 14 Beleuchtungs Modi und 7 LED Farben, Gro\u00dfes Erweitertes\u2026"}]},{"@type":"WebSite","@id":"https:\/\/marktxxl.de\/markt\/#website","url":"https:\/\/marktxxl.de\/markt\/","name":"Markt-XXL","description":"Ihr Markt Online","publisher":{"@id":"https:\/\/marktxxl.de\/markt\/#organization"},"potentialAction":[{"@type":"SearchAction","target":{"@type":"EntryPoint","urlTemplate":"https:\/\/marktxxl.de\/markt\/?s={search_term_string}"},"query-input":{"@type":"PropertyValueSpecification","valueRequired":true,"valueName":"search_term_string"}}],"inLanguage":"de"},{"@type":"Organization","@id":"https:\/\/marktxxl.de\/markt\/#organization","name":"Markt-XXL","url":"https:\/\/marktxxl.de\/markt\/","logo":{"@type":"ImageObject","inLanguage":"de","@id":"https:\/\/marktxxl.de\/markt\/#\/schema\/logo\/image\/","url":"https:\/\/marktxxl.de\/markt\/wp-content\/uploads\/sites\/3\/2020\/12\/logo.png","contentUrl":"https:\/\/marktxxl.de\/markt\/wp-content\/uploads\/sites\/3\/2020\/12\/logo.png","width":200,"height":70,"caption":"Markt-XXL"},"image":{"@id":"https:\/\/marktxxl.de\/markt\/#\/schema\/logo\/image\/"}}]}},"_links":{"self":[{"href":"https:\/\/marktxxl.de\/markt\/wp-json\/wp\/v2\/product\/131588","targetHints":{"allow":["GET"]}}],"collection":[{"href":"https:\/\/marktxxl.de\/markt\/wp-json\/wp\/v2\/product"}],"about":[{"href":"https:\/\/marktxxl.de\/markt\/wp-json\/wp\/v2\/types\/product"}],"replies":[{"embeddable":true,"href":"https:\/\/marktxxl.de\/markt\/wp-json\/wp\/v2\/comments?post=131588"}],"wp:featuredmedia":[{"embeddable":true,"href":"https:\/\/marktxxl.de\/markt\/wp-json\/wp\/v2\/media\/131589"}],"wp:attachment":[{"href":"https:\/\/marktxxl.de\/markt\/wp-json\/wp\/v2\/media?parent=131588"}],"wp:term":[{"taxonomy":"product_brand","embeddable":true,"href":"https:\/\/marktxxl.de\/markt\/wp-json\/wp\/v2\/product_brand?post=131588"},{"taxonomy":"product_cat","embeddable":true,"href":"https:\/\/marktxxl.de\/markt\/wp-json\/wp\/v2\/product_cat?post=131588"},{"taxonomy":"product_tag","embeddable":true,"href":"https:\/\/marktxxl.de\/markt\/wp-json\/wp\/v2\/product_tag?post=131588"}],"curies":[{"name":"wp","href":"https:\/\/api.w.org\/{rel}","templated":true}]}}