{"id":131571,"date":"2022-06-14T07:49:51","date_gmt":"2022-06-14T05:49:51","guid":{"rendered":"https:\/\/marktxxl.de\/markt\/produkt\/redthunder-rt84-retro-schreibmaschine-tastatur-steampunk-tastatur-mit-qwertz-deutsch-bluetooth-5-0-kabellos-mechanisch-tastatur-anschluss-mehrerer-geraete-fuer-pc-mac-laptop-tablet-telefon\/"},"modified":"2023-04-10T04:09:19","modified_gmt":"2023-04-10T02:09:19","slug":"redthunder-rt84-retro-schreibmaschine-tastatur-steampunk-tastatur-mit-qwertz-deutsch-bluetooth-5-0-kabellos-mechanisch-tastatur-anschluss-mehrerer-geraete-fuer-pc-mac-laptop-tablet-telefon","status":"publish","type":"product","link":"https:\/\/marktxxl.de\/markt\/produkt\/redthunder-rt84-retro-schreibmaschine-tastatur-steampunk-tastatur-mit-qwertz-deutsch-bluetooth-5-0-kabellos-mechanisch-tastatur-anschluss-mehrerer-geraete-fuer-pc-mac-laptop-tablet-telefon\/","title":{"rendered":"RedThunder RT84 Retro Schreibmaschine Tastatur, Steampunk-Tastatur mit QWERTZ Deutsch, Bluetooth 5.0 Kabellos Mechanisch\u2026"},"content":{"rendered":"<p>\u3010Retro-Stil durch Moderne Technologie\u3011 RedThunder RT84 verwendet die klassische Schreibmaschine als wichtiges Designelement, mit einem versilberten Hebel, zwei Metallrollen und galvanisierten runden Punk-Tastenkappen, jedes Detail ist perfekt, um den Retro zu pr\u00e4sentieren. Das k\u00fcnstlerische Design macht es zu einem dekorativen St\u00fcck, um Ihren Desktop zu dekorieren.<br \/>\n\u3010Mehrger\u00e4teverbindung\u3011RedThunder RT84 bietet zwei Verbindungsmethoden: Kabelgebunden und Bluetooth. Das verbesserte Bluetooth 5.0 erm\u00f6glicht es, bis zu drei Ger\u00e4te gleichzeitig zu verbinden und einfach zwischen ihnen zu wechseln. Es eignet sich sehr gut f\u00fcr Heim-, B\u00fcro-, Outdoor- und Gelegenheitsspiele.<br \/>\n\u3010Hot-Swap-f\u00e4higer Roter Schalter\u3011 Der klassische Schreibmaschinenstil ist in die Premium-Hot-Swap-Technologie f\u00fcr rote Schalter integriert. Der glattere und schnellere rote Schalter ist ein Favorit f\u00fcr agile Gamer, die schnelle Reflexe mit minimalem Widerstand ben\u00f6tigen, und es ist der am besten geeignete Schalter f\u00fcr den Einsatz im B\u00fcro.<br \/>\n\u3010Kompaktes QWERTZ Deutsch mit 84 Tasten\u3011 Kompakte mechanische Bluetooth-Tastatur mit 75 % Layout (84 Tasten). Die ultimative TKL-Tastatur mit Tastenkombinationen und Pfeiltasten. RedThunder RT84 bietet ein Standard-DE-Layout.<br \/>\n\u3010Cooler Hintergrundbeleuchtungseffekt\u3011 RT84 verf\u00fcgt \u00fcber 14 integrierte Beleuchtungsmodi, die schnell mit dem Hebel umgeschaltet werden k\u00f6nnen, und das linke Scrollrad steuert die Helligkeit des Lichts. Der Akku mit gro\u00dfer Kapazit\u00e4t erm\u00f6glicht es Ihnen, ihn 10 Stunden lang ununterbrochen mit Licht zu verwenden.<br \/>\n\u3010Mehr Kompatibilit\u00e4t\u3011Kompatibel mit Handy, Tablet oder Laptop mit Android-, Windows10-, iOS- und Mac OS-System. Sie k\u00f6nnen es mit einem USB-Kabel an einen Desktop-PC anschlie\u00dfen. Die mechanische Tastatur der RT84 Retro-Schreibmaschine eignet sich perfekt als Geschenk. Wenn Sie mehr ben\u00f6tigen, wenden Sie sich bitte an unser Serviceteam, wir werden innerhalb von 24 Stunden antworten.<br \/>\n<div class=\"main-cross-sell\" data-asin=\"B09YLYSCBP\">\n\n\t<div class=\"WooZone-cross-sell-loader\">\n\t\t<div>\n\t\t\t<div id=\"floatingBarsG\">\n\t\t\t\t<div class=\"blockG\" id=\"rotateG_01\"><\/div>\n\t\t\t\t<div class=\"blockG\" id=\"rotateG_02\"><\/div>\n\t\t\t\t<div class=\"blockG\" id=\"rotateG_03\"><\/div>\n\t\t\t\t<div class=\"blockG\" id=\"rotateG_04\"><\/div>\n\t\t\t\t<div class=\"blockG\" id=\"rotateG_05\"><\/div>\n\t\t\t\t<div class=\"blockG\" id=\"rotateG_06\"><\/div>\n\t\t\t\t<div class=\"blockG\" id=\"rotateG_07\"><\/div>\n\t\t\t\t<div class=\"blockG\" id=\"rotateG_08\"><\/div>\n\t\t\t<\/div>\n\t\t\t<div class=\"WooZone-cross-sell-loader-text\"><\/div>\n\t\t<\/div>\n\t<\/div>\n\n\t\t\n<\/div>\n<div style=\"clear:both;\"><\/div><\/p>\n","protected":false},"excerpt":{"rendered":"<p>\u3010Retro-Stil durch Moderne Technologie\u3011 RedThunder RT84 verwendet die klassische Schreibmaschine als wichtiges Designelement, mit einem versilberten Hebel, zwei Metallrollen und galvanisierten runden Punk-Tastenkappen, jedes Detail ist perfekt, um den Retro zu pr\u00e4sentieren. Das k\u00fcnstlerische Design macht es zu einem dekorativen St\u00fcck, um Ihren Desktop zu dekorieren.<br \/>\n\u3010Mehrger\u00e4teverbindung\u3011RedThunder RT84 bietet zwei Verbindungsmethoden: Kabelgebunden und Bluetooth. Das verbesserte Bluetooth 5.0 erm\u00f6glicht es, bis zu drei Ger\u00e4te gleichzeitig zu verbinden und einfach zwischen ihnen zu wechseln. Es eignet sich sehr gut f\u00fcr Heim-, B\u00fcro-, Outdoor- und Gelegenheitsspiele.<br \/>\n\u3010Hot-Swap-f\u00e4higer Roter Schalter\u3011 Der klassische Schreibmaschinenstil ist in die Premium-Hot-Swap-Technologie f\u00fcr rote Schalter integriert. Der glattere und schnellere rote Schalter ist ein Favorit f\u00fcr agile Gamer, die schnelle Reflexe mit minimalem Widerstand ben\u00f6tigen, und es ist der am besten geeignete Schalter f\u00fcr den Einsatz im B\u00fcro.<\/p>\n","protected":false},"featured_media":131572,"comment_status":"open","ping_status":"closed","template":"","meta":[],"product_brand":[],"product_cat":[863],"product_tag":[],"class_list":{"0":"post-131571","1":"product","2":"type-product","3":"status-publish","4":"has-post-thumbnail","6":"product_cat-computer-zubehoer","7":"pa_brand-redthunder","8":"pa_height-2-5590551155-zoll","9":"pa_length-13-779527545-zoll","10":"pa_manufacturer-redthunder","11":"pa_width-7-87401574-zoll","13":"first","14":"instock","15":"shipping-taxable","16":"purchasable","17":"product-type-simple","18":"customify-col","19":"product-has-gallery"},"yoast_head":"<!-- This site is optimized with the Yoast SEO plugin v27.4 - https:\/\/yoast.com\/product\/yoast-seo-wordpress\/ -->\n<title>RedThunder RT84 Retro Schreibmaschine Tastatur, Steampunk-Tastatur mit QWERTZ Deutsch, Bluetooth 5.0 Kabellos Mechanisch\u2026 - Markt-XXL<\/title>\n<meta name=\"description\" content=\"Markt-XXL RedThunder RT84 Retro Schreibmaschine Tastatur, Steampunk-Tastatur mit QWERTZ Deutsch, Bluetooth 5.0 Kabellos Mechanisch\u2026\" \/>\n<meta name=\"robots\" content=\"index, follow, max-snippet:-1, max-image-preview:large, max-video-preview:-1\" \/>\n<link rel=\"canonical\" href=\"https:\/\/marktxxl.de\/markt\/produkt\/redthunder-rt84-retro-schreibmaschine-tastatur-steampunk-tastatur-mit-qwertz-deutsch-bluetooth-5-0-kabellos-mechanisch-tastatur-anschluss-mehrerer-geraete-fuer-pc-mac-laptop-tablet-telefon\/\" \/>\n<meta property=\"og:locale\" content=\"de_DE\" \/>\n<meta property=\"og:type\" content=\"article\" \/>\n<meta property=\"og:title\" content=\"RedThunder RT84 Retro Schreibmaschine Tastatur, Steampunk-Tastatur mit QWERTZ Deutsch, Bluetooth 5.0 Kabellos Mechanisch\u2026 - Markt-XXL\" \/>\n<meta property=\"og:description\" content=\"Markt-XXL RedThunder RT84 Retro Schreibmaschine Tastatur, Steampunk-Tastatur mit QWERTZ Deutsch, Bluetooth 5.0 Kabellos Mechanisch\u2026\" \/>\n<meta property=\"og:url\" content=\"https:\/\/marktxxl.de\/markt\/produkt\/redthunder-rt84-retro-schreibmaschine-tastatur-steampunk-tastatur-mit-qwertz-deutsch-bluetooth-5-0-kabellos-mechanisch-tastatur-anschluss-mehrerer-geraete-fuer-pc-mac-laptop-tablet-telefon\/\" \/>\n<meta property=\"og:site_name\" content=\"Markt-XXL\" \/>\n<meta property=\"article:modified_time\" content=\"2023-04-10T02:09:19+00:00\" \/>\n<meta property=\"og:image\" content=\"https:\/\/m.media-amazon.com\/images\/I\/513rwsFwgeL._SL500_.jpg\" \/>\n\t<meta property=\"og:image:width\" content=\"500\" \/>\n\t<meta property=\"og:image:height\" content=\"500\" \/>\n\t<meta property=\"og:image:type\" content=\"image\/jpeg\" \/>\n<meta name=\"twitter:card\" content=\"summary_large_image\" \/>\n<meta name=\"twitter:label1\" content=\"Gesch\u00e4tzte Lesezeit\" \/>\n\t<meta name=\"twitter:data1\" content=\"1\u00a0Minute\" \/>\n<script type=\"application\/ld+json\" class=\"yoast-schema-graph\">{\"@context\":\"https:\\\/\\\/schema.org\",\"@graph\":[{\"@type\":\"WebPage\",\"@id\":\"https:\\\/\\\/marktxxl.de\\\/markt\\\/produkt\\\/redthunder-rt84-retro-schreibmaschine-tastatur-steampunk-tastatur-mit-qwertz-deutsch-bluetooth-5-0-kabellos-mechanisch-tastatur-anschluss-mehrerer-geraete-fuer-pc-mac-laptop-tablet-telefon\\\/\",\"url\":\"https:\\\/\\\/marktxxl.de\\\/markt\\\/produkt\\\/redthunder-rt84-retro-schreibmaschine-tastatur-steampunk-tastatur-mit-qwertz-deutsch-bluetooth-5-0-kabellos-mechanisch-tastatur-anschluss-mehrerer-geraete-fuer-pc-mac-laptop-tablet-telefon\\\/\",\"name\":\"RedThunder RT84 Retro Schreibmaschine Tastatur, Steampunk-Tastatur mit QWERTZ Deutsch, Bluetooth 5.0 Kabellos Mechanisch\u2026 - Markt-XXL\",\"isPartOf\":{\"@id\":\"https:\\\/\\\/marktxxl.de\\\/markt\\\/#website\"},\"primaryImageOfPage\":{\"@id\":\"https:\\\/\\\/marktxxl.de\\\/markt\\\/produkt\\\/redthunder-rt84-retro-schreibmaschine-tastatur-steampunk-tastatur-mit-qwertz-deutsch-bluetooth-5-0-kabellos-mechanisch-tastatur-anschluss-mehrerer-geraete-fuer-pc-mac-laptop-tablet-telefon\\\/#primaryimage\"},\"image\":{\"@id\":\"https:\\\/\\\/marktxxl.de\\\/markt\\\/produkt\\\/redthunder-rt84-retro-schreibmaschine-tastatur-steampunk-tastatur-mit-qwertz-deutsch-bluetooth-5-0-kabellos-mechanisch-tastatur-anschluss-mehrerer-geraete-fuer-pc-mac-laptop-tablet-telefon\\\/#primaryimage\"},\"thumbnailUrl\":\"https:\\\/\\\/m.media-amazon.com\\\/images\\\/I\\\/513rwsFwgeL._SL500_.jpg\",\"datePublished\":\"2022-06-14T05:49:51+00:00\",\"dateModified\":\"2023-04-10T02:09:19+00:00\",\"description\":\"Markt-XXL RedThunder RT84 Retro Schreibmaschine Tastatur, Steampunk-Tastatur mit QWERTZ Deutsch, Bluetooth 5.0 Kabellos Mechanisch\u2026\",\"breadcrumb\":{\"@id\":\"https:\\\/\\\/marktxxl.de\\\/markt\\\/produkt\\\/redthunder-rt84-retro-schreibmaschine-tastatur-steampunk-tastatur-mit-qwertz-deutsch-bluetooth-5-0-kabellos-mechanisch-tastatur-anschluss-mehrerer-geraete-fuer-pc-mac-laptop-tablet-telefon\\\/#breadcrumb\"},\"inLanguage\":\"de\",\"potentialAction\":[{\"@type\":\"ReadAction\",\"target\":[\"https:\\\/\\\/marktxxl.de\\\/markt\\\/produkt\\\/redthunder-rt84-retro-schreibmaschine-tastatur-steampunk-tastatur-mit-qwertz-deutsch-bluetooth-5-0-kabellos-mechanisch-tastatur-anschluss-mehrerer-geraete-fuer-pc-mac-laptop-tablet-telefon\\\/\"]}]},{\"@type\":\"ImageObject\",\"inLanguage\":\"de\",\"@id\":\"https:\\\/\\\/marktxxl.de\\\/markt\\\/produkt\\\/redthunder-rt84-retro-schreibmaschine-tastatur-steampunk-tastatur-mit-qwertz-deutsch-bluetooth-5-0-kabellos-mechanisch-tastatur-anschluss-mehrerer-geraete-fuer-pc-mac-laptop-tablet-telefon\\\/#primaryimage\",\"url\":\"https:\\\/\\\/m.media-amazon.com\\\/images\\\/I\\\/513rwsFwgeL._SL500_.jpg\",\"contentUrl\":\"https:\\\/\\\/m.media-amazon.com\\\/images\\\/I\\\/513rwsFwgeL._SL500_.jpg\",\"width\":500,\"height\":500},{\"@type\":\"BreadcrumbList\",\"@id\":\"https:\\\/\\\/marktxxl.de\\\/markt\\\/produkt\\\/redthunder-rt84-retro-schreibmaschine-tastatur-steampunk-tastatur-mit-qwertz-deutsch-bluetooth-5-0-kabellos-mechanisch-tastatur-anschluss-mehrerer-geraete-fuer-pc-mac-laptop-tablet-telefon\\\/#breadcrumb\",\"itemListElement\":[{\"@type\":\"ListItem\",\"position\":1,\"name\":\"Startseite\",\"item\":\"https:\\\/\\\/marktxxl.de\\\/markt\\\/\"},{\"@type\":\"ListItem\",\"position\":2,\"name\":\"Markt\",\"item\":\"https:\\\/\\\/marktxxl.de\\\/markt\\\/\"},{\"@type\":\"ListItem\",\"position\":3,\"name\":\"RedThunder RT84 Retro Schreibmaschine Tastatur, Steampunk-Tastatur mit QWERTZ Deutsch, Bluetooth 5.0 Kabellos Mechanisch\u2026\"}]},{\"@type\":\"WebSite\",\"@id\":\"https:\\\/\\\/marktxxl.de\\\/markt\\\/#website\",\"url\":\"https:\\\/\\\/marktxxl.de\\\/markt\\\/\",\"name\":\"Markt-XXL\",\"description\":\"Ihr Markt Online\",\"publisher\":{\"@id\":\"https:\\\/\\\/marktxxl.de\\\/markt\\\/#organization\"},\"potentialAction\":[{\"@type\":\"SearchAction\",\"target\":{\"@type\":\"EntryPoint\",\"urlTemplate\":\"https:\\\/\\\/marktxxl.de\\\/markt\\\/?s={search_term_string}\"},\"query-input\":{\"@type\":\"PropertyValueSpecification\",\"valueRequired\":true,\"valueName\":\"search_term_string\"}}],\"inLanguage\":\"de\"},{\"@type\":\"Organization\",\"@id\":\"https:\\\/\\\/marktxxl.de\\\/markt\\\/#organization\",\"name\":\"Markt-XXL\",\"url\":\"https:\\\/\\\/marktxxl.de\\\/markt\\\/\",\"logo\":{\"@type\":\"ImageObject\",\"inLanguage\":\"de\",\"@id\":\"https:\\\/\\\/marktxxl.de\\\/markt\\\/#\\\/schema\\\/logo\\\/image\\\/\",\"url\":\"https:\\\/\\\/marktxxl.de\\\/markt\\\/wp-content\\\/uploads\\\/sites\\\/3\\\/2020\\\/12\\\/logo.png\",\"contentUrl\":\"https:\\\/\\\/marktxxl.de\\\/markt\\\/wp-content\\\/uploads\\\/sites\\\/3\\\/2020\\\/12\\\/logo.png\",\"width\":200,\"height\":70,\"caption\":\"Markt-XXL\"},\"image\":{\"@id\":\"https:\\\/\\\/marktxxl.de\\\/markt\\\/#\\\/schema\\\/logo\\\/image\\\/\"}}]}<\/script>\n<!-- \/ Yoast SEO plugin. -->","yoast_head_json":{"title":"RedThunder RT84 Retro Schreibmaschine Tastatur, Steampunk-Tastatur mit QWERTZ Deutsch, Bluetooth 5.0 Kabellos Mechanisch\u2026 - Markt-XXL","description":"Markt-XXL RedThunder RT84 Retro Schreibmaschine Tastatur, Steampunk-Tastatur mit QWERTZ Deutsch, Bluetooth 5.0 Kabellos Mechanisch\u2026","robots":{"index":"index","follow":"follow","max-snippet":"max-snippet:-1","max-image-preview":"max-image-preview:large","max-video-preview":"max-video-preview:-1"},"canonical":"https:\/\/marktxxl.de\/markt\/produkt\/redthunder-rt84-retro-schreibmaschine-tastatur-steampunk-tastatur-mit-qwertz-deutsch-bluetooth-5-0-kabellos-mechanisch-tastatur-anschluss-mehrerer-geraete-fuer-pc-mac-laptop-tablet-telefon\/","og_locale":"de_DE","og_type":"article","og_title":"RedThunder RT84 Retro Schreibmaschine Tastatur, Steampunk-Tastatur mit QWERTZ Deutsch, Bluetooth 5.0 Kabellos Mechanisch\u2026 - Markt-XXL","og_description":"Markt-XXL RedThunder RT84 Retro Schreibmaschine Tastatur, Steampunk-Tastatur mit QWERTZ Deutsch, Bluetooth 5.0 Kabellos Mechanisch\u2026","og_url":"https:\/\/marktxxl.de\/markt\/produkt\/redthunder-rt84-retro-schreibmaschine-tastatur-steampunk-tastatur-mit-qwertz-deutsch-bluetooth-5-0-kabellos-mechanisch-tastatur-anschluss-mehrerer-geraete-fuer-pc-mac-laptop-tablet-telefon\/","og_site_name":"Markt-XXL","article_modified_time":"2023-04-10T02:09:19+00:00","og_image":[{"width":500,"height":500,"url":"https:\/\/m.media-amazon.com\/images\/I\/513rwsFwgeL._SL500_.jpg","type":"image\/jpeg"}],"twitter_card":"summary_large_image","twitter_misc":{"Gesch\u00e4tzte Lesezeit":"1\u00a0Minute"},"schema":{"@context":"https:\/\/schema.org","@graph":[{"@type":"WebPage","@id":"https:\/\/marktxxl.de\/markt\/produkt\/redthunder-rt84-retro-schreibmaschine-tastatur-steampunk-tastatur-mit-qwertz-deutsch-bluetooth-5-0-kabellos-mechanisch-tastatur-anschluss-mehrerer-geraete-fuer-pc-mac-laptop-tablet-telefon\/","url":"https:\/\/marktxxl.de\/markt\/produkt\/redthunder-rt84-retro-schreibmaschine-tastatur-steampunk-tastatur-mit-qwertz-deutsch-bluetooth-5-0-kabellos-mechanisch-tastatur-anschluss-mehrerer-geraete-fuer-pc-mac-laptop-tablet-telefon\/","name":"RedThunder RT84 Retro Schreibmaschine Tastatur, Steampunk-Tastatur mit QWERTZ Deutsch, Bluetooth 5.0 Kabellos Mechanisch\u2026 - Markt-XXL","isPartOf":{"@id":"https:\/\/marktxxl.de\/markt\/#website"},"primaryImageOfPage":{"@id":"https:\/\/marktxxl.de\/markt\/produkt\/redthunder-rt84-retro-schreibmaschine-tastatur-steampunk-tastatur-mit-qwertz-deutsch-bluetooth-5-0-kabellos-mechanisch-tastatur-anschluss-mehrerer-geraete-fuer-pc-mac-laptop-tablet-telefon\/#primaryimage"},"image":{"@id":"https:\/\/marktxxl.de\/markt\/produkt\/redthunder-rt84-retro-schreibmaschine-tastatur-steampunk-tastatur-mit-qwertz-deutsch-bluetooth-5-0-kabellos-mechanisch-tastatur-anschluss-mehrerer-geraete-fuer-pc-mac-laptop-tablet-telefon\/#primaryimage"},"thumbnailUrl":"https:\/\/m.media-amazon.com\/images\/I\/513rwsFwgeL._SL500_.jpg","datePublished":"2022-06-14T05:49:51+00:00","dateModified":"2023-04-10T02:09:19+00:00","description":"Markt-XXL RedThunder RT84 Retro Schreibmaschine Tastatur, Steampunk-Tastatur mit QWERTZ Deutsch, Bluetooth 5.0 Kabellos Mechanisch\u2026","breadcrumb":{"@id":"https:\/\/marktxxl.de\/markt\/produkt\/redthunder-rt84-retro-schreibmaschine-tastatur-steampunk-tastatur-mit-qwertz-deutsch-bluetooth-5-0-kabellos-mechanisch-tastatur-anschluss-mehrerer-geraete-fuer-pc-mac-laptop-tablet-telefon\/#breadcrumb"},"inLanguage":"de","potentialAction":[{"@type":"ReadAction","target":["https:\/\/marktxxl.de\/markt\/produkt\/redthunder-rt84-retro-schreibmaschine-tastatur-steampunk-tastatur-mit-qwertz-deutsch-bluetooth-5-0-kabellos-mechanisch-tastatur-anschluss-mehrerer-geraete-fuer-pc-mac-laptop-tablet-telefon\/"]}]},{"@type":"ImageObject","inLanguage":"de","@id":"https:\/\/marktxxl.de\/markt\/produkt\/redthunder-rt84-retro-schreibmaschine-tastatur-steampunk-tastatur-mit-qwertz-deutsch-bluetooth-5-0-kabellos-mechanisch-tastatur-anschluss-mehrerer-geraete-fuer-pc-mac-laptop-tablet-telefon\/#primaryimage","url":"https:\/\/m.media-amazon.com\/images\/I\/513rwsFwgeL._SL500_.jpg","contentUrl":"https:\/\/m.media-amazon.com\/images\/I\/513rwsFwgeL._SL500_.jpg","width":500,"height":500},{"@type":"BreadcrumbList","@id":"https:\/\/marktxxl.de\/markt\/produkt\/redthunder-rt84-retro-schreibmaschine-tastatur-steampunk-tastatur-mit-qwertz-deutsch-bluetooth-5-0-kabellos-mechanisch-tastatur-anschluss-mehrerer-geraete-fuer-pc-mac-laptop-tablet-telefon\/#breadcrumb","itemListElement":[{"@type":"ListItem","position":1,"name":"Startseite","item":"https:\/\/marktxxl.de\/markt\/"},{"@type":"ListItem","position":2,"name":"Markt","item":"https:\/\/marktxxl.de\/markt\/"},{"@type":"ListItem","position":3,"name":"RedThunder RT84 Retro Schreibmaschine Tastatur, Steampunk-Tastatur mit QWERTZ Deutsch, Bluetooth 5.0 Kabellos Mechanisch\u2026"}]},{"@type":"WebSite","@id":"https:\/\/marktxxl.de\/markt\/#website","url":"https:\/\/marktxxl.de\/markt\/","name":"Markt-XXL","description":"Ihr Markt Online","publisher":{"@id":"https:\/\/marktxxl.de\/markt\/#organization"},"potentialAction":[{"@type":"SearchAction","target":{"@type":"EntryPoint","urlTemplate":"https:\/\/marktxxl.de\/markt\/?s={search_term_string}"},"query-input":{"@type":"PropertyValueSpecification","valueRequired":true,"valueName":"search_term_string"}}],"inLanguage":"de"},{"@type":"Organization","@id":"https:\/\/marktxxl.de\/markt\/#organization","name":"Markt-XXL","url":"https:\/\/marktxxl.de\/markt\/","logo":{"@type":"ImageObject","inLanguage":"de","@id":"https:\/\/marktxxl.de\/markt\/#\/schema\/logo\/image\/","url":"https:\/\/marktxxl.de\/markt\/wp-content\/uploads\/sites\/3\/2020\/12\/logo.png","contentUrl":"https:\/\/marktxxl.de\/markt\/wp-content\/uploads\/sites\/3\/2020\/12\/logo.png","width":200,"height":70,"caption":"Markt-XXL"},"image":{"@id":"https:\/\/marktxxl.de\/markt\/#\/schema\/logo\/image\/"}}]}},"_links":{"self":[{"href":"https:\/\/marktxxl.de\/markt\/wp-json\/wp\/v2\/product\/131571","targetHints":{"allow":["GET"]}}],"collection":[{"href":"https:\/\/marktxxl.de\/markt\/wp-json\/wp\/v2\/product"}],"about":[{"href":"https:\/\/marktxxl.de\/markt\/wp-json\/wp\/v2\/types\/product"}],"replies":[{"embeddable":true,"href":"https:\/\/marktxxl.de\/markt\/wp-json\/wp\/v2\/comments?post=131571"}],"wp:featuredmedia":[{"embeddable":true,"href":"https:\/\/marktxxl.de\/markt\/wp-json\/wp\/v2\/media\/131572"}],"wp:attachment":[{"href":"https:\/\/marktxxl.de\/markt\/wp-json\/wp\/v2\/media?parent=131571"}],"wp:term":[{"taxonomy":"product_brand","embeddable":true,"href":"https:\/\/marktxxl.de\/markt\/wp-json\/wp\/v2\/product_brand?post=131571"},{"taxonomy":"product_cat","embeddable":true,"href":"https:\/\/marktxxl.de\/markt\/wp-json\/wp\/v2\/product_cat?post=131571"},{"taxonomy":"product_tag","embeddable":true,"href":"https:\/\/marktxxl.de\/markt\/wp-json\/wp\/v2\/product_tag?post=131571"}],"curies":[{"name":"wp","href":"https:\/\/api.w.org\/{rel}","templated":true}]}}