{"id":131554,"date":"2022-06-14T07:49:35","date_gmt":"2022-06-14T05:49:35","guid":{"rendered":"https:\/\/marktxxl.de\/markt\/produkt\/gaming-maus-dacoity-ergonomisch-pc-maus-mit-kabel-rgb-beleuchtung-8000-dpi-einstellbar-8-programmierbar-tasten-gamer-computer-maus-mit-komfortable-griff-pc-laptopschwarz\/"},"modified":"2023-04-10T04:09:19","modified_gmt":"2023-04-10T02:09:19","slug":"gaming-maus-dacoity-ergonomisch-pc-maus-mit-kabel-rgb-beleuchtung-8000-dpi-einstellbar-8-programmierbar-tasten-gamer-computer-maus-mit-komfortable-griff-pc-laptopschwarz","status":"publish","type":"product","link":"https:\/\/marktxxl.de\/markt\/produkt\/gaming-maus-dacoity-ergonomisch-pc-maus-mit-kabel-rgb-beleuchtung-8000-dpi-einstellbar-8-programmierbar-tasten-gamer-computer-maus-mit-komfortable-griff-pc-laptopschwarz\/","title":{"rendered":"RGB Gaming Maus, Dacoity PC Gamer Maus mit 8 Programmierbare Tasten, RGB Beleuchtung, 8000 DPI einstellbar, Feuertaste\u2026"},"content":{"rendered":"<p>\u3010 H\u00f6here 8000 DPI &amp; Programmierbare Gaming-Maus f\u00fcr Gamer\u3011 5 DPI-Stufen verf\u00fcgbar als andere: 1200\/2400\/3500\/5500\/8000. Mit der professionellen Software der pc maus RGB k\u00f6nnen Sie das Gleichgewicht zwischen Genauigkeit und Pr\u00e4zisionerzielen, indem Sie 8 programmierbare Tasten einstellen, DPI, Abfragerate\uff08125Hz \/ 250Hz \/ 500Hz \/ 1000Hz) , Geschwindigkeit des Scrollrads, 7 RGB und mehr anpassen.<br \/>\n\u3010Anpassbare RGB-Hintergrundbeleuchtung\u3011 Mit der unteren Lichttaste der kabelgebundenen Gaming-Maus k\u00f6nnen Sie schnell zwischen 7 Beleuchtungsmodi wechseln. Mehrere Farben \u00e4ndern sich automatisch und unterstreichen die Gaming-Atmosph\u00e4re, besonders nachts. Dar\u00fcber hinaus k\u00f6nnen Sie die Helligkeit und \u00c4nderungsgeschwindigkeit des Lichts \u00fcber die Software anpassen. \u25ba (Die Hintergrundbeleuchtung kann mit einem Klick ausgeschaltet werden.)<br \/>\n\u3010 8 Programmierbare Tasten &amp; Feuer Taste &#8211; Erh\u00f6hen Sie Ihre Gewinnchance\u3011Die kabelgebundene kabel maus verf\u00fcgt eine unabh\u00e4ngige Feuertaste (Dreifachklick) und erm\u00fcglicht es Spielern, die konstante Schie\u00dffunktion durch einfaches einmaliges Dr\u00fccken schnell zu aktivieren. Die computer maus mit kabel bietet ein \u00e4u\u00dferst komfortables und pr\u00e4zises Erlebnis f\u00fcr Computerspiele wie Fortnite Games, SIMS 4, Fallout 4, World of Warcraft, PUGB, Overwatch, Call of Duty oder andere Ego-Shooter-Spiele.<br \/>\n\u3010Komfortable ergonomische PC Maus mit Kabel\u3011 Die ergonomische gaming maus wurde mit einer umfassenden Analyse der Hand geschafft. Die linke und rechte Seite der comput maus haben spezielle Daumenauflagebereiche, die lange Zeit ohne Erm\u00fcdung verwendet werden k\u00f6nnen. Die glatte Beschichtung bietet Ihnen bequemen Griff und m\u00fchelose Kontrolle. Sie eignet sich perfekt f\u00fcr Rechtsh\u00e4nder.<br \/>\n\u3010Breite Kompatibilit\u00e4t und kostenloser lebenslanger Support\u3011Die pc maus mit kabel wurde mit \u00fcber 10 Millionen Klicks getestet und h\u00e4lt schnellen und intensiven Spielen stand. Das 1,56 m lange Kabel ist lang und zuverl\u00e4ssig genug f\u00fcr den t\u00e4glichen Gebrauch. Kompatibel mit den Betriebssystemen Windows XP, Vista, 7, 8, 10. Wir bieten au\u00dferdem einen 180-t\u00e4gigen R\u00fcckerstattungs- oder Ersatzservice und lebenslangen kostenlosen technischen Support. \u25ba(Hinweis: Das Mac-System hat keine Programmierfunktion).<br \/>\n<div class=\"main-cross-sell\" data-asin=\"B09TZWY8TT\">\n\n\t<div class=\"WooZone-cross-sell-loader\">\n\t\t<div>\n\t\t\t<div id=\"floatingBarsG\">\n\t\t\t\t<div class=\"blockG\" id=\"rotateG_01\"><\/div>\n\t\t\t\t<div class=\"blockG\" id=\"rotateG_02\"><\/div>\n\t\t\t\t<div class=\"blockG\" id=\"rotateG_03\"><\/div>\n\t\t\t\t<div class=\"blockG\" id=\"rotateG_04\"><\/div>\n\t\t\t\t<div class=\"blockG\" id=\"rotateG_05\"><\/div>\n\t\t\t\t<div class=\"blockG\" id=\"rotateG_06\"><\/div>\n\t\t\t\t<div class=\"blockG\" id=\"rotateG_07\"><\/div>\n\t\t\t\t<div class=\"blockG\" id=\"rotateG_08\"><\/div>\n\t\t\t<\/div>\n\t\t\t<div class=\"WooZone-cross-sell-loader-text\"><\/div>\n\t\t<\/div>\n\t<\/div>\n\n\t\t\n<\/div>\n<div style=\"clear:both;\"><\/div><\/p>\n","protected":false},"excerpt":{"rendered":"<p>\u3010 H\u00f6here 8000 DPI &amp; Programmierbare Gaming-Maus f\u00fcr Gamer\u3011 5 DPI-Stufen verf\u00fcgbar als andere: 1200\/2400\/3500\/5500\/8000. Mit der professionellen Software der pc maus RGB k\u00f6nnen Sie das Gleichgewicht zwischen Genauigkeit und Pr\u00e4zisionerzielen, indem Sie 8 programmierbare Tasten einstellen, DPI, Abfragerate\uff08125Hz \/ 250Hz \/ 500Hz \/ 1000Hz) , Geschwindigkeit des Scrollrads, 7 RGB und mehr anpassen.<br \/>\n\u3010Anpassbare RGB-Hintergrundbeleuchtung\u3011 Mit der unteren Lichttaste der kabelgebundenen Gaming-Maus k\u00f6nnen Sie schnell zwischen 7 Beleuchtungsmodi wechseln. Mehrere Farben \u00e4ndern sich automatisch und unterstreichen die Gaming-Atmosph\u00e4re, besonders nachts. Dar\u00fcber hinaus k\u00f6nnen Sie die Helligkeit und \u00c4nderungsgeschwindigkeit des Lichts \u00fcber die Software anpassen. \u25ba (Die Hintergrundbeleuchtung kann mit einem Klick ausgeschaltet werden.)<br \/>\n\u3010 8 Programmierbare Tasten &amp; Feuer Taste &#8211; Erh\u00f6hen Sie Ihre Gewinnchance\u3011Die kabelgebundene kabel maus verf\u00fcgt eine unabh\u00e4ngige Feuertaste (Dreifachklick) und erm\u00fcglicht es Spielern, die konstante Schie\u00dffunktion durch einfaches einmaliges Dr\u00fccken schnell zu aktivieren. Die computer maus mit kabel bietet ein \u00e4u\u00dferst komfortables und pr\u00e4zises Erlebnis f\u00fcr Computerspiele wie Fortnite Games, SIMS 4, Fallout 4, World of Warcraft, PUGB, Overwatch, Call of Duty oder andere Ego-Shooter-Spiele.<\/p>\n","protected":false},"featured_media":131555,"comment_status":"open","ping_status":"closed","template":"","meta":[],"product_brand":[],"product_cat":[863],"product_tag":[],"class_list":{"0":"post-131554","1":"product","2":"type-product","3":"status-publish","4":"has-post-thumbnail","6":"product_cat-computer-zubehoer","7":"pa_brand-dacoity","8":"pa_color-schwarz","9":"pa_height-5-91-zoll","10":"pa_length-4-13-zoll","11":"pa_manufacturer-dacoity","12":"pa_weight-0-401-pfund","13":"pa_width-1-89-zoll","15":"first","16":"instock","17":"shipping-taxable","18":"purchasable","19":"product-type-simple","20":"customify-col","21":"product-has-gallery"},"yoast_head":"<!-- This site is optimized with the Yoast SEO plugin v27.3 - https:\/\/yoast.com\/product\/yoast-seo-wordpress\/ -->\n<title>RGB Gaming Maus, Dacoity PC Gamer Maus mit 8 Programmierbare Tasten, RGB Beleuchtung, 8000 DPI einstellbar, Feuertaste\u2026 - Markt-XXL<\/title>\n<meta name=\"description\" content=\"Markt-XXL RGB Gaming Maus, Dacoity PC Gamer Maus mit 8 Programmierbare Tasten, RGB Beleuchtung, 8000 DPI einstellbar, Feuertaste\u2026\" \/>\n<meta name=\"robots\" content=\"index, follow, max-snippet:-1, max-image-preview:large, max-video-preview:-1\" \/>\n<link rel=\"canonical\" href=\"https:\/\/marktxxl.de\/markt\/produkt\/gaming-maus-dacoity-ergonomisch-pc-maus-mit-kabel-rgb-beleuchtung-8000-dpi-einstellbar-8-programmierbar-tasten-gamer-computer-maus-mit-komfortable-griff-pc-laptopschwarz\/\" \/>\n<meta property=\"og:locale\" content=\"de_DE\" \/>\n<meta property=\"og:type\" content=\"article\" \/>\n<meta property=\"og:title\" content=\"RGB Gaming Maus, Dacoity PC Gamer Maus mit 8 Programmierbare Tasten, RGB Beleuchtung, 8000 DPI einstellbar, Feuertaste\u2026 - Markt-XXL\" \/>\n<meta property=\"og:description\" content=\"Markt-XXL RGB Gaming Maus, Dacoity PC Gamer Maus mit 8 Programmierbare Tasten, RGB Beleuchtung, 8000 DPI einstellbar, Feuertaste\u2026\" \/>\n<meta property=\"og:url\" content=\"https:\/\/marktxxl.de\/markt\/produkt\/gaming-maus-dacoity-ergonomisch-pc-maus-mit-kabel-rgb-beleuchtung-8000-dpi-einstellbar-8-programmierbar-tasten-gamer-computer-maus-mit-komfortable-griff-pc-laptopschwarz\/\" \/>\n<meta property=\"og:site_name\" content=\"Markt-XXL\" \/>\n<meta property=\"article:modified_time\" content=\"2023-04-10T02:09:19+00:00\" \/>\n<meta property=\"og:image\" content=\"https:\/\/m.media-amazon.com\/images\/I\/411-7dG2S4L._SL500_.jpg\" \/>\n\t<meta property=\"og:image:width\" content=\"500\" \/>\n\t<meta property=\"og:image:height\" content=\"500\" \/>\n\t<meta property=\"og:image:type\" content=\"image\/jpeg\" \/>\n<meta name=\"twitter:card\" content=\"summary_large_image\" \/>\n<meta name=\"twitter:label1\" content=\"Gesch\u00e4tzte Lesezeit\" \/>\n\t<meta name=\"twitter:data1\" content=\"2\u00a0Minuten\" \/>\n<script type=\"application\/ld+json\" class=\"yoast-schema-graph\">{\"@context\":\"https:\\\/\\\/schema.org\",\"@graph\":[{\"@type\":\"WebPage\",\"@id\":\"https:\\\/\\\/marktxxl.de\\\/markt\\\/produkt\\\/gaming-maus-dacoity-ergonomisch-pc-maus-mit-kabel-rgb-beleuchtung-8000-dpi-einstellbar-8-programmierbar-tasten-gamer-computer-maus-mit-komfortable-griff-pc-laptopschwarz\\\/\",\"url\":\"https:\\\/\\\/marktxxl.de\\\/markt\\\/produkt\\\/gaming-maus-dacoity-ergonomisch-pc-maus-mit-kabel-rgb-beleuchtung-8000-dpi-einstellbar-8-programmierbar-tasten-gamer-computer-maus-mit-komfortable-griff-pc-laptopschwarz\\\/\",\"name\":\"RGB Gaming Maus, Dacoity PC Gamer Maus mit 8 Programmierbare Tasten, RGB Beleuchtung, 8000 DPI einstellbar, Feuertaste\u2026 - Markt-XXL\",\"isPartOf\":{\"@id\":\"https:\\\/\\\/marktxxl.de\\\/markt\\\/#website\"},\"primaryImageOfPage\":{\"@id\":\"https:\\\/\\\/marktxxl.de\\\/markt\\\/produkt\\\/gaming-maus-dacoity-ergonomisch-pc-maus-mit-kabel-rgb-beleuchtung-8000-dpi-einstellbar-8-programmierbar-tasten-gamer-computer-maus-mit-komfortable-griff-pc-laptopschwarz\\\/#primaryimage\"},\"image\":{\"@id\":\"https:\\\/\\\/marktxxl.de\\\/markt\\\/produkt\\\/gaming-maus-dacoity-ergonomisch-pc-maus-mit-kabel-rgb-beleuchtung-8000-dpi-einstellbar-8-programmierbar-tasten-gamer-computer-maus-mit-komfortable-griff-pc-laptopschwarz\\\/#primaryimage\"},\"thumbnailUrl\":\"https:\\\/\\\/m.media-amazon.com\\\/images\\\/I\\\/411-7dG2S4L._SL500_.jpg\",\"datePublished\":\"2022-06-14T05:49:35+00:00\",\"dateModified\":\"2023-04-10T02:09:19+00:00\",\"description\":\"Markt-XXL RGB Gaming Maus, Dacoity PC Gamer Maus mit 8 Programmierbare Tasten, RGB Beleuchtung, 8000 DPI einstellbar, Feuertaste\u2026\",\"breadcrumb\":{\"@id\":\"https:\\\/\\\/marktxxl.de\\\/markt\\\/produkt\\\/gaming-maus-dacoity-ergonomisch-pc-maus-mit-kabel-rgb-beleuchtung-8000-dpi-einstellbar-8-programmierbar-tasten-gamer-computer-maus-mit-komfortable-griff-pc-laptopschwarz\\\/#breadcrumb\"},\"inLanguage\":\"de\",\"potentialAction\":[{\"@type\":\"ReadAction\",\"target\":[\"https:\\\/\\\/marktxxl.de\\\/markt\\\/produkt\\\/gaming-maus-dacoity-ergonomisch-pc-maus-mit-kabel-rgb-beleuchtung-8000-dpi-einstellbar-8-programmierbar-tasten-gamer-computer-maus-mit-komfortable-griff-pc-laptopschwarz\\\/\"]}]},{\"@type\":\"ImageObject\",\"inLanguage\":\"de\",\"@id\":\"https:\\\/\\\/marktxxl.de\\\/markt\\\/produkt\\\/gaming-maus-dacoity-ergonomisch-pc-maus-mit-kabel-rgb-beleuchtung-8000-dpi-einstellbar-8-programmierbar-tasten-gamer-computer-maus-mit-komfortable-griff-pc-laptopschwarz\\\/#primaryimage\",\"url\":\"https:\\\/\\\/m.media-amazon.com\\\/images\\\/I\\\/411-7dG2S4L._SL500_.jpg\",\"contentUrl\":\"https:\\\/\\\/m.media-amazon.com\\\/images\\\/I\\\/411-7dG2S4L._SL500_.jpg\",\"width\":500,\"height\":500},{\"@type\":\"BreadcrumbList\",\"@id\":\"https:\\\/\\\/marktxxl.de\\\/markt\\\/produkt\\\/gaming-maus-dacoity-ergonomisch-pc-maus-mit-kabel-rgb-beleuchtung-8000-dpi-einstellbar-8-programmierbar-tasten-gamer-computer-maus-mit-komfortable-griff-pc-laptopschwarz\\\/#breadcrumb\",\"itemListElement\":[{\"@type\":\"ListItem\",\"position\":1,\"name\":\"Startseite\",\"item\":\"https:\\\/\\\/marktxxl.de\\\/markt\\\/\"},{\"@type\":\"ListItem\",\"position\":2,\"name\":\"Markt\",\"item\":\"https:\\\/\\\/marktxxl.de\\\/markt\\\/\"},{\"@type\":\"ListItem\",\"position\":3,\"name\":\"RGB Gaming Maus, Dacoity PC Gamer Maus mit 8 Programmierbare Tasten, RGB Beleuchtung, 8000 DPI einstellbar, Feuertaste\u2026\"}]},{\"@type\":\"WebSite\",\"@id\":\"https:\\\/\\\/marktxxl.de\\\/markt\\\/#website\",\"url\":\"https:\\\/\\\/marktxxl.de\\\/markt\\\/\",\"name\":\"Markt-XXL\",\"description\":\"Ihr Markt Online\",\"publisher\":{\"@id\":\"https:\\\/\\\/marktxxl.de\\\/markt\\\/#organization\"},\"potentialAction\":[{\"@type\":\"SearchAction\",\"target\":{\"@type\":\"EntryPoint\",\"urlTemplate\":\"https:\\\/\\\/marktxxl.de\\\/markt\\\/?s={search_term_string}\"},\"query-input\":{\"@type\":\"PropertyValueSpecification\",\"valueRequired\":true,\"valueName\":\"search_term_string\"}}],\"inLanguage\":\"de\"},{\"@type\":\"Organization\",\"@id\":\"https:\\\/\\\/marktxxl.de\\\/markt\\\/#organization\",\"name\":\"Markt-XXL\",\"url\":\"https:\\\/\\\/marktxxl.de\\\/markt\\\/\",\"logo\":{\"@type\":\"ImageObject\",\"inLanguage\":\"de\",\"@id\":\"https:\\\/\\\/marktxxl.de\\\/markt\\\/#\\\/schema\\\/logo\\\/image\\\/\",\"url\":\"https:\\\/\\\/marktxxl.de\\\/markt\\\/wp-content\\\/uploads\\\/sites\\\/3\\\/2020\\\/12\\\/logo.png\",\"contentUrl\":\"https:\\\/\\\/marktxxl.de\\\/markt\\\/wp-content\\\/uploads\\\/sites\\\/3\\\/2020\\\/12\\\/logo.png\",\"width\":200,\"height\":70,\"caption\":\"Markt-XXL\"},\"image\":{\"@id\":\"https:\\\/\\\/marktxxl.de\\\/markt\\\/#\\\/schema\\\/logo\\\/image\\\/\"}}]}<\/script>\n<!-- \/ Yoast SEO plugin. -->","yoast_head_json":{"title":"RGB Gaming Maus, Dacoity PC Gamer Maus mit 8 Programmierbare Tasten, RGB Beleuchtung, 8000 DPI einstellbar, Feuertaste\u2026 - Markt-XXL","description":"Markt-XXL RGB Gaming Maus, Dacoity PC Gamer Maus mit 8 Programmierbare Tasten, RGB Beleuchtung, 8000 DPI einstellbar, Feuertaste\u2026","robots":{"index":"index","follow":"follow","max-snippet":"max-snippet:-1","max-image-preview":"max-image-preview:large","max-video-preview":"max-video-preview:-1"},"canonical":"https:\/\/marktxxl.de\/markt\/produkt\/gaming-maus-dacoity-ergonomisch-pc-maus-mit-kabel-rgb-beleuchtung-8000-dpi-einstellbar-8-programmierbar-tasten-gamer-computer-maus-mit-komfortable-griff-pc-laptopschwarz\/","og_locale":"de_DE","og_type":"article","og_title":"RGB Gaming Maus, Dacoity PC Gamer Maus mit 8 Programmierbare Tasten, RGB Beleuchtung, 8000 DPI einstellbar, Feuertaste\u2026 - Markt-XXL","og_description":"Markt-XXL RGB Gaming Maus, Dacoity PC Gamer Maus mit 8 Programmierbare Tasten, RGB Beleuchtung, 8000 DPI einstellbar, Feuertaste\u2026","og_url":"https:\/\/marktxxl.de\/markt\/produkt\/gaming-maus-dacoity-ergonomisch-pc-maus-mit-kabel-rgb-beleuchtung-8000-dpi-einstellbar-8-programmierbar-tasten-gamer-computer-maus-mit-komfortable-griff-pc-laptopschwarz\/","og_site_name":"Markt-XXL","article_modified_time":"2023-04-10T02:09:19+00:00","og_image":[{"width":500,"height":500,"url":"https:\/\/m.media-amazon.com\/images\/I\/411-7dG2S4L._SL500_.jpg","type":"image\/jpeg"}],"twitter_card":"summary_large_image","twitter_misc":{"Gesch\u00e4tzte Lesezeit":"2\u00a0Minuten"},"schema":{"@context":"https:\/\/schema.org","@graph":[{"@type":"WebPage","@id":"https:\/\/marktxxl.de\/markt\/produkt\/gaming-maus-dacoity-ergonomisch-pc-maus-mit-kabel-rgb-beleuchtung-8000-dpi-einstellbar-8-programmierbar-tasten-gamer-computer-maus-mit-komfortable-griff-pc-laptopschwarz\/","url":"https:\/\/marktxxl.de\/markt\/produkt\/gaming-maus-dacoity-ergonomisch-pc-maus-mit-kabel-rgb-beleuchtung-8000-dpi-einstellbar-8-programmierbar-tasten-gamer-computer-maus-mit-komfortable-griff-pc-laptopschwarz\/","name":"RGB Gaming Maus, Dacoity PC Gamer Maus mit 8 Programmierbare Tasten, RGB Beleuchtung, 8000 DPI einstellbar, Feuertaste\u2026 - Markt-XXL","isPartOf":{"@id":"https:\/\/marktxxl.de\/markt\/#website"},"primaryImageOfPage":{"@id":"https:\/\/marktxxl.de\/markt\/produkt\/gaming-maus-dacoity-ergonomisch-pc-maus-mit-kabel-rgb-beleuchtung-8000-dpi-einstellbar-8-programmierbar-tasten-gamer-computer-maus-mit-komfortable-griff-pc-laptopschwarz\/#primaryimage"},"image":{"@id":"https:\/\/marktxxl.de\/markt\/produkt\/gaming-maus-dacoity-ergonomisch-pc-maus-mit-kabel-rgb-beleuchtung-8000-dpi-einstellbar-8-programmierbar-tasten-gamer-computer-maus-mit-komfortable-griff-pc-laptopschwarz\/#primaryimage"},"thumbnailUrl":"https:\/\/m.media-amazon.com\/images\/I\/411-7dG2S4L._SL500_.jpg","datePublished":"2022-06-14T05:49:35+00:00","dateModified":"2023-04-10T02:09:19+00:00","description":"Markt-XXL RGB Gaming Maus, Dacoity PC Gamer Maus mit 8 Programmierbare Tasten, RGB Beleuchtung, 8000 DPI einstellbar, Feuertaste\u2026","breadcrumb":{"@id":"https:\/\/marktxxl.de\/markt\/produkt\/gaming-maus-dacoity-ergonomisch-pc-maus-mit-kabel-rgb-beleuchtung-8000-dpi-einstellbar-8-programmierbar-tasten-gamer-computer-maus-mit-komfortable-griff-pc-laptopschwarz\/#breadcrumb"},"inLanguage":"de","potentialAction":[{"@type":"ReadAction","target":["https:\/\/marktxxl.de\/markt\/produkt\/gaming-maus-dacoity-ergonomisch-pc-maus-mit-kabel-rgb-beleuchtung-8000-dpi-einstellbar-8-programmierbar-tasten-gamer-computer-maus-mit-komfortable-griff-pc-laptopschwarz\/"]}]},{"@type":"ImageObject","inLanguage":"de","@id":"https:\/\/marktxxl.de\/markt\/produkt\/gaming-maus-dacoity-ergonomisch-pc-maus-mit-kabel-rgb-beleuchtung-8000-dpi-einstellbar-8-programmierbar-tasten-gamer-computer-maus-mit-komfortable-griff-pc-laptopschwarz\/#primaryimage","url":"https:\/\/m.media-amazon.com\/images\/I\/411-7dG2S4L._SL500_.jpg","contentUrl":"https:\/\/m.media-amazon.com\/images\/I\/411-7dG2S4L._SL500_.jpg","width":500,"height":500},{"@type":"BreadcrumbList","@id":"https:\/\/marktxxl.de\/markt\/produkt\/gaming-maus-dacoity-ergonomisch-pc-maus-mit-kabel-rgb-beleuchtung-8000-dpi-einstellbar-8-programmierbar-tasten-gamer-computer-maus-mit-komfortable-griff-pc-laptopschwarz\/#breadcrumb","itemListElement":[{"@type":"ListItem","position":1,"name":"Startseite","item":"https:\/\/marktxxl.de\/markt\/"},{"@type":"ListItem","position":2,"name":"Markt","item":"https:\/\/marktxxl.de\/markt\/"},{"@type":"ListItem","position":3,"name":"RGB Gaming Maus, Dacoity PC Gamer Maus mit 8 Programmierbare Tasten, RGB Beleuchtung, 8000 DPI einstellbar, Feuertaste\u2026"}]},{"@type":"WebSite","@id":"https:\/\/marktxxl.de\/markt\/#website","url":"https:\/\/marktxxl.de\/markt\/","name":"Markt-XXL","description":"Ihr Markt Online","publisher":{"@id":"https:\/\/marktxxl.de\/markt\/#organization"},"potentialAction":[{"@type":"SearchAction","target":{"@type":"EntryPoint","urlTemplate":"https:\/\/marktxxl.de\/markt\/?s={search_term_string}"},"query-input":{"@type":"PropertyValueSpecification","valueRequired":true,"valueName":"search_term_string"}}],"inLanguage":"de"},{"@type":"Organization","@id":"https:\/\/marktxxl.de\/markt\/#organization","name":"Markt-XXL","url":"https:\/\/marktxxl.de\/markt\/","logo":{"@type":"ImageObject","inLanguage":"de","@id":"https:\/\/marktxxl.de\/markt\/#\/schema\/logo\/image\/","url":"https:\/\/marktxxl.de\/markt\/wp-content\/uploads\/sites\/3\/2020\/12\/logo.png","contentUrl":"https:\/\/marktxxl.de\/markt\/wp-content\/uploads\/sites\/3\/2020\/12\/logo.png","width":200,"height":70,"caption":"Markt-XXL"},"image":{"@id":"https:\/\/marktxxl.de\/markt\/#\/schema\/logo\/image\/"}}]}},"_links":{"self":[{"href":"https:\/\/marktxxl.de\/markt\/wp-json\/wp\/v2\/product\/131554","targetHints":{"allow":["GET"]}}],"collection":[{"href":"https:\/\/marktxxl.de\/markt\/wp-json\/wp\/v2\/product"}],"about":[{"href":"https:\/\/marktxxl.de\/markt\/wp-json\/wp\/v2\/types\/product"}],"replies":[{"embeddable":true,"href":"https:\/\/marktxxl.de\/markt\/wp-json\/wp\/v2\/comments?post=131554"}],"wp:featuredmedia":[{"embeddable":true,"href":"https:\/\/marktxxl.de\/markt\/wp-json\/wp\/v2\/media\/131555"}],"wp:attachment":[{"href":"https:\/\/marktxxl.de\/markt\/wp-json\/wp\/v2\/media?parent=131554"}],"wp:term":[{"taxonomy":"product_brand","embeddable":true,"href":"https:\/\/marktxxl.de\/markt\/wp-json\/wp\/v2\/product_brand?post=131554"},{"taxonomy":"product_cat","embeddable":true,"href":"https:\/\/marktxxl.de\/markt\/wp-json\/wp\/v2\/product_cat?post=131554"},{"taxonomy":"product_tag","embeddable":true,"href":"https:\/\/marktxxl.de\/markt\/wp-json\/wp\/v2\/product_tag?post=131554"}],"curies":[{"name":"wp","href":"https:\/\/api.w.org\/{rel}","templated":true}]}}