{"id":131543,"date":"2022-06-14T07:47:19","date_gmt":"2022-06-14T05:47:19","guid":{"rendered":"https:\/\/marktxxl.de\/markt\/produkt\/usb-c-kabel-topk-2-stueck-3a-typ-c-schnellladekabel-usb-a-auf-usb-c-ladekabel-kompatibel-mit-samsung-galaxy-s22-s21-s20-xiaomi-usw\/"},"modified":"2023-04-10T04:09:19","modified_gmt":"2023-04-10T02:09:19","slug":"usb-c-kabel-topk-2-stueck-3a-typ-c-schnellladekabel-usb-a-auf-usb-c-ladekabel-kompatibel-mit-samsung-galaxy-s22-s21-s20-xiaomi-usw","status":"publish","type":"product","link":"https:\/\/marktxxl.de\/markt\/produkt\/usb-c-kabel-topk-2-stueck-3a-typ-c-schnellladekabel-usb-a-auf-usb-c-ladekabel-kompatibel-mit-samsung-galaxy-s22-s21-s20-xiaomi-usw\/","title":{"rendered":"TOPK USB C Kabel [2 St\u00fcck 2M] 3A Schnellladung Typ C Ladekabel Nylon Sync Datenkabel kompatibel mit Samsung Galaxy S22\u2026"},"content":{"rendered":"<p>\u30103A Schnellladung\u3011 Der eingebaute supraleitender Kupferdraht kann einen sicheren und echten 5V\/3A-Ausgang erreichen und Ihr Ger\u00e4t mit extrem hoher Geschwindigkeit aufladen, wobei der Handyakku in einer Stunde von 0% auf 65% unglaublich aufgeladen werden kann. [Tipps zur Schnellladung 1. Sie m\u00fcssen das Schnellladeger\u00e4t QC3.0 verwenden. 2. Ihr Handy muss die Schnellladefunktion unterst\u00fctzen. ]<br \/>\n\u3010Schnelle Datensynchronisierung\u3011 Bietet eine \u00dcbertragungsgeschwindigkeit von bis zu 480Mbit\/s (USB 2.0), damit Sie Daten wie z.B 1GB Film, Musik, Dokumente oder das ganze Fotoalbum innerhalb von 30 Sekunden \u00fcbertragen k\u00f6nnen.<br \/>\n\u3010L\u00e4ngere Lebensdauer\u3011Das Aluminiumgeh\u00e4use, das Nylongeflecht und der 250d-Faserkern k\u00f6nnen den Verschlei\u00df und das Rei\u00dfen des Kabels verhindern, und es kann mehr als 15.000 Mal 90-Grad-Biegungen standhalten. Der robuste verzinnte 22\/28AWG-Kupferkern verf\u00fcgt \u00fcber mehrere Abschirmungsschichten, um einen stabilen schnellen Ladestrom ohne St\u00f6rung zu liefern.<br \/>\n\u3010Sicheres und stabiles Laden\u3011Mit einem integrierten Chip zum \u00dcberhitzungsschutz und einem 56 k\u03a9-Widerstand zum \u00dcberstromschutz kann es den erforderlichen Strom intelligent anpassen und die W\u00e4rme beim Laden erheblich reduzieren. Die doppelseitigen USB-C-Anschl\u00fcsse mit Hartgummienden sind f\u00fcr h\u00e4ufiges Einstecken und feste Verbindungen entwickelt, die f\u00fcr eine ununterbrochene Verbindung sorgen.<br \/>\n\u3010Universelle Kompatibilit\u00e4t\u3011 Funktioniert perfekt mit jedem Ger\u00e4t mit USB-C-Anschluss. Sie werden 2 hochwertige, mit Nylon geflochtene USB-A-zu-USB-C-2.0-Kabel (2m) erhalten und lebenslange Garantie sowie unseren freundlichen Kundenservice genie\u00dfen.<br \/>\n<div class=\"main-cross-sell\" data-asin=\"B0B1537VZF\">\n\n\t<div class=\"WooZone-cross-sell-loader\">\n\t\t<div>\n\t\t\t<div id=\"floatingBarsG\">\n\t\t\t\t<div class=\"blockG\" id=\"rotateG_01\"><\/div>\n\t\t\t\t<div class=\"blockG\" id=\"rotateG_02\"><\/div>\n\t\t\t\t<div class=\"blockG\" id=\"rotateG_03\"><\/div>\n\t\t\t\t<div class=\"blockG\" id=\"rotateG_04\"><\/div>\n\t\t\t\t<div class=\"blockG\" id=\"rotateG_05\"><\/div>\n\t\t\t\t<div class=\"blockG\" id=\"rotateG_06\"><\/div>\n\t\t\t\t<div class=\"blockG\" id=\"rotateG_07\"><\/div>\n\t\t\t\t<div class=\"blockG\" id=\"rotateG_08\"><\/div>\n\t\t\t<\/div>\n\t\t\t<div class=\"WooZone-cross-sell-loader-text\"><\/div>\n\t\t<\/div>\n\t<\/div>\n\n\t\t\n<\/div>\n<div style=\"clear:both;\"><\/div><\/p>\n","protected":false},"excerpt":{"rendered":"<p>\u30103A Schnellladung\u3011 Der eingebaute supraleitender Kupferdraht kann einen sicheren und echten 5V\/3A-Ausgang erreichen und Ihr Ger\u00e4t mit extrem hoher Geschwindigkeit aufladen, wobei der Handyakku in einer Stunde von 0% auf 65% unglaublich aufgeladen werden kann. [Tipps zur Schnellladung 1. Sie m\u00fcssen das Schnellladeger\u00e4t QC3.0 verwenden. 2. Ihr Handy muss die Schnellladefunktion unterst\u00fctzen. ]<br \/>\n\u3010Schnelle Datensynchronisierung\u3011 Bietet eine \u00dcbertragungsgeschwindigkeit von bis zu 480Mbit\/s (USB 2.0), damit Sie Daten wie z.B 1GB Film, Musik, Dokumente oder das ganze Fotoalbum innerhalb von 30 Sekunden \u00fcbertragen k\u00f6nnen.<br \/>\n\u3010L\u00e4ngere Lebensdauer\u3011Das Aluminiumgeh\u00e4use, das Nylongeflecht und der 250d-Faserkern k\u00f6nnen den Verschlei\u00df und das Rei\u00dfen des Kabels verhindern, und es kann mehr als 15.000 Mal 90-Grad-Biegungen standhalten. Der robuste verzinnte 22\/28AWG-Kupferkern verf\u00fcgt \u00fcber mehrere Abschirmungsschichten, um einen stabilen schnellen Ladestrom ohne St\u00f6rung zu liefern.<\/p>\n","protected":false},"featured_media":131544,"comment_status":"open","ping_status":"closed","template":"","meta":[],"product_brand":[],"product_cat":[863],"product_tag":[],"class_list":{"0":"post-131543","1":"product","2":"type-product","3":"status-publish","4":"has-post-thumbnail","6":"product_cat-computer-zubehoer","7":"pa_brand-topk","8":"pa_manufacturer-dongguan-chenxun-electronics-co-ltd","10":"first","11":"instock","12":"shipping-taxable","13":"purchasable","14":"product-type-simple","15":"customify-col","16":"product-has-gallery"},"yoast_head":"<!-- This site is optimized with the Yoast SEO plugin v27.4 - https:\/\/yoast.com\/product\/yoast-seo-wordpress\/ -->\n<title>TOPK USB C Kabel [2 St\u00fcck 2M] 3A Schnellladung Typ C Ladekabel Nylon Sync Datenkabel kompatibel mit Samsung Galaxy S22\u2026 - Markt-XXL<\/title>\n<meta name=\"description\" content=\"Markt-XXL TOPK USB C Kabel [2 St\u00fcck 2M] 3A Schnellladung Typ C Ladekabel Nylon Sync Datenkabel kompatibel mit Samsung Galaxy S22\u2026\" \/>\n<meta name=\"robots\" content=\"index, follow, max-snippet:-1, max-image-preview:large, max-video-preview:-1\" \/>\n<link rel=\"canonical\" href=\"https:\/\/marktxxl.de\/markt\/produkt\/usb-c-kabel-topk-2-stueck-3a-typ-c-schnellladekabel-usb-a-auf-usb-c-ladekabel-kompatibel-mit-samsung-galaxy-s22-s21-s20-xiaomi-usw\/\" \/>\n<meta property=\"og:locale\" content=\"de_DE\" \/>\n<meta property=\"og:type\" content=\"article\" \/>\n<meta property=\"og:title\" content=\"TOPK USB C Kabel [2 St\u00fcck 2M] 3A Schnellladung Typ C Ladekabel Nylon Sync Datenkabel kompatibel mit Samsung Galaxy S22\u2026 - Markt-XXL\" \/>\n<meta property=\"og:description\" content=\"Markt-XXL TOPK USB C Kabel [2 St\u00fcck 2M] 3A Schnellladung Typ C Ladekabel Nylon Sync Datenkabel kompatibel mit Samsung Galaxy S22\u2026\" \/>\n<meta property=\"og:url\" content=\"https:\/\/marktxxl.de\/markt\/produkt\/usb-c-kabel-topk-2-stueck-3a-typ-c-schnellladekabel-usb-a-auf-usb-c-ladekabel-kompatibel-mit-samsung-galaxy-s22-s21-s20-xiaomi-usw\/\" \/>\n<meta property=\"og:site_name\" content=\"Markt-XXL\" \/>\n<meta property=\"article:modified_time\" content=\"2023-04-10T02:09:19+00:00\" \/>\n<meta property=\"og:image\" content=\"https:\/\/m.media-amazon.com\/images\/I\/41r7IN+wa0L._SL500_.jpg\" \/>\n\t<meta property=\"og:image:width\" content=\"375\" \/>\n\t<meta property=\"og:image:height\" content=\"500\" \/>\n\t<meta property=\"og:image:type\" content=\"image\/jpeg\" \/>\n<meta name=\"twitter:card\" content=\"summary_large_image\" \/>\n<meta name=\"twitter:label1\" content=\"Gesch\u00e4tzte Lesezeit\" \/>\n\t<meta name=\"twitter:data1\" content=\"1\u00a0Minute\" \/>\n<script type=\"application\/ld+json\" class=\"yoast-schema-graph\">{\"@context\":\"https:\\\/\\\/schema.org\",\"@graph\":[{\"@type\":\"WebPage\",\"@id\":\"https:\\\/\\\/marktxxl.de\\\/markt\\\/produkt\\\/usb-c-kabel-topk-2-stueck-3a-typ-c-schnellladekabel-usb-a-auf-usb-c-ladekabel-kompatibel-mit-samsung-galaxy-s22-s21-s20-xiaomi-usw\\\/\",\"url\":\"https:\\\/\\\/marktxxl.de\\\/markt\\\/produkt\\\/usb-c-kabel-topk-2-stueck-3a-typ-c-schnellladekabel-usb-a-auf-usb-c-ladekabel-kompatibel-mit-samsung-galaxy-s22-s21-s20-xiaomi-usw\\\/\",\"name\":\"TOPK USB C Kabel [2 St\u00fcck 2M] 3A Schnellladung Typ C Ladekabel Nylon Sync Datenkabel kompatibel mit Samsung Galaxy S22\u2026 - Markt-XXL\",\"isPartOf\":{\"@id\":\"https:\\\/\\\/marktxxl.de\\\/markt\\\/#website\"},\"primaryImageOfPage\":{\"@id\":\"https:\\\/\\\/marktxxl.de\\\/markt\\\/produkt\\\/usb-c-kabel-topk-2-stueck-3a-typ-c-schnellladekabel-usb-a-auf-usb-c-ladekabel-kompatibel-mit-samsung-galaxy-s22-s21-s20-xiaomi-usw\\\/#primaryimage\"},\"image\":{\"@id\":\"https:\\\/\\\/marktxxl.de\\\/markt\\\/produkt\\\/usb-c-kabel-topk-2-stueck-3a-typ-c-schnellladekabel-usb-a-auf-usb-c-ladekabel-kompatibel-mit-samsung-galaxy-s22-s21-s20-xiaomi-usw\\\/#primaryimage\"},\"thumbnailUrl\":\"https:\\\/\\\/m.media-amazon.com\\\/images\\\/I\\\/41r7IN+wa0L._SL500_.jpg\",\"datePublished\":\"2022-06-14T05:47:19+00:00\",\"dateModified\":\"2023-04-10T02:09:19+00:00\",\"description\":\"Markt-XXL TOPK USB C Kabel [2 St\u00fcck 2M] 3A Schnellladung Typ C Ladekabel Nylon Sync Datenkabel kompatibel mit Samsung Galaxy S22\u2026\",\"breadcrumb\":{\"@id\":\"https:\\\/\\\/marktxxl.de\\\/markt\\\/produkt\\\/usb-c-kabel-topk-2-stueck-3a-typ-c-schnellladekabel-usb-a-auf-usb-c-ladekabel-kompatibel-mit-samsung-galaxy-s22-s21-s20-xiaomi-usw\\\/#breadcrumb\"},\"inLanguage\":\"de\",\"potentialAction\":[{\"@type\":\"ReadAction\",\"target\":[\"https:\\\/\\\/marktxxl.de\\\/markt\\\/produkt\\\/usb-c-kabel-topk-2-stueck-3a-typ-c-schnellladekabel-usb-a-auf-usb-c-ladekabel-kompatibel-mit-samsung-galaxy-s22-s21-s20-xiaomi-usw\\\/\"]}]},{\"@type\":\"ImageObject\",\"inLanguage\":\"de\",\"@id\":\"https:\\\/\\\/marktxxl.de\\\/markt\\\/produkt\\\/usb-c-kabel-topk-2-stueck-3a-typ-c-schnellladekabel-usb-a-auf-usb-c-ladekabel-kompatibel-mit-samsung-galaxy-s22-s21-s20-xiaomi-usw\\\/#primaryimage\",\"url\":\"https:\\\/\\\/m.media-amazon.com\\\/images\\\/I\\\/41r7IN+wa0L._SL500_.jpg\",\"contentUrl\":\"https:\\\/\\\/m.media-amazon.com\\\/images\\\/I\\\/41r7IN+wa0L._SL500_.jpg\",\"width\":375,\"height\":500},{\"@type\":\"BreadcrumbList\",\"@id\":\"https:\\\/\\\/marktxxl.de\\\/markt\\\/produkt\\\/usb-c-kabel-topk-2-stueck-3a-typ-c-schnellladekabel-usb-a-auf-usb-c-ladekabel-kompatibel-mit-samsung-galaxy-s22-s21-s20-xiaomi-usw\\\/#breadcrumb\",\"itemListElement\":[{\"@type\":\"ListItem\",\"position\":1,\"name\":\"Startseite\",\"item\":\"https:\\\/\\\/marktxxl.de\\\/markt\\\/\"},{\"@type\":\"ListItem\",\"position\":2,\"name\":\"Markt\",\"item\":\"https:\\\/\\\/marktxxl.de\\\/markt\\\/\"},{\"@type\":\"ListItem\",\"position\":3,\"name\":\"TOPK USB C Kabel [2 St\u00fcck 2M] 3A Schnellladung Typ C Ladekabel Nylon Sync Datenkabel kompatibel mit Samsung Galaxy S22\u2026\"}]},{\"@type\":\"WebSite\",\"@id\":\"https:\\\/\\\/marktxxl.de\\\/markt\\\/#website\",\"url\":\"https:\\\/\\\/marktxxl.de\\\/markt\\\/\",\"name\":\"Markt-XXL\",\"description\":\"Ihr Markt Online\",\"publisher\":{\"@id\":\"https:\\\/\\\/marktxxl.de\\\/markt\\\/#organization\"},\"potentialAction\":[{\"@type\":\"SearchAction\",\"target\":{\"@type\":\"EntryPoint\",\"urlTemplate\":\"https:\\\/\\\/marktxxl.de\\\/markt\\\/?s={search_term_string}\"},\"query-input\":{\"@type\":\"PropertyValueSpecification\",\"valueRequired\":true,\"valueName\":\"search_term_string\"}}],\"inLanguage\":\"de\"},{\"@type\":\"Organization\",\"@id\":\"https:\\\/\\\/marktxxl.de\\\/markt\\\/#organization\",\"name\":\"Markt-XXL\",\"url\":\"https:\\\/\\\/marktxxl.de\\\/markt\\\/\",\"logo\":{\"@type\":\"ImageObject\",\"inLanguage\":\"de\",\"@id\":\"https:\\\/\\\/marktxxl.de\\\/markt\\\/#\\\/schema\\\/logo\\\/image\\\/\",\"url\":\"https:\\\/\\\/marktxxl.de\\\/markt\\\/wp-content\\\/uploads\\\/sites\\\/3\\\/2020\\\/12\\\/logo.png\",\"contentUrl\":\"https:\\\/\\\/marktxxl.de\\\/markt\\\/wp-content\\\/uploads\\\/sites\\\/3\\\/2020\\\/12\\\/logo.png\",\"width\":200,\"height\":70,\"caption\":\"Markt-XXL\"},\"image\":{\"@id\":\"https:\\\/\\\/marktxxl.de\\\/markt\\\/#\\\/schema\\\/logo\\\/image\\\/\"}}]}<\/script>\n<!-- \/ Yoast SEO plugin. -->","yoast_head_json":{"title":"TOPK USB C Kabel [2 St\u00fcck 2M] 3A Schnellladung Typ C Ladekabel Nylon Sync Datenkabel kompatibel mit Samsung Galaxy S22\u2026 - Markt-XXL","description":"Markt-XXL TOPK USB C Kabel [2 St\u00fcck 2M] 3A Schnellladung Typ C Ladekabel Nylon Sync Datenkabel kompatibel mit Samsung Galaxy S22\u2026","robots":{"index":"index","follow":"follow","max-snippet":"max-snippet:-1","max-image-preview":"max-image-preview:large","max-video-preview":"max-video-preview:-1"},"canonical":"https:\/\/marktxxl.de\/markt\/produkt\/usb-c-kabel-topk-2-stueck-3a-typ-c-schnellladekabel-usb-a-auf-usb-c-ladekabel-kompatibel-mit-samsung-galaxy-s22-s21-s20-xiaomi-usw\/","og_locale":"de_DE","og_type":"article","og_title":"TOPK USB C Kabel [2 St\u00fcck 2M] 3A Schnellladung Typ C Ladekabel Nylon Sync Datenkabel kompatibel mit Samsung Galaxy S22\u2026 - Markt-XXL","og_description":"Markt-XXL TOPK USB C Kabel [2 St\u00fcck 2M] 3A Schnellladung Typ C Ladekabel Nylon Sync Datenkabel kompatibel mit Samsung Galaxy S22\u2026","og_url":"https:\/\/marktxxl.de\/markt\/produkt\/usb-c-kabel-topk-2-stueck-3a-typ-c-schnellladekabel-usb-a-auf-usb-c-ladekabel-kompatibel-mit-samsung-galaxy-s22-s21-s20-xiaomi-usw\/","og_site_name":"Markt-XXL","article_modified_time":"2023-04-10T02:09:19+00:00","og_image":[{"width":375,"height":500,"url":"https:\/\/m.media-amazon.com\/images\/I\/41r7IN+wa0L._SL500_.jpg","type":"image\/jpeg"}],"twitter_card":"summary_large_image","twitter_misc":{"Gesch\u00e4tzte Lesezeit":"1\u00a0Minute"},"schema":{"@context":"https:\/\/schema.org","@graph":[{"@type":"WebPage","@id":"https:\/\/marktxxl.de\/markt\/produkt\/usb-c-kabel-topk-2-stueck-3a-typ-c-schnellladekabel-usb-a-auf-usb-c-ladekabel-kompatibel-mit-samsung-galaxy-s22-s21-s20-xiaomi-usw\/","url":"https:\/\/marktxxl.de\/markt\/produkt\/usb-c-kabel-topk-2-stueck-3a-typ-c-schnellladekabel-usb-a-auf-usb-c-ladekabel-kompatibel-mit-samsung-galaxy-s22-s21-s20-xiaomi-usw\/","name":"TOPK USB C Kabel [2 St\u00fcck 2M] 3A Schnellladung Typ C Ladekabel Nylon Sync Datenkabel kompatibel mit Samsung Galaxy S22\u2026 - Markt-XXL","isPartOf":{"@id":"https:\/\/marktxxl.de\/markt\/#website"},"primaryImageOfPage":{"@id":"https:\/\/marktxxl.de\/markt\/produkt\/usb-c-kabel-topk-2-stueck-3a-typ-c-schnellladekabel-usb-a-auf-usb-c-ladekabel-kompatibel-mit-samsung-galaxy-s22-s21-s20-xiaomi-usw\/#primaryimage"},"image":{"@id":"https:\/\/marktxxl.de\/markt\/produkt\/usb-c-kabel-topk-2-stueck-3a-typ-c-schnellladekabel-usb-a-auf-usb-c-ladekabel-kompatibel-mit-samsung-galaxy-s22-s21-s20-xiaomi-usw\/#primaryimage"},"thumbnailUrl":"https:\/\/m.media-amazon.com\/images\/I\/41r7IN+wa0L._SL500_.jpg","datePublished":"2022-06-14T05:47:19+00:00","dateModified":"2023-04-10T02:09:19+00:00","description":"Markt-XXL TOPK USB C Kabel [2 St\u00fcck 2M] 3A Schnellladung Typ C Ladekabel Nylon Sync Datenkabel kompatibel mit Samsung Galaxy S22\u2026","breadcrumb":{"@id":"https:\/\/marktxxl.de\/markt\/produkt\/usb-c-kabel-topk-2-stueck-3a-typ-c-schnellladekabel-usb-a-auf-usb-c-ladekabel-kompatibel-mit-samsung-galaxy-s22-s21-s20-xiaomi-usw\/#breadcrumb"},"inLanguage":"de","potentialAction":[{"@type":"ReadAction","target":["https:\/\/marktxxl.de\/markt\/produkt\/usb-c-kabel-topk-2-stueck-3a-typ-c-schnellladekabel-usb-a-auf-usb-c-ladekabel-kompatibel-mit-samsung-galaxy-s22-s21-s20-xiaomi-usw\/"]}]},{"@type":"ImageObject","inLanguage":"de","@id":"https:\/\/marktxxl.de\/markt\/produkt\/usb-c-kabel-topk-2-stueck-3a-typ-c-schnellladekabel-usb-a-auf-usb-c-ladekabel-kompatibel-mit-samsung-galaxy-s22-s21-s20-xiaomi-usw\/#primaryimage","url":"https:\/\/m.media-amazon.com\/images\/I\/41r7IN+wa0L._SL500_.jpg","contentUrl":"https:\/\/m.media-amazon.com\/images\/I\/41r7IN+wa0L._SL500_.jpg","width":375,"height":500},{"@type":"BreadcrumbList","@id":"https:\/\/marktxxl.de\/markt\/produkt\/usb-c-kabel-topk-2-stueck-3a-typ-c-schnellladekabel-usb-a-auf-usb-c-ladekabel-kompatibel-mit-samsung-galaxy-s22-s21-s20-xiaomi-usw\/#breadcrumb","itemListElement":[{"@type":"ListItem","position":1,"name":"Startseite","item":"https:\/\/marktxxl.de\/markt\/"},{"@type":"ListItem","position":2,"name":"Markt","item":"https:\/\/marktxxl.de\/markt\/"},{"@type":"ListItem","position":3,"name":"TOPK USB C Kabel [2 St\u00fcck 2M] 3A Schnellladung Typ C Ladekabel Nylon Sync Datenkabel kompatibel mit Samsung Galaxy S22\u2026"}]},{"@type":"WebSite","@id":"https:\/\/marktxxl.de\/markt\/#website","url":"https:\/\/marktxxl.de\/markt\/","name":"Markt-XXL","description":"Ihr Markt Online","publisher":{"@id":"https:\/\/marktxxl.de\/markt\/#organization"},"potentialAction":[{"@type":"SearchAction","target":{"@type":"EntryPoint","urlTemplate":"https:\/\/marktxxl.de\/markt\/?s={search_term_string}"},"query-input":{"@type":"PropertyValueSpecification","valueRequired":true,"valueName":"search_term_string"}}],"inLanguage":"de"},{"@type":"Organization","@id":"https:\/\/marktxxl.de\/markt\/#organization","name":"Markt-XXL","url":"https:\/\/marktxxl.de\/markt\/","logo":{"@type":"ImageObject","inLanguage":"de","@id":"https:\/\/marktxxl.de\/markt\/#\/schema\/logo\/image\/","url":"https:\/\/marktxxl.de\/markt\/wp-content\/uploads\/sites\/3\/2020\/12\/logo.png","contentUrl":"https:\/\/marktxxl.de\/markt\/wp-content\/uploads\/sites\/3\/2020\/12\/logo.png","width":200,"height":70,"caption":"Markt-XXL"},"image":{"@id":"https:\/\/marktxxl.de\/markt\/#\/schema\/logo\/image\/"}}]}},"_links":{"self":[{"href":"https:\/\/marktxxl.de\/markt\/wp-json\/wp\/v2\/product\/131543","targetHints":{"allow":["GET"]}}],"collection":[{"href":"https:\/\/marktxxl.de\/markt\/wp-json\/wp\/v2\/product"}],"about":[{"href":"https:\/\/marktxxl.de\/markt\/wp-json\/wp\/v2\/types\/product"}],"replies":[{"embeddable":true,"href":"https:\/\/marktxxl.de\/markt\/wp-json\/wp\/v2\/comments?post=131543"}],"wp:featuredmedia":[{"embeddable":true,"href":"https:\/\/marktxxl.de\/markt\/wp-json\/wp\/v2\/media\/131544"}],"wp:attachment":[{"href":"https:\/\/marktxxl.de\/markt\/wp-json\/wp\/v2\/media?parent=131543"}],"wp:term":[{"taxonomy":"product_brand","embeddable":true,"href":"https:\/\/marktxxl.de\/markt\/wp-json\/wp\/v2\/product_brand?post=131543"},{"taxonomy":"product_cat","embeddable":true,"href":"https:\/\/marktxxl.de\/markt\/wp-json\/wp\/v2\/product_cat?post=131543"},{"taxonomy":"product_tag","embeddable":true,"href":"https:\/\/marktxxl.de\/markt\/wp-json\/wp\/v2\/product_tag?post=131543"}],"curies":[{"name":"wp","href":"https:\/\/api.w.org\/{rel}","templated":true}]}}