{"id":131520,"date":"2022-06-14T07:46:54","date_gmt":"2022-06-14T05:46:54","guid":{"rendered":"https:\/\/marktxxl.de\/markt\/produkt\/benifily-512gb-usb-stick-speicherstick-wasserdicht-usb-flash-laufwerk-high-speed-3-0-memory-stick-metall-flash-drive-datenspeicher-fuer-computer-tablets512gb\/"},"modified":"2023-04-10T04:09:19","modified_gmt":"2023-04-10T02:09:19","slug":"benifily-512gb-usb-stick-speicherstick-wasserdicht-usb-flash-laufwerk-high-speed-3-0-memory-stick-metall-flash-drive-datenspeicher-fuer-computer-tablets512gb","status":"publish","type":"product","link":"https:\/\/marktxxl.de\/markt\/produkt\/benifily-512gb-usb-stick-speicherstick-wasserdicht-usb-flash-laufwerk-high-speed-3-0-memory-stick-metall-flash-drive-datenspeicher-fuer-computer-tablets512gb\/","title":{"rendered":"Benifily 512 GB USB Stick Memory Stick Waterproof USB Flash Drive High Speed 3.0 Metal Flash Drive Data Storage for\u2026"},"content":{"rendered":"<p>\u3010Gro\u00dfe 512 GB Kapazit\u00e4t\u3011512gb usb stick, ein Teil der Kapazit\u00e4t wird f\u00fcr das Formatieren und andere Funktionen verwendet. Es erf\u00fcllt Ihre Anforderungen zum Speichern und \u00dcbertragen von Fotos, Musik, Videos, Dateien bei der Arbeit, in der Schule, zu Hause und auf Reisen. Sie k\u00f6nnen damit Ihre Fotos sichern, gute Speichervideos aufnehmen und viele mehr.<br \/>\n\u3010Plug and Play\u3011Hochgeschwindigkeits-Speichersticks 3.0 m\u00fcssen keine Software oder Tools installieren und m\u00fcssen keine komplizierten Handb\u00fccher lesen, stecken Sie sie einfach in den USB-Anschluss des Computers oder eines anderen Ger\u00e4ts. Freigeben oder Speichern von Dateien Zeit zu sparen und Ihre Arbeitsdateien problemlos zwischen Computern auszutauschen.<br \/>\n\u3010Metall USB Stick\u3011Der memory stick verwendet hochwertiges Legierungsmaterial, um seine Robustheit und Widerstandsf\u00e4higkeit gegen St\u00fcrze zu gew\u00e4hrleisten. Selbst wenn versehentlich Wasser austritt, m\u00fcssen Sie sich keine Sorgen \u00fcber Datenverlust machen, und der Memory Stick kann weiterhin normal verwendet werden. Mehrfacher Schutz umfasst wasserdicht, sto\u00dffest, r\u00f6ntgensicher, magnetisch.<br \/>\n\u3010Mit Schl\u00fcsselring\u3011USB stick mit der Metallschnalle, Leicht zu tragen, sodass Sie es in eine Tasche oder einen kleinen Raum stecken k\u00f6nnen. Und das Schl\u00fcsselloch-Design erm\u00f6glicht die Befestigung von USB-Sticks an einem Schl\u00fcsselbund oder an einem Rucksack, um Verlust zu vermeiden.<br \/>\n\u3010Breite Kompatibilit\u00e4t\u3011USB-sticks das dem USB 3.0 Standard entspricht. Unterst\u00fctzt Windows 7\/8\/10 \/ Vista \/ 2000 \/ NT \/ ME, Linux 2.6 und Mac OS 8.6 oder h\u00f6her. unterst\u00fctzt verschiedene Formate MP3, MP4, RMVB, EXCEL, WORD, PDF, usw. Unterst\u00fctzt auch tragbare Lautsprecher, Autolautsprecher mit USB 2.0-Anschluss.<br \/>\n<div class=\"main-cross-sell\" data-asin=\"B0B19JN6S4\">\n\n\t<div class=\"WooZone-cross-sell-loader\">\n\t\t<div>\n\t\t\t<div id=\"floatingBarsG\">\n\t\t\t\t<div class=\"blockG\" id=\"rotateG_01\"><\/div>\n\t\t\t\t<div class=\"blockG\" id=\"rotateG_02\"><\/div>\n\t\t\t\t<div class=\"blockG\" id=\"rotateG_03\"><\/div>\n\t\t\t\t<div class=\"blockG\" id=\"rotateG_04\"><\/div>\n\t\t\t\t<div class=\"blockG\" id=\"rotateG_05\"><\/div>\n\t\t\t\t<div class=\"blockG\" id=\"rotateG_06\"><\/div>\n\t\t\t\t<div class=\"blockG\" id=\"rotateG_07\"><\/div>\n\t\t\t\t<div class=\"blockG\" id=\"rotateG_08\"><\/div>\n\t\t\t<\/div>\n\t\t\t<div class=\"WooZone-cross-sell-loader-text\"><\/div>\n\t\t<\/div>\n\t<\/div>\n\n\t\t\n<\/div>\n<div style=\"clear:both;\"><\/div><\/p>\n","protected":false},"excerpt":{"rendered":"<p>\u3010Gro\u00dfe 512 GB Kapazit\u00e4t\u3011512gb usb stick, ein Teil der Kapazit\u00e4t wird f\u00fcr das Formatieren und andere Funktionen verwendet. Es erf\u00fcllt Ihre Anforderungen zum Speichern und \u00dcbertragen von Fotos, Musik, Videos, Dateien bei der Arbeit, in der Schule, zu Hause und auf Reisen. Sie k\u00f6nnen damit Ihre Fotos sichern, gute Speichervideos aufnehmen und viele mehr.<br \/>\n\u3010Plug and Play\u3011Hochgeschwindigkeits-Speichersticks 3.0 m\u00fcssen keine Software oder Tools installieren und m\u00fcssen keine komplizierten Handb\u00fccher lesen, stecken Sie sie einfach in den USB-Anschluss des Computers oder eines anderen Ger\u00e4ts. Freigeben oder Speichern von Dateien Zeit zu sparen und Ihre Arbeitsdateien problemlos zwischen Computern auszutauschen.<br \/>\n\u3010Metall USB Stick\u3011Der memory stick verwendet hochwertiges Legierungsmaterial, um seine Robustheit und Widerstandsf\u00e4higkeit gegen St\u00fcrze zu gew\u00e4hrleisten. Selbst wenn versehentlich Wasser austritt, m\u00fcssen Sie sich keine Sorgen \u00fcber Datenverlust machen, und der Memory Stick kann weiterhin normal verwendet werden. Mehrfacher Schutz umfasst wasserdicht, sto\u00dffest, r\u00f6ntgensicher, magnetisch.<\/p>\n","protected":false},"featured_media":131521,"comment_status":"open","ping_status":"closed","template":"","meta":[],"product_brand":[],"product_cat":[863],"product_tag":[],"class_list":{"0":"post-131520","1":"product","2":"type-product","3":"status-publish","4":"has-post-thumbnail","6":"product_cat-computer-zubehoer","7":"pa_brand-benifily","8":"pa_color-silver","9":"pa_manufacturer-benifily","10":"pa_size-large","11":"pa_warranty-60-day-warranty-against-manufacturer-defects","13":"first","14":"instock","15":"shipping-taxable","16":"purchasable","17":"product-type-simple","18":"customify-col","19":"product-has-gallery"},"yoast_head":"<!-- This site is optimized with the Yoast SEO plugin v27.4 - https:\/\/yoast.com\/product\/yoast-seo-wordpress\/ -->\n<title>Benifily 512 GB USB Stick Memory Stick Waterproof USB Flash Drive High Speed 3.0 Metal Flash Drive Data Storage for\u2026 - Markt-XXL<\/title>\n<meta name=\"description\" content=\"Markt-XXL Benifily 512 GB USB Stick Memory Stick Waterproof USB Flash Drive High Speed 3.0 Metal Flash Drive Data Storage for\u2026\" \/>\n<meta name=\"robots\" content=\"index, follow, max-snippet:-1, max-image-preview:large, max-video-preview:-1\" \/>\n<link rel=\"canonical\" href=\"https:\/\/marktxxl.de\/markt\/produkt\/benifily-512gb-usb-stick-speicherstick-wasserdicht-usb-flash-laufwerk-high-speed-3-0-memory-stick-metall-flash-drive-datenspeicher-fuer-computer-tablets512gb\/\" \/>\n<meta property=\"og:locale\" content=\"de_DE\" \/>\n<meta property=\"og:type\" content=\"article\" \/>\n<meta property=\"og:title\" content=\"Benifily 512 GB USB Stick Memory Stick Waterproof USB Flash Drive High Speed 3.0 Metal Flash Drive Data Storage for\u2026 - Markt-XXL\" \/>\n<meta property=\"og:description\" content=\"Markt-XXL Benifily 512 GB USB Stick Memory Stick Waterproof USB Flash Drive High Speed 3.0 Metal Flash Drive Data Storage for\u2026\" \/>\n<meta property=\"og:url\" content=\"https:\/\/marktxxl.de\/markt\/produkt\/benifily-512gb-usb-stick-speicherstick-wasserdicht-usb-flash-laufwerk-high-speed-3-0-memory-stick-metall-flash-drive-datenspeicher-fuer-computer-tablets512gb\/\" \/>\n<meta property=\"og:site_name\" content=\"Markt-XXL\" \/>\n<meta property=\"article:modified_time\" content=\"2023-04-10T02:09:19+00:00\" \/>\n<meta property=\"og:image\" content=\"https:\/\/m.media-amazon.com\/images\/I\/31oHbXAlPVL._SL500_.jpg\" \/>\n\t<meta property=\"og:image:width\" content=\"232\" \/>\n\t<meta property=\"og:image:height\" content=\"500\" \/>\n\t<meta property=\"og:image:type\" content=\"image\/jpeg\" \/>\n<meta name=\"twitter:card\" content=\"summary_large_image\" \/>\n<meta name=\"twitter:label1\" content=\"Gesch\u00e4tzte Lesezeit\" \/>\n\t<meta name=\"twitter:data1\" content=\"1\u00a0Minute\" \/>\n<script type=\"application\/ld+json\" class=\"yoast-schema-graph\">{\"@context\":\"https:\\\/\\\/schema.org\",\"@graph\":[{\"@type\":\"WebPage\",\"@id\":\"https:\\\/\\\/marktxxl.de\\\/markt\\\/produkt\\\/benifily-512gb-usb-stick-speicherstick-wasserdicht-usb-flash-laufwerk-high-speed-3-0-memory-stick-metall-flash-drive-datenspeicher-fuer-computer-tablets512gb\\\/\",\"url\":\"https:\\\/\\\/marktxxl.de\\\/markt\\\/produkt\\\/benifily-512gb-usb-stick-speicherstick-wasserdicht-usb-flash-laufwerk-high-speed-3-0-memory-stick-metall-flash-drive-datenspeicher-fuer-computer-tablets512gb\\\/\",\"name\":\"Benifily 512 GB USB Stick Memory Stick Waterproof USB Flash Drive High Speed 3.0 Metal Flash Drive Data Storage for\u2026 - Markt-XXL\",\"isPartOf\":{\"@id\":\"https:\\\/\\\/marktxxl.de\\\/markt\\\/#website\"},\"primaryImageOfPage\":{\"@id\":\"https:\\\/\\\/marktxxl.de\\\/markt\\\/produkt\\\/benifily-512gb-usb-stick-speicherstick-wasserdicht-usb-flash-laufwerk-high-speed-3-0-memory-stick-metall-flash-drive-datenspeicher-fuer-computer-tablets512gb\\\/#primaryimage\"},\"image\":{\"@id\":\"https:\\\/\\\/marktxxl.de\\\/markt\\\/produkt\\\/benifily-512gb-usb-stick-speicherstick-wasserdicht-usb-flash-laufwerk-high-speed-3-0-memory-stick-metall-flash-drive-datenspeicher-fuer-computer-tablets512gb\\\/#primaryimage\"},\"thumbnailUrl\":\"https:\\\/\\\/m.media-amazon.com\\\/images\\\/I\\\/31oHbXAlPVL._SL500_.jpg\",\"datePublished\":\"2022-06-14T05:46:54+00:00\",\"dateModified\":\"2023-04-10T02:09:19+00:00\",\"description\":\"Markt-XXL Benifily 512 GB USB Stick Memory Stick Waterproof USB Flash Drive High Speed 3.0 Metal Flash Drive Data Storage for\u2026\",\"breadcrumb\":{\"@id\":\"https:\\\/\\\/marktxxl.de\\\/markt\\\/produkt\\\/benifily-512gb-usb-stick-speicherstick-wasserdicht-usb-flash-laufwerk-high-speed-3-0-memory-stick-metall-flash-drive-datenspeicher-fuer-computer-tablets512gb\\\/#breadcrumb\"},\"inLanguage\":\"de\",\"potentialAction\":[{\"@type\":\"ReadAction\",\"target\":[\"https:\\\/\\\/marktxxl.de\\\/markt\\\/produkt\\\/benifily-512gb-usb-stick-speicherstick-wasserdicht-usb-flash-laufwerk-high-speed-3-0-memory-stick-metall-flash-drive-datenspeicher-fuer-computer-tablets512gb\\\/\"]}]},{\"@type\":\"ImageObject\",\"inLanguage\":\"de\",\"@id\":\"https:\\\/\\\/marktxxl.de\\\/markt\\\/produkt\\\/benifily-512gb-usb-stick-speicherstick-wasserdicht-usb-flash-laufwerk-high-speed-3-0-memory-stick-metall-flash-drive-datenspeicher-fuer-computer-tablets512gb\\\/#primaryimage\",\"url\":\"https:\\\/\\\/m.media-amazon.com\\\/images\\\/I\\\/31oHbXAlPVL._SL500_.jpg\",\"contentUrl\":\"https:\\\/\\\/m.media-amazon.com\\\/images\\\/I\\\/31oHbXAlPVL._SL500_.jpg\",\"width\":232,\"height\":500},{\"@type\":\"BreadcrumbList\",\"@id\":\"https:\\\/\\\/marktxxl.de\\\/markt\\\/produkt\\\/benifily-512gb-usb-stick-speicherstick-wasserdicht-usb-flash-laufwerk-high-speed-3-0-memory-stick-metall-flash-drive-datenspeicher-fuer-computer-tablets512gb\\\/#breadcrumb\",\"itemListElement\":[{\"@type\":\"ListItem\",\"position\":1,\"name\":\"Startseite\",\"item\":\"https:\\\/\\\/marktxxl.de\\\/markt\\\/\"},{\"@type\":\"ListItem\",\"position\":2,\"name\":\"Markt\",\"item\":\"https:\\\/\\\/marktxxl.de\\\/markt\\\/\"},{\"@type\":\"ListItem\",\"position\":3,\"name\":\"Benifily 512 GB USB Stick Memory Stick Waterproof USB Flash Drive High Speed 3.0 Metal Flash Drive Data Storage for\u2026\"}]},{\"@type\":\"WebSite\",\"@id\":\"https:\\\/\\\/marktxxl.de\\\/markt\\\/#website\",\"url\":\"https:\\\/\\\/marktxxl.de\\\/markt\\\/\",\"name\":\"Markt-XXL\",\"description\":\"Ihr Markt Online\",\"publisher\":{\"@id\":\"https:\\\/\\\/marktxxl.de\\\/markt\\\/#organization\"},\"potentialAction\":[{\"@type\":\"SearchAction\",\"target\":{\"@type\":\"EntryPoint\",\"urlTemplate\":\"https:\\\/\\\/marktxxl.de\\\/markt\\\/?s={search_term_string}\"},\"query-input\":{\"@type\":\"PropertyValueSpecification\",\"valueRequired\":true,\"valueName\":\"search_term_string\"}}],\"inLanguage\":\"de\"},{\"@type\":\"Organization\",\"@id\":\"https:\\\/\\\/marktxxl.de\\\/markt\\\/#organization\",\"name\":\"Markt-XXL\",\"url\":\"https:\\\/\\\/marktxxl.de\\\/markt\\\/\",\"logo\":{\"@type\":\"ImageObject\",\"inLanguage\":\"de\",\"@id\":\"https:\\\/\\\/marktxxl.de\\\/markt\\\/#\\\/schema\\\/logo\\\/image\\\/\",\"url\":\"https:\\\/\\\/marktxxl.de\\\/markt\\\/wp-content\\\/uploads\\\/sites\\\/3\\\/2020\\\/12\\\/logo.png\",\"contentUrl\":\"https:\\\/\\\/marktxxl.de\\\/markt\\\/wp-content\\\/uploads\\\/sites\\\/3\\\/2020\\\/12\\\/logo.png\",\"width\":200,\"height\":70,\"caption\":\"Markt-XXL\"},\"image\":{\"@id\":\"https:\\\/\\\/marktxxl.de\\\/markt\\\/#\\\/schema\\\/logo\\\/image\\\/\"}}]}<\/script>\n<!-- \/ Yoast SEO plugin. -->","yoast_head_json":{"title":"Benifily 512 GB USB Stick Memory Stick Waterproof USB Flash Drive High Speed 3.0 Metal Flash Drive Data Storage for\u2026 - Markt-XXL","description":"Markt-XXL Benifily 512 GB USB Stick Memory Stick Waterproof USB Flash Drive High Speed 3.0 Metal Flash Drive Data Storage for\u2026","robots":{"index":"index","follow":"follow","max-snippet":"max-snippet:-1","max-image-preview":"max-image-preview:large","max-video-preview":"max-video-preview:-1"},"canonical":"https:\/\/marktxxl.de\/markt\/produkt\/benifily-512gb-usb-stick-speicherstick-wasserdicht-usb-flash-laufwerk-high-speed-3-0-memory-stick-metall-flash-drive-datenspeicher-fuer-computer-tablets512gb\/","og_locale":"de_DE","og_type":"article","og_title":"Benifily 512 GB USB Stick Memory Stick Waterproof USB Flash Drive High Speed 3.0 Metal Flash Drive Data Storage for\u2026 - Markt-XXL","og_description":"Markt-XXL Benifily 512 GB USB Stick Memory Stick Waterproof USB Flash Drive High Speed 3.0 Metal Flash Drive Data Storage for\u2026","og_url":"https:\/\/marktxxl.de\/markt\/produkt\/benifily-512gb-usb-stick-speicherstick-wasserdicht-usb-flash-laufwerk-high-speed-3-0-memory-stick-metall-flash-drive-datenspeicher-fuer-computer-tablets512gb\/","og_site_name":"Markt-XXL","article_modified_time":"2023-04-10T02:09:19+00:00","og_image":[{"width":232,"height":500,"url":"https:\/\/m.media-amazon.com\/images\/I\/31oHbXAlPVL._SL500_.jpg","type":"image\/jpeg"}],"twitter_card":"summary_large_image","twitter_misc":{"Gesch\u00e4tzte Lesezeit":"1\u00a0Minute"},"schema":{"@context":"https:\/\/schema.org","@graph":[{"@type":"WebPage","@id":"https:\/\/marktxxl.de\/markt\/produkt\/benifily-512gb-usb-stick-speicherstick-wasserdicht-usb-flash-laufwerk-high-speed-3-0-memory-stick-metall-flash-drive-datenspeicher-fuer-computer-tablets512gb\/","url":"https:\/\/marktxxl.de\/markt\/produkt\/benifily-512gb-usb-stick-speicherstick-wasserdicht-usb-flash-laufwerk-high-speed-3-0-memory-stick-metall-flash-drive-datenspeicher-fuer-computer-tablets512gb\/","name":"Benifily 512 GB USB Stick Memory Stick Waterproof USB Flash Drive High Speed 3.0 Metal Flash Drive Data Storage for\u2026 - Markt-XXL","isPartOf":{"@id":"https:\/\/marktxxl.de\/markt\/#website"},"primaryImageOfPage":{"@id":"https:\/\/marktxxl.de\/markt\/produkt\/benifily-512gb-usb-stick-speicherstick-wasserdicht-usb-flash-laufwerk-high-speed-3-0-memory-stick-metall-flash-drive-datenspeicher-fuer-computer-tablets512gb\/#primaryimage"},"image":{"@id":"https:\/\/marktxxl.de\/markt\/produkt\/benifily-512gb-usb-stick-speicherstick-wasserdicht-usb-flash-laufwerk-high-speed-3-0-memory-stick-metall-flash-drive-datenspeicher-fuer-computer-tablets512gb\/#primaryimage"},"thumbnailUrl":"https:\/\/m.media-amazon.com\/images\/I\/31oHbXAlPVL._SL500_.jpg","datePublished":"2022-06-14T05:46:54+00:00","dateModified":"2023-04-10T02:09:19+00:00","description":"Markt-XXL Benifily 512 GB USB Stick Memory Stick Waterproof USB Flash Drive High Speed 3.0 Metal Flash Drive Data Storage for\u2026","breadcrumb":{"@id":"https:\/\/marktxxl.de\/markt\/produkt\/benifily-512gb-usb-stick-speicherstick-wasserdicht-usb-flash-laufwerk-high-speed-3-0-memory-stick-metall-flash-drive-datenspeicher-fuer-computer-tablets512gb\/#breadcrumb"},"inLanguage":"de","potentialAction":[{"@type":"ReadAction","target":["https:\/\/marktxxl.de\/markt\/produkt\/benifily-512gb-usb-stick-speicherstick-wasserdicht-usb-flash-laufwerk-high-speed-3-0-memory-stick-metall-flash-drive-datenspeicher-fuer-computer-tablets512gb\/"]}]},{"@type":"ImageObject","inLanguage":"de","@id":"https:\/\/marktxxl.de\/markt\/produkt\/benifily-512gb-usb-stick-speicherstick-wasserdicht-usb-flash-laufwerk-high-speed-3-0-memory-stick-metall-flash-drive-datenspeicher-fuer-computer-tablets512gb\/#primaryimage","url":"https:\/\/m.media-amazon.com\/images\/I\/31oHbXAlPVL._SL500_.jpg","contentUrl":"https:\/\/m.media-amazon.com\/images\/I\/31oHbXAlPVL._SL500_.jpg","width":232,"height":500},{"@type":"BreadcrumbList","@id":"https:\/\/marktxxl.de\/markt\/produkt\/benifily-512gb-usb-stick-speicherstick-wasserdicht-usb-flash-laufwerk-high-speed-3-0-memory-stick-metall-flash-drive-datenspeicher-fuer-computer-tablets512gb\/#breadcrumb","itemListElement":[{"@type":"ListItem","position":1,"name":"Startseite","item":"https:\/\/marktxxl.de\/markt\/"},{"@type":"ListItem","position":2,"name":"Markt","item":"https:\/\/marktxxl.de\/markt\/"},{"@type":"ListItem","position":3,"name":"Benifily 512 GB USB Stick Memory Stick Waterproof USB Flash Drive High Speed 3.0 Metal Flash Drive Data Storage for\u2026"}]},{"@type":"WebSite","@id":"https:\/\/marktxxl.de\/markt\/#website","url":"https:\/\/marktxxl.de\/markt\/","name":"Markt-XXL","description":"Ihr Markt Online","publisher":{"@id":"https:\/\/marktxxl.de\/markt\/#organization"},"potentialAction":[{"@type":"SearchAction","target":{"@type":"EntryPoint","urlTemplate":"https:\/\/marktxxl.de\/markt\/?s={search_term_string}"},"query-input":{"@type":"PropertyValueSpecification","valueRequired":true,"valueName":"search_term_string"}}],"inLanguage":"de"},{"@type":"Organization","@id":"https:\/\/marktxxl.de\/markt\/#organization","name":"Markt-XXL","url":"https:\/\/marktxxl.de\/markt\/","logo":{"@type":"ImageObject","inLanguage":"de","@id":"https:\/\/marktxxl.de\/markt\/#\/schema\/logo\/image\/","url":"https:\/\/marktxxl.de\/markt\/wp-content\/uploads\/sites\/3\/2020\/12\/logo.png","contentUrl":"https:\/\/marktxxl.de\/markt\/wp-content\/uploads\/sites\/3\/2020\/12\/logo.png","width":200,"height":70,"caption":"Markt-XXL"},"image":{"@id":"https:\/\/marktxxl.de\/markt\/#\/schema\/logo\/image\/"}}]}},"_links":{"self":[{"href":"https:\/\/marktxxl.de\/markt\/wp-json\/wp\/v2\/product\/131520","targetHints":{"allow":["GET"]}}],"collection":[{"href":"https:\/\/marktxxl.de\/markt\/wp-json\/wp\/v2\/product"}],"about":[{"href":"https:\/\/marktxxl.de\/markt\/wp-json\/wp\/v2\/types\/product"}],"replies":[{"embeddable":true,"href":"https:\/\/marktxxl.de\/markt\/wp-json\/wp\/v2\/comments?post=131520"}],"wp:featuredmedia":[{"embeddable":true,"href":"https:\/\/marktxxl.de\/markt\/wp-json\/wp\/v2\/media\/131521"}],"wp:attachment":[{"href":"https:\/\/marktxxl.de\/markt\/wp-json\/wp\/v2\/media?parent=131520"}],"wp:term":[{"taxonomy":"product_brand","embeddable":true,"href":"https:\/\/marktxxl.de\/markt\/wp-json\/wp\/v2\/product_brand?post=131520"},{"taxonomy":"product_cat","embeddable":true,"href":"https:\/\/marktxxl.de\/markt\/wp-json\/wp\/v2\/product_cat?post=131520"},{"taxonomy":"product_tag","embeddable":true,"href":"https:\/\/marktxxl.de\/markt\/wp-json\/wp\/v2\/product_tag?post=131520"}],"curies":[{"name":"wp","href":"https:\/\/api.w.org\/{rel}","templated":true}]}}