{"id":131503,"date":"2022-06-14T07:46:21","date_gmt":"2022-06-14T05:46:21","guid":{"rendered":"https:\/\/marktxxl.de\/markt\/produkt\/wiseta-pg-560xl-cl-561xl-druckerpatronen-kompatibel-fuer-canon-pg-560-cl-561-xl-multipack-fuer-canon-pixma-ts5350-ts5351-ts5352-ts-5350-ts-5351-ts-5352-ts7450-ts7451-1-schwarz-1-farbe\/"},"modified":"2023-04-10T04:09:19","modified_gmt":"2023-04-10T02:09:19","slug":"wiseta-pg-560xl-cl-561xl-druckerpatronen-kompatibel-fuer-canon-pg-560-cl-561-xl-multipack-fuer-canon-pixma-ts5350-ts5351-ts5352-ts-5350-ts-5351-ts-5352-ts7450-ts7451-1-schwarz-1-farbe","status":"publish","type":"product","link":"https:\/\/marktxxl.de\/markt\/produkt\/wiseta-pg-560xl-cl-561xl-druckerpatronen-kompatibel-fuer-canon-pg-560-cl-561-xl-multipack-fuer-canon-pixma-ts5350-ts5351-ts5352-ts-5350-ts-5351-ts-5352-ts7450-ts7451-1-schwarz-1-farbe\/","title":{"rendered":"PG-560XL CL-561XL Druckerpatronen Kompatibel f\u00fcr Canon PG 560 CL 561 XL Multipack f\u00fcr Canon Pixma TS5350 TS5351 TS5352\u2026"},"content":{"rendered":"<p>WISETA 2er-Pack 560 561 XL schwarz farbe Multipack Druckerpatronen Ersatz f\u00fcr Canon PG-560XL CL-561XL Druckerpatronen (Nicht Original)<br \/>\n560XL 561XL Multipack Kompatibel mit Canon Pixma TS5350 TS5351 TS5352 TS 5350 TS 5351 TS 5352 TS7450 TS7451 Drucker<br \/>\nH\u00f6chste Seitenleistung: 750 Seiten f\u00fcr Canon 560 XL Schwarz Patrone, 600 Seiten f\u00fcr Canon 561 XL Patrone Farbe<br \/>\nVerpackungsinhalt: 1 Schwarz PG-560XL Druckerpatronen, 1 Farbe CL-561XL Druckerpatronen (2 Packung)<br \/>\nUMWELTFREUNDLICHES &amp; GR\u00dcNES MATERIAL &#8211; WISETA PG-560 CL-561 XL Druckerpatronen bezieht nur die hochwertigsten Tintenpatronen und f\u00fcllt die Tintenpatronen mit hoher Kapazit\u00e4t nach, um eine reibungslose Verwendung zu gew\u00e4hrleisten. Alle Tintenpatronen erhalten die neuesten Chips und werden auf Leistung getestet<br \/>\n<div class=\"main-cross-sell\" data-asin=\"B09Z6616B9\">\n\n\t<div class=\"WooZone-cross-sell-loader\">\n\t\t<div>\n\t\t\t<div id=\"floatingBarsG\">\n\t\t\t\t<div class=\"blockG\" id=\"rotateG_01\"><\/div>\n\t\t\t\t<div class=\"blockG\" id=\"rotateG_02\"><\/div>\n\t\t\t\t<div class=\"blockG\" id=\"rotateG_03\"><\/div>\n\t\t\t\t<div class=\"blockG\" id=\"rotateG_04\"><\/div>\n\t\t\t\t<div class=\"blockG\" id=\"rotateG_05\"><\/div>\n\t\t\t\t<div class=\"blockG\" id=\"rotateG_06\"><\/div>\n\t\t\t\t<div class=\"blockG\" id=\"rotateG_07\"><\/div>\n\t\t\t\t<div class=\"blockG\" id=\"rotateG_08\"><\/div>\n\t\t\t<\/div>\n\t\t\t<div class=\"WooZone-cross-sell-loader-text\"><\/div>\n\t\t<\/div>\n\t<\/div>\n\n\t\t\n<\/div>\n<div style=\"clear:both;\"><\/div><\/p>\n","protected":false},"excerpt":{"rendered":"<p>WISETA 2er-Pack 560 561 XL schwarz farbe Multipack Druckerpatronen Ersatz f\u00fcr Canon PG-560XL CL-561XL Druckerpatronen (Nicht Original)<br \/>\n560XL 561XL Multipack Kompatibel mit Canon Pixma TS5350 TS5351 TS5352 TS 5350 TS 5351 TS 5352 TS7450 TS7451 Drucker<br \/>\nH\u00f6chste Seitenleistung: 750 Seiten f\u00fcr Canon 560 XL Schwarz Patrone, 600 Seiten f\u00fcr Canon 561 XL Patrone Farbe<\/p>\n","protected":false},"featured_media":131504,"comment_status":"open","ping_status":"closed","template":"","meta":[],"product_brand":[],"product_cat":[863],"product_tag":[],"class_list":{"0":"post-131503","1":"product","2":"type-product","3":"status-publish","4":"has-post-thumbnail","6":"product_cat-computer-zubehoer","7":"pa_binding-elektronik","8":"pa_brand-wiseta","9":"pa_color-1-schwarz-pg-560xl-1-farbe-cl-561xl","10":"pa_manufacturer-wiseta-for-canon-pg-560-cl-561-560-561-xl","11":"pa_model-pixma-ts5350-patronen","12":"pa_size-xl","13":"pa_warranty-2-year","15":"first","16":"instock","17":"shipping-taxable","18":"purchasable","19":"product-type-simple","20":"customify-col","21":"product-has-gallery"},"yoast_head":"<!-- This site is optimized with the Yoast SEO plugin v27.4 - https:\/\/yoast.com\/product\/yoast-seo-wordpress\/ -->\n<title>PG-560XL CL-561XL Druckerpatronen Kompatibel f\u00fcr Canon PG 560 CL 561 XL Multipack f\u00fcr Canon Pixma TS5350 TS5351 TS5352\u2026 - Markt-XXL<\/title>\n<meta name=\"description\" content=\"Markt-XXL PG-560XL CL-561XL Druckerpatronen Kompatibel f\u00fcr Canon PG 560 CL 561 XL Multipack f\u00fcr Canon Pixma TS5350 TS5351 TS5352\u2026\" \/>\n<meta name=\"robots\" content=\"index, follow, max-snippet:-1, max-image-preview:large, max-video-preview:-1\" \/>\n<link rel=\"canonical\" href=\"https:\/\/marktxxl.de\/markt\/produkt\/wiseta-pg-560xl-cl-561xl-druckerpatronen-kompatibel-fuer-canon-pg-560-cl-561-xl-multipack-fuer-canon-pixma-ts5350-ts5351-ts5352-ts-5350-ts-5351-ts-5352-ts7450-ts7451-1-schwarz-1-farbe\/\" \/>\n<meta property=\"og:locale\" content=\"de_DE\" \/>\n<meta property=\"og:type\" content=\"article\" \/>\n<meta property=\"og:title\" content=\"PG-560XL CL-561XL Druckerpatronen Kompatibel f\u00fcr Canon PG 560 CL 561 XL Multipack f\u00fcr Canon Pixma TS5350 TS5351 TS5352\u2026 - Markt-XXL\" \/>\n<meta property=\"og:description\" content=\"Markt-XXL PG-560XL CL-561XL Druckerpatronen Kompatibel f\u00fcr Canon PG 560 CL 561 XL Multipack f\u00fcr Canon Pixma TS5350 TS5351 TS5352\u2026\" \/>\n<meta property=\"og:url\" content=\"https:\/\/marktxxl.de\/markt\/produkt\/wiseta-pg-560xl-cl-561xl-druckerpatronen-kompatibel-fuer-canon-pg-560-cl-561-xl-multipack-fuer-canon-pixma-ts5350-ts5351-ts5352-ts-5350-ts-5351-ts-5352-ts7450-ts7451-1-schwarz-1-farbe\/\" \/>\n<meta property=\"og:site_name\" content=\"Markt-XXL\" \/>\n<meta property=\"article:modified_time\" content=\"2023-04-10T02:09:19+00:00\" \/>\n<meta property=\"og:image\" content=\"https:\/\/m.media-amazon.com\/images\/I\/41Ey6OzDqmL._SL500_.jpg\" \/>\n\t<meta property=\"og:image:width\" content=\"500\" \/>\n\t<meta property=\"og:image:height\" content=\"500\" \/>\n\t<meta property=\"og:image:type\" content=\"image\/jpeg\" \/>\n<meta name=\"twitter:card\" content=\"summary_large_image\" \/>\n<meta name=\"twitter:label1\" content=\"Gesch\u00e4tzte Lesezeit\" \/>\n\t<meta name=\"twitter:data1\" content=\"1\u00a0Minute\" \/>\n<script type=\"application\/ld+json\" class=\"yoast-schema-graph\">{\"@context\":\"https:\\\/\\\/schema.org\",\"@graph\":[{\"@type\":\"WebPage\",\"@id\":\"https:\\\/\\\/marktxxl.de\\\/markt\\\/produkt\\\/wiseta-pg-560xl-cl-561xl-druckerpatronen-kompatibel-fuer-canon-pg-560-cl-561-xl-multipack-fuer-canon-pixma-ts5350-ts5351-ts5352-ts-5350-ts-5351-ts-5352-ts7450-ts7451-1-schwarz-1-farbe\\\/\",\"url\":\"https:\\\/\\\/marktxxl.de\\\/markt\\\/produkt\\\/wiseta-pg-560xl-cl-561xl-druckerpatronen-kompatibel-fuer-canon-pg-560-cl-561-xl-multipack-fuer-canon-pixma-ts5350-ts5351-ts5352-ts-5350-ts-5351-ts-5352-ts7450-ts7451-1-schwarz-1-farbe\\\/\",\"name\":\"PG-560XL CL-561XL Druckerpatronen Kompatibel f\u00fcr Canon PG 560 CL 561 XL Multipack f\u00fcr Canon Pixma TS5350 TS5351 TS5352\u2026 - Markt-XXL\",\"isPartOf\":{\"@id\":\"https:\\\/\\\/marktxxl.de\\\/markt\\\/#website\"},\"primaryImageOfPage\":{\"@id\":\"https:\\\/\\\/marktxxl.de\\\/markt\\\/produkt\\\/wiseta-pg-560xl-cl-561xl-druckerpatronen-kompatibel-fuer-canon-pg-560-cl-561-xl-multipack-fuer-canon-pixma-ts5350-ts5351-ts5352-ts-5350-ts-5351-ts-5352-ts7450-ts7451-1-schwarz-1-farbe\\\/#primaryimage\"},\"image\":{\"@id\":\"https:\\\/\\\/marktxxl.de\\\/markt\\\/produkt\\\/wiseta-pg-560xl-cl-561xl-druckerpatronen-kompatibel-fuer-canon-pg-560-cl-561-xl-multipack-fuer-canon-pixma-ts5350-ts5351-ts5352-ts-5350-ts-5351-ts-5352-ts7450-ts7451-1-schwarz-1-farbe\\\/#primaryimage\"},\"thumbnailUrl\":\"https:\\\/\\\/m.media-amazon.com\\\/images\\\/I\\\/41Ey6OzDqmL._SL500_.jpg\",\"datePublished\":\"2022-06-14T05:46:21+00:00\",\"dateModified\":\"2023-04-10T02:09:19+00:00\",\"description\":\"Markt-XXL PG-560XL CL-561XL Druckerpatronen Kompatibel f\u00fcr Canon PG 560 CL 561 XL Multipack f\u00fcr Canon Pixma TS5350 TS5351 TS5352\u2026\",\"breadcrumb\":{\"@id\":\"https:\\\/\\\/marktxxl.de\\\/markt\\\/produkt\\\/wiseta-pg-560xl-cl-561xl-druckerpatronen-kompatibel-fuer-canon-pg-560-cl-561-xl-multipack-fuer-canon-pixma-ts5350-ts5351-ts5352-ts-5350-ts-5351-ts-5352-ts7450-ts7451-1-schwarz-1-farbe\\\/#breadcrumb\"},\"inLanguage\":\"de\",\"potentialAction\":[{\"@type\":\"ReadAction\",\"target\":[\"https:\\\/\\\/marktxxl.de\\\/markt\\\/produkt\\\/wiseta-pg-560xl-cl-561xl-druckerpatronen-kompatibel-fuer-canon-pg-560-cl-561-xl-multipack-fuer-canon-pixma-ts5350-ts5351-ts5352-ts-5350-ts-5351-ts-5352-ts7450-ts7451-1-schwarz-1-farbe\\\/\"]}]},{\"@type\":\"ImageObject\",\"inLanguage\":\"de\",\"@id\":\"https:\\\/\\\/marktxxl.de\\\/markt\\\/produkt\\\/wiseta-pg-560xl-cl-561xl-druckerpatronen-kompatibel-fuer-canon-pg-560-cl-561-xl-multipack-fuer-canon-pixma-ts5350-ts5351-ts5352-ts-5350-ts-5351-ts-5352-ts7450-ts7451-1-schwarz-1-farbe\\\/#primaryimage\",\"url\":\"https:\\\/\\\/m.media-amazon.com\\\/images\\\/I\\\/41Ey6OzDqmL._SL500_.jpg\",\"contentUrl\":\"https:\\\/\\\/m.media-amazon.com\\\/images\\\/I\\\/41Ey6OzDqmL._SL500_.jpg\",\"width\":500,\"height\":500},{\"@type\":\"BreadcrumbList\",\"@id\":\"https:\\\/\\\/marktxxl.de\\\/markt\\\/produkt\\\/wiseta-pg-560xl-cl-561xl-druckerpatronen-kompatibel-fuer-canon-pg-560-cl-561-xl-multipack-fuer-canon-pixma-ts5350-ts5351-ts5352-ts-5350-ts-5351-ts-5352-ts7450-ts7451-1-schwarz-1-farbe\\\/#breadcrumb\",\"itemListElement\":[{\"@type\":\"ListItem\",\"position\":1,\"name\":\"Startseite\",\"item\":\"https:\\\/\\\/marktxxl.de\\\/markt\\\/\"},{\"@type\":\"ListItem\",\"position\":2,\"name\":\"Markt\",\"item\":\"https:\\\/\\\/marktxxl.de\\\/markt\\\/\"},{\"@type\":\"ListItem\",\"position\":3,\"name\":\"PG-560XL CL-561XL Druckerpatronen Kompatibel f\u00fcr Canon PG 560 CL 561 XL Multipack f\u00fcr Canon Pixma TS5350 TS5351 TS5352\u2026\"}]},{\"@type\":\"WebSite\",\"@id\":\"https:\\\/\\\/marktxxl.de\\\/markt\\\/#website\",\"url\":\"https:\\\/\\\/marktxxl.de\\\/markt\\\/\",\"name\":\"Markt-XXL\",\"description\":\"Ihr Markt Online\",\"publisher\":{\"@id\":\"https:\\\/\\\/marktxxl.de\\\/markt\\\/#organization\"},\"potentialAction\":[{\"@type\":\"SearchAction\",\"target\":{\"@type\":\"EntryPoint\",\"urlTemplate\":\"https:\\\/\\\/marktxxl.de\\\/markt\\\/?s={search_term_string}\"},\"query-input\":{\"@type\":\"PropertyValueSpecification\",\"valueRequired\":true,\"valueName\":\"search_term_string\"}}],\"inLanguage\":\"de\"},{\"@type\":\"Organization\",\"@id\":\"https:\\\/\\\/marktxxl.de\\\/markt\\\/#organization\",\"name\":\"Markt-XXL\",\"url\":\"https:\\\/\\\/marktxxl.de\\\/markt\\\/\",\"logo\":{\"@type\":\"ImageObject\",\"inLanguage\":\"de\",\"@id\":\"https:\\\/\\\/marktxxl.de\\\/markt\\\/#\\\/schema\\\/logo\\\/image\\\/\",\"url\":\"https:\\\/\\\/marktxxl.de\\\/markt\\\/wp-content\\\/uploads\\\/sites\\\/3\\\/2020\\\/12\\\/logo.png\",\"contentUrl\":\"https:\\\/\\\/marktxxl.de\\\/markt\\\/wp-content\\\/uploads\\\/sites\\\/3\\\/2020\\\/12\\\/logo.png\",\"width\":200,\"height\":70,\"caption\":\"Markt-XXL\"},\"image\":{\"@id\":\"https:\\\/\\\/marktxxl.de\\\/markt\\\/#\\\/schema\\\/logo\\\/image\\\/\"}}]}<\/script>\n<!-- \/ Yoast SEO plugin. -->","yoast_head_json":{"title":"PG-560XL CL-561XL Druckerpatronen Kompatibel f\u00fcr Canon PG 560 CL 561 XL Multipack f\u00fcr Canon Pixma TS5350 TS5351 TS5352\u2026 - Markt-XXL","description":"Markt-XXL PG-560XL CL-561XL Druckerpatronen Kompatibel f\u00fcr Canon PG 560 CL 561 XL Multipack f\u00fcr Canon Pixma TS5350 TS5351 TS5352\u2026","robots":{"index":"index","follow":"follow","max-snippet":"max-snippet:-1","max-image-preview":"max-image-preview:large","max-video-preview":"max-video-preview:-1"},"canonical":"https:\/\/marktxxl.de\/markt\/produkt\/wiseta-pg-560xl-cl-561xl-druckerpatronen-kompatibel-fuer-canon-pg-560-cl-561-xl-multipack-fuer-canon-pixma-ts5350-ts5351-ts5352-ts-5350-ts-5351-ts-5352-ts7450-ts7451-1-schwarz-1-farbe\/","og_locale":"de_DE","og_type":"article","og_title":"PG-560XL CL-561XL Druckerpatronen Kompatibel f\u00fcr Canon PG 560 CL 561 XL Multipack f\u00fcr Canon Pixma TS5350 TS5351 TS5352\u2026 - Markt-XXL","og_description":"Markt-XXL PG-560XL CL-561XL Druckerpatronen Kompatibel f\u00fcr Canon PG 560 CL 561 XL Multipack f\u00fcr Canon Pixma TS5350 TS5351 TS5352\u2026","og_url":"https:\/\/marktxxl.de\/markt\/produkt\/wiseta-pg-560xl-cl-561xl-druckerpatronen-kompatibel-fuer-canon-pg-560-cl-561-xl-multipack-fuer-canon-pixma-ts5350-ts5351-ts5352-ts-5350-ts-5351-ts-5352-ts7450-ts7451-1-schwarz-1-farbe\/","og_site_name":"Markt-XXL","article_modified_time":"2023-04-10T02:09:19+00:00","og_image":[{"width":500,"height":500,"url":"https:\/\/m.media-amazon.com\/images\/I\/41Ey6OzDqmL._SL500_.jpg","type":"image\/jpeg"}],"twitter_card":"summary_large_image","twitter_misc":{"Gesch\u00e4tzte Lesezeit":"1\u00a0Minute"},"schema":{"@context":"https:\/\/schema.org","@graph":[{"@type":"WebPage","@id":"https:\/\/marktxxl.de\/markt\/produkt\/wiseta-pg-560xl-cl-561xl-druckerpatronen-kompatibel-fuer-canon-pg-560-cl-561-xl-multipack-fuer-canon-pixma-ts5350-ts5351-ts5352-ts-5350-ts-5351-ts-5352-ts7450-ts7451-1-schwarz-1-farbe\/","url":"https:\/\/marktxxl.de\/markt\/produkt\/wiseta-pg-560xl-cl-561xl-druckerpatronen-kompatibel-fuer-canon-pg-560-cl-561-xl-multipack-fuer-canon-pixma-ts5350-ts5351-ts5352-ts-5350-ts-5351-ts-5352-ts7450-ts7451-1-schwarz-1-farbe\/","name":"PG-560XL CL-561XL Druckerpatronen Kompatibel f\u00fcr Canon PG 560 CL 561 XL Multipack f\u00fcr Canon Pixma TS5350 TS5351 TS5352\u2026 - Markt-XXL","isPartOf":{"@id":"https:\/\/marktxxl.de\/markt\/#website"},"primaryImageOfPage":{"@id":"https:\/\/marktxxl.de\/markt\/produkt\/wiseta-pg-560xl-cl-561xl-druckerpatronen-kompatibel-fuer-canon-pg-560-cl-561-xl-multipack-fuer-canon-pixma-ts5350-ts5351-ts5352-ts-5350-ts-5351-ts-5352-ts7450-ts7451-1-schwarz-1-farbe\/#primaryimage"},"image":{"@id":"https:\/\/marktxxl.de\/markt\/produkt\/wiseta-pg-560xl-cl-561xl-druckerpatronen-kompatibel-fuer-canon-pg-560-cl-561-xl-multipack-fuer-canon-pixma-ts5350-ts5351-ts5352-ts-5350-ts-5351-ts-5352-ts7450-ts7451-1-schwarz-1-farbe\/#primaryimage"},"thumbnailUrl":"https:\/\/m.media-amazon.com\/images\/I\/41Ey6OzDqmL._SL500_.jpg","datePublished":"2022-06-14T05:46:21+00:00","dateModified":"2023-04-10T02:09:19+00:00","description":"Markt-XXL PG-560XL CL-561XL Druckerpatronen Kompatibel f\u00fcr Canon PG 560 CL 561 XL Multipack f\u00fcr Canon Pixma TS5350 TS5351 TS5352\u2026","breadcrumb":{"@id":"https:\/\/marktxxl.de\/markt\/produkt\/wiseta-pg-560xl-cl-561xl-druckerpatronen-kompatibel-fuer-canon-pg-560-cl-561-xl-multipack-fuer-canon-pixma-ts5350-ts5351-ts5352-ts-5350-ts-5351-ts-5352-ts7450-ts7451-1-schwarz-1-farbe\/#breadcrumb"},"inLanguage":"de","potentialAction":[{"@type":"ReadAction","target":["https:\/\/marktxxl.de\/markt\/produkt\/wiseta-pg-560xl-cl-561xl-druckerpatronen-kompatibel-fuer-canon-pg-560-cl-561-xl-multipack-fuer-canon-pixma-ts5350-ts5351-ts5352-ts-5350-ts-5351-ts-5352-ts7450-ts7451-1-schwarz-1-farbe\/"]}]},{"@type":"ImageObject","inLanguage":"de","@id":"https:\/\/marktxxl.de\/markt\/produkt\/wiseta-pg-560xl-cl-561xl-druckerpatronen-kompatibel-fuer-canon-pg-560-cl-561-xl-multipack-fuer-canon-pixma-ts5350-ts5351-ts5352-ts-5350-ts-5351-ts-5352-ts7450-ts7451-1-schwarz-1-farbe\/#primaryimage","url":"https:\/\/m.media-amazon.com\/images\/I\/41Ey6OzDqmL._SL500_.jpg","contentUrl":"https:\/\/m.media-amazon.com\/images\/I\/41Ey6OzDqmL._SL500_.jpg","width":500,"height":500},{"@type":"BreadcrumbList","@id":"https:\/\/marktxxl.de\/markt\/produkt\/wiseta-pg-560xl-cl-561xl-druckerpatronen-kompatibel-fuer-canon-pg-560-cl-561-xl-multipack-fuer-canon-pixma-ts5350-ts5351-ts5352-ts-5350-ts-5351-ts-5352-ts7450-ts7451-1-schwarz-1-farbe\/#breadcrumb","itemListElement":[{"@type":"ListItem","position":1,"name":"Startseite","item":"https:\/\/marktxxl.de\/markt\/"},{"@type":"ListItem","position":2,"name":"Markt","item":"https:\/\/marktxxl.de\/markt\/"},{"@type":"ListItem","position":3,"name":"PG-560XL CL-561XL Druckerpatronen Kompatibel f\u00fcr Canon PG 560 CL 561 XL Multipack f\u00fcr Canon Pixma TS5350 TS5351 TS5352\u2026"}]},{"@type":"WebSite","@id":"https:\/\/marktxxl.de\/markt\/#website","url":"https:\/\/marktxxl.de\/markt\/","name":"Markt-XXL","description":"Ihr Markt Online","publisher":{"@id":"https:\/\/marktxxl.de\/markt\/#organization"},"potentialAction":[{"@type":"SearchAction","target":{"@type":"EntryPoint","urlTemplate":"https:\/\/marktxxl.de\/markt\/?s={search_term_string}"},"query-input":{"@type":"PropertyValueSpecification","valueRequired":true,"valueName":"search_term_string"}}],"inLanguage":"de"},{"@type":"Organization","@id":"https:\/\/marktxxl.de\/markt\/#organization","name":"Markt-XXL","url":"https:\/\/marktxxl.de\/markt\/","logo":{"@type":"ImageObject","inLanguage":"de","@id":"https:\/\/marktxxl.de\/markt\/#\/schema\/logo\/image\/","url":"https:\/\/marktxxl.de\/markt\/wp-content\/uploads\/sites\/3\/2020\/12\/logo.png","contentUrl":"https:\/\/marktxxl.de\/markt\/wp-content\/uploads\/sites\/3\/2020\/12\/logo.png","width":200,"height":70,"caption":"Markt-XXL"},"image":{"@id":"https:\/\/marktxxl.de\/markt\/#\/schema\/logo\/image\/"}}]}},"_links":{"self":[{"href":"https:\/\/marktxxl.de\/markt\/wp-json\/wp\/v2\/product\/131503","targetHints":{"allow":["GET"]}}],"collection":[{"href":"https:\/\/marktxxl.de\/markt\/wp-json\/wp\/v2\/product"}],"about":[{"href":"https:\/\/marktxxl.de\/markt\/wp-json\/wp\/v2\/types\/product"}],"replies":[{"embeddable":true,"href":"https:\/\/marktxxl.de\/markt\/wp-json\/wp\/v2\/comments?post=131503"}],"wp:featuredmedia":[{"embeddable":true,"href":"https:\/\/marktxxl.de\/markt\/wp-json\/wp\/v2\/media\/131504"}],"wp:attachment":[{"href":"https:\/\/marktxxl.de\/markt\/wp-json\/wp\/v2\/media?parent=131503"}],"wp:term":[{"taxonomy":"product_brand","embeddable":true,"href":"https:\/\/marktxxl.de\/markt\/wp-json\/wp\/v2\/product_brand?post=131503"},{"taxonomy":"product_cat","embeddable":true,"href":"https:\/\/marktxxl.de\/markt\/wp-json\/wp\/v2\/product_cat?post=131503"},{"taxonomy":"product_tag","embeddable":true,"href":"https:\/\/marktxxl.de\/markt\/wp-json\/wp\/v2\/product_tag?post=131503"}],"curies":[{"name":"wp","href":"https:\/\/api.w.org\/{rel}","templated":true}]}}