{"id":131419,"date":"2022-06-14T07:25:40","date_gmt":"2022-06-14T05:25:40","guid":{"rendered":"https:\/\/marktxxl.de\/markt\/produkt\/mixoo-touchscreen-stift-4-stueck-stulys-pen-2-in-1-eingabestift-universal-gummi-touch-pen-fuer-alle-tablets-smartphone-kompatibel-mit-samsung-ipad-android-iosschwarzsilberrosegoldblau\/"},"modified":"2023-04-10T04:09:18","modified_gmt":"2023-04-10T02:09:18","slug":"mixoo-touchscreen-stift-4-stueck-stulys-pen-2-in-1-eingabestift-universal-gummi-touch-pen-fuer-alle-tablets-smartphone-kompatibel-mit-samsung-ipad-android-iosschwarzsilberrosegoldblau","status":"publish","type":"product","link":"https:\/\/marktxxl.de\/markt\/produkt\/mixoo-touchscreen-stift-4-stueck-stulys-pen-2-in-1-eingabestift-universal-gummi-touch-pen-fuer-alle-tablets-smartphone-kompatibel-mit-samsung-ipad-android-iosschwarzsilberrosegoldblau\/","title":{"rendered":"Mixoo Touchscreen Stift 4 St\u00fcck Stylus Pen, 2-in-1 Eingabestift Universal Gummi Touch Pen f\u00fcr alle Tablets\/Smartphone\u2026"},"content":{"rendered":"<p>Kompatibilit\u00e4t: Mixoo stylus stift 100 % kompatibel mit Apple\/ipad\/Samsung Galaxy\/Xiaomi\/IOS\/Android\/Tablet\/alle Touchscreen Ger\u00e4te.<br \/>\nSch\u00fctzen Sie Bildschirm: Die Spitze besteht aus weichem Silikonmaterial f\u00fcr kapazitiven Touchscreen, der Ihren Bildschirm vor Kratzern sch\u00fctzt und keine Fingerabdr\u00fccke hinterl\u00e4sst.<br \/>\nHohe Empfindlichkeit: Auf beiden Seiten des stylus pen befinden sich 2 verschiedene Gr\u00f6\u00dfen von Gummispitzen (7 mm\/5 mm), um Ihren unterschiedlichen Anforderungen gerecht zu werden und Ihnen ein reibungsloses Zeichnen und ein reaktionsschnelles Schreiberlebnis auf dem Touchscreen zu bieten.<br \/>\nLeicht zu Tragen: Tablet pencil ist 14 cm lang und wiegt etwa 19 Gramm; Bluetooth und Netzteil sind nicht erforderlich, es kann in eine Tasche gesteckt und jederzeit und \u00fcberall verwendet werden.<br \/>\nWarme Hinweis: Dieser handy stift wird mit vier 7-mm-Silikonspitzen und vier 5-mm-Silikonspitzen geliefert, wodurch die Lebensdauer des Stifts effektiv verl\u00e4ngert wird. Wir geben Ihnen eine 30-t\u00e4gige R\u00fcckerstattung bei Unzufriedenheit und 12 Monate Kundenservice.<br \/>\n<div class=\"main-cross-sell\" data-asin=\"B0B1T4QH8T\">\n\n\t<div class=\"WooZone-cross-sell-loader\">\n\t\t<div>\n\t\t\t<div id=\"floatingBarsG\">\n\t\t\t\t<div class=\"blockG\" id=\"rotateG_01\"><\/div>\n\t\t\t\t<div class=\"blockG\" id=\"rotateG_02\"><\/div>\n\t\t\t\t<div class=\"blockG\" id=\"rotateG_03\"><\/div>\n\t\t\t\t<div class=\"blockG\" id=\"rotateG_04\"><\/div>\n\t\t\t\t<div class=\"blockG\" id=\"rotateG_05\"><\/div>\n\t\t\t\t<div class=\"blockG\" id=\"rotateG_06\"><\/div>\n\t\t\t\t<div class=\"blockG\" id=\"rotateG_07\"><\/div>\n\t\t\t\t<div class=\"blockG\" id=\"rotateG_08\"><\/div>\n\t\t\t<\/div>\n\t\t\t<div class=\"WooZone-cross-sell-loader-text\"><\/div>\n\t\t<\/div>\n\t<\/div>\n\n\t\t\n<\/div>\n<div style=\"clear:both;\"><\/div><\/p>\n","protected":false},"excerpt":{"rendered":"<p>Kompatibilit\u00e4t: Mixoo stylus stift 100 % kompatibel mit Apple\/ipad\/Samsung Galaxy\/Xiaomi\/IOS\/Android\/Tablet\/alle Touchscreen Ger\u00e4te.<br \/>\nSch\u00fctzen Sie Bildschirm: Die Spitze besteht aus weichem Silikonmaterial f\u00fcr kapazitiven Touchscreen, der Ihren Bildschirm vor Kratzern sch\u00fctzt und keine Fingerabdr\u00fccke hinterl\u00e4sst.<br \/>\nHohe Empfindlichkeit: Auf beiden Seiten des stylus pen befinden sich 2 verschiedene Gr\u00f6\u00dfen von Gummispitzen (7 mm\/5 mm), um Ihren unterschiedlichen Anforderungen gerecht zu werden und Ihnen ein reibungsloses Zeichnen und ein reaktionsschnelles Schreiberlebnis auf dem Touchscreen zu bieten.<\/p>\n","protected":false},"featured_media":131420,"comment_status":"open","ping_status":"closed","template":"","meta":[],"product_brand":[],"product_cat":[863],"product_tag":[],"class_list":{"0":"post-131419","1":"product","2":"type-product","3":"status-publish","4":"has-post-thumbnail","6":"product_cat-computer-zubehoer","7":"pa_brand-mixoo","8":"pa_manufacturer-mixoo","9":"pa_warranty-1013","11":"first","12":"instock","13":"shipping-taxable","14":"purchasable","15":"product-type-simple","16":"customify-col","17":"product-has-gallery"},"yoast_head":"<!-- This site is optimized with the Yoast SEO plugin v27.3 - https:\/\/yoast.com\/product\/yoast-seo-wordpress\/ -->\n<title>Mixoo Touchscreen Stift 4 St\u00fcck Stylus Pen, 2-in-1 Eingabestift Universal Gummi Touch Pen f\u00fcr alle Tablets\/Smartphone\u2026 - Markt-XXL<\/title>\n<meta name=\"description\" content=\"Markt-XXL Mixoo Touchscreen Stift 4 St\u00fcck Stylus Pen, 2-in-1 Eingabestift Universal Gummi Touch Pen f\u00fcr alle Tablets\/Smartphone\u2026\" \/>\n<meta name=\"robots\" content=\"index, follow, max-snippet:-1, max-image-preview:large, max-video-preview:-1\" \/>\n<link rel=\"canonical\" href=\"https:\/\/marktxxl.de\/markt\/produkt\/mixoo-touchscreen-stift-4-stueck-stulys-pen-2-in-1-eingabestift-universal-gummi-touch-pen-fuer-alle-tablets-smartphone-kompatibel-mit-samsung-ipad-android-iosschwarzsilberrosegoldblau\/\" \/>\n<meta property=\"og:locale\" content=\"de_DE\" \/>\n<meta property=\"og:type\" content=\"article\" \/>\n<meta property=\"og:title\" content=\"Mixoo Touchscreen Stift 4 St\u00fcck Stylus Pen, 2-in-1 Eingabestift Universal Gummi Touch Pen f\u00fcr alle Tablets\/Smartphone\u2026 - Markt-XXL\" \/>\n<meta property=\"og:description\" content=\"Markt-XXL Mixoo Touchscreen Stift 4 St\u00fcck Stylus Pen, 2-in-1 Eingabestift Universal Gummi Touch Pen f\u00fcr alle Tablets\/Smartphone\u2026\" \/>\n<meta property=\"og:url\" content=\"https:\/\/marktxxl.de\/markt\/produkt\/mixoo-touchscreen-stift-4-stueck-stulys-pen-2-in-1-eingabestift-universal-gummi-touch-pen-fuer-alle-tablets-smartphone-kompatibel-mit-samsung-ipad-android-iosschwarzsilberrosegoldblau\/\" \/>\n<meta property=\"og:site_name\" content=\"Markt-XXL\" \/>\n<meta property=\"article:modified_time\" content=\"2023-04-10T02:09:18+00:00\" \/>\n<meta property=\"og:image\" content=\"https:\/\/m.media-amazon.com\/images\/I\/41MvUDaqSfL._SL500_.jpg\" \/>\n\t<meta property=\"og:image:width\" content=\"500\" \/>\n\t<meta property=\"og:image:height\" content=\"500\" \/>\n\t<meta property=\"og:image:type\" content=\"image\/jpeg\" \/>\n<meta name=\"twitter:card\" content=\"summary_large_image\" \/>\n<meta name=\"twitter:label1\" content=\"Gesch\u00e4tzte Lesezeit\" \/>\n\t<meta name=\"twitter:data1\" content=\"1\u00a0Minute\" \/>\n<script type=\"application\/ld+json\" class=\"yoast-schema-graph\">{\"@context\":\"https:\\\/\\\/schema.org\",\"@graph\":[{\"@type\":\"WebPage\",\"@id\":\"https:\\\/\\\/marktxxl.de\\\/markt\\\/produkt\\\/mixoo-touchscreen-stift-4-stueck-stulys-pen-2-in-1-eingabestift-universal-gummi-touch-pen-fuer-alle-tablets-smartphone-kompatibel-mit-samsung-ipad-android-iosschwarzsilberrosegoldblau\\\/\",\"url\":\"https:\\\/\\\/marktxxl.de\\\/markt\\\/produkt\\\/mixoo-touchscreen-stift-4-stueck-stulys-pen-2-in-1-eingabestift-universal-gummi-touch-pen-fuer-alle-tablets-smartphone-kompatibel-mit-samsung-ipad-android-iosschwarzsilberrosegoldblau\\\/\",\"name\":\"Mixoo Touchscreen Stift 4 St\u00fcck Stylus Pen, 2-in-1 Eingabestift Universal Gummi Touch Pen f\u00fcr alle Tablets\\\/Smartphone\u2026 - Markt-XXL\",\"isPartOf\":{\"@id\":\"https:\\\/\\\/marktxxl.de\\\/markt\\\/#website\"},\"primaryImageOfPage\":{\"@id\":\"https:\\\/\\\/marktxxl.de\\\/markt\\\/produkt\\\/mixoo-touchscreen-stift-4-stueck-stulys-pen-2-in-1-eingabestift-universal-gummi-touch-pen-fuer-alle-tablets-smartphone-kompatibel-mit-samsung-ipad-android-iosschwarzsilberrosegoldblau\\\/#primaryimage\"},\"image\":{\"@id\":\"https:\\\/\\\/marktxxl.de\\\/markt\\\/produkt\\\/mixoo-touchscreen-stift-4-stueck-stulys-pen-2-in-1-eingabestift-universal-gummi-touch-pen-fuer-alle-tablets-smartphone-kompatibel-mit-samsung-ipad-android-iosschwarzsilberrosegoldblau\\\/#primaryimage\"},\"thumbnailUrl\":\"https:\\\/\\\/m.media-amazon.com\\\/images\\\/I\\\/41MvUDaqSfL._SL500_.jpg\",\"datePublished\":\"2022-06-14T05:25:40+00:00\",\"dateModified\":\"2023-04-10T02:09:18+00:00\",\"description\":\"Markt-XXL Mixoo Touchscreen Stift 4 St\u00fcck Stylus Pen, 2-in-1 Eingabestift Universal Gummi Touch Pen f\u00fcr alle Tablets\\\/Smartphone\u2026\",\"breadcrumb\":{\"@id\":\"https:\\\/\\\/marktxxl.de\\\/markt\\\/produkt\\\/mixoo-touchscreen-stift-4-stueck-stulys-pen-2-in-1-eingabestift-universal-gummi-touch-pen-fuer-alle-tablets-smartphone-kompatibel-mit-samsung-ipad-android-iosschwarzsilberrosegoldblau\\\/#breadcrumb\"},\"inLanguage\":\"de\",\"potentialAction\":[{\"@type\":\"ReadAction\",\"target\":[\"https:\\\/\\\/marktxxl.de\\\/markt\\\/produkt\\\/mixoo-touchscreen-stift-4-stueck-stulys-pen-2-in-1-eingabestift-universal-gummi-touch-pen-fuer-alle-tablets-smartphone-kompatibel-mit-samsung-ipad-android-iosschwarzsilberrosegoldblau\\\/\"]}]},{\"@type\":\"ImageObject\",\"inLanguage\":\"de\",\"@id\":\"https:\\\/\\\/marktxxl.de\\\/markt\\\/produkt\\\/mixoo-touchscreen-stift-4-stueck-stulys-pen-2-in-1-eingabestift-universal-gummi-touch-pen-fuer-alle-tablets-smartphone-kompatibel-mit-samsung-ipad-android-iosschwarzsilberrosegoldblau\\\/#primaryimage\",\"url\":\"https:\\\/\\\/m.media-amazon.com\\\/images\\\/I\\\/41MvUDaqSfL._SL500_.jpg\",\"contentUrl\":\"https:\\\/\\\/m.media-amazon.com\\\/images\\\/I\\\/41MvUDaqSfL._SL500_.jpg\",\"width\":500,\"height\":500},{\"@type\":\"BreadcrumbList\",\"@id\":\"https:\\\/\\\/marktxxl.de\\\/markt\\\/produkt\\\/mixoo-touchscreen-stift-4-stueck-stulys-pen-2-in-1-eingabestift-universal-gummi-touch-pen-fuer-alle-tablets-smartphone-kompatibel-mit-samsung-ipad-android-iosschwarzsilberrosegoldblau\\\/#breadcrumb\",\"itemListElement\":[{\"@type\":\"ListItem\",\"position\":1,\"name\":\"Startseite\",\"item\":\"https:\\\/\\\/marktxxl.de\\\/markt\\\/\"},{\"@type\":\"ListItem\",\"position\":2,\"name\":\"Markt\",\"item\":\"https:\\\/\\\/marktxxl.de\\\/markt\\\/\"},{\"@type\":\"ListItem\",\"position\":3,\"name\":\"Mixoo Touchscreen Stift 4 St\u00fcck Stylus Pen, 2-in-1 Eingabestift Universal Gummi Touch Pen f\u00fcr alle Tablets\\\/Smartphone\u2026\"}]},{\"@type\":\"WebSite\",\"@id\":\"https:\\\/\\\/marktxxl.de\\\/markt\\\/#website\",\"url\":\"https:\\\/\\\/marktxxl.de\\\/markt\\\/\",\"name\":\"Markt-XXL\",\"description\":\"Ihr Markt Online\",\"publisher\":{\"@id\":\"https:\\\/\\\/marktxxl.de\\\/markt\\\/#organization\"},\"potentialAction\":[{\"@type\":\"SearchAction\",\"target\":{\"@type\":\"EntryPoint\",\"urlTemplate\":\"https:\\\/\\\/marktxxl.de\\\/markt\\\/?s={search_term_string}\"},\"query-input\":{\"@type\":\"PropertyValueSpecification\",\"valueRequired\":true,\"valueName\":\"search_term_string\"}}],\"inLanguage\":\"de\"},{\"@type\":\"Organization\",\"@id\":\"https:\\\/\\\/marktxxl.de\\\/markt\\\/#organization\",\"name\":\"Markt-XXL\",\"url\":\"https:\\\/\\\/marktxxl.de\\\/markt\\\/\",\"logo\":{\"@type\":\"ImageObject\",\"inLanguage\":\"de\",\"@id\":\"https:\\\/\\\/marktxxl.de\\\/markt\\\/#\\\/schema\\\/logo\\\/image\\\/\",\"url\":\"https:\\\/\\\/marktxxl.de\\\/markt\\\/wp-content\\\/uploads\\\/sites\\\/3\\\/2020\\\/12\\\/logo.png\",\"contentUrl\":\"https:\\\/\\\/marktxxl.de\\\/markt\\\/wp-content\\\/uploads\\\/sites\\\/3\\\/2020\\\/12\\\/logo.png\",\"width\":200,\"height\":70,\"caption\":\"Markt-XXL\"},\"image\":{\"@id\":\"https:\\\/\\\/marktxxl.de\\\/markt\\\/#\\\/schema\\\/logo\\\/image\\\/\"}}]}<\/script>\n<!-- \/ Yoast SEO plugin. -->","yoast_head_json":{"title":"Mixoo Touchscreen Stift 4 St\u00fcck Stylus Pen, 2-in-1 Eingabestift Universal Gummi Touch Pen f\u00fcr alle Tablets\/Smartphone\u2026 - Markt-XXL","description":"Markt-XXL Mixoo Touchscreen Stift 4 St\u00fcck Stylus Pen, 2-in-1 Eingabestift Universal Gummi Touch Pen f\u00fcr alle Tablets\/Smartphone\u2026","robots":{"index":"index","follow":"follow","max-snippet":"max-snippet:-1","max-image-preview":"max-image-preview:large","max-video-preview":"max-video-preview:-1"},"canonical":"https:\/\/marktxxl.de\/markt\/produkt\/mixoo-touchscreen-stift-4-stueck-stulys-pen-2-in-1-eingabestift-universal-gummi-touch-pen-fuer-alle-tablets-smartphone-kompatibel-mit-samsung-ipad-android-iosschwarzsilberrosegoldblau\/","og_locale":"de_DE","og_type":"article","og_title":"Mixoo Touchscreen Stift 4 St\u00fcck Stylus Pen, 2-in-1 Eingabestift Universal Gummi Touch Pen f\u00fcr alle Tablets\/Smartphone\u2026 - Markt-XXL","og_description":"Markt-XXL Mixoo Touchscreen Stift 4 St\u00fcck Stylus Pen, 2-in-1 Eingabestift Universal Gummi Touch Pen f\u00fcr alle Tablets\/Smartphone\u2026","og_url":"https:\/\/marktxxl.de\/markt\/produkt\/mixoo-touchscreen-stift-4-stueck-stulys-pen-2-in-1-eingabestift-universal-gummi-touch-pen-fuer-alle-tablets-smartphone-kompatibel-mit-samsung-ipad-android-iosschwarzsilberrosegoldblau\/","og_site_name":"Markt-XXL","article_modified_time":"2023-04-10T02:09:18+00:00","og_image":[{"width":500,"height":500,"url":"https:\/\/m.media-amazon.com\/images\/I\/41MvUDaqSfL._SL500_.jpg","type":"image\/jpeg"}],"twitter_card":"summary_large_image","twitter_misc":{"Gesch\u00e4tzte Lesezeit":"1\u00a0Minute"},"schema":{"@context":"https:\/\/schema.org","@graph":[{"@type":"WebPage","@id":"https:\/\/marktxxl.de\/markt\/produkt\/mixoo-touchscreen-stift-4-stueck-stulys-pen-2-in-1-eingabestift-universal-gummi-touch-pen-fuer-alle-tablets-smartphone-kompatibel-mit-samsung-ipad-android-iosschwarzsilberrosegoldblau\/","url":"https:\/\/marktxxl.de\/markt\/produkt\/mixoo-touchscreen-stift-4-stueck-stulys-pen-2-in-1-eingabestift-universal-gummi-touch-pen-fuer-alle-tablets-smartphone-kompatibel-mit-samsung-ipad-android-iosschwarzsilberrosegoldblau\/","name":"Mixoo Touchscreen Stift 4 St\u00fcck Stylus Pen, 2-in-1 Eingabestift Universal Gummi Touch Pen f\u00fcr alle Tablets\/Smartphone\u2026 - Markt-XXL","isPartOf":{"@id":"https:\/\/marktxxl.de\/markt\/#website"},"primaryImageOfPage":{"@id":"https:\/\/marktxxl.de\/markt\/produkt\/mixoo-touchscreen-stift-4-stueck-stulys-pen-2-in-1-eingabestift-universal-gummi-touch-pen-fuer-alle-tablets-smartphone-kompatibel-mit-samsung-ipad-android-iosschwarzsilberrosegoldblau\/#primaryimage"},"image":{"@id":"https:\/\/marktxxl.de\/markt\/produkt\/mixoo-touchscreen-stift-4-stueck-stulys-pen-2-in-1-eingabestift-universal-gummi-touch-pen-fuer-alle-tablets-smartphone-kompatibel-mit-samsung-ipad-android-iosschwarzsilberrosegoldblau\/#primaryimage"},"thumbnailUrl":"https:\/\/m.media-amazon.com\/images\/I\/41MvUDaqSfL._SL500_.jpg","datePublished":"2022-06-14T05:25:40+00:00","dateModified":"2023-04-10T02:09:18+00:00","description":"Markt-XXL Mixoo Touchscreen Stift 4 St\u00fcck Stylus Pen, 2-in-1 Eingabestift Universal Gummi Touch Pen f\u00fcr alle Tablets\/Smartphone\u2026","breadcrumb":{"@id":"https:\/\/marktxxl.de\/markt\/produkt\/mixoo-touchscreen-stift-4-stueck-stulys-pen-2-in-1-eingabestift-universal-gummi-touch-pen-fuer-alle-tablets-smartphone-kompatibel-mit-samsung-ipad-android-iosschwarzsilberrosegoldblau\/#breadcrumb"},"inLanguage":"de","potentialAction":[{"@type":"ReadAction","target":["https:\/\/marktxxl.de\/markt\/produkt\/mixoo-touchscreen-stift-4-stueck-stulys-pen-2-in-1-eingabestift-universal-gummi-touch-pen-fuer-alle-tablets-smartphone-kompatibel-mit-samsung-ipad-android-iosschwarzsilberrosegoldblau\/"]}]},{"@type":"ImageObject","inLanguage":"de","@id":"https:\/\/marktxxl.de\/markt\/produkt\/mixoo-touchscreen-stift-4-stueck-stulys-pen-2-in-1-eingabestift-universal-gummi-touch-pen-fuer-alle-tablets-smartphone-kompatibel-mit-samsung-ipad-android-iosschwarzsilberrosegoldblau\/#primaryimage","url":"https:\/\/m.media-amazon.com\/images\/I\/41MvUDaqSfL._SL500_.jpg","contentUrl":"https:\/\/m.media-amazon.com\/images\/I\/41MvUDaqSfL._SL500_.jpg","width":500,"height":500},{"@type":"BreadcrumbList","@id":"https:\/\/marktxxl.de\/markt\/produkt\/mixoo-touchscreen-stift-4-stueck-stulys-pen-2-in-1-eingabestift-universal-gummi-touch-pen-fuer-alle-tablets-smartphone-kompatibel-mit-samsung-ipad-android-iosschwarzsilberrosegoldblau\/#breadcrumb","itemListElement":[{"@type":"ListItem","position":1,"name":"Startseite","item":"https:\/\/marktxxl.de\/markt\/"},{"@type":"ListItem","position":2,"name":"Markt","item":"https:\/\/marktxxl.de\/markt\/"},{"@type":"ListItem","position":3,"name":"Mixoo Touchscreen Stift 4 St\u00fcck Stylus Pen, 2-in-1 Eingabestift Universal Gummi Touch Pen f\u00fcr alle Tablets\/Smartphone\u2026"}]},{"@type":"WebSite","@id":"https:\/\/marktxxl.de\/markt\/#website","url":"https:\/\/marktxxl.de\/markt\/","name":"Markt-XXL","description":"Ihr Markt Online","publisher":{"@id":"https:\/\/marktxxl.de\/markt\/#organization"},"potentialAction":[{"@type":"SearchAction","target":{"@type":"EntryPoint","urlTemplate":"https:\/\/marktxxl.de\/markt\/?s={search_term_string}"},"query-input":{"@type":"PropertyValueSpecification","valueRequired":true,"valueName":"search_term_string"}}],"inLanguage":"de"},{"@type":"Organization","@id":"https:\/\/marktxxl.de\/markt\/#organization","name":"Markt-XXL","url":"https:\/\/marktxxl.de\/markt\/","logo":{"@type":"ImageObject","inLanguage":"de","@id":"https:\/\/marktxxl.de\/markt\/#\/schema\/logo\/image\/","url":"https:\/\/marktxxl.de\/markt\/wp-content\/uploads\/sites\/3\/2020\/12\/logo.png","contentUrl":"https:\/\/marktxxl.de\/markt\/wp-content\/uploads\/sites\/3\/2020\/12\/logo.png","width":200,"height":70,"caption":"Markt-XXL"},"image":{"@id":"https:\/\/marktxxl.de\/markt\/#\/schema\/logo\/image\/"}}]}},"_links":{"self":[{"href":"https:\/\/marktxxl.de\/markt\/wp-json\/wp\/v2\/product\/131419","targetHints":{"allow":["GET"]}}],"collection":[{"href":"https:\/\/marktxxl.de\/markt\/wp-json\/wp\/v2\/product"}],"about":[{"href":"https:\/\/marktxxl.de\/markt\/wp-json\/wp\/v2\/types\/product"}],"replies":[{"embeddable":true,"href":"https:\/\/marktxxl.de\/markt\/wp-json\/wp\/v2\/comments?post=131419"}],"wp:featuredmedia":[{"embeddable":true,"href":"https:\/\/marktxxl.de\/markt\/wp-json\/wp\/v2\/media\/131420"}],"wp:attachment":[{"href":"https:\/\/marktxxl.de\/markt\/wp-json\/wp\/v2\/media?parent=131419"}],"wp:term":[{"taxonomy":"product_brand","embeddable":true,"href":"https:\/\/marktxxl.de\/markt\/wp-json\/wp\/v2\/product_brand?post=131419"},{"taxonomy":"product_cat","embeddable":true,"href":"https:\/\/marktxxl.de\/markt\/wp-json\/wp\/v2\/product_cat?post=131419"},{"taxonomy":"product_tag","embeddable":true,"href":"https:\/\/marktxxl.de\/markt\/wp-json\/wp\/v2\/product_tag?post=131419"}],"curies":[{"name":"wp","href":"https:\/\/api.w.org\/{rel}","templated":true}]}}