{"id":131098,"date":"2022-06-14T06:37:24","date_gmt":"2022-06-14T04:37:24","guid":{"rendered":"https:\/\/marktxxl.de\/markt\/produkt\/unbekannt-hudson-durable-goods-schwere-gewachste-canvas-schuerze-braun-holz-ausgabe-passt-m-bis-xxl\/"},"modified":"2023-04-10T04:09:12","modified_gmt":"2023-04-10T02:09:12","slug":"unbekannt-hudson-durable-goods-schwere-gewachste-canvas-schuerze-braun-holz-ausgabe-passt-m-bis-xxl","status":"publish","type":"product","link":"https:\/\/marktxxl.de\/markt\/produkt\/unbekannt-hudson-durable-goods-schwere-gewachste-canvas-schuerze-braun-holz-ausgabe-passt-m-bis-xxl\/","title":{"rendered":"Hudson Durable Goods Schwere gewachste Canvas-Sch\u00fcrze"},"content":{"rendered":"<p>drechsler edition: unser flaggschiff arbeitssch\u00fcrze f\u00fcr die holz enthusiasten aktualisiert oder pro. ausgestattet mit gepolsterten riemen, s\u00e4gesp\u00e4ne klappen \u00fcber taschen, zwei h\u00e4mmer schlaufen, einen schnellspanner schnallenverschluss und zus\u00e4tzliche bleistifttaschen f\u00fcr komfort der ganzen tages. brown farbe versteckt s\u00e4gesp\u00e4ne und erinnert an die robusten look!<br \/>\nbuilt-to-last: bauqualit\u00e4t, die nachahmer nicht mithalten k\u00f6nnen! handarbeit aus wasserdicht und robust 16 unzen gewachstem canvas. verst\u00e4rkt mit schwergewichtigen messing-\u00f6sen und nieten. doppelt gen\u00e4hte werkzeugtaschen und dicke obere und untere s\u00e4ume f\u00fcr st\u00e4rke und struktur. beat it up. wir wagen ya!<br \/>\nall day comfort + ma\u00dfgeschneiderte fit: nackenschmerzen mit gepolstertem (abnehmbar) verhindern \u00fcberqueren r\u00fcckengurte. vollst\u00e4ndige abdeckung latzsch\u00fcrze ist 27 zoll breit x 34 zoll gro\u00df f\u00fcr unisex sizing (empfohlen f\u00fcr 5&#8242; 2&#8243; oder h\u00f6her). grommets + lange riemen + schnalle f\u00fcr eine reihe von einstellungen vorgenommen werden k\u00f6nnen bis zu einer 50-zoll-taille!<br \/>\ntool pockets &amp; loops: staubklappen sch\u00fctzt gro\u00dfe, einfachen zugang werkzeuge \/ zubeh\u00f6r taschen vorne (8 x 6,5 zoll jeweils pa\u00dft tischler platz). schneller zugriff handy \/ bleistift taschen auf der vorderseite der brust. large \u201ek\u00e4nguruh\u201c arthand tasche mit schnappverschl\u00fcssen. dual hammerschlaufen mit nieten. aufh\u00e4nge\u00f6se auf der r\u00fcckseite des bib.<br \/>\nbreit anwendung: handels\u00fcbliche qualit\u00e4t mann sch\u00fcrze, holzgesch\u00e4ft sch\u00fcrze f\u00fcr tischler, holzbearbeitungswerkzeug und zubeh\u00f6r, holzgesch\u00e4ft, werkstatt, garage, maschinist sch\u00fcrze, dreharbeiten, lederarbeiten, metallarbeiten, licht schwei\u00dfen, kunstschmied, schmied, b\u00fcchsenmacher, schnitzkunst, xl herren-sch\u00fcrze, einzigartiges geschenk etc. f\u00fcr m\u00e4nner und v\u00e4ter.<br \/>\n<div class=\"main-cross-sell\" data-asin=\"B0798WWM89\">\n\n\t<div class=\"WooZone-cross-sell-loader\">\n\t\t<div>\n\t\t\t<div id=\"floatingBarsG\">\n\t\t\t\t<div class=\"blockG\" id=\"rotateG_01\"><\/div>\n\t\t\t\t<div class=\"blockG\" id=\"rotateG_02\"><\/div>\n\t\t\t\t<div class=\"blockG\" id=\"rotateG_03\"><\/div>\n\t\t\t\t<div class=\"blockG\" id=\"rotateG_04\"><\/div>\n\t\t\t\t<div class=\"blockG\" id=\"rotateG_05\"><\/div>\n\t\t\t\t<div class=\"blockG\" id=\"rotateG_06\"><\/div>\n\t\t\t\t<div class=\"blockG\" id=\"rotateG_07\"><\/div>\n\t\t\t\t<div class=\"blockG\" id=\"rotateG_08\"><\/div>\n\t\t\t<\/div>\n\t\t\t<div class=\"WooZone-cross-sell-loader-text\"><\/div>\n\t\t<\/div>\n\t<\/div>\n\n\t\t\n<\/div>\n<div style=\"clear:both;\"><\/div><\/p>\n","protected":false},"excerpt":{"rendered":"<p>drechsler edition: unser flaggschiff arbeitssch\u00fcrze f\u00fcr die holz enthusiasten aktualisiert oder pro. ausgestattet mit gepolsterten riemen, s\u00e4gesp\u00e4ne klappen \u00fcber taschen, zwei h\u00e4mmer schlaufen, einen schnellspanner schnallenverschluss und zus\u00e4tzliche bleistifttaschen f\u00fcr komfort der ganzen tages. brown farbe versteckt s\u00e4gesp\u00e4ne und erinnert an die robusten look!<br \/>\nbuilt-to-last: bauqualit\u00e4t, die nachahmer nicht mithalten k\u00f6nnen! handarbeit aus wasserdicht und robust 16 unzen gewachstem canvas. verst\u00e4rkt mit schwergewichtigen messing-\u00f6sen und nieten. doppelt gen\u00e4hte werkzeugtaschen und dicke obere und untere s\u00e4ume f\u00fcr st\u00e4rke und struktur. beat it up. wir wagen ya!<br \/>\nall day comfort + ma\u00dfgeschneiderte fit: nackenschmerzen mit gepolstertem (abnehmbar) verhindern \u00fcberqueren r\u00fcckengurte. vollst\u00e4ndige abdeckung latzsch\u00fcrze ist 27 zoll breit x 34 zoll gro\u00df f\u00fcr unisex sizing (empfohlen f\u00fcr 5&#8242; 2&#8243; oder h\u00f6her). grommets + lange riemen + schnalle f\u00fcr eine reihe von einstellungen vorgenommen werden k\u00f6nnen bis zu einer 50-zoll-taille!<\/p>\n","protected":false},"featured_media":131099,"comment_status":"open","ping_status":"closed","template":"","meta":[],"product_brand":[],"product_cat":[4143,1186],"product_tag":[],"class_list":{"0":"post-131098","1":"product","2":"type-product","3":"status-publish","4":"has-post-thumbnail","6":"product_cat-arbeitskleidung-uniformen","7":"product_cat-bekleidung","8":"pa_binding-misc","9":"pa_brand-unbekannt","10":"pa_color-braun","11":"pa_manufacturer-hudson-durable-goods","12":"pa_size-passt-m-bis-xxl","14":"first","15":"instock","16":"shipping-taxable","17":"purchasable","18":"product-type-simple","19":"customify-col","20":"product-has-gallery"},"yoast_head":"<!-- This site is optimized with the Yoast SEO plugin v27.4 - https:\/\/yoast.com\/product\/yoast-seo-wordpress\/ -->\n<title>Hudson Durable Goods Schwere gewachste Canvas-Sch\u00fcrze - Markt-XXL<\/title>\n<meta name=\"description\" content=\"Markt-XXL Hudson Durable Goods Schwere gewachste Canvas-Sch\u00fcrze\" \/>\n<meta name=\"robots\" content=\"index, follow, max-snippet:-1, max-image-preview:large, max-video-preview:-1\" \/>\n<link rel=\"canonical\" href=\"https:\/\/marktxxl.de\/markt\/produkt\/unbekannt-hudson-durable-goods-schwere-gewachste-canvas-schuerze-braun-holz-ausgabe-passt-m-bis-xxl\/\" \/>\n<meta property=\"og:locale\" content=\"de_DE\" \/>\n<meta property=\"og:type\" content=\"article\" \/>\n<meta property=\"og:title\" content=\"Hudson Durable Goods Schwere gewachste Canvas-Sch\u00fcrze - Markt-XXL\" \/>\n<meta property=\"og:description\" content=\"Markt-XXL Hudson Durable Goods Schwere gewachste Canvas-Sch\u00fcrze\" \/>\n<meta property=\"og:url\" content=\"https:\/\/marktxxl.de\/markt\/produkt\/unbekannt-hudson-durable-goods-schwere-gewachste-canvas-schuerze-braun-holz-ausgabe-passt-m-bis-xxl\/\" \/>\n<meta property=\"og:site_name\" content=\"Markt-XXL\" \/>\n<meta property=\"article:modified_time\" content=\"2023-04-10T02:09:12+00:00\" \/>\n<meta property=\"og:image\" content=\"https:\/\/m.media-amazon.com\/images\/I\/51W0YitWaDL._SL500_.jpg\" \/>\n\t<meta property=\"og:image:width\" content=\"410\" \/>\n\t<meta property=\"og:image:height\" content=\"500\" \/>\n\t<meta property=\"og:image:type\" content=\"image\/jpeg\" \/>\n<meta name=\"twitter:card\" content=\"summary_large_image\" \/>\n<meta name=\"twitter:label1\" content=\"Gesch\u00e4tzte Lesezeit\" \/>\n\t<meta name=\"twitter:data1\" content=\"1\u00a0Minute\" \/>\n<script type=\"application\/ld+json\" class=\"yoast-schema-graph\">{\"@context\":\"https:\\\/\\\/schema.org\",\"@graph\":[{\"@type\":\"WebPage\",\"@id\":\"https:\\\/\\\/marktxxl.de\\\/markt\\\/produkt\\\/unbekannt-hudson-durable-goods-schwere-gewachste-canvas-schuerze-braun-holz-ausgabe-passt-m-bis-xxl\\\/\",\"url\":\"https:\\\/\\\/marktxxl.de\\\/markt\\\/produkt\\\/unbekannt-hudson-durable-goods-schwere-gewachste-canvas-schuerze-braun-holz-ausgabe-passt-m-bis-xxl\\\/\",\"name\":\"Hudson Durable Goods Schwere gewachste Canvas-Sch\u00fcrze - Markt-XXL\",\"isPartOf\":{\"@id\":\"https:\\\/\\\/marktxxl.de\\\/markt\\\/#website\"},\"primaryImageOfPage\":{\"@id\":\"https:\\\/\\\/marktxxl.de\\\/markt\\\/produkt\\\/unbekannt-hudson-durable-goods-schwere-gewachste-canvas-schuerze-braun-holz-ausgabe-passt-m-bis-xxl\\\/#primaryimage\"},\"image\":{\"@id\":\"https:\\\/\\\/marktxxl.de\\\/markt\\\/produkt\\\/unbekannt-hudson-durable-goods-schwere-gewachste-canvas-schuerze-braun-holz-ausgabe-passt-m-bis-xxl\\\/#primaryimage\"},\"thumbnailUrl\":\"https:\\\/\\\/m.media-amazon.com\\\/images\\\/I\\\/51W0YitWaDL._SL500_.jpg\",\"datePublished\":\"2022-06-14T04:37:24+00:00\",\"dateModified\":\"2023-04-10T02:09:12+00:00\",\"description\":\"Markt-XXL Hudson Durable Goods Schwere gewachste Canvas-Sch\u00fcrze\",\"breadcrumb\":{\"@id\":\"https:\\\/\\\/marktxxl.de\\\/markt\\\/produkt\\\/unbekannt-hudson-durable-goods-schwere-gewachste-canvas-schuerze-braun-holz-ausgabe-passt-m-bis-xxl\\\/#breadcrumb\"},\"inLanguage\":\"de\",\"potentialAction\":[{\"@type\":\"ReadAction\",\"target\":[\"https:\\\/\\\/marktxxl.de\\\/markt\\\/produkt\\\/unbekannt-hudson-durable-goods-schwere-gewachste-canvas-schuerze-braun-holz-ausgabe-passt-m-bis-xxl\\\/\"]}]},{\"@type\":\"ImageObject\",\"inLanguage\":\"de\",\"@id\":\"https:\\\/\\\/marktxxl.de\\\/markt\\\/produkt\\\/unbekannt-hudson-durable-goods-schwere-gewachste-canvas-schuerze-braun-holz-ausgabe-passt-m-bis-xxl\\\/#primaryimage\",\"url\":\"https:\\\/\\\/m.media-amazon.com\\\/images\\\/I\\\/51W0YitWaDL._SL500_.jpg\",\"contentUrl\":\"https:\\\/\\\/m.media-amazon.com\\\/images\\\/I\\\/51W0YitWaDL._SL500_.jpg\",\"width\":410,\"height\":500},{\"@type\":\"BreadcrumbList\",\"@id\":\"https:\\\/\\\/marktxxl.de\\\/markt\\\/produkt\\\/unbekannt-hudson-durable-goods-schwere-gewachste-canvas-schuerze-braun-holz-ausgabe-passt-m-bis-xxl\\\/#breadcrumb\",\"itemListElement\":[{\"@type\":\"ListItem\",\"position\":1,\"name\":\"Startseite\",\"item\":\"https:\\\/\\\/marktxxl.de\\\/markt\\\/\"},{\"@type\":\"ListItem\",\"position\":2,\"name\":\"Markt\",\"item\":\"https:\\\/\\\/marktxxl.de\\\/markt\\\/\"},{\"@type\":\"ListItem\",\"position\":3,\"name\":\"Hudson Durable Goods Schwere gewachste Canvas-Sch\u00fcrze\"}]},{\"@type\":\"WebSite\",\"@id\":\"https:\\\/\\\/marktxxl.de\\\/markt\\\/#website\",\"url\":\"https:\\\/\\\/marktxxl.de\\\/markt\\\/\",\"name\":\"Markt-XXL\",\"description\":\"Ihr Markt Online\",\"publisher\":{\"@id\":\"https:\\\/\\\/marktxxl.de\\\/markt\\\/#organization\"},\"potentialAction\":[{\"@type\":\"SearchAction\",\"target\":{\"@type\":\"EntryPoint\",\"urlTemplate\":\"https:\\\/\\\/marktxxl.de\\\/markt\\\/?s={search_term_string}\"},\"query-input\":{\"@type\":\"PropertyValueSpecification\",\"valueRequired\":true,\"valueName\":\"search_term_string\"}}],\"inLanguage\":\"de\"},{\"@type\":\"Organization\",\"@id\":\"https:\\\/\\\/marktxxl.de\\\/markt\\\/#organization\",\"name\":\"Markt-XXL\",\"url\":\"https:\\\/\\\/marktxxl.de\\\/markt\\\/\",\"logo\":{\"@type\":\"ImageObject\",\"inLanguage\":\"de\",\"@id\":\"https:\\\/\\\/marktxxl.de\\\/markt\\\/#\\\/schema\\\/logo\\\/image\\\/\",\"url\":\"https:\\\/\\\/marktxxl.de\\\/markt\\\/wp-content\\\/uploads\\\/sites\\\/3\\\/2020\\\/12\\\/logo.png\",\"contentUrl\":\"https:\\\/\\\/marktxxl.de\\\/markt\\\/wp-content\\\/uploads\\\/sites\\\/3\\\/2020\\\/12\\\/logo.png\",\"width\":200,\"height\":70,\"caption\":\"Markt-XXL\"},\"image\":{\"@id\":\"https:\\\/\\\/marktxxl.de\\\/markt\\\/#\\\/schema\\\/logo\\\/image\\\/\"}}]}<\/script>\n<!-- \/ Yoast SEO plugin. -->","yoast_head_json":{"title":"Hudson Durable Goods Schwere gewachste Canvas-Sch\u00fcrze - Markt-XXL","description":"Markt-XXL Hudson Durable Goods Schwere gewachste Canvas-Sch\u00fcrze","robots":{"index":"index","follow":"follow","max-snippet":"max-snippet:-1","max-image-preview":"max-image-preview:large","max-video-preview":"max-video-preview:-1"},"canonical":"https:\/\/marktxxl.de\/markt\/produkt\/unbekannt-hudson-durable-goods-schwere-gewachste-canvas-schuerze-braun-holz-ausgabe-passt-m-bis-xxl\/","og_locale":"de_DE","og_type":"article","og_title":"Hudson Durable Goods Schwere gewachste Canvas-Sch\u00fcrze - Markt-XXL","og_description":"Markt-XXL Hudson Durable Goods Schwere gewachste Canvas-Sch\u00fcrze","og_url":"https:\/\/marktxxl.de\/markt\/produkt\/unbekannt-hudson-durable-goods-schwere-gewachste-canvas-schuerze-braun-holz-ausgabe-passt-m-bis-xxl\/","og_site_name":"Markt-XXL","article_modified_time":"2023-04-10T02:09:12+00:00","og_image":[{"width":410,"height":500,"url":"https:\/\/m.media-amazon.com\/images\/I\/51W0YitWaDL._SL500_.jpg","type":"image\/jpeg"}],"twitter_card":"summary_large_image","twitter_misc":{"Gesch\u00e4tzte Lesezeit":"1\u00a0Minute"},"schema":{"@context":"https:\/\/schema.org","@graph":[{"@type":"WebPage","@id":"https:\/\/marktxxl.de\/markt\/produkt\/unbekannt-hudson-durable-goods-schwere-gewachste-canvas-schuerze-braun-holz-ausgabe-passt-m-bis-xxl\/","url":"https:\/\/marktxxl.de\/markt\/produkt\/unbekannt-hudson-durable-goods-schwere-gewachste-canvas-schuerze-braun-holz-ausgabe-passt-m-bis-xxl\/","name":"Hudson Durable Goods Schwere gewachste Canvas-Sch\u00fcrze - Markt-XXL","isPartOf":{"@id":"https:\/\/marktxxl.de\/markt\/#website"},"primaryImageOfPage":{"@id":"https:\/\/marktxxl.de\/markt\/produkt\/unbekannt-hudson-durable-goods-schwere-gewachste-canvas-schuerze-braun-holz-ausgabe-passt-m-bis-xxl\/#primaryimage"},"image":{"@id":"https:\/\/marktxxl.de\/markt\/produkt\/unbekannt-hudson-durable-goods-schwere-gewachste-canvas-schuerze-braun-holz-ausgabe-passt-m-bis-xxl\/#primaryimage"},"thumbnailUrl":"https:\/\/m.media-amazon.com\/images\/I\/51W0YitWaDL._SL500_.jpg","datePublished":"2022-06-14T04:37:24+00:00","dateModified":"2023-04-10T02:09:12+00:00","description":"Markt-XXL Hudson Durable Goods Schwere gewachste Canvas-Sch\u00fcrze","breadcrumb":{"@id":"https:\/\/marktxxl.de\/markt\/produkt\/unbekannt-hudson-durable-goods-schwere-gewachste-canvas-schuerze-braun-holz-ausgabe-passt-m-bis-xxl\/#breadcrumb"},"inLanguage":"de","potentialAction":[{"@type":"ReadAction","target":["https:\/\/marktxxl.de\/markt\/produkt\/unbekannt-hudson-durable-goods-schwere-gewachste-canvas-schuerze-braun-holz-ausgabe-passt-m-bis-xxl\/"]}]},{"@type":"ImageObject","inLanguage":"de","@id":"https:\/\/marktxxl.de\/markt\/produkt\/unbekannt-hudson-durable-goods-schwere-gewachste-canvas-schuerze-braun-holz-ausgabe-passt-m-bis-xxl\/#primaryimage","url":"https:\/\/m.media-amazon.com\/images\/I\/51W0YitWaDL._SL500_.jpg","contentUrl":"https:\/\/m.media-amazon.com\/images\/I\/51W0YitWaDL._SL500_.jpg","width":410,"height":500},{"@type":"BreadcrumbList","@id":"https:\/\/marktxxl.de\/markt\/produkt\/unbekannt-hudson-durable-goods-schwere-gewachste-canvas-schuerze-braun-holz-ausgabe-passt-m-bis-xxl\/#breadcrumb","itemListElement":[{"@type":"ListItem","position":1,"name":"Startseite","item":"https:\/\/marktxxl.de\/markt\/"},{"@type":"ListItem","position":2,"name":"Markt","item":"https:\/\/marktxxl.de\/markt\/"},{"@type":"ListItem","position":3,"name":"Hudson Durable Goods Schwere gewachste Canvas-Sch\u00fcrze"}]},{"@type":"WebSite","@id":"https:\/\/marktxxl.de\/markt\/#website","url":"https:\/\/marktxxl.de\/markt\/","name":"Markt-XXL","description":"Ihr Markt Online","publisher":{"@id":"https:\/\/marktxxl.de\/markt\/#organization"},"potentialAction":[{"@type":"SearchAction","target":{"@type":"EntryPoint","urlTemplate":"https:\/\/marktxxl.de\/markt\/?s={search_term_string}"},"query-input":{"@type":"PropertyValueSpecification","valueRequired":true,"valueName":"search_term_string"}}],"inLanguage":"de"},{"@type":"Organization","@id":"https:\/\/marktxxl.de\/markt\/#organization","name":"Markt-XXL","url":"https:\/\/marktxxl.de\/markt\/","logo":{"@type":"ImageObject","inLanguage":"de","@id":"https:\/\/marktxxl.de\/markt\/#\/schema\/logo\/image\/","url":"https:\/\/marktxxl.de\/markt\/wp-content\/uploads\/sites\/3\/2020\/12\/logo.png","contentUrl":"https:\/\/marktxxl.de\/markt\/wp-content\/uploads\/sites\/3\/2020\/12\/logo.png","width":200,"height":70,"caption":"Markt-XXL"},"image":{"@id":"https:\/\/marktxxl.de\/markt\/#\/schema\/logo\/image\/"}}]}},"_links":{"self":[{"href":"https:\/\/marktxxl.de\/markt\/wp-json\/wp\/v2\/product\/131098","targetHints":{"allow":["GET"]}}],"collection":[{"href":"https:\/\/marktxxl.de\/markt\/wp-json\/wp\/v2\/product"}],"about":[{"href":"https:\/\/marktxxl.de\/markt\/wp-json\/wp\/v2\/types\/product"}],"replies":[{"embeddable":true,"href":"https:\/\/marktxxl.de\/markt\/wp-json\/wp\/v2\/comments?post=131098"}],"wp:featuredmedia":[{"embeddable":true,"href":"https:\/\/marktxxl.de\/markt\/wp-json\/wp\/v2\/media\/131099"}],"wp:attachment":[{"href":"https:\/\/marktxxl.de\/markt\/wp-json\/wp\/v2\/media?parent=131098"}],"wp:term":[{"taxonomy":"product_brand","embeddable":true,"href":"https:\/\/marktxxl.de\/markt\/wp-json\/wp\/v2\/product_brand?post=131098"},{"taxonomy":"product_cat","embeddable":true,"href":"https:\/\/marktxxl.de\/markt\/wp-json\/wp\/v2\/product_cat?post=131098"},{"taxonomy":"product_tag","embeddable":true,"href":"https:\/\/marktxxl.de\/markt\/wp-json\/wp\/v2\/product_tag?post=131098"}],"curies":[{"name":"wp","href":"https:\/\/api.w.org\/{rel}","templated":true}]}}