{"id":131024,"date":"2022-06-14T06:34:31","date_gmt":"2022-06-14T04:34:31","guid":{"rendered":"https:\/\/marktxxl.de\/markt\/produkt\/nagelfraeser-heartyfly-manikuere-pedikuere-set-usb-wiederaufladbare-fraeser-nagelfeilen-fuer-gelnaegel-20000u-min-3-geschwindigkeitsstufen-einstellbar-fuer-acrylnaegel-kallus-nagelhaut\/"},"modified":"2023-04-10T04:09:11","modified_gmt":"2023-04-10T02:09:11","slug":"nagelfraeser-heartyfly-manikuere-pedikuere-set-usb-wiederaufladbare-fraeser-nagelfeilen-fuer-gelnaegel-20000u-min-3-geschwindigkeitsstufen-einstellbar-fuer-acrylnaegel-kallus-nagelhaut","status":"publish","type":"product","link":"https:\/\/marktxxl.de\/markt\/produkt\/nagelfraeser-heartyfly-manikuere-pedikuere-set-usb-wiederaufladbare-fraeser-nagelfeilen-fuer-gelnaegel-20000u-min-3-geschwindigkeitsstufen-einstellbar-fuer-acrylnaegel-kallus-nagelhaut\/","title":{"rendered":"Nagelfr\u00e4ser, Heartyfly Manik\u00fcre\/Pedik\u00fcre Set, USB Wiederaufladbare Fr\u00e4ser\/Nagelfeilen f\u00fcr geln\u00e4gel, 20000u\/Min 3\u2026"},"content":{"rendered":"<p>\u3010Elektrische Nagelfr\u00e4ser\u3011Heartylfy Elektrische Nagelfeile funktioniert gro\u00dfartig nicht nur auf Allroundschleifen, Schnitzen, Schneiden, Polieren, Entfernen der Nagelhaut verwenden,sondern auch auf Acryln\u00e4gel, Geln\u00e4gel und Naturn\u00e4gel. Eine gute Wahl sowohl f\u00fcr Nagelkunst Anf\u00e4nger als auch f\u00fcr Nagelstudio.<br \/>\n\u3010USB Wiederaufladbar\u3011Anders als diese anderen Elektrische Nagelfeile kann sie nicht nur per USB-Plug-In verwendet werden, sondern auch wiederaufladbar, eingebauter Lithium-Akku, bietet bei voller Aufladung (2,5 Stunden) eine Leistung von mindestens 2 Stunden bei konstanter Benutzung.<br \/>\n\u3010Zubeh\u00f6r f\u00fcr unterschiedliche Bed\u00fcrfnisser\u3011Das Manik\u00fcre\/Pedik\u00fcre Set erhalten 6x Nagelfr\u00e4ser Bits 36 x Schleifb\u00e4ndern zur Nagelart Nageldesign, Manik\u00fcre, Pedik\u00fcre, zum Polieren, Formen und Entfernen \u00fcbersch\u00fcssiger Nagelhaut oder zur Sch\u00f6nheit von Haustiern\u00e4geln usw. 5 x hochwertiger Aufs\u00e4tze T\u00e4gliche Pflege von Fu\u00df- und Fingern\u00e4geln.<br \/>\n\u3010Geschwindigkeit und Drehrichtung einstellbar\u30113 Geschwindigkeitsstufen, H\u00f6chstgeschwindigkeit bis zu 20000u\/Min, Tastenbedienung und Lichtanzeige. Drehrichtung ist einstellbar Vorw\u00e4rts- und R\u00fcckw\u00e4rtslauf, geeignet f\u00fcr Links- und Rechtsh\u00e4nder.<br \/>\n\u3010Staubschutzh\u00fclle\u3011Ausgestattet mit einer Staubschutzh\u00fclle, um zu verhindern, dass Puder w\u00e4hrend des Manik\u00fcrevorgangs verstreut wird, und um den Tisch sauber zu halten<br \/>\n<div class=\"main-cross-sell\" data-asin=\"B09PVCWPQ9\">\n\n\t<div class=\"WooZone-cross-sell-loader\">\n\t\t<div>\n\t\t\t<div id=\"floatingBarsG\">\n\t\t\t\t<div class=\"blockG\" id=\"rotateG_01\"><\/div>\n\t\t\t\t<div class=\"blockG\" id=\"rotateG_02\"><\/div>\n\t\t\t\t<div class=\"blockG\" id=\"rotateG_03\"><\/div>\n\t\t\t\t<div class=\"blockG\" id=\"rotateG_04\"><\/div>\n\t\t\t\t<div class=\"blockG\" id=\"rotateG_05\"><\/div>\n\t\t\t\t<div class=\"blockG\" id=\"rotateG_06\"><\/div>\n\t\t\t\t<div class=\"blockG\" id=\"rotateG_07\"><\/div>\n\t\t\t\t<div class=\"blockG\" id=\"rotateG_08\"><\/div>\n\t\t\t<\/div>\n\t\t\t<div class=\"WooZone-cross-sell-loader-text\"><\/div>\n\t\t<\/div>\n\t<\/div>\n\n\t\t\n<\/div>\n<div style=\"clear:both;\"><\/div><\/p>\n","protected":false},"excerpt":{"rendered":"<p>\u3010Elektrische Nagelfr\u00e4ser\u3011Heartylfy Elektrische Nagelfeile funktioniert gro\u00dfartig nicht nur auf Allroundschleifen, Schnitzen, Schneiden, Polieren, Entfernen der Nagelhaut verwenden,sondern auch auf Acryln\u00e4gel, Geln\u00e4gel und Naturn\u00e4gel. Eine gute Wahl sowohl f\u00fcr Nagelkunst Anf\u00e4nger als auch f\u00fcr Nagelstudio.<br \/>\n\u3010USB Wiederaufladbar\u3011Anders als diese anderen Elektrische Nagelfeile kann sie nicht nur per USB-Plug-In verwendet werden, sondern auch wiederaufladbar, eingebauter Lithium-Akku, bietet bei voller Aufladung (2,5 Stunden) eine Leistung von mindestens 2 Stunden bei konstanter Benutzung.<br \/>\n\u3010Zubeh\u00f6r f\u00fcr unterschiedliche Bed\u00fcrfnisser\u3011Das Manik\u00fcre\/Pedik\u00fcre Set erhalten 6x Nagelfr\u00e4ser Bits 36 x Schleifb\u00e4ndern zur Nagelart Nageldesign, Manik\u00fcre, Pedik\u00fcre, zum Polieren, Formen und Entfernen \u00fcbersch\u00fcssiger Nagelhaut oder zur Sch\u00f6nheit von Haustiern\u00e4geln usw. 5 x hochwertiger Aufs\u00e4tze T\u00e4gliche Pflege von Fu\u00df- und Fingern\u00e4geln.<\/p>\n","protected":false},"featured_media":131025,"comment_status":"open","ping_status":"closed","template":"","meta":[],"product_brand":[],"product_cat":[2858,7659],"product_tag":[],"class_list":{"0":"post-131024","1":"product","2":"type-product","3":"status-publish","4":"has-post-thumbnail","6":"product_cat-beauty","7":"product_cat-manikuere-pedikuere","8":"pa_brand-heartyfly","9":"pa_color-rosa","10":"pa_manufacturer-heartyfly","12":"first","13":"instock","14":"shipping-taxable","15":"purchasable","16":"product-type-simple","17":"customify-col","18":"product-has-gallery"},"yoast_head":"<!-- This site is optimized with the Yoast SEO plugin v27.4 - https:\/\/yoast.com\/product\/yoast-seo-wordpress\/ -->\n<title>Nagelfr\u00e4ser, Heartyfly Manik\u00fcre\/Pedik\u00fcre Set, USB Wiederaufladbare Fr\u00e4ser\/Nagelfeilen f\u00fcr geln\u00e4gel, 20000u\/Min 3\u2026 - Markt-XXL<\/title>\n<meta name=\"description\" content=\"Markt-XXL Nagelfr\u00e4ser, Heartyfly Manik\u00fcre\/Pedik\u00fcre Set, USB Wiederaufladbare Fr\u00e4ser\/Nagelfeilen f\u00fcr geln\u00e4gel, 20000u\/Min 3\u2026\" \/>\n<meta name=\"robots\" content=\"index, follow, max-snippet:-1, max-image-preview:large, max-video-preview:-1\" \/>\n<link rel=\"canonical\" href=\"https:\/\/marktxxl.de\/markt\/produkt\/nagelfraeser-heartyfly-manikuere-pedikuere-set-usb-wiederaufladbare-fraeser-nagelfeilen-fuer-gelnaegel-20000u-min-3-geschwindigkeitsstufen-einstellbar-fuer-acrylnaegel-kallus-nagelhaut\/\" \/>\n<meta property=\"og:locale\" content=\"de_DE\" \/>\n<meta property=\"og:type\" content=\"article\" \/>\n<meta property=\"og:title\" content=\"Nagelfr\u00e4ser, Heartyfly Manik\u00fcre\/Pedik\u00fcre Set, USB Wiederaufladbare Fr\u00e4ser\/Nagelfeilen f\u00fcr geln\u00e4gel, 20000u\/Min 3\u2026 - Markt-XXL\" \/>\n<meta property=\"og:description\" content=\"Markt-XXL Nagelfr\u00e4ser, Heartyfly Manik\u00fcre\/Pedik\u00fcre Set, USB Wiederaufladbare Fr\u00e4ser\/Nagelfeilen f\u00fcr geln\u00e4gel, 20000u\/Min 3\u2026\" \/>\n<meta property=\"og:url\" content=\"https:\/\/marktxxl.de\/markt\/produkt\/nagelfraeser-heartyfly-manikuere-pedikuere-set-usb-wiederaufladbare-fraeser-nagelfeilen-fuer-gelnaegel-20000u-min-3-geschwindigkeitsstufen-einstellbar-fuer-acrylnaegel-kallus-nagelhaut\/\" \/>\n<meta property=\"og:site_name\" content=\"Markt-XXL\" \/>\n<meta property=\"article:modified_time\" content=\"2023-04-10T02:09:11+00:00\" \/>\n<meta property=\"og:image\" content=\"https:\/\/m.media-amazon.com\/images\/I\/41bOy6KukJL._SL500_.jpg\" \/>\n\t<meta property=\"og:image:width\" content=\"406\" \/>\n\t<meta property=\"og:image:height\" content=\"500\" \/>\n\t<meta property=\"og:image:type\" content=\"image\/jpeg\" \/>\n<meta name=\"twitter:card\" content=\"summary_large_image\" \/>\n<meta name=\"twitter:label1\" content=\"Gesch\u00e4tzte Lesezeit\" \/>\n\t<meta name=\"twitter:data1\" content=\"1\u00a0Minute\" \/>\n<script type=\"application\/ld+json\" class=\"yoast-schema-graph\">{\"@context\":\"https:\\\/\\\/schema.org\",\"@graph\":[{\"@type\":\"WebPage\",\"@id\":\"https:\\\/\\\/marktxxl.de\\\/markt\\\/produkt\\\/nagelfraeser-heartyfly-manikuere-pedikuere-set-usb-wiederaufladbare-fraeser-nagelfeilen-fuer-gelnaegel-20000u-min-3-geschwindigkeitsstufen-einstellbar-fuer-acrylnaegel-kallus-nagelhaut\\\/\",\"url\":\"https:\\\/\\\/marktxxl.de\\\/markt\\\/produkt\\\/nagelfraeser-heartyfly-manikuere-pedikuere-set-usb-wiederaufladbare-fraeser-nagelfeilen-fuer-gelnaegel-20000u-min-3-geschwindigkeitsstufen-einstellbar-fuer-acrylnaegel-kallus-nagelhaut\\\/\",\"name\":\"Nagelfr\u00e4ser, Heartyfly Manik\u00fcre\\\/Pedik\u00fcre Set, USB Wiederaufladbare Fr\u00e4ser\\\/Nagelfeilen f\u00fcr geln\u00e4gel, 20000u\\\/Min 3\u2026 - Markt-XXL\",\"isPartOf\":{\"@id\":\"https:\\\/\\\/marktxxl.de\\\/markt\\\/#website\"},\"primaryImageOfPage\":{\"@id\":\"https:\\\/\\\/marktxxl.de\\\/markt\\\/produkt\\\/nagelfraeser-heartyfly-manikuere-pedikuere-set-usb-wiederaufladbare-fraeser-nagelfeilen-fuer-gelnaegel-20000u-min-3-geschwindigkeitsstufen-einstellbar-fuer-acrylnaegel-kallus-nagelhaut\\\/#primaryimage\"},\"image\":{\"@id\":\"https:\\\/\\\/marktxxl.de\\\/markt\\\/produkt\\\/nagelfraeser-heartyfly-manikuere-pedikuere-set-usb-wiederaufladbare-fraeser-nagelfeilen-fuer-gelnaegel-20000u-min-3-geschwindigkeitsstufen-einstellbar-fuer-acrylnaegel-kallus-nagelhaut\\\/#primaryimage\"},\"thumbnailUrl\":\"https:\\\/\\\/m.media-amazon.com\\\/images\\\/I\\\/41bOy6KukJL._SL500_.jpg\",\"datePublished\":\"2022-06-14T04:34:31+00:00\",\"dateModified\":\"2023-04-10T02:09:11+00:00\",\"description\":\"Markt-XXL Nagelfr\u00e4ser, Heartyfly Manik\u00fcre\\\/Pedik\u00fcre Set, USB Wiederaufladbare Fr\u00e4ser\\\/Nagelfeilen f\u00fcr geln\u00e4gel, 20000u\\\/Min 3\u2026\",\"breadcrumb\":{\"@id\":\"https:\\\/\\\/marktxxl.de\\\/markt\\\/produkt\\\/nagelfraeser-heartyfly-manikuere-pedikuere-set-usb-wiederaufladbare-fraeser-nagelfeilen-fuer-gelnaegel-20000u-min-3-geschwindigkeitsstufen-einstellbar-fuer-acrylnaegel-kallus-nagelhaut\\\/#breadcrumb\"},\"inLanguage\":\"de\",\"potentialAction\":[{\"@type\":\"ReadAction\",\"target\":[\"https:\\\/\\\/marktxxl.de\\\/markt\\\/produkt\\\/nagelfraeser-heartyfly-manikuere-pedikuere-set-usb-wiederaufladbare-fraeser-nagelfeilen-fuer-gelnaegel-20000u-min-3-geschwindigkeitsstufen-einstellbar-fuer-acrylnaegel-kallus-nagelhaut\\\/\"]}]},{\"@type\":\"ImageObject\",\"inLanguage\":\"de\",\"@id\":\"https:\\\/\\\/marktxxl.de\\\/markt\\\/produkt\\\/nagelfraeser-heartyfly-manikuere-pedikuere-set-usb-wiederaufladbare-fraeser-nagelfeilen-fuer-gelnaegel-20000u-min-3-geschwindigkeitsstufen-einstellbar-fuer-acrylnaegel-kallus-nagelhaut\\\/#primaryimage\",\"url\":\"https:\\\/\\\/m.media-amazon.com\\\/images\\\/I\\\/41bOy6KukJL._SL500_.jpg\",\"contentUrl\":\"https:\\\/\\\/m.media-amazon.com\\\/images\\\/I\\\/41bOy6KukJL._SL500_.jpg\",\"width\":406,\"height\":500},{\"@type\":\"BreadcrumbList\",\"@id\":\"https:\\\/\\\/marktxxl.de\\\/markt\\\/produkt\\\/nagelfraeser-heartyfly-manikuere-pedikuere-set-usb-wiederaufladbare-fraeser-nagelfeilen-fuer-gelnaegel-20000u-min-3-geschwindigkeitsstufen-einstellbar-fuer-acrylnaegel-kallus-nagelhaut\\\/#breadcrumb\",\"itemListElement\":[{\"@type\":\"ListItem\",\"position\":1,\"name\":\"Startseite\",\"item\":\"https:\\\/\\\/marktxxl.de\\\/markt\\\/\"},{\"@type\":\"ListItem\",\"position\":2,\"name\":\"Markt\",\"item\":\"https:\\\/\\\/marktxxl.de\\\/markt\\\/\"},{\"@type\":\"ListItem\",\"position\":3,\"name\":\"Nagelfr\u00e4ser, Heartyfly Manik\u00fcre\\\/Pedik\u00fcre Set, USB Wiederaufladbare Fr\u00e4ser\\\/Nagelfeilen f\u00fcr geln\u00e4gel, 20000u\\\/Min 3\u2026\"}]},{\"@type\":\"WebSite\",\"@id\":\"https:\\\/\\\/marktxxl.de\\\/markt\\\/#website\",\"url\":\"https:\\\/\\\/marktxxl.de\\\/markt\\\/\",\"name\":\"Markt-XXL\",\"description\":\"Ihr Markt Online\",\"publisher\":{\"@id\":\"https:\\\/\\\/marktxxl.de\\\/markt\\\/#organization\"},\"potentialAction\":[{\"@type\":\"SearchAction\",\"target\":{\"@type\":\"EntryPoint\",\"urlTemplate\":\"https:\\\/\\\/marktxxl.de\\\/markt\\\/?s={search_term_string}\"},\"query-input\":{\"@type\":\"PropertyValueSpecification\",\"valueRequired\":true,\"valueName\":\"search_term_string\"}}],\"inLanguage\":\"de\"},{\"@type\":\"Organization\",\"@id\":\"https:\\\/\\\/marktxxl.de\\\/markt\\\/#organization\",\"name\":\"Markt-XXL\",\"url\":\"https:\\\/\\\/marktxxl.de\\\/markt\\\/\",\"logo\":{\"@type\":\"ImageObject\",\"inLanguage\":\"de\",\"@id\":\"https:\\\/\\\/marktxxl.de\\\/markt\\\/#\\\/schema\\\/logo\\\/image\\\/\",\"url\":\"https:\\\/\\\/marktxxl.de\\\/markt\\\/wp-content\\\/uploads\\\/sites\\\/3\\\/2020\\\/12\\\/logo.png\",\"contentUrl\":\"https:\\\/\\\/marktxxl.de\\\/markt\\\/wp-content\\\/uploads\\\/sites\\\/3\\\/2020\\\/12\\\/logo.png\",\"width\":200,\"height\":70,\"caption\":\"Markt-XXL\"},\"image\":{\"@id\":\"https:\\\/\\\/marktxxl.de\\\/markt\\\/#\\\/schema\\\/logo\\\/image\\\/\"}}]}<\/script>\n<!-- \/ Yoast SEO plugin. -->","yoast_head_json":{"title":"Nagelfr\u00e4ser, Heartyfly Manik\u00fcre\/Pedik\u00fcre Set, USB Wiederaufladbare Fr\u00e4ser\/Nagelfeilen f\u00fcr geln\u00e4gel, 20000u\/Min 3\u2026 - Markt-XXL","description":"Markt-XXL Nagelfr\u00e4ser, Heartyfly Manik\u00fcre\/Pedik\u00fcre Set, USB Wiederaufladbare Fr\u00e4ser\/Nagelfeilen f\u00fcr geln\u00e4gel, 20000u\/Min 3\u2026","robots":{"index":"index","follow":"follow","max-snippet":"max-snippet:-1","max-image-preview":"max-image-preview:large","max-video-preview":"max-video-preview:-1"},"canonical":"https:\/\/marktxxl.de\/markt\/produkt\/nagelfraeser-heartyfly-manikuere-pedikuere-set-usb-wiederaufladbare-fraeser-nagelfeilen-fuer-gelnaegel-20000u-min-3-geschwindigkeitsstufen-einstellbar-fuer-acrylnaegel-kallus-nagelhaut\/","og_locale":"de_DE","og_type":"article","og_title":"Nagelfr\u00e4ser, Heartyfly Manik\u00fcre\/Pedik\u00fcre Set, USB Wiederaufladbare Fr\u00e4ser\/Nagelfeilen f\u00fcr geln\u00e4gel, 20000u\/Min 3\u2026 - Markt-XXL","og_description":"Markt-XXL Nagelfr\u00e4ser, Heartyfly Manik\u00fcre\/Pedik\u00fcre Set, USB Wiederaufladbare Fr\u00e4ser\/Nagelfeilen f\u00fcr geln\u00e4gel, 20000u\/Min 3\u2026","og_url":"https:\/\/marktxxl.de\/markt\/produkt\/nagelfraeser-heartyfly-manikuere-pedikuere-set-usb-wiederaufladbare-fraeser-nagelfeilen-fuer-gelnaegel-20000u-min-3-geschwindigkeitsstufen-einstellbar-fuer-acrylnaegel-kallus-nagelhaut\/","og_site_name":"Markt-XXL","article_modified_time":"2023-04-10T02:09:11+00:00","og_image":[{"width":406,"height":500,"url":"https:\/\/m.media-amazon.com\/images\/I\/41bOy6KukJL._SL500_.jpg","type":"image\/jpeg"}],"twitter_card":"summary_large_image","twitter_misc":{"Gesch\u00e4tzte Lesezeit":"1\u00a0Minute"},"schema":{"@context":"https:\/\/schema.org","@graph":[{"@type":"WebPage","@id":"https:\/\/marktxxl.de\/markt\/produkt\/nagelfraeser-heartyfly-manikuere-pedikuere-set-usb-wiederaufladbare-fraeser-nagelfeilen-fuer-gelnaegel-20000u-min-3-geschwindigkeitsstufen-einstellbar-fuer-acrylnaegel-kallus-nagelhaut\/","url":"https:\/\/marktxxl.de\/markt\/produkt\/nagelfraeser-heartyfly-manikuere-pedikuere-set-usb-wiederaufladbare-fraeser-nagelfeilen-fuer-gelnaegel-20000u-min-3-geschwindigkeitsstufen-einstellbar-fuer-acrylnaegel-kallus-nagelhaut\/","name":"Nagelfr\u00e4ser, Heartyfly Manik\u00fcre\/Pedik\u00fcre Set, USB Wiederaufladbare Fr\u00e4ser\/Nagelfeilen f\u00fcr geln\u00e4gel, 20000u\/Min 3\u2026 - Markt-XXL","isPartOf":{"@id":"https:\/\/marktxxl.de\/markt\/#website"},"primaryImageOfPage":{"@id":"https:\/\/marktxxl.de\/markt\/produkt\/nagelfraeser-heartyfly-manikuere-pedikuere-set-usb-wiederaufladbare-fraeser-nagelfeilen-fuer-gelnaegel-20000u-min-3-geschwindigkeitsstufen-einstellbar-fuer-acrylnaegel-kallus-nagelhaut\/#primaryimage"},"image":{"@id":"https:\/\/marktxxl.de\/markt\/produkt\/nagelfraeser-heartyfly-manikuere-pedikuere-set-usb-wiederaufladbare-fraeser-nagelfeilen-fuer-gelnaegel-20000u-min-3-geschwindigkeitsstufen-einstellbar-fuer-acrylnaegel-kallus-nagelhaut\/#primaryimage"},"thumbnailUrl":"https:\/\/m.media-amazon.com\/images\/I\/41bOy6KukJL._SL500_.jpg","datePublished":"2022-06-14T04:34:31+00:00","dateModified":"2023-04-10T02:09:11+00:00","description":"Markt-XXL Nagelfr\u00e4ser, Heartyfly Manik\u00fcre\/Pedik\u00fcre Set, USB Wiederaufladbare Fr\u00e4ser\/Nagelfeilen f\u00fcr geln\u00e4gel, 20000u\/Min 3\u2026","breadcrumb":{"@id":"https:\/\/marktxxl.de\/markt\/produkt\/nagelfraeser-heartyfly-manikuere-pedikuere-set-usb-wiederaufladbare-fraeser-nagelfeilen-fuer-gelnaegel-20000u-min-3-geschwindigkeitsstufen-einstellbar-fuer-acrylnaegel-kallus-nagelhaut\/#breadcrumb"},"inLanguage":"de","potentialAction":[{"@type":"ReadAction","target":["https:\/\/marktxxl.de\/markt\/produkt\/nagelfraeser-heartyfly-manikuere-pedikuere-set-usb-wiederaufladbare-fraeser-nagelfeilen-fuer-gelnaegel-20000u-min-3-geschwindigkeitsstufen-einstellbar-fuer-acrylnaegel-kallus-nagelhaut\/"]}]},{"@type":"ImageObject","inLanguage":"de","@id":"https:\/\/marktxxl.de\/markt\/produkt\/nagelfraeser-heartyfly-manikuere-pedikuere-set-usb-wiederaufladbare-fraeser-nagelfeilen-fuer-gelnaegel-20000u-min-3-geschwindigkeitsstufen-einstellbar-fuer-acrylnaegel-kallus-nagelhaut\/#primaryimage","url":"https:\/\/m.media-amazon.com\/images\/I\/41bOy6KukJL._SL500_.jpg","contentUrl":"https:\/\/m.media-amazon.com\/images\/I\/41bOy6KukJL._SL500_.jpg","width":406,"height":500},{"@type":"BreadcrumbList","@id":"https:\/\/marktxxl.de\/markt\/produkt\/nagelfraeser-heartyfly-manikuere-pedikuere-set-usb-wiederaufladbare-fraeser-nagelfeilen-fuer-gelnaegel-20000u-min-3-geschwindigkeitsstufen-einstellbar-fuer-acrylnaegel-kallus-nagelhaut\/#breadcrumb","itemListElement":[{"@type":"ListItem","position":1,"name":"Startseite","item":"https:\/\/marktxxl.de\/markt\/"},{"@type":"ListItem","position":2,"name":"Markt","item":"https:\/\/marktxxl.de\/markt\/"},{"@type":"ListItem","position":3,"name":"Nagelfr\u00e4ser, Heartyfly Manik\u00fcre\/Pedik\u00fcre Set, USB Wiederaufladbare Fr\u00e4ser\/Nagelfeilen f\u00fcr geln\u00e4gel, 20000u\/Min 3\u2026"}]},{"@type":"WebSite","@id":"https:\/\/marktxxl.de\/markt\/#website","url":"https:\/\/marktxxl.de\/markt\/","name":"Markt-XXL","description":"Ihr Markt Online","publisher":{"@id":"https:\/\/marktxxl.de\/markt\/#organization"},"potentialAction":[{"@type":"SearchAction","target":{"@type":"EntryPoint","urlTemplate":"https:\/\/marktxxl.de\/markt\/?s={search_term_string}"},"query-input":{"@type":"PropertyValueSpecification","valueRequired":true,"valueName":"search_term_string"}}],"inLanguage":"de"},{"@type":"Organization","@id":"https:\/\/marktxxl.de\/markt\/#organization","name":"Markt-XXL","url":"https:\/\/marktxxl.de\/markt\/","logo":{"@type":"ImageObject","inLanguage":"de","@id":"https:\/\/marktxxl.de\/markt\/#\/schema\/logo\/image\/","url":"https:\/\/marktxxl.de\/markt\/wp-content\/uploads\/sites\/3\/2020\/12\/logo.png","contentUrl":"https:\/\/marktxxl.de\/markt\/wp-content\/uploads\/sites\/3\/2020\/12\/logo.png","width":200,"height":70,"caption":"Markt-XXL"},"image":{"@id":"https:\/\/marktxxl.de\/markt\/#\/schema\/logo\/image\/"}}]}},"_links":{"self":[{"href":"https:\/\/marktxxl.de\/markt\/wp-json\/wp\/v2\/product\/131024","targetHints":{"allow":["GET"]}}],"collection":[{"href":"https:\/\/marktxxl.de\/markt\/wp-json\/wp\/v2\/product"}],"about":[{"href":"https:\/\/marktxxl.de\/markt\/wp-json\/wp\/v2\/types\/product"}],"replies":[{"embeddable":true,"href":"https:\/\/marktxxl.de\/markt\/wp-json\/wp\/v2\/comments?post=131024"}],"wp:featuredmedia":[{"embeddable":true,"href":"https:\/\/marktxxl.de\/markt\/wp-json\/wp\/v2\/media\/131025"}],"wp:attachment":[{"href":"https:\/\/marktxxl.de\/markt\/wp-json\/wp\/v2\/media?parent=131024"}],"wp:term":[{"taxonomy":"product_brand","embeddable":true,"href":"https:\/\/marktxxl.de\/markt\/wp-json\/wp\/v2\/product_brand?post=131024"},{"taxonomy":"product_cat","embeddable":true,"href":"https:\/\/marktxxl.de\/markt\/wp-json\/wp\/v2\/product_cat?post=131024"},{"taxonomy":"product_tag","embeddable":true,"href":"https:\/\/marktxxl.de\/markt\/wp-json\/wp\/v2\/product_tag?post=131024"}],"curies":[{"name":"wp","href":"https:\/\/api.w.org\/{rel}","templated":true}]}}