{"id":130948,"date":"2022-06-14T06:29:41","date_gmt":"2022-06-14T04:29:41","guid":{"rendered":"https:\/\/marktxxl.de\/markt\/produkt\/45-baby-meilensteinkarten-lino-fuer-junge-und-maedchen-meilenstein-karten-set-geschenkbox-schoene-geschenkidee-zur-geburt-taufe-oder-babyparty-tiere-weiss-deutsch\/"},"modified":"2023-04-10T04:09:09","modified_gmt":"2023-04-10T02:09:09","slug":"45-baby-meilensteinkarten-lino-fuer-junge-und-maedchen-meilenstein-karten-set-geschenkbox-schoene-geschenkidee-zur-geburt-taufe-oder-babyparty-tiere-weiss-deutsch","status":"publish","type":"product","link":"https:\/\/marktxxl.de\/markt\/produkt\/45-baby-meilensteinkarten-lino-fuer-junge-und-maedchen-meilenstein-karten-set-geschenkbox-schoene-geschenkidee-zur-geburt-taufe-oder-babyparty-tiere-weiss-deutsch\/","title":{"rendered":"OLGS 45 Baby Meilensteinkarten Lino f\u00fcr Junge und M\u00e4dchen Meilenstein Karten Set + Geschenkbox sch\u00f6ne Geschenkidee zur\u2026"},"content":{"rendered":"<p>\u2714 \u201eIch habe mich zum ersten Mal gedreht!\u201c Mit dieser und vielen weiteren Meilensteinkarten k\u00f6nnen Sie besondere Momente und tolle Erinnerungen mit der Kamera oder dem Handy festhalten und mit anderen teilen.<br \/>\n\u2714 Das Meilensteinkarten-Set besteht aus 45 Karten im DIN A6 Format und einer Premium Aufbewahrungsbox, die sich magnetisch \u00f6ffnet und schlie\u00dft. Auf der Vorderseite befindet sich immer ein wichtiger Meilenstein mit einem passenden Motiv und auf der R\u00fcckseite gen\u00fcgend Platz um Erinnerungen aufzuschreiben.<br \/>\n\u2714 Diese niedlichen Meilensteinkarten sind perfekt f\u00fcr die Babyparty und eine besonders sch\u00f6ne Geschenkidee zur Geburt. Mit der exklusiven Geschenkbox und dem ansprechenden Design, verzaubern Sie im Nu die werdenden Eltern des kleinen Erdenb\u00fcrgers.<br \/>\n\u2714 Bei diesen zuckers\u00fc\u00dfen Meilensteinkarten will man am liebsten jedes Bild mit seinen Mitmenschen teilen, aber es sind auch wertvolle Erinnerungssch\u00e4tze f\u00fcr sp\u00e4ter.<br \/>\n\u2714 Die Karten sind auf stabilem 400g Karton gedruckt und wurden mit einem matten Schutzlack veredelt. Die Ecken der Meilensteinkarten sind bewusst abgerundet, so dass sich das Baby nicht verletzen kann. Der Premium Geschenkkarton eignet sich nicht nur gut zum Verschenken, sondern auch zum Aufbewahren der Erinnerungskarten.<br \/>\n<div class=\"main-cross-sell\" data-asin=\"B0814S1STH\">\n\n\t<div class=\"WooZone-cross-sell-loader\">\n\t\t<div>\n\t\t\t<div id=\"floatingBarsG\">\n\t\t\t\t<div class=\"blockG\" id=\"rotateG_01\"><\/div>\n\t\t\t\t<div class=\"blockG\" id=\"rotateG_02\"><\/div>\n\t\t\t\t<div class=\"blockG\" id=\"rotateG_03\"><\/div>\n\t\t\t\t<div class=\"blockG\" id=\"rotateG_04\"><\/div>\n\t\t\t\t<div class=\"blockG\" id=\"rotateG_05\"><\/div>\n\t\t\t\t<div class=\"blockG\" id=\"rotateG_06\"><\/div>\n\t\t\t\t<div class=\"blockG\" id=\"rotateG_07\"><\/div>\n\t\t\t\t<div class=\"blockG\" id=\"rotateG_08\"><\/div>\n\t\t\t<\/div>\n\t\t\t<div class=\"WooZone-cross-sell-loader-text\"><\/div>\n\t\t<\/div>\n\t<\/div>\n\n\t\t\n<\/div>\n<div style=\"clear:both;\"><\/div><\/p>\n","protected":false},"excerpt":{"rendered":"<p>\u2714 \u201eIch habe mich zum ersten Mal gedreht!\u201c Mit dieser und vielen weiteren Meilensteinkarten k\u00f6nnen Sie besondere Momente und tolle Erinnerungen mit der Kamera oder dem Handy festhalten und mit anderen teilen.<br \/>\n\u2714 Das Meilensteinkarten-Set besteht aus 45 Karten im DIN A6 Format und einer Premium Aufbewahrungsbox, die sich magnetisch \u00f6ffnet und schlie\u00dft. Auf der Vorderseite befindet sich immer ein wichtiger Meilenstein mit einem passenden Motiv und auf der R\u00fcckseite gen\u00fcgend Platz um Erinnerungen aufzuschreiben.<br \/>\n\u2714 Diese niedlichen Meilensteinkarten sind perfekt f\u00fcr die Babyparty und eine besonders sch\u00f6ne Geschenkidee zur Geburt. Mit der exklusiven Geschenkbox und dem ansprechenden Design, verzaubern Sie im Nu die werdenden Eltern des kleinen Erdenb\u00fcrgers.<\/p>\n","protected":false},"featured_media":130949,"comment_status":"open","ping_status":"closed","template":"","meta":[],"product_brand":[],"product_cat":[21,8929],"product_tag":[],"class_list":{"0":"post-130948","1":"product","2":"type-product","3":"status-publish","4":"has-post-thumbnail","6":"product_cat-baby","7":"product_cat-babygeschenke-baby","8":"pa_binding-babyartikel","9":"pa_brand-olgs","10":"pa_color-meilensteinkarten-deutsch","11":"pa_height-1-0629921249-zoll","12":"pa_length-6-4566929068-zoll","13":"pa_manufacturer-olgs-babyartikel","14":"pa_size-45-stueck-1er-pack","15":"pa_weight-375-gramm","16":"pa_width-4-7637795227-zoll","18":"first","19":"instock","20":"shipping-taxable","21":"purchasable","22":"product-type-simple","23":"customify-col","24":"product-has-gallery"},"yoast_head":"<!-- This site is optimized with the Yoast SEO plugin v27.4 - https:\/\/yoast.com\/product\/yoast-seo-wordpress\/ -->\n<title>OLGS 45 Baby Meilensteinkarten Lino f\u00fcr Junge und M\u00e4dchen Meilenstein Karten Set + Geschenkbox sch\u00f6ne Geschenkidee zur\u2026 - Markt-XXL<\/title>\n<meta name=\"description\" content=\"Markt-XXL OLGS 45 Baby Meilensteinkarten Lino f\u00fcr Junge und M\u00e4dchen Meilenstein Karten Set + Geschenkbox sch\u00f6ne Geschenkidee zur\u2026\" \/>\n<meta name=\"robots\" content=\"index, follow, max-snippet:-1, max-image-preview:large, max-video-preview:-1\" \/>\n<link rel=\"canonical\" href=\"https:\/\/marktxxl.de\/markt\/produkt\/45-baby-meilensteinkarten-lino-fuer-junge-und-maedchen-meilenstein-karten-set-geschenkbox-schoene-geschenkidee-zur-geburt-taufe-oder-babyparty-tiere-weiss-deutsch\/\" \/>\n<meta property=\"og:locale\" content=\"de_DE\" \/>\n<meta property=\"og:type\" content=\"article\" \/>\n<meta property=\"og:title\" content=\"OLGS 45 Baby Meilensteinkarten Lino f\u00fcr Junge und M\u00e4dchen Meilenstein Karten Set + Geschenkbox sch\u00f6ne Geschenkidee zur\u2026 - Markt-XXL\" \/>\n<meta property=\"og:description\" content=\"Markt-XXL OLGS 45 Baby Meilensteinkarten Lino f\u00fcr Junge und M\u00e4dchen Meilenstein Karten Set + Geschenkbox sch\u00f6ne Geschenkidee zur\u2026\" \/>\n<meta property=\"og:url\" content=\"https:\/\/marktxxl.de\/markt\/produkt\/45-baby-meilensteinkarten-lino-fuer-junge-und-maedchen-meilenstein-karten-set-geschenkbox-schoene-geschenkidee-zur-geburt-taufe-oder-babyparty-tiere-weiss-deutsch\/\" \/>\n<meta property=\"og:site_name\" content=\"Markt-XXL\" \/>\n<meta property=\"article:modified_time\" content=\"2023-04-10T02:09:09+00:00\" \/>\n<meta property=\"og:image\" content=\"https:\/\/m.media-amazon.com\/images\/I\/51xDBIbxGIL._SL500_.jpg\" \/>\n\t<meta property=\"og:image:width\" content=\"500\" \/>\n\t<meta property=\"og:image:height\" content=\"499\" \/>\n\t<meta property=\"og:image:type\" content=\"image\/jpeg\" \/>\n<meta name=\"twitter:card\" content=\"summary_large_image\" \/>\n<meta name=\"twitter:label1\" content=\"Gesch\u00e4tzte Lesezeit\" \/>\n\t<meta name=\"twitter:data1\" content=\"1\u00a0Minute\" \/>\n<script type=\"application\/ld+json\" class=\"yoast-schema-graph\">{\"@context\":\"https:\\\/\\\/schema.org\",\"@graph\":[{\"@type\":\"WebPage\",\"@id\":\"https:\\\/\\\/marktxxl.de\\\/markt\\\/produkt\\\/45-baby-meilensteinkarten-lino-fuer-junge-und-maedchen-meilenstein-karten-set-geschenkbox-schoene-geschenkidee-zur-geburt-taufe-oder-babyparty-tiere-weiss-deutsch\\\/\",\"url\":\"https:\\\/\\\/marktxxl.de\\\/markt\\\/produkt\\\/45-baby-meilensteinkarten-lino-fuer-junge-und-maedchen-meilenstein-karten-set-geschenkbox-schoene-geschenkidee-zur-geburt-taufe-oder-babyparty-tiere-weiss-deutsch\\\/\",\"name\":\"OLGS 45 Baby Meilensteinkarten Lino f\u00fcr Junge und M\u00e4dchen Meilenstein Karten Set + Geschenkbox sch\u00f6ne Geschenkidee zur\u2026 - Markt-XXL\",\"isPartOf\":{\"@id\":\"https:\\\/\\\/marktxxl.de\\\/markt\\\/#website\"},\"primaryImageOfPage\":{\"@id\":\"https:\\\/\\\/marktxxl.de\\\/markt\\\/produkt\\\/45-baby-meilensteinkarten-lino-fuer-junge-und-maedchen-meilenstein-karten-set-geschenkbox-schoene-geschenkidee-zur-geburt-taufe-oder-babyparty-tiere-weiss-deutsch\\\/#primaryimage\"},\"image\":{\"@id\":\"https:\\\/\\\/marktxxl.de\\\/markt\\\/produkt\\\/45-baby-meilensteinkarten-lino-fuer-junge-und-maedchen-meilenstein-karten-set-geschenkbox-schoene-geschenkidee-zur-geburt-taufe-oder-babyparty-tiere-weiss-deutsch\\\/#primaryimage\"},\"thumbnailUrl\":\"https:\\\/\\\/m.media-amazon.com\\\/images\\\/I\\\/51xDBIbxGIL._SL500_.jpg\",\"datePublished\":\"2022-06-14T04:29:41+00:00\",\"dateModified\":\"2023-04-10T02:09:09+00:00\",\"description\":\"Markt-XXL OLGS 45 Baby Meilensteinkarten Lino f\u00fcr Junge und M\u00e4dchen Meilenstein Karten Set + Geschenkbox sch\u00f6ne Geschenkidee zur\u2026\",\"breadcrumb\":{\"@id\":\"https:\\\/\\\/marktxxl.de\\\/markt\\\/produkt\\\/45-baby-meilensteinkarten-lino-fuer-junge-und-maedchen-meilenstein-karten-set-geschenkbox-schoene-geschenkidee-zur-geburt-taufe-oder-babyparty-tiere-weiss-deutsch\\\/#breadcrumb\"},\"inLanguage\":\"de\",\"potentialAction\":[{\"@type\":\"ReadAction\",\"target\":[\"https:\\\/\\\/marktxxl.de\\\/markt\\\/produkt\\\/45-baby-meilensteinkarten-lino-fuer-junge-und-maedchen-meilenstein-karten-set-geschenkbox-schoene-geschenkidee-zur-geburt-taufe-oder-babyparty-tiere-weiss-deutsch\\\/\"]}]},{\"@type\":\"ImageObject\",\"inLanguage\":\"de\",\"@id\":\"https:\\\/\\\/marktxxl.de\\\/markt\\\/produkt\\\/45-baby-meilensteinkarten-lino-fuer-junge-und-maedchen-meilenstein-karten-set-geschenkbox-schoene-geschenkidee-zur-geburt-taufe-oder-babyparty-tiere-weiss-deutsch\\\/#primaryimage\",\"url\":\"https:\\\/\\\/m.media-amazon.com\\\/images\\\/I\\\/51xDBIbxGIL._SL500_.jpg\",\"contentUrl\":\"https:\\\/\\\/m.media-amazon.com\\\/images\\\/I\\\/51xDBIbxGIL._SL500_.jpg\",\"width\":500,\"height\":499},{\"@type\":\"BreadcrumbList\",\"@id\":\"https:\\\/\\\/marktxxl.de\\\/markt\\\/produkt\\\/45-baby-meilensteinkarten-lino-fuer-junge-und-maedchen-meilenstein-karten-set-geschenkbox-schoene-geschenkidee-zur-geburt-taufe-oder-babyparty-tiere-weiss-deutsch\\\/#breadcrumb\",\"itemListElement\":[{\"@type\":\"ListItem\",\"position\":1,\"name\":\"Startseite\",\"item\":\"https:\\\/\\\/marktxxl.de\\\/markt\\\/\"},{\"@type\":\"ListItem\",\"position\":2,\"name\":\"Markt\",\"item\":\"https:\\\/\\\/marktxxl.de\\\/markt\\\/\"},{\"@type\":\"ListItem\",\"position\":3,\"name\":\"OLGS 45 Baby Meilensteinkarten Lino f\u00fcr Junge und M\u00e4dchen Meilenstein Karten Set + Geschenkbox sch\u00f6ne Geschenkidee zur\u2026\"}]},{\"@type\":\"WebSite\",\"@id\":\"https:\\\/\\\/marktxxl.de\\\/markt\\\/#website\",\"url\":\"https:\\\/\\\/marktxxl.de\\\/markt\\\/\",\"name\":\"Markt-XXL\",\"description\":\"Ihr Markt Online\",\"publisher\":{\"@id\":\"https:\\\/\\\/marktxxl.de\\\/markt\\\/#organization\"},\"potentialAction\":[{\"@type\":\"SearchAction\",\"target\":{\"@type\":\"EntryPoint\",\"urlTemplate\":\"https:\\\/\\\/marktxxl.de\\\/markt\\\/?s={search_term_string}\"},\"query-input\":{\"@type\":\"PropertyValueSpecification\",\"valueRequired\":true,\"valueName\":\"search_term_string\"}}],\"inLanguage\":\"de\"},{\"@type\":\"Organization\",\"@id\":\"https:\\\/\\\/marktxxl.de\\\/markt\\\/#organization\",\"name\":\"Markt-XXL\",\"url\":\"https:\\\/\\\/marktxxl.de\\\/markt\\\/\",\"logo\":{\"@type\":\"ImageObject\",\"inLanguage\":\"de\",\"@id\":\"https:\\\/\\\/marktxxl.de\\\/markt\\\/#\\\/schema\\\/logo\\\/image\\\/\",\"url\":\"https:\\\/\\\/marktxxl.de\\\/markt\\\/wp-content\\\/uploads\\\/sites\\\/3\\\/2020\\\/12\\\/logo.png\",\"contentUrl\":\"https:\\\/\\\/marktxxl.de\\\/markt\\\/wp-content\\\/uploads\\\/sites\\\/3\\\/2020\\\/12\\\/logo.png\",\"width\":200,\"height\":70,\"caption\":\"Markt-XXL\"},\"image\":{\"@id\":\"https:\\\/\\\/marktxxl.de\\\/markt\\\/#\\\/schema\\\/logo\\\/image\\\/\"}}]}<\/script>\n<!-- \/ Yoast SEO plugin. -->","yoast_head_json":{"title":"OLGS 45 Baby Meilensteinkarten Lino f\u00fcr Junge und M\u00e4dchen Meilenstein Karten Set + Geschenkbox sch\u00f6ne Geschenkidee zur\u2026 - Markt-XXL","description":"Markt-XXL OLGS 45 Baby Meilensteinkarten Lino f\u00fcr Junge und M\u00e4dchen Meilenstein Karten Set + Geschenkbox sch\u00f6ne Geschenkidee zur\u2026","robots":{"index":"index","follow":"follow","max-snippet":"max-snippet:-1","max-image-preview":"max-image-preview:large","max-video-preview":"max-video-preview:-1"},"canonical":"https:\/\/marktxxl.de\/markt\/produkt\/45-baby-meilensteinkarten-lino-fuer-junge-und-maedchen-meilenstein-karten-set-geschenkbox-schoene-geschenkidee-zur-geburt-taufe-oder-babyparty-tiere-weiss-deutsch\/","og_locale":"de_DE","og_type":"article","og_title":"OLGS 45 Baby Meilensteinkarten Lino f\u00fcr Junge und M\u00e4dchen Meilenstein Karten Set + Geschenkbox sch\u00f6ne Geschenkidee zur\u2026 - Markt-XXL","og_description":"Markt-XXL OLGS 45 Baby Meilensteinkarten Lino f\u00fcr Junge und M\u00e4dchen Meilenstein Karten Set + Geschenkbox sch\u00f6ne Geschenkidee zur\u2026","og_url":"https:\/\/marktxxl.de\/markt\/produkt\/45-baby-meilensteinkarten-lino-fuer-junge-und-maedchen-meilenstein-karten-set-geschenkbox-schoene-geschenkidee-zur-geburt-taufe-oder-babyparty-tiere-weiss-deutsch\/","og_site_name":"Markt-XXL","article_modified_time":"2023-04-10T02:09:09+00:00","og_image":[{"width":500,"height":499,"url":"https:\/\/m.media-amazon.com\/images\/I\/51xDBIbxGIL._SL500_.jpg","type":"image\/jpeg"}],"twitter_card":"summary_large_image","twitter_misc":{"Gesch\u00e4tzte Lesezeit":"1\u00a0Minute"},"schema":{"@context":"https:\/\/schema.org","@graph":[{"@type":"WebPage","@id":"https:\/\/marktxxl.de\/markt\/produkt\/45-baby-meilensteinkarten-lino-fuer-junge-und-maedchen-meilenstein-karten-set-geschenkbox-schoene-geschenkidee-zur-geburt-taufe-oder-babyparty-tiere-weiss-deutsch\/","url":"https:\/\/marktxxl.de\/markt\/produkt\/45-baby-meilensteinkarten-lino-fuer-junge-und-maedchen-meilenstein-karten-set-geschenkbox-schoene-geschenkidee-zur-geburt-taufe-oder-babyparty-tiere-weiss-deutsch\/","name":"OLGS 45 Baby Meilensteinkarten Lino f\u00fcr Junge und M\u00e4dchen Meilenstein Karten Set + Geschenkbox sch\u00f6ne Geschenkidee zur\u2026 - Markt-XXL","isPartOf":{"@id":"https:\/\/marktxxl.de\/markt\/#website"},"primaryImageOfPage":{"@id":"https:\/\/marktxxl.de\/markt\/produkt\/45-baby-meilensteinkarten-lino-fuer-junge-und-maedchen-meilenstein-karten-set-geschenkbox-schoene-geschenkidee-zur-geburt-taufe-oder-babyparty-tiere-weiss-deutsch\/#primaryimage"},"image":{"@id":"https:\/\/marktxxl.de\/markt\/produkt\/45-baby-meilensteinkarten-lino-fuer-junge-und-maedchen-meilenstein-karten-set-geschenkbox-schoene-geschenkidee-zur-geburt-taufe-oder-babyparty-tiere-weiss-deutsch\/#primaryimage"},"thumbnailUrl":"https:\/\/m.media-amazon.com\/images\/I\/51xDBIbxGIL._SL500_.jpg","datePublished":"2022-06-14T04:29:41+00:00","dateModified":"2023-04-10T02:09:09+00:00","description":"Markt-XXL OLGS 45 Baby Meilensteinkarten Lino f\u00fcr Junge und M\u00e4dchen Meilenstein Karten Set + Geschenkbox sch\u00f6ne Geschenkidee zur\u2026","breadcrumb":{"@id":"https:\/\/marktxxl.de\/markt\/produkt\/45-baby-meilensteinkarten-lino-fuer-junge-und-maedchen-meilenstein-karten-set-geschenkbox-schoene-geschenkidee-zur-geburt-taufe-oder-babyparty-tiere-weiss-deutsch\/#breadcrumb"},"inLanguage":"de","potentialAction":[{"@type":"ReadAction","target":["https:\/\/marktxxl.de\/markt\/produkt\/45-baby-meilensteinkarten-lino-fuer-junge-und-maedchen-meilenstein-karten-set-geschenkbox-schoene-geschenkidee-zur-geburt-taufe-oder-babyparty-tiere-weiss-deutsch\/"]}]},{"@type":"ImageObject","inLanguage":"de","@id":"https:\/\/marktxxl.de\/markt\/produkt\/45-baby-meilensteinkarten-lino-fuer-junge-und-maedchen-meilenstein-karten-set-geschenkbox-schoene-geschenkidee-zur-geburt-taufe-oder-babyparty-tiere-weiss-deutsch\/#primaryimage","url":"https:\/\/m.media-amazon.com\/images\/I\/51xDBIbxGIL._SL500_.jpg","contentUrl":"https:\/\/m.media-amazon.com\/images\/I\/51xDBIbxGIL._SL500_.jpg","width":500,"height":499},{"@type":"BreadcrumbList","@id":"https:\/\/marktxxl.de\/markt\/produkt\/45-baby-meilensteinkarten-lino-fuer-junge-und-maedchen-meilenstein-karten-set-geschenkbox-schoene-geschenkidee-zur-geburt-taufe-oder-babyparty-tiere-weiss-deutsch\/#breadcrumb","itemListElement":[{"@type":"ListItem","position":1,"name":"Startseite","item":"https:\/\/marktxxl.de\/markt\/"},{"@type":"ListItem","position":2,"name":"Markt","item":"https:\/\/marktxxl.de\/markt\/"},{"@type":"ListItem","position":3,"name":"OLGS 45 Baby Meilensteinkarten Lino f\u00fcr Junge und M\u00e4dchen Meilenstein Karten Set + Geschenkbox sch\u00f6ne Geschenkidee zur\u2026"}]},{"@type":"WebSite","@id":"https:\/\/marktxxl.de\/markt\/#website","url":"https:\/\/marktxxl.de\/markt\/","name":"Markt-XXL","description":"Ihr Markt Online","publisher":{"@id":"https:\/\/marktxxl.de\/markt\/#organization"},"potentialAction":[{"@type":"SearchAction","target":{"@type":"EntryPoint","urlTemplate":"https:\/\/marktxxl.de\/markt\/?s={search_term_string}"},"query-input":{"@type":"PropertyValueSpecification","valueRequired":true,"valueName":"search_term_string"}}],"inLanguage":"de"},{"@type":"Organization","@id":"https:\/\/marktxxl.de\/markt\/#organization","name":"Markt-XXL","url":"https:\/\/marktxxl.de\/markt\/","logo":{"@type":"ImageObject","inLanguage":"de","@id":"https:\/\/marktxxl.de\/markt\/#\/schema\/logo\/image\/","url":"https:\/\/marktxxl.de\/markt\/wp-content\/uploads\/sites\/3\/2020\/12\/logo.png","contentUrl":"https:\/\/marktxxl.de\/markt\/wp-content\/uploads\/sites\/3\/2020\/12\/logo.png","width":200,"height":70,"caption":"Markt-XXL"},"image":{"@id":"https:\/\/marktxxl.de\/markt\/#\/schema\/logo\/image\/"}}]}},"_links":{"self":[{"href":"https:\/\/marktxxl.de\/markt\/wp-json\/wp\/v2\/product\/130948","targetHints":{"allow":["GET"]}}],"collection":[{"href":"https:\/\/marktxxl.de\/markt\/wp-json\/wp\/v2\/product"}],"about":[{"href":"https:\/\/marktxxl.de\/markt\/wp-json\/wp\/v2\/types\/product"}],"replies":[{"embeddable":true,"href":"https:\/\/marktxxl.de\/markt\/wp-json\/wp\/v2\/comments?post=130948"}],"wp:featuredmedia":[{"embeddable":true,"href":"https:\/\/marktxxl.de\/markt\/wp-json\/wp\/v2\/media\/130949"}],"wp:attachment":[{"href":"https:\/\/marktxxl.de\/markt\/wp-json\/wp\/v2\/media?parent=130948"}],"wp:term":[{"taxonomy":"product_brand","embeddable":true,"href":"https:\/\/marktxxl.de\/markt\/wp-json\/wp\/v2\/product_brand?post=130948"},{"taxonomy":"product_cat","embeddable":true,"href":"https:\/\/marktxxl.de\/markt\/wp-json\/wp\/v2\/product_cat?post=130948"},{"taxonomy":"product_tag","embeddable":true,"href":"https:\/\/marktxxl.de\/markt\/wp-json\/wp\/v2\/product_tag?post=130948"}],"curies":[{"name":"wp","href":"https:\/\/api.w.org\/{rel}","templated":true}]}}