{"id":130931,"date":"2022-06-14T06:29:24","date_gmt":"2022-06-14T04:29:24","guid":{"rendered":"https:\/\/marktxxl.de\/markt\/produkt\/everybunny-prays-geschenkset-fuer-babys-und-kleinkinder-mit-gebetshase-und-gebetsbuch-in-andenkenbox-fuer-maedchen\/"},"modified":"2023-04-10T04:09:09","modified_gmt":"2023-04-10T02:09:09","slug":"everybunny-prays-geschenkset-fuer-babys-und-kleinkinder-mit-gebetshase-und-gebetsbuch-in-andenkenbox-fuer-maedchen","status":"publish","type":"product","link":"https:\/\/marktxxl.de\/markt\/produkt\/everybunny-prays-geschenkset-fuer-babys-und-kleinkinder-mit-gebetshase-und-gebetsbuch-in-andenkenbox-fuer-maedchen\/","title":{"rendered":"Tickle &amp; Main, Everybunny Prays &#8211; Geschenkset f\u00fcr Babys und Kleinkinder mit betendem Musikhasen und Gebetbuch in\u2026"},"content":{"rendered":"<p>Jedes Bunny Gebets-Baby-Geschenk-Set ist ein wundersch\u00f6n verpacktes Andenken-Geschenk, das ein Aquarell-illustriertes Brettbuch \u00fcber das Gebet und ein Pl\u00fcschhase &#8220;Pray with Me&#8221; enth\u00e4lt, der &#8220;Now I Lay Me Down to Sleep&#8221; in einer s\u00fc\u00dfen kleinen M\u00e4dchenstimme, wenn Sie ihren Bauch dr\u00fccken. Das Buch und der luxuri\u00f6se Pl\u00fcschhase sind in einer Erinnerungsschachtel mit wei\u00dfem Band verpackt.<br \/>\nDr\u00fccken Sie meinen Bauch und beten Sie mit mir. Hasen ist 17,8 cm hoch und besteht aus luxuri\u00f6sem weichem Pl\u00fcschfell mit gestickten Details und rosa Rosenblumen-Akzenten. Hasenh\u00e4nde sind in betender Position und wenn Sie ihren Bauch dr\u00fccken, rezitiert sie das Gebet &#8220;Now I Lay Me Down to Sleep&#8221; in der Stimme eines kleinen M\u00e4dchens.<br \/>\nDas EveryBunny Gebetsbrettbuch enth\u00e4lt 16 sch\u00f6ne handgezeichnete Aquarell-Illustrationen, die Kindern ein Verst\u00e4ndnis des Gebets bieten und wie besonders es ist, mit Gott zu kommunizieren. Die letzte Seite des Buches enth\u00e4lt das Gebet &#8220;Now I Lay Me Down to Sleep&#8221;, damit Kinder das Gebet zusammen mit dem H\u00e4schen sagen k\u00f6nnen.<br \/>\nDie Geschenkbox ist eine zarte, rosa Rose und enth\u00e4lt ein spezielles Fach f\u00fcr das Buch. Die Box misst 17,8 x 17,8 x 10,2 cm und hat ein wei\u00dfes Ripsband-Verschluss<br \/>\n<div class=\"main-cross-sell\" data-asin=\"B07VZ72Z4W\">\n\n\t<div class=\"WooZone-cross-sell-loader\">\n\t\t<div>\n\t\t\t<div id=\"floatingBarsG\">\n\t\t\t\t<div class=\"blockG\" id=\"rotateG_01\"><\/div>\n\t\t\t\t<div class=\"blockG\" id=\"rotateG_02\"><\/div>\n\t\t\t\t<div class=\"blockG\" id=\"rotateG_03\"><\/div>\n\t\t\t\t<div class=\"blockG\" id=\"rotateG_04\"><\/div>\n\t\t\t\t<div class=\"blockG\" id=\"rotateG_05\"><\/div>\n\t\t\t\t<div class=\"blockG\" id=\"rotateG_06\"><\/div>\n\t\t\t\t<div class=\"blockG\" id=\"rotateG_07\"><\/div>\n\t\t\t\t<div class=\"blockG\" id=\"rotateG_08\"><\/div>\n\t\t\t<\/div>\n\t\t\t<div class=\"WooZone-cross-sell-loader-text\"><\/div>\n\t\t<\/div>\n\t<\/div>\n\n\t\t\n<\/div>\n<div style=\"clear:both;\"><\/div><\/p>\n","protected":false},"excerpt":{"rendered":"<p>Jedes Bunny Gebets-Baby-Geschenk-Set ist ein wundersch\u00f6n verpacktes Andenken-Geschenk, das ein Aquarell-illustriertes Brettbuch \u00fcber das Gebet und ein Pl\u00fcschhase &#8220;Pray with Me&#8221; enth\u00e4lt, der &#8220;Now I Lay Me Down to Sleep&#8221; in einer s\u00fc\u00dfen kleinen M\u00e4dchenstimme, wenn Sie ihren Bauch dr\u00fccken. Das Buch und der luxuri\u00f6se Pl\u00fcschhase sind in einer Erinnerungsschachtel mit wei\u00dfem Band verpackt.<br \/>\nDr\u00fccken Sie meinen Bauch und beten Sie mit mir. Hasen ist 17,8 cm hoch und besteht aus luxuri\u00f6sem weichem Pl\u00fcschfell mit gestickten Details und rosa Rosenblumen-Akzenten. Hasenh\u00e4nde sind in betender Position und wenn Sie ihren Bauch dr\u00fccken, rezitiert sie das Gebet &#8220;Now I Lay Me Down to Sleep&#8221; in der Stimme eines kleinen M\u00e4dchens.<br \/>\nDas EveryBunny Gebetsbrettbuch enth\u00e4lt 16 sch\u00f6ne handgezeichnete Aquarell-Illustrationen, die Kindern ein Verst\u00e4ndnis des Gebets bieten und wie besonders es ist, mit Gott zu kommunizieren. Die letzte Seite des Buches enth\u00e4lt das Gebet &#8220;Now I Lay Me Down to Sleep&#8221;, damit Kinder das Gebet zusammen mit dem H\u00e4schen sagen k\u00f6nnen.<\/p>\n","protected":false},"featured_media":130932,"comment_status":"open","ping_status":"closed","template":"","meta":[],"product_brand":[],"product_cat":[21,8929],"product_tag":[],"class_list":{"0":"post-130931","1":"product","2":"type-product","3":"status-publish","4":"has-post-thumbnail","6":"product_cat-baby","7":"product_cat-babygeschenke-baby","8":"pa_binding-babyartikel","9":"pa_brand-fmu","10":"pa_manufacturer-fmu","11":"pa_model-tmep010","13":"first","14":"instock","15":"shipping-taxable","16":"purchasable","17":"product-type-simple","18":"customify-col","19":"product-has-gallery"},"yoast_head":"<!-- This site is optimized with the Yoast SEO plugin v27.4 - https:\/\/yoast.com\/product\/yoast-seo-wordpress\/ -->\n<title>Tickle &amp; Main, Everybunny Prays - Geschenkset f\u00fcr Babys und Kleinkinder mit betendem Musikhasen und Gebetbuch in\u2026 - Markt-XXL<\/title>\n<meta name=\"description\" content=\"Markt-XXL Tickle &amp; Main, Everybunny Prays - Geschenkset f\u00fcr Babys und Kleinkinder mit betendem Musikhasen und Gebetbuch in\u2026\" \/>\n<meta name=\"robots\" content=\"index, follow, max-snippet:-1, max-image-preview:large, max-video-preview:-1\" \/>\n<link rel=\"canonical\" href=\"https:\/\/marktxxl.de\/markt\/produkt\/everybunny-prays-geschenkset-fuer-babys-und-kleinkinder-mit-gebetshase-und-gebetsbuch-in-andenkenbox-fuer-maedchen\/\" \/>\n<meta property=\"og:locale\" content=\"de_DE\" \/>\n<meta property=\"og:type\" content=\"article\" \/>\n<meta property=\"og:title\" content=\"Tickle &amp; Main, Everybunny Prays - Geschenkset f\u00fcr Babys und Kleinkinder mit betendem Musikhasen und Gebetbuch in\u2026 - Markt-XXL\" \/>\n<meta property=\"og:description\" content=\"Markt-XXL Tickle &amp; Main, Everybunny Prays - Geschenkset f\u00fcr Babys und Kleinkinder mit betendem Musikhasen und Gebetbuch in\u2026\" \/>\n<meta property=\"og:url\" content=\"https:\/\/marktxxl.de\/markt\/produkt\/everybunny-prays-geschenkset-fuer-babys-und-kleinkinder-mit-gebetshase-und-gebetsbuch-in-andenkenbox-fuer-maedchen\/\" \/>\n<meta property=\"og:site_name\" content=\"Markt-XXL\" \/>\n<meta property=\"article:modified_time\" content=\"2023-04-10T02:09:09+00:00\" \/>\n<meta property=\"og:image\" content=\"https:\/\/m.media-amazon.com\/images\/I\/51fAUD13waL._SL500_.jpg\" \/>\n\t<meta property=\"og:image:width\" content=\"500\" \/>\n\t<meta property=\"og:image:height\" content=\"500\" \/>\n\t<meta property=\"og:image:type\" content=\"image\/jpeg\" \/>\n<meta name=\"twitter:card\" content=\"summary_large_image\" \/>\n<meta name=\"twitter:label1\" content=\"Gesch\u00e4tzte Lesezeit\" \/>\n\t<meta name=\"twitter:data1\" content=\"1\u00a0Minute\" \/>\n<script type=\"application\/ld+json\" class=\"yoast-schema-graph\">{\"@context\":\"https:\\\/\\\/schema.org\",\"@graph\":[{\"@type\":\"WebPage\",\"@id\":\"https:\\\/\\\/marktxxl.de\\\/markt\\\/produkt\\\/everybunny-prays-geschenkset-fuer-babys-und-kleinkinder-mit-gebetshase-und-gebetsbuch-in-andenkenbox-fuer-maedchen\\\/\",\"url\":\"https:\\\/\\\/marktxxl.de\\\/markt\\\/produkt\\\/everybunny-prays-geschenkset-fuer-babys-und-kleinkinder-mit-gebetshase-und-gebetsbuch-in-andenkenbox-fuer-maedchen\\\/\",\"name\":\"Tickle &amp; Main, Everybunny Prays - Geschenkset f\u00fcr Babys und Kleinkinder mit betendem Musikhasen und Gebetbuch in\u2026 - Markt-XXL\",\"isPartOf\":{\"@id\":\"https:\\\/\\\/marktxxl.de\\\/markt\\\/#website\"},\"primaryImageOfPage\":{\"@id\":\"https:\\\/\\\/marktxxl.de\\\/markt\\\/produkt\\\/everybunny-prays-geschenkset-fuer-babys-und-kleinkinder-mit-gebetshase-und-gebetsbuch-in-andenkenbox-fuer-maedchen\\\/#primaryimage\"},\"image\":{\"@id\":\"https:\\\/\\\/marktxxl.de\\\/markt\\\/produkt\\\/everybunny-prays-geschenkset-fuer-babys-und-kleinkinder-mit-gebetshase-und-gebetsbuch-in-andenkenbox-fuer-maedchen\\\/#primaryimage\"},\"thumbnailUrl\":\"https:\\\/\\\/m.media-amazon.com\\\/images\\\/I\\\/51fAUD13waL._SL500_.jpg\",\"datePublished\":\"2022-06-14T04:29:24+00:00\",\"dateModified\":\"2023-04-10T02:09:09+00:00\",\"description\":\"Markt-XXL Tickle &amp; Main, Everybunny Prays - Geschenkset f\u00fcr Babys und Kleinkinder mit betendem Musikhasen und Gebetbuch in\u2026\",\"breadcrumb\":{\"@id\":\"https:\\\/\\\/marktxxl.de\\\/markt\\\/produkt\\\/everybunny-prays-geschenkset-fuer-babys-und-kleinkinder-mit-gebetshase-und-gebetsbuch-in-andenkenbox-fuer-maedchen\\\/#breadcrumb\"},\"inLanguage\":\"de\",\"potentialAction\":[{\"@type\":\"ReadAction\",\"target\":[\"https:\\\/\\\/marktxxl.de\\\/markt\\\/produkt\\\/everybunny-prays-geschenkset-fuer-babys-und-kleinkinder-mit-gebetshase-und-gebetsbuch-in-andenkenbox-fuer-maedchen\\\/\"]}]},{\"@type\":\"ImageObject\",\"inLanguage\":\"de\",\"@id\":\"https:\\\/\\\/marktxxl.de\\\/markt\\\/produkt\\\/everybunny-prays-geschenkset-fuer-babys-und-kleinkinder-mit-gebetshase-und-gebetsbuch-in-andenkenbox-fuer-maedchen\\\/#primaryimage\",\"url\":\"https:\\\/\\\/m.media-amazon.com\\\/images\\\/I\\\/51fAUD13waL._SL500_.jpg\",\"contentUrl\":\"https:\\\/\\\/m.media-amazon.com\\\/images\\\/I\\\/51fAUD13waL._SL500_.jpg\",\"width\":500,\"height\":500},{\"@type\":\"BreadcrumbList\",\"@id\":\"https:\\\/\\\/marktxxl.de\\\/markt\\\/produkt\\\/everybunny-prays-geschenkset-fuer-babys-und-kleinkinder-mit-gebetshase-und-gebetsbuch-in-andenkenbox-fuer-maedchen\\\/#breadcrumb\",\"itemListElement\":[{\"@type\":\"ListItem\",\"position\":1,\"name\":\"Startseite\",\"item\":\"https:\\\/\\\/marktxxl.de\\\/markt\\\/\"},{\"@type\":\"ListItem\",\"position\":2,\"name\":\"Markt\",\"item\":\"https:\\\/\\\/marktxxl.de\\\/markt\\\/\"},{\"@type\":\"ListItem\",\"position\":3,\"name\":\"Tickle &amp; Main, Everybunny Prays &#8211; Geschenkset f\u00fcr Babys und Kleinkinder mit betendem Musikhasen und Gebetbuch in\u2026\"}]},{\"@type\":\"WebSite\",\"@id\":\"https:\\\/\\\/marktxxl.de\\\/markt\\\/#website\",\"url\":\"https:\\\/\\\/marktxxl.de\\\/markt\\\/\",\"name\":\"Markt-XXL\",\"description\":\"Ihr Markt Online\",\"publisher\":{\"@id\":\"https:\\\/\\\/marktxxl.de\\\/markt\\\/#organization\"},\"potentialAction\":[{\"@type\":\"SearchAction\",\"target\":{\"@type\":\"EntryPoint\",\"urlTemplate\":\"https:\\\/\\\/marktxxl.de\\\/markt\\\/?s={search_term_string}\"},\"query-input\":{\"@type\":\"PropertyValueSpecification\",\"valueRequired\":true,\"valueName\":\"search_term_string\"}}],\"inLanguage\":\"de\"},{\"@type\":\"Organization\",\"@id\":\"https:\\\/\\\/marktxxl.de\\\/markt\\\/#organization\",\"name\":\"Markt-XXL\",\"url\":\"https:\\\/\\\/marktxxl.de\\\/markt\\\/\",\"logo\":{\"@type\":\"ImageObject\",\"inLanguage\":\"de\",\"@id\":\"https:\\\/\\\/marktxxl.de\\\/markt\\\/#\\\/schema\\\/logo\\\/image\\\/\",\"url\":\"https:\\\/\\\/marktxxl.de\\\/markt\\\/wp-content\\\/uploads\\\/sites\\\/3\\\/2020\\\/12\\\/logo.png\",\"contentUrl\":\"https:\\\/\\\/marktxxl.de\\\/markt\\\/wp-content\\\/uploads\\\/sites\\\/3\\\/2020\\\/12\\\/logo.png\",\"width\":200,\"height\":70,\"caption\":\"Markt-XXL\"},\"image\":{\"@id\":\"https:\\\/\\\/marktxxl.de\\\/markt\\\/#\\\/schema\\\/logo\\\/image\\\/\"}}]}<\/script>\n<!-- \/ Yoast SEO plugin. -->","yoast_head_json":{"title":"Tickle &amp; Main, Everybunny Prays - Geschenkset f\u00fcr Babys und Kleinkinder mit betendem Musikhasen und Gebetbuch in\u2026 - Markt-XXL","description":"Markt-XXL Tickle &amp; Main, Everybunny Prays - Geschenkset f\u00fcr Babys und Kleinkinder mit betendem Musikhasen und Gebetbuch in\u2026","robots":{"index":"index","follow":"follow","max-snippet":"max-snippet:-1","max-image-preview":"max-image-preview:large","max-video-preview":"max-video-preview:-1"},"canonical":"https:\/\/marktxxl.de\/markt\/produkt\/everybunny-prays-geschenkset-fuer-babys-und-kleinkinder-mit-gebetshase-und-gebetsbuch-in-andenkenbox-fuer-maedchen\/","og_locale":"de_DE","og_type":"article","og_title":"Tickle &amp; Main, Everybunny Prays - Geschenkset f\u00fcr Babys und Kleinkinder mit betendem Musikhasen und Gebetbuch in\u2026 - Markt-XXL","og_description":"Markt-XXL Tickle &amp; Main, Everybunny Prays - Geschenkset f\u00fcr Babys und Kleinkinder mit betendem Musikhasen und Gebetbuch in\u2026","og_url":"https:\/\/marktxxl.de\/markt\/produkt\/everybunny-prays-geschenkset-fuer-babys-und-kleinkinder-mit-gebetshase-und-gebetsbuch-in-andenkenbox-fuer-maedchen\/","og_site_name":"Markt-XXL","article_modified_time":"2023-04-10T02:09:09+00:00","og_image":[{"width":500,"height":500,"url":"https:\/\/m.media-amazon.com\/images\/I\/51fAUD13waL._SL500_.jpg","type":"image\/jpeg"}],"twitter_card":"summary_large_image","twitter_misc":{"Gesch\u00e4tzte Lesezeit":"1\u00a0Minute"},"schema":{"@context":"https:\/\/schema.org","@graph":[{"@type":"WebPage","@id":"https:\/\/marktxxl.de\/markt\/produkt\/everybunny-prays-geschenkset-fuer-babys-und-kleinkinder-mit-gebetshase-und-gebetsbuch-in-andenkenbox-fuer-maedchen\/","url":"https:\/\/marktxxl.de\/markt\/produkt\/everybunny-prays-geschenkset-fuer-babys-und-kleinkinder-mit-gebetshase-und-gebetsbuch-in-andenkenbox-fuer-maedchen\/","name":"Tickle &amp; Main, Everybunny Prays - Geschenkset f\u00fcr Babys und Kleinkinder mit betendem Musikhasen und Gebetbuch in\u2026 - Markt-XXL","isPartOf":{"@id":"https:\/\/marktxxl.de\/markt\/#website"},"primaryImageOfPage":{"@id":"https:\/\/marktxxl.de\/markt\/produkt\/everybunny-prays-geschenkset-fuer-babys-und-kleinkinder-mit-gebetshase-und-gebetsbuch-in-andenkenbox-fuer-maedchen\/#primaryimage"},"image":{"@id":"https:\/\/marktxxl.de\/markt\/produkt\/everybunny-prays-geschenkset-fuer-babys-und-kleinkinder-mit-gebetshase-und-gebetsbuch-in-andenkenbox-fuer-maedchen\/#primaryimage"},"thumbnailUrl":"https:\/\/m.media-amazon.com\/images\/I\/51fAUD13waL._SL500_.jpg","datePublished":"2022-06-14T04:29:24+00:00","dateModified":"2023-04-10T02:09:09+00:00","description":"Markt-XXL Tickle &amp; Main, Everybunny Prays - Geschenkset f\u00fcr Babys und Kleinkinder mit betendem Musikhasen und Gebetbuch in\u2026","breadcrumb":{"@id":"https:\/\/marktxxl.de\/markt\/produkt\/everybunny-prays-geschenkset-fuer-babys-und-kleinkinder-mit-gebetshase-und-gebetsbuch-in-andenkenbox-fuer-maedchen\/#breadcrumb"},"inLanguage":"de","potentialAction":[{"@type":"ReadAction","target":["https:\/\/marktxxl.de\/markt\/produkt\/everybunny-prays-geschenkset-fuer-babys-und-kleinkinder-mit-gebetshase-und-gebetsbuch-in-andenkenbox-fuer-maedchen\/"]}]},{"@type":"ImageObject","inLanguage":"de","@id":"https:\/\/marktxxl.de\/markt\/produkt\/everybunny-prays-geschenkset-fuer-babys-und-kleinkinder-mit-gebetshase-und-gebetsbuch-in-andenkenbox-fuer-maedchen\/#primaryimage","url":"https:\/\/m.media-amazon.com\/images\/I\/51fAUD13waL._SL500_.jpg","contentUrl":"https:\/\/m.media-amazon.com\/images\/I\/51fAUD13waL._SL500_.jpg","width":500,"height":500},{"@type":"BreadcrumbList","@id":"https:\/\/marktxxl.de\/markt\/produkt\/everybunny-prays-geschenkset-fuer-babys-und-kleinkinder-mit-gebetshase-und-gebetsbuch-in-andenkenbox-fuer-maedchen\/#breadcrumb","itemListElement":[{"@type":"ListItem","position":1,"name":"Startseite","item":"https:\/\/marktxxl.de\/markt\/"},{"@type":"ListItem","position":2,"name":"Markt","item":"https:\/\/marktxxl.de\/markt\/"},{"@type":"ListItem","position":3,"name":"Tickle &amp; Main, Everybunny Prays &#8211; Geschenkset f\u00fcr Babys und Kleinkinder mit betendem Musikhasen und Gebetbuch in\u2026"}]},{"@type":"WebSite","@id":"https:\/\/marktxxl.de\/markt\/#website","url":"https:\/\/marktxxl.de\/markt\/","name":"Markt-XXL","description":"Ihr Markt Online","publisher":{"@id":"https:\/\/marktxxl.de\/markt\/#organization"},"potentialAction":[{"@type":"SearchAction","target":{"@type":"EntryPoint","urlTemplate":"https:\/\/marktxxl.de\/markt\/?s={search_term_string}"},"query-input":{"@type":"PropertyValueSpecification","valueRequired":true,"valueName":"search_term_string"}}],"inLanguage":"de"},{"@type":"Organization","@id":"https:\/\/marktxxl.de\/markt\/#organization","name":"Markt-XXL","url":"https:\/\/marktxxl.de\/markt\/","logo":{"@type":"ImageObject","inLanguage":"de","@id":"https:\/\/marktxxl.de\/markt\/#\/schema\/logo\/image\/","url":"https:\/\/marktxxl.de\/markt\/wp-content\/uploads\/sites\/3\/2020\/12\/logo.png","contentUrl":"https:\/\/marktxxl.de\/markt\/wp-content\/uploads\/sites\/3\/2020\/12\/logo.png","width":200,"height":70,"caption":"Markt-XXL"},"image":{"@id":"https:\/\/marktxxl.de\/markt\/#\/schema\/logo\/image\/"}}]}},"_links":{"self":[{"href":"https:\/\/marktxxl.de\/markt\/wp-json\/wp\/v2\/product\/130931","targetHints":{"allow":["GET"]}}],"collection":[{"href":"https:\/\/marktxxl.de\/markt\/wp-json\/wp\/v2\/product"}],"about":[{"href":"https:\/\/marktxxl.de\/markt\/wp-json\/wp\/v2\/types\/product"}],"replies":[{"embeddable":true,"href":"https:\/\/marktxxl.de\/markt\/wp-json\/wp\/v2\/comments?post=130931"}],"wp:featuredmedia":[{"embeddable":true,"href":"https:\/\/marktxxl.de\/markt\/wp-json\/wp\/v2\/media\/130932"}],"wp:attachment":[{"href":"https:\/\/marktxxl.de\/markt\/wp-json\/wp\/v2\/media?parent=130931"}],"wp:term":[{"taxonomy":"product_brand","embeddable":true,"href":"https:\/\/marktxxl.de\/markt\/wp-json\/wp\/v2\/product_brand?post=130931"},{"taxonomy":"product_cat","embeddable":true,"href":"https:\/\/marktxxl.de\/markt\/wp-json\/wp\/v2\/product_cat?post=130931"},{"taxonomy":"product_tag","embeddable":true,"href":"https:\/\/marktxxl.de\/markt\/wp-json\/wp\/v2\/product_tag?post=130931"}],"curies":[{"name":"wp","href":"https:\/\/api.w.org\/{rel}","templated":true}]}}