{"id":130880,"date":"2022-06-14T06:26:14","date_gmt":"2022-06-14T04:26:14","guid":{"rendered":"https:\/\/marktxxl.de\/markt\/produkt\/ergonation-selbstklebender-rasiererhalter-aus-edelstahl-fuer-badezimmer-dusche-und-badewanne-wasserdichter-halter-wandhaken-fuer-rasierer-handtuecher-schluessel-regenschirme-kabel\/"},"modified":"2023-04-10T04:09:07","modified_gmt":"2023-04-10T02:09:07","slug":"ergonation-selbstklebender-rasiererhalter-aus-edelstahl-fuer-badezimmer-dusche-und-badewanne-wasserdichter-halter-wandhaken-fuer-rasierer-handtuecher-schluessel-regenschirme-kabel","status":"publish","type":"product","link":"https:\/\/marktxxl.de\/markt\/produkt\/ergonation-selbstklebender-rasiererhalter-aus-edelstahl-fuer-badezimmer-dusche-und-badewanne-wasserdichter-halter-wandhaken-fuer-rasierer-handtuecher-schluessel-regenschirme-kabel\/","title":{"rendered":"Ergonation Selbstklebender Rasiererhalter aus Edelstahl f\u00fcr Badezimmer, Dusche und Badewanne | Wasserdichter Halter\u2026"},"content":{"rendered":"<p>\ud835\udc12\ud835\udc02\ud835\udc07\ud835\udc0d\ud835\udc04\ud835\udc0b\ud835\udc0b\ud835\udc04 \ud835\udc14\ud835\udc0d\ud835\udc03 \ud835\udc04\ud835\udc08\ud835\udc0d\ud835\udc05\ud835\udc00\ud835\udc02\ud835\udc07\ud835\udc04 \ud835\udc08\ud835\udc0d\ud835\udc12\ud835\udc13\ud835\udc00\ud835\udc0b\ud835\udc0b\ud835\udc00\ud835\udc13\ud835\udc08\ud835\udc0e\ud835\udc0d &#8211; Die Rasiererhalter klebst du schnell und einfach an harte, flache Oberfl\u00e4chen wie Keramikfliesen, Metal, Kunststoff, Glas oder lackiertes Holz. L\u00f6cher Bohren ist nicht n\u00f6tig. Schrauben oder N\u00e4gel brauchst du auch nicht.<br \/>\n\ud835\udc0c\ud835\udc04\ud835\udc07\ud835\udc11\ud835\udc19\ud835\udc16\ud835\udc04\ud835\udc02\ud835\udc0a\ud835\udc07\ud835\udc00\ud835\udc0b\ud835\udc13\ud835\udc04\ud835\udc11 &#8211; Nicht nur als Halterung f\u00fcr deine Rasierer, sondern auch f\u00fcr Handt\u00fccher, Regenschirme, Schl\u00fcssel, Pinsel, Jacken, Kabel, Werkzeug (z. B. Schraubenzieher, Schere) und vieles mehr verwendbar.<br \/>\n\ud835\udc12\ud835\udc13\ud835\udc00\ud835\udc11\ud835\udc13-\ud835\udc14\ud835\udc0f \ud835\udc14\ud835\udc0d\ud835\udc13\ud835\udc04\ud835\udc11\ud835\udc12\ud835\udc13\u00dc\ud835\udc13\ud835\udc19\ud835\udc04\ud835\udc0d &#8211; Du willst zuverl\u00e4ssige Produkte zu einem unschlagbaren Preis und gleichzeitig ein deutsches Start-Up unterst\u00fctzen? Dann bist du bei uns richtig, denn wir sind ein 2020 gegr\u00fcndetes Familienunternehmen aus D\u00fcsseldorf und verkaufen unsere Produkte DIREKT AN DICH &#8211; ohne teure Mittelsm\u00e4nner!<br \/>\n\ud835\udc0a\ud835\udc0b\ud835\udc04\ud835\udc08\ud835\udc0d &amp; \ud835\udc01\ud835\udc04\ud835\udc0b\ud835\udc00\ud835\udc12\ud835\udc13\ud835\udc01\ud835\udc00\ud835\udc11 &#8211; Mit ihrer Gr\u00f6\u00dfe von nur 5,7 x 4,5 x 1,8 cm und ihrem Gewicht von ca. 30g sind die Halter von Ergonation klein und leicht, k\u00f6nnen aber trotzdem ein relativ hohes Gewicht von bis zu 10KG aushalten.<br \/>\n\ud835\udc15\ud835\udc04\ud835\udc11\ud835\udc01\ud835\udc04\ud835\udc12\ud835\udc12\ud835\udc04\ud835\udc11\ud835\udc14\ud835\udc0d\ud835\udc06 \ud835\udc03\ud835\udc04\ud835\udc11 \ud835\udc0b\ud835\udc04\ud835\udc01\ud835\udc04\ud835\udc0d\ud835\udc12\ud835\udc10\ud835\udc14\ud835\udc00\ud835\udc0b\ud835\udc08\ud835\udc13\u00c4\ud835\udc13 &#8211; Rasierer die in der Dusche\/Badewanne liegen, Kabel die in der Luft h\u00e4ngen, Regenschirme die im Weg stehen oder Werkzeuge die nicht aufger\u00e4umt sind geh\u00f6ren der Vergangenheit an. Befestige Gegenst\u00e4nde schnell und platzsparend an der Wand und spare wertvollen Platz in deiner Wohnung.<br \/>\n<div class=\"main-cross-sell\" data-asin=\"B08SR3DBQM\">\n\n\t<div class=\"WooZone-cross-sell-loader\">\n\t\t<div>\n\t\t\t<div id=\"floatingBarsG\">\n\t\t\t\t<div class=\"blockG\" id=\"rotateG_01\"><\/div>\n\t\t\t\t<div class=\"blockG\" id=\"rotateG_02\"><\/div>\n\t\t\t\t<div class=\"blockG\" id=\"rotateG_03\"><\/div>\n\t\t\t\t<div class=\"blockG\" id=\"rotateG_04\"><\/div>\n\t\t\t\t<div class=\"blockG\" id=\"rotateG_05\"><\/div>\n\t\t\t\t<div class=\"blockG\" id=\"rotateG_06\"><\/div>\n\t\t\t\t<div class=\"blockG\" id=\"rotateG_07\"><\/div>\n\t\t\t\t<div class=\"blockG\" id=\"rotateG_08\"><\/div>\n\t\t\t<\/div>\n\t\t\t<div class=\"WooZone-cross-sell-loader-text\"><\/div>\n\t\t<\/div>\n\t<\/div>\n\n\t\t\n<\/div>\n<div style=\"clear:both;\"><\/div><\/p>\n","protected":false},"excerpt":{"rendered":"<p>\ud835\udc12\ud835\udc02\ud835\udc07\ud835\udc0d\ud835\udc04\ud835\udc0b\ud835\udc0b\ud835\udc04 \ud835\udc14\ud835\udc0d\ud835\udc03 \ud835\udc04\ud835\udc08\ud835\udc0d\ud835\udc05\ud835\udc00\ud835\udc02\ud835\udc07\ud835\udc04 \ud835\udc08\ud835\udc0d\ud835\udc12\ud835\udc13\ud835\udc00\ud835\udc0b\ud835\udc0b\ud835\udc00\ud835\udc13\ud835\udc08\ud835\udc0e\ud835\udc0d &#8211; Die Rasiererhalter klebst du schnell und einfach an harte, flache Oberfl\u00e4chen wie Keramikfliesen, Metal, Kunststoff, Glas oder lackiertes Holz. L\u00f6cher Bohren ist nicht n\u00f6tig. Schrauben oder N\u00e4gel brauchst du auch nicht.<br \/>\n\ud835\udc0c\ud835\udc04\ud835\udc07\ud835\udc11\ud835\udc19\ud835\udc16\ud835\udc04\ud835\udc02\ud835\udc0a\ud835\udc07\ud835\udc00\ud835\udc0b\ud835\udc13\ud835\udc04\ud835\udc11 &#8211; Nicht nur als Halterung f\u00fcr deine Rasierer, sondern auch f\u00fcr Handt\u00fccher, Regenschirme, Schl\u00fcssel, Pinsel, Jacken, Kabel, Werkzeug (z. B. Schraubenzieher, Schere) und vieles mehr verwendbar.<br \/>\n\ud835\udc12\ud835\udc13\ud835\udc00\ud835\udc11\ud835\udc13-\ud835\udc14\ud835\udc0f \ud835\udc14\ud835\udc0d\ud835\udc13\ud835\udc04\ud835\udc11\ud835\udc12\ud835\udc13\u00dc\ud835\udc13\ud835\udc19\ud835\udc04\ud835\udc0d &#8211; Du willst zuverl\u00e4ssige Produkte zu einem unschlagbaren Preis und gleichzeitig ein deutsches Start-Up unterst\u00fctzen? Dann bist du bei uns richtig, denn wir sind ein 2020 gegr\u00fcndetes Familienunternehmen aus D\u00fcsseldorf und verkaufen unsere Produkte DIREKT AN DICH &#8211; ohne teure Mittelsm\u00e4nner!<\/p>\n","protected":false},"featured_media":130881,"comment_status":"open","ping_status":"closed","template":"","meta":[],"product_brand":[],"product_cat":[566,6190],"product_tag":[],"class_list":{"0":"post-130880","1":"product","2":"type-product","3":"status-publish","4":"has-post-thumbnail","6":"product_cat-drogerie-koerperpflege","7":"product_cat-rasur-enthaarung","8":"pa_brand-ergonation","9":"pa_manufacturer-ergonation","11":"first","12":"instock","13":"shipping-taxable","14":"purchasable","15":"product-type-simple","16":"customify-col","17":"product-has-gallery"},"yoast_head":"<!-- This site is optimized with the Yoast SEO plugin v27.4 - https:\/\/yoast.com\/product\/yoast-seo-wordpress\/ -->\n<title>Ergonation Selbstklebender Rasiererhalter aus Edelstahl f\u00fcr Badezimmer, Dusche und Badewanne | Wasserdichter Halter\u2026 - Markt-XXL<\/title>\n<meta name=\"description\" content=\"Markt-XXL Ergonation Selbstklebender Rasiererhalter aus Edelstahl f\u00fcr Badezimmer, Dusche und Badewanne | Wasserdichter Halter\u2026\" \/>\n<meta name=\"robots\" content=\"index, follow, max-snippet:-1, max-image-preview:large, max-video-preview:-1\" \/>\n<link rel=\"canonical\" href=\"https:\/\/marktxxl.de\/markt\/produkt\/ergonation-selbstklebender-rasiererhalter-aus-edelstahl-fuer-badezimmer-dusche-und-badewanne-wasserdichter-halter-wandhaken-fuer-rasierer-handtuecher-schluessel-regenschirme-kabel\/\" \/>\n<meta property=\"og:locale\" content=\"de_DE\" \/>\n<meta property=\"og:type\" content=\"article\" \/>\n<meta property=\"og:title\" content=\"Ergonation Selbstklebender Rasiererhalter aus Edelstahl f\u00fcr Badezimmer, Dusche und Badewanne | Wasserdichter Halter\u2026 - Markt-XXL\" \/>\n<meta property=\"og:description\" content=\"Markt-XXL Ergonation Selbstklebender Rasiererhalter aus Edelstahl f\u00fcr Badezimmer, Dusche und Badewanne | Wasserdichter Halter\u2026\" \/>\n<meta property=\"og:url\" content=\"https:\/\/marktxxl.de\/markt\/produkt\/ergonation-selbstklebender-rasiererhalter-aus-edelstahl-fuer-badezimmer-dusche-und-badewanne-wasserdichter-halter-wandhaken-fuer-rasierer-handtuecher-schluessel-regenschirme-kabel\/\" \/>\n<meta property=\"og:site_name\" content=\"Markt-XXL\" \/>\n<meta property=\"article:modified_time\" content=\"2023-04-10T02:09:07+00:00\" \/>\n<meta property=\"og:image\" content=\"https:\/\/m.media-amazon.com\/images\/I\/31FvM3eeg+L._SL500_.jpg\" \/>\n\t<meta property=\"og:image:width\" content=\"500\" \/>\n\t<meta property=\"og:image:height\" content=\"500\" \/>\n\t<meta property=\"og:image:type\" content=\"image\/jpeg\" \/>\n<meta name=\"twitter:card\" content=\"summary_large_image\" \/>\n<meta name=\"twitter:label1\" content=\"Gesch\u00e4tzte Lesezeit\" \/>\n\t<meta name=\"twitter:data1\" content=\"1\u00a0Minute\" \/>\n<script type=\"application\/ld+json\" class=\"yoast-schema-graph\">{\"@context\":\"https:\\\/\\\/schema.org\",\"@graph\":[{\"@type\":\"WebPage\",\"@id\":\"https:\\\/\\\/marktxxl.de\\\/markt\\\/produkt\\\/ergonation-selbstklebender-rasiererhalter-aus-edelstahl-fuer-badezimmer-dusche-und-badewanne-wasserdichter-halter-wandhaken-fuer-rasierer-handtuecher-schluessel-regenschirme-kabel\\\/\",\"url\":\"https:\\\/\\\/marktxxl.de\\\/markt\\\/produkt\\\/ergonation-selbstklebender-rasiererhalter-aus-edelstahl-fuer-badezimmer-dusche-und-badewanne-wasserdichter-halter-wandhaken-fuer-rasierer-handtuecher-schluessel-regenschirme-kabel\\\/\",\"name\":\"Ergonation Selbstklebender Rasiererhalter aus Edelstahl f\u00fcr Badezimmer, Dusche und Badewanne | Wasserdichter Halter\u2026 - Markt-XXL\",\"isPartOf\":{\"@id\":\"https:\\\/\\\/marktxxl.de\\\/markt\\\/#website\"},\"primaryImageOfPage\":{\"@id\":\"https:\\\/\\\/marktxxl.de\\\/markt\\\/produkt\\\/ergonation-selbstklebender-rasiererhalter-aus-edelstahl-fuer-badezimmer-dusche-und-badewanne-wasserdichter-halter-wandhaken-fuer-rasierer-handtuecher-schluessel-regenschirme-kabel\\\/#primaryimage\"},\"image\":{\"@id\":\"https:\\\/\\\/marktxxl.de\\\/markt\\\/produkt\\\/ergonation-selbstklebender-rasiererhalter-aus-edelstahl-fuer-badezimmer-dusche-und-badewanne-wasserdichter-halter-wandhaken-fuer-rasierer-handtuecher-schluessel-regenschirme-kabel\\\/#primaryimage\"},\"thumbnailUrl\":\"https:\\\/\\\/m.media-amazon.com\\\/images\\\/I\\\/31FvM3eeg+L._SL500_.jpg\",\"datePublished\":\"2022-06-14T04:26:14+00:00\",\"dateModified\":\"2023-04-10T02:09:07+00:00\",\"description\":\"Markt-XXL Ergonation Selbstklebender Rasiererhalter aus Edelstahl f\u00fcr Badezimmer, Dusche und Badewanne | Wasserdichter Halter\u2026\",\"breadcrumb\":{\"@id\":\"https:\\\/\\\/marktxxl.de\\\/markt\\\/produkt\\\/ergonation-selbstklebender-rasiererhalter-aus-edelstahl-fuer-badezimmer-dusche-und-badewanne-wasserdichter-halter-wandhaken-fuer-rasierer-handtuecher-schluessel-regenschirme-kabel\\\/#breadcrumb\"},\"inLanguage\":\"de\",\"potentialAction\":[{\"@type\":\"ReadAction\",\"target\":[\"https:\\\/\\\/marktxxl.de\\\/markt\\\/produkt\\\/ergonation-selbstklebender-rasiererhalter-aus-edelstahl-fuer-badezimmer-dusche-und-badewanne-wasserdichter-halter-wandhaken-fuer-rasierer-handtuecher-schluessel-regenschirme-kabel\\\/\"]}]},{\"@type\":\"ImageObject\",\"inLanguage\":\"de\",\"@id\":\"https:\\\/\\\/marktxxl.de\\\/markt\\\/produkt\\\/ergonation-selbstklebender-rasiererhalter-aus-edelstahl-fuer-badezimmer-dusche-und-badewanne-wasserdichter-halter-wandhaken-fuer-rasierer-handtuecher-schluessel-regenschirme-kabel\\\/#primaryimage\",\"url\":\"https:\\\/\\\/m.media-amazon.com\\\/images\\\/I\\\/31FvM3eeg+L._SL500_.jpg\",\"contentUrl\":\"https:\\\/\\\/m.media-amazon.com\\\/images\\\/I\\\/31FvM3eeg+L._SL500_.jpg\",\"width\":500,\"height\":500},{\"@type\":\"BreadcrumbList\",\"@id\":\"https:\\\/\\\/marktxxl.de\\\/markt\\\/produkt\\\/ergonation-selbstklebender-rasiererhalter-aus-edelstahl-fuer-badezimmer-dusche-und-badewanne-wasserdichter-halter-wandhaken-fuer-rasierer-handtuecher-schluessel-regenschirme-kabel\\\/#breadcrumb\",\"itemListElement\":[{\"@type\":\"ListItem\",\"position\":1,\"name\":\"Startseite\",\"item\":\"https:\\\/\\\/marktxxl.de\\\/markt\\\/\"},{\"@type\":\"ListItem\",\"position\":2,\"name\":\"Markt\",\"item\":\"https:\\\/\\\/marktxxl.de\\\/markt\\\/\"},{\"@type\":\"ListItem\",\"position\":3,\"name\":\"Ergonation Selbstklebender Rasiererhalter aus Edelstahl f\u00fcr Badezimmer, Dusche und Badewanne | Wasserdichter Halter\u2026\"}]},{\"@type\":\"WebSite\",\"@id\":\"https:\\\/\\\/marktxxl.de\\\/markt\\\/#website\",\"url\":\"https:\\\/\\\/marktxxl.de\\\/markt\\\/\",\"name\":\"Markt-XXL\",\"description\":\"Ihr Markt Online\",\"publisher\":{\"@id\":\"https:\\\/\\\/marktxxl.de\\\/markt\\\/#organization\"},\"potentialAction\":[{\"@type\":\"SearchAction\",\"target\":{\"@type\":\"EntryPoint\",\"urlTemplate\":\"https:\\\/\\\/marktxxl.de\\\/markt\\\/?s={search_term_string}\"},\"query-input\":{\"@type\":\"PropertyValueSpecification\",\"valueRequired\":true,\"valueName\":\"search_term_string\"}}],\"inLanguage\":\"de\"},{\"@type\":\"Organization\",\"@id\":\"https:\\\/\\\/marktxxl.de\\\/markt\\\/#organization\",\"name\":\"Markt-XXL\",\"url\":\"https:\\\/\\\/marktxxl.de\\\/markt\\\/\",\"logo\":{\"@type\":\"ImageObject\",\"inLanguage\":\"de\",\"@id\":\"https:\\\/\\\/marktxxl.de\\\/markt\\\/#\\\/schema\\\/logo\\\/image\\\/\",\"url\":\"https:\\\/\\\/marktxxl.de\\\/markt\\\/wp-content\\\/uploads\\\/sites\\\/3\\\/2020\\\/12\\\/logo.png\",\"contentUrl\":\"https:\\\/\\\/marktxxl.de\\\/markt\\\/wp-content\\\/uploads\\\/sites\\\/3\\\/2020\\\/12\\\/logo.png\",\"width\":200,\"height\":70,\"caption\":\"Markt-XXL\"},\"image\":{\"@id\":\"https:\\\/\\\/marktxxl.de\\\/markt\\\/#\\\/schema\\\/logo\\\/image\\\/\"}}]}<\/script>\n<!-- \/ Yoast SEO plugin. -->","yoast_head_json":{"title":"Ergonation Selbstklebender Rasiererhalter aus Edelstahl f\u00fcr Badezimmer, Dusche und Badewanne | Wasserdichter Halter\u2026 - Markt-XXL","description":"Markt-XXL Ergonation Selbstklebender Rasiererhalter aus Edelstahl f\u00fcr Badezimmer, Dusche und Badewanne | Wasserdichter Halter\u2026","robots":{"index":"index","follow":"follow","max-snippet":"max-snippet:-1","max-image-preview":"max-image-preview:large","max-video-preview":"max-video-preview:-1"},"canonical":"https:\/\/marktxxl.de\/markt\/produkt\/ergonation-selbstklebender-rasiererhalter-aus-edelstahl-fuer-badezimmer-dusche-und-badewanne-wasserdichter-halter-wandhaken-fuer-rasierer-handtuecher-schluessel-regenschirme-kabel\/","og_locale":"de_DE","og_type":"article","og_title":"Ergonation Selbstklebender Rasiererhalter aus Edelstahl f\u00fcr Badezimmer, Dusche und Badewanne | Wasserdichter Halter\u2026 - Markt-XXL","og_description":"Markt-XXL Ergonation Selbstklebender Rasiererhalter aus Edelstahl f\u00fcr Badezimmer, Dusche und Badewanne | Wasserdichter Halter\u2026","og_url":"https:\/\/marktxxl.de\/markt\/produkt\/ergonation-selbstklebender-rasiererhalter-aus-edelstahl-fuer-badezimmer-dusche-und-badewanne-wasserdichter-halter-wandhaken-fuer-rasierer-handtuecher-schluessel-regenschirme-kabel\/","og_site_name":"Markt-XXL","article_modified_time":"2023-04-10T02:09:07+00:00","og_image":[{"width":500,"height":500,"url":"https:\/\/m.media-amazon.com\/images\/I\/31FvM3eeg+L._SL500_.jpg","type":"image\/jpeg"}],"twitter_card":"summary_large_image","twitter_misc":{"Gesch\u00e4tzte Lesezeit":"1\u00a0Minute"},"schema":{"@context":"https:\/\/schema.org","@graph":[{"@type":"WebPage","@id":"https:\/\/marktxxl.de\/markt\/produkt\/ergonation-selbstklebender-rasiererhalter-aus-edelstahl-fuer-badezimmer-dusche-und-badewanne-wasserdichter-halter-wandhaken-fuer-rasierer-handtuecher-schluessel-regenschirme-kabel\/","url":"https:\/\/marktxxl.de\/markt\/produkt\/ergonation-selbstklebender-rasiererhalter-aus-edelstahl-fuer-badezimmer-dusche-und-badewanne-wasserdichter-halter-wandhaken-fuer-rasierer-handtuecher-schluessel-regenschirme-kabel\/","name":"Ergonation Selbstklebender Rasiererhalter aus Edelstahl f\u00fcr Badezimmer, Dusche und Badewanne | Wasserdichter Halter\u2026 - Markt-XXL","isPartOf":{"@id":"https:\/\/marktxxl.de\/markt\/#website"},"primaryImageOfPage":{"@id":"https:\/\/marktxxl.de\/markt\/produkt\/ergonation-selbstklebender-rasiererhalter-aus-edelstahl-fuer-badezimmer-dusche-und-badewanne-wasserdichter-halter-wandhaken-fuer-rasierer-handtuecher-schluessel-regenschirme-kabel\/#primaryimage"},"image":{"@id":"https:\/\/marktxxl.de\/markt\/produkt\/ergonation-selbstklebender-rasiererhalter-aus-edelstahl-fuer-badezimmer-dusche-und-badewanne-wasserdichter-halter-wandhaken-fuer-rasierer-handtuecher-schluessel-regenschirme-kabel\/#primaryimage"},"thumbnailUrl":"https:\/\/m.media-amazon.com\/images\/I\/31FvM3eeg+L._SL500_.jpg","datePublished":"2022-06-14T04:26:14+00:00","dateModified":"2023-04-10T02:09:07+00:00","description":"Markt-XXL Ergonation Selbstklebender Rasiererhalter aus Edelstahl f\u00fcr Badezimmer, Dusche und Badewanne | Wasserdichter Halter\u2026","breadcrumb":{"@id":"https:\/\/marktxxl.de\/markt\/produkt\/ergonation-selbstklebender-rasiererhalter-aus-edelstahl-fuer-badezimmer-dusche-und-badewanne-wasserdichter-halter-wandhaken-fuer-rasierer-handtuecher-schluessel-regenschirme-kabel\/#breadcrumb"},"inLanguage":"de","potentialAction":[{"@type":"ReadAction","target":["https:\/\/marktxxl.de\/markt\/produkt\/ergonation-selbstklebender-rasiererhalter-aus-edelstahl-fuer-badezimmer-dusche-und-badewanne-wasserdichter-halter-wandhaken-fuer-rasierer-handtuecher-schluessel-regenschirme-kabel\/"]}]},{"@type":"ImageObject","inLanguage":"de","@id":"https:\/\/marktxxl.de\/markt\/produkt\/ergonation-selbstklebender-rasiererhalter-aus-edelstahl-fuer-badezimmer-dusche-und-badewanne-wasserdichter-halter-wandhaken-fuer-rasierer-handtuecher-schluessel-regenschirme-kabel\/#primaryimage","url":"https:\/\/m.media-amazon.com\/images\/I\/31FvM3eeg+L._SL500_.jpg","contentUrl":"https:\/\/m.media-amazon.com\/images\/I\/31FvM3eeg+L._SL500_.jpg","width":500,"height":500},{"@type":"BreadcrumbList","@id":"https:\/\/marktxxl.de\/markt\/produkt\/ergonation-selbstklebender-rasiererhalter-aus-edelstahl-fuer-badezimmer-dusche-und-badewanne-wasserdichter-halter-wandhaken-fuer-rasierer-handtuecher-schluessel-regenschirme-kabel\/#breadcrumb","itemListElement":[{"@type":"ListItem","position":1,"name":"Startseite","item":"https:\/\/marktxxl.de\/markt\/"},{"@type":"ListItem","position":2,"name":"Markt","item":"https:\/\/marktxxl.de\/markt\/"},{"@type":"ListItem","position":3,"name":"Ergonation Selbstklebender Rasiererhalter aus Edelstahl f\u00fcr Badezimmer, Dusche und Badewanne | Wasserdichter Halter\u2026"}]},{"@type":"WebSite","@id":"https:\/\/marktxxl.de\/markt\/#website","url":"https:\/\/marktxxl.de\/markt\/","name":"Markt-XXL","description":"Ihr Markt Online","publisher":{"@id":"https:\/\/marktxxl.de\/markt\/#organization"},"potentialAction":[{"@type":"SearchAction","target":{"@type":"EntryPoint","urlTemplate":"https:\/\/marktxxl.de\/markt\/?s={search_term_string}"},"query-input":{"@type":"PropertyValueSpecification","valueRequired":true,"valueName":"search_term_string"}}],"inLanguage":"de"},{"@type":"Organization","@id":"https:\/\/marktxxl.de\/markt\/#organization","name":"Markt-XXL","url":"https:\/\/marktxxl.de\/markt\/","logo":{"@type":"ImageObject","inLanguage":"de","@id":"https:\/\/marktxxl.de\/markt\/#\/schema\/logo\/image\/","url":"https:\/\/marktxxl.de\/markt\/wp-content\/uploads\/sites\/3\/2020\/12\/logo.png","contentUrl":"https:\/\/marktxxl.de\/markt\/wp-content\/uploads\/sites\/3\/2020\/12\/logo.png","width":200,"height":70,"caption":"Markt-XXL"},"image":{"@id":"https:\/\/marktxxl.de\/markt\/#\/schema\/logo\/image\/"}}]}},"_links":{"self":[{"href":"https:\/\/marktxxl.de\/markt\/wp-json\/wp\/v2\/product\/130880","targetHints":{"allow":["GET"]}}],"collection":[{"href":"https:\/\/marktxxl.de\/markt\/wp-json\/wp\/v2\/product"}],"about":[{"href":"https:\/\/marktxxl.de\/markt\/wp-json\/wp\/v2\/types\/product"}],"replies":[{"embeddable":true,"href":"https:\/\/marktxxl.de\/markt\/wp-json\/wp\/v2\/comments?post=130880"}],"wp:featuredmedia":[{"embeddable":true,"href":"https:\/\/marktxxl.de\/markt\/wp-json\/wp\/v2\/media\/130881"}],"wp:attachment":[{"href":"https:\/\/marktxxl.de\/markt\/wp-json\/wp\/v2\/media?parent=130880"}],"wp:term":[{"taxonomy":"product_brand","embeddable":true,"href":"https:\/\/marktxxl.de\/markt\/wp-json\/wp\/v2\/product_brand?post=130880"},{"taxonomy":"product_cat","embeddable":true,"href":"https:\/\/marktxxl.de\/markt\/wp-json\/wp\/v2\/product_cat?post=130880"},{"taxonomy":"product_tag","embeddable":true,"href":"https:\/\/marktxxl.de\/markt\/wp-json\/wp\/v2\/product_tag?post=130880"}],"curies":[{"name":"wp","href":"https:\/\/api.w.org\/{rel}","templated":true}]}}