{"id":130802,"date":"2022-06-14T06:05:33","date_gmt":"2022-06-14T04:05:33","guid":{"rendered":"https:\/\/marktxxl.de\/markt\/produkt\/harrys-rasierklingen-nachfuellpack-rasierer-fuer-maenner\/"},"modified":"2023-04-11T04:04:22","modified_gmt":"2023-04-11T02:04:22","slug":"harrys-rasierklingen-nachfuellpack-rasierer-fuer-maenner","status":"publish","type":"product","link":"https:\/\/marktxxl.de\/markt\/produkt\/harrys-rasierklingen-nachfuellpack-rasierer-fuer-maenner\/","title":{"rendered":"Harry&#8217;s Rasierklingen f\u00fcr Herren, 12 St\u00fcck (Verpackung kann variieren)"},"content":{"rendered":"<p>Hochwertige Klingen \u2013 Harry&#8217;s Rasierer f\u00fcr M\u00e4nner enth\u00e4lt 5 scharfe, langlebige Rasierklingen, die in unserer deutschen Fabrik f\u00fcr eine gr\u00fcndliche und komfortable Rasur geschliffen werden.<br \/>\nAlles was Sie f\u00fcr eine tolle Rasur brauchen \u2013 unsere Herrenrasierer sind mit einem Pr\u00e4zisionstrimmer f\u00fcr schwer erreichbare Stellen, einem Flexscharnier und einem Gleitstreifen. Unsere Klingenbox h\u00e4lt Ihre Rasierklingen in optimalem Zustand, bis Sie bereit f\u00fcr die Rasur sind. Es ist einfach zu bedienen, wasserfest und zu 100% recycelbar.<br \/>\nDirektpreise der Fabrik: Harrys kaufte eine Fabrik in Deutschland, um die Qualit\u00e4t unserer Rasierer f\u00fcr M\u00e4nner zu gew\u00e4hrleisten und die Einsparungen an unsere Kunden weiterzugeben, die eine tolle Rasur zu einem fairen Preis verdienen.<br \/>\nWir sind eine Marke, auf die Sie vertrauen k\u00f6nnen &#8211; Publikationen wie GQ, Esquire und Men&#8217;s Health stehen hinter der Qualit\u00e4t unserer Produkte und glauben, dass wir beeindruckende Rasierklingen f\u00fcr M\u00e4nner zu einem g\u00fcnstigen Preis anbieten.<br \/>\n<div class=\"main-cross-sell\" data-asin=\"B0854F5B6Z\">\n\n\t<div class=\"WooZone-cross-sell-loader\">\n\t\t<div>\n\t\t\t<div id=\"floatingBarsG\">\n\t\t\t\t<div class=\"blockG\" id=\"rotateG_01\"><\/div>\n\t\t\t\t<div class=\"blockG\" id=\"rotateG_02\"><\/div>\n\t\t\t\t<div class=\"blockG\" id=\"rotateG_03\"><\/div>\n\t\t\t\t<div class=\"blockG\" id=\"rotateG_04\"><\/div>\n\t\t\t\t<div class=\"blockG\" id=\"rotateG_05\"><\/div>\n\t\t\t\t<div class=\"blockG\" id=\"rotateG_06\"><\/div>\n\t\t\t\t<div class=\"blockG\" id=\"rotateG_07\"><\/div>\n\t\t\t\t<div class=\"blockG\" id=\"rotateG_08\"><\/div>\n\t\t\t<\/div>\n\t\t\t<div class=\"WooZone-cross-sell-loader-text\"><\/div>\n\t\t<\/div>\n\t<\/div>\n\n\t\t\n<\/div>\n<div style=\"clear:both;\"><\/div><\/p>\n","protected":false},"excerpt":{"rendered":"<p>Hochwertige Klingen \u2013 Harry&#8217;s Rasierer f\u00fcr M\u00e4nner enth\u00e4lt 5 scharfe, langlebige Rasierklingen, die in unserer deutschen Fabrik f\u00fcr eine gr\u00fcndliche und komfortable Rasur geschliffen werden.<br \/>\nAlles was Sie f\u00fcr eine tolle Rasur brauchen \u2013 unsere Herrenrasierer sind mit einem Pr\u00e4zisionstrimmer f\u00fcr schwer erreichbare Stellen, einem Flexscharnier und einem Gleitstreifen. Unsere Klingenbox h\u00e4lt Ihre Rasierklingen in optimalem Zustand, bis Sie bereit f\u00fcr die Rasur sind. Es ist einfach zu bedienen, wasserfest und zu 100% recycelbar.<br \/>\nDirektpreise der Fabrik: Harrys kaufte eine Fabrik in Deutschland, um die Qualit\u00e4t unserer Rasierer f\u00fcr M\u00e4nner zu gew\u00e4hrleisten und die Einsparungen an unsere Kunden weiterzugeben, die eine tolle Rasur zu einem fairen Preis verdienen.<\/p>\n","protected":false},"featured_media":130803,"comment_status":"open","ping_status":"closed","template":"","meta":[],"product_brand":[],"product_cat":[566,6190],"product_tag":[],"class_list":{"0":"post-130802","1":"product","2":"type-product","3":"status-publish","4":"has-post-thumbnail","6":"product_cat-drogerie-koerperpflege","7":"product_cat-rasur-enthaarung","8":"pa_brand-harrys","9":"pa_manufacturer-harrys","11":"first","12":"instock","13":"shipping-taxable","14":"purchasable","15":"product-type-simple","16":"customify-col","17":"product-has-gallery"},"yoast_head":"<!-- This site is optimized with the Yoast SEO plugin v27.3 - https:\/\/yoast.com\/product\/yoast-seo-wordpress\/ -->\n<title>Harry&#039;s Rasierklingen f\u00fcr Herren, 12 St\u00fcck (Verpackung kann variieren) - Markt-XXL<\/title>\n<meta name=\"description\" content=\"Markt-XXL Harry&#039;s Rasierklingen f\u00fcr Herren, 12 St\u00fcck (Verpackung kann variieren)\" \/>\n<meta name=\"robots\" content=\"index, follow, max-snippet:-1, max-image-preview:large, max-video-preview:-1\" \/>\n<link rel=\"canonical\" href=\"https:\/\/marktxxl.de\/markt\/produkt\/harrys-rasierklingen-nachfuellpack-rasierer-fuer-maenner\/\" \/>\n<meta property=\"og:locale\" content=\"de_DE\" \/>\n<meta property=\"og:type\" content=\"article\" \/>\n<meta property=\"og:title\" content=\"Harry&#039;s Rasierklingen f\u00fcr Herren, 12 St\u00fcck (Verpackung kann variieren) - Markt-XXL\" \/>\n<meta property=\"og:description\" content=\"Markt-XXL Harry&#039;s Rasierklingen f\u00fcr Herren, 12 St\u00fcck (Verpackung kann variieren)\" \/>\n<meta property=\"og:url\" content=\"https:\/\/marktxxl.de\/markt\/produkt\/harrys-rasierklingen-nachfuellpack-rasierer-fuer-maenner\/\" \/>\n<meta property=\"og:site_name\" content=\"Markt-XXL\" \/>\n<meta property=\"article:modified_time\" content=\"2023-04-11T02:04:22+00:00\" \/>\n<meta property=\"og:image\" content=\"https:\/\/m.media-amazon.com\/images\/I\/41CiOwRZjTS._SL500_.jpg\" \/>\n\t<meta property=\"og:image:width\" content=\"500\" \/>\n\t<meta property=\"og:image:height\" content=\"500\" \/>\n\t<meta property=\"og:image:type\" content=\"image\/jpeg\" \/>\n<meta name=\"twitter:card\" content=\"summary_large_image\" \/>\n<meta name=\"twitter:label1\" content=\"Gesch\u00e4tzte Lesezeit\" \/>\n\t<meta name=\"twitter:data1\" content=\"1\u00a0Minute\" \/>\n<script type=\"application\/ld+json\" class=\"yoast-schema-graph\">{\"@context\":\"https:\\\/\\\/schema.org\",\"@graph\":[{\"@type\":\"WebPage\",\"@id\":\"https:\\\/\\\/marktxxl.de\\\/markt\\\/produkt\\\/harrys-rasierklingen-nachfuellpack-rasierer-fuer-maenner\\\/\",\"url\":\"https:\\\/\\\/marktxxl.de\\\/markt\\\/produkt\\\/harrys-rasierklingen-nachfuellpack-rasierer-fuer-maenner\\\/\",\"name\":\"Harry's Rasierklingen f\u00fcr Herren, 12 St\u00fcck (Verpackung kann variieren) - Markt-XXL\",\"isPartOf\":{\"@id\":\"https:\\\/\\\/marktxxl.de\\\/markt\\\/#website\"},\"primaryImageOfPage\":{\"@id\":\"https:\\\/\\\/marktxxl.de\\\/markt\\\/produkt\\\/harrys-rasierklingen-nachfuellpack-rasierer-fuer-maenner\\\/#primaryimage\"},\"image\":{\"@id\":\"https:\\\/\\\/marktxxl.de\\\/markt\\\/produkt\\\/harrys-rasierklingen-nachfuellpack-rasierer-fuer-maenner\\\/#primaryimage\"},\"thumbnailUrl\":\"https:\\\/\\\/m.media-amazon.com\\\/images\\\/I\\\/41CiOwRZjTS._SL500_.jpg\",\"datePublished\":\"2022-06-14T04:05:33+00:00\",\"dateModified\":\"2023-04-11T02:04:22+00:00\",\"description\":\"Markt-XXL Harry's Rasierklingen f\u00fcr Herren, 12 St\u00fcck (Verpackung kann variieren)\",\"breadcrumb\":{\"@id\":\"https:\\\/\\\/marktxxl.de\\\/markt\\\/produkt\\\/harrys-rasierklingen-nachfuellpack-rasierer-fuer-maenner\\\/#breadcrumb\"},\"inLanguage\":\"de\",\"potentialAction\":[{\"@type\":\"ReadAction\",\"target\":[\"https:\\\/\\\/marktxxl.de\\\/markt\\\/produkt\\\/harrys-rasierklingen-nachfuellpack-rasierer-fuer-maenner\\\/\"]}]},{\"@type\":\"ImageObject\",\"inLanguage\":\"de\",\"@id\":\"https:\\\/\\\/marktxxl.de\\\/markt\\\/produkt\\\/harrys-rasierklingen-nachfuellpack-rasierer-fuer-maenner\\\/#primaryimage\",\"url\":\"https:\\\/\\\/m.media-amazon.com\\\/images\\\/I\\\/41CiOwRZjTS._SL500_.jpg\",\"contentUrl\":\"https:\\\/\\\/m.media-amazon.com\\\/images\\\/I\\\/41CiOwRZjTS._SL500_.jpg\",\"width\":500,\"height\":500},{\"@type\":\"BreadcrumbList\",\"@id\":\"https:\\\/\\\/marktxxl.de\\\/markt\\\/produkt\\\/harrys-rasierklingen-nachfuellpack-rasierer-fuer-maenner\\\/#breadcrumb\",\"itemListElement\":[{\"@type\":\"ListItem\",\"position\":1,\"name\":\"Startseite\",\"item\":\"https:\\\/\\\/marktxxl.de\\\/markt\\\/\"},{\"@type\":\"ListItem\",\"position\":2,\"name\":\"Markt\",\"item\":\"https:\\\/\\\/marktxxl.de\\\/markt\\\/\"},{\"@type\":\"ListItem\",\"position\":3,\"name\":\"Harry&#8217;s Rasierklingen f\u00fcr Herren, 12 St\u00fcck (Verpackung kann variieren)\"}]},{\"@type\":\"WebSite\",\"@id\":\"https:\\\/\\\/marktxxl.de\\\/markt\\\/#website\",\"url\":\"https:\\\/\\\/marktxxl.de\\\/markt\\\/\",\"name\":\"Markt-XXL\",\"description\":\"Ihr Markt Online\",\"publisher\":{\"@id\":\"https:\\\/\\\/marktxxl.de\\\/markt\\\/#organization\"},\"potentialAction\":[{\"@type\":\"SearchAction\",\"target\":{\"@type\":\"EntryPoint\",\"urlTemplate\":\"https:\\\/\\\/marktxxl.de\\\/markt\\\/?s={search_term_string}\"},\"query-input\":{\"@type\":\"PropertyValueSpecification\",\"valueRequired\":true,\"valueName\":\"search_term_string\"}}],\"inLanguage\":\"de\"},{\"@type\":\"Organization\",\"@id\":\"https:\\\/\\\/marktxxl.de\\\/markt\\\/#organization\",\"name\":\"Markt-XXL\",\"url\":\"https:\\\/\\\/marktxxl.de\\\/markt\\\/\",\"logo\":{\"@type\":\"ImageObject\",\"inLanguage\":\"de\",\"@id\":\"https:\\\/\\\/marktxxl.de\\\/markt\\\/#\\\/schema\\\/logo\\\/image\\\/\",\"url\":\"https:\\\/\\\/marktxxl.de\\\/markt\\\/wp-content\\\/uploads\\\/sites\\\/3\\\/2020\\\/12\\\/logo.png\",\"contentUrl\":\"https:\\\/\\\/marktxxl.de\\\/markt\\\/wp-content\\\/uploads\\\/sites\\\/3\\\/2020\\\/12\\\/logo.png\",\"width\":200,\"height\":70,\"caption\":\"Markt-XXL\"},\"image\":{\"@id\":\"https:\\\/\\\/marktxxl.de\\\/markt\\\/#\\\/schema\\\/logo\\\/image\\\/\"}}]}<\/script>\n<!-- \/ Yoast SEO plugin. -->","yoast_head_json":{"title":"Harry's Rasierklingen f\u00fcr Herren, 12 St\u00fcck (Verpackung kann variieren) - Markt-XXL","description":"Markt-XXL Harry's Rasierklingen f\u00fcr Herren, 12 St\u00fcck (Verpackung kann variieren)","robots":{"index":"index","follow":"follow","max-snippet":"max-snippet:-1","max-image-preview":"max-image-preview:large","max-video-preview":"max-video-preview:-1"},"canonical":"https:\/\/marktxxl.de\/markt\/produkt\/harrys-rasierklingen-nachfuellpack-rasierer-fuer-maenner\/","og_locale":"de_DE","og_type":"article","og_title":"Harry's Rasierklingen f\u00fcr Herren, 12 St\u00fcck (Verpackung kann variieren) - Markt-XXL","og_description":"Markt-XXL Harry's Rasierklingen f\u00fcr Herren, 12 St\u00fcck (Verpackung kann variieren)","og_url":"https:\/\/marktxxl.de\/markt\/produkt\/harrys-rasierklingen-nachfuellpack-rasierer-fuer-maenner\/","og_site_name":"Markt-XXL","article_modified_time":"2023-04-11T02:04:22+00:00","og_image":[{"width":500,"height":500,"url":"https:\/\/m.media-amazon.com\/images\/I\/41CiOwRZjTS._SL500_.jpg","type":"image\/jpeg"}],"twitter_card":"summary_large_image","twitter_misc":{"Gesch\u00e4tzte Lesezeit":"1\u00a0Minute"},"schema":{"@context":"https:\/\/schema.org","@graph":[{"@type":"WebPage","@id":"https:\/\/marktxxl.de\/markt\/produkt\/harrys-rasierklingen-nachfuellpack-rasierer-fuer-maenner\/","url":"https:\/\/marktxxl.de\/markt\/produkt\/harrys-rasierklingen-nachfuellpack-rasierer-fuer-maenner\/","name":"Harry's Rasierklingen f\u00fcr Herren, 12 St\u00fcck (Verpackung kann variieren) - Markt-XXL","isPartOf":{"@id":"https:\/\/marktxxl.de\/markt\/#website"},"primaryImageOfPage":{"@id":"https:\/\/marktxxl.de\/markt\/produkt\/harrys-rasierklingen-nachfuellpack-rasierer-fuer-maenner\/#primaryimage"},"image":{"@id":"https:\/\/marktxxl.de\/markt\/produkt\/harrys-rasierklingen-nachfuellpack-rasierer-fuer-maenner\/#primaryimage"},"thumbnailUrl":"https:\/\/m.media-amazon.com\/images\/I\/41CiOwRZjTS._SL500_.jpg","datePublished":"2022-06-14T04:05:33+00:00","dateModified":"2023-04-11T02:04:22+00:00","description":"Markt-XXL Harry's Rasierklingen f\u00fcr Herren, 12 St\u00fcck (Verpackung kann variieren)","breadcrumb":{"@id":"https:\/\/marktxxl.de\/markt\/produkt\/harrys-rasierklingen-nachfuellpack-rasierer-fuer-maenner\/#breadcrumb"},"inLanguage":"de","potentialAction":[{"@type":"ReadAction","target":["https:\/\/marktxxl.de\/markt\/produkt\/harrys-rasierklingen-nachfuellpack-rasierer-fuer-maenner\/"]}]},{"@type":"ImageObject","inLanguage":"de","@id":"https:\/\/marktxxl.de\/markt\/produkt\/harrys-rasierklingen-nachfuellpack-rasierer-fuer-maenner\/#primaryimage","url":"https:\/\/m.media-amazon.com\/images\/I\/41CiOwRZjTS._SL500_.jpg","contentUrl":"https:\/\/m.media-amazon.com\/images\/I\/41CiOwRZjTS._SL500_.jpg","width":500,"height":500},{"@type":"BreadcrumbList","@id":"https:\/\/marktxxl.de\/markt\/produkt\/harrys-rasierklingen-nachfuellpack-rasierer-fuer-maenner\/#breadcrumb","itemListElement":[{"@type":"ListItem","position":1,"name":"Startseite","item":"https:\/\/marktxxl.de\/markt\/"},{"@type":"ListItem","position":2,"name":"Markt","item":"https:\/\/marktxxl.de\/markt\/"},{"@type":"ListItem","position":3,"name":"Harry&#8217;s Rasierklingen f\u00fcr Herren, 12 St\u00fcck (Verpackung kann variieren)"}]},{"@type":"WebSite","@id":"https:\/\/marktxxl.de\/markt\/#website","url":"https:\/\/marktxxl.de\/markt\/","name":"Markt-XXL","description":"Ihr Markt Online","publisher":{"@id":"https:\/\/marktxxl.de\/markt\/#organization"},"potentialAction":[{"@type":"SearchAction","target":{"@type":"EntryPoint","urlTemplate":"https:\/\/marktxxl.de\/markt\/?s={search_term_string}"},"query-input":{"@type":"PropertyValueSpecification","valueRequired":true,"valueName":"search_term_string"}}],"inLanguage":"de"},{"@type":"Organization","@id":"https:\/\/marktxxl.de\/markt\/#organization","name":"Markt-XXL","url":"https:\/\/marktxxl.de\/markt\/","logo":{"@type":"ImageObject","inLanguage":"de","@id":"https:\/\/marktxxl.de\/markt\/#\/schema\/logo\/image\/","url":"https:\/\/marktxxl.de\/markt\/wp-content\/uploads\/sites\/3\/2020\/12\/logo.png","contentUrl":"https:\/\/marktxxl.de\/markt\/wp-content\/uploads\/sites\/3\/2020\/12\/logo.png","width":200,"height":70,"caption":"Markt-XXL"},"image":{"@id":"https:\/\/marktxxl.de\/markt\/#\/schema\/logo\/image\/"}}]}},"_links":{"self":[{"href":"https:\/\/marktxxl.de\/markt\/wp-json\/wp\/v2\/product\/130802","targetHints":{"allow":["GET"]}}],"collection":[{"href":"https:\/\/marktxxl.de\/markt\/wp-json\/wp\/v2\/product"}],"about":[{"href":"https:\/\/marktxxl.de\/markt\/wp-json\/wp\/v2\/types\/product"}],"replies":[{"embeddable":true,"href":"https:\/\/marktxxl.de\/markt\/wp-json\/wp\/v2\/comments?post=130802"}],"wp:featuredmedia":[{"embeddable":true,"href":"https:\/\/marktxxl.de\/markt\/wp-json\/wp\/v2\/media\/130803"}],"wp:attachment":[{"href":"https:\/\/marktxxl.de\/markt\/wp-json\/wp\/v2\/media?parent=130802"}],"wp:term":[{"taxonomy":"product_brand","embeddable":true,"href":"https:\/\/marktxxl.de\/markt\/wp-json\/wp\/v2\/product_brand?post=130802"},{"taxonomy":"product_cat","embeddable":true,"href":"https:\/\/marktxxl.de\/markt\/wp-json\/wp\/v2\/product_cat?post=130802"},{"taxonomy":"product_tag","embeddable":true,"href":"https:\/\/marktxxl.de\/markt\/wp-json\/wp\/v2\/product_tag?post=130802"}],"curies":[{"name":"wp","href":"https:\/\/api.w.org\/{rel}","templated":true}]}}