{"id":130764,"date":"2022-06-14T06:04:51","date_gmt":"2022-06-14T04:04:51","guid":{"rendered":"https:\/\/marktxxl.de\/markt\/produkt\/12vmonster-illumi-projektionen-10er-packung-klar-linse-g9-40-watt-240v-halogen-licht-lampen-jcd-typ-240v-lampe-40w-t4-g9-240-volt-hell\/"},"modified":"2023-04-11T04:04:22","modified_gmt":"2023-04-11T02:04:22","slug":"12vmonster-illumi-projektionen-10er-packung-klar-linse-g9-40-watt-240v-halogen-licht-lampen-jcd-typ-240v-lampe-40w-t4-g9-240-volt-hell","status":"publish","type":"product","link":"https:\/\/marktxxl.de\/markt\/produkt\/12vmonster-illumi-projektionen-10er-packung-klar-linse-g9-40-watt-240v-halogen-licht-lampen-jcd-typ-240v-lampe-40w-t4-g9-240-volt-hell\/","title":{"rendered":"12Vmonster Illumi Projektionen 10er Packung Klar Linse G9 40 Watt 240V Halogen Licht Lampen JCD Typ 240V Lampe 40W T4 G9\u2026"},"content":{"rendered":"<p>Top spezifische Qualit\u00e4t\u00a0\u2013\u00a0diese wurde zertifiziert und getestet und bedeutet Sie zahlen nur f\u00fcr die richtige und qualifizierten Produkt unter den Markt. verr\u00fcckten hohe Qualit\u00e4t Tungsten Dr\u00e4hte f\u00fcr maximale und l\u00e4ngere Lebensdauer\u00a0\u2013\u00a0bis zu 3000\u00a0+ Stunden mit \u00fcber 85% Helligkeit am Ende.<br \/>\nkoh\u00e4renz &amp; Paket Aufnahme ist\u00a0\u2013\u00a0Arbeiten Spannung 240\u00a0Volt in\/40\u00a0mm L\u00e4nge\/erh\u00e4ltlich in 25\u00a0Watt, 40\u00a0Watt und 75\u00a0Watt. 480\/780\/900\u00a0Lumen\/2700\u00a0K klar warmwei\u00df mit hoher CRI und leicht Volumen\/10\u00a0St\u00fcck in einer Packung<br \/>\nTadellose Funktion\u00a0\u2013\u00a0dickere Dr\u00e4hte k\u00f6nnen unsere Halogenen zu l\u00e4uft bei 10%\u00a0\u2013\u00a020% k\u00fchler als herk\u00f6mmliche Halogen- und verpackt mit, frustrationsfreie Verpackung ist umweltfreundlich. Quecksilber IR frei f\u00fcr das Peace of Mind. Diese sind auch vollst\u00e4ndig dimmbar und funktioniert mit allen Dimmern.<br \/>\n100% Zufriedenheit garantiert\u00a0\u2013\u00a0dieser Artikel wurde gepr\u00fcft und ist 100% funktioniert. Wenn Sie nicht zufrieden sind mit unseren Produkten, k\u00f6nnen Sie sie wieder in die Verpackung Artikel innerhalb von 30\u00a0Tagen. Mit unseren Produkten wenn Sie Fragen haben, kontaktieren Sie uns bitte und wir werden Antwort innerhalb von 24\u00a0Stunden.<br \/>\n<div class=\"main-cross-sell\" data-asin=\"B00KPFKMGC\">\n\n\t<div class=\"WooZone-cross-sell-loader\">\n\t\t<div>\n\t\t\t<div id=\"floatingBarsG\">\n\t\t\t\t<div class=\"blockG\" id=\"rotateG_01\"><\/div>\n\t\t\t\t<div class=\"blockG\" id=\"rotateG_02\"><\/div>\n\t\t\t\t<div class=\"blockG\" id=\"rotateG_03\"><\/div>\n\t\t\t\t<div class=\"blockG\" id=\"rotateG_04\"><\/div>\n\t\t\t\t<div class=\"blockG\" id=\"rotateG_05\"><\/div>\n\t\t\t\t<div class=\"blockG\" id=\"rotateG_06\"><\/div>\n\t\t\t\t<div class=\"blockG\" id=\"rotateG_07\"><\/div>\n\t\t\t\t<div class=\"blockG\" id=\"rotateG_08\"><\/div>\n\t\t\t<\/div>\n\t\t\t<div class=\"WooZone-cross-sell-loader-text\"><\/div>\n\t\t<\/div>\n\t<\/div>\n\n\t\t\n<\/div>\n<div style=\"clear:both;\"><\/div><\/p>\n","protected":false},"excerpt":{"rendered":"<p>Top spezifische Qualit\u00e4t\u00a0\u2013\u00a0diese wurde zertifiziert und getestet und bedeutet Sie zahlen nur f\u00fcr die richtige und qualifizierten Produkt unter den Markt. verr\u00fcckten hohe Qualit\u00e4t Tungsten Dr\u00e4hte f\u00fcr maximale und l\u00e4ngere Lebensdauer\u00a0\u2013\u00a0bis zu 3000\u00a0+ Stunden mit \u00fcber 85% Helligkeit am Ende.<br \/>\nkoh\u00e4renz &amp; Paket Aufnahme ist\u00a0\u2013\u00a0Arbeiten Spannung 240\u00a0Volt in\/40\u00a0mm L\u00e4nge\/erh\u00e4ltlich in 25\u00a0Watt, 40\u00a0Watt und 75\u00a0Watt. 480\/780\/900\u00a0Lumen\/2700\u00a0K klar warmwei\u00df mit hoher CRI und leicht Volumen\/10\u00a0St\u00fcck in einer Packung<br \/>\nTadellose Funktion\u00a0\u2013\u00a0dickere Dr\u00e4hte k\u00f6nnen unsere Halogenen zu l\u00e4uft bei 10%\u00a0\u2013\u00a020% k\u00fchler als herk\u00f6mmliche Halogen- und verpackt mit, frustrationsfreie Verpackung ist umweltfreundlich. Quecksilber IR frei f\u00fcr das Peace of Mind. Diese sind auch vollst\u00e4ndig dimmbar und funktioniert mit allen Dimmern.<\/p>\n","protected":false},"featured_media":130765,"comment_status":"open","ping_status":"closed","template":"","meta":[],"product_brand":[],"product_cat":[2108,11521],"product_tag":[],"class_list":{"0":"post-130764","1":"product","2":"type-product","3":"status-publish","4":"has-post-thumbnail","6":"product_cat-beleuchtung","7":"product_cat-leuchtmittel","8":"pa_binding-haushaltswaren","9":"pa_brand-12vmonster","10":"pa_manufacturer-hse","11":"pa_model-25199","12":"pa_model-g9-cl-40w-ww-120v-10p","14":"first","15":"instock","16":"shipping-taxable","17":"purchasable","18":"product-type-simple","19":"customify-col","20":"product-has-gallery"},"yoast_head":"<!-- This site is optimized with the Yoast SEO plugin v27.4 - https:\/\/yoast.com\/product\/yoast-seo-wordpress\/ -->\n<title>12Vmonster Illumi Projektionen 10er Packung Klar Linse G9 40 Watt 240V Halogen Licht Lampen JCD Typ 240V Lampe 40W T4 G9\u2026 - Markt-XXL<\/title>\n<meta name=\"description\" content=\"Markt-XXL 12Vmonster Illumi Projektionen 10er Packung Klar Linse G9 40 Watt 240V Halogen Licht Lampen JCD Typ 240V Lampe 40W T4 G9\u2026\" \/>\n<meta name=\"robots\" content=\"index, follow, max-snippet:-1, max-image-preview:large, max-video-preview:-1\" \/>\n<link rel=\"canonical\" href=\"https:\/\/marktxxl.de\/markt\/produkt\/12vmonster-illumi-projektionen-10er-packung-klar-linse-g9-40-watt-240v-halogen-licht-lampen-jcd-typ-240v-lampe-40w-t4-g9-240-volt-hell\/\" \/>\n<meta property=\"og:locale\" content=\"de_DE\" \/>\n<meta property=\"og:type\" content=\"article\" \/>\n<meta property=\"og:title\" content=\"12Vmonster Illumi Projektionen 10er Packung Klar Linse G9 40 Watt 240V Halogen Licht Lampen JCD Typ 240V Lampe 40W T4 G9\u2026 - Markt-XXL\" \/>\n<meta property=\"og:description\" content=\"Markt-XXL 12Vmonster Illumi Projektionen 10er Packung Klar Linse G9 40 Watt 240V Halogen Licht Lampen JCD Typ 240V Lampe 40W T4 G9\u2026\" \/>\n<meta property=\"og:url\" content=\"https:\/\/marktxxl.de\/markt\/produkt\/12vmonster-illumi-projektionen-10er-packung-klar-linse-g9-40-watt-240v-halogen-licht-lampen-jcd-typ-240v-lampe-40w-t4-g9-240-volt-hell\/\" \/>\n<meta property=\"og:site_name\" content=\"Markt-XXL\" \/>\n<meta property=\"article:modified_time\" content=\"2023-04-11T02:04:22+00:00\" \/>\n<meta property=\"og:image\" content=\"https:\/\/m.media-amazon.com\/images\/I\/51aUVs+IpfL._SL500_.jpg\" \/>\n\t<meta property=\"og:image:width\" content=\"500\" \/>\n\t<meta property=\"og:image:height\" content=\"500\" \/>\n\t<meta property=\"og:image:type\" content=\"image\/jpeg\" \/>\n<meta name=\"twitter:card\" content=\"summary_large_image\" \/>\n<meta name=\"twitter:label1\" content=\"Gesch\u00e4tzte Lesezeit\" \/>\n\t<meta name=\"twitter:data1\" content=\"1\u00a0Minute\" \/>\n<script type=\"application\/ld+json\" class=\"yoast-schema-graph\">{\"@context\":\"https:\\\/\\\/schema.org\",\"@graph\":[{\"@type\":\"WebPage\",\"@id\":\"https:\\\/\\\/marktxxl.de\\\/markt\\\/produkt\\\/12vmonster-illumi-projektionen-10er-packung-klar-linse-g9-40-watt-240v-halogen-licht-lampen-jcd-typ-240v-lampe-40w-t4-g9-240-volt-hell\\\/\",\"url\":\"https:\\\/\\\/marktxxl.de\\\/markt\\\/produkt\\\/12vmonster-illumi-projektionen-10er-packung-klar-linse-g9-40-watt-240v-halogen-licht-lampen-jcd-typ-240v-lampe-40w-t4-g9-240-volt-hell\\\/\",\"name\":\"12Vmonster Illumi Projektionen 10er Packung Klar Linse G9 40 Watt 240V Halogen Licht Lampen JCD Typ 240V Lampe 40W T4 G9\u2026 - Markt-XXL\",\"isPartOf\":{\"@id\":\"https:\\\/\\\/marktxxl.de\\\/markt\\\/#website\"},\"primaryImageOfPage\":{\"@id\":\"https:\\\/\\\/marktxxl.de\\\/markt\\\/produkt\\\/12vmonster-illumi-projektionen-10er-packung-klar-linse-g9-40-watt-240v-halogen-licht-lampen-jcd-typ-240v-lampe-40w-t4-g9-240-volt-hell\\\/#primaryimage\"},\"image\":{\"@id\":\"https:\\\/\\\/marktxxl.de\\\/markt\\\/produkt\\\/12vmonster-illumi-projektionen-10er-packung-klar-linse-g9-40-watt-240v-halogen-licht-lampen-jcd-typ-240v-lampe-40w-t4-g9-240-volt-hell\\\/#primaryimage\"},\"thumbnailUrl\":\"https:\\\/\\\/m.media-amazon.com\\\/images\\\/I\\\/51aUVs+IpfL._SL500_.jpg\",\"datePublished\":\"2022-06-14T04:04:51+00:00\",\"dateModified\":\"2023-04-11T02:04:22+00:00\",\"description\":\"Markt-XXL 12Vmonster Illumi Projektionen 10er Packung Klar Linse G9 40 Watt 240V Halogen Licht Lampen JCD Typ 240V Lampe 40W T4 G9\u2026\",\"breadcrumb\":{\"@id\":\"https:\\\/\\\/marktxxl.de\\\/markt\\\/produkt\\\/12vmonster-illumi-projektionen-10er-packung-klar-linse-g9-40-watt-240v-halogen-licht-lampen-jcd-typ-240v-lampe-40w-t4-g9-240-volt-hell\\\/#breadcrumb\"},\"inLanguage\":\"de\",\"potentialAction\":[{\"@type\":\"ReadAction\",\"target\":[\"https:\\\/\\\/marktxxl.de\\\/markt\\\/produkt\\\/12vmonster-illumi-projektionen-10er-packung-klar-linse-g9-40-watt-240v-halogen-licht-lampen-jcd-typ-240v-lampe-40w-t4-g9-240-volt-hell\\\/\"]}]},{\"@type\":\"ImageObject\",\"inLanguage\":\"de\",\"@id\":\"https:\\\/\\\/marktxxl.de\\\/markt\\\/produkt\\\/12vmonster-illumi-projektionen-10er-packung-klar-linse-g9-40-watt-240v-halogen-licht-lampen-jcd-typ-240v-lampe-40w-t4-g9-240-volt-hell\\\/#primaryimage\",\"url\":\"https:\\\/\\\/m.media-amazon.com\\\/images\\\/I\\\/51aUVs+IpfL._SL500_.jpg\",\"contentUrl\":\"https:\\\/\\\/m.media-amazon.com\\\/images\\\/I\\\/51aUVs+IpfL._SL500_.jpg\",\"width\":500,\"height\":500},{\"@type\":\"BreadcrumbList\",\"@id\":\"https:\\\/\\\/marktxxl.de\\\/markt\\\/produkt\\\/12vmonster-illumi-projektionen-10er-packung-klar-linse-g9-40-watt-240v-halogen-licht-lampen-jcd-typ-240v-lampe-40w-t4-g9-240-volt-hell\\\/#breadcrumb\",\"itemListElement\":[{\"@type\":\"ListItem\",\"position\":1,\"name\":\"Startseite\",\"item\":\"https:\\\/\\\/marktxxl.de\\\/markt\\\/\"},{\"@type\":\"ListItem\",\"position\":2,\"name\":\"Markt\",\"item\":\"https:\\\/\\\/marktxxl.de\\\/markt\\\/\"},{\"@type\":\"ListItem\",\"position\":3,\"name\":\"12Vmonster Illumi Projektionen 10er Packung Klar Linse G9 40 Watt 240V Halogen Licht Lampen JCD Typ 240V Lampe 40W T4 G9\u2026\"}]},{\"@type\":\"WebSite\",\"@id\":\"https:\\\/\\\/marktxxl.de\\\/markt\\\/#website\",\"url\":\"https:\\\/\\\/marktxxl.de\\\/markt\\\/\",\"name\":\"Markt-XXL\",\"description\":\"Ihr Markt Online\",\"publisher\":{\"@id\":\"https:\\\/\\\/marktxxl.de\\\/markt\\\/#organization\"},\"potentialAction\":[{\"@type\":\"SearchAction\",\"target\":{\"@type\":\"EntryPoint\",\"urlTemplate\":\"https:\\\/\\\/marktxxl.de\\\/markt\\\/?s={search_term_string}\"},\"query-input\":{\"@type\":\"PropertyValueSpecification\",\"valueRequired\":true,\"valueName\":\"search_term_string\"}}],\"inLanguage\":\"de\"},{\"@type\":\"Organization\",\"@id\":\"https:\\\/\\\/marktxxl.de\\\/markt\\\/#organization\",\"name\":\"Markt-XXL\",\"url\":\"https:\\\/\\\/marktxxl.de\\\/markt\\\/\",\"logo\":{\"@type\":\"ImageObject\",\"inLanguage\":\"de\",\"@id\":\"https:\\\/\\\/marktxxl.de\\\/markt\\\/#\\\/schema\\\/logo\\\/image\\\/\",\"url\":\"https:\\\/\\\/marktxxl.de\\\/markt\\\/wp-content\\\/uploads\\\/sites\\\/3\\\/2020\\\/12\\\/logo.png\",\"contentUrl\":\"https:\\\/\\\/marktxxl.de\\\/markt\\\/wp-content\\\/uploads\\\/sites\\\/3\\\/2020\\\/12\\\/logo.png\",\"width\":200,\"height\":70,\"caption\":\"Markt-XXL\"},\"image\":{\"@id\":\"https:\\\/\\\/marktxxl.de\\\/markt\\\/#\\\/schema\\\/logo\\\/image\\\/\"}}]}<\/script>\n<!-- \/ Yoast SEO plugin. -->","yoast_head_json":{"title":"12Vmonster Illumi Projektionen 10er Packung Klar Linse G9 40 Watt 240V Halogen Licht Lampen JCD Typ 240V Lampe 40W T4 G9\u2026 - Markt-XXL","description":"Markt-XXL 12Vmonster Illumi Projektionen 10er Packung Klar Linse G9 40 Watt 240V Halogen Licht Lampen JCD Typ 240V Lampe 40W T4 G9\u2026","robots":{"index":"index","follow":"follow","max-snippet":"max-snippet:-1","max-image-preview":"max-image-preview:large","max-video-preview":"max-video-preview:-1"},"canonical":"https:\/\/marktxxl.de\/markt\/produkt\/12vmonster-illumi-projektionen-10er-packung-klar-linse-g9-40-watt-240v-halogen-licht-lampen-jcd-typ-240v-lampe-40w-t4-g9-240-volt-hell\/","og_locale":"de_DE","og_type":"article","og_title":"12Vmonster Illumi Projektionen 10er Packung Klar Linse G9 40 Watt 240V Halogen Licht Lampen JCD Typ 240V Lampe 40W T4 G9\u2026 - Markt-XXL","og_description":"Markt-XXL 12Vmonster Illumi Projektionen 10er Packung Klar Linse G9 40 Watt 240V Halogen Licht Lampen JCD Typ 240V Lampe 40W T4 G9\u2026","og_url":"https:\/\/marktxxl.de\/markt\/produkt\/12vmonster-illumi-projektionen-10er-packung-klar-linse-g9-40-watt-240v-halogen-licht-lampen-jcd-typ-240v-lampe-40w-t4-g9-240-volt-hell\/","og_site_name":"Markt-XXL","article_modified_time":"2023-04-11T02:04:22+00:00","og_image":[{"width":500,"height":500,"url":"https:\/\/m.media-amazon.com\/images\/I\/51aUVs+IpfL._SL500_.jpg","type":"image\/jpeg"}],"twitter_card":"summary_large_image","twitter_misc":{"Gesch\u00e4tzte Lesezeit":"1\u00a0Minute"},"schema":{"@context":"https:\/\/schema.org","@graph":[{"@type":"WebPage","@id":"https:\/\/marktxxl.de\/markt\/produkt\/12vmonster-illumi-projektionen-10er-packung-klar-linse-g9-40-watt-240v-halogen-licht-lampen-jcd-typ-240v-lampe-40w-t4-g9-240-volt-hell\/","url":"https:\/\/marktxxl.de\/markt\/produkt\/12vmonster-illumi-projektionen-10er-packung-klar-linse-g9-40-watt-240v-halogen-licht-lampen-jcd-typ-240v-lampe-40w-t4-g9-240-volt-hell\/","name":"12Vmonster Illumi Projektionen 10er Packung Klar Linse G9 40 Watt 240V Halogen Licht Lampen JCD Typ 240V Lampe 40W T4 G9\u2026 - Markt-XXL","isPartOf":{"@id":"https:\/\/marktxxl.de\/markt\/#website"},"primaryImageOfPage":{"@id":"https:\/\/marktxxl.de\/markt\/produkt\/12vmonster-illumi-projektionen-10er-packung-klar-linse-g9-40-watt-240v-halogen-licht-lampen-jcd-typ-240v-lampe-40w-t4-g9-240-volt-hell\/#primaryimage"},"image":{"@id":"https:\/\/marktxxl.de\/markt\/produkt\/12vmonster-illumi-projektionen-10er-packung-klar-linse-g9-40-watt-240v-halogen-licht-lampen-jcd-typ-240v-lampe-40w-t4-g9-240-volt-hell\/#primaryimage"},"thumbnailUrl":"https:\/\/m.media-amazon.com\/images\/I\/51aUVs+IpfL._SL500_.jpg","datePublished":"2022-06-14T04:04:51+00:00","dateModified":"2023-04-11T02:04:22+00:00","description":"Markt-XXL 12Vmonster Illumi Projektionen 10er Packung Klar Linse G9 40 Watt 240V Halogen Licht Lampen JCD Typ 240V Lampe 40W T4 G9\u2026","breadcrumb":{"@id":"https:\/\/marktxxl.de\/markt\/produkt\/12vmonster-illumi-projektionen-10er-packung-klar-linse-g9-40-watt-240v-halogen-licht-lampen-jcd-typ-240v-lampe-40w-t4-g9-240-volt-hell\/#breadcrumb"},"inLanguage":"de","potentialAction":[{"@type":"ReadAction","target":["https:\/\/marktxxl.de\/markt\/produkt\/12vmonster-illumi-projektionen-10er-packung-klar-linse-g9-40-watt-240v-halogen-licht-lampen-jcd-typ-240v-lampe-40w-t4-g9-240-volt-hell\/"]}]},{"@type":"ImageObject","inLanguage":"de","@id":"https:\/\/marktxxl.de\/markt\/produkt\/12vmonster-illumi-projektionen-10er-packung-klar-linse-g9-40-watt-240v-halogen-licht-lampen-jcd-typ-240v-lampe-40w-t4-g9-240-volt-hell\/#primaryimage","url":"https:\/\/m.media-amazon.com\/images\/I\/51aUVs+IpfL._SL500_.jpg","contentUrl":"https:\/\/m.media-amazon.com\/images\/I\/51aUVs+IpfL._SL500_.jpg","width":500,"height":500},{"@type":"BreadcrumbList","@id":"https:\/\/marktxxl.de\/markt\/produkt\/12vmonster-illumi-projektionen-10er-packung-klar-linse-g9-40-watt-240v-halogen-licht-lampen-jcd-typ-240v-lampe-40w-t4-g9-240-volt-hell\/#breadcrumb","itemListElement":[{"@type":"ListItem","position":1,"name":"Startseite","item":"https:\/\/marktxxl.de\/markt\/"},{"@type":"ListItem","position":2,"name":"Markt","item":"https:\/\/marktxxl.de\/markt\/"},{"@type":"ListItem","position":3,"name":"12Vmonster Illumi Projektionen 10er Packung Klar Linse G9 40 Watt 240V Halogen Licht Lampen JCD Typ 240V Lampe 40W T4 G9\u2026"}]},{"@type":"WebSite","@id":"https:\/\/marktxxl.de\/markt\/#website","url":"https:\/\/marktxxl.de\/markt\/","name":"Markt-XXL","description":"Ihr Markt Online","publisher":{"@id":"https:\/\/marktxxl.de\/markt\/#organization"},"potentialAction":[{"@type":"SearchAction","target":{"@type":"EntryPoint","urlTemplate":"https:\/\/marktxxl.de\/markt\/?s={search_term_string}"},"query-input":{"@type":"PropertyValueSpecification","valueRequired":true,"valueName":"search_term_string"}}],"inLanguage":"de"},{"@type":"Organization","@id":"https:\/\/marktxxl.de\/markt\/#organization","name":"Markt-XXL","url":"https:\/\/marktxxl.de\/markt\/","logo":{"@type":"ImageObject","inLanguage":"de","@id":"https:\/\/marktxxl.de\/markt\/#\/schema\/logo\/image\/","url":"https:\/\/marktxxl.de\/markt\/wp-content\/uploads\/sites\/3\/2020\/12\/logo.png","contentUrl":"https:\/\/marktxxl.de\/markt\/wp-content\/uploads\/sites\/3\/2020\/12\/logo.png","width":200,"height":70,"caption":"Markt-XXL"},"image":{"@id":"https:\/\/marktxxl.de\/markt\/#\/schema\/logo\/image\/"}}]}},"_links":{"self":[{"href":"https:\/\/marktxxl.de\/markt\/wp-json\/wp\/v2\/product\/130764","targetHints":{"allow":["GET"]}}],"collection":[{"href":"https:\/\/marktxxl.de\/markt\/wp-json\/wp\/v2\/product"}],"about":[{"href":"https:\/\/marktxxl.de\/markt\/wp-json\/wp\/v2\/types\/product"}],"replies":[{"embeddable":true,"href":"https:\/\/marktxxl.de\/markt\/wp-json\/wp\/v2\/comments?post=130764"}],"wp:featuredmedia":[{"embeddable":true,"href":"https:\/\/marktxxl.de\/markt\/wp-json\/wp\/v2\/media\/130765"}],"wp:attachment":[{"href":"https:\/\/marktxxl.de\/markt\/wp-json\/wp\/v2\/media?parent=130764"}],"wp:term":[{"taxonomy":"product_brand","embeddable":true,"href":"https:\/\/marktxxl.de\/markt\/wp-json\/wp\/v2\/product_brand?post=130764"},{"taxonomy":"product_cat","embeddable":true,"href":"https:\/\/marktxxl.de\/markt\/wp-json\/wp\/v2\/product_cat?post=130764"},{"taxonomy":"product_tag","embeddable":true,"href":"https:\/\/marktxxl.de\/markt\/wp-json\/wp\/v2\/product_tag?post=130764"}],"curies":[{"name":"wp","href":"https:\/\/api.w.org\/{rel}","templated":true}]}}