{"id":130741,"date":"2022-06-14T06:04:26","date_gmt":"2022-06-14T04:04:26","guid":{"rendered":"https:\/\/marktxxl.de\/markt\/produkt\/solar-garten-flammen-fackeln-2-stueck-grosse-groesse-78-zentimeter-laenge-mit-96leds-wabendesign-gartenfackeln-fuer-aussen-wasserdicht-ip65-automatische-ein-aus-fuer-garten-hof-balkon-auffahrt-we\/"},"modified":"2023-04-11T04:04:21","modified_gmt":"2023-04-11T02:04:21","slug":"solar-garten-flammen-fackeln-2-stueck-grosse-groesse-78-zentimeter-laenge-mit-96leds-wabendesign-gartenfackeln-fuer-aussen-wasserdicht-ip65-automatische-ein-aus-fuer-garten-hof-balkon-auffahrt-we","status":"publish","type":"product","link":"https:\/\/marktxxl.de\/markt\/produkt\/solar-garten-flammen-fackeln-2-stueck-grosse-groesse-78-zentimeter-laenge-mit-96leds-wabendesign-gartenfackeln-fuer-aussen-wasserdicht-ip65-automatische-ein-aus-fuer-garten-hof-balkon-auffahrt-we\/","title":{"rendered":"HOMEPROTEK 96 LEDs Solar Fackeln Flammenlicht f\u00fcr Gartenbeleuchtung, 2er Set 78cm L\u00e4nge Solarlampen f\u00fcr Au\u00dfen Garten\u2026"},"content":{"rendered":"<p>Die HOMEPROTEK Solarfackeln erzeugen die perfekte Illusion einer Flamme dank seine 96 warm leuchtenden LEDs mit 35Lm und die drei Beleuchtungsmodi: tanzende Flamme, Atmen und Flackern.<br \/>\nKeine Verdrahtung erforderlich, die 2200mAh Li-Ion-Akku kann vollst\u00e4ndig in 6-8 Stunden mit dem 0,88W Solarpanel enthalten aufgeladen werden.<br \/>\nDie Solarlampe verf\u00fcgt \u00fcber einen Helligkeitssensor. Sie schaltet sich automatisch ein und aus und kann je nach gew\u00e4hltem Modus und Wetterbedingungen bis zu 12 Stunden lang leuchten.<br \/>\nDie wasserdichte Taschenlampe (IP65-Standard) aus hochwertigem ABS-Kunststoff ist witterungsbest\u00e4ndig. Sie eignet sich f\u00fcr den Einsatz im Garten, auf der Terrasse oder dem Weg genauso gut wie f\u00fcr den Einsatz im Innenbereich auf der Terrasse. Die H\u00f6he ist dank des dreiteiligen Fu\u00dfes verstellbar. Gesamtabmessungen: 780x121x121mm, Gewicht 230g.<br \/>\nF\u00fcr zus\u00e4tzliche Sicherheit verf\u00fcgen unsere Lampen \u00fcber einen \u00dcberlastungs-, Kurzschluss- und \u00dcberhitzungsschutz und haben eine Garantie von einem Jahr.<br \/>\n<div class=\"main-cross-sell\" data-asin=\"B09CDDH5HR\">\n\n\t<div class=\"WooZone-cross-sell-loader\">\n\t\t<div>\n\t\t\t<div id=\"floatingBarsG\">\n\t\t\t\t<div class=\"blockG\" id=\"rotateG_01\"><\/div>\n\t\t\t\t<div class=\"blockG\" id=\"rotateG_02\"><\/div>\n\t\t\t\t<div class=\"blockG\" id=\"rotateG_03\"><\/div>\n\t\t\t\t<div class=\"blockG\" id=\"rotateG_04\"><\/div>\n\t\t\t\t<div class=\"blockG\" id=\"rotateG_05\"><\/div>\n\t\t\t\t<div class=\"blockG\" id=\"rotateG_06\"><\/div>\n\t\t\t\t<div class=\"blockG\" id=\"rotateG_07\"><\/div>\n\t\t\t\t<div class=\"blockG\" id=\"rotateG_08\"><\/div>\n\t\t\t<\/div>\n\t\t\t<div class=\"WooZone-cross-sell-loader-text\"><\/div>\n\t\t<\/div>\n\t<\/div>\n\n\t\t\n<\/div>\n<div style=\"clear:both;\"><\/div><\/p>\n","protected":false},"excerpt":{"rendered":"<p>Die HOMEPROTEK Solarfackeln erzeugen die perfekte Illusion einer Flamme dank seine 96 warm leuchtenden LEDs mit 35Lm und die drei Beleuchtungsmodi: tanzende Flamme, Atmen und Flackern.<br \/>\nKeine Verdrahtung erforderlich, die 2200mAh Li-Ion-Akku kann vollst\u00e4ndig in 6-8 Stunden mit dem 0,88W Solarpanel enthalten aufgeladen werden.<br \/>\nDie Solarlampe verf\u00fcgt \u00fcber einen Helligkeitssensor. Sie schaltet sich automatisch ein und aus und kann je nach gew\u00e4hltem Modus und Wetterbedingungen bis zu 12 Stunden lang leuchten.<\/p>\n","protected":false},"featured_media":130742,"comment_status":"open","ping_status":"closed","template":"","meta":[],"product_brand":[],"product_cat":[11446,2108],"product_tag":[],"class_list":{"0":"post-130741","1":"product","2":"type-product","3":"status-publish","4":"has-post-thumbnail","6":"product_cat-aussenbeleuchtung","7":"product_cat-beleuchtung","8":"pa_brand-homeprotek","9":"pa_manufacturer-jiaxing-surefine-imp-and-exp-co-ltd-add-no-519-zhenxing-road-jiaxing-city-zhejiang-province","10":"pa_weight-1-8518830008-pfund","12":"first","13":"instock","14":"shipping-taxable","15":"purchasable","16":"product-type-simple","17":"customify-col","18":"product-has-gallery"},"yoast_head":"<!-- This site is optimized with the Yoast SEO plugin v27.4 - https:\/\/yoast.com\/product\/yoast-seo-wordpress\/ -->\n<title>HOMEPROTEK 96 LEDs Solar Fackeln Flammenlicht f\u00fcr Gartenbeleuchtung, 2er Set 78cm L\u00e4nge Solarlampen f\u00fcr Au\u00dfen Garten\u2026 - Markt-XXL<\/title>\n<meta name=\"description\" content=\"Markt-XXL HOMEPROTEK 96 LEDs Solar Fackeln Flammenlicht f\u00fcr Gartenbeleuchtung, 2er Set 78cm L\u00e4nge Solarlampen f\u00fcr Au\u00dfen Garten\u2026\" \/>\n<meta name=\"robots\" content=\"index, follow, max-snippet:-1, max-image-preview:large, max-video-preview:-1\" \/>\n<link rel=\"canonical\" href=\"https:\/\/marktxxl.de\/markt\/produkt\/solar-garten-flammen-fackeln-2-stueck-grosse-groesse-78-zentimeter-laenge-mit-96leds-wabendesign-gartenfackeln-fuer-aussen-wasserdicht-ip65-automatische-ein-aus-fuer-garten-hof-balkon-auffahrt-we\/\" \/>\n<meta property=\"og:locale\" content=\"de_DE\" \/>\n<meta property=\"og:type\" content=\"article\" \/>\n<meta property=\"og:title\" content=\"HOMEPROTEK 96 LEDs Solar Fackeln Flammenlicht f\u00fcr Gartenbeleuchtung, 2er Set 78cm L\u00e4nge Solarlampen f\u00fcr Au\u00dfen Garten\u2026 - Markt-XXL\" \/>\n<meta property=\"og:description\" content=\"Markt-XXL HOMEPROTEK 96 LEDs Solar Fackeln Flammenlicht f\u00fcr Gartenbeleuchtung, 2er Set 78cm L\u00e4nge Solarlampen f\u00fcr Au\u00dfen Garten\u2026\" \/>\n<meta property=\"og:url\" content=\"https:\/\/marktxxl.de\/markt\/produkt\/solar-garten-flammen-fackeln-2-stueck-grosse-groesse-78-zentimeter-laenge-mit-96leds-wabendesign-gartenfackeln-fuer-aussen-wasserdicht-ip65-automatische-ein-aus-fuer-garten-hof-balkon-auffahrt-we\/\" \/>\n<meta property=\"og:site_name\" content=\"Markt-XXL\" \/>\n<meta property=\"article:modified_time\" content=\"2023-04-11T02:04:21+00:00\" \/>\n<meta property=\"og:image\" content=\"https:\/\/m.media-amazon.com\/images\/I\/51t2GPcJxmL._SL500_.jpg\" \/>\n\t<meta property=\"og:image:width\" content=\"500\" \/>\n\t<meta property=\"og:image:height\" content=\"500\" \/>\n\t<meta property=\"og:image:type\" content=\"image\/jpeg\" \/>\n<meta name=\"twitter:card\" content=\"summary_large_image\" \/>\n<meta name=\"twitter:label1\" content=\"Gesch\u00e4tzte Lesezeit\" \/>\n\t<meta name=\"twitter:data1\" content=\"1\u00a0Minute\" \/>\n<script type=\"application\/ld+json\" class=\"yoast-schema-graph\">{\"@context\":\"https:\\\/\\\/schema.org\",\"@graph\":[{\"@type\":\"WebPage\",\"@id\":\"https:\\\/\\\/marktxxl.de\\\/markt\\\/produkt\\\/solar-garten-flammen-fackeln-2-stueck-grosse-groesse-78-zentimeter-laenge-mit-96leds-wabendesign-gartenfackeln-fuer-aussen-wasserdicht-ip65-automatische-ein-aus-fuer-garten-hof-balkon-auffahrt-we\\\/\",\"url\":\"https:\\\/\\\/marktxxl.de\\\/markt\\\/produkt\\\/solar-garten-flammen-fackeln-2-stueck-grosse-groesse-78-zentimeter-laenge-mit-96leds-wabendesign-gartenfackeln-fuer-aussen-wasserdicht-ip65-automatische-ein-aus-fuer-garten-hof-balkon-auffahrt-we\\\/\",\"name\":\"HOMEPROTEK 96 LEDs Solar Fackeln Flammenlicht f\u00fcr Gartenbeleuchtung, 2er Set 78cm L\u00e4nge Solarlampen f\u00fcr Au\u00dfen Garten\u2026 - Markt-XXL\",\"isPartOf\":{\"@id\":\"https:\\\/\\\/marktxxl.de\\\/markt\\\/#website\"},\"primaryImageOfPage\":{\"@id\":\"https:\\\/\\\/marktxxl.de\\\/markt\\\/produkt\\\/solar-garten-flammen-fackeln-2-stueck-grosse-groesse-78-zentimeter-laenge-mit-96leds-wabendesign-gartenfackeln-fuer-aussen-wasserdicht-ip65-automatische-ein-aus-fuer-garten-hof-balkon-auffahrt-we\\\/#primaryimage\"},\"image\":{\"@id\":\"https:\\\/\\\/marktxxl.de\\\/markt\\\/produkt\\\/solar-garten-flammen-fackeln-2-stueck-grosse-groesse-78-zentimeter-laenge-mit-96leds-wabendesign-gartenfackeln-fuer-aussen-wasserdicht-ip65-automatische-ein-aus-fuer-garten-hof-balkon-auffahrt-we\\\/#primaryimage\"},\"thumbnailUrl\":\"https:\\\/\\\/m.media-amazon.com\\\/images\\\/I\\\/51t2GPcJxmL._SL500_.jpg\",\"datePublished\":\"2022-06-14T04:04:26+00:00\",\"dateModified\":\"2023-04-11T02:04:21+00:00\",\"description\":\"Markt-XXL HOMEPROTEK 96 LEDs Solar Fackeln Flammenlicht f\u00fcr Gartenbeleuchtung, 2er Set 78cm L\u00e4nge Solarlampen f\u00fcr Au\u00dfen Garten\u2026\",\"breadcrumb\":{\"@id\":\"https:\\\/\\\/marktxxl.de\\\/markt\\\/produkt\\\/solar-garten-flammen-fackeln-2-stueck-grosse-groesse-78-zentimeter-laenge-mit-96leds-wabendesign-gartenfackeln-fuer-aussen-wasserdicht-ip65-automatische-ein-aus-fuer-garten-hof-balkon-auffahrt-we\\\/#breadcrumb\"},\"inLanguage\":\"de\",\"potentialAction\":[{\"@type\":\"ReadAction\",\"target\":[\"https:\\\/\\\/marktxxl.de\\\/markt\\\/produkt\\\/solar-garten-flammen-fackeln-2-stueck-grosse-groesse-78-zentimeter-laenge-mit-96leds-wabendesign-gartenfackeln-fuer-aussen-wasserdicht-ip65-automatische-ein-aus-fuer-garten-hof-balkon-auffahrt-we\\\/\"]}]},{\"@type\":\"ImageObject\",\"inLanguage\":\"de\",\"@id\":\"https:\\\/\\\/marktxxl.de\\\/markt\\\/produkt\\\/solar-garten-flammen-fackeln-2-stueck-grosse-groesse-78-zentimeter-laenge-mit-96leds-wabendesign-gartenfackeln-fuer-aussen-wasserdicht-ip65-automatische-ein-aus-fuer-garten-hof-balkon-auffahrt-we\\\/#primaryimage\",\"url\":\"https:\\\/\\\/m.media-amazon.com\\\/images\\\/I\\\/51t2GPcJxmL._SL500_.jpg\",\"contentUrl\":\"https:\\\/\\\/m.media-amazon.com\\\/images\\\/I\\\/51t2GPcJxmL._SL500_.jpg\",\"width\":500,\"height\":500},{\"@type\":\"BreadcrumbList\",\"@id\":\"https:\\\/\\\/marktxxl.de\\\/markt\\\/produkt\\\/solar-garten-flammen-fackeln-2-stueck-grosse-groesse-78-zentimeter-laenge-mit-96leds-wabendesign-gartenfackeln-fuer-aussen-wasserdicht-ip65-automatische-ein-aus-fuer-garten-hof-balkon-auffahrt-we\\\/#breadcrumb\",\"itemListElement\":[{\"@type\":\"ListItem\",\"position\":1,\"name\":\"Startseite\",\"item\":\"https:\\\/\\\/marktxxl.de\\\/markt\\\/\"},{\"@type\":\"ListItem\",\"position\":2,\"name\":\"Markt\",\"item\":\"https:\\\/\\\/marktxxl.de\\\/markt\\\/\"},{\"@type\":\"ListItem\",\"position\":3,\"name\":\"HOMEPROTEK 96 LEDs Solar Fackeln Flammenlicht f\u00fcr Gartenbeleuchtung, 2er Set 78cm L\u00e4nge Solarlampen f\u00fcr Au\u00dfen Garten\u2026\"}]},{\"@type\":\"WebSite\",\"@id\":\"https:\\\/\\\/marktxxl.de\\\/markt\\\/#website\",\"url\":\"https:\\\/\\\/marktxxl.de\\\/markt\\\/\",\"name\":\"Markt-XXL\",\"description\":\"Ihr Markt Online\",\"publisher\":{\"@id\":\"https:\\\/\\\/marktxxl.de\\\/markt\\\/#organization\"},\"potentialAction\":[{\"@type\":\"SearchAction\",\"target\":{\"@type\":\"EntryPoint\",\"urlTemplate\":\"https:\\\/\\\/marktxxl.de\\\/markt\\\/?s={search_term_string}\"},\"query-input\":{\"@type\":\"PropertyValueSpecification\",\"valueRequired\":true,\"valueName\":\"search_term_string\"}}],\"inLanguage\":\"de\"},{\"@type\":\"Organization\",\"@id\":\"https:\\\/\\\/marktxxl.de\\\/markt\\\/#organization\",\"name\":\"Markt-XXL\",\"url\":\"https:\\\/\\\/marktxxl.de\\\/markt\\\/\",\"logo\":{\"@type\":\"ImageObject\",\"inLanguage\":\"de\",\"@id\":\"https:\\\/\\\/marktxxl.de\\\/markt\\\/#\\\/schema\\\/logo\\\/image\\\/\",\"url\":\"https:\\\/\\\/marktxxl.de\\\/markt\\\/wp-content\\\/uploads\\\/sites\\\/3\\\/2020\\\/12\\\/logo.png\",\"contentUrl\":\"https:\\\/\\\/marktxxl.de\\\/markt\\\/wp-content\\\/uploads\\\/sites\\\/3\\\/2020\\\/12\\\/logo.png\",\"width\":200,\"height\":70,\"caption\":\"Markt-XXL\"},\"image\":{\"@id\":\"https:\\\/\\\/marktxxl.de\\\/markt\\\/#\\\/schema\\\/logo\\\/image\\\/\"}}]}<\/script>\n<!-- \/ Yoast SEO plugin. -->","yoast_head_json":{"title":"HOMEPROTEK 96 LEDs Solar Fackeln Flammenlicht f\u00fcr Gartenbeleuchtung, 2er Set 78cm L\u00e4nge Solarlampen f\u00fcr Au\u00dfen Garten\u2026 - Markt-XXL","description":"Markt-XXL HOMEPROTEK 96 LEDs Solar Fackeln Flammenlicht f\u00fcr Gartenbeleuchtung, 2er Set 78cm L\u00e4nge Solarlampen f\u00fcr Au\u00dfen Garten\u2026","robots":{"index":"index","follow":"follow","max-snippet":"max-snippet:-1","max-image-preview":"max-image-preview:large","max-video-preview":"max-video-preview:-1"},"canonical":"https:\/\/marktxxl.de\/markt\/produkt\/solar-garten-flammen-fackeln-2-stueck-grosse-groesse-78-zentimeter-laenge-mit-96leds-wabendesign-gartenfackeln-fuer-aussen-wasserdicht-ip65-automatische-ein-aus-fuer-garten-hof-balkon-auffahrt-we\/","og_locale":"de_DE","og_type":"article","og_title":"HOMEPROTEK 96 LEDs Solar Fackeln Flammenlicht f\u00fcr Gartenbeleuchtung, 2er Set 78cm L\u00e4nge Solarlampen f\u00fcr Au\u00dfen Garten\u2026 - Markt-XXL","og_description":"Markt-XXL HOMEPROTEK 96 LEDs Solar Fackeln Flammenlicht f\u00fcr Gartenbeleuchtung, 2er Set 78cm L\u00e4nge Solarlampen f\u00fcr Au\u00dfen Garten\u2026","og_url":"https:\/\/marktxxl.de\/markt\/produkt\/solar-garten-flammen-fackeln-2-stueck-grosse-groesse-78-zentimeter-laenge-mit-96leds-wabendesign-gartenfackeln-fuer-aussen-wasserdicht-ip65-automatische-ein-aus-fuer-garten-hof-balkon-auffahrt-we\/","og_site_name":"Markt-XXL","article_modified_time":"2023-04-11T02:04:21+00:00","og_image":[{"width":500,"height":500,"url":"https:\/\/m.media-amazon.com\/images\/I\/51t2GPcJxmL._SL500_.jpg","type":"image\/jpeg"}],"twitter_card":"summary_large_image","twitter_misc":{"Gesch\u00e4tzte Lesezeit":"1\u00a0Minute"},"schema":{"@context":"https:\/\/schema.org","@graph":[{"@type":"WebPage","@id":"https:\/\/marktxxl.de\/markt\/produkt\/solar-garten-flammen-fackeln-2-stueck-grosse-groesse-78-zentimeter-laenge-mit-96leds-wabendesign-gartenfackeln-fuer-aussen-wasserdicht-ip65-automatische-ein-aus-fuer-garten-hof-balkon-auffahrt-we\/","url":"https:\/\/marktxxl.de\/markt\/produkt\/solar-garten-flammen-fackeln-2-stueck-grosse-groesse-78-zentimeter-laenge-mit-96leds-wabendesign-gartenfackeln-fuer-aussen-wasserdicht-ip65-automatische-ein-aus-fuer-garten-hof-balkon-auffahrt-we\/","name":"HOMEPROTEK 96 LEDs Solar Fackeln Flammenlicht f\u00fcr Gartenbeleuchtung, 2er Set 78cm L\u00e4nge Solarlampen f\u00fcr Au\u00dfen Garten\u2026 - Markt-XXL","isPartOf":{"@id":"https:\/\/marktxxl.de\/markt\/#website"},"primaryImageOfPage":{"@id":"https:\/\/marktxxl.de\/markt\/produkt\/solar-garten-flammen-fackeln-2-stueck-grosse-groesse-78-zentimeter-laenge-mit-96leds-wabendesign-gartenfackeln-fuer-aussen-wasserdicht-ip65-automatische-ein-aus-fuer-garten-hof-balkon-auffahrt-we\/#primaryimage"},"image":{"@id":"https:\/\/marktxxl.de\/markt\/produkt\/solar-garten-flammen-fackeln-2-stueck-grosse-groesse-78-zentimeter-laenge-mit-96leds-wabendesign-gartenfackeln-fuer-aussen-wasserdicht-ip65-automatische-ein-aus-fuer-garten-hof-balkon-auffahrt-we\/#primaryimage"},"thumbnailUrl":"https:\/\/m.media-amazon.com\/images\/I\/51t2GPcJxmL._SL500_.jpg","datePublished":"2022-06-14T04:04:26+00:00","dateModified":"2023-04-11T02:04:21+00:00","description":"Markt-XXL HOMEPROTEK 96 LEDs Solar Fackeln Flammenlicht f\u00fcr Gartenbeleuchtung, 2er Set 78cm L\u00e4nge Solarlampen f\u00fcr Au\u00dfen Garten\u2026","breadcrumb":{"@id":"https:\/\/marktxxl.de\/markt\/produkt\/solar-garten-flammen-fackeln-2-stueck-grosse-groesse-78-zentimeter-laenge-mit-96leds-wabendesign-gartenfackeln-fuer-aussen-wasserdicht-ip65-automatische-ein-aus-fuer-garten-hof-balkon-auffahrt-we\/#breadcrumb"},"inLanguage":"de","potentialAction":[{"@type":"ReadAction","target":["https:\/\/marktxxl.de\/markt\/produkt\/solar-garten-flammen-fackeln-2-stueck-grosse-groesse-78-zentimeter-laenge-mit-96leds-wabendesign-gartenfackeln-fuer-aussen-wasserdicht-ip65-automatische-ein-aus-fuer-garten-hof-balkon-auffahrt-we\/"]}]},{"@type":"ImageObject","inLanguage":"de","@id":"https:\/\/marktxxl.de\/markt\/produkt\/solar-garten-flammen-fackeln-2-stueck-grosse-groesse-78-zentimeter-laenge-mit-96leds-wabendesign-gartenfackeln-fuer-aussen-wasserdicht-ip65-automatische-ein-aus-fuer-garten-hof-balkon-auffahrt-we\/#primaryimage","url":"https:\/\/m.media-amazon.com\/images\/I\/51t2GPcJxmL._SL500_.jpg","contentUrl":"https:\/\/m.media-amazon.com\/images\/I\/51t2GPcJxmL._SL500_.jpg","width":500,"height":500},{"@type":"BreadcrumbList","@id":"https:\/\/marktxxl.de\/markt\/produkt\/solar-garten-flammen-fackeln-2-stueck-grosse-groesse-78-zentimeter-laenge-mit-96leds-wabendesign-gartenfackeln-fuer-aussen-wasserdicht-ip65-automatische-ein-aus-fuer-garten-hof-balkon-auffahrt-we\/#breadcrumb","itemListElement":[{"@type":"ListItem","position":1,"name":"Startseite","item":"https:\/\/marktxxl.de\/markt\/"},{"@type":"ListItem","position":2,"name":"Markt","item":"https:\/\/marktxxl.de\/markt\/"},{"@type":"ListItem","position":3,"name":"HOMEPROTEK 96 LEDs Solar Fackeln Flammenlicht f\u00fcr Gartenbeleuchtung, 2er Set 78cm L\u00e4nge Solarlampen f\u00fcr Au\u00dfen Garten\u2026"}]},{"@type":"WebSite","@id":"https:\/\/marktxxl.de\/markt\/#website","url":"https:\/\/marktxxl.de\/markt\/","name":"Markt-XXL","description":"Ihr Markt Online","publisher":{"@id":"https:\/\/marktxxl.de\/markt\/#organization"},"potentialAction":[{"@type":"SearchAction","target":{"@type":"EntryPoint","urlTemplate":"https:\/\/marktxxl.de\/markt\/?s={search_term_string}"},"query-input":{"@type":"PropertyValueSpecification","valueRequired":true,"valueName":"search_term_string"}}],"inLanguage":"de"},{"@type":"Organization","@id":"https:\/\/marktxxl.de\/markt\/#organization","name":"Markt-XXL","url":"https:\/\/marktxxl.de\/markt\/","logo":{"@type":"ImageObject","inLanguage":"de","@id":"https:\/\/marktxxl.de\/markt\/#\/schema\/logo\/image\/","url":"https:\/\/marktxxl.de\/markt\/wp-content\/uploads\/sites\/3\/2020\/12\/logo.png","contentUrl":"https:\/\/marktxxl.de\/markt\/wp-content\/uploads\/sites\/3\/2020\/12\/logo.png","width":200,"height":70,"caption":"Markt-XXL"},"image":{"@id":"https:\/\/marktxxl.de\/markt\/#\/schema\/logo\/image\/"}}]}},"_links":{"self":[{"href":"https:\/\/marktxxl.de\/markt\/wp-json\/wp\/v2\/product\/130741","targetHints":{"allow":["GET"]}}],"collection":[{"href":"https:\/\/marktxxl.de\/markt\/wp-json\/wp\/v2\/product"}],"about":[{"href":"https:\/\/marktxxl.de\/markt\/wp-json\/wp\/v2\/types\/product"}],"replies":[{"embeddable":true,"href":"https:\/\/marktxxl.de\/markt\/wp-json\/wp\/v2\/comments?post=130741"}],"wp:featuredmedia":[{"embeddable":true,"href":"https:\/\/marktxxl.de\/markt\/wp-json\/wp\/v2\/media\/130742"}],"wp:attachment":[{"href":"https:\/\/marktxxl.de\/markt\/wp-json\/wp\/v2\/media?parent=130741"}],"wp:term":[{"taxonomy":"product_brand","embeddable":true,"href":"https:\/\/marktxxl.de\/markt\/wp-json\/wp\/v2\/product_brand?post=130741"},{"taxonomy":"product_cat","embeddable":true,"href":"https:\/\/marktxxl.de\/markt\/wp-json\/wp\/v2\/product_cat?post=130741"},{"taxonomy":"product_tag","embeddable":true,"href":"https:\/\/marktxxl.de\/markt\/wp-json\/wp\/v2\/product_tag?post=130741"}],"curies":[{"name":"wp","href":"https:\/\/api.w.org\/{rel}","templated":true}]}}