{"id":130672,"date":"2022-06-14T06:02:07","date_gmt":"2022-06-14T04:02:07","guid":{"rendered":"https:\/\/marktxxl.de\/markt\/produkt\/ms-nature-premium-qualitaet-mentholkristalle-fuer-sauna-100-minzoel-eiskristalle-als-sauna-zubehoer-zum-inhalieren-eukalyptus-saunaaufguss-sauna-aufgussmittel\/"},"modified":"2023-04-11T04:04:20","modified_gmt":"2023-04-11T02:04:20","slug":"ms-nature-premium-qualitaet-mentholkristalle-fuer-sauna-100-minzoel-eiskristalle-als-sauna-zubehoer-zum-inhalieren-eukalyptus-saunaaufguss-sauna-aufgussmittel","status":"publish","type":"product","link":"https:\/\/marktxxl.de\/markt\/produkt\/ms-nature-premium-qualitaet-mentholkristalle-fuer-sauna-100-minzoel-eiskristalle-als-sauna-zubehoer-zum-inhalieren-eukalyptus-saunaaufguss-sauna-aufgussmittel\/","title":{"rendered":"MS Nature\u00ae &#8211; Premium Qualit\u00e4t &#8211; Mentholkristalle f\u00fcr Sauna 100% Minz\u00f6l \u2013 Eiskristalle als Sauna Zubeh\u00f6r zum Inhalieren\u2026"},"content":{"rendered":"<p>\ud83c\udf3f ANGENEHM &amp; KRAFTVOLLER DUFT \u2013 unsere Mentholkristalle von MS NATURE werden aus 100% Minz\u00f6l gewonnen und sorgen bei einem perfekten Sauna-Aufguss eine wohltuende Atmung und befreit somit die Atemwege.<br \/>\n\ud83c\udf3f IDEAL F\u00dcR JEDE ALTERSGRUPPE \u2013 Die Gesundheit eines Menschen ist heutzutage sehr wichtig, Sei es Kinder, Erwachsene oder Senioren. Die Sauna Kristalle sind somit ideal, um Ihre Gesundheit zu verbessern bzw. Aufrecht zu erhalten. (Kinder 0-3 Jahren nicht geeignet)<br \/>\n\ud83c\udf3f ERFRISCHENDE WIRKUNG \u2013 Der Minze Duft sorgt f\u00fcr ein Wellness- &amp; Urlaubserlebnis zeitgleich und hat eine positive Mitwirkung auf den K\u00f6rper und somit auf die Gesundheit.<br \/>\n\ud83c\udf3f VIELSEITIG VERWENDBAR \u2013 Die Hauptanwendung der Mentholkristalle sind bei Sauna-Aufg\u00fcssen ideal, ebenfalls ist sie auch f\u00fcr die Verwendung bei Inhalationen, Duftkerzen oder Riechs\u00e4cken bestens geeignet.<br \/>\n\ud83c\udf3f JUCKREIZ- &amp; SCHMERZLINDERNDE WIRKUNG \u2013 Als Arzneimittel wird Menthol oft bei Atemwegserkrankungen oder Sportverletzungen verwendet, allerdings sind die Mentholkristalle keine Arzneimittel. Dennoch sorgen sie f\u00fcr eine k\u00fchlende und erfrischende Atemwege, mithilfe des Minz\u00f6ls die Erkrankungen verringert werden k\u00f6nnen.<br \/>\n<div class=\"main-cross-sell\" data-asin=\"B098M11GXZ\">\n\n\t<div class=\"WooZone-cross-sell-loader\">\n\t\t<div>\n\t\t\t<div id=\"floatingBarsG\">\n\t\t\t\t<div class=\"blockG\" id=\"rotateG_01\"><\/div>\n\t\t\t\t<div class=\"blockG\" id=\"rotateG_02\"><\/div>\n\t\t\t\t<div class=\"blockG\" id=\"rotateG_03\"><\/div>\n\t\t\t\t<div class=\"blockG\" id=\"rotateG_04\"><\/div>\n\t\t\t\t<div class=\"blockG\" id=\"rotateG_05\"><\/div>\n\t\t\t\t<div class=\"blockG\" id=\"rotateG_06\"><\/div>\n\t\t\t\t<div class=\"blockG\" id=\"rotateG_07\"><\/div>\n\t\t\t\t<div class=\"blockG\" id=\"rotateG_08\"><\/div>\n\t\t\t<\/div>\n\t\t\t<div class=\"WooZone-cross-sell-loader-text\"><\/div>\n\t\t<\/div>\n\t<\/div>\n\n\t\t\n<\/div>\n<div style=\"clear:both;\"><\/div><\/p>\n","protected":false},"excerpt":{"rendered":"<p>\ud83c\udf3f ANGENEHM &amp; KRAFTVOLLER DUFT \u2013 unsere Mentholkristalle von MS NATURE werden aus 100% Minz\u00f6l gewonnen und sorgen bei einem perfekten Sauna-Aufguss eine wohltuende Atmung und befreit somit die Atemwege.<br \/>\n\ud83c\udf3f IDEAL F\u00dcR JEDE ALTERSGRUPPE \u2013 Die Gesundheit eines Menschen ist heutzutage sehr wichtig, Sei es Kinder, Erwachsene oder Senioren. Die Sauna Kristalle sind somit ideal, um Ihre Gesundheit zu verbessern bzw. Aufrecht zu erhalten. (Kinder 0-3 Jahren nicht geeignet)<br \/>\n\ud83c\udf3f ERFRISCHENDE WIRKUNG \u2013 Der Minze Duft sorgt f\u00fcr ein Wellness- &amp; Urlaubserlebnis zeitgleich und hat eine positive Mitwirkung auf den K\u00f6rper und somit auf die Gesundheit.<\/p>\n","protected":false},"featured_media":130673,"comment_status":"open","ping_status":"closed","template":"","meta":[],"product_brand":[],"product_cat":[1983,11101],"product_tag":[],"class_list":{"0":"post-130672","1":"product","2":"type-product","3":"status-publish","4":"has-post-thumbnail","6":"product_cat-baumarkt","7":"product_cat-kuechen-badinstallation","8":"pa_binding-badartikel","9":"pa_brand-ms-nature","10":"pa_manufacturer-ms-nature","11":"pa_size-50-g-1er-pack","13":"first","14":"instock","15":"shipping-taxable","16":"purchasable","17":"product-type-simple","18":"customify-col","19":"product-has-gallery"},"yoast_head":"<!-- This site is optimized with the Yoast SEO plugin v27.4 - https:\/\/yoast.com\/product\/yoast-seo-wordpress\/ -->\n<title>MS Nature\u00ae - Premium Qualit\u00e4t - Mentholkristalle f\u00fcr Sauna 100% Minz\u00f6l \u2013 Eiskristalle als Sauna Zubeh\u00f6r zum Inhalieren\u2026 - Markt-XXL<\/title>\n<meta name=\"description\" content=\"Markt-XXL MS Nature\u00ae - Premium Qualit\u00e4t - Mentholkristalle f\u00fcr Sauna 100% Minz\u00f6l \u2013 Eiskristalle als Sauna Zubeh\u00f6r zum Inhalieren\u2026\" \/>\n<meta name=\"robots\" content=\"index, follow, max-snippet:-1, max-image-preview:large, max-video-preview:-1\" \/>\n<link rel=\"canonical\" href=\"https:\/\/marktxxl.de\/markt\/produkt\/ms-nature-premium-qualitaet-mentholkristalle-fuer-sauna-100-minzoel-eiskristalle-als-sauna-zubehoer-zum-inhalieren-eukalyptus-saunaaufguss-sauna-aufgussmittel\/\" \/>\n<meta property=\"og:locale\" content=\"de_DE\" \/>\n<meta property=\"og:type\" content=\"article\" \/>\n<meta property=\"og:title\" content=\"MS Nature\u00ae - Premium Qualit\u00e4t - Mentholkristalle f\u00fcr Sauna 100% Minz\u00f6l \u2013 Eiskristalle als Sauna Zubeh\u00f6r zum Inhalieren\u2026 - Markt-XXL\" \/>\n<meta property=\"og:description\" content=\"Markt-XXL MS Nature\u00ae - Premium Qualit\u00e4t - Mentholkristalle f\u00fcr Sauna 100% Minz\u00f6l \u2013 Eiskristalle als Sauna Zubeh\u00f6r zum Inhalieren\u2026\" \/>\n<meta property=\"og:url\" content=\"https:\/\/marktxxl.de\/markt\/produkt\/ms-nature-premium-qualitaet-mentholkristalle-fuer-sauna-100-minzoel-eiskristalle-als-sauna-zubehoer-zum-inhalieren-eukalyptus-saunaaufguss-sauna-aufgussmittel\/\" \/>\n<meta property=\"og:site_name\" content=\"Markt-XXL\" \/>\n<meta property=\"article:modified_time\" content=\"2023-04-11T02:04:20+00:00\" \/>\n<meta property=\"og:image\" content=\"https:\/\/m.media-amazon.com\/images\/I\/41UBZZUfQ6L._SL500_.jpg\" \/>\n\t<meta property=\"og:image:width\" content=\"500\" \/>\n\t<meta property=\"og:image:height\" content=\"500\" \/>\n\t<meta property=\"og:image:type\" content=\"image\/jpeg\" \/>\n<meta name=\"twitter:card\" content=\"summary_large_image\" \/>\n<meta name=\"twitter:label1\" content=\"Gesch\u00e4tzte Lesezeit\" \/>\n\t<meta name=\"twitter:data1\" content=\"1\u00a0Minute\" \/>\n<script type=\"application\/ld+json\" class=\"yoast-schema-graph\">{\"@context\":\"https:\\\/\\\/schema.org\",\"@graph\":[{\"@type\":\"WebPage\",\"@id\":\"https:\\\/\\\/marktxxl.de\\\/markt\\\/produkt\\\/ms-nature-premium-qualitaet-mentholkristalle-fuer-sauna-100-minzoel-eiskristalle-als-sauna-zubehoer-zum-inhalieren-eukalyptus-saunaaufguss-sauna-aufgussmittel\\\/\",\"url\":\"https:\\\/\\\/marktxxl.de\\\/markt\\\/produkt\\\/ms-nature-premium-qualitaet-mentholkristalle-fuer-sauna-100-minzoel-eiskristalle-als-sauna-zubehoer-zum-inhalieren-eukalyptus-saunaaufguss-sauna-aufgussmittel\\\/\",\"name\":\"MS Nature\u00ae - Premium Qualit\u00e4t - Mentholkristalle f\u00fcr Sauna 100% Minz\u00f6l \u2013 Eiskristalle als Sauna Zubeh\u00f6r zum Inhalieren\u2026 - Markt-XXL\",\"isPartOf\":{\"@id\":\"https:\\\/\\\/marktxxl.de\\\/markt\\\/#website\"},\"primaryImageOfPage\":{\"@id\":\"https:\\\/\\\/marktxxl.de\\\/markt\\\/produkt\\\/ms-nature-premium-qualitaet-mentholkristalle-fuer-sauna-100-minzoel-eiskristalle-als-sauna-zubehoer-zum-inhalieren-eukalyptus-saunaaufguss-sauna-aufgussmittel\\\/#primaryimage\"},\"image\":{\"@id\":\"https:\\\/\\\/marktxxl.de\\\/markt\\\/produkt\\\/ms-nature-premium-qualitaet-mentholkristalle-fuer-sauna-100-minzoel-eiskristalle-als-sauna-zubehoer-zum-inhalieren-eukalyptus-saunaaufguss-sauna-aufgussmittel\\\/#primaryimage\"},\"thumbnailUrl\":\"https:\\\/\\\/m.media-amazon.com\\\/images\\\/I\\\/41UBZZUfQ6L._SL500_.jpg\",\"datePublished\":\"2022-06-14T04:02:07+00:00\",\"dateModified\":\"2023-04-11T02:04:20+00:00\",\"description\":\"Markt-XXL MS Nature\u00ae - Premium Qualit\u00e4t - Mentholkristalle f\u00fcr Sauna 100% Minz\u00f6l \u2013 Eiskristalle als Sauna Zubeh\u00f6r zum Inhalieren\u2026\",\"breadcrumb\":{\"@id\":\"https:\\\/\\\/marktxxl.de\\\/markt\\\/produkt\\\/ms-nature-premium-qualitaet-mentholkristalle-fuer-sauna-100-minzoel-eiskristalle-als-sauna-zubehoer-zum-inhalieren-eukalyptus-saunaaufguss-sauna-aufgussmittel\\\/#breadcrumb\"},\"inLanguage\":\"de\",\"potentialAction\":[{\"@type\":\"ReadAction\",\"target\":[\"https:\\\/\\\/marktxxl.de\\\/markt\\\/produkt\\\/ms-nature-premium-qualitaet-mentholkristalle-fuer-sauna-100-minzoel-eiskristalle-als-sauna-zubehoer-zum-inhalieren-eukalyptus-saunaaufguss-sauna-aufgussmittel\\\/\"]}]},{\"@type\":\"ImageObject\",\"inLanguage\":\"de\",\"@id\":\"https:\\\/\\\/marktxxl.de\\\/markt\\\/produkt\\\/ms-nature-premium-qualitaet-mentholkristalle-fuer-sauna-100-minzoel-eiskristalle-als-sauna-zubehoer-zum-inhalieren-eukalyptus-saunaaufguss-sauna-aufgussmittel\\\/#primaryimage\",\"url\":\"https:\\\/\\\/m.media-amazon.com\\\/images\\\/I\\\/41UBZZUfQ6L._SL500_.jpg\",\"contentUrl\":\"https:\\\/\\\/m.media-amazon.com\\\/images\\\/I\\\/41UBZZUfQ6L._SL500_.jpg\",\"width\":500,\"height\":500},{\"@type\":\"BreadcrumbList\",\"@id\":\"https:\\\/\\\/marktxxl.de\\\/markt\\\/produkt\\\/ms-nature-premium-qualitaet-mentholkristalle-fuer-sauna-100-minzoel-eiskristalle-als-sauna-zubehoer-zum-inhalieren-eukalyptus-saunaaufguss-sauna-aufgussmittel\\\/#breadcrumb\",\"itemListElement\":[{\"@type\":\"ListItem\",\"position\":1,\"name\":\"Startseite\",\"item\":\"https:\\\/\\\/marktxxl.de\\\/markt\\\/\"},{\"@type\":\"ListItem\",\"position\":2,\"name\":\"Markt\",\"item\":\"https:\\\/\\\/marktxxl.de\\\/markt\\\/\"},{\"@type\":\"ListItem\",\"position\":3,\"name\":\"MS Nature\u00ae &#8211; Premium Qualit\u00e4t &#8211; Mentholkristalle f\u00fcr Sauna 100% Minz\u00f6l \u2013 Eiskristalle als Sauna Zubeh\u00f6r zum Inhalieren\u2026\"}]},{\"@type\":\"WebSite\",\"@id\":\"https:\\\/\\\/marktxxl.de\\\/markt\\\/#website\",\"url\":\"https:\\\/\\\/marktxxl.de\\\/markt\\\/\",\"name\":\"Markt-XXL\",\"description\":\"Ihr Markt Online\",\"publisher\":{\"@id\":\"https:\\\/\\\/marktxxl.de\\\/markt\\\/#organization\"},\"potentialAction\":[{\"@type\":\"SearchAction\",\"target\":{\"@type\":\"EntryPoint\",\"urlTemplate\":\"https:\\\/\\\/marktxxl.de\\\/markt\\\/?s={search_term_string}\"},\"query-input\":{\"@type\":\"PropertyValueSpecification\",\"valueRequired\":true,\"valueName\":\"search_term_string\"}}],\"inLanguage\":\"de\"},{\"@type\":\"Organization\",\"@id\":\"https:\\\/\\\/marktxxl.de\\\/markt\\\/#organization\",\"name\":\"Markt-XXL\",\"url\":\"https:\\\/\\\/marktxxl.de\\\/markt\\\/\",\"logo\":{\"@type\":\"ImageObject\",\"inLanguage\":\"de\",\"@id\":\"https:\\\/\\\/marktxxl.de\\\/markt\\\/#\\\/schema\\\/logo\\\/image\\\/\",\"url\":\"https:\\\/\\\/marktxxl.de\\\/markt\\\/wp-content\\\/uploads\\\/sites\\\/3\\\/2020\\\/12\\\/logo.png\",\"contentUrl\":\"https:\\\/\\\/marktxxl.de\\\/markt\\\/wp-content\\\/uploads\\\/sites\\\/3\\\/2020\\\/12\\\/logo.png\",\"width\":200,\"height\":70,\"caption\":\"Markt-XXL\"},\"image\":{\"@id\":\"https:\\\/\\\/marktxxl.de\\\/markt\\\/#\\\/schema\\\/logo\\\/image\\\/\"}}]}<\/script>\n<!-- \/ Yoast SEO plugin. -->","yoast_head_json":{"title":"MS Nature\u00ae - Premium Qualit\u00e4t - Mentholkristalle f\u00fcr Sauna 100% Minz\u00f6l \u2013 Eiskristalle als Sauna Zubeh\u00f6r zum Inhalieren\u2026 - Markt-XXL","description":"Markt-XXL MS Nature\u00ae - Premium Qualit\u00e4t - Mentholkristalle f\u00fcr Sauna 100% Minz\u00f6l \u2013 Eiskristalle als Sauna Zubeh\u00f6r zum Inhalieren\u2026","robots":{"index":"index","follow":"follow","max-snippet":"max-snippet:-1","max-image-preview":"max-image-preview:large","max-video-preview":"max-video-preview:-1"},"canonical":"https:\/\/marktxxl.de\/markt\/produkt\/ms-nature-premium-qualitaet-mentholkristalle-fuer-sauna-100-minzoel-eiskristalle-als-sauna-zubehoer-zum-inhalieren-eukalyptus-saunaaufguss-sauna-aufgussmittel\/","og_locale":"de_DE","og_type":"article","og_title":"MS Nature\u00ae - Premium Qualit\u00e4t - Mentholkristalle f\u00fcr Sauna 100% Minz\u00f6l \u2013 Eiskristalle als Sauna Zubeh\u00f6r zum Inhalieren\u2026 - Markt-XXL","og_description":"Markt-XXL MS Nature\u00ae - Premium Qualit\u00e4t - Mentholkristalle f\u00fcr Sauna 100% Minz\u00f6l \u2013 Eiskristalle als Sauna Zubeh\u00f6r zum Inhalieren\u2026","og_url":"https:\/\/marktxxl.de\/markt\/produkt\/ms-nature-premium-qualitaet-mentholkristalle-fuer-sauna-100-minzoel-eiskristalle-als-sauna-zubehoer-zum-inhalieren-eukalyptus-saunaaufguss-sauna-aufgussmittel\/","og_site_name":"Markt-XXL","article_modified_time":"2023-04-11T02:04:20+00:00","og_image":[{"width":500,"height":500,"url":"https:\/\/m.media-amazon.com\/images\/I\/41UBZZUfQ6L._SL500_.jpg","type":"image\/jpeg"}],"twitter_card":"summary_large_image","twitter_misc":{"Gesch\u00e4tzte Lesezeit":"1\u00a0Minute"},"schema":{"@context":"https:\/\/schema.org","@graph":[{"@type":"WebPage","@id":"https:\/\/marktxxl.de\/markt\/produkt\/ms-nature-premium-qualitaet-mentholkristalle-fuer-sauna-100-minzoel-eiskristalle-als-sauna-zubehoer-zum-inhalieren-eukalyptus-saunaaufguss-sauna-aufgussmittel\/","url":"https:\/\/marktxxl.de\/markt\/produkt\/ms-nature-premium-qualitaet-mentholkristalle-fuer-sauna-100-minzoel-eiskristalle-als-sauna-zubehoer-zum-inhalieren-eukalyptus-saunaaufguss-sauna-aufgussmittel\/","name":"MS Nature\u00ae - Premium Qualit\u00e4t - Mentholkristalle f\u00fcr Sauna 100% Minz\u00f6l \u2013 Eiskristalle als Sauna Zubeh\u00f6r zum Inhalieren\u2026 - Markt-XXL","isPartOf":{"@id":"https:\/\/marktxxl.de\/markt\/#website"},"primaryImageOfPage":{"@id":"https:\/\/marktxxl.de\/markt\/produkt\/ms-nature-premium-qualitaet-mentholkristalle-fuer-sauna-100-minzoel-eiskristalle-als-sauna-zubehoer-zum-inhalieren-eukalyptus-saunaaufguss-sauna-aufgussmittel\/#primaryimage"},"image":{"@id":"https:\/\/marktxxl.de\/markt\/produkt\/ms-nature-premium-qualitaet-mentholkristalle-fuer-sauna-100-minzoel-eiskristalle-als-sauna-zubehoer-zum-inhalieren-eukalyptus-saunaaufguss-sauna-aufgussmittel\/#primaryimage"},"thumbnailUrl":"https:\/\/m.media-amazon.com\/images\/I\/41UBZZUfQ6L._SL500_.jpg","datePublished":"2022-06-14T04:02:07+00:00","dateModified":"2023-04-11T02:04:20+00:00","description":"Markt-XXL MS Nature\u00ae - Premium Qualit\u00e4t - Mentholkristalle f\u00fcr Sauna 100% Minz\u00f6l \u2013 Eiskristalle als Sauna Zubeh\u00f6r zum Inhalieren\u2026","breadcrumb":{"@id":"https:\/\/marktxxl.de\/markt\/produkt\/ms-nature-premium-qualitaet-mentholkristalle-fuer-sauna-100-minzoel-eiskristalle-als-sauna-zubehoer-zum-inhalieren-eukalyptus-saunaaufguss-sauna-aufgussmittel\/#breadcrumb"},"inLanguage":"de","potentialAction":[{"@type":"ReadAction","target":["https:\/\/marktxxl.de\/markt\/produkt\/ms-nature-premium-qualitaet-mentholkristalle-fuer-sauna-100-minzoel-eiskristalle-als-sauna-zubehoer-zum-inhalieren-eukalyptus-saunaaufguss-sauna-aufgussmittel\/"]}]},{"@type":"ImageObject","inLanguage":"de","@id":"https:\/\/marktxxl.de\/markt\/produkt\/ms-nature-premium-qualitaet-mentholkristalle-fuer-sauna-100-minzoel-eiskristalle-als-sauna-zubehoer-zum-inhalieren-eukalyptus-saunaaufguss-sauna-aufgussmittel\/#primaryimage","url":"https:\/\/m.media-amazon.com\/images\/I\/41UBZZUfQ6L._SL500_.jpg","contentUrl":"https:\/\/m.media-amazon.com\/images\/I\/41UBZZUfQ6L._SL500_.jpg","width":500,"height":500},{"@type":"BreadcrumbList","@id":"https:\/\/marktxxl.de\/markt\/produkt\/ms-nature-premium-qualitaet-mentholkristalle-fuer-sauna-100-minzoel-eiskristalle-als-sauna-zubehoer-zum-inhalieren-eukalyptus-saunaaufguss-sauna-aufgussmittel\/#breadcrumb","itemListElement":[{"@type":"ListItem","position":1,"name":"Startseite","item":"https:\/\/marktxxl.de\/markt\/"},{"@type":"ListItem","position":2,"name":"Markt","item":"https:\/\/marktxxl.de\/markt\/"},{"@type":"ListItem","position":3,"name":"MS Nature\u00ae &#8211; Premium Qualit\u00e4t &#8211; Mentholkristalle f\u00fcr Sauna 100% Minz\u00f6l \u2013 Eiskristalle als Sauna Zubeh\u00f6r zum Inhalieren\u2026"}]},{"@type":"WebSite","@id":"https:\/\/marktxxl.de\/markt\/#website","url":"https:\/\/marktxxl.de\/markt\/","name":"Markt-XXL","description":"Ihr Markt Online","publisher":{"@id":"https:\/\/marktxxl.de\/markt\/#organization"},"potentialAction":[{"@type":"SearchAction","target":{"@type":"EntryPoint","urlTemplate":"https:\/\/marktxxl.de\/markt\/?s={search_term_string}"},"query-input":{"@type":"PropertyValueSpecification","valueRequired":true,"valueName":"search_term_string"}}],"inLanguage":"de"},{"@type":"Organization","@id":"https:\/\/marktxxl.de\/markt\/#organization","name":"Markt-XXL","url":"https:\/\/marktxxl.de\/markt\/","logo":{"@type":"ImageObject","inLanguage":"de","@id":"https:\/\/marktxxl.de\/markt\/#\/schema\/logo\/image\/","url":"https:\/\/marktxxl.de\/markt\/wp-content\/uploads\/sites\/3\/2020\/12\/logo.png","contentUrl":"https:\/\/marktxxl.de\/markt\/wp-content\/uploads\/sites\/3\/2020\/12\/logo.png","width":200,"height":70,"caption":"Markt-XXL"},"image":{"@id":"https:\/\/marktxxl.de\/markt\/#\/schema\/logo\/image\/"}}]}},"_links":{"self":[{"href":"https:\/\/marktxxl.de\/markt\/wp-json\/wp\/v2\/product\/130672","targetHints":{"allow":["GET"]}}],"collection":[{"href":"https:\/\/marktxxl.de\/markt\/wp-json\/wp\/v2\/product"}],"about":[{"href":"https:\/\/marktxxl.de\/markt\/wp-json\/wp\/v2\/types\/product"}],"replies":[{"embeddable":true,"href":"https:\/\/marktxxl.de\/markt\/wp-json\/wp\/v2\/comments?post=130672"}],"wp:featuredmedia":[{"embeddable":true,"href":"https:\/\/marktxxl.de\/markt\/wp-json\/wp\/v2\/media\/130673"}],"wp:attachment":[{"href":"https:\/\/marktxxl.de\/markt\/wp-json\/wp\/v2\/media?parent=130672"}],"wp:term":[{"taxonomy":"product_brand","embeddable":true,"href":"https:\/\/marktxxl.de\/markt\/wp-json\/wp\/v2\/product_brand?post=130672"},{"taxonomy":"product_cat","embeddable":true,"href":"https:\/\/marktxxl.de\/markt\/wp-json\/wp\/v2\/product_cat?post=130672"},{"taxonomy":"product_tag","embeddable":true,"href":"https:\/\/marktxxl.de\/markt\/wp-json\/wp\/v2\/product_tag?post=130672"}],"curies":[{"name":"wp","href":"https:\/\/api.w.org\/{rel}","templated":true}]}}